{"id":59747,"date":"2021-02-05T16:07:55","date_gmt":"2021-02-05T21:07:55","guid":{"rendered":"http:\/\/xactskateshop.com\/product\/coussinets-bones-swiss-16-paquets-8mm\/"},"modified":"2021-02-05T16:07:55","modified_gmt":"2021-02-05T21:07:55","slug":"coussinets-bones-swiss-16-paquets-8mm","status":"publish","type":"product","link":"https:\/\/xactskateshop.com\/fr\/produit\/coussinets-bones-swiss-16-paquets-8mm\/","title":{"rendered":"Coussinets BONES SWISS &#8211; 16 paquets &#8211; 8mm"},"content":{"rendered":"<h2>Coussinets BONES SWISS &#8211; 16 paquets &#8211; 8mm<\/h2>\n<p>Les l\u00e9gendaires roulements Original Bones\u00ae Swiss Bearings sont la combinaison optimale de la conception Bones Skate Rated\u2122 et de la fabrication de pr\u00e9cision suisse, cr\u00e9ant ainsi la norme par laquelle tous les autres roulements sont mesur\u00e9s. Depuis plus de 36 ans, les meilleurs patineurs professionnels du monde le pr\u00e9f\u00e8rent. La vitesse et la durabilit\u00e9 \u00e9prouv\u00e9es, de niveau comp\u00e9tition professionnelle, font que les <a href=\"https:\/\/bonesbearings.com\/support\/abec\/\">roulements Bones Swiss durent normalement plusieurs fois plus longtemps que les roulements ordinaires de niveau ABEC.<\/a> Fabriqu\u00e9 en Suisse.<\/p>\n<h3><\/h3>\n<h3><strong>Caract\u00e9ristiques<\/strong><\/h3>\n<ul>\n<li>Un seul bouclier en caoutchouc, amovible et sans contact, facilite le nettoyage et r\u00e9duit les frottements.<\/li>\n<li>Le dispositif de retenue des billes en nylon haute vitesse offre une r\u00e9sistance et une rapidit\u00e9 accrues.<\/li>\n<li>Pr\u00e9-lubrifi\u00e9 avec le lubrifiant de course <a href=\"http:\/\/xactskateshop.com\/product\/bones-speed-cream\/\">Speed Cream<\/a> <\/li>\n<li><a href=\"https:\/\/bonesbearings.com\/support\/skate-rated\/\">Skate Rated<\/a>; les jeux, les tol\u00e9rances, les mat\u00e9riaux et le lubrifiant permettent d&#8217;obtenir les meilleures performances et la meilleure long\u00e9vit\u00e9 possibles.<\/li>\n<li>Le roulement de patin haut de gamme le plus vendu aux \u00c9tats-Unis.<\/li>\n<\/ul>\n<h3><strong>Contenu<\/strong><\/h3>\n<ul>\n<li>Jeu de 16 roulements<\/li>\n<li>Instructions<\/li>\n<li>Autocollant<\/li>\n<\/ul>\n<h3><\/h3>\n<h3>Skate Rated\u2122<\/h3>\n<p>Depuis le d\u00e9but de l&#8217;ann\u00e9e 2018, toutes les bo\u00eetes de Bones Bearings sont accompagn\u00e9es de notre autocollant Skate Rated. Pour \u00eatre s\u00fbr d&#8217;acheter des roulements \u00e0 billes authentiques, assurez-vous d&#8217;acheter uniquement aupr\u00e8s de revendeurs agr\u00e9\u00e9s de roulements \u00e0 billes, et recherchez toujours notre autocollant Skate Rated sur CHAQUE bo\u00eete.   <span style=\"font-size: 16px;\">L&#8217;un de ces autocollants se trouve sur les Bones REDS et les Bones BIG BALLS REDS.<\/span><\/p>\n<div>\n<p>Notre premi\u00e8re pr\u00e9occupation est toujours votre enti\u00e8re satisfaction \u00e0 l&#8217;\u00e9gard de votre produit Bones Bearings. Nous nous donnons beaucoup de mal pour nous assurer que vous obtenez les meilleurs produits et le meilleur service avant et apr\u00e8s-vente. Pour ces raisons, nous vous conseillons vivement de n&#8217;acheter les produits Bones Bearings qu&#8217;aupr\u00e8s de revendeurs agr\u00e9\u00e9s Bones Bearings.  <\/p>\n<\/div>\n","protected":false},"excerpt":{"rendered":"<hr>\n<p style=\"text-align: center;\">Les l\u00e9gendaires roulements Original Bones\u00ae Swiss Bearings sont la combinaison optimale de la conception Bones Skate Rated\u2122 et de la fabrication de pr\u00e9cision suisse, cr\u00e9ant ainsi la norme par laquelle tous les autres roulements sont mesur\u00e9s. Depuis plus de 36 ans, les meilleurs patineurs professionnels du monde le pr\u00e9f\u00e8rent. La vitesse et la durabilit\u00e9 \u00e9prouv\u00e9es, de niveau comp\u00e9tition professionnelle, font que les roulements Bones Swiss durent normalement plusieurs fois plus longtemps que les roulements ordinaires de niveau ABEC. Fabriqu\u00e9 en Suisse.<\/p>\n<hr>\n<p style=\"text-align: center;\">\n","protected":false},"featured_media":44042,"comment_status":"closed","ping_status":"closed","template":"","meta":{"site-sidebar-layout":"default","site-content-layout":"default","ast-site-content-layout":"default","site-content-style":"default","site-sidebar-style":"default","ast-global-header-display":"","ast-banner-title-visibility":"","ast-main-header-display":"","ast-hfb-above-header-display":"","ast-hfb-below-header-display":"","ast-hfb-mobile-header-display":"","site-post-title":"","ast-breadcrumbs-content":"","ast-featured-img":"","footer-sml-layout":"","theme-transparent-header-meta":"default","adv-header-id-meta":"","stick-header-meta":"","header-above-stick-meta":"","header-main-stick-meta":"","header-below-stick-meta":"","astra-migrate-meta-layouts":"default","ast-page-background-enabled":"default","ast-page-background-meta":{"desktop":{"background-color":"","background-image":"","background-repeat":"repeat","background-position":"center center","background-size":"auto","background-attachment":"scroll","background-type":"","background-media":"","overlay-type":"","overlay-color":"","overlay-opacity":"","overlay-gradient":""},"tablet":{"background-color":"","background-image":"","background-repeat":"repeat","background-position":"center center","background-size":"auto","background-attachment":"scroll","background-type":"","background-media":"","overlay-type":"","overlay-color":"","overlay-opacity":"","overlay-gradient":""},"mobile":{"background-color":"","background-image":"","background-repeat":"repeat","background-position":"center center","background-size":"auto","background-attachment":"scroll","background-type":"","background-media":"","overlay-type":"","overlay-color":"","overlay-opacity":"","overlay-gradient":""}},"ast-content-background-meta":{"desktop":{"background-color":"var(--ast-global-color-5)","background-image":"","background-repeat":"repeat","background-position":"center center","background-size":"auto","background-attachment":"scroll","background-type":"","background-media":"","overlay-type":"","overlay-color":"","overlay-opacity":"","overlay-gradient":""},"tablet":{"background-color":"var(--ast-global-color-5)","background-image":"","background-repeat":"repeat","background-position":"center center","background-size":"auto","background-attachment":"scroll","background-type":"","background-media":"","overlay-type":"","overlay-color":"","overlay-opacity":"","overlay-gradient":""},"mobile":{"background-color":"var(--ast-global-color-5)","background-image":"","background-repeat":"repeat","background-position":"center center","background-size":"auto","background-attachment":"scroll","background-type":"","background-media":"","overlay-type":"","overlay-color":"","overlay-opacity":"","overlay-gradient":""}}},"product_brand":[],"product_cat":[1736,1739],"product_tag":[1741,1742,1768,1770,1740,1769],"class_list":{"0":"post-59747","1":"product","2":"type-product","3":"status-publish","4":"has-post-thumbnail","6":"product_cat-roulements-et-outils-dentretien-2","7":"product_cat-roulements-et-outils-dentretien-fr-3","8":"product_tag-les-meilleurs-roulements","9":"product_tag-paliers-osseux","10":"product_tag-patins-a-roulettes","11":"product_tag-roulements-bones-swiss","12":"product_tag-roulements-de-patins","13":"product_tag-roulements-suisses","14":"desktop-align-center","15":"tablet-align-center","16":"mobile-align-center","17":"ast-product-gallery-layout-horizontal","18":"ast-product-gallery-with-no-image","19":"ast-product-tabs-layout-horizontal","20":"ast-qv-on-image","22":"first","23":"instock","24":"sale","25":"taxable","26":"shipping-taxable","27":"purchasable","28":"product-type-simple"},"bundled_by":[],"bundle_stock_status":"instock","bundle_stock_quantity":15,"bundle_virtual":false,"bundle_layout":"","bundle_add_to_cart_form_location":"","bundle_editable_in_cart":false,"bundle_sold_individually_context":"","bundle_item_grouping":"","bundle_min_size":"","bundle_max_size":"","bundle_price":[],"bundled_items":[],"bundle_sell_ids":[],"yoast_head":"<!-- This site is optimized with the Yoast SEO plugin v27.4 - https:\/\/yoast.com\/product\/yoast-seo-wordpress\/ -->\n<title>Coussinets BONES SWISS - 16 paquets - 8mm - Xact Skate Shop<\/title>\n<meta name=\"description\" content=\"Les roulements BONES SWISS sont la combinaison optimale du design Bones Skate Rated\u2122 et de la fabrication de pr\u00e9cision suisse, cr\u00e9ant ainsi la norme !\" \/>\n<meta name=\"robots\" content=\"index, follow, max-snippet:-1, max-image-preview:large, max-video-preview:-1\" \/>\n<link rel=\"canonical\" href=\"https:\/\/xactskateshop.com\/fr\/produit\/coussinets-bones-swiss-16-paquets-8mm\/\" \/>\n<meta property=\"og:locale\" content=\"fr_FR\" \/>\n<meta property=\"og:type\" content=\"article\" \/>\n<meta property=\"og:title\" content=\"Coussinets BONES SWISS - 16 paquets - 8mm - Xact Skate Shop\" \/>\n<meta property=\"og:description\" content=\"Les roulements BONES SWISS sont la combinaison optimale du design Bones Skate Rated\u2122 et de la fabrication de pr\u00e9cision suisse, cr\u00e9ant ainsi la norme !\" \/>\n<meta property=\"og:url\" content=\"https:\/\/xactskateshop.com\/fr\/produit\/coussinets-bones-swiss-16-paquets-8mm\/\" \/>\n<meta property=\"og:site_name\" content=\"Xact Skate Shop\" \/>\n<meta property=\"article:publisher\" content=\"https:\/\/www.facebook.com\/JeanLouiskateshop\" \/>\n<meta property=\"og:image\" content=\"https:\/\/xactskateshop.com\/wp-content\/uploads\/2021\/02\/swiss.jpg\" \/>\n\t<meta property=\"og:image:width\" content=\"1000\" \/>\n\t<meta property=\"og:image:height\" content=\"1000\" \/>\n\t<meta property=\"og:image:type\" content=\"image\/jpeg\" \/>\n<meta name=\"twitter:card\" content=\"summary_large_image\" \/>\n<meta name=\"twitter:label1\" content=\"Dur\u00e9e de lecture estim\u00e9e\" \/>\n\t<meta name=\"twitter:data1\" content=\"2 minutes\" \/>\n<script type=\"application\/ld+json\" class=\"yoast-schema-graph\">{\"@context\":\"https:\\\/\\\/schema.org\",\"@graph\":[{\"@type\":\"WebPage\",\"@id\":\"https:\\\/\\\/xactskateshop.com\\\/fr\\\/produit\\\/coussinets-bones-swiss-16-paquets-8mm\\\/\",\"url\":\"https:\\\/\\\/xactskateshop.com\\\/fr\\\/produit\\\/coussinets-bones-swiss-16-paquets-8mm\\\/\",\"name\":\"Coussinets BONES SWISS - 16 paquets - 8mm - Xact Skate Shop\",\"isPartOf\":{\"@id\":\"http:\\\/\\\/xactskateshop.com\\\/fr\\\/#website\"},\"primaryImageOfPage\":{\"@id\":\"https:\\\/\\\/xactskateshop.com\\\/fr\\\/produit\\\/coussinets-bones-swiss-16-paquets-8mm\\\/#primaryimage\"},\"image\":{\"@id\":\"https:\\\/\\\/xactskateshop.com\\\/fr\\\/produit\\\/coussinets-bones-swiss-16-paquets-8mm\\\/#primaryimage\"},\"thumbnailUrl\":\"https:\\\/\\\/xactskateshop.com\\\/wp-content\\\/uploads\\\/2021\\\/02\\\/swiss.jpg\",\"datePublished\":\"2021-02-05T21:07:55+00:00\",\"description\":\"Les roulements BONES SWISS sont la combinaison optimale du design Bones Skate Rated\u2122 et de la fabrication de pr\u00e9cision suisse, cr\u00e9ant ainsi la norme !\",\"breadcrumb\":{\"@id\":\"https:\\\/\\\/xactskateshop.com\\\/fr\\\/produit\\\/coussinets-bones-swiss-16-paquets-8mm\\\/#breadcrumb\"},\"inLanguage\":\"fr-FR\",\"potentialAction\":[{\"@type\":\"ReadAction\",\"target\":[\"https:\\\/\\\/xactskateshop.com\\\/fr\\\/produit\\\/coussinets-bones-swiss-16-paquets-8mm\\\/\"]}]},{\"@type\":\"ImageObject\",\"inLanguage\":\"fr-FR\",\"@id\":\"https:\\\/\\\/xactskateshop.com\\\/fr\\\/produit\\\/coussinets-bones-swiss-16-paquets-8mm\\\/#primaryimage\",\"url\":\"https:\\\/\\\/xactskateshop.com\\\/wp-content\\\/uploads\\\/2021\\\/02\\\/swiss.jpg\",\"contentUrl\":\"https:\\\/\\\/xactskateshop.com\\\/wp-content\\\/uploads\\\/2021\\\/02\\\/swiss.jpg\",\"width\":1000,\"height\":1000,\"caption\":\"Coussinets BONES SWISS - 16 paquets - 8mm\"},{\"@type\":\"BreadcrumbList\",\"@id\":\"https:\\\/\\\/xactskateshop.com\\\/fr\\\/produit\\\/coussinets-bones-swiss-16-paquets-8mm\\\/#breadcrumb\",\"itemListElement\":[{\"@type\":\"ListItem\",\"position\":1,\"name\":\"Home\",\"item\":\"https:\\\/\\\/xactskateshop.com\\\/fr\\\/accueil\\\/\"},{\"@type\":\"ListItem\",\"position\":2,\"name\":\"Boutique\",\"item\":\"https:\\\/\\\/xactskateshop.com\\\/shop\\\/\"},{\"@type\":\"ListItem\",\"position\":3,\"name\":\"Coussinets BONES SWISS &#8211; 16 paquets &#8211; 8mm\"}]},{\"@type\":\"WebSite\",\"@id\":\"http:\\\/\\\/xactskateshop.com\\\/fr\\\/#website\",\"url\":\"http:\\\/\\\/xactskateshop.com\\\/fr\\\/\",\"name\":\"Xact Skate Shop\",\"description\":\"Un site utilisant WordPress\",\"publisher\":{\"@id\":\"http:\\\/\\\/xactskateshop.com\\\/fr\\\/#organization\"},\"potentialAction\":[{\"@type\":\"SearchAction\",\"target\":{\"@type\":\"EntryPoint\",\"urlTemplate\":\"http:\\\/\\\/xactskateshop.com\\\/fr\\\/?s={search_term_string}\"},\"query-input\":{\"@type\":\"PropertyValueSpecification\",\"valueRequired\":true,\"valueName\":\"search_term_string\"}}],\"inLanguage\":\"fr-FR\"},{\"@type\":\"Organization\",\"@id\":\"http:\\\/\\\/xactskateshop.com\\\/fr\\\/#organization\",\"name\":\"XACT Skate Shop\",\"url\":\"http:\\\/\\\/xactskateshop.com\\\/fr\\\/\",\"logo\":{\"@type\":\"ImageObject\",\"inLanguage\":\"fr-FR\",\"@id\":\"http:\\\/\\\/xactskateshop.com\\\/fr\\\/#\\\/schema\\\/logo\\\/image\\\/\",\"url\":\"http:\\\/\\\/xactskateshop.com\\\/wp-content\\\/uploads\\\/2024\\\/04\\\/xactskateshop-dot-com-avec-contour-noir-sans-fond-675x.jpg\",\"contentUrl\":\"http:\\\/\\\/xactskateshop.com\\\/wp-content\\\/uploads\\\/2024\\\/04\\\/xactskateshop-dot-com-avec-contour-noir-sans-fond-675x.jpg\",\"width\":675,\"height\":247,\"caption\":\"XACT Skate Shop\"},\"image\":{\"@id\":\"http:\\\/\\\/xactskateshop.com\\\/fr\\\/#\\\/schema\\\/logo\\\/image\\\/\"},\"sameAs\":[\"https:\\\/\\\/www.facebook.com\\\/JeanLouiskateshop\"]}]}<\/script>\n<!-- \/ Yoast SEO plugin. -->","yoast_head_json":{"title":"Coussinets BONES SWISS - 16 paquets - 8mm - Xact Skate Shop","description":"Les roulements BONES SWISS sont la combinaison optimale du design Bones Skate Rated\u2122 et de la fabrication de pr\u00e9cision suisse, cr\u00e9ant ainsi la norme !","robots":{"index":"index","follow":"follow","max-snippet":"max-snippet:-1","max-image-preview":"max-image-preview:large","max-video-preview":"max-video-preview:-1"},"canonical":"https:\/\/xactskateshop.com\/fr\/produit\/coussinets-bones-swiss-16-paquets-8mm\/","og_locale":"fr_FR","og_type":"article","og_title":"Coussinets BONES SWISS - 16 paquets - 8mm - Xact Skate Shop","og_description":"Les roulements BONES SWISS sont la combinaison optimale du design Bones Skate Rated\u2122 et de la fabrication de pr\u00e9cision suisse, cr\u00e9ant ainsi la norme !","og_url":"https:\/\/xactskateshop.com\/fr\/produit\/coussinets-bones-swiss-16-paquets-8mm\/","og_site_name":"Xact Skate Shop","article_publisher":"https:\/\/www.facebook.com\/JeanLouiskateshop","og_image":[{"width":1000,"height":1000,"url":"https:\/\/xactskateshop.com\/wp-content\/uploads\/2021\/02\/swiss.jpg","type":"image\/jpeg"}],"twitter_card":"summary_large_image","twitter_misc":{"Dur\u00e9e de lecture estim\u00e9e":"2 minutes"},"schema":{"@context":"https:\/\/schema.org","@graph":[{"@type":"WebPage","@id":"https:\/\/xactskateshop.com\/fr\/produit\/coussinets-bones-swiss-16-paquets-8mm\/","url":"https:\/\/xactskateshop.com\/fr\/produit\/coussinets-bones-swiss-16-paquets-8mm\/","name":"Coussinets BONES SWISS - 16 paquets - 8mm - Xact Skate Shop","isPartOf":{"@id":"http:\/\/xactskateshop.com\/fr\/#website"},"primaryImageOfPage":{"@id":"https:\/\/xactskateshop.com\/fr\/produit\/coussinets-bones-swiss-16-paquets-8mm\/#primaryimage"},"image":{"@id":"https:\/\/xactskateshop.com\/fr\/produit\/coussinets-bones-swiss-16-paquets-8mm\/#primaryimage"},"thumbnailUrl":"https:\/\/xactskateshop.com\/wp-content\/uploads\/2021\/02\/swiss.jpg","datePublished":"2021-02-05T21:07:55+00:00","description":"Les roulements BONES SWISS sont la combinaison optimale du design Bones Skate Rated\u2122 et de la fabrication de pr\u00e9cision suisse, cr\u00e9ant ainsi la norme !","breadcrumb":{"@id":"https:\/\/xactskateshop.com\/fr\/produit\/coussinets-bones-swiss-16-paquets-8mm\/#breadcrumb"},"inLanguage":"fr-FR","potentialAction":[{"@type":"ReadAction","target":["https:\/\/xactskateshop.com\/fr\/produit\/coussinets-bones-swiss-16-paquets-8mm\/"]}]},{"@type":"ImageObject","inLanguage":"fr-FR","@id":"https:\/\/xactskateshop.com\/fr\/produit\/coussinets-bones-swiss-16-paquets-8mm\/#primaryimage","url":"https:\/\/xactskateshop.com\/wp-content\/uploads\/2021\/02\/swiss.jpg","contentUrl":"https:\/\/xactskateshop.com\/wp-content\/uploads\/2021\/02\/swiss.jpg","width":1000,"height":1000,"caption":"Coussinets BONES SWISS - 16 paquets - 8mm"},{"@type":"BreadcrumbList","@id":"https:\/\/xactskateshop.com\/fr\/produit\/coussinets-bones-swiss-16-paquets-8mm\/#breadcrumb","itemListElement":[{"@type":"ListItem","position":1,"name":"Home","item":"https:\/\/xactskateshop.com\/fr\/accueil\/"},{"@type":"ListItem","position":2,"name":"Boutique","item":"https:\/\/xactskateshop.com\/shop\/"},{"@type":"ListItem","position":3,"name":"Coussinets BONES SWISS &#8211; 16 paquets &#8211; 8mm"}]},{"@type":"WebSite","@id":"http:\/\/xactskateshop.com\/fr\/#website","url":"http:\/\/xactskateshop.com\/fr\/","name":"Xact Skate Shop","description":"Un site utilisant WordPress","publisher":{"@id":"http:\/\/xactskateshop.com\/fr\/#organization"},"potentialAction":[{"@type":"SearchAction","target":{"@type":"EntryPoint","urlTemplate":"http:\/\/xactskateshop.com\/fr\/?s={search_term_string}"},"query-input":{"@type":"PropertyValueSpecification","valueRequired":true,"valueName":"search_term_string"}}],"inLanguage":"fr-FR"},{"@type":"Organization","@id":"http:\/\/xactskateshop.com\/fr\/#organization","name":"XACT Skate Shop","url":"http:\/\/xactskateshop.com\/fr\/","logo":{"@type":"ImageObject","inLanguage":"fr-FR","@id":"http:\/\/xactskateshop.com\/fr\/#\/schema\/logo\/image\/","url":"http:\/\/xactskateshop.com\/wp-content\/uploads\/2024\/04\/xactskateshop-dot-com-avec-contour-noir-sans-fond-675x.jpg","contentUrl":"http:\/\/xactskateshop.com\/wp-content\/uploads\/2024\/04\/xactskateshop-dot-com-avec-contour-noir-sans-fond-675x.jpg","width":675,"height":247,"caption":"XACT Skate Shop"},"image":{"@id":"http:\/\/xactskateshop.com\/fr\/#\/schema\/logo\/image\/"},"sameAs":["https:\/\/www.facebook.com\/JeanLouiskateshop"]}]}},"_links":{"self":[{"href":"https:\/\/xactskateshop.com\/fr\/wp-json\/wp\/v2\/product\/59747","targetHints":{"allow":["GET"]}}],"collection":[{"href":"https:\/\/xactskateshop.com\/fr\/wp-json\/wp\/v2\/product"}],"about":[{"href":"https:\/\/xactskateshop.com\/fr\/wp-json\/wp\/v2\/types\/product"}],"replies":[{"embeddable":true,"href":"https:\/\/xactskateshop.com\/fr\/wp-json\/wp\/v2\/comments?post=59747"}],"wp:featuredmedia":[{"embeddable":true,"href":"https:\/\/xactskateshop.com\/fr\/wp-json\/wp\/v2\/media\/44042"}],"wp:attachment":[{"href":"https:\/\/xactskateshop.com\/fr\/wp-json\/wp\/v2\/media?parent=59747"}],"wp:term":[{"taxonomy":"product_brand","embeddable":true,"href":"https:\/\/xactskateshop.com\/fr\/wp-json\/wp\/v2\/product_brand?post=59747"},{"taxonomy":"product_cat","embeddable":true,"href":"https:\/\/xactskateshop.com\/fr\/wp-json\/wp\/v2\/product_cat?post=59747"},{"taxonomy":"product_tag","embeddable":true,"href":"https:\/\/xactskateshop.com\/fr\/wp-json\/wp\/v2\/product_tag?post=59747"}],"curies":[{"name":"wp","href":"https:\/\/api.w.org\/{rel}","templated":true}]}}