{"id":59743,"date":"2021-02-05T16:01:17","date_gmt":"2021-02-05T21:01:17","guid":{"rendered":"http:\/\/xactskateshop.com\/product\/bones-big-balls-reds-roulements-16pack-8mm\/"},"modified":"2021-02-05T16:01:17","modified_gmt":"2021-02-05T21:01:17","slug":"bones-big-balls-reds-roulements-16pack-8mm","status":"publish","type":"product","link":"https:\/\/xactskateshop.com\/fr\/produit\/bones-big-balls-reds-roulements-16pack-8mm\/","title":{"rendered":"BONES BIG BALLS REDS Roulements &#8211; 16pack &#8211; 8mm"},"content":{"rendered":"<h2>BONES BIG BALLS REDS Roulements &#8211; 16pack &#8211; 8mm<\/h2>\n<p>Les roulements BONES BIG BALLS REDS sont les nouveaux membres de notre famille REDS. Les roulements <em>BIG BALLS<\/em> sont con\u00e7us pour rouler plus vite et durer plus longtemps gr\u00e2ce \u00e0 l&#8217;utilisation de 6 billes 17% plus grosses, comme nos l\u00e9gendaires <a href=\"http:\/\/xactskateshop.com\/fr\/produit\/bones-super-swiss-6-roulements-8mm-16-packs\/\">roulements Bones Super Swiss 6.<\/a>  Ces grosses boules vous permettent de rouler plus vite et de continuer \u00e0 rouler dans les salet\u00e9s qui ralentissent les petites boules. Cela fait des <em>BIG BALLS<\/em> un excellent choix pour les patineurs qui recherchent plus de vitesse et une dur\u00e9e de vie plus longue de leurs roulements.<\/p>\n<p>Les patineurs ont fait de la famille de roulements <a href=\"http:\/\/xactskateshop.com\/fr\/?s=bones+reds\">Bones REDS<\/a> leur premier choix en raison de la qualit\u00e9 constante, de la vitesse, de la durabilit\u00e9 et de la valeur.<\/p>\n<h3><\/h3>\n<h3><strong>BONES BIG BALLS REDS Caract\u00e9ristiques<\/strong><\/h3>\n<ul>\n<li>Vitesse maximale plus \u00e9lev\u00e9e<\/li>\n<li>Une plus grande force<\/li>\n<li>Dur\u00e9e de vie plus longue<\/li>\n<li>Nettoyage facile<\/li>\n<li>Poids l\u00e9ger<\/li>\n<li><a href=\"https:\/\/bonesbearings.com\/support\/skate-rated\/\">Skate Rated\u2122<\/a> design<\/li>\n<\/ul>\n<h3><strong>Contenu<\/strong><\/h3>\n<ul>\n<li>Jeu de 16 roulements<\/li>\n<li>Instructions<\/li>\n<li>Autocollant<\/li>\n<\/ul>\n<h3>Skate Rated\u2122<\/h3>\n<p>Depuis le d\u00e9but de l&#8217;ann\u00e9e 2018, toutes les bo\u00eetes de Bones Bearings sont accompagn\u00e9es de notre autocollant Skate Rated. Pour \u00eatre s\u00fbr d&#8217;acheter des roulements \u00e0 billes authentiques, assurez-vous d&#8217;acheter uniquement aupr\u00e8s de revendeurs agr\u00e9\u00e9s de roulements \u00e0 billes, et recherchez toujours notre autocollant Skate Rated sur CHAQUE bo\u00eete. <\/p>\n","protected":false},"excerpt":{"rendered":"<hr>\n<p style=\"text-align: center;\"><em>BIG BALLS, <\/em>le nouveau membre de notre famille REDS. Les <em>BIG BALLS<\/em> sont con\u00e7ues pour rouler plus vite et durer plus longtemps en utilisant 6 billes 17% plus grosses, comme nos l\u00e9gendaires roulements Bones Super Swiss 6. Ces billes plus grosses vous permettent de rouler plus vite et de continuer \u00e0 rouler m\u00eame dans les salet\u00e9s qui ralentissent les billes plus petites. <em>Les BIG BALLS<\/em> sont donc un excellent choix pour les patineurs qui recherchent plus de vitesse et une dur\u00e9e de vie plus longue pour leurs roulements.  <\/p>\n<hr>\n<p style=\"text-align: center;\">Les patineurs ont fait de la famille de roulements Bones REDS leur premier choix en raison de la qualit\u00e9 constante, de la vitesse, de la durabilit\u00e9 et de la valeur.<\/p>\n<hr>\n<p style=\"text-align: center;\">\n","protected":false},"featured_media":28491,"comment_status":"closed","ping_status":"closed","template":"","meta":{"site-sidebar-layout":"default","site-content-layout":"default","ast-site-content-layout":"default","site-content-style":"default","site-sidebar-style":"default","ast-global-header-display":"","ast-banner-title-visibility":"","ast-main-header-display":"","ast-hfb-above-header-display":"","ast-hfb-below-header-display":"","ast-hfb-mobile-header-display":"","site-post-title":"","ast-breadcrumbs-content":"","ast-featured-img":"","footer-sml-layout":"","theme-transparent-header-meta":"default","adv-header-id-meta":"","stick-header-meta":"","header-above-stick-meta":"","header-main-stick-meta":"","header-below-stick-meta":"","astra-migrate-meta-layouts":"default","ast-page-background-enabled":"default","ast-page-background-meta":{"desktop":{"background-color":"","background-image":"","background-repeat":"repeat","background-position":"center center","background-size":"auto","background-attachment":"scroll","background-type":"","background-media":"","overlay-type":"","overlay-color":"","overlay-opacity":"","overlay-gradient":""},"tablet":{"background-color":"","background-image":"","background-repeat":"repeat","background-position":"center center","background-size":"auto","background-attachment":"scroll","background-type":"","background-media":"","overlay-type":"","overlay-color":"","overlay-opacity":"","overlay-gradient":""},"mobile":{"background-color":"","background-image":"","background-repeat":"repeat","background-position":"center center","background-size":"auto","background-attachment":"scroll","background-type":"","background-media":"","overlay-type":"","overlay-color":"","overlay-opacity":"","overlay-gradient":""}},"ast-content-background-meta":{"desktop":{"background-color":"var(--ast-global-color-5)","background-image":"","background-repeat":"repeat","background-position":"center center","background-size":"auto","background-attachment":"scroll","background-type":"","background-media":"","overlay-type":"","overlay-color":"","overlay-opacity":"","overlay-gradient":""},"tablet":{"background-color":"var(--ast-global-color-5)","background-image":"","background-repeat":"repeat","background-position":"center center","background-size":"auto","background-attachment":"scroll","background-type":"","background-media":"","overlay-type":"","overlay-color":"","overlay-opacity":"","overlay-gradient":""},"mobile":{"background-color":"var(--ast-global-color-5)","background-image":"","background-repeat":"repeat","background-position":"center center","background-size":"auto","background-attachment":"scroll","background-type":"","background-media":"","overlay-type":"","overlay-color":"","overlay-opacity":"","overlay-gradient":""}}},"product_brand":[],"product_cat":[1736,1739],"product_tag":[1762,1741,1742,1760],"class_list":{"0":"post-59743","1":"product","2":"type-product","3":"status-publish","4":"has-post-thumbnail","6":"product_cat-roulements-et-outils-dentretien-2","7":"product_cat-roulements-et-outils-dentretien-fr-3","8":"product_tag-6-roulements-a-billes","9":"product_tag-les-meilleurs-roulements","10":"product_tag-paliers-osseux","11":"product_tag-roulements-a-grosses-billes","12":"desktop-align-center","13":"tablet-align-center","14":"mobile-align-center","15":"ast-product-gallery-layout-horizontal","16":"ast-product-gallery-with-no-image","17":"ast-product-tabs-layout-horizontal","18":"ast-qv-on-image","20":"first","21":"instock","22":"sale","23":"taxable","24":"shipping-taxable","25":"purchasable","26":"product-type-simple"},"bundled_by":[],"bundle_stock_status":"instock","bundle_stock_quantity":11,"bundle_virtual":false,"bundle_layout":"","bundle_add_to_cart_form_location":"","bundle_editable_in_cart":false,"bundle_sold_individually_context":"","bundle_item_grouping":"","bundle_min_size":"","bundle_max_size":"","bundle_price":[],"bundled_items":[],"bundle_sell_ids":[],"yoast_head":"<!-- This site is optimized with the Yoast SEO plugin v27.4 - https:\/\/yoast.com\/product\/yoast-seo-wordpress\/ -->\n<title>BONES BIG BALLS REDS Roulements - 16pack - 8mm - %.<\/title>\n<meta name=\"description\" content=\"BONES BIG BALLS REDS Bearings le nouveau membre de notre famille REDS. Les BIG BALLS sont con\u00e7ues pour rouler plus vite et durer plus longtemps gr\u00e2ce \u00e0 l&#039;utilisation de 6 billes 17% plus grosses.\" \/>\n<meta name=\"robots\" content=\"index, follow, max-snippet:-1, max-image-preview:large, max-video-preview:-1\" \/>\n<link rel=\"canonical\" href=\"https:\/\/xactskateshop.com\/fr\/produit\/bones-big-balls-reds-roulements-16pack-8mm\/\" \/>\n<meta property=\"og:locale\" content=\"fr_FR\" \/>\n<meta property=\"og:type\" content=\"article\" \/>\n<meta property=\"og:title\" content=\"BONES BIG BALLS REDS Roulements - 16pack - 8mm - %.\" \/>\n<meta property=\"og:description\" content=\"BONES BIG BALLS REDS Bearings le nouveau membre de notre famille REDS. Les BIG BALLS sont con\u00e7ues pour rouler plus vite et durer plus longtemps gr\u00e2ce \u00e0 l&#039;utilisation de 6 billes 17% plus grosses.\" \/>\n<meta property=\"og:url\" content=\"https:\/\/xactskateshop.com\/fr\/produit\/bones-big-balls-reds-roulements-16pack-8mm\/\" \/>\n<meta property=\"og:site_name\" content=\"Xact Skate Shop\" \/>\n<meta property=\"article:publisher\" content=\"https:\/\/www.facebook.com\/JeanLouiskateshop\" \/>\n<meta property=\"og:image\" content=\"https:\/\/xactskateshop.com\/wp-content\/uploads\/2021\/02\/bones_reds_big_balls_16_pk.jpg\" \/>\n\t<meta property=\"og:image:width\" content=\"1000\" \/>\n\t<meta property=\"og:image:height\" content=\"1000\" \/>\n\t<meta property=\"og:image:type\" content=\"image\/jpeg\" \/>\n<meta name=\"twitter:card\" content=\"summary_large_image\" \/>\n<meta name=\"twitter:label1\" content=\"Dur\u00e9e de lecture estim\u00e9e\" \/>\n\t<meta name=\"twitter:data1\" content=\"1 minute\" \/>\n<script type=\"application\/ld+json\" class=\"yoast-schema-graph\">{\"@context\":\"https:\\\/\\\/schema.org\",\"@graph\":[{\"@type\":\"WebPage\",\"@id\":\"https:\\\/\\\/xactskateshop.com\\\/fr\\\/produit\\\/bones-big-balls-reds-roulements-16pack-8mm\\\/\",\"url\":\"https:\\\/\\\/xactskateshop.com\\\/fr\\\/produit\\\/bones-big-balls-reds-roulements-16pack-8mm\\\/\",\"name\":\"BONES BIG BALLS REDS Roulements - 16pack - 8mm - %.\",\"isPartOf\":{\"@id\":\"http:\\\/\\\/xactskateshop.com\\\/fr\\\/#website\"},\"primaryImageOfPage\":{\"@id\":\"https:\\\/\\\/xactskateshop.com\\\/fr\\\/produit\\\/bones-big-balls-reds-roulements-16pack-8mm\\\/#primaryimage\"},\"image\":{\"@id\":\"https:\\\/\\\/xactskateshop.com\\\/fr\\\/produit\\\/bones-big-balls-reds-roulements-16pack-8mm\\\/#primaryimage\"},\"thumbnailUrl\":\"https:\\\/\\\/xactskateshop.com\\\/wp-content\\\/uploads\\\/2021\\\/02\\\/bones_reds_big_balls_16_pk.jpg\",\"datePublished\":\"2021-02-05T21:01:17+00:00\",\"description\":\"BONES BIG BALLS REDS Bearings le nouveau membre de notre famille REDS. Les BIG BALLS sont con\u00e7ues pour rouler plus vite et durer plus longtemps gr\u00e2ce \u00e0 l'utilisation de 6 billes 17% plus grosses.\",\"breadcrumb\":{\"@id\":\"https:\\\/\\\/xactskateshop.com\\\/fr\\\/produit\\\/bones-big-balls-reds-roulements-16pack-8mm\\\/#breadcrumb\"},\"inLanguage\":\"fr-FR\",\"potentialAction\":[{\"@type\":\"ReadAction\",\"target\":[\"https:\\\/\\\/xactskateshop.com\\\/fr\\\/produit\\\/bones-big-balls-reds-roulements-16pack-8mm\\\/\"]}]},{\"@type\":\"ImageObject\",\"inLanguage\":\"fr-FR\",\"@id\":\"https:\\\/\\\/xactskateshop.com\\\/fr\\\/produit\\\/bones-big-balls-reds-roulements-16pack-8mm\\\/#primaryimage\",\"url\":\"https:\\\/\\\/xactskateshop.com\\\/wp-content\\\/uploads\\\/2021\\\/02\\\/bones_reds_big_balls_16_pk.jpg\",\"contentUrl\":\"https:\\\/\\\/xactskateshop.com\\\/wp-content\\\/uploads\\\/2021\\\/02\\\/bones_reds_big_balls_16_pk.jpg\",\"width\":1000,\"height\":1000,\"caption\":\"Os Grosses boules\"},{\"@type\":\"BreadcrumbList\",\"@id\":\"https:\\\/\\\/xactskateshop.com\\\/fr\\\/produit\\\/bones-big-balls-reds-roulements-16pack-8mm\\\/#breadcrumb\",\"itemListElement\":[{\"@type\":\"ListItem\",\"position\":1,\"name\":\"Home\",\"item\":\"https:\\\/\\\/xactskateshop.com\\\/fr\\\/accueil\\\/\"},{\"@type\":\"ListItem\",\"position\":2,\"name\":\"Boutique\",\"item\":\"https:\\\/\\\/xactskateshop.com\\\/shop\\\/\"},{\"@type\":\"ListItem\",\"position\":3,\"name\":\"BONES BIG BALLS REDS Roulements &#8211; 16pack &#8211; 8mm\"}]},{\"@type\":\"WebSite\",\"@id\":\"http:\\\/\\\/xactskateshop.com\\\/fr\\\/#website\",\"url\":\"http:\\\/\\\/xactskateshop.com\\\/fr\\\/\",\"name\":\"Xact Skate Shop\",\"description\":\"Un site utilisant WordPress\",\"publisher\":{\"@id\":\"http:\\\/\\\/xactskateshop.com\\\/fr\\\/#organization\"},\"potentialAction\":[{\"@type\":\"SearchAction\",\"target\":{\"@type\":\"EntryPoint\",\"urlTemplate\":\"http:\\\/\\\/xactskateshop.com\\\/fr\\\/?s={search_term_string}\"},\"query-input\":{\"@type\":\"PropertyValueSpecification\",\"valueRequired\":true,\"valueName\":\"search_term_string\"}}],\"inLanguage\":\"fr-FR\"},{\"@type\":\"Organization\",\"@id\":\"http:\\\/\\\/xactskateshop.com\\\/fr\\\/#organization\",\"name\":\"XACT Skate Shop\",\"url\":\"http:\\\/\\\/xactskateshop.com\\\/fr\\\/\",\"logo\":{\"@type\":\"ImageObject\",\"inLanguage\":\"fr-FR\",\"@id\":\"http:\\\/\\\/xactskateshop.com\\\/fr\\\/#\\\/schema\\\/logo\\\/image\\\/\",\"url\":\"http:\\\/\\\/xactskateshop.com\\\/wp-content\\\/uploads\\\/2024\\\/04\\\/xactskateshop-dot-com-avec-contour-noir-sans-fond-675x.jpg\",\"contentUrl\":\"http:\\\/\\\/xactskateshop.com\\\/wp-content\\\/uploads\\\/2024\\\/04\\\/xactskateshop-dot-com-avec-contour-noir-sans-fond-675x.jpg\",\"width\":675,\"height\":247,\"caption\":\"XACT Skate Shop\"},\"image\":{\"@id\":\"http:\\\/\\\/xactskateshop.com\\\/fr\\\/#\\\/schema\\\/logo\\\/image\\\/\"},\"sameAs\":[\"https:\\\/\\\/www.facebook.com\\\/JeanLouiskateshop\"]}]}<\/script>\n<!-- \/ Yoast SEO plugin. -->","yoast_head_json":{"title":"BONES BIG BALLS REDS Roulements - 16pack - 8mm - %.","description":"BONES BIG BALLS REDS Bearings le nouveau membre de notre famille REDS. Les BIG BALLS sont con\u00e7ues pour rouler plus vite et durer plus longtemps gr\u00e2ce \u00e0 l'utilisation de 6 billes 17% plus grosses.","robots":{"index":"index","follow":"follow","max-snippet":"max-snippet:-1","max-image-preview":"max-image-preview:large","max-video-preview":"max-video-preview:-1"},"canonical":"https:\/\/xactskateshop.com\/fr\/produit\/bones-big-balls-reds-roulements-16pack-8mm\/","og_locale":"fr_FR","og_type":"article","og_title":"BONES BIG BALLS REDS Roulements - 16pack - 8mm - %.","og_description":"BONES BIG BALLS REDS Bearings le nouveau membre de notre famille REDS. Les BIG BALLS sont con\u00e7ues pour rouler plus vite et durer plus longtemps gr\u00e2ce \u00e0 l'utilisation de 6 billes 17% plus grosses.","og_url":"https:\/\/xactskateshop.com\/fr\/produit\/bones-big-balls-reds-roulements-16pack-8mm\/","og_site_name":"Xact Skate Shop","article_publisher":"https:\/\/www.facebook.com\/JeanLouiskateshop","og_image":[{"width":1000,"height":1000,"url":"https:\/\/xactskateshop.com\/wp-content\/uploads\/2021\/02\/bones_reds_big_balls_16_pk.jpg","type":"image\/jpeg"}],"twitter_card":"summary_large_image","twitter_misc":{"Dur\u00e9e de lecture estim\u00e9e":"1 minute"},"schema":{"@context":"https:\/\/schema.org","@graph":[{"@type":"WebPage","@id":"https:\/\/xactskateshop.com\/fr\/produit\/bones-big-balls-reds-roulements-16pack-8mm\/","url":"https:\/\/xactskateshop.com\/fr\/produit\/bones-big-balls-reds-roulements-16pack-8mm\/","name":"BONES BIG BALLS REDS Roulements - 16pack - 8mm - %.","isPartOf":{"@id":"http:\/\/xactskateshop.com\/fr\/#website"},"primaryImageOfPage":{"@id":"https:\/\/xactskateshop.com\/fr\/produit\/bones-big-balls-reds-roulements-16pack-8mm\/#primaryimage"},"image":{"@id":"https:\/\/xactskateshop.com\/fr\/produit\/bones-big-balls-reds-roulements-16pack-8mm\/#primaryimage"},"thumbnailUrl":"https:\/\/xactskateshop.com\/wp-content\/uploads\/2021\/02\/bones_reds_big_balls_16_pk.jpg","datePublished":"2021-02-05T21:01:17+00:00","description":"BONES BIG BALLS REDS Bearings le nouveau membre de notre famille REDS. Les BIG BALLS sont con\u00e7ues pour rouler plus vite et durer plus longtemps gr\u00e2ce \u00e0 l'utilisation de 6 billes 17% plus grosses.","breadcrumb":{"@id":"https:\/\/xactskateshop.com\/fr\/produit\/bones-big-balls-reds-roulements-16pack-8mm\/#breadcrumb"},"inLanguage":"fr-FR","potentialAction":[{"@type":"ReadAction","target":["https:\/\/xactskateshop.com\/fr\/produit\/bones-big-balls-reds-roulements-16pack-8mm\/"]}]},{"@type":"ImageObject","inLanguage":"fr-FR","@id":"https:\/\/xactskateshop.com\/fr\/produit\/bones-big-balls-reds-roulements-16pack-8mm\/#primaryimage","url":"https:\/\/xactskateshop.com\/wp-content\/uploads\/2021\/02\/bones_reds_big_balls_16_pk.jpg","contentUrl":"https:\/\/xactskateshop.com\/wp-content\/uploads\/2021\/02\/bones_reds_big_balls_16_pk.jpg","width":1000,"height":1000,"caption":"Os Grosses boules"},{"@type":"BreadcrumbList","@id":"https:\/\/xactskateshop.com\/fr\/produit\/bones-big-balls-reds-roulements-16pack-8mm\/#breadcrumb","itemListElement":[{"@type":"ListItem","position":1,"name":"Home","item":"https:\/\/xactskateshop.com\/fr\/accueil\/"},{"@type":"ListItem","position":2,"name":"Boutique","item":"https:\/\/xactskateshop.com\/shop\/"},{"@type":"ListItem","position":3,"name":"BONES BIG BALLS REDS Roulements &#8211; 16pack &#8211; 8mm"}]},{"@type":"WebSite","@id":"http:\/\/xactskateshop.com\/fr\/#website","url":"http:\/\/xactskateshop.com\/fr\/","name":"Xact Skate Shop","description":"Un site utilisant WordPress","publisher":{"@id":"http:\/\/xactskateshop.com\/fr\/#organization"},"potentialAction":[{"@type":"SearchAction","target":{"@type":"EntryPoint","urlTemplate":"http:\/\/xactskateshop.com\/fr\/?s={search_term_string}"},"query-input":{"@type":"PropertyValueSpecification","valueRequired":true,"valueName":"search_term_string"}}],"inLanguage":"fr-FR"},{"@type":"Organization","@id":"http:\/\/xactskateshop.com\/fr\/#organization","name":"XACT Skate Shop","url":"http:\/\/xactskateshop.com\/fr\/","logo":{"@type":"ImageObject","inLanguage":"fr-FR","@id":"http:\/\/xactskateshop.com\/fr\/#\/schema\/logo\/image\/","url":"http:\/\/xactskateshop.com\/wp-content\/uploads\/2024\/04\/xactskateshop-dot-com-avec-contour-noir-sans-fond-675x.jpg","contentUrl":"http:\/\/xactskateshop.com\/wp-content\/uploads\/2024\/04\/xactskateshop-dot-com-avec-contour-noir-sans-fond-675x.jpg","width":675,"height":247,"caption":"XACT Skate Shop"},"image":{"@id":"http:\/\/xactskateshop.com\/fr\/#\/schema\/logo\/image\/"},"sameAs":["https:\/\/www.facebook.com\/JeanLouiskateshop"]}]}},"_links":{"self":[{"href":"https:\/\/xactskateshop.com\/fr\/wp-json\/wp\/v2\/product\/59743","targetHints":{"allow":["GET"]}}],"collection":[{"href":"https:\/\/xactskateshop.com\/fr\/wp-json\/wp\/v2\/product"}],"about":[{"href":"https:\/\/xactskateshop.com\/fr\/wp-json\/wp\/v2\/types\/product"}],"replies":[{"embeddable":true,"href":"https:\/\/xactskateshop.com\/fr\/wp-json\/wp\/v2\/comments?post=59743"}],"wp:featuredmedia":[{"embeddable":true,"href":"https:\/\/xactskateshop.com\/fr\/wp-json\/wp\/v2\/media\/28491"}],"wp:attachment":[{"href":"https:\/\/xactskateshop.com\/fr\/wp-json\/wp\/v2\/media?parent=59743"}],"wp:term":[{"taxonomy":"product_brand","embeddable":true,"href":"https:\/\/xactskateshop.com\/fr\/wp-json\/wp\/v2\/product_brand?post=59743"},{"taxonomy":"product_cat","embeddable":true,"href":"https:\/\/xactskateshop.com\/fr\/wp-json\/wp\/v2\/product_cat?post=59743"},{"taxonomy":"product_tag","embeddable":true,"href":"https:\/\/xactskateshop.com\/fr\/wp-json\/wp\/v2\/product_tag?post=59743"}],"curies":[{"name":"wp","href":"https:\/\/api.w.org\/{rel}","templated":true}]}}