{"id":59728,"date":"2021-03-06T15:13:40","date_gmt":"2021-03-06T20:13:40","guid":{"rendered":"http:\/\/xactskateshop.com\/product\/plaques-de-patins-a-roulettes-bont-prodigy\/"},"modified":"2021-03-06T15:13:40","modified_gmt":"2021-03-06T20:13:40","slug":"plaques-de-patins-a-roulettes-bont-prodigy","status":"publish","type":"product","link":"https:\/\/xactskateshop.com\/fr\/produit\/plaques-de-patins-a-roulettes-bont-prodigy\/","title":{"rendered":"Plaques de patins \u00e0 roulettes BONT Prodigy"},"content":{"rendered":"<div>La plaque de patin \u00e0 roulettes Prodigy de Bont offre une solution l\u00e9g\u00e8re et abordable pour les d\u00e9butants, les patineurs non agressifs, les patineurs de faible poids et les patineurs r\u00e9cr\u00e9atifs. La base est un composite de nylon et de fibre de verre avec des bogies en aluminium \u00e0 20 degr\u00e9s d&#8217;action et des but\u00e9es de pied r\u00e9glables \u00e0 vis Allen. Cette plaque convient parfaitement au patinage int\u00e9rieur et ext\u00e9rieur, ainsi qu&#8217;au patinage en patinoire et au roller derby. Cette plaque de patin \u00e0 roulettes a \u00e9t\u00e9 test\u00e9e par l&#8217;\u00e9quipe de roller derby de Bont afin de s&#8217;assurer qu&#8217;elle peut r\u00e9sister aux combats de roller derby les plus durs. Cette plaque de patin \u00e0 roulettes a \u00e9t\u00e9 con\u00e7ue par Bont \u00e0 Sydney, en Australie. Cette plaque est \u00e9galement destin\u00e9e aux nouveaux patineurs de roller derby. Les roues sont bloqu\u00e9es par des \u00e9crous sur des axes de 8 mm.      <\/div>\n<div><\/div>\n<div><\/div>\n<p><strong>Caract\u00e9ristiques<\/strong><\/p>\n<div>\n<ul>\n<li><strong>Action :<\/strong> angle de 20 degr\u00e9s du camion<\/li>\n<li><strong>Mat\u00e9riau de base :<\/strong> Composite de nylon et de fibre de verre<\/li>\n<li><strong>Duret\u00e9 des coussins :<\/strong> 88A coussins en ur\u00e9thane standard<\/li>\n<li><strong>Le pivot : <\/strong>Acier<\/li>\n<li><strong>Contre-\u00e9crou du pivot : <\/strong>douille de 9\/16&#8243; pour le r\u00e9glage<\/li>\n<li><strong>Camions :<\/strong> Aluminium<\/li>\n<li><strong>Axes :<\/strong> 8mm<\/li>\n<li><strong>But\u00e9e de pied :<\/strong> Vis \u00e0 six pans r\u00e9glable, cl\u00e9 \u00e0 six pans de 4 mm pour le r\u00e9glage<\/li>\n<li><strong>Tailles :<\/strong> 4.5&#8243; 5.0&#8243; 5.5&#8243; 6.0&#8243; 6.5&#8243; 7.0&#8243; 7.5&#8243; 8.0&#8243;<\/li>\n<\/ul>\n<\/div>\n<div><\/div>\n<p>*Vous devrez commander le mat\u00e9riel de montage si vous commandez uniquement la plaque.<\/p>\n<p>*Compatible uniquement avec Discotrux<\/p>\n<p><iframe title=\"BONT Prodigy Plate Review by Scald Eagle\" width=\"500\" height=\"281\" src=\"https:\/\/www.youtube.com\/embed\/-ka9uHzorVg?feature=oembed\" frameborder=\"0\" allow=\"accelerometer; autoplay; clipboard-write; encrypted-media; gyroscope; picture-in-picture; web-share\" referrerpolicy=\"strict-origin-when-cross-origin\" allowfullscreen><\/iframe><\/p>\n","protected":false},"excerpt":{"rendered":"<p>La plaque de patin \u00e0 roulettes Bont Prodigy est l\u00e9g\u00e8re et abordable pour les d\u00e9butants et les patineurs de loisir. La base est un composite de nylon et de fibre de verre avec des bogies en aluminium \u00e0 20 degr\u00e9s d&#8217;action et des but\u00e9es de pied r\u00e9glables \u00e0 vis Allen. Cette plaque convient parfaitement au patinage int\u00e9rieur et ext\u00e9rieur, ainsi qu&#8217;au patinage en patinoire et au roller derby. Cette plaque de patin \u00e0 roulettes a \u00e9t\u00e9 test\u00e9e par l&#8217;\u00e9quipe de roller derby de Bont afin de s&#8217;assurer qu&#8217;elle peut r\u00e9sister aux combats de roller derby les plus durs. Cette plaque de patin \u00e0 roulettes a \u00e9t\u00e9 con\u00e7ue par Bont \u00e0 Sydney, en Australie. Cette plaque est \u00e9galement destin\u00e9e aux nouveaux patineurs de roller derby. Les roues sont bloqu\u00e9es par des \u00e9crous sur des axes de 8 mm.      <\/p>\n","protected":false},"featured_media":28787,"comment_status":"closed","ping_status":"closed","template":"","meta":{"site-sidebar-layout":"default","site-content-layout":"default","ast-site-content-layout":"default","site-content-style":"default","site-sidebar-style":"default","ast-global-header-display":"","ast-banner-title-visibility":"","ast-main-header-display":"","ast-hfb-above-header-display":"","ast-hfb-below-header-display":"","ast-hfb-mobile-header-display":"","site-post-title":"","ast-breadcrumbs-content":"","ast-featured-img":"","footer-sml-layout":"","theme-transparent-header-meta":"default","adv-header-id-meta":"","stick-header-meta":"","header-above-stick-meta":"","header-main-stick-meta":"","header-below-stick-meta":"","astra-migrate-meta-layouts":"default","ast-page-background-enabled":"default","ast-page-background-meta":{"desktop":{"background-color":"","background-image":"","background-repeat":"repeat","background-position":"center center","background-size":"auto","background-attachment":"scroll","background-type":"","background-media":"","overlay-type":"","overlay-color":"","overlay-opacity":"","overlay-gradient":""},"tablet":{"background-color":"","background-image":"","background-repeat":"repeat","background-position":"center center","background-size":"auto","background-attachment":"scroll","background-type":"","background-media":"","overlay-type":"","overlay-color":"","overlay-opacity":"","overlay-gradient":""},"mobile":{"background-color":"","background-image":"","background-repeat":"repeat","background-position":"center center","background-size":"auto","background-attachment":"scroll","background-type":"","background-media":"","overlay-type":"","overlay-color":"","overlay-opacity":"","overlay-gradient":""}},"ast-content-background-meta":{"desktop":{"background-color":"var(--ast-global-color-5)","background-image":"","background-repeat":"repeat","background-position":"center center","background-size":"auto","background-attachment":"scroll","background-type":"","background-media":"","overlay-type":"","overlay-color":"","overlay-opacity":"","overlay-gradient":""},"tablet":{"background-color":"var(--ast-global-color-5)","background-image":"","background-repeat":"repeat","background-position":"center center","background-size":"auto","background-attachment":"scroll","background-type":"","background-media":"","overlay-type":"","overlay-color":"","overlay-opacity":"","overlay-gradient":""},"mobile":{"background-color":"var(--ast-global-color-5)","background-image":"","background-repeat":"repeat","background-position":"center center","background-size":"auto","background-attachment":"scroll","background-type":"","background-media":"","overlay-type":"","overlay-color":"","overlay-opacity":"","overlay-gradient":""}}},"product_brand":[],"product_cat":[1652,1838],"product_tag":[1385,2129,1788,2130,2122,1846,2128,1885],"class_list":{"0":"post-59728","1":"product","2":"type-product","3":"status-publish","4":"has-post-thumbnail","6":"product_cat-patins-a-roulettes","7":"product_cat-platines","8":"product_tag-boutique-xactskate","9":"product_tag-derby-fr","10":"product_tag-equipement-de-sport-fr","11":"product_tag-plaques-a-rouleaux","12":"product_tag-platine-de-rollerderby-fr","13":"product_tag-platines-fr","14":"product_tag-roller-derby-fr","15":"product_tag-sports-fr","16":"desktop-align-center","17":"tablet-align-center","18":"mobile-align-center","19":"ast-product-gallery-layout-horizontal","20":"ast-product-single-variable","21":"ast-product-tabs-layout-horizontal","22":"ast-qv-on-image","24":"first","25":"instock","26":"sale","27":"taxable","28":"shipping-taxable","29":"purchasable","30":"product-type-variable"},"bundled_by":[],"bundle_stock_status":"instock","bundle_stock_quantity":null,"bundle_virtual":false,"bundle_layout":"","bundle_add_to_cart_form_location":"","bundle_editable_in_cart":false,"bundle_sold_individually_context":"","bundle_item_grouping":"","bundle_min_size":"","bundle_max_size":"","bundle_price":[],"bundled_items":[],"bundle_sell_ids":[],"yoast_head":"<!-- This site is optimized with the Yoast SEO plugin v27.4 - https:\/\/yoast.com\/product\/yoast-seo-wordpress\/ -->\n<title>Plaques de patins \u00e0 roulettes BONT Prodigy - Xact Skate Shop<\/title>\n<meta name=\"robots\" content=\"index, follow, max-snippet:-1, max-image-preview:large, max-video-preview:-1\" \/>\n<link rel=\"canonical\" href=\"https:\/\/xactskateshop.com\/fr\/produit\/plaques-de-patins-a-roulettes-bont-prodigy\/\" \/>\n<meta property=\"og:locale\" content=\"fr_FR\" \/>\n<meta property=\"og:type\" content=\"article\" \/>\n<meta property=\"og:title\" content=\"Plaques de patins \u00e0 roulettes BONT Prodigy - Xact Skate Shop\" \/>\n<meta property=\"og:description\" content=\"La plaque de patin \u00e0 roulettes Bont Prodigy est l\u00e9g\u00e8re et abordable pour les d\u00e9butants et les patineurs de loisir. La base est un composite de nylon et de fibre de verre avec des bogies en aluminium \u00e0 20 degr\u00e9s d&#039;action et des but\u00e9es de pied r\u00e9glables \u00e0 vis Allen. Cette plaque convient parfaitement au patinage int\u00e9rieur et ext\u00e9rieur, ainsi qu&#039;au patinage en patinoire et au roller derby. Cette plaque de patin \u00e0 roulettes a \u00e9t\u00e9 test\u00e9e par l&#039;\u00e9quipe de roller derby de Bont afin de s&#039;assurer qu&#039;elle peut r\u00e9sister aux combats de roller derby les plus durs. Cette plaque de patin \u00e0 roulettes a \u00e9t\u00e9 con\u00e7ue par Bont \u00e0 Sydney, en Australie. Cette plaque est \u00e9galement destin\u00e9e aux nouveaux patineurs de roller derby. Les roues sont bloqu\u00e9es par des \u00e9crous sur des axes de 8 mm.\" \/>\n<meta property=\"og:url\" content=\"https:\/\/xactskateshop.com\/fr\/produit\/plaques-de-patins-a-roulettes-bont-prodigy\/\" \/>\n<meta property=\"og:site_name\" content=\"Xact Skate Shop\" \/>\n<meta property=\"article:publisher\" content=\"https:\/\/www.facebook.com\/JeanLouiskateshop\" \/>\n<meta property=\"og:image\" content=\"https:\/\/xactskateshop.com\/wp-content\/uploads\/2021\/03\/Prodigy.jpg\" \/>\n\t<meta property=\"og:image:width\" content=\"1000\" \/>\n\t<meta property=\"og:image:height\" content=\"1000\" \/>\n\t<meta property=\"og:image:type\" content=\"image\/jpeg\" \/>\n<meta name=\"twitter:card\" content=\"summary_large_image\" \/>\n<meta name=\"twitter:label1\" content=\"Dur\u00e9e de lecture estim\u00e9e\" \/>\n\t<meta name=\"twitter:data1\" content=\"1 minute\" \/>\n<script type=\"application\/ld+json\" class=\"yoast-schema-graph\">{\"@context\":\"https:\\\/\\\/schema.org\",\"@graph\":[{\"@type\":\"WebPage\",\"@id\":\"https:\\\/\\\/xactskateshop.com\\\/fr\\\/produit\\\/plaques-de-patins-a-roulettes-bont-prodigy\\\/\",\"url\":\"https:\\\/\\\/xactskateshop.com\\\/fr\\\/produit\\\/plaques-de-patins-a-roulettes-bont-prodigy\\\/\",\"name\":\"Plaques de patins \u00e0 roulettes BONT Prodigy - Xact Skate Shop\",\"isPartOf\":{\"@id\":\"http:\\\/\\\/xactskateshop.com\\\/fr\\\/#website\"},\"primaryImageOfPage\":{\"@id\":\"https:\\\/\\\/xactskateshop.com\\\/fr\\\/produit\\\/plaques-de-patins-a-roulettes-bont-prodigy\\\/#primaryimage\"},\"image\":{\"@id\":\"https:\\\/\\\/xactskateshop.com\\\/fr\\\/produit\\\/plaques-de-patins-a-roulettes-bont-prodigy\\\/#primaryimage\"},\"thumbnailUrl\":\"https:\\\/\\\/xactskateshop.com\\\/wp-content\\\/uploads\\\/2021\\\/03\\\/Prodigy.jpg\",\"datePublished\":\"2021-03-06T20:13:40+00:00\",\"breadcrumb\":{\"@id\":\"https:\\\/\\\/xactskateshop.com\\\/fr\\\/produit\\\/plaques-de-patins-a-roulettes-bont-prodigy\\\/#breadcrumb\"},\"inLanguage\":\"fr-FR\",\"potentialAction\":[{\"@type\":\"ReadAction\",\"target\":[\"https:\\\/\\\/xactskateshop.com\\\/fr\\\/produit\\\/plaques-de-patins-a-roulettes-bont-prodigy\\\/\"]}]},{\"@type\":\"ImageObject\",\"inLanguage\":\"fr-FR\",\"@id\":\"https:\\\/\\\/xactskateshop.com\\\/fr\\\/produit\\\/plaques-de-patins-a-roulettes-bont-prodigy\\\/#primaryimage\",\"url\":\"https:\\\/\\\/xactskateshop.com\\\/wp-content\\\/uploads\\\/2021\\\/03\\\/Prodigy.jpg\",\"contentUrl\":\"https:\\\/\\\/xactskateshop.com\\\/wp-content\\\/uploads\\\/2021\\\/03\\\/Prodigy.jpg\",\"width\":1000,\"height\":1000},{\"@type\":\"BreadcrumbList\",\"@id\":\"https:\\\/\\\/xactskateshop.com\\\/fr\\\/produit\\\/plaques-de-patins-a-roulettes-bont-prodigy\\\/#breadcrumb\",\"itemListElement\":[{\"@type\":\"ListItem\",\"position\":1,\"name\":\"Home\",\"item\":\"https:\\\/\\\/xactskateshop.com\\\/fr\\\/accueil\\\/\"},{\"@type\":\"ListItem\",\"position\":2,\"name\":\"Boutique\",\"item\":\"https:\\\/\\\/xactskateshop.com\\\/shop\\\/\"},{\"@type\":\"ListItem\",\"position\":3,\"name\":\"Plaques de patins \u00e0 roulettes BONT Prodigy\"}]},{\"@type\":\"WebSite\",\"@id\":\"http:\\\/\\\/xactskateshop.com\\\/fr\\\/#website\",\"url\":\"http:\\\/\\\/xactskateshop.com\\\/fr\\\/\",\"name\":\"Xact Skate Shop\",\"description\":\"Un site utilisant WordPress\",\"publisher\":{\"@id\":\"http:\\\/\\\/xactskateshop.com\\\/fr\\\/#organization\"},\"potentialAction\":[{\"@type\":\"SearchAction\",\"target\":{\"@type\":\"EntryPoint\",\"urlTemplate\":\"http:\\\/\\\/xactskateshop.com\\\/fr\\\/?s={search_term_string}\"},\"query-input\":{\"@type\":\"PropertyValueSpecification\",\"valueRequired\":true,\"valueName\":\"search_term_string\"}}],\"inLanguage\":\"fr-FR\"},{\"@type\":\"Organization\",\"@id\":\"http:\\\/\\\/xactskateshop.com\\\/fr\\\/#organization\",\"name\":\"XACT Skate Shop\",\"url\":\"http:\\\/\\\/xactskateshop.com\\\/fr\\\/\",\"logo\":{\"@type\":\"ImageObject\",\"inLanguage\":\"fr-FR\",\"@id\":\"http:\\\/\\\/xactskateshop.com\\\/fr\\\/#\\\/schema\\\/logo\\\/image\\\/\",\"url\":\"http:\\\/\\\/xactskateshop.com\\\/wp-content\\\/uploads\\\/2024\\\/04\\\/xactskateshop-dot-com-avec-contour-noir-sans-fond-675x.jpg\",\"contentUrl\":\"http:\\\/\\\/xactskateshop.com\\\/wp-content\\\/uploads\\\/2024\\\/04\\\/xactskateshop-dot-com-avec-contour-noir-sans-fond-675x.jpg\",\"width\":675,\"height\":247,\"caption\":\"XACT Skate Shop\"},\"image\":{\"@id\":\"http:\\\/\\\/xactskateshop.com\\\/fr\\\/#\\\/schema\\\/logo\\\/image\\\/\"},\"sameAs\":[\"https:\\\/\\\/www.facebook.com\\\/JeanLouiskateshop\"]}]}<\/script>\n<!-- \/ Yoast SEO plugin. -->","yoast_head_json":{"title":"Plaques de patins \u00e0 roulettes BONT Prodigy - Xact Skate Shop","robots":{"index":"index","follow":"follow","max-snippet":"max-snippet:-1","max-image-preview":"max-image-preview:large","max-video-preview":"max-video-preview:-1"},"canonical":"https:\/\/xactskateshop.com\/fr\/produit\/plaques-de-patins-a-roulettes-bont-prodigy\/","og_locale":"fr_FR","og_type":"article","og_title":"Plaques de patins \u00e0 roulettes BONT Prodigy - Xact Skate Shop","og_description":"La plaque de patin \u00e0 roulettes Bont Prodigy est l\u00e9g\u00e8re et abordable pour les d\u00e9butants et les patineurs de loisir. La base est un composite de nylon et de fibre de verre avec des bogies en aluminium \u00e0 20 degr\u00e9s d'action et des but\u00e9es de pied r\u00e9glables \u00e0 vis Allen. Cette plaque convient parfaitement au patinage int\u00e9rieur et ext\u00e9rieur, ainsi qu'au patinage en patinoire et au roller derby. Cette plaque de patin \u00e0 roulettes a \u00e9t\u00e9 test\u00e9e par l'\u00e9quipe de roller derby de Bont afin de s'assurer qu'elle peut r\u00e9sister aux combats de roller derby les plus durs. Cette plaque de patin \u00e0 roulettes a \u00e9t\u00e9 con\u00e7ue par Bont \u00e0 Sydney, en Australie. Cette plaque est \u00e9galement destin\u00e9e aux nouveaux patineurs de roller derby. Les roues sont bloqu\u00e9es par des \u00e9crous sur des axes de 8 mm.","og_url":"https:\/\/xactskateshop.com\/fr\/produit\/plaques-de-patins-a-roulettes-bont-prodigy\/","og_site_name":"Xact Skate Shop","article_publisher":"https:\/\/www.facebook.com\/JeanLouiskateshop","og_image":[{"width":1000,"height":1000,"url":"https:\/\/xactskateshop.com\/wp-content\/uploads\/2021\/03\/Prodigy.jpg","type":"image\/jpeg"}],"twitter_card":"summary_large_image","twitter_misc":{"Dur\u00e9e de lecture estim\u00e9e":"1 minute"},"schema":{"@context":"https:\/\/schema.org","@graph":[{"@type":"WebPage","@id":"https:\/\/xactskateshop.com\/fr\/produit\/plaques-de-patins-a-roulettes-bont-prodigy\/","url":"https:\/\/xactskateshop.com\/fr\/produit\/plaques-de-patins-a-roulettes-bont-prodigy\/","name":"Plaques de patins \u00e0 roulettes BONT Prodigy - Xact Skate Shop","isPartOf":{"@id":"http:\/\/xactskateshop.com\/fr\/#website"},"primaryImageOfPage":{"@id":"https:\/\/xactskateshop.com\/fr\/produit\/plaques-de-patins-a-roulettes-bont-prodigy\/#primaryimage"},"image":{"@id":"https:\/\/xactskateshop.com\/fr\/produit\/plaques-de-patins-a-roulettes-bont-prodigy\/#primaryimage"},"thumbnailUrl":"https:\/\/xactskateshop.com\/wp-content\/uploads\/2021\/03\/Prodigy.jpg","datePublished":"2021-03-06T20:13:40+00:00","breadcrumb":{"@id":"https:\/\/xactskateshop.com\/fr\/produit\/plaques-de-patins-a-roulettes-bont-prodigy\/#breadcrumb"},"inLanguage":"fr-FR","potentialAction":[{"@type":"ReadAction","target":["https:\/\/xactskateshop.com\/fr\/produit\/plaques-de-patins-a-roulettes-bont-prodigy\/"]}]},{"@type":"ImageObject","inLanguage":"fr-FR","@id":"https:\/\/xactskateshop.com\/fr\/produit\/plaques-de-patins-a-roulettes-bont-prodigy\/#primaryimage","url":"https:\/\/xactskateshop.com\/wp-content\/uploads\/2021\/03\/Prodigy.jpg","contentUrl":"https:\/\/xactskateshop.com\/wp-content\/uploads\/2021\/03\/Prodigy.jpg","width":1000,"height":1000},{"@type":"BreadcrumbList","@id":"https:\/\/xactskateshop.com\/fr\/produit\/plaques-de-patins-a-roulettes-bont-prodigy\/#breadcrumb","itemListElement":[{"@type":"ListItem","position":1,"name":"Home","item":"https:\/\/xactskateshop.com\/fr\/accueil\/"},{"@type":"ListItem","position":2,"name":"Boutique","item":"https:\/\/xactskateshop.com\/shop\/"},{"@type":"ListItem","position":3,"name":"Plaques de patins \u00e0 roulettes BONT Prodigy"}]},{"@type":"WebSite","@id":"http:\/\/xactskateshop.com\/fr\/#website","url":"http:\/\/xactskateshop.com\/fr\/","name":"Xact Skate Shop","description":"Un site utilisant WordPress","publisher":{"@id":"http:\/\/xactskateshop.com\/fr\/#organization"},"potentialAction":[{"@type":"SearchAction","target":{"@type":"EntryPoint","urlTemplate":"http:\/\/xactskateshop.com\/fr\/?s={search_term_string}"},"query-input":{"@type":"PropertyValueSpecification","valueRequired":true,"valueName":"search_term_string"}}],"inLanguage":"fr-FR"},{"@type":"Organization","@id":"http:\/\/xactskateshop.com\/fr\/#organization","name":"XACT Skate Shop","url":"http:\/\/xactskateshop.com\/fr\/","logo":{"@type":"ImageObject","inLanguage":"fr-FR","@id":"http:\/\/xactskateshop.com\/fr\/#\/schema\/logo\/image\/","url":"http:\/\/xactskateshop.com\/wp-content\/uploads\/2024\/04\/xactskateshop-dot-com-avec-contour-noir-sans-fond-675x.jpg","contentUrl":"http:\/\/xactskateshop.com\/wp-content\/uploads\/2024\/04\/xactskateshop-dot-com-avec-contour-noir-sans-fond-675x.jpg","width":675,"height":247,"caption":"XACT Skate Shop"},"image":{"@id":"http:\/\/xactskateshop.com\/fr\/#\/schema\/logo\/image\/"},"sameAs":["https:\/\/www.facebook.com\/JeanLouiskateshop"]}]}},"_links":{"self":[{"href":"https:\/\/xactskateshop.com\/fr\/wp-json\/wp\/v2\/product\/59728","targetHints":{"allow":["GET"]}}],"collection":[{"href":"https:\/\/xactskateshop.com\/fr\/wp-json\/wp\/v2\/product"}],"about":[{"href":"https:\/\/xactskateshop.com\/fr\/wp-json\/wp\/v2\/types\/product"}],"replies":[{"embeddable":true,"href":"https:\/\/xactskateshop.com\/fr\/wp-json\/wp\/v2\/comments?post=59728"}],"wp:featuredmedia":[{"embeddable":true,"href":"https:\/\/xactskateshop.com\/fr\/wp-json\/wp\/v2\/media\/28787"}],"wp:attachment":[{"href":"https:\/\/xactskateshop.com\/fr\/wp-json\/wp\/v2\/media?parent=59728"}],"wp:term":[{"taxonomy":"product_brand","embeddable":true,"href":"https:\/\/xactskateshop.com\/fr\/wp-json\/wp\/v2\/product_brand?post=59728"},{"taxonomy":"product_cat","embeddable":true,"href":"https:\/\/xactskateshop.com\/fr\/wp-json\/wp\/v2\/product_cat?post=59728"},{"taxonomy":"product_tag","embeddable":true,"href":"https:\/\/xactskateshop.com\/fr\/wp-json\/wp\/v2\/product_tag?post=59728"}],"curies":[{"name":"wp","href":"https:\/\/api.w.org\/{rel}","templated":true}]}}