{"id":59715,"date":"2021-03-06T15:06:13","date_gmt":"2021-03-06T20:06:13","guid":{"rendered":"http:\/\/xactskateshop.com\/product\/plaques-de-patins-a-roulettes-bont-tracer\/"},"modified":"2021-03-06T15:06:13","modified_gmt":"2021-03-06T20:06:13","slug":"plaques-de-patins-a-roulettes-bont-tracer","status":"publish","type":"product","link":"https:\/\/xactskateshop.com\/fr\/produit\/plaques-de-patins-a-roulettes-bont-tracer\/","title":{"rendered":"Plaques de patins \u00e0 roulettes BONT Tracer"},"content":{"rendered":"<p>La plaque de roller derby Bont Tracer est la plaque parfaite pour tous les patineurs. Le ch\u00e2ssis est fabriqu\u00e9 en aluminium a\u00e9ronautique extrud\u00e9 6061 avec des bogies moul\u00e9s en une seule pi\u00e8ce pour rendre cette plaque solide et abordable. L&#8217;angle de 20 degr\u00e9s du pivot est id\u00e9al pour effectuer des virages serr\u00e9s, ainsi que pour la vitesse et la stabilit\u00e9. Cette plaque convient aux enfants, aux gar\u00e7ons, aux filles, aux femmes et aux hommes de tous \u00e2ges et de tous niveaux. Elle peut \u00eatre utilis\u00e9e pour le patinage en salle, le patinage en ext\u00e9rieur, le patinage en patinoire et le roller derby. Cette plaque de patin \u00e0 roulettes en aluminium est une am\u00e9lioration par rapport \u00e0 une plaque de patin \u00e0 roulettes en nylon. Elle convient \u00e0 tous les types de patinage \u00e0 roulettes, et pas seulement au roller derby.      <\/p>\n<p><strong>Caract\u00e9ristiques<\/strong><\/p>\n<ul>\n<li><strong>Action :<\/strong> angle de 20 degr\u00e9s du camion<\/li>\n<li><strong>Mat\u00e9riau de base :<\/strong> Aluminium a\u00e9ronautique 6061<\/li>\n<li><strong>\u00c9pingle \u00e0 cheveux :<\/strong> Acier<\/li>\n<li><strong>Contre-\u00e9crou du pivot : <\/strong>douille de 9\/16&#8243; pour le r\u00e9glage<\/li>\n<li><strong>Duret\u00e9 des coussins :<\/strong> 88A coussins en ur\u00e9thane standard<\/li>\n<li><strong>Camions :<\/strong> Bateau moul\u00e9 d&#8217;une seule pi\u00e8ce<\/li>\n<li><strong>Axes :<\/strong> 8mm<\/li>\n<li><strong>But\u00e9e de pied :<\/strong> Vis \u00e0 t\u00eate cylindrique r\u00e9glable de 5 mm, filetage imp\u00e9rial (standard)<\/li>\n<\/ul>\n<p>*Le mat\u00e9riel de <strong> montage<\/strong>doit \u00eatre achet\u00e9 s\u00e9par\u00e9ment car il n&#8217;est pas inclus.<\/p>\n<p>*Compatible avec tous les blocs qui s&#8217;adaptent aux camions de 20\u00b0.<\/p>\n<p>*Compatible uniquement avec Discotrux<\/p>\n<p><strong>Comment installer Discotrux sur la plaque de tra\u00e7age :<br \/>\n<\/strong>https:\/\/www.youtube.com\/watch?v=1RRApftWQNU<\/p>\n<p><strong>Comment installer les blocs de broyage sur la plaque de tra\u00e7age :<br \/>\n<\/strong>https:\/\/www.youtube.com\/watch?v=-JbWN56cphY<\/p>\n","protected":false},"excerpt":{"rendered":"<p>La plaque de roller derby Bont Tracer est la plaque parfaite pour tous les patineurs. Le ch\u00e2ssis est fabriqu\u00e9 en aluminium a\u00e9ronautique extrud\u00e9 6061 avec des bogies moul\u00e9s en une seule pi\u00e8ce pour rendre cette plaque solide et abordable. L&#8217;angle de 20 degr\u00e9s du pivot est id\u00e9al pour effectuer des virages serr\u00e9s, ainsi que pour la vitesse et la stabilit\u00e9. Cette plaque convient aux enfants, aux gar\u00e7ons, aux filles, aux femmes et aux hommes de tous \u00e2ges et de tous niveaux. Elle peut \u00eatre utilis\u00e9e pour le patinage en salle, le patinage en ext\u00e9rieur, le patinage en patinoire et le roller derby. Cette plaque de patin \u00e0 roulettes en aluminium est une am\u00e9lioration par rapport \u00e0 une plaque de patin \u00e0 roulettes en nylon. Elle convient \u00e0 tous les types de patinage \u00e0 roulettes, et pas seulement au roller derby.      <\/p>\n","protected":false},"featured_media":28783,"comment_status":"closed","ping_status":"closed","template":"","meta":{"site-sidebar-layout":"default","site-content-layout":"default","ast-site-content-layout":"default","site-content-style":"default","site-sidebar-style":"default","ast-global-header-display":"","ast-banner-title-visibility":"","ast-main-header-display":"","ast-hfb-above-header-display":"","ast-hfb-below-header-display":"","ast-hfb-mobile-header-display":"","site-post-title":"","ast-breadcrumbs-content":"","ast-featured-img":"","footer-sml-layout":"","theme-transparent-header-meta":"default","adv-header-id-meta":"","stick-header-meta":"","header-above-stick-meta":"","header-main-stick-meta":"","header-below-stick-meta":"","astra-migrate-meta-layouts":"default","ast-page-background-enabled":"default","ast-page-background-meta":{"desktop":{"background-color":"","background-image":"","background-repeat":"repeat","background-position":"center center","background-size":"auto","background-attachment":"scroll","background-type":"","background-media":"","overlay-type":"","overlay-color":"","overlay-opacity":"","overlay-gradient":""},"tablet":{"background-color":"","background-image":"","background-repeat":"repeat","background-position":"center center","background-size":"auto","background-attachment":"scroll","background-type":"","background-media":"","overlay-type":"","overlay-color":"","overlay-opacity":"","overlay-gradient":""},"mobile":{"background-color":"","background-image":"","background-repeat":"repeat","background-position":"center center","background-size":"auto","background-attachment":"scroll","background-type":"","background-media":"","overlay-type":"","overlay-color":"","overlay-opacity":"","overlay-gradient":""}},"ast-content-background-meta":{"desktop":{"background-color":"var(--ast-global-color-5)","background-image":"","background-repeat":"repeat","background-position":"center center","background-size":"auto","background-attachment":"scroll","background-type":"","background-media":"","overlay-type":"","overlay-color":"","overlay-opacity":"","overlay-gradient":""},"tablet":{"background-color":"var(--ast-global-color-5)","background-image":"","background-repeat":"repeat","background-position":"center center","background-size":"auto","background-attachment":"scroll","background-type":"","background-media":"","overlay-type":"","overlay-color":"","overlay-opacity":"","overlay-gradient":""},"mobile":{"background-color":"var(--ast-global-color-5)","background-image":"","background-repeat":"repeat","background-position":"center center","background-size":"auto","background-attachment":"scroll","background-type":"","background-media":"","overlay-type":"","overlay-color":"","overlay-opacity":"","overlay-gradient":""}}},"product_brand":[],"product_cat":[1652,1838],"product_tag":[1385,1788,1784,2123,2126,2122,2125,1885,2124],"class_list":{"0":"post-59715","1":"product","2":"type-product","3":"status-publish","4":"has-post-thumbnail","6":"product_cat-patins-a-roulettes","7":"product_cat-platines","8":"product_tag-boutique-xactskate","9":"product_tag-equipement-de-sport-fr","10":"product_tag-materiel-de-sport","11":"product_tag-plaques-de-tracage","12":"product_tag-plaques-rollerderby","13":"product_tag-platine-de-rollerderby-fr","14":"product_tag-rollerderby-fr","15":"product_tag-sports-fr","16":"product_tag-traceur-de-platines","17":"desktop-align-center","18":"tablet-align-center","19":"mobile-align-center","20":"ast-product-gallery-layout-horizontal","21":"ast-product-single-variable","22":"ast-product-tabs-layout-horizontal","23":"ast-qv-on-image","25":"first","26":"instock","27":"sale","28":"taxable","29":"shipping-taxable","30":"purchasable","31":"product-type-variable"},"bundled_by":[],"bundle_stock_status":"instock","bundle_stock_quantity":null,"bundle_virtual":false,"bundle_layout":"","bundle_add_to_cart_form_location":"","bundle_editable_in_cart":false,"bundle_sold_individually_context":"","bundle_item_grouping":"","bundle_min_size":"","bundle_max_size":"","bundle_price":[],"bundled_items":[],"bundle_sell_ids":[],"yoast_head":"<!-- This site is optimized with the Yoast SEO plugin v27.4 - https:\/\/yoast.com\/product\/yoast-seo-wordpress\/ -->\n<title>Plaques de patins \u00e0 roulettes BONT Tracer - Xact Skate Shop<\/title>\n<meta name=\"robots\" content=\"index, follow, max-snippet:-1, max-image-preview:large, max-video-preview:-1\" \/>\n<link rel=\"canonical\" href=\"https:\/\/xactskateshop.com\/fr\/produit\/plaques-de-patins-a-roulettes-bont-tracer\/\" \/>\n<meta property=\"og:locale\" content=\"fr_FR\" \/>\n<meta property=\"og:type\" content=\"article\" \/>\n<meta property=\"og:title\" content=\"Plaques de patins \u00e0 roulettes BONT Tracer - Xact Skate Shop\" \/>\n<meta property=\"og:description\" content=\"La plaque de roller derby Bont Tracer est la plaque parfaite pour tous les patineurs. Le ch\u00e2ssis est fabriqu\u00e9 en aluminium a\u00e9ronautique extrud\u00e9 6061 avec des bogies moul\u00e9s en une seule pi\u00e8ce pour rendre cette plaque solide et abordable. L&#039;angle de 20 degr\u00e9s du pivot est id\u00e9al pour effectuer des virages serr\u00e9s, ainsi que pour la vitesse et la stabilit\u00e9. Cette plaque convient aux enfants, aux gar\u00e7ons, aux filles, aux femmes et aux hommes de tous \u00e2ges et de tous niveaux. Elle peut \u00eatre utilis\u00e9e pour le patinage en salle, le patinage en ext\u00e9rieur, le patinage en patinoire et le roller derby. Cette plaque de patin \u00e0 roulettes en aluminium est une am\u00e9lioration par rapport \u00e0 une plaque de patin \u00e0 roulettes en nylon. Elle convient \u00e0 tous les types de patinage \u00e0 roulettes, et pas seulement au roller derby.\" \/>\n<meta property=\"og:url\" content=\"https:\/\/xactskateshop.com\/fr\/produit\/plaques-de-patins-a-roulettes-bont-tracer\/\" \/>\n<meta property=\"og:site_name\" content=\"Xact Skate Shop\" \/>\n<meta property=\"article:publisher\" content=\"https:\/\/www.facebook.com\/JeanLouiskateshop\" \/>\n<meta property=\"og:image\" content=\"https:\/\/xactskateshop.com\/wp-content\/uploads\/2021\/03\/Tracer-Derby_Front.jpg\" \/>\n\t<meta property=\"og:image:width\" content=\"1000\" \/>\n\t<meta property=\"og:image:height\" content=\"1000\" \/>\n\t<meta property=\"og:image:type\" content=\"image\/jpeg\" \/>\n<meta name=\"twitter:card\" content=\"summary_large_image\" \/>\n<meta name=\"twitter:label1\" content=\"Dur\u00e9e de lecture estim\u00e9e\" \/>\n\t<meta name=\"twitter:data1\" content=\"1 minute\" \/>\n<script type=\"application\/ld+json\" class=\"yoast-schema-graph\">{\"@context\":\"https:\\\/\\\/schema.org\",\"@graph\":[{\"@type\":\"WebPage\",\"@id\":\"https:\\\/\\\/xactskateshop.com\\\/fr\\\/produit\\\/plaques-de-patins-a-roulettes-bont-tracer\\\/\",\"url\":\"https:\\\/\\\/xactskateshop.com\\\/fr\\\/produit\\\/plaques-de-patins-a-roulettes-bont-tracer\\\/\",\"name\":\"Plaques de patins \u00e0 roulettes BONT Tracer - Xact Skate Shop\",\"isPartOf\":{\"@id\":\"http:\\\/\\\/xactskateshop.com\\\/fr\\\/#website\"},\"primaryImageOfPage\":{\"@id\":\"https:\\\/\\\/xactskateshop.com\\\/fr\\\/produit\\\/plaques-de-patins-a-roulettes-bont-tracer\\\/#primaryimage\"},\"image\":{\"@id\":\"https:\\\/\\\/xactskateshop.com\\\/fr\\\/produit\\\/plaques-de-patins-a-roulettes-bont-tracer\\\/#primaryimage\"},\"thumbnailUrl\":\"https:\\\/\\\/xactskateshop.com\\\/wp-content\\\/uploads\\\/2021\\\/03\\\/Tracer-Derby_Front.jpg\",\"datePublished\":\"2021-03-06T20:06:13+00:00\",\"breadcrumb\":{\"@id\":\"https:\\\/\\\/xactskateshop.com\\\/fr\\\/produit\\\/plaques-de-patins-a-roulettes-bont-tracer\\\/#breadcrumb\"},\"inLanguage\":\"fr-FR\",\"potentialAction\":[{\"@type\":\"ReadAction\",\"target\":[\"https:\\\/\\\/xactskateshop.com\\\/fr\\\/produit\\\/plaques-de-patins-a-roulettes-bont-tracer\\\/\"]}]},{\"@type\":\"ImageObject\",\"inLanguage\":\"fr-FR\",\"@id\":\"https:\\\/\\\/xactskateshop.com\\\/fr\\\/produit\\\/plaques-de-patins-a-roulettes-bont-tracer\\\/#primaryimage\",\"url\":\"https:\\\/\\\/xactskateshop.com\\\/wp-content\\\/uploads\\\/2021\\\/03\\\/Tracer-Derby_Front.jpg\",\"contentUrl\":\"https:\\\/\\\/xactskateshop.com\\\/wp-content\\\/uploads\\\/2021\\\/03\\\/Tracer-Derby_Front.jpg\",\"width\":1000,\"height\":1000},{\"@type\":\"BreadcrumbList\",\"@id\":\"https:\\\/\\\/xactskateshop.com\\\/fr\\\/produit\\\/plaques-de-patins-a-roulettes-bont-tracer\\\/#breadcrumb\",\"itemListElement\":[{\"@type\":\"ListItem\",\"position\":1,\"name\":\"Home\",\"item\":\"https:\\\/\\\/xactskateshop.com\\\/fr\\\/accueil\\\/\"},{\"@type\":\"ListItem\",\"position\":2,\"name\":\"Boutique\",\"item\":\"https:\\\/\\\/xactskateshop.com\\\/shop\\\/\"},{\"@type\":\"ListItem\",\"position\":3,\"name\":\"Plaques de patins \u00e0 roulettes BONT Tracer\"}]},{\"@type\":\"WebSite\",\"@id\":\"http:\\\/\\\/xactskateshop.com\\\/fr\\\/#website\",\"url\":\"http:\\\/\\\/xactskateshop.com\\\/fr\\\/\",\"name\":\"Xact Skate Shop\",\"description\":\"Un site utilisant WordPress\",\"publisher\":{\"@id\":\"http:\\\/\\\/xactskateshop.com\\\/fr\\\/#organization\"},\"potentialAction\":[{\"@type\":\"SearchAction\",\"target\":{\"@type\":\"EntryPoint\",\"urlTemplate\":\"http:\\\/\\\/xactskateshop.com\\\/fr\\\/?s={search_term_string}\"},\"query-input\":{\"@type\":\"PropertyValueSpecification\",\"valueRequired\":true,\"valueName\":\"search_term_string\"}}],\"inLanguage\":\"fr-FR\"},{\"@type\":\"Organization\",\"@id\":\"http:\\\/\\\/xactskateshop.com\\\/fr\\\/#organization\",\"name\":\"XACT Skate Shop\",\"url\":\"http:\\\/\\\/xactskateshop.com\\\/fr\\\/\",\"logo\":{\"@type\":\"ImageObject\",\"inLanguage\":\"fr-FR\",\"@id\":\"http:\\\/\\\/xactskateshop.com\\\/fr\\\/#\\\/schema\\\/logo\\\/image\\\/\",\"url\":\"http:\\\/\\\/xactskateshop.com\\\/wp-content\\\/uploads\\\/2024\\\/04\\\/xactskateshop-dot-com-avec-contour-noir-sans-fond-675x.jpg\",\"contentUrl\":\"http:\\\/\\\/xactskateshop.com\\\/wp-content\\\/uploads\\\/2024\\\/04\\\/xactskateshop-dot-com-avec-contour-noir-sans-fond-675x.jpg\",\"width\":675,\"height\":247,\"caption\":\"XACT Skate Shop\"},\"image\":{\"@id\":\"http:\\\/\\\/xactskateshop.com\\\/fr\\\/#\\\/schema\\\/logo\\\/image\\\/\"},\"sameAs\":[\"https:\\\/\\\/www.facebook.com\\\/JeanLouiskateshop\"]}]}<\/script>\n<!-- \/ Yoast SEO plugin. -->","yoast_head_json":{"title":"Plaques de patins \u00e0 roulettes BONT Tracer - Xact Skate Shop","robots":{"index":"index","follow":"follow","max-snippet":"max-snippet:-1","max-image-preview":"max-image-preview:large","max-video-preview":"max-video-preview:-1"},"canonical":"https:\/\/xactskateshop.com\/fr\/produit\/plaques-de-patins-a-roulettes-bont-tracer\/","og_locale":"fr_FR","og_type":"article","og_title":"Plaques de patins \u00e0 roulettes BONT Tracer - Xact Skate Shop","og_description":"La plaque de roller derby Bont Tracer est la plaque parfaite pour tous les patineurs. Le ch\u00e2ssis est fabriqu\u00e9 en aluminium a\u00e9ronautique extrud\u00e9 6061 avec des bogies moul\u00e9s en une seule pi\u00e8ce pour rendre cette plaque solide et abordable. L'angle de 20 degr\u00e9s du pivot est id\u00e9al pour effectuer des virages serr\u00e9s, ainsi que pour la vitesse et la stabilit\u00e9. Cette plaque convient aux enfants, aux gar\u00e7ons, aux filles, aux femmes et aux hommes de tous \u00e2ges et de tous niveaux. Elle peut \u00eatre utilis\u00e9e pour le patinage en salle, le patinage en ext\u00e9rieur, le patinage en patinoire et le roller derby. Cette plaque de patin \u00e0 roulettes en aluminium est une am\u00e9lioration par rapport \u00e0 une plaque de patin \u00e0 roulettes en nylon. Elle convient \u00e0 tous les types de patinage \u00e0 roulettes, et pas seulement au roller derby.","og_url":"https:\/\/xactskateshop.com\/fr\/produit\/plaques-de-patins-a-roulettes-bont-tracer\/","og_site_name":"Xact Skate Shop","article_publisher":"https:\/\/www.facebook.com\/JeanLouiskateshop","og_image":[{"width":1000,"height":1000,"url":"https:\/\/xactskateshop.com\/wp-content\/uploads\/2021\/03\/Tracer-Derby_Front.jpg","type":"image\/jpeg"}],"twitter_card":"summary_large_image","twitter_misc":{"Dur\u00e9e de lecture estim\u00e9e":"1 minute"},"schema":{"@context":"https:\/\/schema.org","@graph":[{"@type":"WebPage","@id":"https:\/\/xactskateshop.com\/fr\/produit\/plaques-de-patins-a-roulettes-bont-tracer\/","url":"https:\/\/xactskateshop.com\/fr\/produit\/plaques-de-patins-a-roulettes-bont-tracer\/","name":"Plaques de patins \u00e0 roulettes BONT Tracer - Xact Skate Shop","isPartOf":{"@id":"http:\/\/xactskateshop.com\/fr\/#website"},"primaryImageOfPage":{"@id":"https:\/\/xactskateshop.com\/fr\/produit\/plaques-de-patins-a-roulettes-bont-tracer\/#primaryimage"},"image":{"@id":"https:\/\/xactskateshop.com\/fr\/produit\/plaques-de-patins-a-roulettes-bont-tracer\/#primaryimage"},"thumbnailUrl":"https:\/\/xactskateshop.com\/wp-content\/uploads\/2021\/03\/Tracer-Derby_Front.jpg","datePublished":"2021-03-06T20:06:13+00:00","breadcrumb":{"@id":"https:\/\/xactskateshop.com\/fr\/produit\/plaques-de-patins-a-roulettes-bont-tracer\/#breadcrumb"},"inLanguage":"fr-FR","potentialAction":[{"@type":"ReadAction","target":["https:\/\/xactskateshop.com\/fr\/produit\/plaques-de-patins-a-roulettes-bont-tracer\/"]}]},{"@type":"ImageObject","inLanguage":"fr-FR","@id":"https:\/\/xactskateshop.com\/fr\/produit\/plaques-de-patins-a-roulettes-bont-tracer\/#primaryimage","url":"https:\/\/xactskateshop.com\/wp-content\/uploads\/2021\/03\/Tracer-Derby_Front.jpg","contentUrl":"https:\/\/xactskateshop.com\/wp-content\/uploads\/2021\/03\/Tracer-Derby_Front.jpg","width":1000,"height":1000},{"@type":"BreadcrumbList","@id":"https:\/\/xactskateshop.com\/fr\/produit\/plaques-de-patins-a-roulettes-bont-tracer\/#breadcrumb","itemListElement":[{"@type":"ListItem","position":1,"name":"Home","item":"https:\/\/xactskateshop.com\/fr\/accueil\/"},{"@type":"ListItem","position":2,"name":"Boutique","item":"https:\/\/xactskateshop.com\/shop\/"},{"@type":"ListItem","position":3,"name":"Plaques de patins \u00e0 roulettes BONT Tracer"}]},{"@type":"WebSite","@id":"http:\/\/xactskateshop.com\/fr\/#website","url":"http:\/\/xactskateshop.com\/fr\/","name":"Xact Skate Shop","description":"Un site utilisant WordPress","publisher":{"@id":"http:\/\/xactskateshop.com\/fr\/#organization"},"potentialAction":[{"@type":"SearchAction","target":{"@type":"EntryPoint","urlTemplate":"http:\/\/xactskateshop.com\/fr\/?s={search_term_string}"},"query-input":{"@type":"PropertyValueSpecification","valueRequired":true,"valueName":"search_term_string"}}],"inLanguage":"fr-FR"},{"@type":"Organization","@id":"http:\/\/xactskateshop.com\/fr\/#organization","name":"XACT Skate Shop","url":"http:\/\/xactskateshop.com\/fr\/","logo":{"@type":"ImageObject","inLanguage":"fr-FR","@id":"http:\/\/xactskateshop.com\/fr\/#\/schema\/logo\/image\/","url":"http:\/\/xactskateshop.com\/wp-content\/uploads\/2024\/04\/xactskateshop-dot-com-avec-contour-noir-sans-fond-675x.jpg","contentUrl":"http:\/\/xactskateshop.com\/wp-content\/uploads\/2024\/04\/xactskateshop-dot-com-avec-contour-noir-sans-fond-675x.jpg","width":675,"height":247,"caption":"XACT Skate Shop"},"image":{"@id":"http:\/\/xactskateshop.com\/fr\/#\/schema\/logo\/image\/"},"sameAs":["https:\/\/www.facebook.com\/JeanLouiskateshop"]}]}},"_links":{"self":[{"href":"https:\/\/xactskateshop.com\/fr\/wp-json\/wp\/v2\/product\/59715","targetHints":{"allow":["GET"]}}],"collection":[{"href":"https:\/\/xactskateshop.com\/fr\/wp-json\/wp\/v2\/product"}],"about":[{"href":"https:\/\/xactskateshop.com\/fr\/wp-json\/wp\/v2\/types\/product"}],"replies":[{"embeddable":true,"href":"https:\/\/xactskateshop.com\/fr\/wp-json\/wp\/v2\/comments?post=59715"}],"wp:featuredmedia":[{"embeddable":true,"href":"https:\/\/xactskateshop.com\/fr\/wp-json\/wp\/v2\/media\/28783"}],"wp:attachment":[{"href":"https:\/\/xactskateshop.com\/fr\/wp-json\/wp\/v2\/media?parent=59715"}],"wp:term":[{"taxonomy":"product_brand","embeddable":true,"href":"https:\/\/xactskateshop.com\/fr\/wp-json\/wp\/v2\/product_brand?post=59715"},{"taxonomy":"product_cat","embeddable":true,"href":"https:\/\/xactskateshop.com\/fr\/wp-json\/wp\/v2\/product_cat?post=59715"},{"taxonomy":"product_tag","embeddable":true,"href":"https:\/\/xactskateshop.com\/fr\/wp-json\/wp\/v2\/product_tag?post=59715"}],"curies":[{"name":"wp","href":"https:\/\/api.w.org\/{rel}","templated":true}]}}