{"id":59708,"date":"2021-03-04T15:51:40","date_gmt":"2021-03-04T20:51:40","guid":{"rendered":"http:\/\/xactskateshop.com\/product\/rollerbones-team-roues-dinterieur-57mm-8\/"},"modified":"2026-04-07T16:59:53","modified_gmt":"2026-04-07T20:59:53","slug":"rollerbones-team-roues-dinterieur-57mm-8","status":"publish","type":"product","link":"https:\/\/xactskateshop.com\/fr\/produit\/rollerbones-team-roues-dinterieur-57mm-8\/","title":{"rendered":"Roues d&#8217;int\u00e9rieur ROLLERBONES TEAM (8)"},"content":{"rendered":"<h3 data-section-id=\"olhel6\" data-start=\"90\" data-end=\"168\"><span role=\"text\"><strong data-start=\"94\" data-end=\"168\">Roues d&#8217;int\u00e9rieur ROLLERBONES TEAM <\/strong><\/span><\/h3>\n<h3 data-section-id=\"olhel6\" data-start=\"90\" data-end=\"168\"><span role=\"text\"><strong data-start=\"94\" data-end=\"168\"> Des performances fiables \u00e0 un prix avantageux<\/strong><\/span><\/h3>\n<p data-start=\"170\" data-end=\"443\">Les roues d&#8217;int\u00e9rieur Rollerbones Team sont un excellent choix pour les patineurs de loisir recherchant une performance fiable en salle. Reconnues pour leur constance et leur rapport qualit\u00e9-prix, ces roues offrent une glisse fluide et contr\u00f4l\u00e9e, id\u00e9ale pour le patinage sur piste et une utilisation occasionnelle. <\/p>\n<p data-start=\"445\" data-end=\"610\">Que vous soyez en balade, en train de travailler vos pas de danse ou simplement de profiter du moment sur la piste, ces roues offrent un excellent \u00e9quilibre entre adh\u00e9rence et roulement, sans vous ruiner.<\/p>\n<hr data-start=\"612\" data-end=\"615\">\n<h3 data-section-id=\"17x76hq\" data-start=\"617\" data-end=\"645\"><span role=\"text\"><strong data-start=\"621\" data-end=\"645\">Pourquoi vous les aimerez?<\/strong><\/span><\/h3>\n<p data-start=\"647\" data-end=\"828\">Id\u00e9ales pour le patinage en salle<br data-start=\"675\" data-end=\"678\">Con\u00e7ues sp\u00e9cifiquement pour les surfaces lisses int\u00e9rieures, ces roues offrent une adh\u00e9rence pr\u00e9visible et un roulement facile, ce qui les rend id\u00e9ales pour les s\u00e9ances de loisirs.<\/p>\n<p data-start=\"830\" data-end=\"970\">Performances constantes<br data-start=\"856\" data-end=\"859\">Fabriqu\u00e9s avec la formule RBA fiable de Rollerbones, ils garantissent durabilit\u00e9 et sensations stables s\u00e9ance apr\u00e8s s\u00e9ance.<\/p>\n<p data-start=\"972\" data-end=\"1058\">Plusieurs niveaux de duret\u00e9<br data-start=\"1001\" data-end=\"1004\">Disponible en 98A et 101A, vous permettant de choisir :<\/p>\n<ul data-start=\"1059\" data-end=\"1149\">\n<li data-section-id=\"1dn2qo\" data-start=\"1059\" data-end=\"1107\">98A \u2192 L\u00e9g\u00e8rement plus d&#8217;adh\u00e9rence, meilleur contr\u00f4le<\/li>\n<li data-section-id=\"pm06zr\" data-start=\"1108\" data-end=\"1149\">101A \u2192 Roulement plus rapide, moins de r\u00e9sistance<\/li>\n<\/ul>\n<p data-start=\"1151\" data-end=\"1250\">Tailles polyvalentes Disponibles en diam\u00e8tres de 57 mm \u00e0 62 mm, pour un r\u00e9glage pr\u00e9cis :<\/p>\n<ul data-start=\"1251\" data-end=\"1308\">\n<li data-section-id=\"ezws4v\" data-start=\"1251\" data-end=\"1277\">Plus petit = plus d&#8217;agilit\u00e9<\/li>\n<li data-section-id=\"s5ydb2\" data-start=\"1278\" data-end=\"1308\">Plus grand = plus de vitesse et de roulis<\/li>\n<\/ul>\n<p data-start=\"1310\" data-end=\"1445\">Un look \u00e9pur\u00e9 et classique<br data-start=\"1333\" data-end=\"1336\">Disponible dans une vari\u00e9t\u00e9 de couleurs (blanc, noir, vert, violet, bleu, jaune, rose) pour s&#8217;accorder \u00e0 votre style de skate.<\/p>\n<hr data-start=\"1447\" data-end=\"1450\">\n<h3 data-section-id=\"2l0mzs\" data-start=\"1452\" data-end=\"1474\"><span role=\"text\"><strong data-start=\"1456\" data-end=\"1474\">Sp\u00e9cifications<\/strong><\/span><\/h3>\n<ul data-start=\"1476\" data-end=\"1709\">\n<li data-section-id=\"15w8udc\" data-start=\"1476\" data-end=\"1505\"><strong data-start=\"1478\" data-end=\"1491\">Diam\u00e8tre:<\/strong> 57mm \u2013 62mm<\/li>\n<li data-section-id=\"1wktl7b\" data-start=\"1506\" data-end=\"1525\"><strong data-start=\"1508\" data-end=\"1518\">Largeur:<\/strong> 30mm<\/li>\n<li data-section-id=\"agouag\" data-start=\"1526\" data-end=\"1554\"><strong data-start=\"1528\" data-end=\"1541\">Duret\u00e9:<\/strong> 98A \/ 101A<\/li>\n<li data-section-id=\"4sf94d\" data-start=\"1555\" data-end=\"1575\"><strong data-start=\"1557\" data-end=\"1569\">Formule:<\/strong> RBA<\/li>\n<li data-section-id=\"7tjar4\" data-start=\"1576\" data-end=\"1626\">Surface : Lisse (id\u00e9ale pour les patinoires int\u00e9rieures)<\/li>\n<li data-section-id=\"pappaa\" data-start=\"1627\" data-end=\"1666\"><strong data-start=\"1629\" data-end=\"1638\">Centre:<\/strong> Aucun (construction solide)<\/li>\n<li data-section-id=\"1hoeqr5\" data-start=\"1667\" data-end=\"1709\"><strong data-start=\"1669\" data-end=\"1677\">Usage:<\/strong> R\u00e9cr\u00e9atif \/ Int\u00e9rieur<\/li>\n<\/ul>\n<hr data-start=\"1711\" data-end=\"1714\">\n<h3 data-section-id=\"1das9iw\" data-start=\"1716\" data-end=\"1733\"><span role=\"text\"><strong data-start=\"1720\" data-end=\"1733\">Id\u00e9al pour<\/strong><\/span><\/h3>\n<ul data-start=\"1734\" data-end=\"1845\">\n<li data-section-id=\"r9n9gq\" data-start=\"1734\" data-end=\"1757\">Patinoire int\u00e9rieure<\/li>\n<li data-section-id=\"12350p9\" data-start=\"1758\" data-end=\"1811\">Patineurs r\u00e9cr\u00e9atifs et d\u00e9butants \u00e0 interm\u00e9diaires<\/li>\n<li data-section-id=\"7sdc8\" data-start=\"1812\" data-end=\"1845\">Sessions de patinage libre \/ sessions d\u00e9contract\u00e9es<\/li>\n<\/ul>\n","protected":false},"excerpt":{"rendered":"<hr>\n<p style=\"text-align: center;\">Roues d&#8217;int\u00e9rieur Rollerbones Team :<br \/>\nLes roues RollerBones Team sont id\u00e9ales pour les s\u00e9ances de loisirs en salle et sont propos\u00e9es \u00e0 un excellent prix. Offert en diff\u00e9rentes couleurs pour s&#8217;adapter \u00e0 votre configuration de patin.<\/p>\n<hr>\n<p>&nbsp;<\/p>\n","protected":false},"featured_media":28765,"comment_status":"closed","ping_status":"closed","template":"","meta":{"site-sidebar-layout":"default","site-content-layout":"default","ast-site-content-layout":"default","site-content-style":"default","site-sidebar-style":"default","ast-global-header-display":"","ast-banner-title-visibility":"","ast-main-header-display":"","ast-hfb-above-header-display":"","ast-hfb-below-header-display":"","ast-hfb-mobile-header-display":"","site-post-title":"","ast-breadcrumbs-content":"","ast-featured-img":"","footer-sml-layout":"","ast-disable-related-posts":"","theme-transparent-header-meta":"default","adv-header-id-meta":"","stick-header-meta":"","header-above-stick-meta":"","header-main-stick-meta":"","header-below-stick-meta":"","astra-migrate-meta-layouts":"default","ast-page-background-enabled":"default","ast-page-background-meta":{"desktop":{"background-color":"","background-image":"","background-repeat":"repeat","background-position":"center center","background-size":"auto","background-attachment":"scroll","background-type":"","background-media":"","overlay-type":"","overlay-color":"","overlay-opacity":"","overlay-gradient":""},"tablet":{"background-color":"","background-image":"","background-repeat":"repeat","background-position":"center center","background-size":"auto","background-attachment":"scroll","background-type":"","background-media":"","overlay-type":"","overlay-color":"","overlay-opacity":"","overlay-gradient":""},"mobile":{"background-color":"","background-image":"","background-repeat":"repeat","background-position":"center center","background-size":"auto","background-attachment":"scroll","background-type":"","background-media":"","overlay-type":"","overlay-color":"","overlay-opacity":"","overlay-gradient":""}},"ast-content-background-meta":{"desktop":{"background-color":"var(--ast-global-color-5)","background-image":"","background-repeat":"repeat","background-position":"center center","background-size":"auto","background-attachment":"scroll","background-type":"","background-media":"","overlay-type":"","overlay-color":"","overlay-opacity":"","overlay-gradient":""},"tablet":{"background-color":"var(--ast-global-color-5)","background-image":"","background-repeat":"repeat","background-position":"center center","background-size":"auto","background-attachment":"scroll","background-type":"","background-media":"","overlay-type":"","overlay-color":"","overlay-opacity":"","overlay-gradient":""},"mobile":{"background-color":"var(--ast-global-color-5)","background-image":"","background-repeat":"repeat","background-position":"center center","background-size":"auto","background-attachment":"scroll","background-type":"","background-media":"","overlay-type":"","overlay-color":"","overlay-opacity":"","overlay-gradient":""}}},"product_brand":[],"product_cat":[1652,1907],"product_tag":[],"class_list":{"0":"post-59708","1":"product","2":"type-product","3":"status-publish","4":"has-post-thumbnail","6":"product_cat-patins-a-roulettes","7":"product_cat-roues","8":"desktop-align-center","9":"tablet-align-center","10":"mobile-align-center","11":"ast-product-gallery-layout-horizontal","12":"ast-product-single-variable","13":"ast-product-tabs-layout-horizontal","14":"ast-qv-on-image","16":"first","17":"instock","18":"sale","19":"taxable","20":"shipping-taxable","21":"purchasable","22":"product-type-variable"},"bundled_by":[],"bundle_stock_status":"instock","bundle_stock_quantity":null,"bundle_virtual":false,"bundle_layout":"","bundle_add_to_cart_form_location":"","bundle_editable_in_cart":false,"bundle_sold_individually_context":"","bundle_item_grouping":"","bundle_min_size":"","bundle_max_size":"","bundle_price":[],"bundled_items":[],"bundle_sell_ids":[],"yoast_head":"<!-- This site is optimized with the Yoast SEO plugin v27.4 - https:\/\/yoast.com\/product\/yoast-seo-wordpress\/ -->\n<title>Roues d&#039;int\u00e9rieur ROLLERBONES TEAM (8) - Xact Skate Shop<\/title>\n<meta name=\"description\" content=\"Les roues d&#039;int\u00e9rieur RollerBones sont les roues parfaites pour les sessions r\u00e9cr\u00e9atives en int\u00e9rieur, et ce \u00e0 un prix tr\u00e8s avantageux. Offertes en diff\u00e9rentes couleurs pour s&#039;adapter \u00e0 votre configuration de patin.\" \/>\n<meta name=\"robots\" content=\"index, follow, max-snippet:-1, max-image-preview:large, max-video-preview:-1\" \/>\n<link rel=\"canonical\" href=\"https:\/\/xactskateshop.com\/fr\/produit\/rollerbones-team-roues-dinterieur-57mm-8\/\" \/>\n<meta property=\"og:locale\" content=\"fr_FR\" \/>\n<meta property=\"og:type\" content=\"article\" \/>\n<meta property=\"og:title\" content=\"Roues d&#039;int\u00e9rieur ROLLERBONES TEAM (8) - Xact Skate Shop\" \/>\n<meta property=\"og:description\" content=\"Les roues d&#039;int\u00e9rieur RollerBones sont les roues parfaites pour les sessions r\u00e9cr\u00e9atives en int\u00e9rieur, et ce \u00e0 un prix tr\u00e8s avantageux. Offertes en diff\u00e9rentes couleurs pour s&#039;adapter \u00e0 votre configuration de patin.\" \/>\n<meta property=\"og:url\" content=\"https:\/\/xactskateshop.com\/fr\/produit\/rollerbones-team-roues-dinterieur-57mm-8\/\" \/>\n<meta property=\"og:site_name\" content=\"Xact Skate Shop\" \/>\n<meta property=\"article:publisher\" content=\"https:\/\/www.facebook.com\/JeanLouiskateshop\" \/>\n<meta property=\"article:modified_time\" content=\"2026-04-07T20:59:53+00:00\" \/>\n<meta property=\"og:image\" content=\"https:\/\/xactskateshop.com\/wp-content\/uploads\/2021\/03\/WRBARB25701P8.jpg\" \/>\n\t<meta property=\"og:image:width\" content=\"524\" \/>\n\t<meta property=\"og:image:height\" content=\"524\" \/>\n\t<meta property=\"og:image:type\" content=\"image\/jpeg\" \/>\n<meta name=\"twitter:card\" content=\"summary_large_image\" \/>\n<meta name=\"twitter:label1\" content=\"Dur\u00e9e de lecture estim\u00e9e\" \/>\n\t<meta name=\"twitter:data1\" content=\"2 minutes\" \/>\n<script type=\"application\/ld+json\" class=\"yoast-schema-graph\">{\"@context\":\"https:\\\/\\\/schema.org\",\"@graph\":[{\"@type\":\"WebPage\",\"@id\":\"https:\\\/\\\/xactskateshop.com\\\/fr\\\/produit\\\/rollerbones-team-roues-dinterieur-57mm-8\\\/\",\"url\":\"https:\\\/\\\/xactskateshop.com\\\/fr\\\/produit\\\/rollerbones-team-roues-dinterieur-57mm-8\\\/\",\"name\":\"Roues d'int\u00e9rieur ROLLERBONES TEAM (8) - Xact Skate Shop\",\"isPartOf\":{\"@id\":\"http:\\\/\\\/xactskateshop.com\\\/fr\\\/#website\"},\"primaryImageOfPage\":{\"@id\":\"https:\\\/\\\/xactskateshop.com\\\/fr\\\/produit\\\/rollerbones-team-roues-dinterieur-57mm-8\\\/#primaryimage\"},\"image\":{\"@id\":\"https:\\\/\\\/xactskateshop.com\\\/fr\\\/produit\\\/rollerbones-team-roues-dinterieur-57mm-8\\\/#primaryimage\"},\"thumbnailUrl\":\"https:\\\/\\\/xactskateshop.com\\\/wp-content\\\/uploads\\\/2021\\\/03\\\/WRBARB25701P8.jpg\",\"datePublished\":\"2021-03-04T20:51:40+00:00\",\"dateModified\":\"2026-04-07T20:59:53+00:00\",\"description\":\"Les roues d'int\u00e9rieur RollerBones sont les roues parfaites pour les sessions r\u00e9cr\u00e9atives en int\u00e9rieur, et ce \u00e0 un prix tr\u00e8s avantageux. Offertes en diff\u00e9rentes couleurs pour s'adapter \u00e0 votre configuration de patin.\",\"breadcrumb\":{\"@id\":\"https:\\\/\\\/xactskateshop.com\\\/fr\\\/produit\\\/rollerbones-team-roues-dinterieur-57mm-8\\\/#breadcrumb\"},\"inLanguage\":\"fr-FR\",\"potentialAction\":[{\"@type\":\"ReadAction\",\"target\":[\"https:\\\/\\\/xactskateshop.com\\\/fr\\\/produit\\\/rollerbones-team-roues-dinterieur-57mm-8\\\/\"]}]},{\"@type\":\"ImageObject\",\"inLanguage\":\"fr-FR\",\"@id\":\"https:\\\/\\\/xactskateshop.com\\\/fr\\\/produit\\\/rollerbones-team-roues-dinterieur-57mm-8\\\/#primaryimage\",\"url\":\"https:\\\/\\\/xactskateshop.com\\\/wp-content\\\/uploads\\\/2021\\\/03\\\/WRBARB25701P8.jpg\",\"contentUrl\":\"https:\\\/\\\/xactskateshop.com\\\/wp-content\\\/uploads\\\/2021\\\/03\\\/WRBARB25701P8.jpg\",\"width\":524,\"height\":524},{\"@type\":\"BreadcrumbList\",\"@id\":\"https:\\\/\\\/xactskateshop.com\\\/fr\\\/produit\\\/rollerbones-team-roues-dinterieur-57mm-8\\\/#breadcrumb\",\"itemListElement\":[{\"@type\":\"ListItem\",\"position\":1,\"name\":\"Home\",\"item\":\"https:\\\/\\\/xactskateshop.com\\\/fr\\\/accueil\\\/\"},{\"@type\":\"ListItem\",\"position\":2,\"name\":\"Boutique\",\"item\":\"https:\\\/\\\/xactskateshop.com\\\/shop\\\/\"},{\"@type\":\"ListItem\",\"position\":3,\"name\":\"Roues d&#8217;int\u00e9rieur ROLLERBONES TEAM (8)\"}]},{\"@type\":\"WebSite\",\"@id\":\"http:\\\/\\\/xactskateshop.com\\\/fr\\\/#website\",\"url\":\"http:\\\/\\\/xactskateshop.com\\\/fr\\\/\",\"name\":\"Xact Skate Shop\",\"description\":\"Un site utilisant WordPress\",\"publisher\":{\"@id\":\"http:\\\/\\\/xactskateshop.com\\\/fr\\\/#organization\"},\"potentialAction\":[{\"@type\":\"SearchAction\",\"target\":{\"@type\":\"EntryPoint\",\"urlTemplate\":\"http:\\\/\\\/xactskateshop.com\\\/fr\\\/?s={search_term_string}\"},\"query-input\":{\"@type\":\"PropertyValueSpecification\",\"valueRequired\":true,\"valueName\":\"search_term_string\"}}],\"inLanguage\":\"fr-FR\"},{\"@type\":\"Organization\",\"@id\":\"http:\\\/\\\/xactskateshop.com\\\/fr\\\/#organization\",\"name\":\"XACT Skate Shop\",\"url\":\"http:\\\/\\\/xactskateshop.com\\\/fr\\\/\",\"logo\":{\"@type\":\"ImageObject\",\"inLanguage\":\"fr-FR\",\"@id\":\"http:\\\/\\\/xactskateshop.com\\\/fr\\\/#\\\/schema\\\/logo\\\/image\\\/\",\"url\":\"http:\\\/\\\/xactskateshop.com\\\/wp-content\\\/uploads\\\/2024\\\/04\\\/xactskateshop-dot-com-avec-contour-noir-sans-fond-675x.jpg\",\"contentUrl\":\"http:\\\/\\\/xactskateshop.com\\\/wp-content\\\/uploads\\\/2024\\\/04\\\/xactskateshop-dot-com-avec-contour-noir-sans-fond-675x.jpg\",\"width\":675,\"height\":247,\"caption\":\"XACT Skate Shop\"},\"image\":{\"@id\":\"http:\\\/\\\/xactskateshop.com\\\/fr\\\/#\\\/schema\\\/logo\\\/image\\\/\"},\"sameAs\":[\"https:\\\/\\\/www.facebook.com\\\/JeanLouiskateshop\"]}]}<\/script>\n<!-- \/ Yoast SEO plugin. -->","yoast_head_json":{"title":"Roues d'int\u00e9rieur ROLLERBONES TEAM (8) - Xact Skate Shop","description":"Les roues d'int\u00e9rieur RollerBones sont les roues parfaites pour les sessions r\u00e9cr\u00e9atives en int\u00e9rieur, et ce \u00e0 un prix tr\u00e8s avantageux. Offertes en diff\u00e9rentes couleurs pour s'adapter \u00e0 votre configuration de patin.","robots":{"index":"index","follow":"follow","max-snippet":"max-snippet:-1","max-image-preview":"max-image-preview:large","max-video-preview":"max-video-preview:-1"},"canonical":"https:\/\/xactskateshop.com\/fr\/produit\/rollerbones-team-roues-dinterieur-57mm-8\/","og_locale":"fr_FR","og_type":"article","og_title":"Roues d'int\u00e9rieur ROLLERBONES TEAM (8) - Xact Skate Shop","og_description":"Les roues d'int\u00e9rieur RollerBones sont les roues parfaites pour les sessions r\u00e9cr\u00e9atives en int\u00e9rieur, et ce \u00e0 un prix tr\u00e8s avantageux. Offertes en diff\u00e9rentes couleurs pour s'adapter \u00e0 votre configuration de patin.","og_url":"https:\/\/xactskateshop.com\/fr\/produit\/rollerbones-team-roues-dinterieur-57mm-8\/","og_site_name":"Xact Skate Shop","article_publisher":"https:\/\/www.facebook.com\/JeanLouiskateshop","article_modified_time":"2026-04-07T20:59:53+00:00","og_image":[{"width":524,"height":524,"url":"https:\/\/xactskateshop.com\/wp-content\/uploads\/2021\/03\/WRBARB25701P8.jpg","type":"image\/jpeg"}],"twitter_card":"summary_large_image","twitter_misc":{"Dur\u00e9e de lecture estim\u00e9e":"2 minutes"},"schema":{"@context":"https:\/\/schema.org","@graph":[{"@type":"WebPage","@id":"https:\/\/xactskateshop.com\/fr\/produit\/rollerbones-team-roues-dinterieur-57mm-8\/","url":"https:\/\/xactskateshop.com\/fr\/produit\/rollerbones-team-roues-dinterieur-57mm-8\/","name":"Roues d'int\u00e9rieur ROLLERBONES TEAM (8) - Xact Skate Shop","isPartOf":{"@id":"http:\/\/xactskateshop.com\/fr\/#website"},"primaryImageOfPage":{"@id":"https:\/\/xactskateshop.com\/fr\/produit\/rollerbones-team-roues-dinterieur-57mm-8\/#primaryimage"},"image":{"@id":"https:\/\/xactskateshop.com\/fr\/produit\/rollerbones-team-roues-dinterieur-57mm-8\/#primaryimage"},"thumbnailUrl":"https:\/\/xactskateshop.com\/wp-content\/uploads\/2021\/03\/WRBARB25701P8.jpg","datePublished":"2021-03-04T20:51:40+00:00","dateModified":"2026-04-07T20:59:53+00:00","description":"Les roues d'int\u00e9rieur RollerBones sont les roues parfaites pour les sessions r\u00e9cr\u00e9atives en int\u00e9rieur, et ce \u00e0 un prix tr\u00e8s avantageux. Offertes en diff\u00e9rentes couleurs pour s'adapter \u00e0 votre configuration de patin.","breadcrumb":{"@id":"https:\/\/xactskateshop.com\/fr\/produit\/rollerbones-team-roues-dinterieur-57mm-8\/#breadcrumb"},"inLanguage":"fr-FR","potentialAction":[{"@type":"ReadAction","target":["https:\/\/xactskateshop.com\/fr\/produit\/rollerbones-team-roues-dinterieur-57mm-8\/"]}]},{"@type":"ImageObject","inLanguage":"fr-FR","@id":"https:\/\/xactskateshop.com\/fr\/produit\/rollerbones-team-roues-dinterieur-57mm-8\/#primaryimage","url":"https:\/\/xactskateshop.com\/wp-content\/uploads\/2021\/03\/WRBARB25701P8.jpg","contentUrl":"https:\/\/xactskateshop.com\/wp-content\/uploads\/2021\/03\/WRBARB25701P8.jpg","width":524,"height":524},{"@type":"BreadcrumbList","@id":"https:\/\/xactskateshop.com\/fr\/produit\/rollerbones-team-roues-dinterieur-57mm-8\/#breadcrumb","itemListElement":[{"@type":"ListItem","position":1,"name":"Home","item":"https:\/\/xactskateshop.com\/fr\/accueil\/"},{"@type":"ListItem","position":2,"name":"Boutique","item":"https:\/\/xactskateshop.com\/shop\/"},{"@type":"ListItem","position":3,"name":"Roues d&#8217;int\u00e9rieur ROLLERBONES TEAM (8)"}]},{"@type":"WebSite","@id":"http:\/\/xactskateshop.com\/fr\/#website","url":"http:\/\/xactskateshop.com\/fr\/","name":"Xact Skate Shop","description":"Un site utilisant WordPress","publisher":{"@id":"http:\/\/xactskateshop.com\/fr\/#organization"},"potentialAction":[{"@type":"SearchAction","target":{"@type":"EntryPoint","urlTemplate":"http:\/\/xactskateshop.com\/fr\/?s={search_term_string}"},"query-input":{"@type":"PropertyValueSpecification","valueRequired":true,"valueName":"search_term_string"}}],"inLanguage":"fr-FR"},{"@type":"Organization","@id":"http:\/\/xactskateshop.com\/fr\/#organization","name":"XACT Skate Shop","url":"http:\/\/xactskateshop.com\/fr\/","logo":{"@type":"ImageObject","inLanguage":"fr-FR","@id":"http:\/\/xactskateshop.com\/fr\/#\/schema\/logo\/image\/","url":"http:\/\/xactskateshop.com\/wp-content\/uploads\/2024\/04\/xactskateshop-dot-com-avec-contour-noir-sans-fond-675x.jpg","contentUrl":"http:\/\/xactskateshop.com\/wp-content\/uploads\/2024\/04\/xactskateshop-dot-com-avec-contour-noir-sans-fond-675x.jpg","width":675,"height":247,"caption":"XACT Skate Shop"},"image":{"@id":"http:\/\/xactskateshop.com\/fr\/#\/schema\/logo\/image\/"},"sameAs":["https:\/\/www.facebook.com\/JeanLouiskateshop"]}]}},"_links":{"self":[{"href":"https:\/\/xactskateshop.com\/fr\/wp-json\/wp\/v2\/product\/59708","targetHints":{"allow":["GET"]}}],"collection":[{"href":"https:\/\/xactskateshop.com\/fr\/wp-json\/wp\/v2\/product"}],"about":[{"href":"https:\/\/xactskateshop.com\/fr\/wp-json\/wp\/v2\/types\/product"}],"replies":[{"embeddable":true,"href":"https:\/\/xactskateshop.com\/fr\/wp-json\/wp\/v2\/comments?post=59708"}],"wp:featuredmedia":[{"embeddable":true,"href":"https:\/\/xactskateshop.com\/fr\/wp-json\/wp\/v2\/media\/28765"}],"wp:attachment":[{"href":"https:\/\/xactskateshop.com\/fr\/wp-json\/wp\/v2\/media?parent=59708"}],"wp:term":[{"taxonomy":"product_brand","embeddable":true,"href":"https:\/\/xactskateshop.com\/fr\/wp-json\/wp\/v2\/product_brand?post=59708"},{"taxonomy":"product_cat","embeddable":true,"href":"https:\/\/xactskateshop.com\/fr\/wp-json\/wp\/v2\/product_cat?post=59708"},{"taxonomy":"product_tag","embeddable":true,"href":"https:\/\/xactskateshop.com\/fr\/wp-json\/wp\/v2\/product_tag?post=59708"}],"curies":[{"name":"wp","href":"https:\/\/api.w.org\/{rel}","templated":true}]}}