{"id":59652,"date":"2021-03-06T15:04:32","date_gmt":"2021-03-06T20:04:32","guid":{"rendered":"http:\/\/xactskateshop.com\/product\/plaques-de-patins-a-roulettes-bont-athena\/"},"modified":"2021-03-06T15:04:32","modified_gmt":"2021-03-06T20:04:32","slug":"plaques-de-patins-a-roulettes-bont-athena","status":"publish","type":"product","link":"https:\/\/xactskateshop.com\/fr\/produit\/plaques-de-patins-a-roulettes-bont-athena\/","title":{"rendered":"Plaques de patins \u00e0 roulettes BONT Athena"},"content":{"rendered":"<p>La plaque de roller derby Bont Athena est notre version de la plaque quadruple classique. Nous avons con\u00e7u cette plaque avec des lignes douces et \u00e9l\u00e9gantes qui r\u00e9sisteront \u00e0 l&#8217;\u00e9preuve du temps. Le ch\u00e2ssis est fabriqu\u00e9 en aluminium a\u00e9ronautique extrud\u00e9 6061. La plaque est fabriqu\u00e9e avec des tol\u00e9rances extr\u00eamement serr\u00e9es et a un profil bas, ce qui signifie que les roues sont plus proches de la botte que la plupart des autres plaques. Cela permet d&#8217;abaisser votre centre de gravit\u00e9 et d&#8217;am\u00e9liorer la prise de carre. L&#8217;angle de 20 degr\u00e9s du pivot est id\u00e9al pour les virages serr\u00e9s et la vitesse de pointe. Un \u00e9crou de r\u00e9glage variable et une vis sans t\u00eate vous permettent de serrer ou de desserrer votre plaque en fonction de votre style. La plaque comporte des coupelles de pivot en Delrin et des coussins en ur\u00e9thane \u00e0 tr\u00e8s haut rebond fabriqu\u00e9s aux \u00c9tats-Unis.       <\/p>\n<p>Notre plaque Athena a fait ses preuves aupr\u00e8s des patineurs les plus exigeants du monde : l&#8217;\u00e9quipe Bont Quadstar. La plaque est triplement polie avec un dernier polissage brillant. Ensemble, ils offrent un transfert de puissance optimal, un contr\u00f4le total, une adh\u00e9rence parfaite sur les carres et la seule chose que tous les patineurs recherchent : plus de vitesse !  <\/p>\n<ul>\n<li><strong>Caract\u00e9ristiquesAction :<\/strong> 20 degr\u00e9s<\/li>\n<li><strong>Mat\u00e9riau de la plaque :<\/strong> Aluminium 6061<\/li>\n<li><strong>\u00c9pingle \u00e0 cheveux :<\/strong> Acier<\/li>\n<li><strong>Couleurs :<\/strong> Argent, noir ou or rose<\/li>\n<li><strong>Axes :<\/strong> 8mm Chrome-moly<\/li>\n<li><strong>Roulements : <\/strong>Roulements de 8 mm uniquement<\/li>\n<li><strong>Coupelles de pivot :<\/strong> Delrin<\/li>\n<li><strong>Coussins :<\/strong> Fabriqu\u00e9s avec de l&#8217;ur\u00e9thane tr\u00e8s haut de gamme<\/li>\n<li><strong>Duret\u00e9 (fabriqu\u00e9e aux \u00c9tats-Unis) :<\/strong> Violet 78A (super doux), Bleu 83A (doux), Noir 88A (moyen), Rouge 93A (dur)<\/li>\n<li><strong>*Les coussins noirs 88a sont standard, indiquez dans les notes si vous souhaitez une duret\u00e9 diff\u00e9rente.<\/strong><\/li>\n<\/ul>\n<p><strong> <\/strong><\/p>\n<p><strong>**** VIENT AVEC TOEGO<\/strong><\/p>\n<p><iframe title=\"BONT Athena Roller Skate Derby Plate Review\" width=\"500\" height=\"281\" src=\"https:\/\/www.youtube.com\/embed\/AQtnQhVWKno?feature=oembed\" frameborder=\"0\" allow=\"accelerometer; autoplay; clipboard-write; encrypted-media; gyroscope; picture-in-picture; web-share\" referrerpolicy=\"strict-origin-when-cross-origin\" allowfullscreen><\/iframe><\/p>\n","protected":false},"excerpt":{"rendered":"<p>La plaque de roller derby Bont Athena est notre version de la plaque quadruple classique. Nous avons con\u00e7u cette plaque avec des lignes douces et \u00e9l\u00e9gantes qui r\u00e9sisteront \u00e0 l&#8217;\u00e9preuve du temps. Le ch\u00e2ssis est fabriqu\u00e9 en aluminium a\u00e9ronautique extrud\u00e9 6061. La plaque est fabriqu\u00e9e avec des tol\u00e9rances extr\u00eamement serr\u00e9es et a un profil bas, ce qui signifie que les roues sont plus proches de la botte que la plupart des autres plaques. Cela permet d&#8217;abaisser votre centre de gravit\u00e9 et d&#8217;am\u00e9liorer la prise de carre. L&#8217;angle de 20 degr\u00e9s du pivot est id\u00e9al pour les virages serr\u00e9s et la vitesse de pointe. Un \u00e9crou de r\u00e9glage variable et une vis sans t\u00eate vous permettent de serrer ou de desserrer votre plaque en fonction de votre style. La plaque comporte des coupelles de pivot en Delrin et des coussins en ur\u00e9thane \u00e0 tr\u00e8s haut rebond fabriqu\u00e9s aux \u00c9tats-Unis.       <\/p>\n","protected":false},"featured_media":28781,"comment_status":"closed","ping_status":"closed","template":"","meta":{"site-sidebar-layout":"default","site-content-layout":"default","ast-site-content-layout":"default","site-content-style":"default","site-sidebar-style":"default","ast-global-header-display":"","ast-banner-title-visibility":"","ast-main-header-display":"","ast-hfb-above-header-display":"","ast-hfb-below-header-display":"","ast-hfb-mobile-header-display":"","site-post-title":"","ast-breadcrumbs-content":"","ast-featured-img":"","footer-sml-layout":"","theme-transparent-header-meta":"default","adv-header-id-meta":"","stick-header-meta":"","header-above-stick-meta":"","header-main-stick-meta":"","header-below-stick-meta":"","astra-migrate-meta-layouts":"default","ast-page-background-enabled":"default","ast-page-background-meta":{"desktop":{"background-color":"","background-image":"","background-repeat":"repeat","background-position":"center center","background-size":"auto","background-attachment":"scroll","background-type":"","background-media":"","overlay-type":"","overlay-color":"","overlay-opacity":"","overlay-gradient":""},"tablet":{"background-color":"","background-image":"","background-repeat":"repeat","background-position":"center center","background-size":"auto","background-attachment":"scroll","background-type":"","background-media":"","overlay-type":"","overlay-color":"","overlay-opacity":"","overlay-gradient":""},"mobile":{"background-color":"","background-image":"","background-repeat":"repeat","background-position":"center center","background-size":"auto","background-attachment":"scroll","background-type":"","background-media":"","overlay-type":"","overlay-color":"","overlay-opacity":"","overlay-gradient":""}},"ast-content-background-meta":{"desktop":{"background-color":"var(--ast-global-color-5)","background-image":"","background-repeat":"repeat","background-position":"center center","background-size":"auto","background-attachment":"scroll","background-type":"","background-media":"","overlay-type":"","overlay-color":"","overlay-opacity":"","overlay-gradient":""},"tablet":{"background-color":"var(--ast-global-color-5)","background-image":"","background-repeat":"repeat","background-position":"center center","background-size":"auto","background-attachment":"scroll","background-type":"","background-media":"","overlay-type":"","overlay-color":"","overlay-opacity":"","overlay-gradient":""},"mobile":{"background-color":"var(--ast-global-color-5)","background-image":"","background-repeat":"repeat","background-position":"center center","background-size":"auto","background-attachment":"scroll","background-type":"","background-media":"","overlay-type":"","overlay-color":"","overlay-opacity":"","overlay-gradient":""}}},"product_brand":[],"product_cat":[1652,1838],"product_tag":[],"class_list":{"0":"post-59652","1":"product","2":"type-product","3":"status-publish","4":"has-post-thumbnail","6":"product_cat-patins-a-roulettes","7":"product_cat-platines","8":"desktop-align-center","9":"tablet-align-center","10":"mobile-align-center","11":"ast-product-gallery-layout-horizontal","12":"ast-product-single-variable","13":"ast-product-tabs-layout-horizontal","14":"ast-qv-on-image","16":"first","17":"instock","18":"sale","19":"taxable","20":"shipping-taxable","21":"purchasable","22":"product-type-variable"},"bundled_by":[],"bundle_stock_status":"instock","bundle_stock_quantity":null,"bundle_virtual":false,"bundle_layout":"","bundle_add_to_cart_form_location":"","bundle_editable_in_cart":false,"bundle_sold_individually_context":"","bundle_item_grouping":"","bundle_min_size":"","bundle_max_size":"","bundle_price":[],"bundled_items":[],"bundle_sell_ids":[],"yoast_head":"<!-- This site is optimized with the Yoast SEO plugin v27.4 - https:\/\/yoast.com\/product\/yoast-seo-wordpress\/ -->\n<title>Plaques de patins \u00e0 roulettes BONT Athena - Xact Skate Shop<\/title>\n<meta name=\"robots\" content=\"index, follow, max-snippet:-1, max-image-preview:large, max-video-preview:-1\" \/>\n<link rel=\"canonical\" href=\"https:\/\/xactskateshop.com\/fr\/produit\/plaques-de-patins-a-roulettes-bont-athena\/\" \/>\n<meta property=\"og:locale\" content=\"fr_FR\" \/>\n<meta property=\"og:type\" content=\"article\" \/>\n<meta property=\"og:title\" content=\"Plaques de patins \u00e0 roulettes BONT Athena - Xact Skate Shop\" \/>\n<meta property=\"og:description\" content=\"La plaque de roller derby Bont Athena est notre version de la plaque quadruple classique. Nous avons con\u00e7u cette plaque avec des lignes douces et \u00e9l\u00e9gantes qui r\u00e9sisteront \u00e0 l&#039;\u00e9preuve du temps. Le ch\u00e2ssis est fabriqu\u00e9 en aluminium a\u00e9ronautique extrud\u00e9 6061. La plaque est fabriqu\u00e9e avec des tol\u00e9rances extr\u00eamement serr\u00e9es et a un profil bas, ce qui signifie que les roues sont plus proches de la botte que la plupart des autres plaques. Cela permet d&#039;abaisser votre centre de gravit\u00e9 et d&#039;am\u00e9liorer la prise de carre. L&#039;angle de 20 degr\u00e9s du pivot est id\u00e9al pour les virages serr\u00e9s et la vitesse de pointe. Un \u00e9crou de r\u00e9glage variable et une vis sans t\u00eate vous permettent de serrer ou de desserrer votre plaque en fonction de votre style. La plaque comporte des coupelles de pivot en Delrin et des coussins en ur\u00e9thane \u00e0 tr\u00e8s haut rebond fabriqu\u00e9s aux \u00c9tats-Unis.\" \/>\n<meta property=\"og:url\" content=\"https:\/\/xactskateshop.com\/fr\/produit\/plaques-de-patins-a-roulettes-bont-athena\/\" \/>\n<meta property=\"og:site_name\" content=\"Xact Skate Shop\" \/>\n<meta property=\"article:publisher\" content=\"https:\/\/www.facebook.com\/JeanLouiskateshop\" \/>\n<meta property=\"og:image\" content=\"https:\/\/xactskateshop.com\/wp-content\/uploads\/2021\/03\/Athena_Black_Front_large.jpg\" \/>\n\t<meta property=\"og:image:width\" content=\"480\" \/>\n\t<meta property=\"og:image:height\" content=\"480\" \/>\n\t<meta property=\"og:image:type\" content=\"image\/jpeg\" \/>\n<meta name=\"twitter:card\" content=\"summary_large_image\" \/>\n<meta name=\"twitter:label1\" content=\"Dur\u00e9e de lecture estim\u00e9e\" \/>\n\t<meta name=\"twitter:data1\" content=\"2 minutes\" \/>\n<script type=\"application\/ld+json\" class=\"yoast-schema-graph\">{\"@context\":\"https:\\\/\\\/schema.org\",\"@graph\":[{\"@type\":\"WebPage\",\"@id\":\"https:\\\/\\\/xactskateshop.com\\\/fr\\\/produit\\\/plaques-de-patins-a-roulettes-bont-athena\\\/\",\"url\":\"https:\\\/\\\/xactskateshop.com\\\/fr\\\/produit\\\/plaques-de-patins-a-roulettes-bont-athena\\\/\",\"name\":\"Plaques de patins \u00e0 roulettes BONT Athena - Xact Skate Shop\",\"isPartOf\":{\"@id\":\"http:\\\/\\\/xactskateshop.com\\\/fr\\\/#website\"},\"primaryImageOfPage\":{\"@id\":\"https:\\\/\\\/xactskateshop.com\\\/fr\\\/produit\\\/plaques-de-patins-a-roulettes-bont-athena\\\/#primaryimage\"},\"image\":{\"@id\":\"https:\\\/\\\/xactskateshop.com\\\/fr\\\/produit\\\/plaques-de-patins-a-roulettes-bont-athena\\\/#primaryimage\"},\"thumbnailUrl\":\"https:\\\/\\\/xactskateshop.com\\\/wp-content\\\/uploads\\\/2021\\\/03\\\/Athena_Black_Front_large.jpg\",\"datePublished\":\"2021-03-06T20:04:32+00:00\",\"breadcrumb\":{\"@id\":\"https:\\\/\\\/xactskateshop.com\\\/fr\\\/produit\\\/plaques-de-patins-a-roulettes-bont-athena\\\/#breadcrumb\"},\"inLanguage\":\"fr-FR\",\"potentialAction\":[{\"@type\":\"ReadAction\",\"target\":[\"https:\\\/\\\/xactskateshop.com\\\/fr\\\/produit\\\/plaques-de-patins-a-roulettes-bont-athena\\\/\"]}]},{\"@type\":\"ImageObject\",\"inLanguage\":\"fr-FR\",\"@id\":\"https:\\\/\\\/xactskateshop.com\\\/fr\\\/produit\\\/plaques-de-patins-a-roulettes-bont-athena\\\/#primaryimage\",\"url\":\"https:\\\/\\\/xactskateshop.com\\\/wp-content\\\/uploads\\\/2021\\\/03\\\/Athena_Black_Front_large.jpg\",\"contentUrl\":\"https:\\\/\\\/xactskateshop.com\\\/wp-content\\\/uploads\\\/2021\\\/03\\\/Athena_Black_Front_large.jpg\",\"width\":480,\"height\":480},{\"@type\":\"BreadcrumbList\",\"@id\":\"https:\\\/\\\/xactskateshop.com\\\/fr\\\/produit\\\/plaques-de-patins-a-roulettes-bont-athena\\\/#breadcrumb\",\"itemListElement\":[{\"@type\":\"ListItem\",\"position\":1,\"name\":\"Home\",\"item\":\"https:\\\/\\\/xactskateshop.com\\\/fr\\\/accueil\\\/\"},{\"@type\":\"ListItem\",\"position\":2,\"name\":\"Boutique\",\"item\":\"https:\\\/\\\/xactskateshop.com\\\/shop\\\/\"},{\"@type\":\"ListItem\",\"position\":3,\"name\":\"Plaques de patins \u00e0 roulettes BONT Athena\"}]},{\"@type\":\"WebSite\",\"@id\":\"http:\\\/\\\/xactskateshop.com\\\/fr\\\/#website\",\"url\":\"http:\\\/\\\/xactskateshop.com\\\/fr\\\/\",\"name\":\"Xact Skate Shop\",\"description\":\"Un site utilisant WordPress\",\"publisher\":{\"@id\":\"http:\\\/\\\/xactskateshop.com\\\/fr\\\/#organization\"},\"potentialAction\":[{\"@type\":\"SearchAction\",\"target\":{\"@type\":\"EntryPoint\",\"urlTemplate\":\"http:\\\/\\\/xactskateshop.com\\\/fr\\\/?s={search_term_string}\"},\"query-input\":{\"@type\":\"PropertyValueSpecification\",\"valueRequired\":true,\"valueName\":\"search_term_string\"}}],\"inLanguage\":\"fr-FR\"},{\"@type\":\"Organization\",\"@id\":\"http:\\\/\\\/xactskateshop.com\\\/fr\\\/#organization\",\"name\":\"XACT Skate Shop\",\"url\":\"http:\\\/\\\/xactskateshop.com\\\/fr\\\/\",\"logo\":{\"@type\":\"ImageObject\",\"inLanguage\":\"fr-FR\",\"@id\":\"http:\\\/\\\/xactskateshop.com\\\/fr\\\/#\\\/schema\\\/logo\\\/image\\\/\",\"url\":\"http:\\\/\\\/xactskateshop.com\\\/wp-content\\\/uploads\\\/2024\\\/04\\\/xactskateshop-dot-com-avec-contour-noir-sans-fond-675x.jpg\",\"contentUrl\":\"http:\\\/\\\/xactskateshop.com\\\/wp-content\\\/uploads\\\/2024\\\/04\\\/xactskateshop-dot-com-avec-contour-noir-sans-fond-675x.jpg\",\"width\":675,\"height\":247,\"caption\":\"XACT Skate Shop\"},\"image\":{\"@id\":\"http:\\\/\\\/xactskateshop.com\\\/fr\\\/#\\\/schema\\\/logo\\\/image\\\/\"},\"sameAs\":[\"https:\\\/\\\/www.facebook.com\\\/JeanLouiskateshop\"]}]}<\/script>\n<!-- \/ Yoast SEO plugin. -->","yoast_head_json":{"title":"Plaques de patins \u00e0 roulettes BONT Athena - Xact Skate Shop","robots":{"index":"index","follow":"follow","max-snippet":"max-snippet:-1","max-image-preview":"max-image-preview:large","max-video-preview":"max-video-preview:-1"},"canonical":"https:\/\/xactskateshop.com\/fr\/produit\/plaques-de-patins-a-roulettes-bont-athena\/","og_locale":"fr_FR","og_type":"article","og_title":"Plaques de patins \u00e0 roulettes BONT Athena - Xact Skate Shop","og_description":"La plaque de roller derby Bont Athena est notre version de la plaque quadruple classique. Nous avons con\u00e7u cette plaque avec des lignes douces et \u00e9l\u00e9gantes qui r\u00e9sisteront \u00e0 l'\u00e9preuve du temps. Le ch\u00e2ssis est fabriqu\u00e9 en aluminium a\u00e9ronautique extrud\u00e9 6061. La plaque est fabriqu\u00e9e avec des tol\u00e9rances extr\u00eamement serr\u00e9es et a un profil bas, ce qui signifie que les roues sont plus proches de la botte que la plupart des autres plaques. Cela permet d'abaisser votre centre de gravit\u00e9 et d'am\u00e9liorer la prise de carre. L'angle de 20 degr\u00e9s du pivot est id\u00e9al pour les virages serr\u00e9s et la vitesse de pointe. Un \u00e9crou de r\u00e9glage variable et une vis sans t\u00eate vous permettent de serrer ou de desserrer votre plaque en fonction de votre style. La plaque comporte des coupelles de pivot en Delrin et des coussins en ur\u00e9thane \u00e0 tr\u00e8s haut rebond fabriqu\u00e9s aux \u00c9tats-Unis.","og_url":"https:\/\/xactskateshop.com\/fr\/produit\/plaques-de-patins-a-roulettes-bont-athena\/","og_site_name":"Xact Skate Shop","article_publisher":"https:\/\/www.facebook.com\/JeanLouiskateshop","og_image":[{"width":480,"height":480,"url":"https:\/\/xactskateshop.com\/wp-content\/uploads\/2021\/03\/Athena_Black_Front_large.jpg","type":"image\/jpeg"}],"twitter_card":"summary_large_image","twitter_misc":{"Dur\u00e9e de lecture estim\u00e9e":"2 minutes"},"schema":{"@context":"https:\/\/schema.org","@graph":[{"@type":"WebPage","@id":"https:\/\/xactskateshop.com\/fr\/produit\/plaques-de-patins-a-roulettes-bont-athena\/","url":"https:\/\/xactskateshop.com\/fr\/produit\/plaques-de-patins-a-roulettes-bont-athena\/","name":"Plaques de patins \u00e0 roulettes BONT Athena - Xact Skate Shop","isPartOf":{"@id":"http:\/\/xactskateshop.com\/fr\/#website"},"primaryImageOfPage":{"@id":"https:\/\/xactskateshop.com\/fr\/produit\/plaques-de-patins-a-roulettes-bont-athena\/#primaryimage"},"image":{"@id":"https:\/\/xactskateshop.com\/fr\/produit\/plaques-de-patins-a-roulettes-bont-athena\/#primaryimage"},"thumbnailUrl":"https:\/\/xactskateshop.com\/wp-content\/uploads\/2021\/03\/Athena_Black_Front_large.jpg","datePublished":"2021-03-06T20:04:32+00:00","breadcrumb":{"@id":"https:\/\/xactskateshop.com\/fr\/produit\/plaques-de-patins-a-roulettes-bont-athena\/#breadcrumb"},"inLanguage":"fr-FR","potentialAction":[{"@type":"ReadAction","target":["https:\/\/xactskateshop.com\/fr\/produit\/plaques-de-patins-a-roulettes-bont-athena\/"]}]},{"@type":"ImageObject","inLanguage":"fr-FR","@id":"https:\/\/xactskateshop.com\/fr\/produit\/plaques-de-patins-a-roulettes-bont-athena\/#primaryimage","url":"https:\/\/xactskateshop.com\/wp-content\/uploads\/2021\/03\/Athena_Black_Front_large.jpg","contentUrl":"https:\/\/xactskateshop.com\/wp-content\/uploads\/2021\/03\/Athena_Black_Front_large.jpg","width":480,"height":480},{"@type":"BreadcrumbList","@id":"https:\/\/xactskateshop.com\/fr\/produit\/plaques-de-patins-a-roulettes-bont-athena\/#breadcrumb","itemListElement":[{"@type":"ListItem","position":1,"name":"Home","item":"https:\/\/xactskateshop.com\/fr\/accueil\/"},{"@type":"ListItem","position":2,"name":"Boutique","item":"https:\/\/xactskateshop.com\/shop\/"},{"@type":"ListItem","position":3,"name":"Plaques de patins \u00e0 roulettes BONT Athena"}]},{"@type":"WebSite","@id":"http:\/\/xactskateshop.com\/fr\/#website","url":"http:\/\/xactskateshop.com\/fr\/","name":"Xact Skate Shop","description":"Un site utilisant WordPress","publisher":{"@id":"http:\/\/xactskateshop.com\/fr\/#organization"},"potentialAction":[{"@type":"SearchAction","target":{"@type":"EntryPoint","urlTemplate":"http:\/\/xactskateshop.com\/fr\/?s={search_term_string}"},"query-input":{"@type":"PropertyValueSpecification","valueRequired":true,"valueName":"search_term_string"}}],"inLanguage":"fr-FR"},{"@type":"Organization","@id":"http:\/\/xactskateshop.com\/fr\/#organization","name":"XACT Skate Shop","url":"http:\/\/xactskateshop.com\/fr\/","logo":{"@type":"ImageObject","inLanguage":"fr-FR","@id":"http:\/\/xactskateshop.com\/fr\/#\/schema\/logo\/image\/","url":"http:\/\/xactskateshop.com\/wp-content\/uploads\/2024\/04\/xactskateshop-dot-com-avec-contour-noir-sans-fond-675x.jpg","contentUrl":"http:\/\/xactskateshop.com\/wp-content\/uploads\/2024\/04\/xactskateshop-dot-com-avec-contour-noir-sans-fond-675x.jpg","width":675,"height":247,"caption":"XACT Skate Shop"},"image":{"@id":"http:\/\/xactskateshop.com\/fr\/#\/schema\/logo\/image\/"},"sameAs":["https:\/\/www.facebook.com\/JeanLouiskateshop"]}]}},"_links":{"self":[{"href":"https:\/\/xactskateshop.com\/fr\/wp-json\/wp\/v2\/product\/59652","targetHints":{"allow":["GET"]}}],"collection":[{"href":"https:\/\/xactskateshop.com\/fr\/wp-json\/wp\/v2\/product"}],"about":[{"href":"https:\/\/xactskateshop.com\/fr\/wp-json\/wp\/v2\/types\/product"}],"replies":[{"embeddable":true,"href":"https:\/\/xactskateshop.com\/fr\/wp-json\/wp\/v2\/comments?post=59652"}],"wp:featuredmedia":[{"embeddable":true,"href":"https:\/\/xactskateshop.com\/fr\/wp-json\/wp\/v2\/media\/28781"}],"wp:attachment":[{"href":"https:\/\/xactskateshop.com\/fr\/wp-json\/wp\/v2\/media?parent=59652"}],"wp:term":[{"taxonomy":"product_brand","embeddable":true,"href":"https:\/\/xactskateshop.com\/fr\/wp-json\/wp\/v2\/product_brand?post=59652"},{"taxonomy":"product_cat","embeddable":true,"href":"https:\/\/xactskateshop.com\/fr\/wp-json\/wp\/v2\/product_cat?post=59652"},{"taxonomy":"product_tag","embeddable":true,"href":"https:\/\/xactskateshop.com\/fr\/wp-json\/wp\/v2\/product_tag?post=59652"}],"curies":[{"name":"wp","href":"https:\/\/api.w.org\/{rel}","templated":true}]}}