{"id":59651,"date":"2021-03-04T14:35:22","date_gmt":"2021-03-04T19:35:22","guid":{"rendered":"http:\/\/xactskateshop.com\/product\/rollerbones-roues-du-derby-des-animaux-de-compagnie-du-jour-des-morts-4\/"},"modified":"2021-03-04T14:35:22","modified_gmt":"2021-03-04T19:35:22","slug":"rollerbones-roues-du-derby-des-animaux-de-compagnie-du-jour-des-morts-4","status":"publish","type":"product","link":"https:\/\/xactskateshop.com\/fr\/produit\/rollerbones-roues-du-derby-des-animaux-de-compagnie-du-jour-des-morts-4\/","title":{"rendered":"ROLLERBONES Roues du Derby des animaux de compagnie du Jour des Morts (4)"},"content":{"rendered":"<p>Roue Day of the Dead Pet :<br \/>\nLes RollerBones day of the dead pet series sont des roues de 59 mm \u00e0 usage universel. Grande acc\u00e9l\u00e9ration, maniabilit\u00e9 et excellent roulement. <\/p>\n<div class=\"box-sub-info box-specifications\"><\/div>\n<div class=\"std\">\n<h2>CARACT\u00c9RISTIQUES TECHNIQUES<\/h2>\n<table id=\"product-attribute-specs-table\" class=\"data-table\">\n<colgroup>\n<col>\n<col><\/colgroup>\n<tbody>\n<tr class=\"first odd\">\n<th class=\"label\">SKU<\/th>\n<td class=\"data last\">WRAAPDODP5992X4<\/td>\n<\/tr>\n<tr class=\"even\">\n<th class=\"label\">CUP<\/th>\n<td class=\"data last\">845584094508<\/td>\n<\/tr>\n<tr class=\"odd\">\n<th class=\"label\">Marque<\/th>\n<td class=\"data last\">Rollerbones<\/td>\n<\/tr>\n<tr class=\"even\">\n<th class=\"label\">Noyau de roue<\/th>\n<td class=\"data last\">Oui<\/td>\n<\/tr>\n<tr class=\"odd\">\n<th class=\"label\">Diam\u00e8tre de la roue<\/th>\n<td class=\"data last\">59 mm<\/td>\n<\/tr>\n<tr class=\"even\">\n<th class=\"label\">Largeur de la roue<\/th>\n<td class=\"data last\">38 mm<\/td>\n<\/tr>\n<tr class=\"odd\">\n<th class=\"label\">Duret\u00e9 de la roue<\/th>\n<td class=\"data last\">88a,92a,94a,96a<\/td>\n<\/tr>\n<tr class=\"even\">\n<th class=\"label\">Formule de la roue<\/th>\n<td class=\"data last\">RAA<\/td>\n<\/tr>\n<tr class=\"odd\">\n<th class=\"label\">Couleur de la roue<\/th>\n<td class=\"data last\">Noir<\/td>\n<\/tr>\n<tr class=\"even\">\n<th class=\"label\">Utilisation sugg\u00e9r\u00e9e de la roue<\/th>\n<td class=\"data last\">Derby\/Jam\/Vitesse<\/td>\n<\/tr>\n<tr class=\"last odd\">\n<th class=\"label\">Surface de la roue<\/th>\n<td class=\"data last\">Pneumatique<\/td>\n<\/tr>\n<\/tbody>\n<\/table>\n<\/div>\n","protected":false},"excerpt":{"rendered":"<p>Roue Day of the Dead Pet :<br \/>\nLes RollerBones day of the dead pet series sont des roues de 59 mm \u00e0 usage universel. Grande acc\u00e9l\u00e9ration, maniabilit\u00e9 et excellent roulement. <\/p>\n","protected":false},"featured_media":28764,"comment_status":"closed","ping_status":"closed","template":"","meta":{"site-sidebar-layout":"default","site-content-layout":"default","ast-site-content-layout":"default","site-content-style":"default","site-sidebar-style":"default","ast-global-header-display":"","ast-banner-title-visibility":"","ast-main-header-display":"","ast-hfb-above-header-display":"","ast-hfb-below-header-display":"","ast-hfb-mobile-header-display":"","site-post-title":"","ast-breadcrumbs-content":"","ast-featured-img":"","footer-sml-layout":"","theme-transparent-header-meta":"default","adv-header-id-meta":"","stick-header-meta":"","header-above-stick-meta":"","header-main-stick-meta":"","header-below-stick-meta":"","astra-migrate-meta-layouts":"default","ast-page-background-enabled":"default","ast-page-background-meta":{"desktop":{"background-color":"","background-image":"","background-repeat":"repeat","background-position":"center center","background-size":"auto","background-attachment":"scroll","background-type":"","background-media":"","overlay-type":"","overlay-color":"","overlay-opacity":"","overlay-gradient":""},"tablet":{"background-color":"","background-image":"","background-repeat":"repeat","background-position":"center center","background-size":"auto","background-attachment":"scroll","background-type":"","background-media":"","overlay-type":"","overlay-color":"","overlay-opacity":"","overlay-gradient":""},"mobile":{"background-color":"","background-image":"","background-repeat":"repeat","background-position":"center center","background-size":"auto","background-attachment":"scroll","background-type":"","background-media":"","overlay-type":"","overlay-color":"","overlay-opacity":"","overlay-gradient":""}},"ast-content-background-meta":{"desktop":{"background-color":"var(--ast-global-color-5)","background-image":"","background-repeat":"repeat","background-position":"center center","background-size":"auto","background-attachment":"scroll","background-type":"","background-media":"","overlay-type":"","overlay-color":"","overlay-opacity":"","overlay-gradient":""},"tablet":{"background-color":"var(--ast-global-color-5)","background-image":"","background-repeat":"repeat","background-position":"center center","background-size":"auto","background-attachment":"scroll","background-type":"","background-media":"","overlay-type":"","overlay-color":"","overlay-opacity":"","overlay-gradient":""},"mobile":{"background-color":"var(--ast-global-color-5)","background-image":"","background-repeat":"repeat","background-position":"center center","background-size":"auto","background-attachment":"scroll","background-type":"","background-media":"","overlay-type":"","overlay-color":"","overlay-opacity":"","overlay-gradient":""}}},"product_brand":[],"product_cat":[1652,1907],"product_tag":[],"class_list":{"0":"post-59651","1":"product","2":"type-product","3":"status-publish","4":"has-post-thumbnail","6":"product_cat-patins-a-roulettes","7":"product_cat-roues","8":"desktop-align-center","9":"tablet-align-center","10":"mobile-align-center","11":"ast-product-gallery-layout-horizontal","12":"ast-product-single-variable","13":"ast-product-tabs-layout-horizontal","14":"ast-qv-on-image","16":"first","17":"outofstock","18":"sale","19":"taxable","20":"shipping-taxable","21":"purchasable","22":"product-type-variable"},"bundled_by":[],"bundle_stock_status":"outofstock","bundle_stock_quantity":0,"bundle_virtual":false,"bundle_layout":"","bundle_add_to_cart_form_location":"","bundle_editable_in_cart":false,"bundle_sold_individually_context":"","bundle_item_grouping":"","bundle_min_size":"","bundle_max_size":"","bundle_price":[],"bundled_items":[],"bundle_sell_ids":[],"yoast_head":"<!-- This site is optimized with the Yoast SEO plugin v27.4 - https:\/\/yoast.com\/product\/yoast-seo-wordpress\/ -->\n<title>ROLLERBONES Roues du Derby des animaux de compagnie du Jour des Morts (4) - Xact Skate Shop<\/title>\n<meta name=\"description\" content=\"Day of the Dead Pet Wheel:RollerBones day of the dead pet series est une roue de 59mm avec un usage polyvalent. Elle offre une grande acc\u00e9l\u00e9ration, une grande maniabilit\u00e9 et un excellent roulement.\" \/>\n<meta name=\"robots\" content=\"index, follow, max-snippet:-1, max-image-preview:large, max-video-preview:-1\" \/>\n<link rel=\"canonical\" href=\"https:\/\/xactskateshop.com\/fr\/produit\/rollerbones-roues-du-derby-des-animaux-de-compagnie-du-jour-des-morts-4\/\" \/>\n<meta property=\"og:locale\" content=\"fr_FR\" \/>\n<meta property=\"og:type\" content=\"article\" \/>\n<meta property=\"og:title\" content=\"ROLLERBONES Roues du Derby des animaux de compagnie du Jour des Morts (4) - Xact Skate Shop\" \/>\n<meta property=\"og:description\" content=\"Day of the Dead Pet Wheel:RollerBones day of the dead pet series est une roue de 59mm avec un usage polyvalent. Elle offre une grande acc\u00e9l\u00e9ration, une grande maniabilit\u00e9 et un excellent roulement.\" \/>\n<meta property=\"og:url\" content=\"https:\/\/xactskateshop.com\/fr\/produit\/rollerbones-roues-du-derby-des-animaux-de-compagnie-du-jour-des-morts-4\/\" \/>\n<meta property=\"og:site_name\" content=\"Xact Skate Shop\" \/>\n<meta property=\"article:publisher\" content=\"https:\/\/www.facebook.com\/JeanLouiskateshop\" \/>\n<meta property=\"og:image\" content=\"https:\/\/xactskateshop.com\/wp-content\/uploads\/2021\/03\/WRAAPDODP5992X4-1.jpg\" \/>\n\t<meta property=\"og:image:width\" content=\"524\" \/>\n\t<meta property=\"og:image:height\" content=\"524\" \/>\n\t<meta property=\"og:image:type\" content=\"image\/jpeg\" \/>\n<meta name=\"twitter:card\" content=\"summary_large_image\" \/>\n<script type=\"application\/ld+json\" class=\"yoast-schema-graph\">{\"@context\":\"https:\\\/\\\/schema.org\",\"@graph\":[{\"@type\":\"WebPage\",\"@id\":\"https:\\\/\\\/xactskateshop.com\\\/fr\\\/produit\\\/rollerbones-roues-du-derby-des-animaux-de-compagnie-du-jour-des-morts-4\\\/\",\"url\":\"https:\\\/\\\/xactskateshop.com\\\/fr\\\/produit\\\/rollerbones-roues-du-derby-des-animaux-de-compagnie-du-jour-des-morts-4\\\/\",\"name\":\"ROLLERBONES Roues du Derby des animaux de compagnie du Jour des Morts (4) - Xact Skate Shop\",\"isPartOf\":{\"@id\":\"http:\\\/\\\/xactskateshop.com\\\/fr\\\/#website\"},\"primaryImageOfPage\":{\"@id\":\"https:\\\/\\\/xactskateshop.com\\\/fr\\\/produit\\\/rollerbones-roues-du-derby-des-animaux-de-compagnie-du-jour-des-morts-4\\\/#primaryimage\"},\"image\":{\"@id\":\"https:\\\/\\\/xactskateshop.com\\\/fr\\\/produit\\\/rollerbones-roues-du-derby-des-animaux-de-compagnie-du-jour-des-morts-4\\\/#primaryimage\"},\"thumbnailUrl\":\"https:\\\/\\\/xactskateshop.com\\\/wp-content\\\/uploads\\\/2021\\\/03\\\/WRAAPDODP5992X4-1.jpg\",\"datePublished\":\"2021-03-04T19:35:22+00:00\",\"description\":\"Day of the Dead Pet Wheel:RollerBones day of the dead pet series est une roue de 59mm avec un usage polyvalent. Elle offre une grande acc\u00e9l\u00e9ration, une grande maniabilit\u00e9 et un excellent roulement.\",\"breadcrumb\":{\"@id\":\"https:\\\/\\\/xactskateshop.com\\\/fr\\\/produit\\\/rollerbones-roues-du-derby-des-animaux-de-compagnie-du-jour-des-morts-4\\\/#breadcrumb\"},\"inLanguage\":\"fr-FR\",\"potentialAction\":[{\"@type\":\"ReadAction\",\"target\":[\"https:\\\/\\\/xactskateshop.com\\\/fr\\\/produit\\\/rollerbones-roues-du-derby-des-animaux-de-compagnie-du-jour-des-morts-4\\\/\"]}]},{\"@type\":\"ImageObject\",\"inLanguage\":\"fr-FR\",\"@id\":\"https:\\\/\\\/xactskateshop.com\\\/fr\\\/produit\\\/rollerbones-roues-du-derby-des-animaux-de-compagnie-du-jour-des-morts-4\\\/#primaryimage\",\"url\":\"https:\\\/\\\/xactskateshop.com\\\/wp-content\\\/uploads\\\/2021\\\/03\\\/WRAAPDODP5992X4-1.jpg\",\"contentUrl\":\"https:\\\/\\\/xactskateshop.com\\\/wp-content\\\/uploads\\\/2021\\\/03\\\/WRAAPDODP5992X4-1.jpg\",\"width\":524,\"height\":524},{\"@type\":\"BreadcrumbList\",\"@id\":\"https:\\\/\\\/xactskateshop.com\\\/fr\\\/produit\\\/rollerbones-roues-du-derby-des-animaux-de-compagnie-du-jour-des-morts-4\\\/#breadcrumb\",\"itemListElement\":[{\"@type\":\"ListItem\",\"position\":1,\"name\":\"Home\",\"item\":\"https:\\\/\\\/xactskateshop.com\\\/fr\\\/accueil\\\/\"},{\"@type\":\"ListItem\",\"position\":2,\"name\":\"Boutique\",\"item\":\"https:\\\/\\\/xactskateshop.com\\\/shop\\\/\"},{\"@type\":\"ListItem\",\"position\":3,\"name\":\"ROLLERBONES Roues du Derby des animaux de compagnie du Jour des Morts (4)\"}]},{\"@type\":\"WebSite\",\"@id\":\"http:\\\/\\\/xactskateshop.com\\\/fr\\\/#website\",\"url\":\"http:\\\/\\\/xactskateshop.com\\\/fr\\\/\",\"name\":\"Xact Skate Shop\",\"description\":\"Un site utilisant WordPress\",\"publisher\":{\"@id\":\"http:\\\/\\\/xactskateshop.com\\\/fr\\\/#organization\"},\"potentialAction\":[{\"@type\":\"SearchAction\",\"target\":{\"@type\":\"EntryPoint\",\"urlTemplate\":\"http:\\\/\\\/xactskateshop.com\\\/fr\\\/?s={search_term_string}\"},\"query-input\":{\"@type\":\"PropertyValueSpecification\",\"valueRequired\":true,\"valueName\":\"search_term_string\"}}],\"inLanguage\":\"fr-FR\"},{\"@type\":\"Organization\",\"@id\":\"http:\\\/\\\/xactskateshop.com\\\/fr\\\/#organization\",\"name\":\"XACT Skate Shop\",\"url\":\"http:\\\/\\\/xactskateshop.com\\\/fr\\\/\",\"logo\":{\"@type\":\"ImageObject\",\"inLanguage\":\"fr-FR\",\"@id\":\"http:\\\/\\\/xactskateshop.com\\\/fr\\\/#\\\/schema\\\/logo\\\/image\\\/\",\"url\":\"http:\\\/\\\/xactskateshop.com\\\/wp-content\\\/uploads\\\/2024\\\/04\\\/xactskateshop-dot-com-avec-contour-noir-sans-fond-675x.jpg\",\"contentUrl\":\"http:\\\/\\\/xactskateshop.com\\\/wp-content\\\/uploads\\\/2024\\\/04\\\/xactskateshop-dot-com-avec-contour-noir-sans-fond-675x.jpg\",\"width\":675,\"height\":247,\"caption\":\"XACT Skate Shop\"},\"image\":{\"@id\":\"http:\\\/\\\/xactskateshop.com\\\/fr\\\/#\\\/schema\\\/logo\\\/image\\\/\"},\"sameAs\":[\"https:\\\/\\\/www.facebook.com\\\/JeanLouiskateshop\"]}]}<\/script>\n<!-- \/ Yoast SEO plugin. -->","yoast_head_json":{"title":"ROLLERBONES Roues du Derby des animaux de compagnie du Jour des Morts (4) - Xact Skate Shop","description":"Day of the Dead Pet Wheel:RollerBones day of the dead pet series est une roue de 59mm avec un usage polyvalent. Elle offre une grande acc\u00e9l\u00e9ration, une grande maniabilit\u00e9 et un excellent roulement.","robots":{"index":"index","follow":"follow","max-snippet":"max-snippet:-1","max-image-preview":"max-image-preview:large","max-video-preview":"max-video-preview:-1"},"canonical":"https:\/\/xactskateshop.com\/fr\/produit\/rollerbones-roues-du-derby-des-animaux-de-compagnie-du-jour-des-morts-4\/","og_locale":"fr_FR","og_type":"article","og_title":"ROLLERBONES Roues du Derby des animaux de compagnie du Jour des Morts (4) - Xact Skate Shop","og_description":"Day of the Dead Pet Wheel:RollerBones day of the dead pet series est une roue de 59mm avec un usage polyvalent. Elle offre une grande acc\u00e9l\u00e9ration, une grande maniabilit\u00e9 et un excellent roulement.","og_url":"https:\/\/xactskateshop.com\/fr\/produit\/rollerbones-roues-du-derby-des-animaux-de-compagnie-du-jour-des-morts-4\/","og_site_name":"Xact Skate Shop","article_publisher":"https:\/\/www.facebook.com\/JeanLouiskateshop","og_image":[{"width":524,"height":524,"url":"https:\/\/xactskateshop.com\/wp-content\/uploads\/2021\/03\/WRAAPDODP5992X4-1.jpg","type":"image\/jpeg"}],"twitter_card":"summary_large_image","schema":{"@context":"https:\/\/schema.org","@graph":[{"@type":"WebPage","@id":"https:\/\/xactskateshop.com\/fr\/produit\/rollerbones-roues-du-derby-des-animaux-de-compagnie-du-jour-des-morts-4\/","url":"https:\/\/xactskateshop.com\/fr\/produit\/rollerbones-roues-du-derby-des-animaux-de-compagnie-du-jour-des-morts-4\/","name":"ROLLERBONES Roues du Derby des animaux de compagnie du Jour des Morts (4) - Xact Skate Shop","isPartOf":{"@id":"http:\/\/xactskateshop.com\/fr\/#website"},"primaryImageOfPage":{"@id":"https:\/\/xactskateshop.com\/fr\/produit\/rollerbones-roues-du-derby-des-animaux-de-compagnie-du-jour-des-morts-4\/#primaryimage"},"image":{"@id":"https:\/\/xactskateshop.com\/fr\/produit\/rollerbones-roues-du-derby-des-animaux-de-compagnie-du-jour-des-morts-4\/#primaryimage"},"thumbnailUrl":"https:\/\/xactskateshop.com\/wp-content\/uploads\/2021\/03\/WRAAPDODP5992X4-1.jpg","datePublished":"2021-03-04T19:35:22+00:00","description":"Day of the Dead Pet Wheel:RollerBones day of the dead pet series est une roue de 59mm avec un usage polyvalent. Elle offre une grande acc\u00e9l\u00e9ration, une grande maniabilit\u00e9 et un excellent roulement.","breadcrumb":{"@id":"https:\/\/xactskateshop.com\/fr\/produit\/rollerbones-roues-du-derby-des-animaux-de-compagnie-du-jour-des-morts-4\/#breadcrumb"},"inLanguage":"fr-FR","potentialAction":[{"@type":"ReadAction","target":["https:\/\/xactskateshop.com\/fr\/produit\/rollerbones-roues-du-derby-des-animaux-de-compagnie-du-jour-des-morts-4\/"]}]},{"@type":"ImageObject","inLanguage":"fr-FR","@id":"https:\/\/xactskateshop.com\/fr\/produit\/rollerbones-roues-du-derby-des-animaux-de-compagnie-du-jour-des-morts-4\/#primaryimage","url":"https:\/\/xactskateshop.com\/wp-content\/uploads\/2021\/03\/WRAAPDODP5992X4-1.jpg","contentUrl":"https:\/\/xactskateshop.com\/wp-content\/uploads\/2021\/03\/WRAAPDODP5992X4-1.jpg","width":524,"height":524},{"@type":"BreadcrumbList","@id":"https:\/\/xactskateshop.com\/fr\/produit\/rollerbones-roues-du-derby-des-animaux-de-compagnie-du-jour-des-morts-4\/#breadcrumb","itemListElement":[{"@type":"ListItem","position":1,"name":"Home","item":"https:\/\/xactskateshop.com\/fr\/accueil\/"},{"@type":"ListItem","position":2,"name":"Boutique","item":"https:\/\/xactskateshop.com\/shop\/"},{"@type":"ListItem","position":3,"name":"ROLLERBONES Roues du Derby des animaux de compagnie du Jour des Morts (4)"}]},{"@type":"WebSite","@id":"http:\/\/xactskateshop.com\/fr\/#website","url":"http:\/\/xactskateshop.com\/fr\/","name":"Xact Skate Shop","description":"Un site utilisant WordPress","publisher":{"@id":"http:\/\/xactskateshop.com\/fr\/#organization"},"potentialAction":[{"@type":"SearchAction","target":{"@type":"EntryPoint","urlTemplate":"http:\/\/xactskateshop.com\/fr\/?s={search_term_string}"},"query-input":{"@type":"PropertyValueSpecification","valueRequired":true,"valueName":"search_term_string"}}],"inLanguage":"fr-FR"},{"@type":"Organization","@id":"http:\/\/xactskateshop.com\/fr\/#organization","name":"XACT Skate Shop","url":"http:\/\/xactskateshop.com\/fr\/","logo":{"@type":"ImageObject","inLanguage":"fr-FR","@id":"http:\/\/xactskateshop.com\/fr\/#\/schema\/logo\/image\/","url":"http:\/\/xactskateshop.com\/wp-content\/uploads\/2024\/04\/xactskateshop-dot-com-avec-contour-noir-sans-fond-675x.jpg","contentUrl":"http:\/\/xactskateshop.com\/wp-content\/uploads\/2024\/04\/xactskateshop-dot-com-avec-contour-noir-sans-fond-675x.jpg","width":675,"height":247,"caption":"XACT Skate Shop"},"image":{"@id":"http:\/\/xactskateshop.com\/fr\/#\/schema\/logo\/image\/"},"sameAs":["https:\/\/www.facebook.com\/JeanLouiskateshop"]}]}},"_links":{"self":[{"href":"https:\/\/xactskateshop.com\/fr\/wp-json\/wp\/v2\/product\/59651","targetHints":{"allow":["GET"]}}],"collection":[{"href":"https:\/\/xactskateshop.com\/fr\/wp-json\/wp\/v2\/product"}],"about":[{"href":"https:\/\/xactskateshop.com\/fr\/wp-json\/wp\/v2\/types\/product"}],"replies":[{"embeddable":true,"href":"https:\/\/xactskateshop.com\/fr\/wp-json\/wp\/v2\/comments?post=59651"}],"wp:featuredmedia":[{"embeddable":true,"href":"https:\/\/xactskateshop.com\/fr\/wp-json\/wp\/v2\/media\/28764"}],"wp:attachment":[{"href":"https:\/\/xactskateshop.com\/fr\/wp-json\/wp\/v2\/media?parent=59651"}],"wp:term":[{"taxonomy":"product_brand","embeddable":true,"href":"https:\/\/xactskateshop.com\/fr\/wp-json\/wp\/v2\/product_brand?post=59651"},{"taxonomy":"product_cat","embeddable":true,"href":"https:\/\/xactskateshop.com\/fr\/wp-json\/wp\/v2\/product_cat?post=59651"},{"taxonomy":"product_tag","embeddable":true,"href":"https:\/\/xactskateshop.com\/fr\/wp-json\/wp\/v2\/product_tag?post=59651"}],"curies":[{"name":"wp","href":"https:\/\/api.w.org\/{rel}","templated":true}]}}