{"id":59486,"date":"2021-12-03T15:25:36","date_gmt":"2021-12-03T20:25:36","guid":{"rendered":"http:\/\/xactskateshop.com\/product\/protege-nuque-souple-de-protection-de-la-serie-x\/"},"modified":"2026-03-27T12:17:41","modified_gmt":"2026-03-27T16:17:41","slug":"protege-cou-souple-x-series","status":"publish","type":"product","link":"https:\/\/xactskateshop.com\/fr\/produit\/protege-cou-souple-x-series\/","title":{"rendered":"Prot\u00e8ge-cou Souple X-Series"},"content":{"rendered":"<div id=\"product-content\" class=\"product-content general-content content-col mobile-popup\" data-popup=\"product-content\">\n<div class=\"popup-inner\">\n<div id=\"product-content\" class=\"product-content general-content content-col mobile-popup\" data-popup=\"product-content\">\n<div class=\"popup-inner\">\n<h2>Prot\u00e8ge-cou Souple X-Series<\/h2>\n<p>2 grandeurs de prot\u00e8ge-cou<\/p>\n<ul>\n<li><span style=\"font-size: 16px; font-style: normal; font-weight: 400;\"><strong>Senior :<\/strong> 14.5&#8243; &#8211; 17.5&#8243; (36 &#8211; 43cm)<\/span><\/li>\n<li style=\"font-size: 16px; font-style: normal; font-weight: 400;\"><strong>Junior :<\/strong> 11&#8243; &#8211; 14&#8243; (27-35cm)<\/li>\n<\/ul>\n<h3>Caract\u00e9ristiques:<\/h3>\n<ul>\n<li>Nylon renforc\u00e9 avec doublure en Kevlar pour une protection contre les coupures,<\/li>\n<li>R\u00e9pond aux normes de l&#8217;ISU,<\/li>\n<li>Tissus souple et confortable,<\/li>\n<li>Fermeture velcro ajustable.<\/li>\n<\/ul>\n<p>Extr\u00eamement solide, l\u00e9ger et durable, le Kevlar\u00ae offre l&#8217;\u00e9quilibre parfait entre forme et fonction, vous permettant de red\u00e9finir les performances et d&#8217;explorer de nouvelles possibilit\u00e9s pour un avenir meilleur. Qu&#8217;il soit utilis\u00e9 pour la protection, les produits de consommation ou le transport, le Kevlar\u00ae vous maintient \u00e0 la pointe de l&#8217;innovation.<\/p>\n<p>Quelle que soit la passion, nous la prot\u00e9geons. Qu\u2019il s\u2019agisse de d\u00e9fier la gravit\u00e9 ou de red\u00e9finir ce qui est possible, nous aidons \u00e0 reduire les limites de la vie afin que vous puissiez vivre selon vos conditions, car lorsque nous entendons \u00ab ce n\u2019est pas possible \u00bb, nous pensons \u00ab d\u00e9fi \u00e0 relever \u00bb. Suivez votre passion, vivez en plein mouvement et faites plus avec DuPont\u2122 Kevlar\u00ae.<\/p>\n<\/div>\n<p>&nbsp;<\/p>\n<p>Trouvez d&#8217;autres mod\u00e8les <a href=\"https:\/\/xactskateshop.com\/fr\/categorie-de-produits\/patinage-de-vitesse\/protege-cou\/\">ici<\/a><\/p>\n<p>Pour en connaitre plus sur Kevlar <a href=\"https:\/\/www.dupont.com\/brands\/kevlar.html\">ici<\/a><\/p>\n<\/div>\n<\/div>\n<\/div>\n","protected":false},"excerpt":{"rendered":"<hr \/>\n<p style=\"text-align: center;\">Prot\u00e8ge-cou Souple X-Series &#8211; 2 grandeurs de prot\u00e8ge-cou:<\/p>\n<p style=\"text-align: center;\"><span style=\"font-size: 16px; font-style: normal; font-weight: 400;\"><strong>Senior :<\/strong> 14.5&#8243; &#8211; 17.5&#8243; (36 &#8211; 43cm)<\/span><\/p>\n<p style=\"text-align: center;\"><strong>Junior :<\/strong> 11&#8243; &#8211; 14&#8243; (27-35cm)<\/p>\n<hr \/>\n<p style=\"text-align: center;\">\n","protected":false},"featured_media":30238,"comment_status":"open","ping_status":"closed","template":"","meta":{"site-sidebar-layout":"default","site-content-layout":"default","ast-site-content-layout":"default","site-content-style":"default","site-sidebar-style":"default","ast-global-header-display":"","ast-banner-title-visibility":"","ast-main-header-display":"","ast-hfb-above-header-display":"","ast-hfb-below-header-display":"","ast-hfb-mobile-header-display":"","site-post-title":"","ast-breadcrumbs-content":"","ast-featured-img":"","footer-sml-layout":"","theme-transparent-header-meta":"default","adv-header-id-meta":"","stick-header-meta":"","header-above-stick-meta":"","header-main-stick-meta":"","header-below-stick-meta":"","astra-migrate-meta-layouts":"set","ast-page-background-enabled":"default","ast-page-background-meta":{"desktop":{"background-color":"","background-image":"","background-repeat":"repeat","background-position":"center center","background-size":"auto","background-attachment":"scroll","background-type":"","background-media":"","overlay-type":"","overlay-color":"","overlay-opacity":"","overlay-gradient":""},"tablet":{"background-color":"","background-image":"","background-repeat":"repeat","background-position":"center center","background-size":"auto","background-attachment":"scroll","background-type":"","background-media":"","overlay-type":"","overlay-color":"","overlay-opacity":"","overlay-gradient":""},"mobile":{"background-color":"","background-image":"","background-repeat":"repeat","background-position":"center center","background-size":"auto","background-attachment":"scroll","background-type":"","background-media":"","overlay-type":"","overlay-color":"","overlay-opacity":"","overlay-gradient":""}},"ast-content-background-meta":{"desktop":{"background-color":"var(--ast-global-color-5)","background-image":"","background-repeat":"repeat","background-position":"center center","background-size":"auto","background-attachment":"scroll","background-type":"","background-media":"","overlay-type":"","overlay-color":"","overlay-opacity":"","overlay-gradient":""},"tablet":{"background-color":"var(--ast-global-color-5)","background-image":"","background-repeat":"repeat","background-position":"center center","background-size":"auto","background-attachment":"scroll","background-type":"","background-media":"","overlay-type":"","overlay-color":"","overlay-opacity":"","overlay-gradient":""},"mobile":{"background-color":"var(--ast-global-color-5)","background-image":"","background-repeat":"repeat","background-position":"center center","background-size":"auto","background-attachment":"scroll","background-type":"","background-media":"","overlay-type":"","overlay-color":"","overlay-opacity":"","overlay-gradient":""}}},"product_brand":[],"product_cat":[1612,1353,1624],"product_tag":[1356],"class_list":{"0":"post-59486","1":"product","2":"type-product","3":"status-publish","4":"has-post-thumbnail","6":"product_cat-equipement-de-protection-patinage-de-vitesse-courte-piste","7":"product_cat-patinage-de-vitesse","8":"product_cat-protege-cou","9":"product_tag-courte-piste-fr","10":"desktop-align-center","11":"tablet-align-center","12":"mobile-align-center","13":"ast-product-gallery-layout-horizontal","14":"ast-product-single-variable","15":"ast-product-tabs-layout-horizontal","16":"ast-qv-on-image","18":"first","19":"instock","20":"taxable","21":"shipping-taxable","22":"purchasable","23":"product-type-variable"},"bundled_by":[],"bundle_stock_status":"instock","bundle_stock_quantity":null,"bundle_virtual":false,"bundle_layout":"","bundle_add_to_cart_form_location":"","bundle_editable_in_cart":false,"bundle_sold_individually_context":"","bundle_item_grouping":"","bundle_min_size":"","bundle_max_size":"","bundle_price":[],"bundled_items":[],"bundle_sell_ids":[],"yoast_head":"<!-- This site is optimized with the Yoast SEO plugin v27.4 - https:\/\/yoast.com\/product\/yoast-seo-wordpress\/ -->\n<title>Prot\u00e8ge-cou Souple X-Series - Xact Skate Shop<\/title>\n<meta name=\"description\" content=\"Prot\u00e8ge-cou Souple X-Series. Nylon renforc\u00e9 avec doublure en Kevlar pour une protection contre les coupures. Conforme aux normes ISU...\" \/>\n<meta name=\"robots\" content=\"index, follow, max-snippet:-1, max-image-preview:large, max-video-preview:-1\" \/>\n<link rel=\"canonical\" href=\"https:\/\/xactskateshop.com\/fr\/produit\/protege-cou-souple-x-series\/\" \/>\n<meta property=\"og:locale\" content=\"fr_FR\" \/>\n<meta property=\"og:type\" content=\"article\" \/>\n<meta property=\"og:title\" content=\"Prot\u00e8ge-cou Souple X-Series - Xact Skate Shop\" \/>\n<meta property=\"og:description\" content=\"Prot\u00e8ge-cou Souple X-Series. Nylon renforc\u00e9 avec doublure en Kevlar pour une protection contre les coupures. Conforme aux normes ISU...\" \/>\n<meta property=\"og:url\" content=\"https:\/\/xactskateshop.com\/fr\/produit\/protege-cou-souple-x-series\/\" \/>\n<meta property=\"og:site_name\" content=\"Xact Skate Shop\" \/>\n<meta property=\"article:publisher\" content=\"https:\/\/www.facebook.com\/JeanLouiskateshop\" \/>\n<meta property=\"article:modified_time\" content=\"2026-03-27T16:17:41+00:00\" \/>\n<meta property=\"og:image\" content=\"https:\/\/xactskateshop.com\/wp-content\/uploads\/2021\/12\/neckguard-soft-sr-with-X-only.jpg\" \/>\n\t<meta property=\"og:image:width\" content=\"1000\" \/>\n\t<meta property=\"og:image:height\" content=\"1000\" \/>\n\t<meta property=\"og:image:type\" content=\"image\/jpeg\" \/>\n<meta name=\"twitter:card\" content=\"summary_large_image\" \/>\n<meta name=\"twitter:label1\" content=\"Dur\u00e9e de lecture estim\u00e9e\" \/>\n\t<meta name=\"twitter:data1\" content=\"1 minute\" \/>\n<script type=\"application\/ld+json\" class=\"yoast-schema-graph\">{\"@context\":\"https:\\\/\\\/schema.org\",\"@graph\":[{\"@type\":\"WebPage\",\"@id\":\"https:\\\/\\\/xactskateshop.com\\\/fr\\\/produit\\\/protege-cou-souple-x-series\\\/\",\"url\":\"https:\\\/\\\/xactskateshop.com\\\/fr\\\/produit\\\/protege-cou-souple-x-series\\\/\",\"name\":\"Prot\u00e8ge-cou Souple X-Series - Xact Skate Shop\",\"isPartOf\":{\"@id\":\"http:\\\/\\\/xactskateshop.com\\\/fr\\\/#website\"},\"primaryImageOfPage\":{\"@id\":\"https:\\\/\\\/xactskateshop.com\\\/fr\\\/produit\\\/protege-cou-souple-x-series\\\/#primaryimage\"},\"image\":{\"@id\":\"https:\\\/\\\/xactskateshop.com\\\/fr\\\/produit\\\/protege-cou-souple-x-series\\\/#primaryimage\"},\"thumbnailUrl\":\"https:\\\/\\\/xactskateshop.com\\\/wp-content\\\/uploads\\\/2021\\\/12\\\/neckguard-soft-sr-with-X-only.jpg\",\"datePublished\":\"2021-12-03T20:25:36+00:00\",\"dateModified\":\"2026-03-27T16:17:41+00:00\",\"description\":\"Prot\u00e8ge-cou Souple X-Series. Nylon renforc\u00e9 avec doublure en Kevlar pour une protection contre les coupures. Conforme aux normes ISU...\",\"breadcrumb\":{\"@id\":\"https:\\\/\\\/xactskateshop.com\\\/fr\\\/produit\\\/protege-cou-souple-x-series\\\/#breadcrumb\"},\"inLanguage\":\"fr-FR\",\"potentialAction\":[{\"@type\":\"ReadAction\",\"target\":[\"https:\\\/\\\/xactskateshop.com\\\/fr\\\/produit\\\/protege-cou-souple-x-series\\\/\"]}]},{\"@type\":\"ImageObject\",\"inLanguage\":\"fr-FR\",\"@id\":\"https:\\\/\\\/xactskateshop.com\\\/fr\\\/produit\\\/protege-cou-souple-x-series\\\/#primaryimage\",\"url\":\"https:\\\/\\\/xactskateshop.com\\\/wp-content\\\/uploads\\\/2021\\\/12\\\/neckguard-soft-sr-with-X-only.jpg\",\"contentUrl\":\"https:\\\/\\\/xactskateshop.com\\\/wp-content\\\/uploads\\\/2021\\\/12\\\/neckguard-soft-sr-with-X-only.jpg\",\"width\":1000,\"height\":1000,\"caption\":\"prot\u00e8ge-cou le mieux adapt\u00e9\"},{\"@type\":\"BreadcrumbList\",\"@id\":\"https:\\\/\\\/xactskateshop.com\\\/fr\\\/produit\\\/protege-cou-souple-x-series\\\/#breadcrumb\",\"itemListElement\":[{\"@type\":\"ListItem\",\"position\":1,\"name\":\"Home\",\"item\":\"https:\\\/\\\/xactskateshop.com\\\/fr\\\/accueil\\\/\"},{\"@type\":\"ListItem\",\"position\":2,\"name\":\"Boutique\",\"item\":\"https:\\\/\\\/xactskateshop.com\\\/shop\\\/\"},{\"@type\":\"ListItem\",\"position\":3,\"name\":\"Prot\u00e8ge-cou Souple X-Series\"}]},{\"@type\":\"WebSite\",\"@id\":\"http:\\\/\\\/xactskateshop.com\\\/fr\\\/#website\",\"url\":\"http:\\\/\\\/xactskateshop.com\\\/fr\\\/\",\"name\":\"Xact Skate Shop\",\"description\":\"Un site utilisant WordPress\",\"publisher\":{\"@id\":\"http:\\\/\\\/xactskateshop.com\\\/fr\\\/#organization\"},\"potentialAction\":[{\"@type\":\"SearchAction\",\"target\":{\"@type\":\"EntryPoint\",\"urlTemplate\":\"http:\\\/\\\/xactskateshop.com\\\/fr\\\/?s={search_term_string}\"},\"query-input\":{\"@type\":\"PropertyValueSpecification\",\"valueRequired\":true,\"valueName\":\"search_term_string\"}}],\"inLanguage\":\"fr-FR\"},{\"@type\":\"Organization\",\"@id\":\"http:\\\/\\\/xactskateshop.com\\\/fr\\\/#organization\",\"name\":\"XACT Skate Shop\",\"url\":\"http:\\\/\\\/xactskateshop.com\\\/fr\\\/\",\"logo\":{\"@type\":\"ImageObject\",\"inLanguage\":\"fr-FR\",\"@id\":\"http:\\\/\\\/xactskateshop.com\\\/fr\\\/#\\\/schema\\\/logo\\\/image\\\/\",\"url\":\"http:\\\/\\\/xactskateshop.com\\\/wp-content\\\/uploads\\\/2024\\\/04\\\/xactskateshop-dot-com-avec-contour-noir-sans-fond-675x.jpg\",\"contentUrl\":\"http:\\\/\\\/xactskateshop.com\\\/wp-content\\\/uploads\\\/2024\\\/04\\\/xactskateshop-dot-com-avec-contour-noir-sans-fond-675x.jpg\",\"width\":675,\"height\":247,\"caption\":\"XACT Skate Shop\"},\"image\":{\"@id\":\"http:\\\/\\\/xactskateshop.com\\\/fr\\\/#\\\/schema\\\/logo\\\/image\\\/\"},\"sameAs\":[\"https:\\\/\\\/www.facebook.com\\\/JeanLouiskateshop\"]}]}<\/script>\n<!-- \/ Yoast SEO plugin. -->","yoast_head_json":{"title":"Prot\u00e8ge-cou Souple X-Series - Xact Skate Shop","description":"Prot\u00e8ge-cou Souple X-Series. Nylon renforc\u00e9 avec doublure en Kevlar pour une protection contre les coupures. Conforme aux normes ISU...","robots":{"index":"index","follow":"follow","max-snippet":"max-snippet:-1","max-image-preview":"max-image-preview:large","max-video-preview":"max-video-preview:-1"},"canonical":"https:\/\/xactskateshop.com\/fr\/produit\/protege-cou-souple-x-series\/","og_locale":"fr_FR","og_type":"article","og_title":"Prot\u00e8ge-cou Souple X-Series - Xact Skate Shop","og_description":"Prot\u00e8ge-cou Souple X-Series. Nylon renforc\u00e9 avec doublure en Kevlar pour une protection contre les coupures. Conforme aux normes ISU...","og_url":"https:\/\/xactskateshop.com\/fr\/produit\/protege-cou-souple-x-series\/","og_site_name":"Xact Skate Shop","article_publisher":"https:\/\/www.facebook.com\/JeanLouiskateshop","article_modified_time":"2026-03-27T16:17:41+00:00","og_image":[{"width":1000,"height":1000,"url":"https:\/\/xactskateshop.com\/wp-content\/uploads\/2021\/12\/neckguard-soft-sr-with-X-only.jpg","type":"image\/jpeg"}],"twitter_card":"summary_large_image","twitter_misc":{"Dur\u00e9e de lecture estim\u00e9e":"1 minute"},"schema":{"@context":"https:\/\/schema.org","@graph":[{"@type":"WebPage","@id":"https:\/\/xactskateshop.com\/fr\/produit\/protege-cou-souple-x-series\/","url":"https:\/\/xactskateshop.com\/fr\/produit\/protege-cou-souple-x-series\/","name":"Prot\u00e8ge-cou Souple X-Series - Xact Skate Shop","isPartOf":{"@id":"http:\/\/xactskateshop.com\/fr\/#website"},"primaryImageOfPage":{"@id":"https:\/\/xactskateshop.com\/fr\/produit\/protege-cou-souple-x-series\/#primaryimage"},"image":{"@id":"https:\/\/xactskateshop.com\/fr\/produit\/protege-cou-souple-x-series\/#primaryimage"},"thumbnailUrl":"https:\/\/xactskateshop.com\/wp-content\/uploads\/2021\/12\/neckguard-soft-sr-with-X-only.jpg","datePublished":"2021-12-03T20:25:36+00:00","dateModified":"2026-03-27T16:17:41+00:00","description":"Prot\u00e8ge-cou Souple X-Series. Nylon renforc\u00e9 avec doublure en Kevlar pour une protection contre les coupures. Conforme aux normes ISU...","breadcrumb":{"@id":"https:\/\/xactskateshop.com\/fr\/produit\/protege-cou-souple-x-series\/#breadcrumb"},"inLanguage":"fr-FR","potentialAction":[{"@type":"ReadAction","target":["https:\/\/xactskateshop.com\/fr\/produit\/protege-cou-souple-x-series\/"]}]},{"@type":"ImageObject","inLanguage":"fr-FR","@id":"https:\/\/xactskateshop.com\/fr\/produit\/protege-cou-souple-x-series\/#primaryimage","url":"https:\/\/xactskateshop.com\/wp-content\/uploads\/2021\/12\/neckguard-soft-sr-with-X-only.jpg","contentUrl":"https:\/\/xactskateshop.com\/wp-content\/uploads\/2021\/12\/neckguard-soft-sr-with-X-only.jpg","width":1000,"height":1000,"caption":"prot\u00e8ge-cou le mieux adapt\u00e9"},{"@type":"BreadcrumbList","@id":"https:\/\/xactskateshop.com\/fr\/produit\/protege-cou-souple-x-series\/#breadcrumb","itemListElement":[{"@type":"ListItem","position":1,"name":"Home","item":"https:\/\/xactskateshop.com\/fr\/accueil\/"},{"@type":"ListItem","position":2,"name":"Boutique","item":"https:\/\/xactskateshop.com\/shop\/"},{"@type":"ListItem","position":3,"name":"Prot\u00e8ge-cou Souple X-Series"}]},{"@type":"WebSite","@id":"http:\/\/xactskateshop.com\/fr\/#website","url":"http:\/\/xactskateshop.com\/fr\/","name":"Xact Skate Shop","description":"Un site utilisant WordPress","publisher":{"@id":"http:\/\/xactskateshop.com\/fr\/#organization"},"potentialAction":[{"@type":"SearchAction","target":{"@type":"EntryPoint","urlTemplate":"http:\/\/xactskateshop.com\/fr\/?s={search_term_string}"},"query-input":{"@type":"PropertyValueSpecification","valueRequired":true,"valueName":"search_term_string"}}],"inLanguage":"fr-FR"},{"@type":"Organization","@id":"http:\/\/xactskateshop.com\/fr\/#organization","name":"XACT Skate Shop","url":"http:\/\/xactskateshop.com\/fr\/","logo":{"@type":"ImageObject","inLanguage":"fr-FR","@id":"http:\/\/xactskateshop.com\/fr\/#\/schema\/logo\/image\/","url":"http:\/\/xactskateshop.com\/wp-content\/uploads\/2024\/04\/xactskateshop-dot-com-avec-contour-noir-sans-fond-675x.jpg","contentUrl":"http:\/\/xactskateshop.com\/wp-content\/uploads\/2024\/04\/xactskateshop-dot-com-avec-contour-noir-sans-fond-675x.jpg","width":675,"height":247,"caption":"XACT Skate Shop"},"image":{"@id":"http:\/\/xactskateshop.com\/fr\/#\/schema\/logo\/image\/"},"sameAs":["https:\/\/www.facebook.com\/JeanLouiskateshop"]}]}},"_links":{"self":[{"href":"https:\/\/xactskateshop.com\/fr\/wp-json\/wp\/v2\/product\/59486","targetHints":{"allow":["GET"]}}],"collection":[{"href":"https:\/\/xactskateshop.com\/fr\/wp-json\/wp\/v2\/product"}],"about":[{"href":"https:\/\/xactskateshop.com\/fr\/wp-json\/wp\/v2\/types\/product"}],"replies":[{"embeddable":true,"href":"https:\/\/xactskateshop.com\/fr\/wp-json\/wp\/v2\/comments?post=59486"}],"wp:featuredmedia":[{"embeddable":true,"href":"https:\/\/xactskateshop.com\/fr\/wp-json\/wp\/v2\/media\/30238"}],"wp:attachment":[{"href":"https:\/\/xactskateshop.com\/fr\/wp-json\/wp\/v2\/media?parent=59486"}],"wp:term":[{"taxonomy":"product_brand","embeddable":true,"href":"https:\/\/xactskateshop.com\/fr\/wp-json\/wp\/v2\/product_brand?post=59486"},{"taxonomy":"product_cat","embeddable":true,"href":"https:\/\/xactskateshop.com\/fr\/wp-json\/wp\/v2\/product_cat?post=59486"},{"taxonomy":"product_tag","embeddable":true,"href":"https:\/\/xactskateshop.com\/fr\/wp-json\/wp\/v2\/product_tag?post=59486"}],"curies":[{"name":"wp","href":"https:\/\/api.w.org\/{rel}","templated":true}]}}