{"id":59358,"date":"2022-03-15T17:18:37","date_gmt":"2022-03-15T21:18:37","guid":{"rendered":"http:\/\/xactskateshop.com\/product\/lames-skate-tec-m-wave-180-flex\/"},"modified":"2025-10-04T13:37:44","modified_gmt":"2025-10-04T17:37:44","slug":"lames-skate-tec-m-wave-180-flex","status":"publish","type":"product","link":"https:\/\/xactskateshop.com\/fr\/produit\/lames-skate-tec-m-wave-180-flex\/","title":{"rendered":"Lames SKATE-TEC M-Wave 180 Flex"},"content":{"rendered":"<p>Courte Piste Lames Mwave<\/p>\n<p>Lames SKATE-TEC M-Wave 180 Flex<\/p>\n<p>Le patinage sur courte piste a \u00e9norm\u00e9ment \u00e9volu\u00e9 au cours des derni\u00e8res ann\u00e9es. Les athl\u00e8tes atteignent des vitesses plus \u00e9lev\u00e9es et repoussent les limites de leur \u00e9quipement sur la surface de la glace. La recherche d&#8217;une plus grande stabilit\u00e9 et d&#8217;une plus grande s\u00e9curit\u00e9 a conduit les athl\u00e8tes \u00e0 demander des coupes de lames plus \u00e9lev\u00e9es, afin de minimiser le contact de la botte avec la glace dans les virages. La gamme de lames M-Wave de Skate-Tec r\u00e9pond \u00e0 cette demande.<\/p>\n<p>Les lames Courte Piste Mwave, uniques pour le M-Wave sont ses fourches en forme de &#8216;M&#8217;. Cette construction permet un meilleur transfert des charges \u00e9lev\u00e9es pendant le patinage. Elles r\u00e9partissent \u00e9galement la rigidit\u00e9 de mani\u00e8re plus homog\u00e8ne sur le tube. Il en r\u00e9sulte une plus grande stabilit\u00e9 et donc plus de vitesse.<\/p>\n<p>Le tube Flex est plus fin \u00e0 la base du tube. Moins de mati\u00e8re pr\u00e8s de la lame permet \u00e0 celle-ci de se plier davantage dans le virage, ce qui lui conf\u00e8re un comportement plus dynamique. Les tubes Flex conviennent mieux aux patineurs plus l\u00e9gers.<\/p>\n<p>Les tubes standard ont une section transversale plus \u00e9lev\u00e9e au milieu du tube. Cela rend le tube standard plus rigide dans la direction normale. Un tube standard maintiendra mieux son rocker.<\/p>\n<p>La tendance en shorttrack est d&#8217;aller plus haut. Les bonnets de +10mm ne sont plus une raret\u00e9. La M-Wave Firm est donc par d\u00e9faut 5mm plus haute que la normale. Le M-Wave Flex est par d\u00e9faut 3mm plus haut. La hauteur est mesur\u00e9e sur la base de la hauteur de bonnet par d\u00e9faut des autres marques.<\/p>\n<p>Tube : Tube anodis\u00e9 en aluminium 7000<\/p>\n<p>Hauteur du pilier : 59 mm<\/p>\n<p>Lame : 1,1 mm d&#8217;\u00e9paisseur<\/p>\n<p>62HRC Bi-M\u00e9tal<\/p>\n<p>Pr\u00e9-courb\u00e9<\/p>\n<p><strong>Rigidit\u00e9 : Flex pour les patineurs entre 110lbs et 145lbs<\/strong><\/p>\n<h6><span style=\"color: #ff0000;\">Pr\u00e9paration des lames : Nous faisons un rocker progressif ST-9 sur ces lames.<\/span><span style=\"color: #0000ff;\"> <a style=\"color: #0000ff;\" href=\"http:\/\/xactskateshop.com\/product\/short-track-blade-rockering\/\">(voir les num\u00e9ros ici)<\/a> <\/span><span style=\"color: #ff0000;\">ainsi que le bend correspondant<\/span><\/h6>\n<p>&nbsp;<\/p>\n","protected":false},"excerpt":{"rendered":"<p>Courte Piste Lames Mwave<\/p>\n<p>Lames SKATE-TEC M-Wave 180 Flex<\/p>\n<p>Le M-Wave se distingue par ses fourches en forme de &#8220;M&#8221;. Cette construction permet un meilleur transfert des charges \u00e9lev\u00e9es pendant le patinage. La rigidit\u00e9 est \u00e9galement mieux r\u00e9partie sur le tube. Il en r\u00e9sulte une plus grande stabilit\u00e9 et donc plus de vitesse.<\/p>\n","protected":false},"featured_media":29486,"comment_status":"open","ping_status":"closed","template":"","meta":{"site-sidebar-layout":"default","site-content-layout":"default","ast-site-content-layout":"default","site-content-style":"default","site-sidebar-style":"default","ast-global-header-display":"","ast-banner-title-visibility":"","ast-main-header-display":"","ast-hfb-above-header-display":"","ast-hfb-below-header-display":"","ast-hfb-mobile-header-display":"","site-post-title":"","ast-breadcrumbs-content":"","ast-featured-img":"","footer-sml-layout":"","theme-transparent-header-meta":"default","adv-header-id-meta":"","stick-header-meta":"","header-above-stick-meta":"","header-main-stick-meta":"","header-below-stick-meta":"","astra-migrate-meta-layouts":"set","ast-page-background-enabled":"default","ast-page-background-meta":{"desktop":{"background-color":"","background-image":"","background-repeat":"repeat","background-position":"center center","background-size":"auto","background-attachment":"scroll","background-type":"","background-media":"","overlay-type":"","overlay-color":"","overlay-opacity":"","overlay-gradient":""},"tablet":{"background-color":"","background-image":"","background-repeat":"repeat","background-position":"center center","background-size":"auto","background-attachment":"scroll","background-type":"","background-media":"","overlay-type":"","overlay-color":"","overlay-opacity":"","overlay-gradient":""},"mobile":{"background-color":"","background-image":"","background-repeat":"repeat","background-position":"center center","background-size":"auto","background-attachment":"scroll","background-type":"","background-media":"","overlay-type":"","overlay-color":"","overlay-opacity":"","overlay-gradient":""}},"ast-content-background-meta":{"desktop":{"background-color":"var(--ast-global-color-5)","background-image":"","background-repeat":"repeat","background-position":"center center","background-size":"auto","background-attachment":"scroll","background-type":"","background-media":"","overlay-type":"","overlay-color":"","overlay-opacity":"","overlay-gradient":""},"tablet":{"background-color":"var(--ast-global-color-5)","background-image":"","background-repeat":"repeat","background-position":"center center","background-size":"auto","background-attachment":"scroll","background-type":"","background-media":"","overlay-type":"","overlay-color":"","overlay-opacity":"","overlay-gradient":""},"mobile":{"background-color":"var(--ast-global-color-5)","background-image":"","background-repeat":"repeat","background-position":"center center","background-size":"auto","background-attachment":"scroll","background-type":"","background-media":"","overlay-type":"","overlay-color":"","overlay-opacity":"","overlay-gradient":""}}},"product_brand":[],"product_cat":[1354,1457,1353],"product_tag":[1356,1397,2010,1473,2011],"class_list":{"0":"post-59358","1":"product","2":"type-product","3":"status-publish","4":"has-post-thumbnail","6":"product_cat-courte-piste","7":"product_cat-lames-et-pieces-patinage-de-vitesse-courte-piste","8":"product_cat-patinage-de-vitesse","9":"product_tag-courte-piste-fr","10":"product_tag-lames-de-st","11":"product_tag-lames-mwave","12":"product_tag-lames-pour-pistes-courtes","13":"product_tag-lames-skate-tec","14":"desktop-align-center","15":"tablet-align-center","16":"mobile-align-center","17":"ast-product-gallery-layout-horizontal","18":"ast-product-gallery-with-no-image","19":"ast-product-single-variable","20":"ast-product-tabs-layout-horizontal","21":"ast-qv-on-image","23":"first","24":"instock","25":"sale","26":"taxable","27":"shipping-taxable","28":"purchasable","29":"product-type-variable"},"bundled_by":[],"bundle_stock_status":"instock","bundle_stock_quantity":null,"bundle_virtual":false,"bundle_layout":"","bundle_add_to_cart_form_location":"","bundle_editable_in_cart":false,"bundle_sold_individually_context":"","bundle_item_grouping":"","bundle_min_size":"","bundle_max_size":"","bundle_price":[],"bundled_items":[],"bundle_sell_ids":[],"yoast_head":"<!-- This site is optimized with the Yoast SEO plugin v27.4 - https:\/\/yoast.com\/product\/yoast-seo-wordpress\/ -->\n<title>Courte Piste Mwave blades - Xact Skate Shop.<\/title>\n<meta name=\"description\" content=\"Courte Piste Mwave lames. Le M-Wave se distingue par ses fourches en forme de &quot;M&quot;. Cette construction permet un meilleur transfert des charges \u00e9lev\u00e9es pendant le patinage.\" \/>\n<meta name=\"robots\" content=\"index, follow, max-snippet:-1, max-image-preview:large, max-video-preview:-1\" \/>\n<link rel=\"canonical\" href=\"https:\/\/xactskateshop.com\/fr\/produit\/lames-skate-tec-m-wave-180-flex\/\" \/>\n<meta property=\"og:locale\" content=\"fr_FR\" \/>\n<meta property=\"og:type\" content=\"article\" \/>\n<meta property=\"og:title\" content=\"Courte Piste Mwave blades - Xact Skate Shop.\" \/>\n<meta property=\"og:description\" content=\"Courte Piste Mwave lames. Le M-Wave se distingue par ses fourches en forme de &quot;M&quot;. Cette construction permet un meilleur transfert des charges \u00e9lev\u00e9es pendant le patinage.\" \/>\n<meta property=\"og:url\" content=\"https:\/\/xactskateshop.com\/fr\/produit\/lames-skate-tec-m-wave-180-flex\/\" \/>\n<meta property=\"og:site_name\" content=\"Xact Skate Shop\" \/>\n<meta property=\"article:publisher\" content=\"https:\/\/www.facebook.com\/JeanLouiskateshop\" \/>\n<meta property=\"article:modified_time\" content=\"2025-10-04T17:37:44+00:00\" \/>\n<meta property=\"og:image\" content=\"https:\/\/xactskateshop.com\/wp-content\/uploads\/2022\/03\/mwave-flex.png\" \/>\n\t<meta property=\"og:image:width\" content=\"1000\" \/>\n\t<meta property=\"og:image:height\" content=\"1000\" \/>\n\t<meta property=\"og:image:type\" content=\"image\/png\" \/>\n<meta name=\"twitter:card\" content=\"summary_large_image\" \/>\n<meta name=\"twitter:label1\" content=\"Dur\u00e9e de lecture estim\u00e9e\" \/>\n\t<meta name=\"twitter:data1\" content=\"2 minutes\" \/>\n<script type=\"application\/ld+json\" class=\"yoast-schema-graph\">{\"@context\":\"https:\\\/\\\/schema.org\",\"@graph\":[{\"@type\":\"WebPage\",\"@id\":\"https:\\\/\\\/xactskateshop.com\\\/fr\\\/produit\\\/lames-skate-tec-m-wave-180-flex\\\/\",\"url\":\"https:\\\/\\\/xactskateshop.com\\\/fr\\\/produit\\\/lames-skate-tec-m-wave-180-flex\\\/\",\"name\":\"Courte Piste Mwave blades - Xact Skate Shop.\",\"isPartOf\":{\"@id\":\"http:\\\/\\\/xactskateshop.com\\\/fr\\\/#website\"},\"primaryImageOfPage\":{\"@id\":\"https:\\\/\\\/xactskateshop.com\\\/fr\\\/produit\\\/lames-skate-tec-m-wave-180-flex\\\/#primaryimage\"},\"image\":{\"@id\":\"https:\\\/\\\/xactskateshop.com\\\/fr\\\/produit\\\/lames-skate-tec-m-wave-180-flex\\\/#primaryimage\"},\"thumbnailUrl\":\"https:\\\/\\\/xactskateshop.com\\\/wp-content\\\/uploads\\\/2022\\\/03\\\/mwave-flex.png\",\"datePublished\":\"2022-03-15T21:18:37+00:00\",\"dateModified\":\"2025-10-04T17:37:44+00:00\",\"description\":\"Courte Piste Mwave lames. Le M-Wave se distingue par ses fourches en forme de \\\"M\\\". Cette construction permet un meilleur transfert des charges \u00e9lev\u00e9es pendant le patinage.\",\"breadcrumb\":{\"@id\":\"https:\\\/\\\/xactskateshop.com\\\/fr\\\/produit\\\/lames-skate-tec-m-wave-180-flex\\\/#breadcrumb\"},\"inLanguage\":\"fr-FR\",\"potentialAction\":[{\"@type\":\"ReadAction\",\"target\":[\"https:\\\/\\\/xactskateshop.com\\\/fr\\\/produit\\\/lames-skate-tec-m-wave-180-flex\\\/\"]}]},{\"@type\":\"ImageObject\",\"inLanguage\":\"fr-FR\",\"@id\":\"https:\\\/\\\/xactskateshop.com\\\/fr\\\/produit\\\/lames-skate-tec-m-wave-180-flex\\\/#primaryimage\",\"url\":\"https:\\\/\\\/xactskateshop.com\\\/wp-content\\\/uploads\\\/2022\\\/03\\\/mwave-flex.png\",\"contentUrl\":\"https:\\\/\\\/xactskateshop.com\\\/wp-content\\\/uploads\\\/2022\\\/03\\\/mwave-flex.png\",\"width\":1000,\"height\":1000,\"caption\":\"Courte Piste Lames Mwave\"},{\"@type\":\"BreadcrumbList\",\"@id\":\"https:\\\/\\\/xactskateshop.com\\\/fr\\\/produit\\\/lames-skate-tec-m-wave-180-flex\\\/#breadcrumb\",\"itemListElement\":[{\"@type\":\"ListItem\",\"position\":1,\"name\":\"Home\",\"item\":\"https:\\\/\\\/xactskateshop.com\\\/fr\\\/accueil\\\/\"},{\"@type\":\"ListItem\",\"position\":2,\"name\":\"Boutique\",\"item\":\"https:\\\/\\\/xactskateshop.com\\\/shop\\\/\"},{\"@type\":\"ListItem\",\"position\":3,\"name\":\"Lames SKATE-TEC M-Wave 180 Flex\"}]},{\"@type\":\"WebSite\",\"@id\":\"http:\\\/\\\/xactskateshop.com\\\/fr\\\/#website\",\"url\":\"http:\\\/\\\/xactskateshop.com\\\/fr\\\/\",\"name\":\"Xact Skate Shop\",\"description\":\"Un site utilisant WordPress\",\"publisher\":{\"@id\":\"http:\\\/\\\/xactskateshop.com\\\/fr\\\/#organization\"},\"potentialAction\":[{\"@type\":\"SearchAction\",\"target\":{\"@type\":\"EntryPoint\",\"urlTemplate\":\"http:\\\/\\\/xactskateshop.com\\\/fr\\\/?s={search_term_string}\"},\"query-input\":{\"@type\":\"PropertyValueSpecification\",\"valueRequired\":true,\"valueName\":\"search_term_string\"}}],\"inLanguage\":\"fr-FR\"},{\"@type\":\"Organization\",\"@id\":\"http:\\\/\\\/xactskateshop.com\\\/fr\\\/#organization\",\"name\":\"XACT Skate Shop\",\"url\":\"http:\\\/\\\/xactskateshop.com\\\/fr\\\/\",\"logo\":{\"@type\":\"ImageObject\",\"inLanguage\":\"fr-FR\",\"@id\":\"http:\\\/\\\/xactskateshop.com\\\/fr\\\/#\\\/schema\\\/logo\\\/image\\\/\",\"url\":\"http:\\\/\\\/xactskateshop.com\\\/wp-content\\\/uploads\\\/2024\\\/04\\\/xactskateshop-dot-com-avec-contour-noir-sans-fond-675x.jpg\",\"contentUrl\":\"http:\\\/\\\/xactskateshop.com\\\/wp-content\\\/uploads\\\/2024\\\/04\\\/xactskateshop-dot-com-avec-contour-noir-sans-fond-675x.jpg\",\"width\":675,\"height\":247,\"caption\":\"XACT Skate Shop\"},\"image\":{\"@id\":\"http:\\\/\\\/xactskateshop.com\\\/fr\\\/#\\\/schema\\\/logo\\\/image\\\/\"},\"sameAs\":[\"https:\\\/\\\/www.facebook.com\\\/JeanLouiskateshop\"]}]}<\/script>\n<!-- \/ Yoast SEO plugin. -->","yoast_head_json":{"title":"Courte Piste Mwave blades - Xact Skate Shop.","description":"Courte Piste Mwave lames. Le M-Wave se distingue par ses fourches en forme de \"M\". Cette construction permet un meilleur transfert des charges \u00e9lev\u00e9es pendant le patinage.","robots":{"index":"index","follow":"follow","max-snippet":"max-snippet:-1","max-image-preview":"max-image-preview:large","max-video-preview":"max-video-preview:-1"},"canonical":"https:\/\/xactskateshop.com\/fr\/produit\/lames-skate-tec-m-wave-180-flex\/","og_locale":"fr_FR","og_type":"article","og_title":"Courte Piste Mwave blades - Xact Skate Shop.","og_description":"Courte Piste Mwave lames. Le M-Wave se distingue par ses fourches en forme de \"M\". Cette construction permet un meilleur transfert des charges \u00e9lev\u00e9es pendant le patinage.","og_url":"https:\/\/xactskateshop.com\/fr\/produit\/lames-skate-tec-m-wave-180-flex\/","og_site_name":"Xact Skate Shop","article_publisher":"https:\/\/www.facebook.com\/JeanLouiskateshop","article_modified_time":"2025-10-04T17:37:44+00:00","og_image":[{"width":1000,"height":1000,"url":"https:\/\/xactskateshop.com\/wp-content\/uploads\/2022\/03\/mwave-flex.png","type":"image\/png"}],"twitter_card":"summary_large_image","twitter_misc":{"Dur\u00e9e de lecture estim\u00e9e":"2 minutes"},"schema":{"@context":"https:\/\/schema.org","@graph":[{"@type":"WebPage","@id":"https:\/\/xactskateshop.com\/fr\/produit\/lames-skate-tec-m-wave-180-flex\/","url":"https:\/\/xactskateshop.com\/fr\/produit\/lames-skate-tec-m-wave-180-flex\/","name":"Courte Piste Mwave blades - Xact Skate Shop.","isPartOf":{"@id":"http:\/\/xactskateshop.com\/fr\/#website"},"primaryImageOfPage":{"@id":"https:\/\/xactskateshop.com\/fr\/produit\/lames-skate-tec-m-wave-180-flex\/#primaryimage"},"image":{"@id":"https:\/\/xactskateshop.com\/fr\/produit\/lames-skate-tec-m-wave-180-flex\/#primaryimage"},"thumbnailUrl":"https:\/\/xactskateshop.com\/wp-content\/uploads\/2022\/03\/mwave-flex.png","datePublished":"2022-03-15T21:18:37+00:00","dateModified":"2025-10-04T17:37:44+00:00","description":"Courte Piste Mwave lames. Le M-Wave se distingue par ses fourches en forme de \"M\". Cette construction permet un meilleur transfert des charges \u00e9lev\u00e9es pendant le patinage.","breadcrumb":{"@id":"https:\/\/xactskateshop.com\/fr\/produit\/lames-skate-tec-m-wave-180-flex\/#breadcrumb"},"inLanguage":"fr-FR","potentialAction":[{"@type":"ReadAction","target":["https:\/\/xactskateshop.com\/fr\/produit\/lames-skate-tec-m-wave-180-flex\/"]}]},{"@type":"ImageObject","inLanguage":"fr-FR","@id":"https:\/\/xactskateshop.com\/fr\/produit\/lames-skate-tec-m-wave-180-flex\/#primaryimage","url":"https:\/\/xactskateshop.com\/wp-content\/uploads\/2022\/03\/mwave-flex.png","contentUrl":"https:\/\/xactskateshop.com\/wp-content\/uploads\/2022\/03\/mwave-flex.png","width":1000,"height":1000,"caption":"Courte Piste Lames Mwave"},{"@type":"BreadcrumbList","@id":"https:\/\/xactskateshop.com\/fr\/produit\/lames-skate-tec-m-wave-180-flex\/#breadcrumb","itemListElement":[{"@type":"ListItem","position":1,"name":"Home","item":"https:\/\/xactskateshop.com\/fr\/accueil\/"},{"@type":"ListItem","position":2,"name":"Boutique","item":"https:\/\/xactskateshop.com\/shop\/"},{"@type":"ListItem","position":3,"name":"Lames SKATE-TEC M-Wave 180 Flex"}]},{"@type":"WebSite","@id":"http:\/\/xactskateshop.com\/fr\/#website","url":"http:\/\/xactskateshop.com\/fr\/","name":"Xact Skate Shop","description":"Un site utilisant WordPress","publisher":{"@id":"http:\/\/xactskateshop.com\/fr\/#organization"},"potentialAction":[{"@type":"SearchAction","target":{"@type":"EntryPoint","urlTemplate":"http:\/\/xactskateshop.com\/fr\/?s={search_term_string}"},"query-input":{"@type":"PropertyValueSpecification","valueRequired":true,"valueName":"search_term_string"}}],"inLanguage":"fr-FR"},{"@type":"Organization","@id":"http:\/\/xactskateshop.com\/fr\/#organization","name":"XACT Skate Shop","url":"http:\/\/xactskateshop.com\/fr\/","logo":{"@type":"ImageObject","inLanguage":"fr-FR","@id":"http:\/\/xactskateshop.com\/fr\/#\/schema\/logo\/image\/","url":"http:\/\/xactskateshop.com\/wp-content\/uploads\/2024\/04\/xactskateshop-dot-com-avec-contour-noir-sans-fond-675x.jpg","contentUrl":"http:\/\/xactskateshop.com\/wp-content\/uploads\/2024\/04\/xactskateshop-dot-com-avec-contour-noir-sans-fond-675x.jpg","width":675,"height":247,"caption":"XACT Skate Shop"},"image":{"@id":"http:\/\/xactskateshop.com\/fr\/#\/schema\/logo\/image\/"},"sameAs":["https:\/\/www.facebook.com\/JeanLouiskateshop"]}]}},"_links":{"self":[{"href":"https:\/\/xactskateshop.com\/fr\/wp-json\/wp\/v2\/product\/59358","targetHints":{"allow":["GET"]}}],"collection":[{"href":"https:\/\/xactskateshop.com\/fr\/wp-json\/wp\/v2\/product"}],"about":[{"href":"https:\/\/xactskateshop.com\/fr\/wp-json\/wp\/v2\/types\/product"}],"replies":[{"embeddable":true,"href":"https:\/\/xactskateshop.com\/fr\/wp-json\/wp\/v2\/comments?post=59358"}],"wp:featuredmedia":[{"embeddable":true,"href":"https:\/\/xactskateshop.com\/fr\/wp-json\/wp\/v2\/media\/29486"}],"wp:attachment":[{"href":"https:\/\/xactskateshop.com\/fr\/wp-json\/wp\/v2\/media?parent=59358"}],"wp:term":[{"taxonomy":"product_brand","embeddable":true,"href":"https:\/\/xactskateshop.com\/fr\/wp-json\/wp\/v2\/product_brand?post=59358"},{"taxonomy":"product_cat","embeddable":true,"href":"https:\/\/xactskateshop.com\/fr\/wp-json\/wp\/v2\/product_cat?post=59358"},{"taxonomy":"product_tag","embeddable":true,"href":"https:\/\/xactskateshop.com\/fr\/wp-json\/wp\/v2\/product_tag?post=59358"}],"curies":[{"name":"wp","href":"https:\/\/api.w.org\/{rel}","templated":true}]}}