{"id":59218,"date":"2021-11-04T18:41:33","date_gmt":"2021-11-04T22:41:33","guid":{"rendered":"http:\/\/xactskateshop.com\/product\/k2-rink-raven-boa\/"},"modified":"2025-10-16T15:45:46","modified_gmt":"2025-10-16T19:45:46","slug":"k2-rink-raven-boa","status":"publish","type":"product","link":"https:\/\/xactskateshop.com\/fr\/produit\/k2-rink-raven-boa\/","title":{"rendered":"Patins \u00e0 glace K2 Rink Raven BOA"},"content":{"rendered":"<div class=\"description\" data-v-7363df46=\"\">\n<div class=\"description\" data-v-7363df46=\"\">\n<div class=\"description\" data-v-7363df46=\"\">\n<div class=\"description\" data-v-7363df46=\"\">\n<div class=\"description\" data-v-7363df46=\"\">\n<div class=\"description\" data-v-7363df46=\"\">\n<div class=\"description\" data-v-7363df46=\"\">\n<p><strong>**** AFF\u00dbTAGE DE LA LAME INCLUS !<\/strong><\/p>\n<p>Tout d&#8217;abord, le patin \u00e0 glace r\u00e9cr\u00e9atif K2 Rink Raven Boa\u00ae est ajustable en taille, donc au fur et \u00e0 mesure que les pieds de votre jeune patineur grandissent, le patin grandit aussi ! Ce patin \u00e0 glace est \u00e9galement dot\u00e9 d&#8217;un support de lame int\u00e9gr\u00e9 qui abaisse le centre de gravit\u00e9 du jeune patineur, ce qui lui permet de rester plus facilement en \u00e9quilibre sur la glace. Le chausson Original K2 Softboot\u00ae avec une doublure bross\u00e9e et des mat\u00e9riaux hydrofuges garde les pieds de votre enfant au chaud, au sec et \u00e0 l&#8217;aise. Enfin, le syst\u00e8me de fermeture Boa\u00ae permet un chaussage et un d\u00e9chaussage faciles.<\/p>\n<\/div>\n<div class=\"specs\" data-v-7363df46=\"\">\n<div class=\"list-group\" data-v-7363df46=\"\">\n<h4 data-v-7363df46=\"\">TAILLE<\/h4>\n<p>11-2,1-5 <span class=\"comma\" data-v-7363df46=\"\">,<\/span>4-8<\/p>\n<\/div>\n<div data-v-7363df46=\"\">\n<div class=\"tech-entry\" data-v-7363df46=\"\">\n<h4 class=\"title-border\" data-v-7363df46=\"\">K2 SOFTBOOT\u00ae :<\/h4>\n<div data-v-7363df46=\"\">\n<p>Confort, performance et style.<\/p>\n<\/div>\n<\/div>\n<div class=\"tech-entry\" data-v-7363df46=\"\">\n<h4 class=\"title-border\" data-v-7363df46=\"\">5 TAILLES EXTENSIBLES :<\/h4>\n<div data-v-7363df46=\"\">\n<p>Chaque patin s&#8217;agrandit 5 tailles individuelles par patin<\/p>\n<\/div>\n<\/div>\n<div class=\"tech-entry\" data-v-7363df46=\"\">\n<h4 class=\"title-border\" data-v-7363df46=\"\">SYST\u00c8ME BOA\u00ae FIT :<\/h4>\n<div data-v-7363df46=\"\">\n<p>Le BOA\u00ae Fit System permet un ajustement rapide, sans effort et pr\u00e9cis.<\/p>\n<\/div>\n<\/div>\n<div class=\"tech-entry\" data-v-7363df46=\"\">\n<h4 class=\"title-border\" data-v-7363df46=\"\">MANCHETTE JUNIOR BOA\u00ae :<\/h4>\n<div data-v-7363df46=\"\">\n<p>Manchette junior int\u00e9gr\u00e9e Boa\u00ae pour un maintien maximal.<\/p>\n<\/div>\n<\/div>\n<div class=\"tech-entry\" data-v-7363df46=\"\">\n<h4 class=\"title-border\" data-v-7363df46=\"\">MAT\u00c9RIAUX HYDROFUGES :<\/h4>\n<div data-v-7363df46=\"\">\n<p>Con\u00e7u pour garder l&#8217;eau \u00e0 l&#8217;ext\u00e9rieur et les pieds au sec.<\/p>\n<\/div>\n<\/div>\n<div class=\"tech-entry\" data-v-7363df46=\"\">\n<h4 class=\"title-border\" data-v-7363df46=\"\">LAME EN ACIER INOXYDABLE :<\/h4>\n<div data-v-7363df46=\"\">\n<p>Am\u00e9liore la r\u00e9sistance \u00e0 l&#8217;usure et \u00e0 la corrosion pour faciliter l&#8217;entretien.<\/p>\n<\/div>\n<\/div>\n<\/div>\n<\/div>\n<\/div>\n<\/div>\n<\/div>\n<\/div>\n<\/div>\n<\/div>\n<div class=\"specs\" data-v-7363df46=\"\">\n<div data-v-7363df46=\"\">\n<div class=\"size-chart-description\" data-v-65e682ee=\"\">\n<p><strong>Tableau des tailles de patins pour jeunes<\/strong><\/p>\n<\/div>\n<table data-v-65e682ee=\"\">\n<thead data-v-65e682ee=\"\">\n<tr data-v-65e682ee=\"\">\n<th data-v-65e682ee=\"\">Taille de patin\/ Taille de chaussure US<\/th>\n<th data-v-65e682ee=\"\">Pointure UK<\/th>\n<th data-v-65e682ee=\"\">Pointure europ\u00e9enne<\/th>\n<th data-v-65e682ee=\"\">Longueur du pied (in)<\/th>\n<th data-v-65e682ee=\"\">Longueur du pied (cm)<\/th>\n<\/tr>\n<\/thead>\n<tbody data-v-65e682ee=\"\">\n<tr data-v-65e682ee=\"\">\n<td class=\"\" data-v-65e682ee=\"\"><span class=\"mobile-text\" data-v-65e682ee=\"\">11 &#8211; 2<\/span><\/td>\n<td class=\"\" data-v-65e682ee=\"\"><span class=\"mobile-text\" data-v-65e682ee=\"\">10 &#8211; 1<\/span><\/td>\n<td class=\"\" data-v-65e682ee=\"\"><span class=\"mobile-text\" data-v-65e682ee=\"\">29 &#8211; 34<\/span><\/td>\n<td class=\"\" data-v-65e682ee=\"\"><span class=\"mobile-text\" data-v-65e682ee=\"\">6.69 &#8211; 8.07<\/span><\/td>\n<td class=\"\" data-v-65e682ee=\"\"><span class=\"mobile-text\" data-v-65e682ee=\"\">17 &#8211; 20.5<\/span><\/td>\n<\/tr>\n<tr data-v-65e682ee=\"\">\n<td class=\"\" data-v-65e682ee=\"\"><span class=\"mobile-text\" data-v-65e682ee=\"\">1 &#8211; 5<\/span><\/td>\n<td class=\"\" data-v-65e682ee=\"\"><span class=\"mobile-text\" data-v-65e682ee=\"\">13 &#8211; 4<\/span><\/td>\n<td class=\"\" data-v-65e682ee=\"\"><span class=\"mobile-text\" data-v-65e682ee=\"\">32 &#8211; 37<\/span><\/td>\n<td class=\"\" data-v-65e682ee=\"\"><span class=\"mobile-text\" data-v-65e682ee=\"\">7.68 &#8211; 9.06<\/span><\/td>\n<td class=\"\" data-v-65e682ee=\"\"><span class=\"mobile-text\" data-v-65e682ee=\"\">19.5 &#8211; 23<\/span><\/td>\n<\/tr>\n<tr data-v-65e682ee=\"\">\n<td class=\"\" data-v-65e682ee=\"\"><span class=\"mobile-text\" data-v-65e682ee=\"\">4 &#8211; 8<\/span><\/td>\n<td class=\"\" data-v-65e682ee=\"\"><span class=\"mobile-text\" data-v-65e682ee=\"\">3 &#8211; 7<\/span><\/td>\n<td class=\"\" data-v-65e682ee=\"\"><span class=\"mobile-text\" data-v-65e682ee=\"\">35 &#8211; 40<\/span><\/td>\n<td class=\"\" data-v-65e682ee=\"\"><span class=\"mobile-text\" data-v-65e682ee=\"\">8.66 &#8211; 10.04<\/span><\/td>\n<td class=\"\" data-v-65e682ee=\"\"><span class=\"mobile-text\" data-v-65e682ee=\"\">22 &#8211; 25.5<\/span><\/td>\n<\/tr>\n<\/tbody>\n<\/table>\n<p>Voir d&#8217;autres patins <a href=\"http:\/\/xactskateshop.com\/product-category\/recrational-skating\/recreational-nordic\/\">ici<\/a><\/p>\n<p>Pour en savoir plus sur les patins K2, <a href=\"https:\/\/k2skates.com\/en-ca\/c\/ice-skates\/fit-and-alexis\/\">cliquez ici<\/a><\/p>\n<\/div>\n<\/div>\n","protected":false},"excerpt":{"rendered":"<div class=\"description\" data-v-7363df46=\"\">\n<hr \/>\n<p style=\"text-align: center;\">Tout d&#8217;abord, le patin \u00e0 glace r\u00e9cr\u00e9atif K2 Rink Raven Boa\u00ae est ajustable en taille, donc au fur et \u00e0 mesure que les pieds de votre jeune patineur grandissent, le patin grandit aussi !<\/p>\n<hr \/>\n<p>&nbsp;<\/p>\n<\/div>\n","protected":false},"featured_media":66566,"comment_status":"closed","ping_status":"closed","template":"","meta":{"site-sidebar-layout":"default","site-content-layout":"default","ast-site-content-layout":"default","site-content-style":"default","site-sidebar-style":"default","ast-global-header-display":"","ast-banner-title-visibility":"","ast-main-header-display":"","ast-hfb-above-header-display":"","ast-hfb-below-header-display":"","ast-hfb-mobile-header-display":"","site-post-title":"","ast-breadcrumbs-content":"","ast-featured-img":"","footer-sml-layout":"","theme-transparent-header-meta":"default","adv-header-id-meta":"","stick-header-meta":"","header-above-stick-meta":"","header-main-stick-meta":"","header-below-stick-meta":"","astra-migrate-meta-layouts":"set","ast-page-background-enabled":"default","ast-page-background-meta":{"desktop":{"background-color":"","background-image":"","background-repeat":"repeat","background-position":"center center","background-size":"auto","background-attachment":"scroll","background-type":"","background-media":"","overlay-type":"","overlay-color":"","overlay-opacity":"","overlay-gradient":""},"tablet":{"background-color":"","background-image":"","background-repeat":"repeat","background-position":"center center","background-size":"auto","background-attachment":"scroll","background-type":"","background-media":"","overlay-type":"","overlay-color":"","overlay-opacity":"","overlay-gradient":""},"mobile":{"background-color":"","background-image":"","background-repeat":"repeat","background-position":"center center","background-size":"auto","background-attachment":"scroll","background-type":"","background-media":"","overlay-type":"","overlay-color":"","overlay-opacity":"","overlay-gradient":""}},"ast-content-background-meta":{"desktop":{"background-color":"var(--ast-global-color-5)","background-image":"","background-repeat":"repeat","background-position":"center center","background-size":"auto","background-attachment":"scroll","background-type":"","background-media":"","overlay-type":"","overlay-color":"","overlay-opacity":"","overlay-gradient":""},"tablet":{"background-color":"var(--ast-global-color-5)","background-image":"","background-repeat":"repeat","background-position":"center center","background-size":"auto","background-attachment":"scroll","background-type":"","background-media":"","overlay-type":"","overlay-color":"","overlay-opacity":"","overlay-gradient":""},"mobile":{"background-color":"var(--ast-global-color-5)","background-image":"","background-repeat":"repeat","background-position":"center center","background-size":"auto","background-attachment":"scroll","background-type":"","background-media":"","overlay-type":"","overlay-color":"","overlay-opacity":"","overlay-gradient":""}}},"product_brand":[],"product_cat":[1660],"product_tag":[1382,1863],"class_list":{"0":"post-59218","1":"product","2":"type-product","3":"status-publish","4":"has-post-thumbnail","6":"product_cat-patinage-de-loisir-patinage-nordique","7":"product_tag-patins-a-glace","8":"product_tag-patins-de-loisir","9":"desktop-align-center","10":"tablet-align-center","11":"mobile-align-center","12":"ast-product-gallery-layout-horizontal","13":"ast-product-single-variable","14":"ast-product-tabs-layout-horizontal","15":"ast-qv-on-image","17":"first","18":"instock","19":"taxable","20":"shipping-taxable","21":"purchasable","22":"product-type-variable"},"bundled_by":[],"bundle_stock_status":"instock","bundle_stock_quantity":null,"bundle_virtual":false,"bundle_layout":"","bundle_add_to_cart_form_location":"","bundle_editable_in_cart":false,"bundle_sold_individually_context":"","bundle_item_grouping":"","bundle_min_size":"","bundle_max_size":"","bundle_price":[],"bundled_items":[],"bundle_sell_ids":[],"yoast_head":"<!-- This site is optimized with the Yoast SEO plugin v27.4 - https:\/\/yoast.com\/product\/yoast-seo-wordpress\/ -->\n<title>K2 Rink Raven Skate - Xact Skate Shop<\/title>\n<meta name=\"description\" content=\"Le patin K2 Rink Raven Skate Boa\u00ae est r\u00e9glable en taille, de sorte que les pieds de votre jeune patineur grandissent en m\u00eame temps que le patin !\" \/>\n<meta name=\"robots\" content=\"index, follow, max-snippet:-1, max-image-preview:large, max-video-preview:-1\" \/>\n<link rel=\"canonical\" href=\"https:\/\/xactskateshop.com\/fr\/produit\/k2-rink-raven-boa\/\" \/>\n<meta property=\"og:locale\" content=\"fr_FR\" \/>\n<meta property=\"og:type\" content=\"article\" \/>\n<meta property=\"og:title\" content=\"K2 Rink Raven Skate - Xact Skate Shop\" \/>\n<meta property=\"og:description\" content=\"Le patin K2 Rink Raven Skate Boa\u00ae est r\u00e9glable en taille, de sorte que les pieds de votre jeune patineur grandissent en m\u00eame temps que le patin !\" \/>\n<meta property=\"og:url\" content=\"https:\/\/xactskateshop.com\/fr\/produit\/k2-rink-raven-boa\/\" \/>\n<meta property=\"og:site_name\" content=\"Xact Skate Shop\" \/>\n<meta property=\"article:publisher\" content=\"https:\/\/www.facebook.com\/JeanLouiskateshop\" \/>\n<meta property=\"article:modified_time\" content=\"2025-10-16T19:45:46+00:00\" \/>\n<meta property=\"og:image\" content=\"https:\/\/xactskateshop.com\/wp-content\/uploads\/2021\/11\/F22_K2IceSkates_RinkRavenBOA-01-1.jpg\" \/>\n\t<meta property=\"og:image:width\" content=\"1000\" \/>\n\t<meta property=\"og:image:height\" content=\"1000\" \/>\n\t<meta property=\"og:image:type\" content=\"image\/jpeg\" \/>\n<meta name=\"twitter:card\" content=\"summary_large_image\" \/>\n<meta name=\"twitter:label1\" content=\"Dur\u00e9e de lecture estim\u00e9e\" \/>\n\t<meta name=\"twitter:data1\" content=\"2 minutes\" \/>\n<script type=\"application\/ld+json\" class=\"yoast-schema-graph\">{\"@context\":\"https:\\\/\\\/schema.org\",\"@graph\":[{\"@type\":\"WebPage\",\"@id\":\"https:\\\/\\\/xactskateshop.com\\\/fr\\\/produit\\\/k2-rink-raven-boa\\\/\",\"url\":\"https:\\\/\\\/xactskateshop.com\\\/fr\\\/produit\\\/k2-rink-raven-boa\\\/\",\"name\":\"K2 Rink Raven Skate - Xact Skate Shop\",\"isPartOf\":{\"@id\":\"http:\\\/\\\/xactskateshop.com\\\/fr\\\/#website\"},\"primaryImageOfPage\":{\"@id\":\"https:\\\/\\\/xactskateshop.com\\\/fr\\\/produit\\\/k2-rink-raven-boa\\\/#primaryimage\"},\"image\":{\"@id\":\"https:\\\/\\\/xactskateshop.com\\\/fr\\\/produit\\\/k2-rink-raven-boa\\\/#primaryimage\"},\"thumbnailUrl\":\"https:\\\/\\\/xactskateshop.com\\\/wp-content\\\/uploads\\\/2021\\\/11\\\/F22_K2IceSkates_RinkRavenBOA-01-1.jpg\",\"datePublished\":\"2021-11-04T22:41:33+00:00\",\"dateModified\":\"2025-10-16T19:45:46+00:00\",\"description\":\"Le patin K2 Rink Raven Skate Boa\u00ae est r\u00e9glable en taille, de sorte que les pieds de votre jeune patineur grandissent en m\u00eame temps que le patin !\",\"breadcrumb\":{\"@id\":\"https:\\\/\\\/xactskateshop.com\\\/fr\\\/produit\\\/k2-rink-raven-boa\\\/#breadcrumb\"},\"inLanguage\":\"fr-FR\",\"potentialAction\":[{\"@type\":\"ReadAction\",\"target\":[\"https:\\\/\\\/xactskateshop.com\\\/fr\\\/produit\\\/k2-rink-raven-boa\\\/\"]}]},{\"@type\":\"ImageObject\",\"inLanguage\":\"fr-FR\",\"@id\":\"https:\\\/\\\/xactskateshop.com\\\/fr\\\/produit\\\/k2-rink-raven-boa\\\/#primaryimage\",\"url\":\"https:\\\/\\\/xactskateshop.com\\\/wp-content\\\/uploads\\\/2021\\\/11\\\/F22_K2IceSkates_RinkRavenBOA-01-1.jpg\",\"contentUrl\":\"https:\\\/\\\/xactskateshop.com\\\/wp-content\\\/uploads\\\/2021\\\/11\\\/F22_K2IceSkates_RinkRavenBOA-01-1.jpg\",\"width\":1000,\"height\":1000,\"caption\":\"k2 rink raven boa\"},{\"@type\":\"BreadcrumbList\",\"@id\":\"https:\\\/\\\/xactskateshop.com\\\/fr\\\/produit\\\/k2-rink-raven-boa\\\/#breadcrumb\",\"itemListElement\":[{\"@type\":\"ListItem\",\"position\":1,\"name\":\"Home\",\"item\":\"https:\\\/\\\/xactskateshop.com\\\/fr\\\/accueil\\\/\"},{\"@type\":\"ListItem\",\"position\":2,\"name\":\"Boutique\",\"item\":\"https:\\\/\\\/xactskateshop.com\\\/shop\\\/\"},{\"@type\":\"ListItem\",\"position\":3,\"name\":\"Patins \u00e0 glace K2 Rink Raven BOA\"}]},{\"@type\":\"WebSite\",\"@id\":\"http:\\\/\\\/xactskateshop.com\\\/fr\\\/#website\",\"url\":\"http:\\\/\\\/xactskateshop.com\\\/fr\\\/\",\"name\":\"Xact Skate Shop\",\"description\":\"Un site utilisant WordPress\",\"publisher\":{\"@id\":\"http:\\\/\\\/xactskateshop.com\\\/fr\\\/#organization\"},\"potentialAction\":[{\"@type\":\"SearchAction\",\"target\":{\"@type\":\"EntryPoint\",\"urlTemplate\":\"http:\\\/\\\/xactskateshop.com\\\/fr\\\/?s={search_term_string}\"},\"query-input\":{\"@type\":\"PropertyValueSpecification\",\"valueRequired\":true,\"valueName\":\"search_term_string\"}}],\"inLanguage\":\"fr-FR\"},{\"@type\":\"Organization\",\"@id\":\"http:\\\/\\\/xactskateshop.com\\\/fr\\\/#organization\",\"name\":\"XACT Skate Shop\",\"url\":\"http:\\\/\\\/xactskateshop.com\\\/fr\\\/\",\"logo\":{\"@type\":\"ImageObject\",\"inLanguage\":\"fr-FR\",\"@id\":\"http:\\\/\\\/xactskateshop.com\\\/fr\\\/#\\\/schema\\\/logo\\\/image\\\/\",\"url\":\"http:\\\/\\\/xactskateshop.com\\\/wp-content\\\/uploads\\\/2024\\\/04\\\/xactskateshop-dot-com-avec-contour-noir-sans-fond-675x.jpg\",\"contentUrl\":\"http:\\\/\\\/xactskateshop.com\\\/wp-content\\\/uploads\\\/2024\\\/04\\\/xactskateshop-dot-com-avec-contour-noir-sans-fond-675x.jpg\",\"width\":675,\"height\":247,\"caption\":\"XACT Skate Shop\"},\"image\":{\"@id\":\"http:\\\/\\\/xactskateshop.com\\\/fr\\\/#\\\/schema\\\/logo\\\/image\\\/\"},\"sameAs\":[\"https:\\\/\\\/www.facebook.com\\\/JeanLouiskateshop\"]}]}<\/script>\n<!-- \/ Yoast SEO plugin. -->","yoast_head_json":{"title":"K2 Rink Raven Skate - Xact Skate Shop","description":"Le patin K2 Rink Raven Skate Boa\u00ae est r\u00e9glable en taille, de sorte que les pieds de votre jeune patineur grandissent en m\u00eame temps que le patin !","robots":{"index":"index","follow":"follow","max-snippet":"max-snippet:-1","max-image-preview":"max-image-preview:large","max-video-preview":"max-video-preview:-1"},"canonical":"https:\/\/xactskateshop.com\/fr\/produit\/k2-rink-raven-boa\/","og_locale":"fr_FR","og_type":"article","og_title":"K2 Rink Raven Skate - Xact Skate Shop","og_description":"Le patin K2 Rink Raven Skate Boa\u00ae est r\u00e9glable en taille, de sorte que les pieds de votre jeune patineur grandissent en m\u00eame temps que le patin !","og_url":"https:\/\/xactskateshop.com\/fr\/produit\/k2-rink-raven-boa\/","og_site_name":"Xact Skate Shop","article_publisher":"https:\/\/www.facebook.com\/JeanLouiskateshop","article_modified_time":"2025-10-16T19:45:46+00:00","og_image":[{"width":1000,"height":1000,"url":"https:\/\/xactskateshop.com\/wp-content\/uploads\/2021\/11\/F22_K2IceSkates_RinkRavenBOA-01-1.jpg","type":"image\/jpeg"}],"twitter_card":"summary_large_image","twitter_misc":{"Dur\u00e9e de lecture estim\u00e9e":"2 minutes"},"schema":{"@context":"https:\/\/schema.org","@graph":[{"@type":"WebPage","@id":"https:\/\/xactskateshop.com\/fr\/produit\/k2-rink-raven-boa\/","url":"https:\/\/xactskateshop.com\/fr\/produit\/k2-rink-raven-boa\/","name":"K2 Rink Raven Skate - Xact Skate Shop","isPartOf":{"@id":"http:\/\/xactskateshop.com\/fr\/#website"},"primaryImageOfPage":{"@id":"https:\/\/xactskateshop.com\/fr\/produit\/k2-rink-raven-boa\/#primaryimage"},"image":{"@id":"https:\/\/xactskateshop.com\/fr\/produit\/k2-rink-raven-boa\/#primaryimage"},"thumbnailUrl":"https:\/\/xactskateshop.com\/wp-content\/uploads\/2021\/11\/F22_K2IceSkates_RinkRavenBOA-01-1.jpg","datePublished":"2021-11-04T22:41:33+00:00","dateModified":"2025-10-16T19:45:46+00:00","description":"Le patin K2 Rink Raven Skate Boa\u00ae est r\u00e9glable en taille, de sorte que les pieds de votre jeune patineur grandissent en m\u00eame temps que le patin !","breadcrumb":{"@id":"https:\/\/xactskateshop.com\/fr\/produit\/k2-rink-raven-boa\/#breadcrumb"},"inLanguage":"fr-FR","potentialAction":[{"@type":"ReadAction","target":["https:\/\/xactskateshop.com\/fr\/produit\/k2-rink-raven-boa\/"]}]},{"@type":"ImageObject","inLanguage":"fr-FR","@id":"https:\/\/xactskateshop.com\/fr\/produit\/k2-rink-raven-boa\/#primaryimage","url":"https:\/\/xactskateshop.com\/wp-content\/uploads\/2021\/11\/F22_K2IceSkates_RinkRavenBOA-01-1.jpg","contentUrl":"https:\/\/xactskateshop.com\/wp-content\/uploads\/2021\/11\/F22_K2IceSkates_RinkRavenBOA-01-1.jpg","width":1000,"height":1000,"caption":"k2 rink raven boa"},{"@type":"BreadcrumbList","@id":"https:\/\/xactskateshop.com\/fr\/produit\/k2-rink-raven-boa\/#breadcrumb","itemListElement":[{"@type":"ListItem","position":1,"name":"Home","item":"https:\/\/xactskateshop.com\/fr\/accueil\/"},{"@type":"ListItem","position":2,"name":"Boutique","item":"https:\/\/xactskateshop.com\/shop\/"},{"@type":"ListItem","position":3,"name":"Patins \u00e0 glace K2 Rink Raven BOA"}]},{"@type":"WebSite","@id":"http:\/\/xactskateshop.com\/fr\/#website","url":"http:\/\/xactskateshop.com\/fr\/","name":"Xact Skate Shop","description":"Un site utilisant WordPress","publisher":{"@id":"http:\/\/xactskateshop.com\/fr\/#organization"},"potentialAction":[{"@type":"SearchAction","target":{"@type":"EntryPoint","urlTemplate":"http:\/\/xactskateshop.com\/fr\/?s={search_term_string}"},"query-input":{"@type":"PropertyValueSpecification","valueRequired":true,"valueName":"search_term_string"}}],"inLanguage":"fr-FR"},{"@type":"Organization","@id":"http:\/\/xactskateshop.com\/fr\/#organization","name":"XACT Skate Shop","url":"http:\/\/xactskateshop.com\/fr\/","logo":{"@type":"ImageObject","inLanguage":"fr-FR","@id":"http:\/\/xactskateshop.com\/fr\/#\/schema\/logo\/image\/","url":"http:\/\/xactskateshop.com\/wp-content\/uploads\/2024\/04\/xactskateshop-dot-com-avec-contour-noir-sans-fond-675x.jpg","contentUrl":"http:\/\/xactskateshop.com\/wp-content\/uploads\/2024\/04\/xactskateshop-dot-com-avec-contour-noir-sans-fond-675x.jpg","width":675,"height":247,"caption":"XACT Skate Shop"},"image":{"@id":"http:\/\/xactskateshop.com\/fr\/#\/schema\/logo\/image\/"},"sameAs":["https:\/\/www.facebook.com\/JeanLouiskateshop"]}]}},"_links":{"self":[{"href":"https:\/\/xactskateshop.com\/fr\/wp-json\/wp\/v2\/product\/59218","targetHints":{"allow":["GET"]}}],"collection":[{"href":"https:\/\/xactskateshop.com\/fr\/wp-json\/wp\/v2\/product"}],"about":[{"href":"https:\/\/xactskateshop.com\/fr\/wp-json\/wp\/v2\/types\/product"}],"replies":[{"embeddable":true,"href":"https:\/\/xactskateshop.com\/fr\/wp-json\/wp\/v2\/comments?post=59218"}],"wp:featuredmedia":[{"embeddable":true,"href":"https:\/\/xactskateshop.com\/fr\/wp-json\/wp\/v2\/media\/66566"}],"wp:attachment":[{"href":"https:\/\/xactskateshop.com\/fr\/wp-json\/wp\/v2\/media?parent=59218"}],"wp:term":[{"taxonomy":"product_brand","embeddable":true,"href":"https:\/\/xactskateshop.com\/fr\/wp-json\/wp\/v2\/product_brand?post=59218"},{"taxonomy":"product_cat","embeddable":true,"href":"https:\/\/xactskateshop.com\/fr\/wp-json\/wp\/v2\/product_cat?post=59218"},{"taxonomy":"product_tag","embeddable":true,"href":"https:\/\/xactskateshop.com\/fr\/wp-json\/wp\/v2\/product_tag?post=59218"}],"curies":[{"name":"wp","href":"https:\/\/api.w.org\/{rel}","templated":true}]}}