{"id":59198,"date":"2021-10-01T16:05:09","date_gmt":"2021-10-01T20:05:09","guid":{"rendered":"http:\/\/xactskateshop.com\/product\/cadomotus-alpha-3-st-casque\/"},"modified":"2026-02-22T09:08:56","modified_gmt":"2026-02-22T14:08:56","slug":"cadomotus-alpha-3-st-casque","status":"publish","type":"product","link":"https:\/\/xactskateshop.com\/fr\/produit\/cadomotus-alpha-3-st-casque\/","title":{"rendered":"CADOMOTUS ALPHA 3 ST casque"},"content":{"rendered":"<div id=\"product-content\" class=\"product-content general-content content-col mobile-popup\" data-popup=\"product-content\">\n<div class=\"popup-inner\">\n<div id=\"product-content\" class=\"product-content general-content content-col mobile-popup\" data-popup=\"product-content\">\n<div class=\"popup-inner\">\n<div class=\"title-small title-font\">Description<\/div>\n<p>Casque Cadomotus alpha 3. L&#8217;Alpha-3 est le successeur de notre casque de patinage de vitesse le plus vendu : le C\u00e1domotus Alpha Aerospeed 2015. Apr\u00e8s 5 ans, il est temps de le mettre \u00e0 jour !  <\/p>\n<h2 class=\"null\">L&#8217;Alpha-3 est le casque de patinage le plus s\u00fbr du march\u00e9.<\/h2>\n<p>Pendant le processus de conception, notre \u00e9quipe R&amp;D a \u00e9t\u00e9 en contact permanent avec le comit\u00e9 technique de l&#8217;ISU. C&#8217;est pourquoi nous pouvons garantir que l&#8217;Alpha-3 r\u00e9pond \u00e0 toutes les directives de s\u00e9curit\u00e9 r\u00e9centes ET aux adaptations qui doivent encore \u00eatre mises en \u0153uvre. <\/p>\n<p>Avec le casque Alpha-3, vous \u00eates s\u00fbr d&#8217;avoir un casque certifi\u00e9, maintenant et \u00e0 l&#8217;avenir !<\/p>\n<p>Combin\u00e9 \u00e0 un design \u00e9l\u00e9gant et a\u00e9rodynamique, l&#8217;Alpha-3 est un casque que m\u00eame les patineurs les plus conservateurs aiment porter !<\/p>\n<h2>Quelles sont les nouveaut\u00e9s de l&#8217;Alpha-3 ?<\/h2>\n<ul>\n<li>Le casque Alpha-3 a un nouveau design plus rond \u00e0 l&#8217;arri\u00e8re.<\/li>\n<li>Cette forme ronde offre une meilleure protection \u00e0 l&#8217;arri\u00e8re de votre t\u00eate.<\/li>\n<li>Contrairement \u00e0 la taille unique Alpha Aerospeed, l&#8217;Alpha-3 est disponible en deux tailles : S\/M (54-57 cm) et L\/XL (58-62 cm).<\/li>\n<li>L&#8217;Alpha-3 n&#8217;a pas de visi\u00e8re ni de bouclier a\u00e9rodynamique.<\/li>\n<li>L&#8217;effet global, un motif nervur\u00e9 \u00e0 l&#8217;avant du casque, r\u00e9duit la tra\u00een\u00e9e a\u00e9rodynamique.<\/li>\n<li>Les \u00e9vents recouverts de fils m\u00e9talliques sont conformes aux directives de l&#8217;ISU et vous offrent une protection suppl\u00e9mentaire en cas de chute.<\/li>\n<li>Ce qui n&#8217;a pas chang\u00e9 : l\u00e9g\u00e8ret\u00e9 et confort.<\/li>\n<\/ul>\n<h2>Casque certifi\u00e9 par l&#8217;ISU<\/h2>\n<p>L&#8217;Alpha-3 est l&#8217;un des rares casques de skate officiellement approuv\u00e9s par l&#8217;ISU sur le march\u00e9. Selon les r\u00e8gles, un casque doit avoir la forme d&#8217;une t\u00eate et ne doit pas pr\u00e9senter de protub\u00e9rances. Les casques de patinage de vitesse doivent \u00e9galement se conformer \u00e0 un test d&#8217;impact d\u00e9velopp\u00e9 \u00e0 l&#8217;origine pour le short track. Presque tous les casques de v\u00e9lo ne sont donc pas adapt\u00e9s au patinage sur piste courte. Le casque Alpha-3 peut \u00eatre utilis\u00e9 en toute s\u00e9curit\u00e9 pour le patinage de vitesse, le short track et le marathon.    <\/p>\n<h2>Remplacement des collisions<\/h2>\n<p>Lorsque vous enregistrez l&#8217;achat de votre casque chez C\u00e1domotus Crash Replacement, vous b\u00e9n\u00e9ficiez d&#8217;une r\u00e9duction de 50 % sur l&#8217;achat d&#8217;un nouveau casque apr\u00e8s un accident. Votre casque a subi un impact apr\u00e8s une chute ? Sachez que la construction de votre casque peut \u00eatre endommag\u00e9e m\u00eame si vous ne pouvez pas le voir. L&#8217;option la plus s\u00fbre est toujours de remplacer votre casque.   <\/p>\n<\/div>\n<\/div>\n<div class=\"content-col specs mobile-popup\" data-popup=\"product-specs\">\n<div class=\"popup-inner\">\n<div class=\"title-small title-font\">Sp\u00e9cifications<\/div>\n<div class=\"spec-table\">\n<table>\n<tbody>\n<tr>\n<td class=\"spec-title\"><strong>Approuv\u00e9 pour la course<\/strong><\/td>\n<td>Patinage de vitesse ISU<\/td>\n<\/tr>\n<tr>\n<td class=\"spec-title\"><strong>Visi\u00e8re int\u00e9gr\u00e9e<\/strong><\/td>\n<td>Non<\/td>\n<\/tr>\n<tr>\n<td class=\"spec-title\"><strong>Option Aeroshield<\/strong><\/td>\n<td>Non<\/td>\n<\/tr>\n<tr>\n<td class=\"spec-title\"><strong>Ventilation<\/strong><\/td>\n<td>Canalisation interne, ventilation par-dessus les sourcils<\/td>\n<\/tr>\n<tr>\n<td class=\"spec-title\"><strong>Bouclier anti-insectes<\/strong><\/td>\n<td>Non<\/td>\n<\/tr>\n<tr>\n<td class=\"spec-title\"><strong>Syst\u00e8me d&#8217;ajustement<\/strong><\/td>\n<td>Verrouillage \u00e0 cliquet, r\u00e9glage vertical<\/td>\n<\/tr>\n<tr>\n<td class=\"spec-title\"><strong>Boucle<\/strong><\/td>\n<td>Clip \u00e0 boucle standard<\/td>\n<\/tr>\n<tr>\n<td class=\"spec-title\"><strong>Construction<\/strong><\/td>\n<td>Inmold EPC\/PC<\/td>\n<\/tr>\n<tr>\n<td class=\"spec-title\"><strong>Doublure<\/strong><\/td>\n<td>Double \u00e9paisseur | 3 pi\u00e8ces<\/td>\n<\/tr>\n<tr>\n<td class=\"spec-title\"><strong>Doublure lavable<\/strong><\/td>\n<td>Oui<\/td>\n<\/tr>\n<tr>\n<td class=\"spec-title\"><strong>Certification<\/strong><\/td>\n<td>CE, ASTM F-1849<\/td>\n<\/tr>\n<tr>\n<td class=\"spec-title\"><strong>Test\u00e9 en soufflerie<\/strong><\/td>\n<td>Oui<\/td>\n<\/tr>\n<\/tbody>\n<\/table>\n<\/div>\n<\/div>\n<\/div>\n<\/div>\n<\/div>\n<div class=\"content-col specs mobile-popup\" data-popup=\"product-specs\">\n<div class=\"popup-inner\">Pour en savoir plus sur Cadomotus, <a href=\"http:\/\/www.cadomotus.com\">cliquez ici<\/a><\/div>\n<div>Voyez ce mod\u00e8le en taille jeune <a href=\"http:\/\/xactskateshop.com\/product\/cadomotus-alpha-3-youth-black-st-helmet-new\/\">ici<\/a><\/div>\n<\/div>\n","protected":false},"excerpt":{"rendered":"<hr>\n<p style=\"text-align: center;\">Casque Cadomotus alpha 3. L&#8217;Alpha-3 est le successeur de notre casque de patinage de vitesse le plus vendu : le C\u00e1domotus Alpha Aerospeed 2015. Apr\u00e8s 5 ans, il est temps de le mettre \u00e0 jour !  <\/p>\n<hr>\n<p>&nbsp;<\/p>\n","protected":false},"featured_media":29358,"comment_status":"open","ping_status":"closed","template":"","meta":{"site-sidebar-layout":"default","site-content-layout":"default","ast-site-content-layout":"default","site-content-style":"default","site-sidebar-style":"default","ast-global-header-display":"","ast-banner-title-visibility":"","ast-main-header-display":"","ast-hfb-above-header-display":"","ast-hfb-below-header-display":"","ast-hfb-mobile-header-display":"","site-post-title":"","ast-breadcrumbs-content":"","ast-featured-img":"","footer-sml-layout":"","theme-transparent-header-meta":"default","adv-header-id-meta":"","stick-header-meta":"","header-above-stick-meta":"","header-main-stick-meta":"","header-below-stick-meta":"","astra-migrate-meta-layouts":"default","ast-page-background-enabled":"default","ast-page-background-meta":{"desktop":{"background-color":"","background-image":"","background-repeat":"repeat","background-position":"center center","background-size":"auto","background-attachment":"scroll","background-type":"","background-media":"","overlay-type":"","overlay-color":"","overlay-opacity":"","overlay-gradient":""},"tablet":{"background-color":"","background-image":"","background-repeat":"repeat","background-position":"center center","background-size":"auto","background-attachment":"scroll","background-type":"","background-media":"","overlay-type":"","overlay-color":"","overlay-opacity":"","overlay-gradient":""},"mobile":{"background-color":"","background-image":"","background-repeat":"repeat","background-position":"center center","background-size":"auto","background-attachment":"scroll","background-type":"","background-media":"","overlay-type":"","overlay-color":"","overlay-opacity":"","overlay-gradient":""}},"ast-content-background-meta":{"desktop":{"background-color":"var(--ast-global-color-5)","background-image":"","background-repeat":"repeat","background-position":"center center","background-size":"auto","background-attachment":"scroll","background-type":"","background-media":"","overlay-type":"","overlay-color":"","overlay-opacity":"","overlay-gradient":""},"tablet":{"background-color":"var(--ast-global-color-5)","background-image":"","background-repeat":"repeat","background-position":"center center","background-size":"auto","background-attachment":"scroll","background-type":"","background-media":"","overlay-type":"","overlay-color":"","overlay-opacity":"","overlay-gradient":""},"mobile":{"background-color":"var(--ast-global-color-5)","background-image":"","background-repeat":"repeat","background-position":"center center","background-size":"auto","background-attachment":"scroll","background-type":"","background-media":"","overlay-type":"","overlay-color":"","overlay-opacity":"","overlay-gradient":""}}},"product_brand":[],"product_cat":[1519,1353],"product_tag":[1356,1945],"class_list":{"0":"post-59198","1":"product","2":"type-product","3":"status-publish","4":"has-post-thumbnail","6":"product_cat-casques-patinage-de-vitesse-courte-piste","7":"product_cat-patinage-de-vitesse","8":"product_tag-courte-piste-fr","9":"product_tag-nouveau","10":"desktop-align-center","11":"tablet-align-center","12":"mobile-align-center","13":"ast-product-gallery-layout-horizontal","14":"ast-product-single-variable","15":"ast-product-tabs-layout-horizontal","16":"ast-qv-on-image","18":"first","19":"instock","20":"sale","21":"taxable","22":"shipping-taxable","23":"purchasable","24":"product-type-variable"},"bundled_by":[],"bundle_stock_status":"instock","bundle_stock_quantity":null,"bundle_virtual":false,"bundle_layout":"","bundle_add_to_cart_form_location":"","bundle_editable_in_cart":false,"bundle_sold_individually_context":"","bundle_item_grouping":"","bundle_min_size":"","bundle_max_size":"","bundle_price":[],"bundled_items":[],"bundle_sell_ids":[],"yoast_head":"<!-- This site is optimized with the Yoast SEO plugin v27.4 - https:\/\/yoast.com\/product\/yoast-seo-wordpress\/ -->\n<title>Cadomotus alpha 3 helmet %%title% - Xact Skate Shop.<\/title>\n<meta name=\"description\" content=\"Casque Cadomotus alpha 3. L&#039;Alpha-3 est le successeur de notre casque de patinage de vitesse le plus vendu : le C\u00e1domotus Alpha Aerospeed 2015.\" \/>\n<meta name=\"robots\" content=\"index, follow, max-snippet:-1, max-image-preview:large, max-video-preview:-1\" \/>\n<link rel=\"canonical\" href=\"https:\/\/xactskateshop.com\/fr\/produit\/cadomotus-alpha-3-st-casque\/\" \/>\n<meta property=\"og:locale\" content=\"fr_FR\" \/>\n<meta property=\"og:type\" content=\"article\" \/>\n<meta property=\"og:title\" content=\"Cadomotus alpha 3 helmet %%title% - Xact Skate Shop.\" \/>\n<meta property=\"og:description\" content=\"Casque Cadomotus alpha 3. L&#039;Alpha-3 est le successeur de notre casque de patinage de vitesse le plus vendu : le C\u00e1domotus Alpha Aerospeed 2015.\" \/>\n<meta property=\"og:url\" content=\"https:\/\/xactskateshop.com\/fr\/produit\/cadomotus-alpha-3-st-casque\/\" \/>\n<meta property=\"og:site_name\" content=\"Xact Skate Shop\" \/>\n<meta property=\"article:publisher\" content=\"https:\/\/www.facebook.com\/JeanLouiskateshop\" \/>\n<meta property=\"article:modified_time\" content=\"2026-02-22T14:08:56+00:00\" \/>\n<meta property=\"og:image\" content=\"https:\/\/xactskateshop.com\/wp-content\/uploads\/2021\/10\/alpha-3-b.jpg\" \/>\n\t<meta property=\"og:image:width\" content=\"1200\" \/>\n\t<meta property=\"og:image:height\" content=\"1200\" \/>\n\t<meta property=\"og:image:type\" content=\"image\/jpeg\" \/>\n<meta name=\"twitter:card\" content=\"summary_large_image\" \/>\n<meta name=\"twitter:label1\" content=\"Dur\u00e9e de lecture estim\u00e9e\" \/>\n\t<meta name=\"twitter:data1\" content=\"2 minutes\" \/>\n<script type=\"application\/ld+json\" class=\"yoast-schema-graph\">{\"@context\":\"https:\\\/\\\/schema.org\",\"@graph\":[{\"@type\":\"WebPage\",\"@id\":\"https:\\\/\\\/xactskateshop.com\\\/fr\\\/produit\\\/cadomotus-alpha-3-st-casque\\\/\",\"url\":\"https:\\\/\\\/xactskateshop.com\\\/fr\\\/produit\\\/cadomotus-alpha-3-st-casque\\\/\",\"name\":\"Cadomotus alpha 3 helmet %%title% - Xact Skate Shop.\",\"isPartOf\":{\"@id\":\"http:\\\/\\\/xactskateshop.com\\\/fr\\\/#website\"},\"primaryImageOfPage\":{\"@id\":\"https:\\\/\\\/xactskateshop.com\\\/fr\\\/produit\\\/cadomotus-alpha-3-st-casque\\\/#primaryimage\"},\"image\":{\"@id\":\"https:\\\/\\\/xactskateshop.com\\\/fr\\\/produit\\\/cadomotus-alpha-3-st-casque\\\/#primaryimage\"},\"thumbnailUrl\":\"https:\\\/\\\/xactskateshop.com\\\/wp-content\\\/uploads\\\/2021\\\/10\\\/alpha-3-b.jpg\",\"datePublished\":\"2021-10-01T20:05:09+00:00\",\"dateModified\":\"2026-02-22T14:08:56+00:00\",\"description\":\"Casque Cadomotus alpha 3. L'Alpha-3 est le successeur de notre casque de patinage de vitesse le plus vendu : le C\u00e1domotus Alpha Aerospeed 2015.\",\"breadcrumb\":{\"@id\":\"https:\\\/\\\/xactskateshop.com\\\/fr\\\/produit\\\/cadomotus-alpha-3-st-casque\\\/#breadcrumb\"},\"inLanguage\":\"fr-FR\",\"potentialAction\":[{\"@type\":\"ReadAction\",\"target\":[\"https:\\\/\\\/xactskateshop.com\\\/fr\\\/produit\\\/cadomotus-alpha-3-st-casque\\\/\"]}]},{\"@type\":\"ImageObject\",\"inLanguage\":\"fr-FR\",\"@id\":\"https:\\\/\\\/xactskateshop.com\\\/fr\\\/produit\\\/cadomotus-alpha-3-st-casque\\\/#primaryimage\",\"url\":\"https:\\\/\\\/xactskateshop.com\\\/wp-content\\\/uploads\\\/2021\\\/10\\\/alpha-3-b.jpg\",\"contentUrl\":\"https:\\\/\\\/xactskateshop.com\\\/wp-content\\\/uploads\\\/2021\\\/10\\\/alpha-3-b.jpg\",\"width\":1200,\"height\":1200},{\"@type\":\"BreadcrumbList\",\"@id\":\"https:\\\/\\\/xactskateshop.com\\\/fr\\\/produit\\\/cadomotus-alpha-3-st-casque\\\/#breadcrumb\",\"itemListElement\":[{\"@type\":\"ListItem\",\"position\":1,\"name\":\"Home\",\"item\":\"https:\\\/\\\/xactskateshop.com\\\/fr\\\/accueil\\\/\"},{\"@type\":\"ListItem\",\"position\":2,\"name\":\"Boutique\",\"item\":\"https:\\\/\\\/xactskateshop.com\\\/shop\\\/\"},{\"@type\":\"ListItem\",\"position\":3,\"name\":\"CADOMOTUS ALPHA 3 ST casque\"}]},{\"@type\":\"WebSite\",\"@id\":\"http:\\\/\\\/xactskateshop.com\\\/fr\\\/#website\",\"url\":\"http:\\\/\\\/xactskateshop.com\\\/fr\\\/\",\"name\":\"Xact Skate Shop\",\"description\":\"Un site utilisant WordPress\",\"publisher\":{\"@id\":\"http:\\\/\\\/xactskateshop.com\\\/fr\\\/#organization\"},\"potentialAction\":[{\"@type\":\"SearchAction\",\"target\":{\"@type\":\"EntryPoint\",\"urlTemplate\":\"http:\\\/\\\/xactskateshop.com\\\/fr\\\/?s={search_term_string}\"},\"query-input\":{\"@type\":\"PropertyValueSpecification\",\"valueRequired\":true,\"valueName\":\"search_term_string\"}}],\"inLanguage\":\"fr-FR\"},{\"@type\":\"Organization\",\"@id\":\"http:\\\/\\\/xactskateshop.com\\\/fr\\\/#organization\",\"name\":\"XACT Skate Shop\",\"url\":\"http:\\\/\\\/xactskateshop.com\\\/fr\\\/\",\"logo\":{\"@type\":\"ImageObject\",\"inLanguage\":\"fr-FR\",\"@id\":\"http:\\\/\\\/xactskateshop.com\\\/fr\\\/#\\\/schema\\\/logo\\\/image\\\/\",\"url\":\"http:\\\/\\\/xactskateshop.com\\\/wp-content\\\/uploads\\\/2024\\\/04\\\/xactskateshop-dot-com-avec-contour-noir-sans-fond-675x.jpg\",\"contentUrl\":\"http:\\\/\\\/xactskateshop.com\\\/wp-content\\\/uploads\\\/2024\\\/04\\\/xactskateshop-dot-com-avec-contour-noir-sans-fond-675x.jpg\",\"width\":675,\"height\":247,\"caption\":\"XACT Skate Shop\"},\"image\":{\"@id\":\"http:\\\/\\\/xactskateshop.com\\\/fr\\\/#\\\/schema\\\/logo\\\/image\\\/\"},\"sameAs\":[\"https:\\\/\\\/www.facebook.com\\\/JeanLouiskateshop\"]}]}<\/script>\n<!-- \/ Yoast SEO plugin. -->","yoast_head_json":{"title":"Cadomotus alpha 3 helmet %%title% - Xact Skate Shop.","description":"Casque Cadomotus alpha 3. L'Alpha-3 est le successeur de notre casque de patinage de vitesse le plus vendu : le C\u00e1domotus Alpha Aerospeed 2015.","robots":{"index":"index","follow":"follow","max-snippet":"max-snippet:-1","max-image-preview":"max-image-preview:large","max-video-preview":"max-video-preview:-1"},"canonical":"https:\/\/xactskateshop.com\/fr\/produit\/cadomotus-alpha-3-st-casque\/","og_locale":"fr_FR","og_type":"article","og_title":"Cadomotus alpha 3 helmet %%title% - Xact Skate Shop.","og_description":"Casque Cadomotus alpha 3. L'Alpha-3 est le successeur de notre casque de patinage de vitesse le plus vendu : le C\u00e1domotus Alpha Aerospeed 2015.","og_url":"https:\/\/xactskateshop.com\/fr\/produit\/cadomotus-alpha-3-st-casque\/","og_site_name":"Xact Skate Shop","article_publisher":"https:\/\/www.facebook.com\/JeanLouiskateshop","article_modified_time":"2026-02-22T14:08:56+00:00","og_image":[{"width":1200,"height":1200,"url":"https:\/\/xactskateshop.com\/wp-content\/uploads\/2021\/10\/alpha-3-b.jpg","type":"image\/jpeg"}],"twitter_card":"summary_large_image","twitter_misc":{"Dur\u00e9e de lecture estim\u00e9e":"2 minutes"},"schema":{"@context":"https:\/\/schema.org","@graph":[{"@type":"WebPage","@id":"https:\/\/xactskateshop.com\/fr\/produit\/cadomotus-alpha-3-st-casque\/","url":"https:\/\/xactskateshop.com\/fr\/produit\/cadomotus-alpha-3-st-casque\/","name":"Cadomotus alpha 3 helmet %%title% - Xact Skate Shop.","isPartOf":{"@id":"http:\/\/xactskateshop.com\/fr\/#website"},"primaryImageOfPage":{"@id":"https:\/\/xactskateshop.com\/fr\/produit\/cadomotus-alpha-3-st-casque\/#primaryimage"},"image":{"@id":"https:\/\/xactskateshop.com\/fr\/produit\/cadomotus-alpha-3-st-casque\/#primaryimage"},"thumbnailUrl":"https:\/\/xactskateshop.com\/wp-content\/uploads\/2021\/10\/alpha-3-b.jpg","datePublished":"2021-10-01T20:05:09+00:00","dateModified":"2026-02-22T14:08:56+00:00","description":"Casque Cadomotus alpha 3. L'Alpha-3 est le successeur de notre casque de patinage de vitesse le plus vendu : le C\u00e1domotus Alpha Aerospeed 2015.","breadcrumb":{"@id":"https:\/\/xactskateshop.com\/fr\/produit\/cadomotus-alpha-3-st-casque\/#breadcrumb"},"inLanguage":"fr-FR","potentialAction":[{"@type":"ReadAction","target":["https:\/\/xactskateshop.com\/fr\/produit\/cadomotus-alpha-3-st-casque\/"]}]},{"@type":"ImageObject","inLanguage":"fr-FR","@id":"https:\/\/xactskateshop.com\/fr\/produit\/cadomotus-alpha-3-st-casque\/#primaryimage","url":"https:\/\/xactskateshop.com\/wp-content\/uploads\/2021\/10\/alpha-3-b.jpg","contentUrl":"https:\/\/xactskateshop.com\/wp-content\/uploads\/2021\/10\/alpha-3-b.jpg","width":1200,"height":1200},{"@type":"BreadcrumbList","@id":"https:\/\/xactskateshop.com\/fr\/produit\/cadomotus-alpha-3-st-casque\/#breadcrumb","itemListElement":[{"@type":"ListItem","position":1,"name":"Home","item":"https:\/\/xactskateshop.com\/fr\/accueil\/"},{"@type":"ListItem","position":2,"name":"Boutique","item":"https:\/\/xactskateshop.com\/shop\/"},{"@type":"ListItem","position":3,"name":"CADOMOTUS ALPHA 3 ST casque"}]},{"@type":"WebSite","@id":"http:\/\/xactskateshop.com\/fr\/#website","url":"http:\/\/xactskateshop.com\/fr\/","name":"Xact Skate Shop","description":"Un site utilisant WordPress","publisher":{"@id":"http:\/\/xactskateshop.com\/fr\/#organization"},"potentialAction":[{"@type":"SearchAction","target":{"@type":"EntryPoint","urlTemplate":"http:\/\/xactskateshop.com\/fr\/?s={search_term_string}"},"query-input":{"@type":"PropertyValueSpecification","valueRequired":true,"valueName":"search_term_string"}}],"inLanguage":"fr-FR"},{"@type":"Organization","@id":"http:\/\/xactskateshop.com\/fr\/#organization","name":"XACT Skate Shop","url":"http:\/\/xactskateshop.com\/fr\/","logo":{"@type":"ImageObject","inLanguage":"fr-FR","@id":"http:\/\/xactskateshop.com\/fr\/#\/schema\/logo\/image\/","url":"http:\/\/xactskateshop.com\/wp-content\/uploads\/2024\/04\/xactskateshop-dot-com-avec-contour-noir-sans-fond-675x.jpg","contentUrl":"http:\/\/xactskateshop.com\/wp-content\/uploads\/2024\/04\/xactskateshop-dot-com-avec-contour-noir-sans-fond-675x.jpg","width":675,"height":247,"caption":"XACT Skate Shop"},"image":{"@id":"http:\/\/xactskateshop.com\/fr\/#\/schema\/logo\/image\/"},"sameAs":["https:\/\/www.facebook.com\/JeanLouiskateshop"]}]}},"_links":{"self":[{"href":"https:\/\/xactskateshop.com\/fr\/wp-json\/wp\/v2\/product\/59198","targetHints":{"allow":["GET"]}}],"collection":[{"href":"https:\/\/xactskateshop.com\/fr\/wp-json\/wp\/v2\/product"}],"about":[{"href":"https:\/\/xactskateshop.com\/fr\/wp-json\/wp\/v2\/types\/product"}],"replies":[{"embeddable":true,"href":"https:\/\/xactskateshop.com\/fr\/wp-json\/wp\/v2\/comments?post=59198"}],"wp:featuredmedia":[{"embeddable":true,"href":"https:\/\/xactskateshop.com\/fr\/wp-json\/wp\/v2\/media\/29358"}],"wp:attachment":[{"href":"https:\/\/xactskateshop.com\/fr\/wp-json\/wp\/v2\/media?parent=59198"}],"wp:term":[{"taxonomy":"product_brand","embeddable":true,"href":"https:\/\/xactskateshop.com\/fr\/wp-json\/wp\/v2\/product_brand?post=59198"},{"taxonomy":"product_cat","embeddable":true,"href":"https:\/\/xactskateshop.com\/fr\/wp-json\/wp\/v2\/product_cat?post=59198"},{"taxonomy":"product_tag","embeddable":true,"href":"https:\/\/xactskateshop.com\/fr\/wp-json\/wp\/v2\/product_tag?post=59198"}],"curies":[{"name":"wp","href":"https:\/\/api.w.org\/{rel}","templated":true}]}}