{"id":59179,"date":"2021-09-27T10:16:12","date_gmt":"2021-09-27T14:16:12","guid":{"rendered":"http:\/\/xactskateshop.com\/product\/s1-pro-coudieres\/"},"modified":"2021-09-27T10:16:12","modified_gmt":"2021-09-27T14:16:12","slug":"s1-pro-coudieres","status":"publish","type":"product","link":"https:\/\/xactskateshop.com\/fr\/produit\/s1-pro-coudieres\/","title":{"rendered":"S1 PRO Coudi\u00e8res"},"content":{"rendered":"<h2>Description<\/h2>\n<ul>\n<li>Tissu super doux \u00e9vacuant l&#8217;humidit\u00e9 \u00e0 l&#8217;int\u00e9rieur du coude pour un s\u00e9chage rapide<\/li>\n<li>Articul\u00e9 pour une plus grande flexibilit\u00e9<\/li>\n<li>Tissus hautement respirants<\/li>\n<li>Tissus ext\u00e9rieurs tr\u00e8s durables<\/li>\n<li>Coudi\u00e8re profonde pour \u00e9viter le glissement<\/li>\n<li>Sangles sup\u00e9rieures et inf\u00e9rieures pour un ajustement parfait<\/li>\n<\/ul>\n<p>Les coudi\u00e8res S1 Pro offrent plus d&#8217;articulation et de flexibilit\u00e9 que les coudi\u00e8res S1 standard et sont l\u00e9g\u00e8rement plus longues pour vous donner plus de couverture au niveau du coude. Les coudi\u00e8res S1 Pro ont un tissu tr\u00e8s doux, \u00e0 haut rebond, tr\u00e8s respirant et \u00e9vacuant l&#8217;humidit\u00e9 \u00e0 l&#8217;int\u00e9rieur du coude, qui ne retient pas la chaleur et vous garde au sec et au frais. Les mat\u00e9riaux de la coque ext\u00e9rieure sont fabriqu\u00e9s \u00e0 partir d&#8217;un nylon balistique lourd et tr\u00e8s durable et de capuchons en plastique ABS de haute qualit\u00e9 pour prot\u00e9ger le coude. Elles sont \u00e9galement dot\u00e9es d&#8217;une coupe int\u00e9rieure qui maintient le coude en place et l&#8217;emp\u00eache de glisser. Les coudi\u00e8res S1 Pro sont dot\u00e9es d&#8217;une sangle sup\u00e9rieure et inf\u00e9rieure r\u00e9glable pour un ajustement parfait. Les coudi\u00e8res S1 Pro sont confortables, respirantes et con\u00e7ues pour durer. Les coudi\u00e8res S1 Pro sont livr\u00e9es en set avec une droite et une gauche incluses dans un sac de transport en filet de qualit\u00e9.      <\/p>\n<p>Pour d\u00e9terminer la taille dont vous avez besoin, mesurez la circonf\u00e9rence de votre coude au niveau de l&#8217;articulation du coude et comparez votre mesure au guide des tailles ci-dessous.<\/p>\n<p>&nbsp;<\/p>\n<p>GUIDE DE TAILLE<\/p>\n<p>Petit &#8211; 7.75&#8243; &#8211; 8.75&#8243;<\/p>\n<p>Moyen &#8211; 8.76&#8243; &#8211; 9.75&#8243; (en anglais)<\/p>\n<p>Moyen\/Large | 9.76&#8243; &#8211; 10.75&#8243;<\/p>\n<p>Large &#8211; 10.76&#8243; &#8211; 11.75&#8243;<\/p>\n","protected":false},"excerpt":{"rendered":"<p>Les coudi\u00e8res S1 Pro offrent plus d&#8217;articulation et de flexibilit\u00e9 que les coudi\u00e8res S1 standard et sont l\u00e9g\u00e8rement plus longues pour vous donner plus de couverture au niveau du coude. Les coudi\u00e8res S1 Pro ont un tissu tr\u00e8s doux, \u00e0 haut rebond, tr\u00e8s respirant et \u00e9vacuant l&#8217;humidit\u00e9 \u00e0 l&#8217;int\u00e9rieur du coude, qui ne retient pas la chaleur et vous garde au sec et au frais. Les mat\u00e9riaux de la coque ext\u00e9rieure sont fabriqu\u00e9s \u00e0 partir d&#8217;un nylon balistique tr\u00e8s durable et lourd et de capuchons en plastique ABS de haute qualit\u00e9 pour prot\u00e9ger le coude. Elles sont \u00e9galement dot\u00e9es d&#8217;une coupe int\u00e9rieure qui maintient le coude en place et l&#8217;emp\u00eache de glisser. Les coudi\u00e8res S1 Pro sont dot\u00e9es d&#8217;une sangle sup\u00e9rieure et inf\u00e9rieure r\u00e9glable pour un ajustement parfait. Les coudi\u00e8res S1 Pro sont confortables, respirantes et con\u00e7ues pour durer. Les coudi\u00e8res S1 Pro sont livr\u00e9es en set avec une droite et une gauche incluses dans un sac de transport en filet de qualit\u00e9.      <\/p>\n","protected":false},"featured_media":16138,"comment_status":"closed","ping_status":"closed","template":"","meta":{"site-sidebar-layout":"default","site-content-layout":"default","ast-site-content-layout":"default","site-content-style":"default","site-sidebar-style":"default","ast-global-header-display":"","ast-banner-title-visibility":"","ast-main-header-display":"","ast-hfb-above-header-display":"","ast-hfb-below-header-display":"","ast-hfb-mobile-header-display":"","site-post-title":"","ast-breadcrumbs-content":"","ast-featured-img":"","footer-sml-layout":"","theme-transparent-header-meta":"default","adv-header-id-meta":"","stick-header-meta":"","header-above-stick-meta":"","header-main-stick-meta":"","header-below-stick-meta":"","astra-migrate-meta-layouts":"default","ast-page-background-enabled":"default","ast-page-background-meta":{"desktop":{"background-color":"","background-image":"","background-repeat":"repeat","background-position":"center center","background-size":"auto","background-attachment":"scroll","background-type":"","background-media":"","overlay-type":"","overlay-color":"","overlay-opacity":"","overlay-gradient":""},"tablet":{"background-color":"","background-image":"","background-repeat":"repeat","background-position":"center center","background-size":"auto","background-attachment":"scroll","background-type":"","background-media":"","overlay-type":"","overlay-color":"","overlay-opacity":"","overlay-gradient":""},"mobile":{"background-color":"","background-image":"","background-repeat":"repeat","background-position":"center center","background-size":"auto","background-attachment":"scroll","background-type":"","background-media":"","overlay-type":"","overlay-color":"","overlay-opacity":"","overlay-gradient":""}},"ast-content-background-meta":{"desktop":{"background-color":"var(--ast-global-color-5)","background-image":"","background-repeat":"repeat","background-position":"center center","background-size":"auto","background-attachment":"scroll","background-type":"","background-media":"","overlay-type":"","overlay-color":"","overlay-opacity":"","overlay-gradient":""},"tablet":{"background-color":"var(--ast-global-color-5)","background-image":"","background-repeat":"repeat","background-position":"center center","background-size":"auto","background-attachment":"scroll","background-type":"","background-media":"","overlay-type":"","overlay-color":"","overlay-opacity":"","overlay-gradient":""},"mobile":{"background-color":"var(--ast-global-color-5)","background-image":"","background-repeat":"repeat","background-position":"center center","background-size":"auto","background-attachment":"scroll","background-type":"","background-media":"","overlay-type":"","overlay-color":"","overlay-opacity":"","overlay-gradient":""}}},"product_brand":[],"product_cat":[1733,1652,1755],"product_tag":[],"class_list":{"0":"post-59179","1":"product","2":"type-product","3":"status-publish","4":"has-post-thumbnail","6":"product_cat-equipement-de-protection","7":"product_cat-patins-a-roulettes","8":"product_cat-protection-patins-a-roulettes","9":"desktop-align-center","10":"tablet-align-center","11":"mobile-align-center","12":"ast-product-gallery-layout-horizontal","13":"ast-product-single-variable","14":"ast-product-tabs-layout-horizontal","15":"ast-qv-on-image","17":"first","18":"instock","19":"taxable","20":"shipping-taxable","21":"purchasable","22":"product-type-variable"},"bundled_by":[],"bundle_stock_status":"instock","bundle_stock_quantity":null,"bundle_virtual":false,"bundle_layout":"","bundle_add_to_cart_form_location":"","bundle_editable_in_cart":false,"bundle_sold_individually_context":"","bundle_item_grouping":"","bundle_min_size":"","bundle_max_size":"","bundle_price":[],"bundled_items":[],"bundle_sell_ids":[],"yoast_head":"<!-- This site is optimized with the Yoast SEO plugin v27.4 - https:\/\/yoast.com\/product\/yoast-seo-wordpress\/ -->\n<title>S1 PRO Coudi\u00e8res - Xact Skate Shop<\/title>\n<meta name=\"robots\" content=\"index, follow, max-snippet:-1, max-image-preview:large, max-video-preview:-1\" \/>\n<link rel=\"canonical\" href=\"https:\/\/xactskateshop.com\/fr\/produit\/s1-pro-coudieres\/\" \/>\n<meta property=\"og:locale\" content=\"fr_FR\" \/>\n<meta property=\"og:type\" content=\"article\" \/>\n<meta property=\"og:title\" content=\"S1 PRO Coudi\u00e8res - Xact Skate Shop\" \/>\n<meta property=\"og:description\" content=\"Les coudi\u00e8res S1 Pro offrent plus d&#039;articulation et de flexibilit\u00e9 que les coudi\u00e8res S1 standard et sont l\u00e9g\u00e8rement plus longues pour vous donner plus de couverture au niveau du coude. Les coudi\u00e8res S1 Pro ont un tissu tr\u00e8s doux, \u00e0 haut rebond, tr\u00e8s respirant et \u00e9vacuant l&#039;humidit\u00e9 \u00e0 l&#039;int\u00e9rieur du coude, qui ne retient pas la chaleur et vous garde au sec et au frais. Les mat\u00e9riaux de la coque ext\u00e9rieure sont fabriqu\u00e9s \u00e0 partir d&#039;un nylon balistique tr\u00e8s durable et lourd et de capuchons en plastique ABS de haute qualit\u00e9 pour prot\u00e9ger le coude. Elles sont \u00e9galement dot\u00e9es d&#039;une coupe int\u00e9rieure qui maintient le coude en place et l&#039;emp\u00eache de glisser. Les coudi\u00e8res S1 Pro sont dot\u00e9es d&#039;une sangle sup\u00e9rieure et inf\u00e9rieure r\u00e9glable pour un ajustement parfait. Les coudi\u00e8res S1 Pro sont confortables, respirantes et con\u00e7ues pour durer. Les coudi\u00e8res S1 Pro sont livr\u00e9es en set avec une droite et une gauche incluses dans un sac de transport en filet de qualit\u00e9.\" \/>\n<meta property=\"og:url\" content=\"https:\/\/xactskateshop.com\/fr\/produit\/s1-pro-coudieres\/\" \/>\n<meta property=\"og:site_name\" content=\"Xact Skate Shop\" \/>\n<meta property=\"article:publisher\" content=\"https:\/\/www.facebook.com\/JeanLouiskateshop\" \/>\n<meta property=\"og:image\" content=\"https:\/\/xactskateshop.com\/wp-content\/uploads\/2021\/09\/S1-Pro-Elbow-Pads-34-Cropped.jpg\" \/>\n\t<meta property=\"og:image:width\" content=\"1949\" \/>\n\t<meta property=\"og:image:height\" content=\"2120\" \/>\n\t<meta property=\"og:image:type\" content=\"image\/jpeg\" \/>\n<meta name=\"twitter:card\" content=\"summary_large_image\" \/>\n<meta name=\"twitter:label1\" content=\"Dur\u00e9e de lecture estim\u00e9e\" \/>\n\t<meta name=\"twitter:data1\" content=\"1 minute\" \/>\n<script type=\"application\/ld+json\" class=\"yoast-schema-graph\">{\"@context\":\"https:\\\/\\\/schema.org\",\"@graph\":[{\"@type\":\"WebPage\",\"@id\":\"https:\\\/\\\/xactskateshop.com\\\/fr\\\/produit\\\/s1-pro-coudieres\\\/\",\"url\":\"https:\\\/\\\/xactskateshop.com\\\/fr\\\/produit\\\/s1-pro-coudieres\\\/\",\"name\":\"S1 PRO Coudi\u00e8res - Xact Skate Shop\",\"isPartOf\":{\"@id\":\"http:\\\/\\\/xactskateshop.com\\\/fr\\\/#website\"},\"primaryImageOfPage\":{\"@id\":\"https:\\\/\\\/xactskateshop.com\\\/fr\\\/produit\\\/s1-pro-coudieres\\\/#primaryimage\"},\"image\":{\"@id\":\"https:\\\/\\\/xactskateshop.com\\\/fr\\\/produit\\\/s1-pro-coudieres\\\/#primaryimage\"},\"thumbnailUrl\":\"https:\\\/\\\/xactskateshop.com\\\/wp-content\\\/uploads\\\/2021\\\/09\\\/S1-Pro-Elbow-Pads-34-Cropped.jpg\",\"datePublished\":\"2021-09-27T14:16:12+00:00\",\"breadcrumb\":{\"@id\":\"https:\\\/\\\/xactskateshop.com\\\/fr\\\/produit\\\/s1-pro-coudieres\\\/#breadcrumb\"},\"inLanguage\":\"fr-FR\",\"potentialAction\":[{\"@type\":\"ReadAction\",\"target\":[\"https:\\\/\\\/xactskateshop.com\\\/fr\\\/produit\\\/s1-pro-coudieres\\\/\"]}]},{\"@type\":\"ImageObject\",\"inLanguage\":\"fr-FR\",\"@id\":\"https:\\\/\\\/xactskateshop.com\\\/fr\\\/produit\\\/s1-pro-coudieres\\\/#primaryimage\",\"url\":\"https:\\\/\\\/xactskateshop.com\\\/wp-content\\\/uploads\\\/2021\\\/09\\\/S1-Pro-Elbow-Pads-34-Cropped.jpg\",\"contentUrl\":\"https:\\\/\\\/xactskateshop.com\\\/wp-content\\\/uploads\\\/2021\\\/09\\\/S1-Pro-Elbow-Pads-34-Cropped.jpg\",\"width\":1949,\"height\":2120},{\"@type\":\"BreadcrumbList\",\"@id\":\"https:\\\/\\\/xactskateshop.com\\\/fr\\\/produit\\\/s1-pro-coudieres\\\/#breadcrumb\",\"itemListElement\":[{\"@type\":\"ListItem\",\"position\":1,\"name\":\"Home\",\"item\":\"https:\\\/\\\/xactskateshop.com\\\/fr\\\/accueil\\\/\"},{\"@type\":\"ListItem\",\"position\":2,\"name\":\"Boutique\",\"item\":\"https:\\\/\\\/xactskateshop.com\\\/shop\\\/\"},{\"@type\":\"ListItem\",\"position\":3,\"name\":\"S1 PRO Coudi\u00e8res\"}]},{\"@type\":\"WebSite\",\"@id\":\"http:\\\/\\\/xactskateshop.com\\\/fr\\\/#website\",\"url\":\"http:\\\/\\\/xactskateshop.com\\\/fr\\\/\",\"name\":\"Xact Skate Shop\",\"description\":\"Un site utilisant WordPress\",\"publisher\":{\"@id\":\"http:\\\/\\\/xactskateshop.com\\\/fr\\\/#organization\"},\"potentialAction\":[{\"@type\":\"SearchAction\",\"target\":{\"@type\":\"EntryPoint\",\"urlTemplate\":\"http:\\\/\\\/xactskateshop.com\\\/fr\\\/?s={search_term_string}\"},\"query-input\":{\"@type\":\"PropertyValueSpecification\",\"valueRequired\":true,\"valueName\":\"search_term_string\"}}],\"inLanguage\":\"fr-FR\"},{\"@type\":\"Organization\",\"@id\":\"http:\\\/\\\/xactskateshop.com\\\/fr\\\/#organization\",\"name\":\"XACT Skate Shop\",\"url\":\"http:\\\/\\\/xactskateshop.com\\\/fr\\\/\",\"logo\":{\"@type\":\"ImageObject\",\"inLanguage\":\"fr-FR\",\"@id\":\"http:\\\/\\\/xactskateshop.com\\\/fr\\\/#\\\/schema\\\/logo\\\/image\\\/\",\"url\":\"http:\\\/\\\/xactskateshop.com\\\/wp-content\\\/uploads\\\/2024\\\/04\\\/xactskateshop-dot-com-avec-contour-noir-sans-fond-675x.jpg\",\"contentUrl\":\"http:\\\/\\\/xactskateshop.com\\\/wp-content\\\/uploads\\\/2024\\\/04\\\/xactskateshop-dot-com-avec-contour-noir-sans-fond-675x.jpg\",\"width\":675,\"height\":247,\"caption\":\"XACT Skate Shop\"},\"image\":{\"@id\":\"http:\\\/\\\/xactskateshop.com\\\/fr\\\/#\\\/schema\\\/logo\\\/image\\\/\"},\"sameAs\":[\"https:\\\/\\\/www.facebook.com\\\/JeanLouiskateshop\"]}]}<\/script>\n<!-- \/ Yoast SEO plugin. -->","yoast_head_json":{"title":"S1 PRO Coudi\u00e8res - Xact Skate Shop","robots":{"index":"index","follow":"follow","max-snippet":"max-snippet:-1","max-image-preview":"max-image-preview:large","max-video-preview":"max-video-preview:-1"},"canonical":"https:\/\/xactskateshop.com\/fr\/produit\/s1-pro-coudieres\/","og_locale":"fr_FR","og_type":"article","og_title":"S1 PRO Coudi\u00e8res - Xact Skate Shop","og_description":"Les coudi\u00e8res S1 Pro offrent plus d'articulation et de flexibilit\u00e9 que les coudi\u00e8res S1 standard et sont l\u00e9g\u00e8rement plus longues pour vous donner plus de couverture au niveau du coude. Les coudi\u00e8res S1 Pro ont un tissu tr\u00e8s doux, \u00e0 haut rebond, tr\u00e8s respirant et \u00e9vacuant l'humidit\u00e9 \u00e0 l'int\u00e9rieur du coude, qui ne retient pas la chaleur et vous garde au sec et au frais. Les mat\u00e9riaux de la coque ext\u00e9rieure sont fabriqu\u00e9s \u00e0 partir d'un nylon balistique tr\u00e8s durable et lourd et de capuchons en plastique ABS de haute qualit\u00e9 pour prot\u00e9ger le coude. Elles sont \u00e9galement dot\u00e9es d'une coupe int\u00e9rieure qui maintient le coude en place et l'emp\u00eache de glisser. Les coudi\u00e8res S1 Pro sont dot\u00e9es d'une sangle sup\u00e9rieure et inf\u00e9rieure r\u00e9glable pour un ajustement parfait. Les coudi\u00e8res S1 Pro sont confortables, respirantes et con\u00e7ues pour durer. Les coudi\u00e8res S1 Pro sont livr\u00e9es en set avec une droite et une gauche incluses dans un sac de transport en filet de qualit\u00e9.","og_url":"https:\/\/xactskateshop.com\/fr\/produit\/s1-pro-coudieres\/","og_site_name":"Xact Skate Shop","article_publisher":"https:\/\/www.facebook.com\/JeanLouiskateshop","og_image":[{"width":1949,"height":2120,"url":"https:\/\/xactskateshop.com\/wp-content\/uploads\/2021\/09\/S1-Pro-Elbow-Pads-34-Cropped.jpg","type":"image\/jpeg"}],"twitter_card":"summary_large_image","twitter_misc":{"Dur\u00e9e de lecture estim\u00e9e":"1 minute"},"schema":{"@context":"https:\/\/schema.org","@graph":[{"@type":"WebPage","@id":"https:\/\/xactskateshop.com\/fr\/produit\/s1-pro-coudieres\/","url":"https:\/\/xactskateshop.com\/fr\/produit\/s1-pro-coudieres\/","name":"S1 PRO Coudi\u00e8res - Xact Skate Shop","isPartOf":{"@id":"http:\/\/xactskateshop.com\/fr\/#website"},"primaryImageOfPage":{"@id":"https:\/\/xactskateshop.com\/fr\/produit\/s1-pro-coudieres\/#primaryimage"},"image":{"@id":"https:\/\/xactskateshop.com\/fr\/produit\/s1-pro-coudieres\/#primaryimage"},"thumbnailUrl":"https:\/\/xactskateshop.com\/wp-content\/uploads\/2021\/09\/S1-Pro-Elbow-Pads-34-Cropped.jpg","datePublished":"2021-09-27T14:16:12+00:00","breadcrumb":{"@id":"https:\/\/xactskateshop.com\/fr\/produit\/s1-pro-coudieres\/#breadcrumb"},"inLanguage":"fr-FR","potentialAction":[{"@type":"ReadAction","target":["https:\/\/xactskateshop.com\/fr\/produit\/s1-pro-coudieres\/"]}]},{"@type":"ImageObject","inLanguage":"fr-FR","@id":"https:\/\/xactskateshop.com\/fr\/produit\/s1-pro-coudieres\/#primaryimage","url":"https:\/\/xactskateshop.com\/wp-content\/uploads\/2021\/09\/S1-Pro-Elbow-Pads-34-Cropped.jpg","contentUrl":"https:\/\/xactskateshop.com\/wp-content\/uploads\/2021\/09\/S1-Pro-Elbow-Pads-34-Cropped.jpg","width":1949,"height":2120},{"@type":"BreadcrumbList","@id":"https:\/\/xactskateshop.com\/fr\/produit\/s1-pro-coudieres\/#breadcrumb","itemListElement":[{"@type":"ListItem","position":1,"name":"Home","item":"https:\/\/xactskateshop.com\/fr\/accueil\/"},{"@type":"ListItem","position":2,"name":"Boutique","item":"https:\/\/xactskateshop.com\/shop\/"},{"@type":"ListItem","position":3,"name":"S1 PRO Coudi\u00e8res"}]},{"@type":"WebSite","@id":"http:\/\/xactskateshop.com\/fr\/#website","url":"http:\/\/xactskateshop.com\/fr\/","name":"Xact Skate Shop","description":"Un site utilisant WordPress","publisher":{"@id":"http:\/\/xactskateshop.com\/fr\/#organization"},"potentialAction":[{"@type":"SearchAction","target":{"@type":"EntryPoint","urlTemplate":"http:\/\/xactskateshop.com\/fr\/?s={search_term_string}"},"query-input":{"@type":"PropertyValueSpecification","valueRequired":true,"valueName":"search_term_string"}}],"inLanguage":"fr-FR"},{"@type":"Organization","@id":"http:\/\/xactskateshop.com\/fr\/#organization","name":"XACT Skate Shop","url":"http:\/\/xactskateshop.com\/fr\/","logo":{"@type":"ImageObject","inLanguage":"fr-FR","@id":"http:\/\/xactskateshop.com\/fr\/#\/schema\/logo\/image\/","url":"http:\/\/xactskateshop.com\/wp-content\/uploads\/2024\/04\/xactskateshop-dot-com-avec-contour-noir-sans-fond-675x.jpg","contentUrl":"http:\/\/xactskateshop.com\/wp-content\/uploads\/2024\/04\/xactskateshop-dot-com-avec-contour-noir-sans-fond-675x.jpg","width":675,"height":247,"caption":"XACT Skate Shop"},"image":{"@id":"http:\/\/xactskateshop.com\/fr\/#\/schema\/logo\/image\/"},"sameAs":["https:\/\/www.facebook.com\/JeanLouiskateshop"]}]}},"_links":{"self":[{"href":"https:\/\/xactskateshop.com\/fr\/wp-json\/wp\/v2\/product\/59179","targetHints":{"allow":["GET"]}}],"collection":[{"href":"https:\/\/xactskateshop.com\/fr\/wp-json\/wp\/v2\/product"}],"about":[{"href":"https:\/\/xactskateshop.com\/fr\/wp-json\/wp\/v2\/types\/product"}],"replies":[{"embeddable":true,"href":"https:\/\/xactskateshop.com\/fr\/wp-json\/wp\/v2\/comments?post=59179"}],"wp:featuredmedia":[{"embeddable":true,"href":"https:\/\/xactskateshop.com\/fr\/wp-json\/wp\/v2\/media\/16138"}],"wp:attachment":[{"href":"https:\/\/xactskateshop.com\/fr\/wp-json\/wp\/v2\/media?parent=59179"}],"wp:term":[{"taxonomy":"product_brand","embeddable":true,"href":"https:\/\/xactskateshop.com\/fr\/wp-json\/wp\/v2\/product_brand?post=59179"},{"taxonomy":"product_cat","embeddable":true,"href":"https:\/\/xactskateshop.com\/fr\/wp-json\/wp\/v2\/product_cat?post=59179"},{"taxonomy":"product_tag","embeddable":true,"href":"https:\/\/xactskateshop.com\/fr\/wp-json\/wp\/v2\/product_tag?post=59179"}],"curies":[{"name":"wp","href":"https:\/\/api.w.org\/{rel}","templated":true}]}}