{"id":59169,"date":"2021-09-17T19:05:08","date_gmt":"2021-09-17T23:05:08","guid":{"rendered":"http:\/\/xactskateshop.com\/product\/gabarit-daffutage-apogee-blade-runner-ii\/"},"modified":"2021-09-17T19:05:08","modified_gmt":"2021-09-17T23:05:08","slug":"gabarit-daffutage-apogee-blade-runner-ii","status":"publish","type":"product","link":"https:\/\/xactskateshop.com\/fr\/produit\/gabarit-daffutage-apogee-blade-runner-ii\/","title":{"rendered":"Gabarit d&#8217;aff\u00fbtage APOGEE Blade Runner II"},"content":{"rendered":"<p>GABARIT D&#8217;AFF\u00dbTAGE APOGEE<\/p>\n<p>Conception enti\u00e8rement refaite selon les exigences de l&#8217;\u00e9quipe de d\u00e9veloppement. Qualit\u00e9 de conception, pr\u00e9cision et finition irr\u00e9prochable enti\u00e8rement mesur\u00e9es au milli\u00e8me de millim\u00e8tre pr\u00e8s. Cet outil complet permet un aff\u00fbtage parfait \u00e0 angle droit (90 degr\u00e9s). Le r\u00e9glage de la hauteur de la lame est standard, une autre exclusivit\u00e9 Apogee. Enti\u00e8rement fabriqu\u00e9 au Qu\u00e9bec, Canada.    <\/p>\n<p>Garantie \u00e0 vie contre les d\u00e9fauts de mat\u00e9riaux et de fabrication. Apogee remplacera ou r\u00e9parera le produit en fonction de l&#8217;\u00e9valuation des r\u00e9parations \u00e0 effectuer. <\/p>\n<p>Peut \u00eatre utilis\u00e9 avec notre fameuse <a href=\"http:\/\/xactskateshop.com\/product\/norton-jum3-sharpening-stone\/\">pierre d&#8217;assise Norton JUM3<\/a><\/p>\n<p>Pour en savoir plus sur Apogee <a href=\"https:\/\/apogee-sports.com\/pages\/nous-sommes-apogee\">, cliquez ici<\/a><\/p>\n","protected":false},"excerpt":{"rendered":"<p>GABARIT D&#8217;AFF\u00dbTAGE APOGEE<\/p>\n<p>Gabarit d&#8217;aff\u00fbtage Courte Piste. Conception enti\u00e8rement refaite selon les exigences de l&#8217;\u00e9quipe de d\u00e9veloppement. Qualit\u00e9 de conception, pr\u00e9cision et finition irr\u00e9prochable enti\u00e8rement mesur\u00e9es au milli\u00e8me de millim\u00e8tre pr\u00e8s. Cet outil complet permet un aff\u00fbtage parfait \u00e0 angle droit (90 degr\u00e9s). Le r\u00e9glage de la hauteur de la lame est standard, une autre exclusivit\u00e9 Apogee. Enti\u00e8rement fabriqu\u00e9 au Qu\u00e9bec, Canada.     <\/p>\n","protected":false},"featured_media":29338,"comment_status":"open","ping_status":"closed","template":"","meta":{"site-sidebar-layout":"default","site-content-layout":"default","ast-site-content-layout":"default","site-content-style":"default","site-sidebar-style":"default","ast-global-header-display":"","ast-banner-title-visibility":"","ast-main-header-display":"","ast-hfb-above-header-display":"","ast-hfb-below-header-display":"","ast-hfb-mobile-header-display":"","site-post-title":"","ast-breadcrumbs-content":"","ast-featured-img":"","footer-sml-layout":"","theme-transparent-header-meta":"default","adv-header-id-meta":"","stick-header-meta":"","header-above-stick-meta":"","header-main-stick-meta":"","header-below-stick-meta":"","astra-migrate-meta-layouts":"default","ast-page-background-enabled":"default","ast-page-background-meta":{"desktop":{"background-color":"","background-image":"","background-repeat":"repeat","background-position":"center center","background-size":"auto","background-attachment":"scroll","background-type":"","background-media":"","overlay-type":"","overlay-color":"","overlay-opacity":"","overlay-gradient":""},"tablet":{"background-color":"","background-image":"","background-repeat":"repeat","background-position":"center center","background-size":"auto","background-attachment":"scroll","background-type":"","background-media":"","overlay-type":"","overlay-color":"","overlay-opacity":"","overlay-gradient":""},"mobile":{"background-color":"","background-image":"","background-repeat":"repeat","background-position":"center center","background-size":"auto","background-attachment":"scroll","background-type":"","background-media":"","overlay-type":"","overlay-color":"","overlay-opacity":"","overlay-gradient":""}},"ast-content-background-meta":{"desktop":{"background-color":"var(--ast-global-color-5)","background-image":"","background-repeat":"repeat","background-position":"center center","background-size":"auto","background-attachment":"scroll","background-type":"","background-media":"","overlay-type":"","overlay-color":"","overlay-opacity":"","overlay-gradient":""},"tablet":{"background-color":"var(--ast-global-color-5)","background-image":"","background-repeat":"repeat","background-position":"center center","background-size":"auto","background-attachment":"scroll","background-type":"","background-media":"","overlay-type":"","overlay-color":"","overlay-opacity":"","overlay-gradient":""},"mobile":{"background-color":"var(--ast-global-color-5)","background-image":"","background-repeat":"repeat","background-position":"center center","background-size":"auto","background-attachment":"scroll","background-type":"","background-media":"","overlay-type":"","overlay-color":"","overlay-opacity":"","overlay-gradient":""}}},"product_brand":[],"product_cat":[1500,1353],"product_tag":[1356,1998,1504,2789],"class_list":{"0":"post-59169","1":"product","2":"type-product","3":"status-publish","4":"has-post-thumbnail","6":"product_cat-entretien-des-lames-fr","7":"product_cat-patinage-de-vitesse","8":"product_tag-courte-piste-fr","9":"product_tag-gabarit-a-voie-courte","10":"product_tag-gabarit-daffutage","11":"product_tag-jig-fr","12":"desktop-align-center","13":"tablet-align-center","14":"mobile-align-center","15":"ast-product-gallery-layout-horizontal","16":"ast-product-gallery-with-no-image","17":"ast-product-single-variable","18":"ast-product-tabs-layout-horizontal","19":"ast-qv-on-image","21":"first","22":"outofstock","23":"sale","24":"taxable","25":"shipping-taxable","26":"purchasable","27":"product-type-variable"},"bundled_by":[],"bundle_stock_status":"outofstock","bundle_stock_quantity":null,"bundle_virtual":false,"bundle_layout":"","bundle_add_to_cart_form_location":"","bundle_editable_in_cart":false,"bundle_sold_individually_context":"","bundle_item_grouping":"","bundle_min_size":"","bundle_max_size":"","bundle_price":[],"bundled_items":[],"bundle_sell_ids":[],"yoast_head":"<!-- This site is optimized with the Yoast SEO plugin v27.4 - https:\/\/yoast.com\/product\/yoast-seo-wordpress\/ -->\n<title>APOGEE SHARPENING JIG - Xact Skate Shop.<\/title>\n<meta name=\"description\" content=\"APOGEE SHARPENING JIG. Design enti\u00e8rement refait selon les exigences de l&#039;\u00e9quipe de d\u00e9veloppement. Fabriqu\u00e9 au Canada. Obtenez le v\u00f4tre ici !\" \/>\n<meta name=\"robots\" content=\"index, follow, max-snippet:-1, max-image-preview:large, max-video-preview:-1\" \/>\n<link rel=\"canonical\" href=\"https:\/\/xactskateshop.com\/fr\/produit\/gabarit-daffutage-apogee-blade-runner-ii\/\" \/>\n<meta property=\"og:locale\" content=\"fr_FR\" \/>\n<meta property=\"og:type\" content=\"article\" \/>\n<meta property=\"og:title\" content=\"APOGEE SHARPENING JIG - Xact Skate Shop.\" \/>\n<meta property=\"og:description\" content=\"APOGEE SHARPENING JIG. Design enti\u00e8rement refait selon les exigences de l&#039;\u00e9quipe de d\u00e9veloppement. Fabriqu\u00e9 au Canada. Obtenez le v\u00f4tre ici !\" \/>\n<meta property=\"og:url\" content=\"https:\/\/xactskateshop.com\/fr\/produit\/gabarit-daffutage-apogee-blade-runner-ii\/\" \/>\n<meta property=\"og:site_name\" content=\"Xact Skate Shop\" \/>\n<meta property=\"article:publisher\" content=\"https:\/\/www.facebook.com\/JeanLouiskateshop\" \/>\n<meta property=\"og:image\" content=\"https:\/\/xactskateshop.com\/wp-content\/uploads\/2021\/09\/blade-runner-II-blue.jpg\" \/>\n\t<meta property=\"og:image:width\" content=\"1000\" \/>\n\t<meta property=\"og:image:height\" content=\"1000\" \/>\n\t<meta property=\"og:image:type\" content=\"image\/jpeg\" \/>\n<meta name=\"twitter:card\" content=\"summary_large_image\" \/>\n<meta name=\"twitter:label1\" content=\"Dur\u00e9e de lecture estim\u00e9e\" \/>\n\t<meta name=\"twitter:data1\" content=\"1 minute\" \/>\n<script type=\"application\/ld+json\" class=\"yoast-schema-graph\">{\"@context\":\"https:\\\/\\\/schema.org\",\"@graph\":[{\"@type\":\"WebPage\",\"@id\":\"https:\\\/\\\/xactskateshop.com\\\/fr\\\/produit\\\/gabarit-daffutage-apogee-blade-runner-ii\\\/\",\"url\":\"https:\\\/\\\/xactskateshop.com\\\/fr\\\/produit\\\/gabarit-daffutage-apogee-blade-runner-ii\\\/\",\"name\":\"APOGEE SHARPENING JIG - Xact Skate Shop.\",\"isPartOf\":{\"@id\":\"http:\\\/\\\/xactskateshop.com\\\/fr\\\/#website\"},\"primaryImageOfPage\":{\"@id\":\"https:\\\/\\\/xactskateshop.com\\\/fr\\\/produit\\\/gabarit-daffutage-apogee-blade-runner-ii\\\/#primaryimage\"},\"image\":{\"@id\":\"https:\\\/\\\/xactskateshop.com\\\/fr\\\/produit\\\/gabarit-daffutage-apogee-blade-runner-ii\\\/#primaryimage\"},\"thumbnailUrl\":\"https:\\\/\\\/xactskateshop.com\\\/wp-content\\\/uploads\\\/2021\\\/09\\\/blade-runner-II-blue.jpg\",\"datePublished\":\"2021-09-17T23:05:08+00:00\",\"description\":\"APOGEE SHARPENING JIG. Design enti\u00e8rement refait selon les exigences de l'\u00e9quipe de d\u00e9veloppement. Fabriqu\u00e9 au Canada. Obtenez le v\u00f4tre ici !\",\"breadcrumb\":{\"@id\":\"https:\\\/\\\/xactskateshop.com\\\/fr\\\/produit\\\/gabarit-daffutage-apogee-blade-runner-ii\\\/#breadcrumb\"},\"inLanguage\":\"fr-FR\",\"potentialAction\":[{\"@type\":\"ReadAction\",\"target\":[\"https:\\\/\\\/xactskateshop.com\\\/fr\\\/produit\\\/gabarit-daffutage-apogee-blade-runner-ii\\\/\"]}]},{\"@type\":\"ImageObject\",\"inLanguage\":\"fr-FR\",\"@id\":\"https:\\\/\\\/xactskateshop.com\\\/fr\\\/produit\\\/gabarit-daffutage-apogee-blade-runner-ii\\\/#primaryimage\",\"url\":\"https:\\\/\\\/xactskateshop.com\\\/wp-content\\\/uploads\\\/2021\\\/09\\\/blade-runner-II-blue.jpg\",\"contentUrl\":\"https:\\\/\\\/xactskateshop.com\\\/wp-content\\\/uploads\\\/2021\\\/09\\\/blade-runner-II-blue.jpg\",\"width\":1000,\"height\":1000,\"caption\":\"GABARIT D'AFF\u00dbTAGE APOGEE\"},{\"@type\":\"BreadcrumbList\",\"@id\":\"https:\\\/\\\/xactskateshop.com\\\/fr\\\/produit\\\/gabarit-daffutage-apogee-blade-runner-ii\\\/#breadcrumb\",\"itemListElement\":[{\"@type\":\"ListItem\",\"position\":1,\"name\":\"Home\",\"item\":\"https:\\\/\\\/xactskateshop.com\\\/fr\\\/accueil\\\/\"},{\"@type\":\"ListItem\",\"position\":2,\"name\":\"Boutique\",\"item\":\"https:\\\/\\\/xactskateshop.com\\\/shop\\\/\"},{\"@type\":\"ListItem\",\"position\":3,\"name\":\"Gabarit d&#8217;aff\u00fbtage APOGEE Blade Runner II\"}]},{\"@type\":\"WebSite\",\"@id\":\"http:\\\/\\\/xactskateshop.com\\\/fr\\\/#website\",\"url\":\"http:\\\/\\\/xactskateshop.com\\\/fr\\\/\",\"name\":\"Xact Skate Shop\",\"description\":\"Un site utilisant WordPress\",\"publisher\":{\"@id\":\"http:\\\/\\\/xactskateshop.com\\\/fr\\\/#organization\"},\"potentialAction\":[{\"@type\":\"SearchAction\",\"target\":{\"@type\":\"EntryPoint\",\"urlTemplate\":\"http:\\\/\\\/xactskateshop.com\\\/fr\\\/?s={search_term_string}\"},\"query-input\":{\"@type\":\"PropertyValueSpecification\",\"valueRequired\":true,\"valueName\":\"search_term_string\"}}],\"inLanguage\":\"fr-FR\"},{\"@type\":\"Organization\",\"@id\":\"http:\\\/\\\/xactskateshop.com\\\/fr\\\/#organization\",\"name\":\"XACT Skate Shop\",\"url\":\"http:\\\/\\\/xactskateshop.com\\\/fr\\\/\",\"logo\":{\"@type\":\"ImageObject\",\"inLanguage\":\"fr-FR\",\"@id\":\"http:\\\/\\\/xactskateshop.com\\\/fr\\\/#\\\/schema\\\/logo\\\/image\\\/\",\"url\":\"http:\\\/\\\/xactskateshop.com\\\/wp-content\\\/uploads\\\/2024\\\/04\\\/xactskateshop-dot-com-avec-contour-noir-sans-fond-675x.jpg\",\"contentUrl\":\"http:\\\/\\\/xactskateshop.com\\\/wp-content\\\/uploads\\\/2024\\\/04\\\/xactskateshop-dot-com-avec-contour-noir-sans-fond-675x.jpg\",\"width\":675,\"height\":247,\"caption\":\"XACT Skate Shop\"},\"image\":{\"@id\":\"http:\\\/\\\/xactskateshop.com\\\/fr\\\/#\\\/schema\\\/logo\\\/image\\\/\"},\"sameAs\":[\"https:\\\/\\\/www.facebook.com\\\/JeanLouiskateshop\"]}]}<\/script>\n<!-- \/ Yoast SEO plugin. -->","yoast_head_json":{"title":"APOGEE SHARPENING JIG - Xact Skate Shop.","description":"APOGEE SHARPENING JIG. Design enti\u00e8rement refait selon les exigences de l'\u00e9quipe de d\u00e9veloppement. Fabriqu\u00e9 au Canada. Obtenez le v\u00f4tre ici !","robots":{"index":"index","follow":"follow","max-snippet":"max-snippet:-1","max-image-preview":"max-image-preview:large","max-video-preview":"max-video-preview:-1"},"canonical":"https:\/\/xactskateshop.com\/fr\/produit\/gabarit-daffutage-apogee-blade-runner-ii\/","og_locale":"fr_FR","og_type":"article","og_title":"APOGEE SHARPENING JIG - Xact Skate Shop.","og_description":"APOGEE SHARPENING JIG. Design enti\u00e8rement refait selon les exigences de l'\u00e9quipe de d\u00e9veloppement. Fabriqu\u00e9 au Canada. Obtenez le v\u00f4tre ici !","og_url":"https:\/\/xactskateshop.com\/fr\/produit\/gabarit-daffutage-apogee-blade-runner-ii\/","og_site_name":"Xact Skate Shop","article_publisher":"https:\/\/www.facebook.com\/JeanLouiskateshop","og_image":[{"width":1000,"height":1000,"url":"https:\/\/xactskateshop.com\/wp-content\/uploads\/2021\/09\/blade-runner-II-blue.jpg","type":"image\/jpeg"}],"twitter_card":"summary_large_image","twitter_misc":{"Dur\u00e9e de lecture estim\u00e9e":"1 minute"},"schema":{"@context":"https:\/\/schema.org","@graph":[{"@type":"WebPage","@id":"https:\/\/xactskateshop.com\/fr\/produit\/gabarit-daffutage-apogee-blade-runner-ii\/","url":"https:\/\/xactskateshop.com\/fr\/produit\/gabarit-daffutage-apogee-blade-runner-ii\/","name":"APOGEE SHARPENING JIG - Xact Skate Shop.","isPartOf":{"@id":"http:\/\/xactskateshop.com\/fr\/#website"},"primaryImageOfPage":{"@id":"https:\/\/xactskateshop.com\/fr\/produit\/gabarit-daffutage-apogee-blade-runner-ii\/#primaryimage"},"image":{"@id":"https:\/\/xactskateshop.com\/fr\/produit\/gabarit-daffutage-apogee-blade-runner-ii\/#primaryimage"},"thumbnailUrl":"https:\/\/xactskateshop.com\/wp-content\/uploads\/2021\/09\/blade-runner-II-blue.jpg","datePublished":"2021-09-17T23:05:08+00:00","description":"APOGEE SHARPENING JIG. Design enti\u00e8rement refait selon les exigences de l'\u00e9quipe de d\u00e9veloppement. Fabriqu\u00e9 au Canada. Obtenez le v\u00f4tre ici !","breadcrumb":{"@id":"https:\/\/xactskateshop.com\/fr\/produit\/gabarit-daffutage-apogee-blade-runner-ii\/#breadcrumb"},"inLanguage":"fr-FR","potentialAction":[{"@type":"ReadAction","target":["https:\/\/xactskateshop.com\/fr\/produit\/gabarit-daffutage-apogee-blade-runner-ii\/"]}]},{"@type":"ImageObject","inLanguage":"fr-FR","@id":"https:\/\/xactskateshop.com\/fr\/produit\/gabarit-daffutage-apogee-blade-runner-ii\/#primaryimage","url":"https:\/\/xactskateshop.com\/wp-content\/uploads\/2021\/09\/blade-runner-II-blue.jpg","contentUrl":"https:\/\/xactskateshop.com\/wp-content\/uploads\/2021\/09\/blade-runner-II-blue.jpg","width":1000,"height":1000,"caption":"GABARIT D'AFF\u00dbTAGE APOGEE"},{"@type":"BreadcrumbList","@id":"https:\/\/xactskateshop.com\/fr\/produit\/gabarit-daffutage-apogee-blade-runner-ii\/#breadcrumb","itemListElement":[{"@type":"ListItem","position":1,"name":"Home","item":"https:\/\/xactskateshop.com\/fr\/accueil\/"},{"@type":"ListItem","position":2,"name":"Boutique","item":"https:\/\/xactskateshop.com\/shop\/"},{"@type":"ListItem","position":3,"name":"Gabarit d&#8217;aff\u00fbtage APOGEE Blade Runner II"}]},{"@type":"WebSite","@id":"http:\/\/xactskateshop.com\/fr\/#website","url":"http:\/\/xactskateshop.com\/fr\/","name":"Xact Skate Shop","description":"Un site utilisant WordPress","publisher":{"@id":"http:\/\/xactskateshop.com\/fr\/#organization"},"potentialAction":[{"@type":"SearchAction","target":{"@type":"EntryPoint","urlTemplate":"http:\/\/xactskateshop.com\/fr\/?s={search_term_string}"},"query-input":{"@type":"PropertyValueSpecification","valueRequired":true,"valueName":"search_term_string"}}],"inLanguage":"fr-FR"},{"@type":"Organization","@id":"http:\/\/xactskateshop.com\/fr\/#organization","name":"XACT Skate Shop","url":"http:\/\/xactskateshop.com\/fr\/","logo":{"@type":"ImageObject","inLanguage":"fr-FR","@id":"http:\/\/xactskateshop.com\/fr\/#\/schema\/logo\/image\/","url":"http:\/\/xactskateshop.com\/wp-content\/uploads\/2024\/04\/xactskateshop-dot-com-avec-contour-noir-sans-fond-675x.jpg","contentUrl":"http:\/\/xactskateshop.com\/wp-content\/uploads\/2024\/04\/xactskateshop-dot-com-avec-contour-noir-sans-fond-675x.jpg","width":675,"height":247,"caption":"XACT Skate Shop"},"image":{"@id":"http:\/\/xactskateshop.com\/fr\/#\/schema\/logo\/image\/"},"sameAs":["https:\/\/www.facebook.com\/JeanLouiskateshop"]}]}},"_links":{"self":[{"href":"https:\/\/xactskateshop.com\/fr\/wp-json\/wp\/v2\/product\/59169","targetHints":{"allow":["GET"]}}],"collection":[{"href":"https:\/\/xactskateshop.com\/fr\/wp-json\/wp\/v2\/product"}],"about":[{"href":"https:\/\/xactskateshop.com\/fr\/wp-json\/wp\/v2\/types\/product"}],"replies":[{"embeddable":true,"href":"https:\/\/xactskateshop.com\/fr\/wp-json\/wp\/v2\/comments?post=59169"}],"wp:featuredmedia":[{"embeddable":true,"href":"https:\/\/xactskateshop.com\/fr\/wp-json\/wp\/v2\/media\/29338"}],"wp:attachment":[{"href":"https:\/\/xactskateshop.com\/fr\/wp-json\/wp\/v2\/media?parent=59169"}],"wp:term":[{"taxonomy":"product_brand","embeddable":true,"href":"https:\/\/xactskateshop.com\/fr\/wp-json\/wp\/v2\/product_brand?post=59169"},{"taxonomy":"product_cat","embeddable":true,"href":"https:\/\/xactskateshop.com\/fr\/wp-json\/wp\/v2\/product_cat?post=59169"},{"taxonomy":"product_tag","embeddable":true,"href":"https:\/\/xactskateshop.com\/fr\/wp-json\/wp\/v2\/product_tag?post=59169"}],"curies":[{"name":"wp","href":"https:\/\/api.w.org\/{rel}","templated":true}]}}