{"id":59158,"date":"2021-07-20T17:44:12","date_gmt":"2021-07-20T21:44:12","guid":{"rendered":"http:\/\/xactskateshop.com\/product\/discotech-bloc-de-broyage-iceblox\/"},"modified":"2021-07-20T17:44:12","modified_gmt":"2021-07-20T21:44:12","slug":"discotech-bloc-de-broyage-iceblox","status":"publish","type":"product","link":"https:\/\/xactskateshop.com\/fr\/produit\/discotech-bloc-de-broyage-iceblox\/","title":{"rendered":"DISCOTECH Bloc de broyage Iceblox"},"content":{"rendered":"<p>Discotech est le cerveau derri\u00e8re le Discotech Iceblox. Fabriqu\u00e9s en Australie, les Iceblox ont \u00e9t\u00e9 sp\u00e9cialement con\u00e7us pour la plaque Powerdyne Arius, ce qui rend l&#8217;installation des blocs extr\u00eamement rapide et simple. Le design l\u00e9ger, subtil et \u00e9l\u00e9gant des Iceblox signifie que vous remarquez \u00e0 peine qu&#8217;ils sont \u00e0 vos pieds ! <\/p>\n<p>C&#8217;est simple ! Quelle que soit la taille de votre plaque Arius, vous choisissez la m\u00eame taille dans l&#8217;Iceblox, c&#8217;est-\u00e0-dire taille 6 Arius = taille 6 Iceblox. <\/p>\n<p>Taille 3 \u00e0 6<\/p>\n","protected":false},"excerpt":{"rendered":"<p>Discotech est le cerveau derri\u00e8re le Discotech Iceblox. Fabriqu\u00e9s en Australie, les Iceblox ont \u00e9t\u00e9 sp\u00e9cialement con\u00e7us pour la plaque Powerdyne Arius, ce qui rend l&#8217;installation des blocs extr\u00eamement rapide et simple. Le design l\u00e9ger, subtil et \u00e9l\u00e9gant des Iceblox signifie que vous remarquez \u00e0 peine qu&#8217;ils sont \u00e0 vos pieds ! <\/p>\n","protected":false},"featured_media":10080,"comment_status":"closed","ping_status":"closed","template":"","meta":{"site-sidebar-layout":"default","site-content-layout":"default","ast-site-content-layout":"default","site-content-style":"default","site-sidebar-style":"default","ast-global-header-display":"","ast-banner-title-visibility":"","ast-main-header-display":"","ast-hfb-above-header-display":"","ast-hfb-below-header-display":"","ast-hfb-mobile-header-display":"","site-post-title":"","ast-breadcrumbs-content":"","ast-featured-img":"","footer-sml-layout":"","theme-transparent-header-meta":"default","adv-header-id-meta":"","stick-header-meta":"","header-above-stick-meta":"","header-main-stick-meta":"","header-below-stick-meta":"","astra-migrate-meta-layouts":"default","ast-page-background-enabled":"default","ast-page-background-meta":{"desktop":{"background-color":"","background-image":"","background-repeat":"repeat","background-position":"center center","background-size":"auto","background-attachment":"scroll","background-type":"","background-media":"","overlay-type":"","overlay-color":"","overlay-opacity":"","overlay-gradient":""},"tablet":{"background-color":"","background-image":"","background-repeat":"repeat","background-position":"center center","background-size":"auto","background-attachment":"scroll","background-type":"","background-media":"","overlay-type":"","overlay-color":"","overlay-opacity":"","overlay-gradient":""},"mobile":{"background-color":"","background-image":"","background-repeat":"repeat","background-position":"center center","background-size":"auto","background-attachment":"scroll","background-type":"","background-media":"","overlay-type":"","overlay-color":"","overlay-opacity":"","overlay-gradient":""}},"ast-content-background-meta":{"desktop":{"background-color":"var(--ast-global-color-5)","background-image":"","background-repeat":"repeat","background-position":"center center","background-size":"auto","background-attachment":"scroll","background-type":"","background-media":"","overlay-type":"","overlay-color":"","overlay-opacity":"","overlay-gradient":""},"tablet":{"background-color":"var(--ast-global-color-5)","background-image":"","background-repeat":"repeat","background-position":"center center","background-size":"auto","background-attachment":"scroll","background-type":"","background-media":"","overlay-type":"","overlay-color":"","overlay-opacity":"","overlay-gradient":""},"mobile":{"background-color":"var(--ast-global-color-5)","background-image":"","background-repeat":"repeat","background-position":"center center","background-size":"auto","background-attachment":"scroll","background-type":"","background-media":"","overlay-type":"","overlay-color":"","overlay-opacity":"","overlay-gradient":""}}},"product_brand":[],"product_cat":[1530,1652,1838],"product_tag":[1877,1880,1881,1879,1771,1878,1876,1875,1882],"class_list":{"0":"post-59158","1":"product","2":"type-product","3":"status-publish","4":"has-post-thumbnail","6":"product_cat-accessoires-pour-patins-a-roulettes","7":"product_cat-patins-a-roulettes","8":"product_cat-platines","9":"product_tag-bowl-rollerskating-fr","10":"product_tag-discotech-fr","11":"product_tag-glissant","12":"product_tag-iceblox-fr","13":"product_tag-patin-a-roulettes-fr","14":"product_tag-patin-a-roulettes-danse","15":"product_tag-patin-recreatif-fr","16":"product_tag-patins-a-roulettes-fr","17":"product_tag-patins-a-roulettes-de-loisir","18":"desktop-align-center","19":"tablet-align-center","20":"mobile-align-center","21":"ast-product-gallery-layout-horizontal","22":"ast-product-single-variable","23":"ast-product-tabs-layout-horizontal","24":"ast-qv-on-image","26":"first","27":"instock","28":"taxable","29":"shipping-taxable","30":"purchasable","31":"product-type-variable"},"bundled_by":[],"bundle_stock_status":"instock","bundle_stock_quantity":null,"bundle_virtual":false,"bundle_layout":"","bundle_add_to_cart_form_location":"","bundle_editable_in_cart":false,"bundle_sold_individually_context":"","bundle_item_grouping":"","bundle_min_size":"","bundle_max_size":"","bundle_price":[],"bundled_items":[],"bundle_sell_ids":[],"yoast_head":"<!-- This site is optimized with the Yoast SEO plugin v27.3 - https:\/\/yoast.com\/product\/yoast-seo-wordpress\/ -->\n<title>DISCOTECH Bloc de broyage Iceblox - Xact Skate Shop<\/title>\n<meta name=\"robots\" content=\"index, follow, max-snippet:-1, max-image-preview:large, max-video-preview:-1\" \/>\n<link rel=\"canonical\" href=\"https:\/\/xactskateshop.com\/fr\/produit\/discotech-bloc-de-broyage-iceblox\/\" \/>\n<meta property=\"og:locale\" content=\"fr_FR\" \/>\n<meta property=\"og:type\" content=\"article\" \/>\n<meta property=\"og:title\" content=\"DISCOTECH Bloc de broyage Iceblox - Xact Skate Shop\" \/>\n<meta property=\"og:description\" content=\"Discotech est le cerveau derri\u00e8re le Discotech Iceblox. Fabriqu\u00e9s en Australie, les Iceblox ont \u00e9t\u00e9 sp\u00e9cialement con\u00e7us pour la plaque Powerdyne Arius, ce qui rend l&#039;installation des blocs extr\u00eamement rapide et simple. Le design l\u00e9ger, subtil et \u00e9l\u00e9gant des Iceblox signifie que vous remarquez \u00e0 peine qu&#039;ils sont \u00e0 vos pieds !\" \/>\n<meta property=\"og:url\" content=\"https:\/\/xactskateshop.com\/fr\/produit\/discotech-bloc-de-broyage-iceblox\/\" \/>\n<meta property=\"og:site_name\" content=\"Xact Skate Shop\" \/>\n<meta property=\"article:publisher\" content=\"https:\/\/www.facebook.com\/JeanLouiskateshop\" \/>\n<meta property=\"og:image\" content=\"https:\/\/xactskateshop.com\/wp-content\/uploads\/2021\/07\/ice-blox-white.jpg\" \/>\n\t<meta property=\"og:image:width\" content=\"1000\" \/>\n\t<meta property=\"og:image:height\" content=\"1000\" \/>\n\t<meta property=\"og:image:type\" content=\"image\/jpeg\" \/>\n<meta name=\"twitter:card\" content=\"summary_large_image\" \/>\n<script type=\"application\/ld+json\" class=\"yoast-schema-graph\">{\"@context\":\"https:\\\/\\\/schema.org\",\"@graph\":[{\"@type\":\"WebPage\",\"@id\":\"https:\\\/\\\/xactskateshop.com\\\/fr\\\/produit\\\/discotech-bloc-de-broyage-iceblox\\\/\",\"url\":\"https:\\\/\\\/xactskateshop.com\\\/fr\\\/produit\\\/discotech-bloc-de-broyage-iceblox\\\/\",\"name\":\"DISCOTECH Bloc de broyage Iceblox - Xact Skate Shop\",\"isPartOf\":{\"@id\":\"http:\\\/\\\/xactskateshop.com\\\/fr\\\/#website\"},\"primaryImageOfPage\":{\"@id\":\"https:\\\/\\\/xactskateshop.com\\\/fr\\\/produit\\\/discotech-bloc-de-broyage-iceblox\\\/#primaryimage\"},\"image\":{\"@id\":\"https:\\\/\\\/xactskateshop.com\\\/fr\\\/produit\\\/discotech-bloc-de-broyage-iceblox\\\/#primaryimage\"},\"thumbnailUrl\":\"https:\\\/\\\/xactskateshop.com\\\/wp-content\\\/uploads\\\/2021\\\/07\\\/ice-blox-white.jpg\",\"datePublished\":\"2021-07-20T21:44:12+00:00\",\"breadcrumb\":{\"@id\":\"https:\\\/\\\/xactskateshop.com\\\/fr\\\/produit\\\/discotech-bloc-de-broyage-iceblox\\\/#breadcrumb\"},\"inLanguage\":\"fr-FR\",\"potentialAction\":[{\"@type\":\"ReadAction\",\"target\":[\"https:\\\/\\\/xactskateshop.com\\\/fr\\\/produit\\\/discotech-bloc-de-broyage-iceblox\\\/\"]}]},{\"@type\":\"ImageObject\",\"inLanguage\":\"fr-FR\",\"@id\":\"https:\\\/\\\/xactskateshop.com\\\/fr\\\/produit\\\/discotech-bloc-de-broyage-iceblox\\\/#primaryimage\",\"url\":\"https:\\\/\\\/xactskateshop.com\\\/wp-content\\\/uploads\\\/2021\\\/07\\\/ice-blox-white.jpg\",\"contentUrl\":\"https:\\\/\\\/xactskateshop.com\\\/wp-content\\\/uploads\\\/2021\\\/07\\\/ice-blox-white.jpg\",\"width\":1000,\"height\":1000},{\"@type\":\"BreadcrumbList\",\"@id\":\"https:\\\/\\\/xactskateshop.com\\\/fr\\\/produit\\\/discotech-bloc-de-broyage-iceblox\\\/#breadcrumb\",\"itemListElement\":[{\"@type\":\"ListItem\",\"position\":1,\"name\":\"Home\",\"item\":\"https:\\\/\\\/xactskateshop.com\\\/fr\\\/accueil\\\/\"},{\"@type\":\"ListItem\",\"position\":2,\"name\":\"Boutique\",\"item\":\"https:\\\/\\\/xactskateshop.com\\\/shop\\\/\"},{\"@type\":\"ListItem\",\"position\":3,\"name\":\"DISCOTECH Bloc de broyage Iceblox\"}]},{\"@type\":\"WebSite\",\"@id\":\"http:\\\/\\\/xactskateshop.com\\\/fr\\\/#website\",\"url\":\"http:\\\/\\\/xactskateshop.com\\\/fr\\\/\",\"name\":\"Xact Skate Shop\",\"description\":\"Un site utilisant WordPress\",\"publisher\":{\"@id\":\"http:\\\/\\\/xactskateshop.com\\\/fr\\\/#organization\"},\"potentialAction\":[{\"@type\":\"SearchAction\",\"target\":{\"@type\":\"EntryPoint\",\"urlTemplate\":\"http:\\\/\\\/xactskateshop.com\\\/fr\\\/?s={search_term_string}\"},\"query-input\":{\"@type\":\"PropertyValueSpecification\",\"valueRequired\":true,\"valueName\":\"search_term_string\"}}],\"inLanguage\":\"fr-FR\"},{\"@type\":\"Organization\",\"@id\":\"http:\\\/\\\/xactskateshop.com\\\/fr\\\/#organization\",\"name\":\"XACT Skate Shop\",\"url\":\"http:\\\/\\\/xactskateshop.com\\\/fr\\\/\",\"logo\":{\"@type\":\"ImageObject\",\"inLanguage\":\"fr-FR\",\"@id\":\"http:\\\/\\\/xactskateshop.com\\\/fr\\\/#\\\/schema\\\/logo\\\/image\\\/\",\"url\":\"http:\\\/\\\/xactskateshop.com\\\/wp-content\\\/uploads\\\/2024\\\/04\\\/xactskateshop-dot-com-avec-contour-noir-sans-fond-675x.jpg\",\"contentUrl\":\"http:\\\/\\\/xactskateshop.com\\\/wp-content\\\/uploads\\\/2024\\\/04\\\/xactskateshop-dot-com-avec-contour-noir-sans-fond-675x.jpg\",\"width\":675,\"height\":247,\"caption\":\"XACT Skate Shop\"},\"image\":{\"@id\":\"http:\\\/\\\/xactskateshop.com\\\/fr\\\/#\\\/schema\\\/logo\\\/image\\\/\"},\"sameAs\":[\"https:\\\/\\\/www.facebook.com\\\/JeanLouiskateshop\"]}]}<\/script>\n<!-- \/ Yoast SEO plugin. -->","yoast_head_json":{"title":"DISCOTECH Bloc de broyage Iceblox - Xact Skate Shop","robots":{"index":"index","follow":"follow","max-snippet":"max-snippet:-1","max-image-preview":"max-image-preview:large","max-video-preview":"max-video-preview:-1"},"canonical":"https:\/\/xactskateshop.com\/fr\/produit\/discotech-bloc-de-broyage-iceblox\/","og_locale":"fr_FR","og_type":"article","og_title":"DISCOTECH Bloc de broyage Iceblox - Xact Skate Shop","og_description":"Discotech est le cerveau derri\u00e8re le Discotech Iceblox. Fabriqu\u00e9s en Australie, les Iceblox ont \u00e9t\u00e9 sp\u00e9cialement con\u00e7us pour la plaque Powerdyne Arius, ce qui rend l'installation des blocs extr\u00eamement rapide et simple. Le design l\u00e9ger, subtil et \u00e9l\u00e9gant des Iceblox signifie que vous remarquez \u00e0 peine qu'ils sont \u00e0 vos pieds !","og_url":"https:\/\/xactskateshop.com\/fr\/produit\/discotech-bloc-de-broyage-iceblox\/","og_site_name":"Xact Skate Shop","article_publisher":"https:\/\/www.facebook.com\/JeanLouiskateshop","og_image":[{"width":1000,"height":1000,"url":"https:\/\/xactskateshop.com\/wp-content\/uploads\/2021\/07\/ice-blox-white.jpg","type":"image\/jpeg"}],"twitter_card":"summary_large_image","schema":{"@context":"https:\/\/schema.org","@graph":[{"@type":"WebPage","@id":"https:\/\/xactskateshop.com\/fr\/produit\/discotech-bloc-de-broyage-iceblox\/","url":"https:\/\/xactskateshop.com\/fr\/produit\/discotech-bloc-de-broyage-iceblox\/","name":"DISCOTECH Bloc de broyage Iceblox - Xact Skate Shop","isPartOf":{"@id":"http:\/\/xactskateshop.com\/fr\/#website"},"primaryImageOfPage":{"@id":"https:\/\/xactskateshop.com\/fr\/produit\/discotech-bloc-de-broyage-iceblox\/#primaryimage"},"image":{"@id":"https:\/\/xactskateshop.com\/fr\/produit\/discotech-bloc-de-broyage-iceblox\/#primaryimage"},"thumbnailUrl":"https:\/\/xactskateshop.com\/wp-content\/uploads\/2021\/07\/ice-blox-white.jpg","datePublished":"2021-07-20T21:44:12+00:00","breadcrumb":{"@id":"https:\/\/xactskateshop.com\/fr\/produit\/discotech-bloc-de-broyage-iceblox\/#breadcrumb"},"inLanguage":"fr-FR","potentialAction":[{"@type":"ReadAction","target":["https:\/\/xactskateshop.com\/fr\/produit\/discotech-bloc-de-broyage-iceblox\/"]}]},{"@type":"ImageObject","inLanguage":"fr-FR","@id":"https:\/\/xactskateshop.com\/fr\/produit\/discotech-bloc-de-broyage-iceblox\/#primaryimage","url":"https:\/\/xactskateshop.com\/wp-content\/uploads\/2021\/07\/ice-blox-white.jpg","contentUrl":"https:\/\/xactskateshop.com\/wp-content\/uploads\/2021\/07\/ice-blox-white.jpg","width":1000,"height":1000},{"@type":"BreadcrumbList","@id":"https:\/\/xactskateshop.com\/fr\/produit\/discotech-bloc-de-broyage-iceblox\/#breadcrumb","itemListElement":[{"@type":"ListItem","position":1,"name":"Home","item":"https:\/\/xactskateshop.com\/fr\/accueil\/"},{"@type":"ListItem","position":2,"name":"Boutique","item":"https:\/\/xactskateshop.com\/shop\/"},{"@type":"ListItem","position":3,"name":"DISCOTECH Bloc de broyage Iceblox"}]},{"@type":"WebSite","@id":"http:\/\/xactskateshop.com\/fr\/#website","url":"http:\/\/xactskateshop.com\/fr\/","name":"Xact Skate Shop","description":"Un site utilisant WordPress","publisher":{"@id":"http:\/\/xactskateshop.com\/fr\/#organization"},"potentialAction":[{"@type":"SearchAction","target":{"@type":"EntryPoint","urlTemplate":"http:\/\/xactskateshop.com\/fr\/?s={search_term_string}"},"query-input":{"@type":"PropertyValueSpecification","valueRequired":true,"valueName":"search_term_string"}}],"inLanguage":"fr-FR"},{"@type":"Organization","@id":"http:\/\/xactskateshop.com\/fr\/#organization","name":"XACT Skate Shop","url":"http:\/\/xactskateshop.com\/fr\/","logo":{"@type":"ImageObject","inLanguage":"fr-FR","@id":"http:\/\/xactskateshop.com\/fr\/#\/schema\/logo\/image\/","url":"http:\/\/xactskateshop.com\/wp-content\/uploads\/2024\/04\/xactskateshop-dot-com-avec-contour-noir-sans-fond-675x.jpg","contentUrl":"http:\/\/xactskateshop.com\/wp-content\/uploads\/2024\/04\/xactskateshop-dot-com-avec-contour-noir-sans-fond-675x.jpg","width":675,"height":247,"caption":"XACT Skate Shop"},"image":{"@id":"http:\/\/xactskateshop.com\/fr\/#\/schema\/logo\/image\/"},"sameAs":["https:\/\/www.facebook.com\/JeanLouiskateshop"]}]}},"_links":{"self":[{"href":"https:\/\/xactskateshop.com\/fr\/wp-json\/wp\/v2\/product\/59158","targetHints":{"allow":["GET"]}}],"collection":[{"href":"https:\/\/xactskateshop.com\/fr\/wp-json\/wp\/v2\/product"}],"about":[{"href":"https:\/\/xactskateshop.com\/fr\/wp-json\/wp\/v2\/types\/product"}],"replies":[{"embeddable":true,"href":"https:\/\/xactskateshop.com\/fr\/wp-json\/wp\/v2\/comments?post=59158"}],"wp:featuredmedia":[{"embeddable":true,"href":"https:\/\/xactskateshop.com\/fr\/wp-json\/wp\/v2\/media\/10080"}],"wp:attachment":[{"href":"https:\/\/xactskateshop.com\/fr\/wp-json\/wp\/v2\/media?parent=59158"}],"wp:term":[{"taxonomy":"product_brand","embeddable":true,"href":"https:\/\/xactskateshop.com\/fr\/wp-json\/wp\/v2\/product_brand?post=59158"},{"taxonomy":"product_cat","embeddable":true,"href":"https:\/\/xactskateshop.com\/fr\/wp-json\/wp\/v2\/product_cat?post=59158"},{"taxonomy":"product_tag","embeddable":true,"href":"https:\/\/xactskateshop.com\/fr\/wp-json\/wp\/v2\/product_tag?post=59158"}],"curies":[{"name":"wp","href":"https:\/\/api.w.org\/{rel}","templated":true}]}}