{"id":59125,"date":"2021-07-14T14:27:31","date_gmt":"2021-07-14T18:27:31","guid":{"rendered":"http:\/\/xactskateshop.com\/product\/roulements-bones-super-reds-8mm-paquet-de-8\/"},"modified":"2021-07-14T14:27:31","modified_gmt":"2021-07-14T18:27:31","slug":"roulements-bones-super-reds-8mm-paquet-de-8","status":"publish","type":"product","link":"https:\/\/xactskateshop.com\/fr\/produit\/roulements-bones-super-reds-8mm-paquet-de-8\/","title":{"rendered":"Roulements BONES SUPER REDS 8mm paquet de 8"},"content":{"rendered":"<div class=\"box-sub-info box-specifications\">\n<h4>Roulements Bones Super Reds<\/h4>\n<\/div>\n<div class=\"std\">\n<p>Les roulements Bones Super REDS\u00ae ont \u00e9t\u00e9 con\u00e7us d\u00e8s le d\u00e9part pour \u00eatre les meilleurs roulements du march\u00e9 \u00e0 ce niveau de prix. Ce que les Super REDS ne sont pas, c&#8217;est un roulement REDS avec une meilleure super finition (polissage de la surface). Les Super REDS sont des roulements de qualit\u00e9 sup\u00e9rieure, utilisant des bagues en acier de meilleure qualit\u00e9, des billes de meilleure qualit\u00e9 et d&#8217;un meilleur grade, et une finition de surface sup\u00e9rieure. Le r\u00e9sultat est un roulement aussi rapide que les roulements REDS, mais plus silencieux, plus doux et plus durable. Les roulements Bones Super REDS utilisent un bouclier noir et une gravure au laser pour se diff\u00e9rencier des roulements REDS d&#8217;origine.    <\/p>\n<p>Les composants des roulements <sup>Bones\u00ae<\/sup> sont con\u00e7us et test\u00e9s pour r\u00e9sister aux impacts importants des atterrissages durs, aux charges lat\u00e9rales \u00e9lev\u00e9es des virages et (dans la mesure du possible) \u00e0 la salet\u00e9 des environnements de skate. Par cons\u00e9quent, les roulements <sup>Bones\u00ae<\/sup> roulent plus vite et durent plus longtemps que les autres roulements. Se contenter d&#8217;attribuer aux <sup>Bones\u00ae<\/sup> un classement ABEC reviendrait \u00e0 ignorer toutes les am\u00e9liorations que nous avons apport\u00e9es aux Bones et la diff\u00e9rence qui en r\u00e9sulte entre les Bones et les roulements standard class\u00e9s ABEC. Comme il n&#8217;existe pas de classement ABEC appropri\u00e9 pour refl\u00e9ter la qualit\u00e9 sup\u00e9rieure des roulements <sup>Bones\u00ae<\/sup>, nous leur avons attribu\u00e9 leur propre classement, <em>Skate Rating\u2122<\/em>, pour vous faire savoir que les roulements <sup>Bones\u00ae<\/sup> sont sp\u00e9ciaux et con\u00e7us pour les patineurs comme vous, et non pour les moteurs \u00e9lectriques.   <\/p>\n<p><strong>Caract\u00e9ristiques<\/strong><\/p>\n<ul>\n<li>Caract\u00e9ristiques Courses en acier de meilleure qualit\u00e9, billes de meilleure qualit\u00e9 et de meilleur grade, et finition de surface sup\u00e9rieure,<\/li>\n<li>Bouclier en caoutchouc unique, sans contact et amovible pour faciliter le nettoyage et r\u00e9duire les frottements,<\/li>\n<li>Le dispositif de retenue des billes en nylon \u00e0 haute vitesse est plus r\u00e9sistant et plus rapide,<\/li>\n<li>Pr\u00e9-lubrifi\u00e9 avec le lubrifiant de course Speed Cream\u2122,<\/li>\n<li>Les jeux, tol\u00e9rances, mat\u00e9riaux et lubrifiant Skate Rated\u2122 offrent les meilleures performances et la meilleure durabilit\u00e9 possibles.<\/li>\n<\/ul>\n<p>Voir d&#8217;autres mod\u00e8les <a href=\"http:\/\/xactskateshop.com\/product-category\/inline-speed-skating\/bearings\/\">ici<\/a><\/p>\n<p>Pour en savoir plus sur les roulements \u00e0 billes, <a href=\"https:\/\/bonesbearings.com\/\">cliquez ici<\/a><\/p>\n<\/div>\n","protected":false},"excerpt":{"rendered":"<p>Roulements Bones Super Reds<\/p>\n<p>Les Super REDS\u00ae ont \u00e9t\u00e9 con\u00e7us d\u00e8s le d\u00e9part pour \u00eatre les meilleurs roulements du march\u00e9 \u00e0 ce niveau de prix. Ce que les Super REDS ne sont pas, c&#8217;est un roulement REDS avec une meilleure super finition (polissage de la surface). Les Super REDS sont des roulements de qualit\u00e9 sup\u00e9rieure, utilisant des chemins de roulement en acier de meilleure qualit\u00e9, des billes de meilleure qualit\u00e9 et d&#8217;un meilleur grade, et une finition de surface sup\u00e9rieure. Le r\u00e9sultat est un roulement aussi rapide que le REDS, mais plus silencieux, plus doux et plus durable. Les Super REDS utilisent un bouclier noir et une gravure au laser pour se diff\u00e9rencier des REDS d&#8217;origine.    <\/p>\n","protected":false},"featured_media":29256,"comment_status":"closed","ping_status":"closed","template":"","meta":{"site-sidebar-layout":"default","site-content-layout":"default","ast-site-content-layout":"default","site-content-style":"default","site-sidebar-style":"default","ast-global-header-display":"","ast-banner-title-visibility":"","ast-main-header-display":"","ast-hfb-above-header-display":"","ast-hfb-below-header-display":"","ast-hfb-mobile-header-display":"","site-post-title":"","ast-breadcrumbs-content":"","ast-featured-img":"","footer-sml-layout":"","theme-transparent-header-meta":"default","adv-header-id-meta":"","stick-header-meta":"","header-above-stick-meta":"","header-main-stick-meta":"","header-below-stick-meta":"","astra-migrate-meta-layouts":"default","ast-page-background-enabled":"default","ast-page-background-meta":{"desktop":{"background-color":"","background-image":"","background-repeat":"repeat","background-position":"center center","background-size":"auto","background-attachment":"scroll","background-type":"","background-media":"","overlay-type":"","overlay-color":"","overlay-opacity":"","overlay-gradient":""},"tablet":{"background-color":"","background-image":"","background-repeat":"repeat","background-position":"center center","background-size":"auto","background-attachment":"scroll","background-type":"","background-media":"","overlay-type":"","overlay-color":"","overlay-opacity":"","overlay-gradient":""},"mobile":{"background-color":"","background-image":"","background-repeat":"repeat","background-position":"center center","background-size":"auto","background-attachment":"scroll","background-type":"","background-media":"","overlay-type":"","overlay-color":"","overlay-opacity":"","overlay-gradient":""}},"ast-content-background-meta":{"desktop":{"background-color":"var(--ast-global-color-5)","background-image":"","background-repeat":"repeat","background-position":"center center","background-size":"auto","background-attachment":"scroll","background-type":"","background-media":"","overlay-type":"","overlay-color":"","overlay-opacity":"","overlay-gradient":""},"tablet":{"background-color":"var(--ast-global-color-5)","background-image":"","background-repeat":"repeat","background-position":"center center","background-size":"auto","background-attachment":"scroll","background-type":"","background-media":"","overlay-type":"","overlay-color":"","overlay-opacity":"","overlay-gradient":""},"mobile":{"background-color":"var(--ast-global-color-5)","background-image":"","background-repeat":"repeat","background-position":"center center","background-size":"auto","background-attachment":"scroll","background-type":"","background-media":"","overlay-type":"","overlay-color":"","overlay-opacity":"","overlay-gradient":""}}},"product_brand":[],"product_cat":[1739,1736],"product_tag":[1753,1773,1385,1925,1759,1761,1751,1752,1771,1768,1758,1763,1765,1926,1924],"class_list":{"0":"post-59125","1":"product","2":"type-product","3":"status-publish","4":"has-post-thumbnail","6":"product_cat-roulements-et-outils-dentretien-fr-3","7":"product_cat-roulements-et-outils-dentretien-2","8":"product_tag-accessoires-pour-patin-a-roulettes-fr","9":"product_tag-accessoires-pour-patins-a-roulettes-fr","10":"product_tag-boutique-xactskate","11":"product_tag-calme","12":"product_tag-durabilite","13":"product_tag-durable-fr","14":"product_tag-os","15":"product_tag-paliers","16":"product_tag-patin-a-roulettes-fr","17":"product_tag-patins-a-roulettes","18":"product_tag-qualite-fr","19":"product_tag-qualite-fr-2","20":"product_tag-roulements-fr","21":"product_tag-silencieux-fr","22":"product_tag-super-reds-fr","23":"desktop-align-center","24":"tablet-align-center","25":"mobile-align-center","26":"ast-product-gallery-layout-horizontal","27":"ast-product-gallery-with-no-image","28":"ast-product-tabs-layout-horizontal","29":"ast-qv-on-image","31":"first","32":"instock","33":"sale","34":"taxable","35":"shipping-taxable","36":"purchasable","37":"product-type-simple"},"bundled_by":[],"bundle_stock_status":"instock","bundle_stock_quantity":26,"bundle_virtual":false,"bundle_layout":"","bundle_add_to_cart_form_location":"","bundle_editable_in_cart":false,"bundle_sold_individually_context":"","bundle_item_grouping":"","bundle_min_size":"","bundle_max_size":"","bundle_price":[],"bundled_items":[],"bundle_sell_ids":[],"yoast_head":"<!-- This site is optimized with the Yoast SEO plugin v27.4 - https:\/\/yoast.com\/product\/yoast-seo-wordpress\/ -->\n<title>Roulements Bones Super Reds - %.<\/title>\n<meta name=\"description\" content=\"Roulements Bones Super Reds. Les Super REDS\u00ae sont con\u00e7us d\u00e8s le d\u00e9part pour \u00eatre les meilleurs roulements du march\u00e9 \u00e0 ce niveau de prix. Achetez les v\u00f4tres ici !\" \/>\n<meta name=\"robots\" content=\"index, follow, max-snippet:-1, max-image-preview:large, max-video-preview:-1\" \/>\n<link rel=\"canonical\" href=\"https:\/\/xactskateshop.com\/fr\/produit\/roulements-bones-super-reds-8mm-paquet-de-8\/\" \/>\n<meta property=\"og:locale\" content=\"fr_FR\" \/>\n<meta property=\"og:type\" content=\"article\" \/>\n<meta property=\"og:title\" content=\"Roulements Bones Super Reds - %.\" \/>\n<meta property=\"og:description\" content=\"Roulements Bones Super Reds. Les Super REDS\u00ae sont con\u00e7us d\u00e8s le d\u00e9part pour \u00eatre les meilleurs roulements du march\u00e9 \u00e0 ce niveau de prix. Achetez les v\u00f4tres ici !\" \/>\n<meta property=\"og:url\" content=\"https:\/\/xactskateshop.com\/fr\/produit\/roulements-bones-super-reds-8mm-paquet-de-8\/\" \/>\n<meta property=\"og:site_name\" content=\"Xact Skate Shop\" \/>\n<meta property=\"article:publisher\" content=\"https:\/\/www.facebook.com\/JeanLouiskateshop\" \/>\n<meta property=\"og:image\" content=\"https:\/\/xactskateshop.com\/wp-content\/uploads\/2021\/07\/BSACSR88.jpg\" \/>\n\t<meta property=\"og:image:width\" content=\"1000\" \/>\n\t<meta property=\"og:image:height\" content=\"1000\" \/>\n\t<meta property=\"og:image:type\" content=\"image\/jpeg\" \/>\n<meta name=\"twitter:card\" content=\"summary_large_image\" \/>\n<meta name=\"twitter:label1\" content=\"Dur\u00e9e de lecture estim\u00e9e\" \/>\n\t<meta name=\"twitter:data1\" content=\"2 minutes\" \/>\n<script type=\"application\/ld+json\" class=\"yoast-schema-graph\">{\"@context\":\"https:\\\/\\\/schema.org\",\"@graph\":[{\"@type\":\"WebPage\",\"@id\":\"https:\\\/\\\/xactskateshop.com\\\/fr\\\/produit\\\/roulements-bones-super-reds-8mm-paquet-de-8\\\/\",\"url\":\"https:\\\/\\\/xactskateshop.com\\\/fr\\\/produit\\\/roulements-bones-super-reds-8mm-paquet-de-8\\\/\",\"name\":\"Roulements Bones Super Reds - %.\",\"isPartOf\":{\"@id\":\"http:\\\/\\\/xactskateshop.com\\\/fr\\\/#website\"},\"primaryImageOfPage\":{\"@id\":\"https:\\\/\\\/xactskateshop.com\\\/fr\\\/produit\\\/roulements-bones-super-reds-8mm-paquet-de-8\\\/#primaryimage\"},\"image\":{\"@id\":\"https:\\\/\\\/xactskateshop.com\\\/fr\\\/produit\\\/roulements-bones-super-reds-8mm-paquet-de-8\\\/#primaryimage\"},\"thumbnailUrl\":\"https:\\\/\\\/xactskateshop.com\\\/wp-content\\\/uploads\\\/2021\\\/07\\\/BSACSR88.jpg\",\"datePublished\":\"2021-07-14T18:27:31+00:00\",\"description\":\"Roulements Bones Super Reds. Les Super REDS\u00ae sont con\u00e7us d\u00e8s le d\u00e9part pour \u00eatre les meilleurs roulements du march\u00e9 \u00e0 ce niveau de prix. Achetez les v\u00f4tres ici !\",\"breadcrumb\":{\"@id\":\"https:\\\/\\\/xactskateshop.com\\\/fr\\\/produit\\\/roulements-bones-super-reds-8mm-paquet-de-8\\\/#breadcrumb\"},\"inLanguage\":\"fr-FR\",\"potentialAction\":[{\"@type\":\"ReadAction\",\"target\":[\"https:\\\/\\\/xactskateshop.com\\\/fr\\\/produit\\\/roulements-bones-super-reds-8mm-paquet-de-8\\\/\"]}]},{\"@type\":\"ImageObject\",\"inLanguage\":\"fr-FR\",\"@id\":\"https:\\\/\\\/xactskateshop.com\\\/fr\\\/produit\\\/roulements-bones-super-reds-8mm-paquet-de-8\\\/#primaryimage\",\"url\":\"https:\\\/\\\/xactskateshop.com\\\/wp-content\\\/uploads\\\/2021\\\/07\\\/BSACSR88.jpg\",\"contentUrl\":\"https:\\\/\\\/xactskateshop.com\\\/wp-content\\\/uploads\\\/2021\\\/07\\\/BSACSR88.jpg\",\"width\":1000,\"height\":1000,\"caption\":\"Roulements Bones Super Reds\"},{\"@type\":\"BreadcrumbList\",\"@id\":\"https:\\\/\\\/xactskateshop.com\\\/fr\\\/produit\\\/roulements-bones-super-reds-8mm-paquet-de-8\\\/#breadcrumb\",\"itemListElement\":[{\"@type\":\"ListItem\",\"position\":1,\"name\":\"Home\",\"item\":\"https:\\\/\\\/xactskateshop.com\\\/fr\\\/accueil\\\/\"},{\"@type\":\"ListItem\",\"position\":2,\"name\":\"Boutique\",\"item\":\"https:\\\/\\\/xactskateshop.com\\\/shop\\\/\"},{\"@type\":\"ListItem\",\"position\":3,\"name\":\"Roulements BONES SUPER REDS 8mm paquet de 8\"}]},{\"@type\":\"WebSite\",\"@id\":\"http:\\\/\\\/xactskateshop.com\\\/fr\\\/#website\",\"url\":\"http:\\\/\\\/xactskateshop.com\\\/fr\\\/\",\"name\":\"Xact Skate Shop\",\"description\":\"Un site utilisant WordPress\",\"publisher\":{\"@id\":\"http:\\\/\\\/xactskateshop.com\\\/fr\\\/#organization\"},\"potentialAction\":[{\"@type\":\"SearchAction\",\"target\":{\"@type\":\"EntryPoint\",\"urlTemplate\":\"http:\\\/\\\/xactskateshop.com\\\/fr\\\/?s={search_term_string}\"},\"query-input\":{\"@type\":\"PropertyValueSpecification\",\"valueRequired\":true,\"valueName\":\"search_term_string\"}}],\"inLanguage\":\"fr-FR\"},{\"@type\":\"Organization\",\"@id\":\"http:\\\/\\\/xactskateshop.com\\\/fr\\\/#organization\",\"name\":\"XACT Skate Shop\",\"url\":\"http:\\\/\\\/xactskateshop.com\\\/fr\\\/\",\"logo\":{\"@type\":\"ImageObject\",\"inLanguage\":\"fr-FR\",\"@id\":\"http:\\\/\\\/xactskateshop.com\\\/fr\\\/#\\\/schema\\\/logo\\\/image\\\/\",\"url\":\"http:\\\/\\\/xactskateshop.com\\\/wp-content\\\/uploads\\\/2024\\\/04\\\/xactskateshop-dot-com-avec-contour-noir-sans-fond-675x.jpg\",\"contentUrl\":\"http:\\\/\\\/xactskateshop.com\\\/wp-content\\\/uploads\\\/2024\\\/04\\\/xactskateshop-dot-com-avec-contour-noir-sans-fond-675x.jpg\",\"width\":675,\"height\":247,\"caption\":\"XACT Skate Shop\"},\"image\":{\"@id\":\"http:\\\/\\\/xactskateshop.com\\\/fr\\\/#\\\/schema\\\/logo\\\/image\\\/\"},\"sameAs\":[\"https:\\\/\\\/www.facebook.com\\\/JeanLouiskateshop\"]}]}<\/script>\n<!-- \/ Yoast SEO plugin. -->","yoast_head_json":{"title":"Roulements Bones Super Reds - %.","description":"Roulements Bones Super Reds. Les Super REDS\u00ae sont con\u00e7us d\u00e8s le d\u00e9part pour \u00eatre les meilleurs roulements du march\u00e9 \u00e0 ce niveau de prix. Achetez les v\u00f4tres ici !","robots":{"index":"index","follow":"follow","max-snippet":"max-snippet:-1","max-image-preview":"max-image-preview:large","max-video-preview":"max-video-preview:-1"},"canonical":"https:\/\/xactskateshop.com\/fr\/produit\/roulements-bones-super-reds-8mm-paquet-de-8\/","og_locale":"fr_FR","og_type":"article","og_title":"Roulements Bones Super Reds - %.","og_description":"Roulements Bones Super Reds. Les Super REDS\u00ae sont con\u00e7us d\u00e8s le d\u00e9part pour \u00eatre les meilleurs roulements du march\u00e9 \u00e0 ce niveau de prix. Achetez les v\u00f4tres ici !","og_url":"https:\/\/xactskateshop.com\/fr\/produit\/roulements-bones-super-reds-8mm-paquet-de-8\/","og_site_name":"Xact Skate Shop","article_publisher":"https:\/\/www.facebook.com\/JeanLouiskateshop","og_image":[{"width":1000,"height":1000,"url":"https:\/\/xactskateshop.com\/wp-content\/uploads\/2021\/07\/BSACSR88.jpg","type":"image\/jpeg"}],"twitter_card":"summary_large_image","twitter_misc":{"Dur\u00e9e de lecture estim\u00e9e":"2 minutes"},"schema":{"@context":"https:\/\/schema.org","@graph":[{"@type":"WebPage","@id":"https:\/\/xactskateshop.com\/fr\/produit\/roulements-bones-super-reds-8mm-paquet-de-8\/","url":"https:\/\/xactskateshop.com\/fr\/produit\/roulements-bones-super-reds-8mm-paquet-de-8\/","name":"Roulements Bones Super Reds - %.","isPartOf":{"@id":"http:\/\/xactskateshop.com\/fr\/#website"},"primaryImageOfPage":{"@id":"https:\/\/xactskateshop.com\/fr\/produit\/roulements-bones-super-reds-8mm-paquet-de-8\/#primaryimage"},"image":{"@id":"https:\/\/xactskateshop.com\/fr\/produit\/roulements-bones-super-reds-8mm-paquet-de-8\/#primaryimage"},"thumbnailUrl":"https:\/\/xactskateshop.com\/wp-content\/uploads\/2021\/07\/BSACSR88.jpg","datePublished":"2021-07-14T18:27:31+00:00","description":"Roulements Bones Super Reds. Les Super REDS\u00ae sont con\u00e7us d\u00e8s le d\u00e9part pour \u00eatre les meilleurs roulements du march\u00e9 \u00e0 ce niveau de prix. Achetez les v\u00f4tres ici !","breadcrumb":{"@id":"https:\/\/xactskateshop.com\/fr\/produit\/roulements-bones-super-reds-8mm-paquet-de-8\/#breadcrumb"},"inLanguage":"fr-FR","potentialAction":[{"@type":"ReadAction","target":["https:\/\/xactskateshop.com\/fr\/produit\/roulements-bones-super-reds-8mm-paquet-de-8\/"]}]},{"@type":"ImageObject","inLanguage":"fr-FR","@id":"https:\/\/xactskateshop.com\/fr\/produit\/roulements-bones-super-reds-8mm-paquet-de-8\/#primaryimage","url":"https:\/\/xactskateshop.com\/wp-content\/uploads\/2021\/07\/BSACSR88.jpg","contentUrl":"https:\/\/xactskateshop.com\/wp-content\/uploads\/2021\/07\/BSACSR88.jpg","width":1000,"height":1000,"caption":"Roulements Bones Super Reds"},{"@type":"BreadcrumbList","@id":"https:\/\/xactskateshop.com\/fr\/produit\/roulements-bones-super-reds-8mm-paquet-de-8\/#breadcrumb","itemListElement":[{"@type":"ListItem","position":1,"name":"Home","item":"https:\/\/xactskateshop.com\/fr\/accueil\/"},{"@type":"ListItem","position":2,"name":"Boutique","item":"https:\/\/xactskateshop.com\/shop\/"},{"@type":"ListItem","position":3,"name":"Roulements BONES SUPER REDS 8mm paquet de 8"}]},{"@type":"WebSite","@id":"http:\/\/xactskateshop.com\/fr\/#website","url":"http:\/\/xactskateshop.com\/fr\/","name":"Xact Skate Shop","description":"Un site utilisant WordPress","publisher":{"@id":"http:\/\/xactskateshop.com\/fr\/#organization"},"potentialAction":[{"@type":"SearchAction","target":{"@type":"EntryPoint","urlTemplate":"http:\/\/xactskateshop.com\/fr\/?s={search_term_string}"},"query-input":{"@type":"PropertyValueSpecification","valueRequired":true,"valueName":"search_term_string"}}],"inLanguage":"fr-FR"},{"@type":"Organization","@id":"http:\/\/xactskateshop.com\/fr\/#organization","name":"XACT Skate Shop","url":"http:\/\/xactskateshop.com\/fr\/","logo":{"@type":"ImageObject","inLanguage":"fr-FR","@id":"http:\/\/xactskateshop.com\/fr\/#\/schema\/logo\/image\/","url":"http:\/\/xactskateshop.com\/wp-content\/uploads\/2024\/04\/xactskateshop-dot-com-avec-contour-noir-sans-fond-675x.jpg","contentUrl":"http:\/\/xactskateshop.com\/wp-content\/uploads\/2024\/04\/xactskateshop-dot-com-avec-contour-noir-sans-fond-675x.jpg","width":675,"height":247,"caption":"XACT Skate Shop"},"image":{"@id":"http:\/\/xactskateshop.com\/fr\/#\/schema\/logo\/image\/"},"sameAs":["https:\/\/www.facebook.com\/JeanLouiskateshop"]}]}},"_links":{"self":[{"href":"https:\/\/xactskateshop.com\/fr\/wp-json\/wp\/v2\/product\/59125","targetHints":{"allow":["GET"]}}],"collection":[{"href":"https:\/\/xactskateshop.com\/fr\/wp-json\/wp\/v2\/product"}],"about":[{"href":"https:\/\/xactskateshop.com\/fr\/wp-json\/wp\/v2\/types\/product"}],"replies":[{"embeddable":true,"href":"https:\/\/xactskateshop.com\/fr\/wp-json\/wp\/v2\/comments?post=59125"}],"wp:featuredmedia":[{"embeddable":true,"href":"https:\/\/xactskateshop.com\/fr\/wp-json\/wp\/v2\/media\/29256"}],"wp:attachment":[{"href":"https:\/\/xactskateshop.com\/fr\/wp-json\/wp\/v2\/media?parent=59125"}],"wp:term":[{"taxonomy":"product_brand","embeddable":true,"href":"https:\/\/xactskateshop.com\/fr\/wp-json\/wp\/v2\/product_brand?post=59125"},{"taxonomy":"product_cat","embeddable":true,"href":"https:\/\/xactskateshop.com\/fr\/wp-json\/wp\/v2\/product_cat?post=59125"},{"taxonomy":"product_tag","embeddable":true,"href":"https:\/\/xactskateshop.com\/fr\/wp-json\/wp\/v2\/product_tag?post=59125"}],"curies":[{"name":"wp","href":"https:\/\/api.w.org\/{rel}","templated":true}]}}