{"id":59124,"date":"2021-07-19T17:10:45","date_gmt":"2021-07-19T21:10:45","guid":{"rendered":"http:\/\/xactskateshop.com\/product\/bont-boss-paquet-lt\/"},"modified":"2021-07-19T17:10:45","modified_gmt":"2021-07-19T21:10:45","slug":"bont-boss-paquet-lt","status":"publish","type":"product","link":"https:\/\/xactskateshop.com\/fr\/produit\/bont-boss-paquet-lt\/","title":{"rendered":"BONT BOSS \/ Paquet LT"},"content":{"rendered":"<p>Paquet Bont \u00e0 long terme<\/p>\n<p><strong>AVANT DE PASSER COMMANDE, VEUILLEZ NOUS CONTACTER POUR CONNA\u00ceTRE LA DISPONIBILIT\u00c9 DES TAILLES ET DES COULEURS.<\/strong><\/p>\n<p>Le patin \u00e0 glace Bont long track speed skating Boss se compose d&#8217;une chaussure en composite de carbone fabriqu\u00e9e \u00e0 la main avec la c\u00e9l\u00e8bre m\u00e9thode de construction en une seule pi\u00e8ce de Bont et d&#8217;une lame \u00e0 clapet long track. La botte est fabriqu\u00e9e \u00e0 la main de l&#8217;int\u00e9rieur vers l&#8217;ext\u00e9rieur, chaque couche \u00e9tant coll\u00e9e ou cousue \u00e0 la couche inf\u00e9rieure. La botte vous va comme un gant et offre des performances haut de gamme \u00e0 un prix d&#8217;entr\u00e9e de gamme. Le syst\u00e8me unique d&#8217;enveloppement par pression de Bonts \u00e9limine plus d&#8217;exc\u00e8s de r\u00e9sine que n&#8217;importe quelle autre technique de stratification du carbone.   <\/p>\n<h5><b>Caract\u00e9ristiques<\/b><\/h5>\n<div>\n<div>\n<ul>\n<li><strong>Base :<\/strong> 100% composite de carbone pos\u00e9 \u00e0 la main<\/li>\n<li><strong>Rev\u00eatement ext\u00e9rieur :<\/strong> Durolite<\/li>\n<li><strong>Doublure :<\/strong> Daim<\/li>\n<li><strong>Semelle int\u00e9rieure :<\/strong> Similaire au daim<\/li>\n<li><strong>Thermoformable :<\/strong> Base enti\u00e8rement thermoformable utilisant une r\u00e9sine \u00e9poxy thermodurcissable.<\/li>\n<li><strong>Rembourrage :<\/strong> Mousse \u00e0 m\u00e9moire de forme haute densit\u00e9<\/li>\n<li><strong>Options de fermeture<\/strong>: Lacets et fermeture \u00e0 glissi\u00e8re<\/li>\n<li><strong>Options d&#8217;ajustement :<\/strong> Standard<\/li>\n<li><strong>V\u00e9g\u00e9talien :<\/strong> Oui<\/li>\n<li><strong>Lames : <\/strong>Syst\u00e8me de clapet<\/li>\n<\/ul>\n<p>La lame Bont M3 long track clap ice est une excellente lame de patinage de vitesse long track d&#8217;entr\u00e9e de gamme. Le m\u00e9canisme de clap utilise un ressort solide et la lame est construite pour durer. L&#8217;acier est de 58 Rockwell, ce qui est un bon acier d&#8217;entr\u00e9e de gamme, facile \u00e0 aiguiser et pas trop cassant, ce qui devrait lui permettre de r\u00e9sister \u00e0 des chutes mineures.  <\/p>\n<p>Le patinage de vitesse sur glace longue piste est un sport d&#8217;hiver agr\u00e9able et la lame Bont M3 long track clap vous donnera des ann\u00e9es de plaisir \u00e0 patiner sur une piste de 400 m sur un lac ou une rivi\u00e8re gel\u00e9e.<\/p>\n<ul>\n<li><strong>Non pr\u00e9-aff\u00fbt\u00e9<\/strong><\/li>\n<\/ul>\n<p>N&#8217;oubliez pas de les pr\u00e9parer cliquez <a href=\"http:\/\/xactskateshop.com\/product\/long-track-blade-rockering\/\">ici<\/a><\/p>\n<p>Ce forfait peut \u00e9galement \u00eatre achet\u00e9 sur <a href=\"https:\/\/bont.ca\/collections\/long-track-ice-speed-skates\/products\/long-track-boss-ice-skates\">bont.ca<\/a><\/p>\n<\/div>\n<\/div>\n","protected":false},"excerpt":{"rendered":"<hr>\n<p style=\"text-align: center;\">Le patin \u00e0 glace Bont long track speed skating Boss se compose d&#8217;une chaussure en composite de carbone fabriqu\u00e9e \u00e0 la main avec la c\u00e9l\u00e8bre m\u00e9thode de construction en une seule pi\u00e8ce de Bont et d&#8217;une lame \u00e0 clapet long track. La botte est fabriqu\u00e9e \u00e0 la main de l&#8217;int\u00e9rieur vers l&#8217;ext\u00e9rieur, chaque couche \u00e9tant coll\u00e9e ou cousue \u00e0 la couche inf\u00e9rieure. La botte vous va comme un gant et offre des performances haut de gamme \u00e0 un prix d&#8217;entr\u00e9e de gamme. Le syst\u00e8me unique d&#8217;enveloppement par pression de Bonts \u00e9limine plus d&#8217;exc\u00e8s de r\u00e9sine que n&#8217;importe quelle autre technique de stratification du carbone.   <\/p>\n<hr>\n<p>&nbsp;<\/p>\n","protected":false},"featured_media":29290,"comment_status":"closed","ping_status":"closed","template":"","meta":{"site-sidebar-layout":"default","site-content-layout":"default","ast-site-content-layout":"default","site-content-style":"default","site-sidebar-style":"default","ast-global-header-display":"","ast-banner-title-visibility":"","ast-main-header-display":"","ast-hfb-above-header-display":"","ast-hfb-below-header-display":"","ast-hfb-mobile-header-display":"","site-post-title":"","ast-breadcrumbs-content":"","ast-featured-img":"","footer-sml-layout":"","theme-transparent-header-meta":"default","adv-header-id-meta":"","stick-header-meta":"","header-above-stick-meta":"","header-main-stick-meta":"","header-below-stick-meta":"","astra-migrate-meta-layouts":"default","ast-page-background-enabled":"default","ast-page-background-meta":{"desktop":{"background-color":"","background-image":"","background-repeat":"repeat","background-position":"center center","background-size":"auto","background-attachment":"scroll","background-type":"","background-media":"","overlay-type":"","overlay-color":"","overlay-opacity":"","overlay-gradient":""},"tablet":{"background-color":"","background-image":"","background-repeat":"repeat","background-position":"center center","background-size":"auto","background-attachment":"scroll","background-type":"","background-media":"","overlay-type":"","overlay-color":"","overlay-opacity":"","overlay-gradient":""},"mobile":{"background-color":"","background-image":"","background-repeat":"repeat","background-position":"center center","background-size":"auto","background-attachment":"scroll","background-type":"","background-media":"","overlay-type":"","overlay-color":"","overlay-opacity":"","overlay-gradient":""}},"ast-content-background-meta":{"desktop":{"background-color":"var(--ast-global-color-5)","background-image":"","background-repeat":"repeat","background-position":"center center","background-size":"auto","background-attachment":"scroll","background-type":"","background-media":"","overlay-type":"","overlay-color":"","overlay-opacity":"","overlay-gradient":""},"tablet":{"background-color":"var(--ast-global-color-5)","background-image":"","background-repeat":"repeat","background-position":"center center","background-size":"auto","background-attachment":"scroll","background-type":"","background-media":"","overlay-type":"","overlay-color":"","overlay-opacity":"","overlay-gradient":""},"mobile":{"background-color":"var(--ast-global-color-5)","background-image":"","background-repeat":"repeat","background-position":"center center","background-size":"auto","background-attachment":"scroll","background-type":"","background-media":"","overlay-type":"","overlay-color":"","overlay-opacity":"","overlay-gradient":""}}},"product_brand":[],"product_cat":[1829,1431,1353],"product_tag":[1384,1836,1831,1837,1832,1385,1785,1834,1835,1830,1833,1395,1403,1444,1392,1464],"class_list":{"0":"post-59124","1":"product","2":"type-product","3":"status-publish","4":"has-post-thumbnail","6":"product_cat-ensembles-bottines-et-lames-longue-piste","7":"product_cat-longue-piste","8":"product_cat-patinage-de-vitesse","9":"product_tag-bont-fr","10":"product_tag-botte-en-carbone-fabriquee-a-la-main","11":"product_tag-bottes-vegetaliennes","12":"product_tag-bottine-en-carbone-fait-a-la-main-fr","13":"product_tag-bottines-vegan-fr","14":"product_tag-boutique-xactskate","15":"product_tag-confort","16":"product_tag-ensemble-longue-piste-fr","17":"product_tag-lame-dapplaudissement","18":"product_tag-longue-piste-fr","19":"product_tag-paquet-de-longue-duree","20":"product_tag-patin-de-vitesse-fr","21":"product_tag-patinage-de-vitesse","22":"product_tag-performance-fr","23":"product_tag-thermo-moulable","24":"product_tag-voie-longue","25":"desktop-align-center","26":"tablet-align-center","27":"mobile-align-center","28":"ast-product-gallery-layout-horizontal","29":"ast-product-single-variable","30":"ast-product-tabs-layout-horizontal","31":"ast-qv-on-image","33":"first","34":"instock","35":"sale","36":"taxable","37":"shipping-taxable","38":"purchasable","39":"product-type-variable"},"bundled_by":[],"bundle_stock_status":"instock","bundle_stock_quantity":null,"bundle_virtual":false,"bundle_layout":"","bundle_add_to_cart_form_location":"","bundle_editable_in_cart":false,"bundle_sold_individually_context":"","bundle_item_grouping":"","bundle_min_size":"","bundle_max_size":"","bundle_price":[],"bundled_items":[],"bundle_sell_ids":[],"yoast_head":"<!-- This site is optimized with the Yoast SEO plugin v27.4 - https:\/\/yoast.com\/product\/yoast-seo-wordpress\/ -->\n<title>Long track Bont package %sepsiteame%%%.<\/title>\n<meta name=\"description\" content=\"Pack Bont longue piste. La botte BONT Boss vous va comme un gant et offre des performances haut de gamme \u00e0 un prix d&#039;entr\u00e9e de gamme. Achetez la v\u00f4tre ici !\" \/>\n<meta name=\"robots\" content=\"index, follow, max-snippet:-1, max-image-preview:large, max-video-preview:-1\" \/>\n<link rel=\"canonical\" href=\"https:\/\/xactskateshop.com\/fr\/produit\/bont-boss-paquet-lt\/\" \/>\n<meta property=\"og:locale\" content=\"fr_FR\" \/>\n<meta property=\"og:type\" content=\"article\" \/>\n<meta property=\"og:title\" content=\"Long track Bont package %sepsiteame%%%.\" \/>\n<meta property=\"og:description\" content=\"Pack Bont longue piste. La botte BONT Boss vous va comme un gant et offre des performances haut de gamme \u00e0 un prix d&#039;entr\u00e9e de gamme. Achetez la v\u00f4tre ici !\" \/>\n<meta property=\"og:url\" content=\"https:\/\/xactskateshop.com\/fr\/produit\/bont-boss-paquet-lt\/\" \/>\n<meta property=\"og:site_name\" content=\"Xact Skate Shop\" \/>\n<meta property=\"article:publisher\" content=\"https:\/\/www.facebook.com\/JeanLouiskateshop\" \/>\n<meta property=\"og:image\" content=\"https:\/\/xactskateshop.com\/wp-content\/uploads\/2021\/07\/LT-M3-Blade-Red-Boss.jpg\" \/>\n\t<meta property=\"og:image:width\" content=\"900\" \/>\n\t<meta property=\"og:image:height\" content=\"900\" \/>\n\t<meta property=\"og:image:type\" content=\"image\/jpeg\" \/>\n<meta name=\"twitter:card\" content=\"summary_large_image\" \/>\n<meta name=\"twitter:label1\" content=\"Dur\u00e9e de lecture estim\u00e9e\" \/>\n\t<meta name=\"twitter:data1\" content=\"2 minutes\" \/>\n<script type=\"application\/ld+json\" class=\"yoast-schema-graph\">{\"@context\":\"https:\\\/\\\/schema.org\",\"@graph\":[{\"@type\":\"WebPage\",\"@id\":\"https:\\\/\\\/xactskateshop.com\\\/fr\\\/produit\\\/bont-boss-paquet-lt\\\/\",\"url\":\"https:\\\/\\\/xactskateshop.com\\\/fr\\\/produit\\\/bont-boss-paquet-lt\\\/\",\"name\":\"Long track Bont package %sepsiteame%%%.\",\"isPartOf\":{\"@id\":\"http:\\\/\\\/xactskateshop.com\\\/fr\\\/#website\"},\"primaryImageOfPage\":{\"@id\":\"https:\\\/\\\/xactskateshop.com\\\/fr\\\/produit\\\/bont-boss-paquet-lt\\\/#primaryimage\"},\"image\":{\"@id\":\"https:\\\/\\\/xactskateshop.com\\\/fr\\\/produit\\\/bont-boss-paquet-lt\\\/#primaryimage\"},\"thumbnailUrl\":\"https:\\\/\\\/xactskateshop.com\\\/wp-content\\\/uploads\\\/2021\\\/07\\\/LT-M3-Blade-Red-Boss.jpg\",\"datePublished\":\"2021-07-19T21:10:45+00:00\",\"description\":\"Pack Bont longue piste. La botte BONT Boss vous va comme un gant et offre des performances haut de gamme \u00e0 un prix d'entr\u00e9e de gamme. Achetez la v\u00f4tre ici !\",\"breadcrumb\":{\"@id\":\"https:\\\/\\\/xactskateshop.com\\\/fr\\\/produit\\\/bont-boss-paquet-lt\\\/#breadcrumb\"},\"inLanguage\":\"fr-FR\",\"potentialAction\":[{\"@type\":\"ReadAction\",\"target\":[\"https:\\\/\\\/xactskateshop.com\\\/fr\\\/produit\\\/bont-boss-paquet-lt\\\/\"]}]},{\"@type\":\"ImageObject\",\"inLanguage\":\"fr-FR\",\"@id\":\"https:\\\/\\\/xactskateshop.com\\\/fr\\\/produit\\\/bont-boss-paquet-lt\\\/#primaryimage\",\"url\":\"https:\\\/\\\/xactskateshop.com\\\/wp-content\\\/uploads\\\/2021\\\/07\\\/LT-M3-Blade-Red-Boss.jpg\",\"contentUrl\":\"https:\\\/\\\/xactskateshop.com\\\/wp-content\\\/uploads\\\/2021\\\/07\\\/LT-M3-Blade-Red-Boss.jpg\",\"width\":900,\"height\":900,\"caption\":\"Paquet Bont \u00e0 long terme\"},{\"@type\":\"BreadcrumbList\",\"@id\":\"https:\\\/\\\/xactskateshop.com\\\/fr\\\/produit\\\/bont-boss-paquet-lt\\\/#breadcrumb\",\"itemListElement\":[{\"@type\":\"ListItem\",\"position\":1,\"name\":\"Home\",\"item\":\"https:\\\/\\\/xactskateshop.com\\\/fr\\\/accueil\\\/\"},{\"@type\":\"ListItem\",\"position\":2,\"name\":\"Boutique\",\"item\":\"https:\\\/\\\/xactskateshop.com\\\/shop\\\/\"},{\"@type\":\"ListItem\",\"position\":3,\"name\":\"BONT BOSS \\\/ Paquet LT\"}]},{\"@type\":\"WebSite\",\"@id\":\"http:\\\/\\\/xactskateshop.com\\\/fr\\\/#website\",\"url\":\"http:\\\/\\\/xactskateshop.com\\\/fr\\\/\",\"name\":\"Xact Skate Shop\",\"description\":\"Un site utilisant WordPress\",\"publisher\":{\"@id\":\"http:\\\/\\\/xactskateshop.com\\\/fr\\\/#organization\"},\"potentialAction\":[{\"@type\":\"SearchAction\",\"target\":{\"@type\":\"EntryPoint\",\"urlTemplate\":\"http:\\\/\\\/xactskateshop.com\\\/fr\\\/?s={search_term_string}\"},\"query-input\":{\"@type\":\"PropertyValueSpecification\",\"valueRequired\":true,\"valueName\":\"search_term_string\"}}],\"inLanguage\":\"fr-FR\"},{\"@type\":\"Organization\",\"@id\":\"http:\\\/\\\/xactskateshop.com\\\/fr\\\/#organization\",\"name\":\"XACT Skate Shop\",\"url\":\"http:\\\/\\\/xactskateshop.com\\\/fr\\\/\",\"logo\":{\"@type\":\"ImageObject\",\"inLanguage\":\"fr-FR\",\"@id\":\"http:\\\/\\\/xactskateshop.com\\\/fr\\\/#\\\/schema\\\/logo\\\/image\\\/\",\"url\":\"http:\\\/\\\/xactskateshop.com\\\/wp-content\\\/uploads\\\/2024\\\/04\\\/xactskateshop-dot-com-avec-contour-noir-sans-fond-675x.jpg\",\"contentUrl\":\"http:\\\/\\\/xactskateshop.com\\\/wp-content\\\/uploads\\\/2024\\\/04\\\/xactskateshop-dot-com-avec-contour-noir-sans-fond-675x.jpg\",\"width\":675,\"height\":247,\"caption\":\"XACT Skate Shop\"},\"image\":{\"@id\":\"http:\\\/\\\/xactskateshop.com\\\/fr\\\/#\\\/schema\\\/logo\\\/image\\\/\"},\"sameAs\":[\"https:\\\/\\\/www.facebook.com\\\/JeanLouiskateshop\"]}]}<\/script>\n<!-- \/ Yoast SEO plugin. -->","yoast_head_json":{"title":"Long track Bont package %sepsiteame%%%.","description":"Pack Bont longue piste. La botte BONT Boss vous va comme un gant et offre des performances haut de gamme \u00e0 un prix d'entr\u00e9e de gamme. Achetez la v\u00f4tre ici !","robots":{"index":"index","follow":"follow","max-snippet":"max-snippet:-1","max-image-preview":"max-image-preview:large","max-video-preview":"max-video-preview:-1"},"canonical":"https:\/\/xactskateshop.com\/fr\/produit\/bont-boss-paquet-lt\/","og_locale":"fr_FR","og_type":"article","og_title":"Long track Bont package %sepsiteame%%%.","og_description":"Pack Bont longue piste. La botte BONT Boss vous va comme un gant et offre des performances haut de gamme \u00e0 un prix d'entr\u00e9e de gamme. Achetez la v\u00f4tre ici !","og_url":"https:\/\/xactskateshop.com\/fr\/produit\/bont-boss-paquet-lt\/","og_site_name":"Xact Skate Shop","article_publisher":"https:\/\/www.facebook.com\/JeanLouiskateshop","og_image":[{"width":900,"height":900,"url":"https:\/\/xactskateshop.com\/wp-content\/uploads\/2021\/07\/LT-M3-Blade-Red-Boss.jpg","type":"image\/jpeg"}],"twitter_card":"summary_large_image","twitter_misc":{"Dur\u00e9e de lecture estim\u00e9e":"2 minutes"},"schema":{"@context":"https:\/\/schema.org","@graph":[{"@type":"WebPage","@id":"https:\/\/xactskateshop.com\/fr\/produit\/bont-boss-paquet-lt\/","url":"https:\/\/xactskateshop.com\/fr\/produit\/bont-boss-paquet-lt\/","name":"Long track Bont package %sepsiteame%%%.","isPartOf":{"@id":"http:\/\/xactskateshop.com\/fr\/#website"},"primaryImageOfPage":{"@id":"https:\/\/xactskateshop.com\/fr\/produit\/bont-boss-paquet-lt\/#primaryimage"},"image":{"@id":"https:\/\/xactskateshop.com\/fr\/produit\/bont-boss-paquet-lt\/#primaryimage"},"thumbnailUrl":"https:\/\/xactskateshop.com\/wp-content\/uploads\/2021\/07\/LT-M3-Blade-Red-Boss.jpg","datePublished":"2021-07-19T21:10:45+00:00","description":"Pack Bont longue piste. La botte BONT Boss vous va comme un gant et offre des performances haut de gamme \u00e0 un prix d'entr\u00e9e de gamme. Achetez la v\u00f4tre ici !","breadcrumb":{"@id":"https:\/\/xactskateshop.com\/fr\/produit\/bont-boss-paquet-lt\/#breadcrumb"},"inLanguage":"fr-FR","potentialAction":[{"@type":"ReadAction","target":["https:\/\/xactskateshop.com\/fr\/produit\/bont-boss-paquet-lt\/"]}]},{"@type":"ImageObject","inLanguage":"fr-FR","@id":"https:\/\/xactskateshop.com\/fr\/produit\/bont-boss-paquet-lt\/#primaryimage","url":"https:\/\/xactskateshop.com\/wp-content\/uploads\/2021\/07\/LT-M3-Blade-Red-Boss.jpg","contentUrl":"https:\/\/xactskateshop.com\/wp-content\/uploads\/2021\/07\/LT-M3-Blade-Red-Boss.jpg","width":900,"height":900,"caption":"Paquet Bont \u00e0 long terme"},{"@type":"BreadcrumbList","@id":"https:\/\/xactskateshop.com\/fr\/produit\/bont-boss-paquet-lt\/#breadcrumb","itemListElement":[{"@type":"ListItem","position":1,"name":"Home","item":"https:\/\/xactskateshop.com\/fr\/accueil\/"},{"@type":"ListItem","position":2,"name":"Boutique","item":"https:\/\/xactskateshop.com\/shop\/"},{"@type":"ListItem","position":3,"name":"BONT BOSS \/ Paquet LT"}]},{"@type":"WebSite","@id":"http:\/\/xactskateshop.com\/fr\/#website","url":"http:\/\/xactskateshop.com\/fr\/","name":"Xact Skate Shop","description":"Un site utilisant WordPress","publisher":{"@id":"http:\/\/xactskateshop.com\/fr\/#organization"},"potentialAction":[{"@type":"SearchAction","target":{"@type":"EntryPoint","urlTemplate":"http:\/\/xactskateshop.com\/fr\/?s={search_term_string}"},"query-input":{"@type":"PropertyValueSpecification","valueRequired":true,"valueName":"search_term_string"}}],"inLanguage":"fr-FR"},{"@type":"Organization","@id":"http:\/\/xactskateshop.com\/fr\/#organization","name":"XACT Skate Shop","url":"http:\/\/xactskateshop.com\/fr\/","logo":{"@type":"ImageObject","inLanguage":"fr-FR","@id":"http:\/\/xactskateshop.com\/fr\/#\/schema\/logo\/image\/","url":"http:\/\/xactskateshop.com\/wp-content\/uploads\/2024\/04\/xactskateshop-dot-com-avec-contour-noir-sans-fond-675x.jpg","contentUrl":"http:\/\/xactskateshop.com\/wp-content\/uploads\/2024\/04\/xactskateshop-dot-com-avec-contour-noir-sans-fond-675x.jpg","width":675,"height":247,"caption":"XACT Skate Shop"},"image":{"@id":"http:\/\/xactskateshop.com\/fr\/#\/schema\/logo\/image\/"},"sameAs":["https:\/\/www.facebook.com\/JeanLouiskateshop"]}]}},"_links":{"self":[{"href":"https:\/\/xactskateshop.com\/fr\/wp-json\/wp\/v2\/product\/59124","targetHints":{"allow":["GET"]}}],"collection":[{"href":"https:\/\/xactskateshop.com\/fr\/wp-json\/wp\/v2\/product"}],"about":[{"href":"https:\/\/xactskateshop.com\/fr\/wp-json\/wp\/v2\/types\/product"}],"replies":[{"embeddable":true,"href":"https:\/\/xactskateshop.com\/fr\/wp-json\/wp\/v2\/comments?post=59124"}],"wp:featuredmedia":[{"embeddable":true,"href":"https:\/\/xactskateshop.com\/fr\/wp-json\/wp\/v2\/media\/29290"}],"wp:attachment":[{"href":"https:\/\/xactskateshop.com\/fr\/wp-json\/wp\/v2\/media?parent=59124"}],"wp:term":[{"taxonomy":"product_brand","embeddable":true,"href":"https:\/\/xactskateshop.com\/fr\/wp-json\/wp\/v2\/product_brand?post=59124"},{"taxonomy":"product_cat","embeddable":true,"href":"https:\/\/xactskateshop.com\/fr\/wp-json\/wp\/v2\/product_cat?post=59124"},{"taxonomy":"product_tag","embeddable":true,"href":"https:\/\/xactskateshop.com\/fr\/wp-json\/wp\/v2\/product_tag?post=59124"}],"curies":[{"name":"wp","href":"https:\/\/api.w.org\/{rel}","templated":true}]}}