{"id":59123,"date":"2021-07-14T14:20:20","date_gmt":"2021-07-14T18:20:20","guid":{"rendered":"http:\/\/xactskateshop.com\/product\/roulements-bones-reds-8mm-8-pack\/"},"modified":"2021-07-14T14:20:20","modified_gmt":"2021-07-14T18:20:20","slug":"roulements-bones-reds-8mm-8-pack","status":"publish","type":"product","link":"https:\/\/xactskateshop.com\/fr\/produit\/roulements-bones-reds-8mm-8-pack\/","title":{"rendered":"Roulements BONES REDS 8mm 8 pack"},"content":{"rendered":"<div class=\"box-sub-info box-specifications\"><span style=\"font-size: 16px;\">Paliers Bones Reds 8pck<\/span><\/div>\n<div><\/div>\n<div class=\"std\">\n<p>Les Bones\u00ae REDS\u00ae sont fabriqu\u00e9s en Chine selon nos sp\u00e9cifications Bones Skate Rated\u2122 dans une usine de fabrication d\u00e9di\u00e9e \u00e0 la production de roulements de patins de la plus haute qualit\u00e9 en Chine. Ils sont inspect\u00e9s deux fois avant d&#8217;\u00eatre exp\u00e9di\u00e9s aux patineurs et offrent la meilleure combinaison de performance, de durabilit\u00e9 et de faible co\u00fbt de l&#8217;industrie. Parce qu&#8217;ils offrent des performances proches de celles des Bones Swiss pour une fraction du co\u00fbt, ils sont devenus les roulements les plus vendus.  <\/p>\n<p>Les composants des roulements <sup>Bones\u00ae<\/sup> sont con\u00e7us et test\u00e9s pour r\u00e9sister aux impacts importants des atterrissages durs, aux charges lat\u00e9rales \u00e9lev\u00e9es des virages et (dans la mesure du possible) \u00e0 la salet\u00e9 des environnements de skate. Par cons\u00e9quent, les roulements <sup>Bones\u00ae<\/sup> roulent plus vite et durent plus longtemps que les autres roulements. Se contenter d&#8217;attribuer aux <sup>Bones\u00ae<\/sup> un classement ABEC reviendrait \u00e0 ignorer toutes les am\u00e9liorations que nous avons apport\u00e9es aux Bones et la diff\u00e9rence qui en r\u00e9sulte entre les Bones et les roulements standard class\u00e9s ABEC. Comme il n&#8217;existe pas de classement ABEC appropri\u00e9 pour refl\u00e9ter la qualit\u00e9 sup\u00e9rieure des roulements <sup>Bones\u00ae<\/sup>, nous leur avons attribu\u00e9 leur propre classement, <em>Skate Rating\u2122<\/em>, pour vous faire savoir que les roulements <sup>Bones\u00ae<\/sup> sont sp\u00e9ciaux et con\u00e7us pour les patineurs comme vous, et non pour les moteurs \u00e9lectriques.   <\/p>\n<p><strong>Caract\u00e9ristiques<\/strong><\/p>\n<ul>\n<li>Bouclier en caoutchouc unique, sans contact et amovible pour faciliter le nettoyage et r\u00e9duire les frottements,<\/li>\n<li>Retenue des billes en Nylon\u2122 haute vitesse pour plus de r\u00e9sistance et de rapidit\u00e9,<\/li>\n<li>Pr\u00e9-lubrifi\u00e9 avec le lubrifiant de course Speed Cream\u2122,<\/li>\n<li>Les jeux, tol\u00e9rances, mat\u00e9riaux et lubrifiant Skate Rated\u2122 offrent les meilleures performances et la meilleure durabilit\u00e9 possibles.<\/li>\n<\/ul>\n<p>Voir d&#8217;autres mod\u00e8les <a href=\"http:\/\/xactskateshop.com\/product-category\/inline-speed-skating\/bearings\/\">ici<\/a><\/p>\n<p>Pour en savoir plus sur les roulements \u00e0 billes, <a href=\"https:\/\/bonesbearings.com\/\">cliquez ici<\/a><\/p>\n<\/div>\n","protected":false},"excerpt":{"rendered":"<p><span style=\"font-size: 16px;\">Paliers Bones Reds 8pck<\/span><\/p>\n<p>Les Bones\u00ae REDS\u00ae sont fabriqu\u00e9s en Chine selon nos sp\u00e9cifications Bones Skate Rated\u2122 dans une usine de fabrication d\u00e9di\u00e9e \u00e0 la production de roulements de patins de la plus haute qualit\u00e9 en Chine. Ils sont inspect\u00e9s deux fois avant d&#8217;\u00eatre exp\u00e9di\u00e9s aux patineurs et offrent la meilleure combinaison de performance, de durabilit\u00e9 et de faible co\u00fbt de l&#8217;industrie. Parce qu&#8217;ils offrent des performances proches de celles des Bones Swiss pour une fraction du co\u00fbt, ils sont devenus les roulements les plus vendus.  <\/p>\n","protected":false},"featured_media":29254,"comment_status":"closed","ping_status":"closed","template":"","meta":{"site-sidebar-layout":"default","site-content-layout":"default","ast-site-content-layout":"default","site-content-style":"default","site-sidebar-style":"default","ast-global-header-display":"","ast-banner-title-visibility":"","ast-main-header-display":"","ast-hfb-above-header-display":"","ast-hfb-below-header-display":"","ast-hfb-mobile-header-display":"","site-post-title":"","ast-breadcrumbs-content":"","ast-featured-img":"","footer-sml-layout":"","theme-transparent-header-meta":"default","adv-header-id-meta":"","stick-header-meta":"","header-above-stick-meta":"","header-main-stick-meta":"","header-below-stick-meta":"","astra-migrate-meta-layouts":"default","ast-page-background-enabled":"default","ast-page-background-meta":{"desktop":{"background-color":"","background-image":"","background-repeat":"repeat","background-position":"center center","background-size":"auto","background-attachment":"scroll","background-type":"","background-media":"","overlay-type":"","overlay-color":"","overlay-opacity":"","overlay-gradient":""},"tablet":{"background-color":"","background-image":"","background-repeat":"repeat","background-position":"center center","background-size":"auto","background-attachment":"scroll","background-type":"","background-media":"","overlay-type":"","overlay-color":"","overlay-opacity":"","overlay-gradient":""},"mobile":{"background-color":"","background-image":"","background-repeat":"repeat","background-position":"center center","background-size":"auto","background-attachment":"scroll","background-type":"","background-media":"","overlay-type":"","overlay-color":"","overlay-opacity":"","overlay-gradient":""}},"ast-content-background-meta":{"desktop":{"background-color":"var(--ast-global-color-5)","background-image":"","background-repeat":"repeat","background-position":"center center","background-size":"auto","background-attachment":"scroll","background-type":"","background-media":"","overlay-type":"","overlay-color":"","overlay-opacity":"","overlay-gradient":""},"tablet":{"background-color":"var(--ast-global-color-5)","background-image":"","background-repeat":"repeat","background-position":"center center","background-size":"auto","background-attachment":"scroll","background-type":"","background-media":"","overlay-type":"","overlay-color":"","overlay-opacity":"","overlay-gradient":""},"mobile":{"background-color":"var(--ast-global-color-5)","background-image":"","background-repeat":"repeat","background-position":"center center","background-size":"auto","background-attachment":"scroll","background-type":"","background-media":"","overlay-type":"","overlay-color":"","overlay-opacity":"","overlay-gradient":""}}},"product_brand":[],"product_cat":[1739,1736],"product_tag":[1753,1773,1385,1759,1761,1751,1752,1917,1772,1758,1763,1765,1740,1916],"class_list":{"0":"post-59123","1":"product","2":"type-product","3":"status-publish","4":"has-post-thumbnail","6":"product_cat-roulements-et-outils-dentretien-fr-3","7":"product_cat-roulements-et-outils-dentretien-2","8":"product_tag-accessoires-pour-patin-a-roulettes-fr","9":"product_tag-accessoires-pour-patins-a-roulettes-fr","10":"product_tag-boutique-xactskate","11":"product_tag-durabilite","12":"product_tag-durable-fr","13":"product_tag-os","14":"product_tag-paliers","15":"product_tag-pieces-pour-patin-a-roulettes-fr","16":"product_tag-pieces-pour-patins-a-roulettes","17":"product_tag-qualite-fr","18":"product_tag-qualite-fr-2","19":"product_tag-roulements-fr","20":"product_tag-roulements-de-patins","21":"product_tag-roulements-pour-patin-a-roulettes-fr","22":"desktop-align-center","23":"tablet-align-center","24":"mobile-align-center","25":"ast-product-gallery-layout-horizontal","26":"ast-product-gallery-with-no-image","27":"ast-product-tabs-layout-horizontal","28":"ast-qv-on-image","30":"first","31":"instock","32":"sale","33":"taxable","34":"shipping-taxable","35":"purchasable","36":"product-type-simple"},"bundled_by":[],"bundle_stock_status":"instock","bundle_stock_quantity":88,"bundle_virtual":false,"bundle_layout":"","bundle_add_to_cart_form_location":"","bundle_editable_in_cart":false,"bundle_sold_individually_context":"","bundle_item_grouping":"","bundle_min_size":"","bundle_max_size":"","bundle_price":[],"bundled_items":[],"bundle_sell_ids":[],"yoast_head":"<!-- This site is optimized with the Yoast SEO plugin v27.4 - https:\/\/yoast.com\/product\/yoast-seo-wordpress\/ -->\n<title>Bones Reds 8pck Bearings - Xact Skate Shop.<\/title>\n<meta name=\"description\" content=\"Les roulements Bones Reds 8pck sont fabriqu\u00e9s en Chine selon nos sp\u00e9cifications Bones Skate Rated\u2122 dans une usine de fabrication d\u00e9di\u00e9e \u00e0 la qualit\u00e9.\" \/>\n<meta name=\"robots\" content=\"index, follow, max-snippet:-1, max-image-preview:large, max-video-preview:-1\" \/>\n<link rel=\"canonical\" href=\"https:\/\/xactskateshop.com\/fr\/produit\/roulements-bones-reds-8mm-8-pack\/\" \/>\n<meta property=\"og:locale\" content=\"fr_FR\" \/>\n<meta property=\"og:type\" content=\"article\" \/>\n<meta property=\"og:title\" content=\"Bones Reds 8pck Bearings - Xact Skate Shop.\" \/>\n<meta property=\"og:description\" content=\"Les roulements Bones Reds 8pck sont fabriqu\u00e9s en Chine selon nos sp\u00e9cifications Bones Skate Rated\u2122 dans une usine de fabrication d\u00e9di\u00e9e \u00e0 la qualit\u00e9.\" \/>\n<meta property=\"og:url\" content=\"https:\/\/xactskateshop.com\/fr\/produit\/roulements-bones-reds-8mm-8-pack\/\" \/>\n<meta property=\"og:site_name\" content=\"Xact Skate Shop\" \/>\n<meta property=\"article:publisher\" content=\"https:\/\/www.facebook.com\/JeanLouiskateshop\" \/>\n<meta property=\"og:image\" content=\"https:\/\/xactskateshop.com\/wp-content\/uploads\/2021\/07\/BSACBR88EC.jpg\" \/>\n\t<meta property=\"og:image:width\" content=\"1000\" \/>\n\t<meta property=\"og:image:height\" content=\"1000\" \/>\n\t<meta property=\"og:image:type\" content=\"image\/jpeg\" \/>\n<meta name=\"twitter:card\" content=\"summary_large_image\" \/>\n<meta name=\"twitter:label1\" content=\"Dur\u00e9e de lecture estim\u00e9e\" \/>\n\t<meta name=\"twitter:data1\" content=\"2 minutes\" \/>\n<script type=\"application\/ld+json\" class=\"yoast-schema-graph\">{\"@context\":\"https:\\\/\\\/schema.org\",\"@graph\":[{\"@type\":\"WebPage\",\"@id\":\"https:\\\/\\\/xactskateshop.com\\\/fr\\\/produit\\\/roulements-bones-reds-8mm-8-pack\\\/\",\"url\":\"https:\\\/\\\/xactskateshop.com\\\/fr\\\/produit\\\/roulements-bones-reds-8mm-8-pack\\\/\",\"name\":\"Bones Reds 8pck Bearings - Xact Skate Shop.\",\"isPartOf\":{\"@id\":\"http:\\\/\\\/xactskateshop.com\\\/fr\\\/#website\"},\"primaryImageOfPage\":{\"@id\":\"https:\\\/\\\/xactskateshop.com\\\/fr\\\/produit\\\/roulements-bones-reds-8mm-8-pack\\\/#primaryimage\"},\"image\":{\"@id\":\"https:\\\/\\\/xactskateshop.com\\\/fr\\\/produit\\\/roulements-bones-reds-8mm-8-pack\\\/#primaryimage\"},\"thumbnailUrl\":\"https:\\\/\\\/xactskateshop.com\\\/wp-content\\\/uploads\\\/2021\\\/07\\\/BSACBR88EC.jpg\",\"datePublished\":\"2021-07-14T18:20:20+00:00\",\"description\":\"Les roulements Bones Reds 8pck sont fabriqu\u00e9s en Chine selon nos sp\u00e9cifications Bones Skate Rated\u2122 dans une usine de fabrication d\u00e9di\u00e9e \u00e0 la qualit\u00e9.\",\"breadcrumb\":{\"@id\":\"https:\\\/\\\/xactskateshop.com\\\/fr\\\/produit\\\/roulements-bones-reds-8mm-8-pack\\\/#breadcrumb\"},\"inLanguage\":\"fr-FR\",\"potentialAction\":[{\"@type\":\"ReadAction\",\"target\":[\"https:\\\/\\\/xactskateshop.com\\\/fr\\\/produit\\\/roulements-bones-reds-8mm-8-pack\\\/\"]}]},{\"@type\":\"ImageObject\",\"inLanguage\":\"fr-FR\",\"@id\":\"https:\\\/\\\/xactskateshop.com\\\/fr\\\/produit\\\/roulements-bones-reds-8mm-8-pack\\\/#primaryimage\",\"url\":\"https:\\\/\\\/xactskateshop.com\\\/wp-content\\\/uploads\\\/2021\\\/07\\\/BSACBR88EC.jpg\",\"contentUrl\":\"https:\\\/\\\/xactskateshop.com\\\/wp-content\\\/uploads\\\/2021\\\/07\\\/BSACBR88EC.jpg\",\"width\":1000,\"height\":1000,\"caption\":\"Paliers Bones Reds 8pck\"},{\"@type\":\"BreadcrumbList\",\"@id\":\"https:\\\/\\\/xactskateshop.com\\\/fr\\\/produit\\\/roulements-bones-reds-8mm-8-pack\\\/#breadcrumb\",\"itemListElement\":[{\"@type\":\"ListItem\",\"position\":1,\"name\":\"Home\",\"item\":\"https:\\\/\\\/xactskateshop.com\\\/fr\\\/accueil\\\/\"},{\"@type\":\"ListItem\",\"position\":2,\"name\":\"Boutique\",\"item\":\"https:\\\/\\\/xactskateshop.com\\\/shop\\\/\"},{\"@type\":\"ListItem\",\"position\":3,\"name\":\"Roulements BONES REDS 8mm 8 pack\"}]},{\"@type\":\"WebSite\",\"@id\":\"http:\\\/\\\/xactskateshop.com\\\/fr\\\/#website\",\"url\":\"http:\\\/\\\/xactskateshop.com\\\/fr\\\/\",\"name\":\"Xact Skate Shop\",\"description\":\"Un site utilisant WordPress\",\"publisher\":{\"@id\":\"http:\\\/\\\/xactskateshop.com\\\/fr\\\/#organization\"},\"potentialAction\":[{\"@type\":\"SearchAction\",\"target\":{\"@type\":\"EntryPoint\",\"urlTemplate\":\"http:\\\/\\\/xactskateshop.com\\\/fr\\\/?s={search_term_string}\"},\"query-input\":{\"@type\":\"PropertyValueSpecification\",\"valueRequired\":true,\"valueName\":\"search_term_string\"}}],\"inLanguage\":\"fr-FR\"},{\"@type\":\"Organization\",\"@id\":\"http:\\\/\\\/xactskateshop.com\\\/fr\\\/#organization\",\"name\":\"XACT Skate Shop\",\"url\":\"http:\\\/\\\/xactskateshop.com\\\/fr\\\/\",\"logo\":{\"@type\":\"ImageObject\",\"inLanguage\":\"fr-FR\",\"@id\":\"http:\\\/\\\/xactskateshop.com\\\/fr\\\/#\\\/schema\\\/logo\\\/image\\\/\",\"url\":\"http:\\\/\\\/xactskateshop.com\\\/wp-content\\\/uploads\\\/2024\\\/04\\\/xactskateshop-dot-com-avec-contour-noir-sans-fond-675x.jpg\",\"contentUrl\":\"http:\\\/\\\/xactskateshop.com\\\/wp-content\\\/uploads\\\/2024\\\/04\\\/xactskateshop-dot-com-avec-contour-noir-sans-fond-675x.jpg\",\"width\":675,\"height\":247,\"caption\":\"XACT Skate Shop\"},\"image\":{\"@id\":\"http:\\\/\\\/xactskateshop.com\\\/fr\\\/#\\\/schema\\\/logo\\\/image\\\/\"},\"sameAs\":[\"https:\\\/\\\/www.facebook.com\\\/JeanLouiskateshop\"]}]}<\/script>\n<!-- \/ Yoast SEO plugin. -->","yoast_head_json":{"title":"Bones Reds 8pck Bearings - Xact Skate Shop.","description":"Les roulements Bones Reds 8pck sont fabriqu\u00e9s en Chine selon nos sp\u00e9cifications Bones Skate Rated\u2122 dans une usine de fabrication d\u00e9di\u00e9e \u00e0 la qualit\u00e9.","robots":{"index":"index","follow":"follow","max-snippet":"max-snippet:-1","max-image-preview":"max-image-preview:large","max-video-preview":"max-video-preview:-1"},"canonical":"https:\/\/xactskateshop.com\/fr\/produit\/roulements-bones-reds-8mm-8-pack\/","og_locale":"fr_FR","og_type":"article","og_title":"Bones Reds 8pck Bearings - Xact Skate Shop.","og_description":"Les roulements Bones Reds 8pck sont fabriqu\u00e9s en Chine selon nos sp\u00e9cifications Bones Skate Rated\u2122 dans une usine de fabrication d\u00e9di\u00e9e \u00e0 la qualit\u00e9.","og_url":"https:\/\/xactskateshop.com\/fr\/produit\/roulements-bones-reds-8mm-8-pack\/","og_site_name":"Xact Skate Shop","article_publisher":"https:\/\/www.facebook.com\/JeanLouiskateshop","og_image":[{"width":1000,"height":1000,"url":"https:\/\/xactskateshop.com\/wp-content\/uploads\/2021\/07\/BSACBR88EC.jpg","type":"image\/jpeg"}],"twitter_card":"summary_large_image","twitter_misc":{"Dur\u00e9e de lecture estim\u00e9e":"2 minutes"},"schema":{"@context":"https:\/\/schema.org","@graph":[{"@type":"WebPage","@id":"https:\/\/xactskateshop.com\/fr\/produit\/roulements-bones-reds-8mm-8-pack\/","url":"https:\/\/xactskateshop.com\/fr\/produit\/roulements-bones-reds-8mm-8-pack\/","name":"Bones Reds 8pck Bearings - Xact Skate Shop.","isPartOf":{"@id":"http:\/\/xactskateshop.com\/fr\/#website"},"primaryImageOfPage":{"@id":"https:\/\/xactskateshop.com\/fr\/produit\/roulements-bones-reds-8mm-8-pack\/#primaryimage"},"image":{"@id":"https:\/\/xactskateshop.com\/fr\/produit\/roulements-bones-reds-8mm-8-pack\/#primaryimage"},"thumbnailUrl":"https:\/\/xactskateshop.com\/wp-content\/uploads\/2021\/07\/BSACBR88EC.jpg","datePublished":"2021-07-14T18:20:20+00:00","description":"Les roulements Bones Reds 8pck sont fabriqu\u00e9s en Chine selon nos sp\u00e9cifications Bones Skate Rated\u2122 dans une usine de fabrication d\u00e9di\u00e9e \u00e0 la qualit\u00e9.","breadcrumb":{"@id":"https:\/\/xactskateshop.com\/fr\/produit\/roulements-bones-reds-8mm-8-pack\/#breadcrumb"},"inLanguage":"fr-FR","potentialAction":[{"@type":"ReadAction","target":["https:\/\/xactskateshop.com\/fr\/produit\/roulements-bones-reds-8mm-8-pack\/"]}]},{"@type":"ImageObject","inLanguage":"fr-FR","@id":"https:\/\/xactskateshop.com\/fr\/produit\/roulements-bones-reds-8mm-8-pack\/#primaryimage","url":"https:\/\/xactskateshop.com\/wp-content\/uploads\/2021\/07\/BSACBR88EC.jpg","contentUrl":"https:\/\/xactskateshop.com\/wp-content\/uploads\/2021\/07\/BSACBR88EC.jpg","width":1000,"height":1000,"caption":"Paliers Bones Reds 8pck"},{"@type":"BreadcrumbList","@id":"https:\/\/xactskateshop.com\/fr\/produit\/roulements-bones-reds-8mm-8-pack\/#breadcrumb","itemListElement":[{"@type":"ListItem","position":1,"name":"Home","item":"https:\/\/xactskateshop.com\/fr\/accueil\/"},{"@type":"ListItem","position":2,"name":"Boutique","item":"https:\/\/xactskateshop.com\/shop\/"},{"@type":"ListItem","position":3,"name":"Roulements BONES REDS 8mm 8 pack"}]},{"@type":"WebSite","@id":"http:\/\/xactskateshop.com\/fr\/#website","url":"http:\/\/xactskateshop.com\/fr\/","name":"Xact Skate Shop","description":"Un site utilisant WordPress","publisher":{"@id":"http:\/\/xactskateshop.com\/fr\/#organization"},"potentialAction":[{"@type":"SearchAction","target":{"@type":"EntryPoint","urlTemplate":"http:\/\/xactskateshop.com\/fr\/?s={search_term_string}"},"query-input":{"@type":"PropertyValueSpecification","valueRequired":true,"valueName":"search_term_string"}}],"inLanguage":"fr-FR"},{"@type":"Organization","@id":"http:\/\/xactskateshop.com\/fr\/#organization","name":"XACT Skate Shop","url":"http:\/\/xactskateshop.com\/fr\/","logo":{"@type":"ImageObject","inLanguage":"fr-FR","@id":"http:\/\/xactskateshop.com\/fr\/#\/schema\/logo\/image\/","url":"http:\/\/xactskateshop.com\/wp-content\/uploads\/2024\/04\/xactskateshop-dot-com-avec-contour-noir-sans-fond-675x.jpg","contentUrl":"http:\/\/xactskateshop.com\/wp-content\/uploads\/2024\/04\/xactskateshop-dot-com-avec-contour-noir-sans-fond-675x.jpg","width":675,"height":247,"caption":"XACT Skate Shop"},"image":{"@id":"http:\/\/xactskateshop.com\/fr\/#\/schema\/logo\/image\/"},"sameAs":["https:\/\/www.facebook.com\/JeanLouiskateshop"]}]}},"_links":{"self":[{"href":"https:\/\/xactskateshop.com\/fr\/wp-json\/wp\/v2\/product\/59123","targetHints":{"allow":["GET"]}}],"collection":[{"href":"https:\/\/xactskateshop.com\/fr\/wp-json\/wp\/v2\/product"}],"about":[{"href":"https:\/\/xactskateshop.com\/fr\/wp-json\/wp\/v2\/types\/product"}],"replies":[{"embeddable":true,"href":"https:\/\/xactskateshop.com\/fr\/wp-json\/wp\/v2\/comments?post=59123"}],"wp:featuredmedia":[{"embeddable":true,"href":"https:\/\/xactskateshop.com\/fr\/wp-json\/wp\/v2\/media\/29254"}],"wp:attachment":[{"href":"https:\/\/xactskateshop.com\/fr\/wp-json\/wp\/v2\/media?parent=59123"}],"wp:term":[{"taxonomy":"product_brand","embeddable":true,"href":"https:\/\/xactskateshop.com\/fr\/wp-json\/wp\/v2\/product_brand?post=59123"},{"taxonomy":"product_cat","embeddable":true,"href":"https:\/\/xactskateshop.com\/fr\/wp-json\/wp\/v2\/product_cat?post=59123"},{"taxonomy":"product_tag","embeddable":true,"href":"https:\/\/xactskateshop.com\/fr\/wp-json\/wp\/v2\/product_tag?post=59123"}],"curies":[{"name":"wp","href":"https:\/\/api.w.org\/{rel}","templated":true}]}}