{"id":59111,"date":"2021-06-26T12:04:48","date_gmt":"2021-06-26T16:04:48","guid":{"rendered":"http:\/\/xactskateshop.com\/product\/k2-redline-race-set-3-packs\/"},"modified":"2026-04-09T12:43:18","modified_gmt":"2026-04-09T16:43:18","slug":"ensemble-k2-redline-race-3-pack","status":"publish","type":"product","link":"https:\/\/xactskateshop.com\/fr\/produit\/ensemble-k2-redline-race-3-pack\/","title":{"rendered":"Ensemble K2 REDLINE Race (3 pack)"},"content":{"rendered":"<div class=\"description\" data-v-6bf92d32=\"\">\n<div class=\"description\" data-v-6bf92d32=\"\">\n<p>Une protection \u00e0 grande vitesse et \u00e0 faible tra\u00een\u00e9e ! L&#8217;ensemble Redline Race Guard comprend des prot\u00e8ge-genoux, des prot\u00e8ge-coudes et des gants dans des designs durables et \u00e9l\u00e9gants qui offrent une protection contre les \u00e9raflures de la route. Cr\u00e9\u00e9s pour les patineurs soucieux de leurs performances et dot\u00e9s d&#8217;un design fin et l\u00e9ger, les prot\u00e8ge-genoux Redline Race Guards offrent une protection tout en conservant un profil bas et en permettant des mouvements sans entrave. Disponibles en pi\u00e8ces d\u00e9tach\u00e9es ou en set.<\/p>\n<h6 class=\"article\">Tableau des tailles des protections pour patins K2 Redline Race<\/h6>\n<p>&nbsp;<\/p>\n<table class=\"sizetable\">\n<tbody>\n<tr>\n<td>Taille du Race Guard<\/td>\n<td colspan=\"1\" rowspan=\"1\">Petit<\/td>\n<td colspan=\"1\" rowspan=\"1\">Moyen<\/td>\n<td colspan=\"1\" rowspan=\"1\">Grand<\/td>\n<\/tr>\n<tr>\n<td>Genou (au-dessus)<\/td>\n<td>32-38cm<\/td>\n<td>36-44cm<\/td>\n<td>37-46cm<\/td>\n<\/tr>\n<tr>\n<td>Genou (en dessous)<\/td>\n<td>25-33cm<\/td>\n<td>29-36cm<\/td>\n<td>30-38cm<\/td>\n<\/tr>\n<tr>\n<td>Coude (au-dessus)<\/td>\n<td>24-29cm<\/td>\n<td>25-32cm<\/td>\n<td>28-36cm<\/td>\n<\/tr>\n<tr>\n<td>Coude (en dessous)<\/td>\n<td>22-27cm<\/td>\n<td>23-29cm<\/td>\n<td>24-30cm<\/td>\n<\/tr>\n<tr>\n<td>Circonf\u00e9rence de la main<\/td>\n<td>18-19cm<\/td>\n<td>20-22cm<\/td>\n<td>22-24cm<\/td>\n<\/tr>\n<tr>\n<td>Tour de poignet<\/td>\n<td>15-17cm<\/td>\n<td>17-19cm<\/td>\n<td>19-21cm<\/td>\n<\/tr>\n<\/tbody>\n<\/table>\n<table class=\"sizetable\">\n<tbody>\n<tr>\n<td>Taille du Race Guard<\/td>\n<td colspan=\"1\" rowspan=\"1\">Petit<\/td>\n<td colspan=\"1\" rowspan=\"1\">Moyen<\/td>\n<td colspan=\"1\" rowspan=\"1\">Grand<\/td>\n<\/tr>\n<tr>\n<td>Genou (au-dessus)<\/td>\n<td>12.5-15&#8243;<\/td>\n<td>14-17.5&#8243;<\/td>\n<td>14.5-18&#8243;<\/td>\n<\/tr>\n<tr>\n<td>Genou (en dessous)<\/td>\n<td>10-13&#8243;<\/td>\n<td>11.5-14&#8243;<\/td>\n<td>12-15&#8243;<\/td>\n<\/tr>\n<tr>\n<td>Coude (au-dessus)<\/td>\n<td>9.5-11.5&#8243;<\/td>\n<td>10-12.5&#8243;<\/td>\n<td>11-14&#8243;<\/td>\n<\/tr>\n<tr>\n<td>Coude (en dessous)<\/td>\n<td>8.5-10.5&#8243;<\/td>\n<td>9-11.5&#8243;<\/td>\n<td>9.5-12&#8243;<\/td>\n<\/tr>\n<tr>\n<td>Circonf\u00e9rence de la main<\/td>\n<td>7-7.5&#8243;<\/td>\n<td>7.75-8.75&#8243;<\/td>\n<td>8.75-9.5&#8243;<\/td>\n<\/tr>\n<tr>\n<td>Tour de poignet<\/td>\n<td>6-6.75&#8243;<\/td>\n<td>6.75-7.75&#8243;<\/td>\n<td>7.5-8.25&#8243;<\/td>\n<\/tr>\n<\/tbody>\n<\/table>\n<h6>Comment mesurer<\/h6>\n<p>Suivez les instructions ci-dessous et comparez vos mesures avec le tableau des tailles.<\/p>\n<div class=\"how_to_measure_table\">\n<div class=\"how_to_measure_text\">\n<h6>LA CIRCONF\u00c9RENCE AU-DESSUS DU GENOU<\/h6>\n<p>Mesurez la circonf\u00e9rence du genou \u00e0 environ 10 cm au-dessus du genou, lorsque votre jambe est tendue.<\/p>\n<\/div>\n<div class=\"how_to_measure_image\">\n<p><img decoding=\"async\" class=\"\" src=\"https:\/\/cdn.skatepro.com\/upload\/2020\/10\/above_knee_circumference_2_4437.jpg\" \/><\/p>\n<\/div>\n<\/div>\n<div class=\"how_to_measure_table\">\n<div class=\"how_to_measure_text\">\n<h3>LA CIRCONF\u00c9RENCE SOUS LE GENOU<\/h3>\n<p>Mesurez la circonf\u00e9rence du genou \u00e0 environ 10 cm sous le genou, lorsque votre jambe est tendue.<\/p>\n<\/div>\n<div class=\"how_to_measure_image\">\n<p><img decoding=\"async\" class=\"\" src=\"https:\/\/cdn.skatepro.com\/upload\/2020\/10\/below_knee_circumference_1_4438.jpg\" \/><\/p>\n<\/div>\n<\/div>\n<div class=\"how_to_measure_table\">\n<div class=\"how_to_measure_text\">\n<h3>LA CIRCONF\u00c9RENCE AU-DESSUS DU COUDE<\/h3>\n<p>Mesurez la circonf\u00e9rence approximativement de 0,8 \u00e0 1,2 pouces ou de 2 \u00e0 3 cm au-dessus du centre du coude.<\/p>\n<\/div>\n<div class=\"how_to_measure_image\">\n<p><img decoding=\"async\" class=\"\" src=\"https:\/\/cdn.skatepro.com\/upload\/2020\/10\/above_elbow_circumference_4445.jpg\" \/><\/p>\n<\/div>\n<\/div>\n<div class=\"how_to_measure_table\">\n<div class=\"how_to_measure_text\">\n<h3>LA CIRCONF\u00c9RENCE SOUS LE COUDE<\/h3>\n<p>Mesurez la circonf\u00e9rence \u00e0 environ 10 cm sous le centre du coude.<\/p>\n<\/div>\n<div class=\"how_to_measure_image\">\n<p><img decoding=\"async\" class=\"\" src=\"https:\/\/cdn.skatepro.com\/upload\/2020\/10\/below_elbow_circumference_4447.jpg\" \/><\/p>\n<\/div>\n<\/div>\n<div class=\"how_to_measure_table\">\n<div class=\"how_to_measure_text\">\n<h3>LA CIRCONF\u00c9RENCE DE LA MAIN<\/h3>\n<p>Mesurez la circonf\u00e9rence la plus large de la main autour des quatre phalanges, \u00e0 l&#8217;exclusion du pouce.<\/p>\n<\/div>\n<div class=\"how_to_measure_image\">\n<p><img decoding=\"async\" class=\"\" src=\"https:\/\/cdn.skatepro.com\/upload\/2020\/10\/palm_hand_circumference_1_4440.jpg\" \/><\/p>\n<\/div>\n<\/div>\n<div class=\"how_to_measure_table\">\n<div class=\"how_to_measure_text\">\n<h3>LA CIRCONF\u00c9RENCE DU POIGNET<\/h3>\n<p>Mesurez la circonf\u00e9rence du poignet.<\/p>\n<\/div>\n<div class=\"how_to_measure_image\">\n<p><img decoding=\"async\" class=\"\" src=\"https:\/\/cdn.skatepro.com\/upload\/2020\/10\/wrist_circumference_1_4443.jpg\" \/><\/p>\n<\/div>\n<\/div>\n<p><strong>Conseil !<\/strong> Utilisez un ruban \u00e0 mesurer souple pour vous assurer que le produit s&#8217;ajuste correctement. Vous pouvez \u00e9galement utiliser un morceau de ficelle et le mesurer \u00e0 l&#8217;aide d&#8217;une r\u00e8gle.<\/p>\n<\/div>\n<\/div>\n","protected":false},"excerpt":{"rendered":"<div class=\"description\" data-v-6bf92d32=\"\">\n<div class=\"description\" data-v-6bf92d32=\"\">\n<hr \/>\n<p style=\"text-align: center;\">Une protection \u00e0 grande vitesse et \u00e0 faible tra\u00een\u00e9e ! L&#8217;ensemble Redline Race Guard comprend des prot\u00e8ge-genoux, des prot\u00e8ge-coudes et des gants dans des designs durables et \u00e9l\u00e9gants qui offrent une protection contre les \u00e9raflures de la route.<\/p>\n<hr \/>\n<p>&nbsp;<\/p>\n<\/div>\n<\/div>\n","protected":false},"featured_media":29232,"comment_status":"closed","ping_status":"closed","template":"","meta":{"site-sidebar-layout":"default","site-content-layout":"default","ast-site-content-layout":"default","site-content-style":"default","site-sidebar-style":"default","ast-global-header-display":"","ast-banner-title-visibility":"","ast-main-header-display":"","ast-hfb-above-header-display":"","ast-hfb-below-header-display":"","ast-hfb-mobile-header-display":"","site-post-title":"","ast-breadcrumbs-content":"","ast-featured-img":"","footer-sml-layout":"","ast-disable-related-posts":"","theme-transparent-header-meta":"default","adv-header-id-meta":"","stick-header-meta":"","header-above-stick-meta":"","header-main-stick-meta":"","header-below-stick-meta":"","astra-migrate-meta-layouts":"set","ast-page-background-enabled":"default","ast-page-background-meta":{"desktop":{"background-color":"","background-image":"","background-repeat":"repeat","background-position":"center center","background-size":"auto","background-attachment":"scroll","background-type":"","background-media":"","overlay-type":"","overlay-color":"","overlay-opacity":"","overlay-gradient":""},"tablet":{"background-color":"","background-image":"","background-repeat":"repeat","background-position":"center center","background-size":"auto","background-attachment":"scroll","background-type":"","background-media":"","overlay-type":"","overlay-color":"","overlay-opacity":"","overlay-gradient":""},"mobile":{"background-color":"","background-image":"","background-repeat":"repeat","background-position":"center center","background-size":"auto","background-attachment":"scroll","background-type":"","background-media":"","overlay-type":"","overlay-color":"","overlay-opacity":"","overlay-gradient":""}},"ast-content-background-meta":{"desktop":{"background-color":"var(--ast-global-color-5)","background-image":"","background-repeat":"repeat","background-position":"center center","background-size":"auto","background-attachment":"scroll","background-type":"","background-media":"","overlay-type":"","overlay-color":"","overlay-opacity":"","overlay-gradient":""},"tablet":{"background-color":"var(--ast-global-color-5)","background-image":"","background-repeat":"repeat","background-position":"center center","background-size":"auto","background-attachment":"scroll","background-type":"","background-media":"","overlay-type":"","overlay-color":"","overlay-opacity":"","overlay-gradient":""},"mobile":{"background-color":"var(--ast-global-color-5)","background-image":"","background-repeat":"repeat","background-position":"center center","background-size":"auto","background-attachment":"scroll","background-type":"","background-media":"","overlay-type":"","overlay-color":"","overlay-opacity":"","overlay-gradient":""}}},"product_brand":[],"product_cat":[1529,1733,1755],"product_tag":[],"class_list":{"0":"post-59111","1":"product","2":"type-product","3":"status-publish","4":"has-post-thumbnail","6":"product_cat-accessoires-de-patinage-a-roues-alignees","7":"product_cat-equipement-de-protection","8":"product_cat-protection-patins-a-roulettes","9":"desktop-align-center","10":"tablet-align-center","11":"mobile-align-center","12":"ast-product-gallery-layout-horizontal","13":"ast-product-single-variable","14":"ast-product-tabs-layout-horizontal","15":"ast-qv-on-image","17":"first","18":"instock","19":"taxable","20":"shipping-taxable","21":"purchasable","22":"product-type-variable"},"bundled_by":[],"bundle_stock_status":"instock","bundle_stock_quantity":null,"bundle_virtual":false,"bundle_layout":"","bundle_add_to_cart_form_location":"","bundle_editable_in_cart":false,"bundle_sold_individually_context":"","bundle_item_grouping":"","bundle_min_size":"","bundle_max_size":"","bundle_price":[],"bundled_items":[],"bundle_sell_ids":[],"yoast_head":"<!-- This site is optimized with the Yoast SEO plugin v27.5 - https:\/\/yoast.com\/product\/yoast-seo-wordpress\/ -->\n<title>Ensemble K2 REDLINE Race (3 pack) - Xact Skate Shop<\/title>\n<meta name=\"description\" content=\"Ensemble K2 REDLINE Race. L&#039;ensemble Redline Race comprend des prot\u00e8ge-genoux, coudes et gants qui offrent une protection contre les \u00e9raflures de la route.\" \/>\n<meta name=\"robots\" content=\"index, follow, max-snippet:-1, max-image-preview:large, max-video-preview:-1\" \/>\n<link rel=\"canonical\" href=\"https:\/\/xactskateshop.com\/fr\/produit\/ensemble-k2-redline-race-3-pack\/\" \/>\n<meta property=\"og:locale\" content=\"fr_FR\" \/>\n<meta property=\"og:type\" content=\"article\" \/>\n<meta property=\"og:title\" content=\"Ensemble K2 REDLINE Race (3 pack) - Xact Skate Shop\" \/>\n<meta property=\"og:description\" content=\"Ensemble K2 REDLINE Race. L&#039;ensemble Redline Race comprend des prot\u00e8ge-genoux, coudes et gants qui offrent une protection contre les \u00e9raflures de la route.\" \/>\n<meta property=\"og:url\" content=\"https:\/\/xactskateshop.com\/fr\/produit\/ensemble-k2-redline-race-3-pack\/\" \/>\n<meta property=\"og:site_name\" content=\"Xact Skate Shop\" \/>\n<meta property=\"article:publisher\" content=\"https:\/\/www.facebook.com\/JeanLouiskateshop\" \/>\n<meta property=\"article:modified_time\" content=\"2026-04-09T16:43:18+00:00\" \/>\n<meta property=\"og:image\" content=\"https:\/\/xactskateshop.com\/wp-content\/uploads\/2021\/06\/redline-race-set.jpg\" \/>\n\t<meta property=\"og:image:width\" content=\"1000\" \/>\n\t<meta property=\"og:image:height\" content=\"1000\" \/>\n\t<meta property=\"og:image:type\" content=\"image\/jpeg\" \/>\n<meta name=\"twitter:card\" content=\"summary_large_image\" \/>\n<meta name=\"twitter:label1\" content=\"Dur\u00e9e de lecture estim\u00e9e\" \/>\n\t<meta name=\"twitter:data1\" content=\"3 minutes\" \/>\n<script type=\"application\/ld+json\" class=\"yoast-schema-graph\">{\"@context\":\"https:\\\/\\\/schema.org\",\"@graph\":[{\"@type\":\"WebPage\",\"@id\":\"https:\\\/\\\/xactskateshop.com\\\/fr\\\/produit\\\/ensemble-k2-redline-race-3-pack\\\/\",\"url\":\"https:\\\/\\\/xactskateshop.com\\\/fr\\\/produit\\\/ensemble-k2-redline-race-3-pack\\\/\",\"name\":\"Ensemble K2 REDLINE Race (3 pack) - Xact Skate Shop\",\"isPartOf\":{\"@id\":\"http:\\\/\\\/xactskateshop.com\\\/fr\\\/#website\"},\"primaryImageOfPage\":{\"@id\":\"https:\\\/\\\/xactskateshop.com\\\/fr\\\/produit\\\/ensemble-k2-redline-race-3-pack\\\/#primaryimage\"},\"image\":{\"@id\":\"https:\\\/\\\/xactskateshop.com\\\/fr\\\/produit\\\/ensemble-k2-redline-race-3-pack\\\/#primaryimage\"},\"thumbnailUrl\":\"https:\\\/\\\/xactskateshop.com\\\/wp-content\\\/uploads\\\/2021\\\/06\\\/redline-race-set.jpg\",\"datePublished\":\"2021-06-26T16:04:48+00:00\",\"dateModified\":\"2026-04-09T16:43:18+00:00\",\"description\":\"Ensemble K2 REDLINE Race. L'ensemble Redline Race comprend des prot\u00e8ge-genoux, coudes et gants qui offrent une protection contre les \u00e9raflures de la route.\",\"breadcrumb\":{\"@id\":\"https:\\\/\\\/xactskateshop.com\\\/fr\\\/produit\\\/ensemble-k2-redline-race-3-pack\\\/#breadcrumb\"},\"inLanguage\":\"fr-FR\",\"potentialAction\":[{\"@type\":\"ReadAction\",\"target\":[\"https:\\\/\\\/xactskateshop.com\\\/fr\\\/produit\\\/ensemble-k2-redline-race-3-pack\\\/\"]}]},{\"@type\":\"ImageObject\",\"inLanguage\":\"fr-FR\",\"@id\":\"https:\\\/\\\/xactskateshop.com\\\/fr\\\/produit\\\/ensemble-k2-redline-race-3-pack\\\/#primaryimage\",\"url\":\"https:\\\/\\\/xactskateshop.com\\\/wp-content\\\/uploads\\\/2021\\\/06\\\/redline-race-set.jpg\",\"contentUrl\":\"https:\\\/\\\/xactskateshop.com\\\/wp-content\\\/uploads\\\/2021\\\/06\\\/redline-race-set.jpg\",\"width\":1000,\"height\":1000,\"caption\":\"K2 REDLINE Race set\"},{\"@type\":\"BreadcrumbList\",\"@id\":\"https:\\\/\\\/xactskateshop.com\\\/fr\\\/produit\\\/ensemble-k2-redline-race-3-pack\\\/#breadcrumb\",\"itemListElement\":[{\"@type\":\"ListItem\",\"position\":1,\"name\":\"Home\",\"item\":\"https:\\\/\\\/xactskateshop.com\\\/fr\\\/accueil\\\/\"},{\"@type\":\"ListItem\",\"position\":2,\"name\":\"Boutique\",\"item\":\"https:\\\/\\\/xactskateshop.com\\\/shop\\\/\"},{\"@type\":\"ListItem\",\"position\":3,\"name\":\"Ensemble K2 REDLINE Race (3 pack)\"}]},{\"@type\":\"WebSite\",\"@id\":\"http:\\\/\\\/xactskateshop.com\\\/fr\\\/#website\",\"url\":\"http:\\\/\\\/xactskateshop.com\\\/fr\\\/\",\"name\":\"Xact Skate Shop\",\"description\":\"Un site utilisant WordPress\",\"publisher\":{\"@id\":\"http:\\\/\\\/xactskateshop.com\\\/fr\\\/#organization\"},\"potentialAction\":[{\"@type\":\"SearchAction\",\"target\":{\"@type\":\"EntryPoint\",\"urlTemplate\":\"http:\\\/\\\/xactskateshop.com\\\/fr\\\/?s={search_term_string}\"},\"query-input\":{\"@type\":\"PropertyValueSpecification\",\"valueRequired\":true,\"valueName\":\"search_term_string\"}}],\"inLanguage\":\"fr-FR\"},{\"@type\":\"Organization\",\"@id\":\"http:\\\/\\\/xactskateshop.com\\\/fr\\\/#organization\",\"name\":\"XACT Skate Shop\",\"url\":\"http:\\\/\\\/xactskateshop.com\\\/fr\\\/\",\"logo\":{\"@type\":\"ImageObject\",\"inLanguage\":\"fr-FR\",\"@id\":\"http:\\\/\\\/xactskateshop.com\\\/fr\\\/#\\\/schema\\\/logo\\\/image\\\/\",\"url\":\"http:\\\/\\\/xactskateshop.com\\\/wp-content\\\/uploads\\\/2024\\\/04\\\/xactskateshop-dot-com-avec-contour-noir-sans-fond-675x.jpg\",\"contentUrl\":\"http:\\\/\\\/xactskateshop.com\\\/wp-content\\\/uploads\\\/2024\\\/04\\\/xactskateshop-dot-com-avec-contour-noir-sans-fond-675x.jpg\",\"width\":675,\"height\":247,\"caption\":\"XACT Skate Shop\"},\"image\":{\"@id\":\"http:\\\/\\\/xactskateshop.com\\\/fr\\\/#\\\/schema\\\/logo\\\/image\\\/\"},\"sameAs\":[\"https:\\\/\\\/www.facebook.com\\\/JeanLouiskateshop\"]}]}<\/script>\n<!-- \/ Yoast SEO plugin. -->","yoast_head_json":{"title":"Ensemble K2 REDLINE Race (3 pack) - Xact Skate Shop","description":"Ensemble K2 REDLINE Race. L'ensemble Redline Race comprend des prot\u00e8ge-genoux, coudes et gants qui offrent une protection contre les \u00e9raflures de la route.","robots":{"index":"index","follow":"follow","max-snippet":"max-snippet:-1","max-image-preview":"max-image-preview:large","max-video-preview":"max-video-preview:-1"},"canonical":"https:\/\/xactskateshop.com\/fr\/produit\/ensemble-k2-redline-race-3-pack\/","og_locale":"fr_FR","og_type":"article","og_title":"Ensemble K2 REDLINE Race (3 pack) - Xact Skate Shop","og_description":"Ensemble K2 REDLINE Race. L'ensemble Redline Race comprend des prot\u00e8ge-genoux, coudes et gants qui offrent une protection contre les \u00e9raflures de la route.","og_url":"https:\/\/xactskateshop.com\/fr\/produit\/ensemble-k2-redline-race-3-pack\/","og_site_name":"Xact Skate Shop","article_publisher":"https:\/\/www.facebook.com\/JeanLouiskateshop","article_modified_time":"2026-04-09T16:43:18+00:00","og_image":[{"width":1000,"height":1000,"url":"https:\/\/xactskateshop.com\/wp-content\/uploads\/2021\/06\/redline-race-set.jpg","type":"image\/jpeg"}],"twitter_card":"summary_large_image","twitter_misc":{"Dur\u00e9e de lecture estim\u00e9e":"3 minutes"},"schema":{"@context":"https:\/\/schema.org","@graph":[{"@type":"WebPage","@id":"https:\/\/xactskateshop.com\/fr\/produit\/ensemble-k2-redline-race-3-pack\/","url":"https:\/\/xactskateshop.com\/fr\/produit\/ensemble-k2-redline-race-3-pack\/","name":"Ensemble K2 REDLINE Race (3 pack) - Xact Skate Shop","isPartOf":{"@id":"http:\/\/xactskateshop.com\/fr\/#website"},"primaryImageOfPage":{"@id":"https:\/\/xactskateshop.com\/fr\/produit\/ensemble-k2-redline-race-3-pack\/#primaryimage"},"image":{"@id":"https:\/\/xactskateshop.com\/fr\/produit\/ensemble-k2-redline-race-3-pack\/#primaryimage"},"thumbnailUrl":"https:\/\/xactskateshop.com\/wp-content\/uploads\/2021\/06\/redline-race-set.jpg","datePublished":"2021-06-26T16:04:48+00:00","dateModified":"2026-04-09T16:43:18+00:00","description":"Ensemble K2 REDLINE Race. L'ensemble Redline Race comprend des prot\u00e8ge-genoux, coudes et gants qui offrent une protection contre les \u00e9raflures de la route.","breadcrumb":{"@id":"https:\/\/xactskateshop.com\/fr\/produit\/ensemble-k2-redline-race-3-pack\/#breadcrumb"},"inLanguage":"fr-FR","potentialAction":[{"@type":"ReadAction","target":["https:\/\/xactskateshop.com\/fr\/produit\/ensemble-k2-redline-race-3-pack\/"]}]},{"@type":"ImageObject","inLanguage":"fr-FR","@id":"https:\/\/xactskateshop.com\/fr\/produit\/ensemble-k2-redline-race-3-pack\/#primaryimage","url":"https:\/\/xactskateshop.com\/wp-content\/uploads\/2021\/06\/redline-race-set.jpg","contentUrl":"https:\/\/xactskateshop.com\/wp-content\/uploads\/2021\/06\/redline-race-set.jpg","width":1000,"height":1000,"caption":"K2 REDLINE Race set"},{"@type":"BreadcrumbList","@id":"https:\/\/xactskateshop.com\/fr\/produit\/ensemble-k2-redline-race-3-pack\/#breadcrumb","itemListElement":[{"@type":"ListItem","position":1,"name":"Home","item":"https:\/\/xactskateshop.com\/fr\/accueil\/"},{"@type":"ListItem","position":2,"name":"Boutique","item":"https:\/\/xactskateshop.com\/shop\/"},{"@type":"ListItem","position":3,"name":"Ensemble K2 REDLINE Race (3 pack)"}]},{"@type":"WebSite","@id":"http:\/\/xactskateshop.com\/fr\/#website","url":"http:\/\/xactskateshop.com\/fr\/","name":"Xact Skate Shop","description":"Un site utilisant WordPress","publisher":{"@id":"http:\/\/xactskateshop.com\/fr\/#organization"},"potentialAction":[{"@type":"SearchAction","target":{"@type":"EntryPoint","urlTemplate":"http:\/\/xactskateshop.com\/fr\/?s={search_term_string}"},"query-input":{"@type":"PropertyValueSpecification","valueRequired":true,"valueName":"search_term_string"}}],"inLanguage":"fr-FR"},{"@type":"Organization","@id":"http:\/\/xactskateshop.com\/fr\/#organization","name":"XACT Skate Shop","url":"http:\/\/xactskateshop.com\/fr\/","logo":{"@type":"ImageObject","inLanguage":"fr-FR","@id":"http:\/\/xactskateshop.com\/fr\/#\/schema\/logo\/image\/","url":"http:\/\/xactskateshop.com\/wp-content\/uploads\/2024\/04\/xactskateshop-dot-com-avec-contour-noir-sans-fond-675x.jpg","contentUrl":"http:\/\/xactskateshop.com\/wp-content\/uploads\/2024\/04\/xactskateshop-dot-com-avec-contour-noir-sans-fond-675x.jpg","width":675,"height":247,"caption":"XACT Skate Shop"},"image":{"@id":"http:\/\/xactskateshop.com\/fr\/#\/schema\/logo\/image\/"},"sameAs":["https:\/\/www.facebook.com\/JeanLouiskateshop"]}]}},"_links":{"self":[{"href":"https:\/\/xactskateshop.com\/fr\/wp-json\/wp\/v2\/product\/59111","targetHints":{"allow":["GET"]}}],"collection":[{"href":"https:\/\/xactskateshop.com\/fr\/wp-json\/wp\/v2\/product"}],"about":[{"href":"https:\/\/xactskateshop.com\/fr\/wp-json\/wp\/v2\/types\/product"}],"replies":[{"embeddable":true,"href":"https:\/\/xactskateshop.com\/fr\/wp-json\/wp\/v2\/comments?post=59111"}],"wp:featuredmedia":[{"embeddable":true,"href":"https:\/\/xactskateshop.com\/fr\/wp-json\/wp\/v2\/media\/29232"}],"wp:attachment":[{"href":"https:\/\/xactskateshop.com\/fr\/wp-json\/wp\/v2\/media?parent=59111"}],"wp:term":[{"taxonomy":"product_brand","embeddable":true,"href":"https:\/\/xactskateshop.com\/fr\/wp-json\/wp\/v2\/product_brand?post=59111"},{"taxonomy":"product_cat","embeddable":true,"href":"https:\/\/xactskateshop.com\/fr\/wp-json\/wp\/v2\/product_cat?post=59111"},{"taxonomy":"product_tag","embeddable":true,"href":"https:\/\/xactskateshop.com\/fr\/wp-json\/wp\/v2\/product_tag?post=59111"}],"curies":[{"name":"wp","href":"https:\/\/api.w.org\/{rel}","templated":true}]}}