{"id":59107,"date":"2021-06-26T13:49:20","date_gmt":"2021-06-26T17:49:20","guid":{"rendered":"http:\/\/xactskateshop.com\/product\/casque-s1-lifer-couleurs-mates\/"},"modified":"2025-10-18T13:55:13","modified_gmt":"2025-10-18T17:55:13","slug":"casque-s1-lifer-couleurs-mates","status":"publish","type":"product","link":"https:\/\/xactskateshop.com\/fr\/produit\/casque-s1-lifer-couleurs-mates\/","title":{"rendered":"Casque S1 LIFER"},"content":{"rendered":"<h2>Description<\/h2>\n<p>S1 Lifer Helmet casque<br \/>\nSp\u00e9cifications :<\/p>\n<ul>\n<li>Mousse de fusion EPS sp\u00e9cialement formul\u00e9e<\/li>\n<li>Certifi\u00e9 Multi-Impact (ASTM)<\/li>\n<li>Certifi\u00e9 \u00e0 fort impact (CPSC)<\/li>\n<li>5x plus protecteur que les casques de patinage ordinaires<\/li>\n<li>Conception de l&#8217;ajustement en profondeur<\/li>\n<\/ul>\n<div>\n<p>Le casque S1 Lifer est l&#8217;un des casques les mieux adapt\u00e9s et les plus s\u00fbrs pour le skateboard, le longboard, le BMX, la trottinette, le roller et le roller derby. Le Lifer Helmet utilise une mousse EPS Fusion Foam sp\u00e9cialement formul\u00e9e pour prot\u00e9ger votre t\u00eate contre les impacts multiples, qu&#8217;ils soient faibles ou forts. Le casque Lifer est un casque certifi\u00e9 &#8220;multi-impact&#8221; et est jusqu&#8217;\u00e0 5 fois plus protecteur que les casques non certifi\u00e9s en mousse souple. Le casque Lifer est un mod\u00e8le r\u00e9volutionnaire qui combine la s\u00e9curit\u00e9 accrue d&#8217;un casque certifi\u00e9 CPSC et ASTM avec le confort et l&#8217;ajustement d&#8217;un casque non certifi\u00e9. Le casque S1 Lifer est le casque \u00e0 impact \u00e9lev\u00e9 et \u00e0 impacts multiples le mieux adapt\u00e9 sur le march\u00e9.<\/p>\n<div class=\"content\">\n<div class=\"\">\n<p>Il est tr\u00e8s utile de mesurer votre t\u00eate pour d\u00e9terminer la taille du casque Lifer dont vous aurez besoin. Il est plus facile de le faire avec un m\u00e8tre souple, mais si vous n&#8217;en avez pas, vous pouvez utiliser une ficelle ou un c\u00e2ble de chargement de t\u00e9l\u00e9phone portable et le mesurer \u00e0 l&#8217;aide d&#8217;une r\u00e8gle ou d&#8217;un m\u00e8tre rigide. Vous devez mesurer la circonf\u00e9rence de votre t\u00eate et enrouler le ruban \u00e0 mesurer en commen\u00e7ant au milieu de votre front et juste au-dessus de vos sourcils, puis en faisant le tour de votre t\u00eate au-dessus de vos oreilles et en revenant au milieu de votre front, l\u00e0 o\u00f9 vous avez commenc\u00e9. En d&#8217;autres termes, vous voulez mesurer votre t\u00eate \u00e0 l&#8217;endroit o\u00f9 se trouve normalement votre chapeau ou \u00e0 l&#8217;endroit o\u00f9 vous imaginez que le casque s&#8217;adapte \u00e0 votre t\u00eate, juste au-dessus de vos sourcils. Une fois que vous avez pris votre mesure, comparez-la aux tableaux des tailles figurant sur les pages des produits Lifer pour savoir quel Lifer vous conviendra.<\/p>\n<p>Si votre t\u00eate mesure entre 18,5 et 20,5\u2033, d\u00e9couvrez le casque S1 Mini Lifer.<\/p>\n<p>Si votre t\u00eate mesure 20,5\u2033 &#8211; 23,5\u2033, d\u00e9couvrez le casque S1 Lifer.<\/p>\n<p>Si votre t\u00eate mesure 23.&#8221; &#8211; 25.5\u2033, regardez le casque S1 Mega Lifer.<\/p>\n<p><img decoding=\"async\" style=\"font-style: inherit; font-weight: inherit;\" src=\"https:\/\/www.s1helmets.ca\/wp-content\/uploads\/2019\/01\/2019_Head_Sizing_Chart__99112.1546906819.jpg\" alt=\"\" \/><\/p>\n<\/div>\n<\/div>\n<\/div>\n","protected":false},"excerpt":{"rendered":"<p>Le casque S1 Lifer est l&#8217;un des casques les mieux adapt\u00e9s et les plus s\u00fbrs pour le skateboard, le longboard, le BMX, la trottinette, le roller et le roller derby. Le Lifer Helmet utilise une mousse EPS Fusion Foam sp\u00e9cialement formul\u00e9e pour prot\u00e9ger votre t\u00eate contre les impacts multiples, qu&#8217;ils soient faibles ou forts. Le casque Lifer est un casque certifi\u00e9 &#8220;multi-impact&#8221; et est jusqu&#8217;\u00e0 5 fois plus protecteur que les casques non certifi\u00e9s en mousse souple. Le casque Lifer est un mod\u00e8le r\u00e9volutionnaire qui combine la s\u00e9curit\u00e9 accrue d&#8217;un casque certifi\u00e9 CPSC et ASTM avec le confort et l&#8217;ajustement d&#8217;un casque non certifi\u00e9. Le casque S1 Lifer est le casque \u00e0 impact \u00e9lev\u00e9 et \u00e0 impacts multiples le mieux adapt\u00e9 sur le march\u00e9.<\/p>\n","protected":false},"featured_media":29251,"comment_status":"closed","ping_status":"closed","template":"","meta":{"site-sidebar-layout":"default","site-content-layout":"default","ast-site-content-layout":"default","site-content-style":"default","site-sidebar-style":"default","ast-global-header-display":"","ast-banner-title-visibility":"","ast-main-header-display":"","ast-hfb-above-header-display":"","ast-hfb-below-header-display":"","ast-hfb-mobile-header-display":"","site-post-title":"","ast-breadcrumbs-content":"","ast-featured-img":"","footer-sml-layout":"","theme-transparent-header-meta":"default","adv-header-id-meta":"","stick-header-meta":"","header-above-stick-meta":"","header-main-stick-meta":"","header-below-stick-meta":"","astra-migrate-meta-layouts":"set","ast-page-background-enabled":"default","ast-page-background-meta":{"desktop":{"background-color":"","background-image":"","background-repeat":"repeat","background-position":"center center","background-size":"auto","background-attachment":"scroll","background-type":"","background-media":"","overlay-type":"","overlay-color":"","overlay-opacity":"","overlay-gradient":""},"tablet":{"background-color":"","background-image":"","background-repeat":"repeat","background-position":"center center","background-size":"auto","background-attachment":"scroll","background-type":"","background-media":"","overlay-type":"","overlay-color":"","overlay-opacity":"","overlay-gradient":""},"mobile":{"background-color":"","background-image":"","background-repeat":"repeat","background-position":"center center","background-size":"auto","background-attachment":"scroll","background-type":"","background-media":"","overlay-type":"","overlay-color":"","overlay-opacity":"","overlay-gradient":""}},"ast-content-background-meta":{"desktop":{"background-color":"var(--ast-global-color-5)","background-image":"","background-repeat":"repeat","background-position":"center center","background-size":"auto","background-attachment":"scroll","background-type":"","background-media":"","overlay-type":"","overlay-color":"","overlay-opacity":"","overlay-gradient":""},"tablet":{"background-color":"var(--ast-global-color-5)","background-image":"","background-repeat":"repeat","background-position":"center center","background-size":"auto","background-attachment":"scroll","background-type":"","background-media":"","overlay-type":"","overlay-color":"","overlay-opacity":"","overlay-gradient":""},"mobile":{"background-color":"var(--ast-global-color-5)","background-image":"","background-repeat":"repeat","background-position":"center center","background-size":"auto","background-attachment":"scroll","background-type":"","background-media":"","overlay-type":"","overlay-color":"","overlay-opacity":"","overlay-gradient":""}}},"product_brand":[],"product_cat":[1733,1652,1755],"product_tag":[1903,1385,1886,1887,1789,1902,1895,1896,1901,1892,1894,1884,1900,1890,1891,1898,1893,1897,1885,1899,1889,1888],"class_list":{"0":"post-59107","1":"product","2":"type-product","3":"status-publish","4":"has-post-thumbnail","6":"product_cat-equipement-de-protection","7":"product_cat-patins-a-roulettes","8":"product_cat-protection-patins-a-roulettes","9":"product_tag-bmx-fr","10":"product_tag-boutique-xactskate","11":"product_tag-casque-fr","12":"product_tag-casque-fr-2","13":"product_tag-equipement-de-protection-fr-2","14":"product_tag-longboard-fr","15":"product_tag-materiel-de-protection","16":"product_tag-multi-impact-fr","17":"product_tag-patin-dexterieur-fr","18":"product_tag-patin-de-parc-fr","19":"product_tag-patinage","20":"product_tag-patinage-a-roulettes","21":"product_tag-patinage-dans-les-parcs","22":"product_tag-patinage-de-quilles","23":"product_tag-patinage-de-rue","24":"product_tag-planche-a-roulettes-fr","25":"product_tag-s1-fr","26":"product_tag-securite","27":"product_tag-sports-fr","28":"product_tag-trotinette-fr","29":"product_tag-velo-fr-2","30":"product_tag-velo-fr","31":"desktop-align-center","32":"tablet-align-center","33":"mobile-align-center","34":"ast-product-gallery-layout-horizontal","35":"ast-product-gallery-with-no-image","36":"ast-product-single-variable","37":"ast-product-tabs-layout-horizontal","38":"ast-qv-on-image","40":"first","41":"instock","42":"taxable","43":"shipping-taxable","44":"purchasable","45":"product-type-variable"},"bundled_by":[],"bundle_stock_status":"instock","bundle_stock_quantity":null,"bundle_virtual":false,"bundle_layout":"","bundle_add_to_cart_form_location":"","bundle_editable_in_cart":false,"bundle_sold_individually_context":"","bundle_item_grouping":"","bundle_min_size":"","bundle_max_size":"","bundle_price":[],"bundled_items":[],"bundle_sell_ids":[],"yoast_head":"<!-- This site is optimized with the Yoast SEO plugin v27.4 - https:\/\/yoast.com\/product\/yoast-seo-wordpress\/ -->\n<title>Casque S1 LIFER - Xact Skate Shop<\/title>\n<meta name=\"robots\" content=\"index, follow, max-snippet:-1, max-image-preview:large, max-video-preview:-1\" \/>\n<link rel=\"canonical\" href=\"https:\/\/xactskateshop.com\/fr\/produit\/casque-s1-lifer-couleurs-mates\/\" \/>\n<meta property=\"og:locale\" content=\"fr_FR\" \/>\n<meta property=\"og:type\" content=\"article\" \/>\n<meta property=\"og:title\" content=\"Casque S1 LIFER - Xact Skate Shop\" \/>\n<meta property=\"og:description\" content=\"Le casque S1 Lifer est l&#039;un des casques les mieux adapt\u00e9s et les plus s\u00fbrs pour le skateboard, le longboard, le BMX, la trottinette, le roller et le roller derby. Le Lifer Helmet utilise une mousse EPS Fusion Foam sp\u00e9cialement formul\u00e9e pour prot\u00e9ger votre t\u00eate contre les impacts multiples, qu&#039;ils soient faibles ou forts. Le casque Lifer est un casque certifi\u00e9 &quot;multi-impact&quot; et est jusqu&#039;\u00e0 5 fois plus protecteur que les casques non certifi\u00e9s en mousse souple. Le casque Lifer est un mod\u00e8le r\u00e9volutionnaire qui combine la s\u00e9curit\u00e9 accrue d&#039;un casque certifi\u00e9 CPSC et ASTM avec le confort et l&#039;ajustement d&#039;un casque non certifi\u00e9. Le casque S1 Lifer est le casque \u00e0 impact \u00e9lev\u00e9 et \u00e0 impacts multiples le mieux adapt\u00e9 sur le march\u00e9.\" \/>\n<meta property=\"og:url\" content=\"https:\/\/xactskateshop.com\/fr\/produit\/casque-s1-lifer-couleurs-mates\/\" \/>\n<meta property=\"og:site_name\" content=\"Xact Skate Shop\" \/>\n<meta property=\"article:publisher\" content=\"https:\/\/www.facebook.com\/JeanLouiskateshop\" \/>\n<meta property=\"article:modified_time\" content=\"2025-10-18T17:55:13+00:00\" \/>\n<meta property=\"og:image\" content=\"https:\/\/xactskateshop.com\/wp-content\/uploads\/2021\/06\/Lifer_BlackMatte_34.jpg\" \/>\n\t<meta property=\"og:image:width\" content=\"1000\" \/>\n\t<meta property=\"og:image:height\" content=\"1000\" \/>\n\t<meta property=\"og:image:type\" content=\"image\/jpeg\" \/>\n<meta name=\"twitter:card\" content=\"summary_large_image\" \/>\n<meta name=\"twitter:label1\" content=\"Dur\u00e9e de lecture estim\u00e9e\" \/>\n\t<meta name=\"twitter:data1\" content=\"2 minutes\" \/>\n<script type=\"application\/ld+json\" class=\"yoast-schema-graph\">{\"@context\":\"https:\\\/\\\/schema.org\",\"@graph\":[{\"@type\":\"WebPage\",\"@id\":\"https:\\\/\\\/xactskateshop.com\\\/fr\\\/produit\\\/casque-s1-lifer-couleurs-mates\\\/\",\"url\":\"https:\\\/\\\/xactskateshop.com\\\/fr\\\/produit\\\/casque-s1-lifer-couleurs-mates\\\/\",\"name\":\"Casque S1 LIFER - Xact Skate Shop\",\"isPartOf\":{\"@id\":\"http:\\\/\\\/xactskateshop.com\\\/fr\\\/#website\"},\"primaryImageOfPage\":{\"@id\":\"https:\\\/\\\/xactskateshop.com\\\/fr\\\/produit\\\/casque-s1-lifer-couleurs-mates\\\/#primaryimage\"},\"image\":{\"@id\":\"https:\\\/\\\/xactskateshop.com\\\/fr\\\/produit\\\/casque-s1-lifer-couleurs-mates\\\/#primaryimage\"},\"thumbnailUrl\":\"https:\\\/\\\/xactskateshop.com\\\/wp-content\\\/uploads\\\/2021\\\/06\\\/Lifer_BlackMatte_34.jpg\",\"datePublished\":\"2021-06-26T17:49:20+00:00\",\"dateModified\":\"2025-10-18T17:55:13+00:00\",\"breadcrumb\":{\"@id\":\"https:\\\/\\\/xactskateshop.com\\\/fr\\\/produit\\\/casque-s1-lifer-couleurs-mates\\\/#breadcrumb\"},\"inLanguage\":\"fr-FR\",\"potentialAction\":[{\"@type\":\"ReadAction\",\"target\":[\"https:\\\/\\\/xactskateshop.com\\\/fr\\\/produit\\\/casque-s1-lifer-couleurs-mates\\\/\"]}]},{\"@type\":\"ImageObject\",\"inLanguage\":\"fr-FR\",\"@id\":\"https:\\\/\\\/xactskateshop.com\\\/fr\\\/produit\\\/casque-s1-lifer-couleurs-mates\\\/#primaryimage\",\"url\":\"https:\\\/\\\/xactskateshop.com\\\/wp-content\\\/uploads\\\/2021\\\/06\\\/Lifer_BlackMatte_34.jpg\",\"contentUrl\":\"https:\\\/\\\/xactskateshop.com\\\/wp-content\\\/uploads\\\/2021\\\/06\\\/Lifer_BlackMatte_34.jpg\",\"width\":1000,\"height\":1000},{\"@type\":\"BreadcrumbList\",\"@id\":\"https:\\\/\\\/xactskateshop.com\\\/fr\\\/produit\\\/casque-s1-lifer-couleurs-mates\\\/#breadcrumb\",\"itemListElement\":[{\"@type\":\"ListItem\",\"position\":1,\"name\":\"Home\",\"item\":\"https:\\\/\\\/xactskateshop.com\\\/fr\\\/accueil\\\/\"},{\"@type\":\"ListItem\",\"position\":2,\"name\":\"Boutique\",\"item\":\"https:\\\/\\\/xactskateshop.com\\\/shop\\\/\"},{\"@type\":\"ListItem\",\"position\":3,\"name\":\"Casque S1 LIFER\"}]},{\"@type\":\"WebSite\",\"@id\":\"http:\\\/\\\/xactskateshop.com\\\/fr\\\/#website\",\"url\":\"http:\\\/\\\/xactskateshop.com\\\/fr\\\/\",\"name\":\"Xact Skate Shop\",\"description\":\"Un site utilisant WordPress\",\"publisher\":{\"@id\":\"http:\\\/\\\/xactskateshop.com\\\/fr\\\/#organization\"},\"potentialAction\":[{\"@type\":\"SearchAction\",\"target\":{\"@type\":\"EntryPoint\",\"urlTemplate\":\"http:\\\/\\\/xactskateshop.com\\\/fr\\\/?s={search_term_string}\"},\"query-input\":{\"@type\":\"PropertyValueSpecification\",\"valueRequired\":true,\"valueName\":\"search_term_string\"}}],\"inLanguage\":\"fr-FR\"},{\"@type\":\"Organization\",\"@id\":\"http:\\\/\\\/xactskateshop.com\\\/fr\\\/#organization\",\"name\":\"XACT Skate Shop\",\"url\":\"http:\\\/\\\/xactskateshop.com\\\/fr\\\/\",\"logo\":{\"@type\":\"ImageObject\",\"inLanguage\":\"fr-FR\",\"@id\":\"http:\\\/\\\/xactskateshop.com\\\/fr\\\/#\\\/schema\\\/logo\\\/image\\\/\",\"url\":\"http:\\\/\\\/xactskateshop.com\\\/wp-content\\\/uploads\\\/2024\\\/04\\\/xactskateshop-dot-com-avec-contour-noir-sans-fond-675x.jpg\",\"contentUrl\":\"http:\\\/\\\/xactskateshop.com\\\/wp-content\\\/uploads\\\/2024\\\/04\\\/xactskateshop-dot-com-avec-contour-noir-sans-fond-675x.jpg\",\"width\":675,\"height\":247,\"caption\":\"XACT Skate Shop\"},\"image\":{\"@id\":\"http:\\\/\\\/xactskateshop.com\\\/fr\\\/#\\\/schema\\\/logo\\\/image\\\/\"},\"sameAs\":[\"https:\\\/\\\/www.facebook.com\\\/JeanLouiskateshop\"]}]}<\/script>\n<!-- \/ Yoast SEO plugin. -->","yoast_head_json":{"title":"Casque S1 LIFER - Xact Skate Shop","robots":{"index":"index","follow":"follow","max-snippet":"max-snippet:-1","max-image-preview":"max-image-preview:large","max-video-preview":"max-video-preview:-1"},"canonical":"https:\/\/xactskateshop.com\/fr\/produit\/casque-s1-lifer-couleurs-mates\/","og_locale":"fr_FR","og_type":"article","og_title":"Casque S1 LIFER - Xact Skate Shop","og_description":"Le casque S1 Lifer est l'un des casques les mieux adapt\u00e9s et les plus s\u00fbrs pour le skateboard, le longboard, le BMX, la trottinette, le roller et le roller derby. Le Lifer Helmet utilise une mousse EPS Fusion Foam sp\u00e9cialement formul\u00e9e pour prot\u00e9ger votre t\u00eate contre les impacts multiples, qu'ils soient faibles ou forts. Le casque Lifer est un casque certifi\u00e9 \"multi-impact\" et est jusqu'\u00e0 5 fois plus protecteur que les casques non certifi\u00e9s en mousse souple. Le casque Lifer est un mod\u00e8le r\u00e9volutionnaire qui combine la s\u00e9curit\u00e9 accrue d'un casque certifi\u00e9 CPSC et ASTM avec le confort et l'ajustement d'un casque non certifi\u00e9. Le casque S1 Lifer est le casque \u00e0 impact \u00e9lev\u00e9 et \u00e0 impacts multiples le mieux adapt\u00e9 sur le march\u00e9.","og_url":"https:\/\/xactskateshop.com\/fr\/produit\/casque-s1-lifer-couleurs-mates\/","og_site_name":"Xact Skate Shop","article_publisher":"https:\/\/www.facebook.com\/JeanLouiskateshop","article_modified_time":"2025-10-18T17:55:13+00:00","og_image":[{"width":1000,"height":1000,"url":"https:\/\/xactskateshop.com\/wp-content\/uploads\/2021\/06\/Lifer_BlackMatte_34.jpg","type":"image\/jpeg"}],"twitter_card":"summary_large_image","twitter_misc":{"Dur\u00e9e de lecture estim\u00e9e":"2 minutes"},"schema":{"@context":"https:\/\/schema.org","@graph":[{"@type":"WebPage","@id":"https:\/\/xactskateshop.com\/fr\/produit\/casque-s1-lifer-couleurs-mates\/","url":"https:\/\/xactskateshop.com\/fr\/produit\/casque-s1-lifer-couleurs-mates\/","name":"Casque S1 LIFER - Xact Skate Shop","isPartOf":{"@id":"http:\/\/xactskateshop.com\/fr\/#website"},"primaryImageOfPage":{"@id":"https:\/\/xactskateshop.com\/fr\/produit\/casque-s1-lifer-couleurs-mates\/#primaryimage"},"image":{"@id":"https:\/\/xactskateshop.com\/fr\/produit\/casque-s1-lifer-couleurs-mates\/#primaryimage"},"thumbnailUrl":"https:\/\/xactskateshop.com\/wp-content\/uploads\/2021\/06\/Lifer_BlackMatte_34.jpg","datePublished":"2021-06-26T17:49:20+00:00","dateModified":"2025-10-18T17:55:13+00:00","breadcrumb":{"@id":"https:\/\/xactskateshop.com\/fr\/produit\/casque-s1-lifer-couleurs-mates\/#breadcrumb"},"inLanguage":"fr-FR","potentialAction":[{"@type":"ReadAction","target":["https:\/\/xactskateshop.com\/fr\/produit\/casque-s1-lifer-couleurs-mates\/"]}]},{"@type":"ImageObject","inLanguage":"fr-FR","@id":"https:\/\/xactskateshop.com\/fr\/produit\/casque-s1-lifer-couleurs-mates\/#primaryimage","url":"https:\/\/xactskateshop.com\/wp-content\/uploads\/2021\/06\/Lifer_BlackMatte_34.jpg","contentUrl":"https:\/\/xactskateshop.com\/wp-content\/uploads\/2021\/06\/Lifer_BlackMatte_34.jpg","width":1000,"height":1000},{"@type":"BreadcrumbList","@id":"https:\/\/xactskateshop.com\/fr\/produit\/casque-s1-lifer-couleurs-mates\/#breadcrumb","itemListElement":[{"@type":"ListItem","position":1,"name":"Home","item":"https:\/\/xactskateshop.com\/fr\/accueil\/"},{"@type":"ListItem","position":2,"name":"Boutique","item":"https:\/\/xactskateshop.com\/shop\/"},{"@type":"ListItem","position":3,"name":"Casque S1 LIFER"}]},{"@type":"WebSite","@id":"http:\/\/xactskateshop.com\/fr\/#website","url":"http:\/\/xactskateshop.com\/fr\/","name":"Xact Skate Shop","description":"Un site utilisant WordPress","publisher":{"@id":"http:\/\/xactskateshop.com\/fr\/#organization"},"potentialAction":[{"@type":"SearchAction","target":{"@type":"EntryPoint","urlTemplate":"http:\/\/xactskateshop.com\/fr\/?s={search_term_string}"},"query-input":{"@type":"PropertyValueSpecification","valueRequired":true,"valueName":"search_term_string"}}],"inLanguage":"fr-FR"},{"@type":"Organization","@id":"http:\/\/xactskateshop.com\/fr\/#organization","name":"XACT Skate Shop","url":"http:\/\/xactskateshop.com\/fr\/","logo":{"@type":"ImageObject","inLanguage":"fr-FR","@id":"http:\/\/xactskateshop.com\/fr\/#\/schema\/logo\/image\/","url":"http:\/\/xactskateshop.com\/wp-content\/uploads\/2024\/04\/xactskateshop-dot-com-avec-contour-noir-sans-fond-675x.jpg","contentUrl":"http:\/\/xactskateshop.com\/wp-content\/uploads\/2024\/04\/xactskateshop-dot-com-avec-contour-noir-sans-fond-675x.jpg","width":675,"height":247,"caption":"XACT Skate Shop"},"image":{"@id":"http:\/\/xactskateshop.com\/fr\/#\/schema\/logo\/image\/"},"sameAs":["https:\/\/www.facebook.com\/JeanLouiskateshop"]}]}},"_links":{"self":[{"href":"https:\/\/xactskateshop.com\/fr\/wp-json\/wp\/v2\/product\/59107","targetHints":{"allow":["GET"]}}],"collection":[{"href":"https:\/\/xactskateshop.com\/fr\/wp-json\/wp\/v2\/product"}],"about":[{"href":"https:\/\/xactskateshop.com\/fr\/wp-json\/wp\/v2\/types\/product"}],"replies":[{"embeddable":true,"href":"https:\/\/xactskateshop.com\/fr\/wp-json\/wp\/v2\/comments?post=59107"}],"wp:featuredmedia":[{"embeddable":true,"href":"https:\/\/xactskateshop.com\/fr\/wp-json\/wp\/v2\/media\/29251"}],"wp:attachment":[{"href":"https:\/\/xactskateshop.com\/fr\/wp-json\/wp\/v2\/media?parent=59107"}],"wp:term":[{"taxonomy":"product_brand","embeddable":true,"href":"https:\/\/xactskateshop.com\/fr\/wp-json\/wp\/v2\/product_brand?post=59107"},{"taxonomy":"product_cat","embeddable":true,"href":"https:\/\/xactskateshop.com\/fr\/wp-json\/wp\/v2\/product_cat?post=59107"},{"taxonomy":"product_tag","embeddable":true,"href":"https:\/\/xactskateshop.com\/fr\/wp-json\/wp\/v2\/product_tag?post=59107"}],"curies":[{"name":"wp","href":"https:\/\/api.w.org\/{rel}","templated":true}]}}