{"id":59091,"date":"2021-06-26T13:02:34","date_gmt":"2021-06-26T17:02:34","guid":{"rendered":"http:\/\/xactskateshop.com\/product\/boa-k2-marlee\/"},"modified":"2021-06-26T13:02:34","modified_gmt":"2021-06-26T17:02:34","slug":"boa-k2-marlee","status":"publish","type":"product","link":"https:\/\/xactskateshop.com\/fr\/produit\/boa-k2-marlee\/","title":{"rendered":"Boa K2 MARLEE"},"content":{"rendered":"<p>Les patins \u00e0 roues align\u00e9es pour enfants Marlee BOA\u00ae sont parfaits pour les jeunes patineurs que vous voulez voir exceller dans ce sport et que vous souhaitez voir patiner pendant des ann\u00e9es. Gr\u00e2ce \u00e0 la fonction unique Five Size Adjustability, ces patins peuvent \u00eatre agrandis pour grandir avec le pied de votre enfant. La manchette Stability Plus offre un soutien exceptionnel tandis que le BOA\u00ae Fit System vous permettra de les lacer et d&#8217;\u00eatre pr\u00eat \u00e0 rouler en un rien de temps. Le cadre F.B.I. absorbe les vibrations de la route et facilite l&#8217;acclimatation du jeune patineur au sport.   <\/p>\n<div class=\"size-chart-description\" data-v-65e682ee=\"\">\n<p><strong>Tableau des tailles de patins pour jeunes<\/strong><\/p>\n<\/div>\n<table data-v-65e682ee=\"\">\n<thead data-v-65e682ee=\"\">\n<tr data-v-65e682ee=\"\">\n<th data-v-65e682ee=\"\">Taille de patin\/ Taille de chaussure US<\/th>\n<th data-v-65e682ee=\"\">Pointure UK<\/th>\n<th data-v-65e682ee=\"\">Pointure europ\u00e9enne<\/th>\n<th data-v-65e682ee=\"\">Longueur du pied (in)<\/th>\n<th data-v-65e682ee=\"\">Longueur du pied (cm)<\/th>\n<\/tr>\n<\/thead>\n<tbody data-v-65e682ee=\"\">\n<tr data-v-65e682ee=\"\">\n<td class=\"\" data-v-65e682ee=\"\"><span class=\"mobile-text\" data-v-65e682ee=\"\">11 &#8211; 2<\/span><\/td>\n<td class=\"\" data-v-65e682ee=\"\"><span class=\"mobile-text\" data-v-65e682ee=\"\">10 &#8211; 1<\/span><\/td>\n<td class=\"\" data-v-65e682ee=\"\"><span class=\"mobile-text\" data-v-65e682ee=\"\">29 &#8211; 34<\/span><\/td>\n<td class=\"\" data-v-65e682ee=\"\"><span class=\"mobile-text\" data-v-65e682ee=\"\">6.69 &#8211; 8.07<\/span><\/td>\n<td class=\"\" data-v-65e682ee=\"\"><span class=\"mobile-text\" data-v-65e682ee=\"\">17 &#8211; 20.5<\/span><\/td>\n<\/tr>\n<tr data-v-65e682ee=\"\">\n<td class=\"\" data-v-65e682ee=\"\"><span class=\"mobile-text\" data-v-65e682ee=\"\">1 &#8211; 5<\/span><\/td>\n<td class=\"\" data-v-65e682ee=\"\"><span class=\"mobile-text\" data-v-65e682ee=\"\">13 &#8211; 4<\/span><\/td>\n<td class=\"\" data-v-65e682ee=\"\"><span class=\"mobile-text\" data-v-65e682ee=\"\">32 &#8211; 37<\/span><\/td>\n<td class=\"\" data-v-65e682ee=\"\"><span class=\"mobile-text\" data-v-65e682ee=\"\">7.68 &#8211; 9.06<\/span><\/td>\n<td class=\"\" data-v-65e682ee=\"\"><span class=\"mobile-text\" data-v-65e682ee=\"\">19.5 &#8211; 23<\/span><\/td>\n<\/tr>\n<tr data-v-65e682ee=\"\">\n<td class=\"\" data-v-65e682ee=\"\"><span class=\"mobile-text\" data-v-65e682ee=\"\">4 &#8211; 8<\/span><\/td>\n<td class=\"\" data-v-65e682ee=\"\"><span class=\"mobile-text\" data-v-65e682ee=\"\">3 &#8211; 7<\/span><\/td>\n<td class=\"\" data-v-65e682ee=\"\"><span class=\"mobile-text\" data-v-65e682ee=\"\">35 &#8211; 40<\/span><\/td>\n<td class=\"\" data-v-65e682ee=\"\"><span class=\"mobile-text\" data-v-65e682ee=\"\">8.66 &#8211; 10.04<\/span><\/td>\n<td class=\"\" data-v-65e682ee=\"\"><span class=\"mobile-text\" data-v-65e682ee=\"\">22 &#8211; 25.5<\/span><\/td>\n<\/tr>\n<\/tbody>\n<\/table>\n<div class=\"list-group\" data-v-6bf92d32=\"\">\n<h4 data-v-6bf92d32=\"\">TAILLE<\/h4>\n<p>11-2,1-5 <span class=\"comma\" data-v-6bf92d32=\"\">,<\/span>4-8<\/p>\n<\/div>\n<div data-v-6bf92d32=\"\">\n<h4 data-v-6bf92d32=\"\">ROULEMENTS DE PATINS<\/h4>\n<p data-v-6bf92d32=\"\"><span class=\"array-item\" data-v-6bf92d32=\"\">ABEC 3<\/span><\/p>\n<\/div>\n<div data-v-6bf92d32=\"\">\n<h4 data-v-6bf92d32=\"\">TAPIS DE PATINAGE<\/h4>\n<p data-v-6bf92d32=\"\"><span class=\"array-item\" data-v-6bf92d32=\"\">Brassard Stability Plus<\/span><\/p>\n<\/div>\n<div data-v-6bf92d32=\"\">\n<h4 data-v-6bf92d32=\"\">CAT\u00c9GORIE DE PATINAGE<\/h4>\n<p data-v-6bf92d32=\"\"><span class=\"array-item\" data-v-6bf92d32=\"\">La jeunesse<\/span><\/p>\n<\/div>\n<div data-v-6bf92d32=\"\">\n<h4 data-v-6bf92d32=\"\">CADRE DE PATINAGE<\/h4>\n<p data-v-6bf92d32=\"\"><span class=\"array-item\" data-v-6bf92d32=\"\">Cadre FBI<\/span><\/p>\n<\/div>\n<div data-v-6bf92d32=\"\">\n<h4 data-v-6bf92d32=\"\">TAILLE DES ROUES DE PATINS<\/h4>\n<p data-v-6bf92d32=\"\"><span class=\"array-item\" data-v-6bf92d32=\"\">72 mm<\/span><\/p>\n<\/div>\n<div data-v-6bf92d32=\"\">\n<h4 data-v-6bf92d32=\"\">LA\u00c7AGE DES PATINS<\/h4>\n<p data-v-6bf92d32=\"\"><span class=\"array-item\" data-v-6bf92d32=\"\">Syst\u00e8me BOA\u00ae Fit<\/span><\/p>\n<\/div>\n<div data-v-6bf92d32=\"\">\n<h4 data-v-6bf92d32=\"\">CARACT\u00c9RISTIQUES DE LA PATINOIRE<\/h4>\n<p data-v-6bf92d32=\"\"><span class=\"array-item\" data-v-6bf92d32=\"\">5 Taille ajustable<span class=\"comma\" data-v-6bf92d32=\"\">,<\/span><\/span><span class=\"array-item\" data-v-6bf92d32=\"\">Le syst\u00e8me BOA\u00ae Fit<\/span><\/p>\n<div class=\"tech-entry\" data-v-6bf92d32=\"\">\n<h4 class=\"title-border\" data-v-6bf92d32=\"\">5 TAILLES EXTENSIBLES :<\/h4>\n<div data-v-6bf92d32=\"\">\n<p>Chaque patin s&#8217;agrandit 5 tailles individuelles par patin<\/p>\n<\/div>\n<\/div>\n<div class=\"tech-entry\" data-v-6bf92d32=\"\">\n<h4 class=\"title-border\" data-v-6bf92d32=\"\">SYST\u00c8ME BOA\u00ae FIT :<\/h4>\n<div data-v-6bf92d32=\"\">\n<p>Le BOA\u00ae Fit System offre un ajustement rapide, sans effort et pr\u00e9cis.<\/p>\n<p>Voir d&#8217;autres mod\u00e8les <a href=\"http:\/\/xactskateshop.com\/product-category\/recrational-skating\/recreational-inline-skates\/\">ici<\/a><\/p>\n<\/div>\n<\/div>\n<p data-v-6bf92d32=\"\">Pour en savoir plus sur K2 <a href=\"https:\/\/k2skates.com\/fr-ca\">, cliquez ici<\/a><\/p>\n<\/div>\n","protected":false},"excerpt":{"rendered":"<p>Les patins \u00e0 roues align\u00e9es pour enfants Marlee BOA\u00ae sont parfaits pour les jeunes patineurs que vous voulez voir exceller dans ce sport et que vous souhaitez voir patiner pendant des ann\u00e9es. Gr\u00e2ce \u00e0 la fonction unique Five Size Adjustability, ces patins peuvent \u00eatre agrandis pour grandir avec le pied de votre enfant. La manchette Stability Plus offre un soutien exceptionnel tandis que le BOA\u00ae Fit System vous permettra de les lacer et d&#8217;\u00eatre pr\u00eat \u00e0 rouler en un rien de temps. Le cadre F.B.I. absorbe les vibrations de la route et facilite l&#8217;acclimatation du jeune patineur au sport.   <\/p>\n<p>&nbsp;<\/p>\n<p>&nbsp;<\/p>\n","protected":false},"featured_media":38946,"comment_status":"closed","ping_status":"closed","template":"","meta":{"site-sidebar-layout":"default","site-content-layout":"default","ast-site-content-layout":"default","site-content-style":"default","site-sidebar-style":"default","ast-global-header-display":"","ast-banner-title-visibility":"","ast-main-header-display":"","ast-hfb-above-header-display":"","ast-hfb-below-header-display":"","ast-hfb-mobile-header-display":"","site-post-title":"","ast-breadcrumbs-content":"","ast-featured-img":"","footer-sml-layout":"","theme-transparent-header-meta":"default","adv-header-id-meta":"","stick-header-meta":"","header-above-stick-meta":"","header-main-stick-meta":"","header-below-stick-meta":"","astra-migrate-meta-layouts":"default","ast-page-background-enabled":"default","ast-page-background-meta":{"desktop":{"background-color":"","background-image":"","background-repeat":"repeat","background-position":"center center","background-size":"auto","background-attachment":"scroll","background-type":"","background-media":"","overlay-type":"","overlay-color":"","overlay-opacity":"","overlay-gradient":""},"tablet":{"background-color":"","background-image":"","background-repeat":"repeat","background-position":"center center","background-size":"auto","background-attachment":"scroll","background-type":"","background-media":"","overlay-type":"","overlay-color":"","overlay-opacity":"","overlay-gradient":""},"mobile":{"background-color":"","background-image":"","background-repeat":"repeat","background-position":"center center","background-size":"auto","background-attachment":"scroll","background-type":"","background-media":"","overlay-type":"","overlay-color":"","overlay-opacity":"","overlay-gradient":""}},"ast-content-background-meta":{"desktop":{"background-color":"var(--ast-global-color-5)","background-image":"","background-repeat":"repeat","background-position":"center center","background-size":"auto","background-attachment":"scroll","background-type":"","background-media":"","overlay-type":"","overlay-color":"","overlay-opacity":"","overlay-gradient":""},"tablet":{"background-color":"var(--ast-global-color-5)","background-image":"","background-repeat":"repeat","background-position":"center center","background-size":"auto","background-attachment":"scroll","background-type":"","background-media":"","overlay-type":"","overlay-color":"","overlay-opacity":"","overlay-gradient":""},"mobile":{"background-color":"var(--ast-global-color-5)","background-image":"","background-repeat":"repeat","background-position":"center center","background-size":"auto","background-attachment":"scroll","background-type":"","background-media":"","overlay-type":"","overlay-color":"","overlay-opacity":"","overlay-gradient":""}}},"product_brand":[],"product_cat":[1661],"product_tag":[],"class_list":{"0":"post-59091","1":"product","2":"type-product","3":"status-publish","4":"has-post-thumbnail","6":"product_cat-patins-a-roues-alignees-de-loisir","7":"desktop-align-center","8":"tablet-align-center","9":"mobile-align-center","10":"ast-product-gallery-layout-horizontal","11":"ast-product-single-variable","12":"ast-product-tabs-layout-horizontal","13":"ast-qv-on-image","15":"first","16":"instock","17":"taxable","18":"shipping-taxable","19":"purchasable","20":"product-type-variable"},"bundled_by":[],"bundle_stock_status":"instock","bundle_stock_quantity":null,"bundle_virtual":false,"bundle_layout":"","bundle_add_to_cart_form_location":"","bundle_editable_in_cart":false,"bundle_sold_individually_context":"","bundle_item_grouping":"","bundle_min_size":"","bundle_max_size":"","bundle_price":[],"bundled_items":[],"bundle_sell_ids":[],"yoast_head":"<!-- This site is optimized with the Yoast SEO plugin v27.4 - https:\/\/yoast.com\/product\/yoast-seo-wordpress\/ -->\n<title>K2 Marlee BOA - %.<\/title>\n<meta name=\"description\" content=\"K2 Marlee BOA. Gr\u00e2ce \u00e0 la fonction unique d&#039;ajustement en cinq tailles, ces patins peuvent \u00eatre agrandis pour grandir avec le pied de votre enfant.\" \/>\n<meta name=\"robots\" content=\"index, follow, max-snippet:-1, max-image-preview:large, max-video-preview:-1\" \/>\n<link rel=\"canonical\" href=\"https:\/\/xactskateshop.com\/fr\/produit\/boa-k2-marlee\/\" \/>\n<meta property=\"og:locale\" content=\"fr_FR\" \/>\n<meta property=\"og:type\" content=\"article\" \/>\n<meta property=\"og:title\" content=\"K2 Marlee BOA - %.\" \/>\n<meta property=\"og:description\" content=\"K2 Marlee BOA. Gr\u00e2ce \u00e0 la fonction unique d&#039;ajustement en cinq tailles, ces patins peuvent \u00eatre agrandis pour grandir avec le pied de votre enfant.\" \/>\n<meta property=\"og:url\" content=\"https:\/\/xactskateshop.com\/fr\/produit\/boa-k2-marlee\/\" \/>\n<meta property=\"og:site_name\" content=\"Xact Skate Shop\" \/>\n<meta property=\"article:publisher\" content=\"https:\/\/www.facebook.com\/JeanLouiskateshop\" \/>\n<meta property=\"og:image\" content=\"https:\/\/xactskateshop.com\/wp-content\/uploads\/2021\/06\/S22_K2SKATE_MARLEE_BOA_02-1.png\" \/>\n\t<meta property=\"og:image:width\" content=\"1000\" \/>\n\t<meta property=\"og:image:height\" content=\"1000\" \/>\n\t<meta property=\"og:image:type\" content=\"image\/png\" \/>\n<meta name=\"twitter:card\" content=\"summary_large_image\" \/>\n<meta name=\"twitter:label1\" content=\"Dur\u00e9e de lecture estim\u00e9e\" \/>\n\t<meta name=\"twitter:data1\" content=\"1 minute\" \/>\n<script type=\"application\/ld+json\" class=\"yoast-schema-graph\">{\"@context\":\"https:\\\/\\\/schema.org\",\"@graph\":[{\"@type\":\"WebPage\",\"@id\":\"https:\\\/\\\/xactskateshop.com\\\/fr\\\/produit\\\/boa-k2-marlee\\\/\",\"url\":\"https:\\\/\\\/xactskateshop.com\\\/fr\\\/produit\\\/boa-k2-marlee\\\/\",\"name\":\"K2 Marlee BOA - %.\",\"isPartOf\":{\"@id\":\"http:\\\/\\\/xactskateshop.com\\\/fr\\\/#website\"},\"primaryImageOfPage\":{\"@id\":\"https:\\\/\\\/xactskateshop.com\\\/fr\\\/produit\\\/boa-k2-marlee\\\/#primaryimage\"},\"image\":{\"@id\":\"https:\\\/\\\/xactskateshop.com\\\/fr\\\/produit\\\/boa-k2-marlee\\\/#primaryimage\"},\"thumbnailUrl\":\"https:\\\/\\\/xactskateshop.com\\\/wp-content\\\/uploads\\\/2021\\\/06\\\/S22_K2SKATE_MARLEE_BOA_02-1.png\",\"datePublished\":\"2021-06-26T17:02:34+00:00\",\"description\":\"K2 Marlee BOA. Gr\u00e2ce \u00e0 la fonction unique d'ajustement en cinq tailles, ces patins peuvent \u00eatre agrandis pour grandir avec le pied de votre enfant.\",\"breadcrumb\":{\"@id\":\"https:\\\/\\\/xactskateshop.com\\\/fr\\\/produit\\\/boa-k2-marlee\\\/#breadcrumb\"},\"inLanguage\":\"fr-FR\",\"potentialAction\":[{\"@type\":\"ReadAction\",\"target\":[\"https:\\\/\\\/xactskateshop.com\\\/fr\\\/produit\\\/boa-k2-marlee\\\/\"]}]},{\"@type\":\"ImageObject\",\"inLanguage\":\"fr-FR\",\"@id\":\"https:\\\/\\\/xactskateshop.com\\\/fr\\\/produit\\\/boa-k2-marlee\\\/#primaryimage\",\"url\":\"https:\\\/\\\/xactskateshop.com\\\/wp-content\\\/uploads\\\/2021\\\/06\\\/S22_K2SKATE_MARLEE_BOA_02-1.png\",\"contentUrl\":\"https:\\\/\\\/xactskateshop.com\\\/wp-content\\\/uploads\\\/2021\\\/06\\\/S22_K2SKATE_MARLEE_BOA_02-1.png\",\"width\":1000,\"height\":1000,\"caption\":\"K2 Marlee BOA\"},{\"@type\":\"BreadcrumbList\",\"@id\":\"https:\\\/\\\/xactskateshop.com\\\/fr\\\/produit\\\/boa-k2-marlee\\\/#breadcrumb\",\"itemListElement\":[{\"@type\":\"ListItem\",\"position\":1,\"name\":\"Home\",\"item\":\"https:\\\/\\\/xactskateshop.com\\\/fr\\\/accueil\\\/\"},{\"@type\":\"ListItem\",\"position\":2,\"name\":\"Boutique\",\"item\":\"https:\\\/\\\/xactskateshop.com\\\/shop\\\/\"},{\"@type\":\"ListItem\",\"position\":3,\"name\":\"Boa K2 MARLEE\"}]},{\"@type\":\"WebSite\",\"@id\":\"http:\\\/\\\/xactskateshop.com\\\/fr\\\/#website\",\"url\":\"http:\\\/\\\/xactskateshop.com\\\/fr\\\/\",\"name\":\"Xact Skate Shop\",\"description\":\"Un site utilisant WordPress\",\"publisher\":{\"@id\":\"http:\\\/\\\/xactskateshop.com\\\/fr\\\/#organization\"},\"potentialAction\":[{\"@type\":\"SearchAction\",\"target\":{\"@type\":\"EntryPoint\",\"urlTemplate\":\"http:\\\/\\\/xactskateshop.com\\\/fr\\\/?s={search_term_string}\"},\"query-input\":{\"@type\":\"PropertyValueSpecification\",\"valueRequired\":true,\"valueName\":\"search_term_string\"}}],\"inLanguage\":\"fr-FR\"},{\"@type\":\"Organization\",\"@id\":\"http:\\\/\\\/xactskateshop.com\\\/fr\\\/#organization\",\"name\":\"XACT Skate Shop\",\"url\":\"http:\\\/\\\/xactskateshop.com\\\/fr\\\/\",\"logo\":{\"@type\":\"ImageObject\",\"inLanguage\":\"fr-FR\",\"@id\":\"http:\\\/\\\/xactskateshop.com\\\/fr\\\/#\\\/schema\\\/logo\\\/image\\\/\",\"url\":\"http:\\\/\\\/xactskateshop.com\\\/wp-content\\\/uploads\\\/2024\\\/04\\\/xactskateshop-dot-com-avec-contour-noir-sans-fond-675x.jpg\",\"contentUrl\":\"http:\\\/\\\/xactskateshop.com\\\/wp-content\\\/uploads\\\/2024\\\/04\\\/xactskateshop-dot-com-avec-contour-noir-sans-fond-675x.jpg\",\"width\":675,\"height\":247,\"caption\":\"XACT Skate Shop\"},\"image\":{\"@id\":\"http:\\\/\\\/xactskateshop.com\\\/fr\\\/#\\\/schema\\\/logo\\\/image\\\/\"},\"sameAs\":[\"https:\\\/\\\/www.facebook.com\\\/JeanLouiskateshop\"]}]}<\/script>\n<!-- \/ Yoast SEO plugin. -->","yoast_head_json":{"title":"K2 Marlee BOA - %.","description":"K2 Marlee BOA. Gr\u00e2ce \u00e0 la fonction unique d'ajustement en cinq tailles, ces patins peuvent \u00eatre agrandis pour grandir avec le pied de votre enfant.","robots":{"index":"index","follow":"follow","max-snippet":"max-snippet:-1","max-image-preview":"max-image-preview:large","max-video-preview":"max-video-preview:-1"},"canonical":"https:\/\/xactskateshop.com\/fr\/produit\/boa-k2-marlee\/","og_locale":"fr_FR","og_type":"article","og_title":"K2 Marlee BOA - %.","og_description":"K2 Marlee BOA. Gr\u00e2ce \u00e0 la fonction unique d'ajustement en cinq tailles, ces patins peuvent \u00eatre agrandis pour grandir avec le pied de votre enfant.","og_url":"https:\/\/xactskateshop.com\/fr\/produit\/boa-k2-marlee\/","og_site_name":"Xact Skate Shop","article_publisher":"https:\/\/www.facebook.com\/JeanLouiskateshop","og_image":[{"width":1000,"height":1000,"url":"https:\/\/xactskateshop.com\/wp-content\/uploads\/2021\/06\/S22_K2SKATE_MARLEE_BOA_02-1.png","type":"image\/png"}],"twitter_card":"summary_large_image","twitter_misc":{"Dur\u00e9e de lecture estim\u00e9e":"1 minute"},"schema":{"@context":"https:\/\/schema.org","@graph":[{"@type":"WebPage","@id":"https:\/\/xactskateshop.com\/fr\/produit\/boa-k2-marlee\/","url":"https:\/\/xactskateshop.com\/fr\/produit\/boa-k2-marlee\/","name":"K2 Marlee BOA - %.","isPartOf":{"@id":"http:\/\/xactskateshop.com\/fr\/#website"},"primaryImageOfPage":{"@id":"https:\/\/xactskateshop.com\/fr\/produit\/boa-k2-marlee\/#primaryimage"},"image":{"@id":"https:\/\/xactskateshop.com\/fr\/produit\/boa-k2-marlee\/#primaryimage"},"thumbnailUrl":"https:\/\/xactskateshop.com\/wp-content\/uploads\/2021\/06\/S22_K2SKATE_MARLEE_BOA_02-1.png","datePublished":"2021-06-26T17:02:34+00:00","description":"K2 Marlee BOA. Gr\u00e2ce \u00e0 la fonction unique d'ajustement en cinq tailles, ces patins peuvent \u00eatre agrandis pour grandir avec le pied de votre enfant.","breadcrumb":{"@id":"https:\/\/xactskateshop.com\/fr\/produit\/boa-k2-marlee\/#breadcrumb"},"inLanguage":"fr-FR","potentialAction":[{"@type":"ReadAction","target":["https:\/\/xactskateshop.com\/fr\/produit\/boa-k2-marlee\/"]}]},{"@type":"ImageObject","inLanguage":"fr-FR","@id":"https:\/\/xactskateshop.com\/fr\/produit\/boa-k2-marlee\/#primaryimage","url":"https:\/\/xactskateshop.com\/wp-content\/uploads\/2021\/06\/S22_K2SKATE_MARLEE_BOA_02-1.png","contentUrl":"https:\/\/xactskateshop.com\/wp-content\/uploads\/2021\/06\/S22_K2SKATE_MARLEE_BOA_02-1.png","width":1000,"height":1000,"caption":"K2 Marlee BOA"},{"@type":"BreadcrumbList","@id":"https:\/\/xactskateshop.com\/fr\/produit\/boa-k2-marlee\/#breadcrumb","itemListElement":[{"@type":"ListItem","position":1,"name":"Home","item":"https:\/\/xactskateshop.com\/fr\/accueil\/"},{"@type":"ListItem","position":2,"name":"Boutique","item":"https:\/\/xactskateshop.com\/shop\/"},{"@type":"ListItem","position":3,"name":"Boa K2 MARLEE"}]},{"@type":"WebSite","@id":"http:\/\/xactskateshop.com\/fr\/#website","url":"http:\/\/xactskateshop.com\/fr\/","name":"Xact Skate Shop","description":"Un site utilisant WordPress","publisher":{"@id":"http:\/\/xactskateshop.com\/fr\/#organization"},"potentialAction":[{"@type":"SearchAction","target":{"@type":"EntryPoint","urlTemplate":"http:\/\/xactskateshop.com\/fr\/?s={search_term_string}"},"query-input":{"@type":"PropertyValueSpecification","valueRequired":true,"valueName":"search_term_string"}}],"inLanguage":"fr-FR"},{"@type":"Organization","@id":"http:\/\/xactskateshop.com\/fr\/#organization","name":"XACT Skate Shop","url":"http:\/\/xactskateshop.com\/fr\/","logo":{"@type":"ImageObject","inLanguage":"fr-FR","@id":"http:\/\/xactskateshop.com\/fr\/#\/schema\/logo\/image\/","url":"http:\/\/xactskateshop.com\/wp-content\/uploads\/2024\/04\/xactskateshop-dot-com-avec-contour-noir-sans-fond-675x.jpg","contentUrl":"http:\/\/xactskateshop.com\/wp-content\/uploads\/2024\/04\/xactskateshop-dot-com-avec-contour-noir-sans-fond-675x.jpg","width":675,"height":247,"caption":"XACT Skate Shop"},"image":{"@id":"http:\/\/xactskateshop.com\/fr\/#\/schema\/logo\/image\/"},"sameAs":["https:\/\/www.facebook.com\/JeanLouiskateshop"]}]}},"_links":{"self":[{"href":"https:\/\/xactskateshop.com\/fr\/wp-json\/wp\/v2\/product\/59091","targetHints":{"allow":["GET"]}}],"collection":[{"href":"https:\/\/xactskateshop.com\/fr\/wp-json\/wp\/v2\/product"}],"about":[{"href":"https:\/\/xactskateshop.com\/fr\/wp-json\/wp\/v2\/types\/product"}],"replies":[{"embeddable":true,"href":"https:\/\/xactskateshop.com\/fr\/wp-json\/wp\/v2\/comments?post=59091"}],"wp:featuredmedia":[{"embeddable":true,"href":"https:\/\/xactskateshop.com\/fr\/wp-json\/wp\/v2\/media\/38946"}],"wp:attachment":[{"href":"https:\/\/xactskateshop.com\/fr\/wp-json\/wp\/v2\/media?parent=59091"}],"wp:term":[{"taxonomy":"product_brand","embeddable":true,"href":"https:\/\/xactskateshop.com\/fr\/wp-json\/wp\/v2\/product_brand?post=59091"},{"taxonomy":"product_cat","embeddable":true,"href":"https:\/\/xactskateshop.com\/fr\/wp-json\/wp\/v2\/product_cat?post=59091"},{"taxonomy":"product_tag","embeddable":true,"href":"https:\/\/xactskateshop.com\/fr\/wp-json\/wp\/v2\/product_tag?post=59091"}],"curies":[{"name":"wp","href":"https:\/\/api.w.org\/{rel}","templated":true}]}}