{"id":59050,"date":"2021-04-29T15:32:37","date_gmt":"2021-04-29T19:32:37","guid":{"rendered":"http:\/\/xactskateshop.com\/product\/bont-elemental-90mm-100mm-110mm-125mm-roue-de-patin-a-roues-alignees\/"},"modified":"2021-04-29T15:32:37","modified_gmt":"2021-04-29T19:32:37","slug":"bont-elemental-90mm-100mm-110mm-125mm-roue-de-patin-a-roues-alignees","status":"publish","type":"product","link":"https:\/\/xactskateshop.com\/fr\/produit\/bont-elemental-90mm-100mm-110mm-125mm-roue-de-patin-a-roues-alignees\/","title":{"rendered":"BONT ELEMENTAL 90mm 100mm 110mm 125mm Roue de patin \u00e0 roues align\u00e9es"},"content":{"rendered":"<p>La roue de course de patinage en ligne Bont Elemental est notre roue de milieu de gamme. Elle offre un meilleur roulis, un meilleur rebond et une meilleure adh\u00e9rence que nos roues de la gamme G14-G16. <\/p>\n<ul>\n<li><strong>Application<\/strong>: Roue universelle convenant \u00e0 toutes les surfaces<\/li>\n<li><strong>Diam\u00e8tre :<\/strong> 90mm, 100mm, 110mm, 125mm<\/li>\n<li><strong>Duret\u00e9 :<\/strong> 85A<\/li>\n<li><strong>Taille du palier :<\/strong> 608<\/li>\n<\/ul>\n<p>La roue de course Bont Elemental Inline est disponible en 90mm, 100mm et 110mm de diam\u00e8tre. C&#8217;est une roue parfaite pour tous les types d&#8217;entra\u00eenements et de courses. Il peut \u00eatre utilis\u00e9 \u00e0 l&#8217;int\u00e9rieur et \u00e0 l&#8217;ext\u00e9rieur. Si vous cherchez \u00e0 acheter un volant de course qui en a pour votre argent, c&#8217;est celui qu&#8217;il vous faut. La duret\u00e9 des roues est de 85A, ce qui est bon pour les surfaces lisses \u00e0 moyennes. Il peut \u00e9galement \u00eatre utilis\u00e9 sur les pistes inclin\u00e9es.     <\/p>\n<p>Le moyeu ou le noyau de la roue est en plastique renforc\u00e9 de nylon. Il absorbe bien les chocs. L&#8217;ur\u00e9thane a de bonnes propri\u00e9t\u00e9s de rebond, d&#8217;usure et de roulement. Tout ce dont une bonne roue de roller a besoin. La chimie de cette roue en ligne a \u00e9t\u00e9 con\u00e7ue par Bont Skates \u00e0 Sydney, en Australie. Bont a plus de 45 ans d&#8217;exp\u00e9rience dans le d\u00e9veloppement de patins de vitesse.     <\/p>\n<p><strong><span lang=\"EN-US\">*Le prix s&#8217;entend par roue.  <\/span><\/strong><\/p>\n<p>Vous pouvez \u00e9galement les acheter <a href=\"https:\/\/bont.ca\/collections\/inline-skate-wheels\">ici<\/a><\/p>\n<p>Voir d&#8217;autres mod\u00e8les <a href=\"http:\/\/xactskateshop.com\/product-category\/inline-speed-skating\/inline-speed-skating-wheels\/\">ici<\/a><\/p>\n","protected":false},"excerpt":{"rendered":"<p>BONT Roue \u00e9l\u00e9mentaire<\/p>\n<p>La roue de course de patinage en ligne Bont Elemental est notre roue de milieu de gamme. Elle offre un meilleur roulis, un meilleur rebond et une meilleure adh\u00e9rence que nos roues de la gamme G14-G16. <\/p>\n","protected":false},"featured_media":28801,"comment_status":"closed","ping_status":"closed","template":"","meta":{"site-sidebar-layout":"default","site-content-layout":"default","ast-site-content-layout":"default","site-content-style":"default","site-sidebar-style":"default","ast-global-header-display":"","ast-banner-title-visibility":"","ast-main-header-display":"","ast-hfb-above-header-display":"","ast-hfb-below-header-display":"","ast-hfb-mobile-header-display":"","site-post-title":"","ast-breadcrumbs-content":"","ast-featured-img":"","footer-sml-layout":"","theme-transparent-header-meta":"default","adv-header-id-meta":"","stick-header-meta":"","header-above-stick-meta":"","header-main-stick-meta":"","header-below-stick-meta":"","astra-migrate-meta-layouts":"default","ast-page-background-enabled":"default","ast-page-background-meta":{"desktop":{"background-color":"","background-image":"","background-repeat":"repeat","background-position":"center center","background-size":"auto","background-attachment":"scroll","background-type":"","background-media":"","overlay-type":"","overlay-color":"","overlay-opacity":"","overlay-gradient":""},"tablet":{"background-color":"","background-image":"","background-repeat":"repeat","background-position":"center center","background-size":"auto","background-attachment":"scroll","background-type":"","background-media":"","overlay-type":"","overlay-color":"","overlay-opacity":"","overlay-gradient":""},"mobile":{"background-color":"","background-image":"","background-repeat":"repeat","background-position":"center center","background-size":"auto","background-attachment":"scroll","background-type":"","background-media":"","overlay-type":"","overlay-color":"","overlay-opacity":"","overlay-gradient":""}},"ast-content-background-meta":{"desktop":{"background-color":"var(--ast-global-color-5)","background-image":"","background-repeat":"repeat","background-position":"center center","background-size":"auto","background-attachment":"scroll","background-type":"","background-media":"","overlay-type":"","overlay-color":"","overlay-opacity":"","overlay-gradient":""},"tablet":{"background-color":"var(--ast-global-color-5)","background-image":"","background-repeat":"repeat","background-position":"center center","background-size":"auto","background-attachment":"scroll","background-type":"","background-media":"","overlay-type":"","overlay-color":"","overlay-opacity":"","overlay-gradient":""},"mobile":{"background-color":"var(--ast-global-color-5)","background-image":"","background-repeat":"repeat","background-position":"center center","background-size":"auto","background-attachment":"scroll","background-type":"","background-media":"","overlay-type":"","overlay-color":"","overlay-opacity":"","overlay-gradient":""}}},"product_brand":[],"product_cat":[1589,2020],"product_tag":[2022,2023,2024],"class_list":{"0":"post-59050","1":"product","2":"type-product","3":"status-publish","4":"has-post-thumbnail","6":"product_cat-patinage-de-vitesse-a-roues-alignees","7":"product_cat-roues-fr","8":"product_tag-roue-inline","9":"product_tag-roues-en-ligne-bont","10":"product_tag-roues-toutes-surfaces","11":"desktop-align-center","12":"tablet-align-center","13":"mobile-align-center","14":"ast-product-gallery-layout-horizontal","15":"ast-product-single-variable","16":"ast-product-tabs-layout-horizontal","17":"ast-qv-on-image","19":"first","20":"instock","21":"taxable","22":"shipping-taxable","23":"purchasable","24":"product-type-variable"},"bundled_by":[],"bundle_stock_status":"instock","bundle_stock_quantity":null,"bundle_virtual":false,"bundle_layout":"","bundle_add_to_cart_form_location":"","bundle_editable_in_cart":false,"bundle_sold_individually_context":"","bundle_item_grouping":"","bundle_min_size":"","bundle_max_size":"","bundle_price":[],"bundled_items":[],"bundle_sell_ids":[],"yoast_head":"<!-- This site is optimized with the Yoast SEO plugin v27.4 - https:\/\/yoast.com\/product\/yoast-seo-wordpress\/ -->\n<title>BONT Roue \u00e9l\u00e9mentaire %sepsiteame%%%.<\/title>\n<meta name=\"description\" content=\"La roue de course de patinage en ligne Bont Elemental est notre roue de milieu de gamme. Elle offre un meilleur roulis, un meilleur rebond et une meilleure adh\u00e9rence que nos roues de la gamme G14-G16.\" \/>\n<meta name=\"robots\" content=\"index, follow, max-snippet:-1, max-image-preview:large, max-video-preview:-1\" \/>\n<link rel=\"canonical\" href=\"https:\/\/xactskateshop.com\/fr\/produit\/bont-elemental-90mm-100mm-110mm-125mm-roue-de-patin-a-roues-alignees\/\" \/>\n<meta property=\"og:locale\" content=\"fr_FR\" \/>\n<meta property=\"og:type\" content=\"article\" \/>\n<meta property=\"og:title\" content=\"BONT Roue \u00e9l\u00e9mentaire %sepsiteame%%%.\" \/>\n<meta property=\"og:description\" content=\"La roue de course de patinage en ligne Bont Elemental est notre roue de milieu de gamme. Elle offre un meilleur roulis, un meilleur rebond et une meilleure adh\u00e9rence que nos roues de la gamme G14-G16.\" \/>\n<meta property=\"og:url\" content=\"https:\/\/xactskateshop.com\/fr\/produit\/bont-elemental-90mm-100mm-110mm-125mm-roue-de-patin-a-roues-alignees\/\" \/>\n<meta property=\"og:site_name\" content=\"Xact Skate Shop\" \/>\n<meta property=\"article:publisher\" content=\"https:\/\/www.facebook.com\/JeanLouiskateshop\" \/>\n<meta property=\"og:image\" content=\"https:\/\/xactskateshop.com\/wp-content\/uploads\/2021\/03\/Elemental-110mm-85A.jpg\" \/>\n\t<meta property=\"og:image:width\" content=\"1000\" \/>\n\t<meta property=\"og:image:height\" content=\"1000\" \/>\n\t<meta property=\"og:image:type\" content=\"image\/jpeg\" \/>\n<meta name=\"twitter:card\" content=\"summary_large_image\" \/>\n<meta name=\"twitter:label1\" content=\"Dur\u00e9e de lecture estim\u00e9e\" \/>\n\t<meta name=\"twitter:data1\" content=\"1 minute\" \/>\n<script type=\"application\/ld+json\" class=\"yoast-schema-graph\">{\"@context\":\"https:\\\/\\\/schema.org\",\"@graph\":[{\"@type\":\"WebPage\",\"@id\":\"https:\\\/\\\/xactskateshop.com\\\/fr\\\/produit\\\/bont-elemental-90mm-100mm-110mm-125mm-roue-de-patin-a-roues-alignees\\\/\",\"url\":\"https:\\\/\\\/xactskateshop.com\\\/fr\\\/produit\\\/bont-elemental-90mm-100mm-110mm-125mm-roue-de-patin-a-roues-alignees\\\/\",\"name\":\"BONT Roue \u00e9l\u00e9mentaire %sepsiteame%%%.\",\"isPartOf\":{\"@id\":\"http:\\\/\\\/xactskateshop.com\\\/fr\\\/#website\"},\"primaryImageOfPage\":{\"@id\":\"https:\\\/\\\/xactskateshop.com\\\/fr\\\/produit\\\/bont-elemental-90mm-100mm-110mm-125mm-roue-de-patin-a-roues-alignees\\\/#primaryimage\"},\"image\":{\"@id\":\"https:\\\/\\\/xactskateshop.com\\\/fr\\\/produit\\\/bont-elemental-90mm-100mm-110mm-125mm-roue-de-patin-a-roues-alignees\\\/#primaryimage\"},\"thumbnailUrl\":\"https:\\\/\\\/xactskateshop.com\\\/wp-content\\\/uploads\\\/2021\\\/03\\\/Elemental-110mm-85A.jpg\",\"datePublished\":\"2021-04-29T19:32:37+00:00\",\"description\":\"La roue de course de patinage en ligne Bont Elemental est notre roue de milieu de gamme. Elle offre un meilleur roulis, un meilleur rebond et une meilleure adh\u00e9rence que nos roues de la gamme G14-G16.\",\"breadcrumb\":{\"@id\":\"https:\\\/\\\/xactskateshop.com\\\/fr\\\/produit\\\/bont-elemental-90mm-100mm-110mm-125mm-roue-de-patin-a-roues-alignees\\\/#breadcrumb\"},\"inLanguage\":\"fr-FR\",\"potentialAction\":[{\"@type\":\"ReadAction\",\"target\":[\"https:\\\/\\\/xactskateshop.com\\\/fr\\\/produit\\\/bont-elemental-90mm-100mm-110mm-125mm-roue-de-patin-a-roues-alignees\\\/\"]}]},{\"@type\":\"ImageObject\",\"inLanguage\":\"fr-FR\",\"@id\":\"https:\\\/\\\/xactskateshop.com\\\/fr\\\/produit\\\/bont-elemental-90mm-100mm-110mm-125mm-roue-de-patin-a-roues-alignees\\\/#primaryimage\",\"url\":\"https:\\\/\\\/xactskateshop.com\\\/wp-content\\\/uploads\\\/2021\\\/03\\\/Elemental-110mm-85A.jpg\",\"contentUrl\":\"https:\\\/\\\/xactskateshop.com\\\/wp-content\\\/uploads\\\/2021\\\/03\\\/Elemental-110mm-85A.jpg\",\"width\":1000,\"height\":1000,\"caption\":\"BONT Roue \u00e9l\u00e9mentaire\"},{\"@type\":\"BreadcrumbList\",\"@id\":\"https:\\\/\\\/xactskateshop.com\\\/fr\\\/produit\\\/bont-elemental-90mm-100mm-110mm-125mm-roue-de-patin-a-roues-alignees\\\/#breadcrumb\",\"itemListElement\":[{\"@type\":\"ListItem\",\"position\":1,\"name\":\"Home\",\"item\":\"https:\\\/\\\/xactskateshop.com\\\/fr\\\/accueil\\\/\"},{\"@type\":\"ListItem\",\"position\":2,\"name\":\"Boutique\",\"item\":\"https:\\\/\\\/xactskateshop.com\\\/shop\\\/\"},{\"@type\":\"ListItem\",\"position\":3,\"name\":\"BONT ELEMENTAL 90mm 100mm 110mm 125mm Roue de patin \u00e0 roues align\u00e9es\"}]},{\"@type\":\"WebSite\",\"@id\":\"http:\\\/\\\/xactskateshop.com\\\/fr\\\/#website\",\"url\":\"http:\\\/\\\/xactskateshop.com\\\/fr\\\/\",\"name\":\"Xact Skate Shop\",\"description\":\"Un site utilisant WordPress\",\"publisher\":{\"@id\":\"http:\\\/\\\/xactskateshop.com\\\/fr\\\/#organization\"},\"potentialAction\":[{\"@type\":\"SearchAction\",\"target\":{\"@type\":\"EntryPoint\",\"urlTemplate\":\"http:\\\/\\\/xactskateshop.com\\\/fr\\\/?s={search_term_string}\"},\"query-input\":{\"@type\":\"PropertyValueSpecification\",\"valueRequired\":true,\"valueName\":\"search_term_string\"}}],\"inLanguage\":\"fr-FR\"},{\"@type\":\"Organization\",\"@id\":\"http:\\\/\\\/xactskateshop.com\\\/fr\\\/#organization\",\"name\":\"XACT Skate Shop\",\"url\":\"http:\\\/\\\/xactskateshop.com\\\/fr\\\/\",\"logo\":{\"@type\":\"ImageObject\",\"inLanguage\":\"fr-FR\",\"@id\":\"http:\\\/\\\/xactskateshop.com\\\/fr\\\/#\\\/schema\\\/logo\\\/image\\\/\",\"url\":\"http:\\\/\\\/xactskateshop.com\\\/wp-content\\\/uploads\\\/2024\\\/04\\\/xactskateshop-dot-com-avec-contour-noir-sans-fond-675x.jpg\",\"contentUrl\":\"http:\\\/\\\/xactskateshop.com\\\/wp-content\\\/uploads\\\/2024\\\/04\\\/xactskateshop-dot-com-avec-contour-noir-sans-fond-675x.jpg\",\"width\":675,\"height\":247,\"caption\":\"XACT Skate Shop\"},\"image\":{\"@id\":\"http:\\\/\\\/xactskateshop.com\\\/fr\\\/#\\\/schema\\\/logo\\\/image\\\/\"},\"sameAs\":[\"https:\\\/\\\/www.facebook.com\\\/JeanLouiskateshop\"]}]}<\/script>\n<!-- \/ Yoast SEO plugin. -->","yoast_head_json":{"title":"BONT Roue \u00e9l\u00e9mentaire %sepsiteame%%%.","description":"La roue de course de patinage en ligne Bont Elemental est notre roue de milieu de gamme. Elle offre un meilleur roulis, un meilleur rebond et une meilleure adh\u00e9rence que nos roues de la gamme G14-G16.","robots":{"index":"index","follow":"follow","max-snippet":"max-snippet:-1","max-image-preview":"max-image-preview:large","max-video-preview":"max-video-preview:-1"},"canonical":"https:\/\/xactskateshop.com\/fr\/produit\/bont-elemental-90mm-100mm-110mm-125mm-roue-de-patin-a-roues-alignees\/","og_locale":"fr_FR","og_type":"article","og_title":"BONT Roue \u00e9l\u00e9mentaire %sepsiteame%%%.","og_description":"La roue de course de patinage en ligne Bont Elemental est notre roue de milieu de gamme. Elle offre un meilleur roulis, un meilleur rebond et une meilleure adh\u00e9rence que nos roues de la gamme G14-G16.","og_url":"https:\/\/xactskateshop.com\/fr\/produit\/bont-elemental-90mm-100mm-110mm-125mm-roue-de-patin-a-roues-alignees\/","og_site_name":"Xact Skate Shop","article_publisher":"https:\/\/www.facebook.com\/JeanLouiskateshop","og_image":[{"width":1000,"height":1000,"url":"https:\/\/xactskateshop.com\/wp-content\/uploads\/2021\/03\/Elemental-110mm-85A.jpg","type":"image\/jpeg"}],"twitter_card":"summary_large_image","twitter_misc":{"Dur\u00e9e de lecture estim\u00e9e":"1 minute"},"schema":{"@context":"https:\/\/schema.org","@graph":[{"@type":"WebPage","@id":"https:\/\/xactskateshop.com\/fr\/produit\/bont-elemental-90mm-100mm-110mm-125mm-roue-de-patin-a-roues-alignees\/","url":"https:\/\/xactskateshop.com\/fr\/produit\/bont-elemental-90mm-100mm-110mm-125mm-roue-de-patin-a-roues-alignees\/","name":"BONT Roue \u00e9l\u00e9mentaire %sepsiteame%%%.","isPartOf":{"@id":"http:\/\/xactskateshop.com\/fr\/#website"},"primaryImageOfPage":{"@id":"https:\/\/xactskateshop.com\/fr\/produit\/bont-elemental-90mm-100mm-110mm-125mm-roue-de-patin-a-roues-alignees\/#primaryimage"},"image":{"@id":"https:\/\/xactskateshop.com\/fr\/produit\/bont-elemental-90mm-100mm-110mm-125mm-roue-de-patin-a-roues-alignees\/#primaryimage"},"thumbnailUrl":"https:\/\/xactskateshop.com\/wp-content\/uploads\/2021\/03\/Elemental-110mm-85A.jpg","datePublished":"2021-04-29T19:32:37+00:00","description":"La roue de course de patinage en ligne Bont Elemental est notre roue de milieu de gamme. Elle offre un meilleur roulis, un meilleur rebond et une meilleure adh\u00e9rence que nos roues de la gamme G14-G16.","breadcrumb":{"@id":"https:\/\/xactskateshop.com\/fr\/produit\/bont-elemental-90mm-100mm-110mm-125mm-roue-de-patin-a-roues-alignees\/#breadcrumb"},"inLanguage":"fr-FR","potentialAction":[{"@type":"ReadAction","target":["https:\/\/xactskateshop.com\/fr\/produit\/bont-elemental-90mm-100mm-110mm-125mm-roue-de-patin-a-roues-alignees\/"]}]},{"@type":"ImageObject","inLanguage":"fr-FR","@id":"https:\/\/xactskateshop.com\/fr\/produit\/bont-elemental-90mm-100mm-110mm-125mm-roue-de-patin-a-roues-alignees\/#primaryimage","url":"https:\/\/xactskateshop.com\/wp-content\/uploads\/2021\/03\/Elemental-110mm-85A.jpg","contentUrl":"https:\/\/xactskateshop.com\/wp-content\/uploads\/2021\/03\/Elemental-110mm-85A.jpg","width":1000,"height":1000,"caption":"BONT Roue \u00e9l\u00e9mentaire"},{"@type":"BreadcrumbList","@id":"https:\/\/xactskateshop.com\/fr\/produit\/bont-elemental-90mm-100mm-110mm-125mm-roue-de-patin-a-roues-alignees\/#breadcrumb","itemListElement":[{"@type":"ListItem","position":1,"name":"Home","item":"https:\/\/xactskateshop.com\/fr\/accueil\/"},{"@type":"ListItem","position":2,"name":"Boutique","item":"https:\/\/xactskateshop.com\/shop\/"},{"@type":"ListItem","position":3,"name":"BONT ELEMENTAL 90mm 100mm 110mm 125mm Roue de patin \u00e0 roues align\u00e9es"}]},{"@type":"WebSite","@id":"http:\/\/xactskateshop.com\/fr\/#website","url":"http:\/\/xactskateshop.com\/fr\/","name":"Xact Skate Shop","description":"Un site utilisant WordPress","publisher":{"@id":"http:\/\/xactskateshop.com\/fr\/#organization"},"potentialAction":[{"@type":"SearchAction","target":{"@type":"EntryPoint","urlTemplate":"http:\/\/xactskateshop.com\/fr\/?s={search_term_string}"},"query-input":{"@type":"PropertyValueSpecification","valueRequired":true,"valueName":"search_term_string"}}],"inLanguage":"fr-FR"},{"@type":"Organization","@id":"http:\/\/xactskateshop.com\/fr\/#organization","name":"XACT Skate Shop","url":"http:\/\/xactskateshop.com\/fr\/","logo":{"@type":"ImageObject","inLanguage":"fr-FR","@id":"http:\/\/xactskateshop.com\/fr\/#\/schema\/logo\/image\/","url":"http:\/\/xactskateshop.com\/wp-content\/uploads\/2024\/04\/xactskateshop-dot-com-avec-contour-noir-sans-fond-675x.jpg","contentUrl":"http:\/\/xactskateshop.com\/wp-content\/uploads\/2024\/04\/xactskateshop-dot-com-avec-contour-noir-sans-fond-675x.jpg","width":675,"height":247,"caption":"XACT Skate Shop"},"image":{"@id":"http:\/\/xactskateshop.com\/fr\/#\/schema\/logo\/image\/"},"sameAs":["https:\/\/www.facebook.com\/JeanLouiskateshop"]}]}},"_links":{"self":[{"href":"https:\/\/xactskateshop.com\/fr\/wp-json\/wp\/v2\/product\/59050","targetHints":{"allow":["GET"]}}],"collection":[{"href":"https:\/\/xactskateshop.com\/fr\/wp-json\/wp\/v2\/product"}],"about":[{"href":"https:\/\/xactskateshop.com\/fr\/wp-json\/wp\/v2\/types\/product"}],"replies":[{"embeddable":true,"href":"https:\/\/xactskateshop.com\/fr\/wp-json\/wp\/v2\/comments?post=59050"}],"wp:featuredmedia":[{"embeddable":true,"href":"https:\/\/xactskateshop.com\/fr\/wp-json\/wp\/v2\/media\/28801"}],"wp:attachment":[{"href":"https:\/\/xactskateshop.com\/fr\/wp-json\/wp\/v2\/media?parent=59050"}],"wp:term":[{"taxonomy":"product_brand","embeddable":true,"href":"https:\/\/xactskateshop.com\/fr\/wp-json\/wp\/v2\/product_brand?post=59050"},{"taxonomy":"product_cat","embeddable":true,"href":"https:\/\/xactskateshop.com\/fr\/wp-json\/wp\/v2\/product_cat?post=59050"},{"taxonomy":"product_tag","embeddable":true,"href":"https:\/\/xactskateshop.com\/fr\/wp-json\/wp\/v2\/product_tag?post=59050"}],"curies":[{"name":"wp","href":"https:\/\/api.w.org\/{rel}","templated":true}]}}