{"id":59041,"date":"2021-06-12T12:22:20","date_gmt":"2021-06-12T16:22:20","guid":{"rendered":"http:\/\/xactskateshop.com\/product\/ensemble-bont-a-frame-3-roues-compatible-avec-les-bottes-de-courte-piste\/"},"modified":"2021-06-12T12:22:20","modified_gmt":"2021-06-12T16:22:20","slug":"ensemble-bont-a-frame-3-roues-compatible-avec-les-bottes-de-courte-piste","status":"publish","type":"product","link":"https:\/\/xactskateshop.com\/fr\/produit\/ensemble-bont-a-frame-3-roues-compatible-avec-les-bottes-de-courte-piste\/","title":{"rendered":"Ensemble BONT A FRAME 3 roues (COMPATIBLE avec les bottes de Courte Piste)"},"content":{"rendered":"<p>Cadre en ligne Bont ST<\/p>\n<p>Le cadre Bont AFrame 6061 pour le patinage de vitesse en ligne vous permet d&#8217;acc\u00e9der au prix abordable des cadres 3 roues de Bont. L&#8217;Aframe applique les m\u00eames principes que le cadre CXXV avec un look l\u00e9g\u00e8rement diff\u00e9rent. Ce cadre utilise de l&#8217;aluminium 6061 de qualit\u00e9 a\u00e9ronautique et les simulations de test de stress par ordinateur les plus avanc\u00e9es au monde pour les cadres inline. La qualit\u00e9 des cadres Bont est in\u00e9gal\u00e9e. Bont n&#8217;a pas eu une seule fissure de cadre en plus de 20 ans.    <\/p>\n<p>Voici un superbe cadre de skate \u00e0 3 roues. Ce <strong>cadre Bont ST inline<\/strong> convient aux roues inline jusqu&#8217;\u00e0 110mm mais il peut aussi convenir aux roues de 100mm ou m\u00eame de 90mm pour cr\u00e9er un superbe skate \u00e0 3 roues. <\/p>\n<ul class=\"tabs wc-tabs\" role=\"tablist\">\n<li role=\"tab\" aria-controls=\"tab-description\">Comprend : cadre, 6x roues Elemental 90mm ou 100mm ou 110mm, roulements ABEC 7<\/li>\n<\/ul>\n<div id=\"tab-description\" class=\"woocommerce-Tabs-panel woocommerce-Tabs-panel--description panel entry-content wc-tab\" role=\"tabpanel\" aria-labelledby=\"tab-title-description\">\n<div class=\"title-small title-font\">\n<ul>\n<li>12\u2033 prend des bottes avec un<strong> montage de 140 \u00e0 165mm<\/strong>, plus un maximum de 3x110mm<\/li>\n<li><em><strong>S&#8217;ADAPTE \u00c0 TOUTES LES BOTTES COURTE PISTE AVEC UN ESPACEMENT DE 165MM.<\/strong><\/em><\/li>\n<\/ul>\n<p>La roue de course de patinage en ligne Bont Elemental est notre roue de milieu de gamme. Elle offre un meilleur roulis, un meilleur rebond et une meilleure adh\u00e9rence que nos roues de la gamme G14-G16. <\/p>\n<ul>\n<li><strong>Application<\/strong>: Roue universelle convenant \u00e0 toutes les surfaces<\/li>\n<li><strong>Diam\u00e8tre :<\/strong> 90mm, 100mm, 110mm, 125mm<\/li>\n<li><strong>Duret\u00e9 :<\/strong> 85A<\/li>\n<li><strong>Taille du palier :<\/strong> 608<\/li>\n<\/ul>\n<p>La roue de course Bont Elemental Inline est disponible en 90mm, 100mm et 110mm de diam\u00e8tre. C&#8217;est une roue parfaite pour tous les types d&#8217;entra\u00eenements et de courses. Il peut \u00eatre utilis\u00e9 \u00e0 l&#8217;int\u00e9rieur et \u00e0 l&#8217;ext\u00e9rieur. Si vous cherchez \u00e0 acheter un volant de course qui en a pour votre argent, c&#8217;est celui qu&#8217;il vous faut. La duret\u00e9 des roues est de 85A, ce qui est bon pour les surfaces lisses \u00e0 moyennes. Il peut \u00e9galement \u00eatre utilis\u00e9 sur les pistes inclin\u00e9es.     <\/p>\n<p>Le moyeu ou le noyau de la roue est en plastique renforc\u00e9 de nylon. Il absorbe bien les chocs. L&#8217;ur\u00e9thane a de bonnes propri\u00e9t\u00e9s de rebond, d&#8217;usure et de roulement. Tout ce dont une bonne roue de roller a besoin. La chimie de cette roue en ligne a \u00e9t\u00e9 con\u00e7ue par Bont Skates \u00e0 Sydney, en Australie. Bont a plus de 45 ans d&#8217;exp\u00e9rience dans le d\u00e9veloppement de patins de vitesse.     <\/p>\n<p>Le roulement de patin ABEC 7 de Bont a \u00e9t\u00e9 largement test\u00e9 sur des patineurs de vitesse en ligne d&#8217;\u00e9lite. Sous la charge d&#8217;un patineur, en particulier sur les roues \u00e0 moyeu en plastique, les roulements peuvent se d\u00e9former, ce qui les ralentit. Heureusement, le roulement de course Bont ABEC7 est fabriqu\u00e9 \u00e0 partir d&#8217;acier \u00e0 haute r\u00e9sistance, ce qui minimise cet effet et maintient la forme du roulement aussi ronde que possible, ce qui r\u00e9duit la r\u00e9sistance au roulement \u00e0 grande vitesse.  <\/p>\n<p>Les doubles flasques permettent d&#8217;emp\u00eacher la poussi\u00e8re et la salet\u00e9 de p\u00e9n\u00e9trer dans les roulements. Avec une r\u00e9sistance au roulement exceptionnellement faible et une lubrification pr\u00e9alable avec une huile de course l\u00e9g\u00e8re, vous \u00eates pr\u00eat pour la course d\u00e8s la sortie de la bo\u00eete ! <\/p>\n<ul>\n<li><strong>Type de roulement<\/strong>: 608 8mm<\/li>\n<li><strong>Dimension<\/strong>: \u00e2me de 8 mm, diam\u00e8tre ext\u00e9rieur de 22 mm, largeur de 7 mm<\/li>\n<li><strong>Protection :<\/strong> ZZ<\/li>\n<li><strong>Cage :<\/strong> SPCC 08F<\/li>\n<li><strong>Qualit\u00e9 :<\/strong> Acier \u00e0 roulements GCr15<\/li>\n<li><strong>Compl\u00e9ment de bille :<\/strong> 7 pi\u00e8ces<\/li>\n<li><strong>Mat\u00e9riau de la bille :<\/strong> Acier<\/li>\n<\/ul>\n<p>Trouvez d&#8217;autres ensembles de cadres en ligne compatibles avec les bottes ST <a href=\"http:\/\/xactskateshop.com\/product\/cadomotus-neo-transformer-argon-3x110mm-package-short-track-boots-compatible\/\">ici<\/a><\/p>\n<p>Ce paquet peut \u00e9galement \u00eatre achet\u00e9 <a href=\"https:\/\/bont.ca\/collections\/inline-skate-frames\/products\/aframe-3-wheels-package-fits-on-short-track-boots\">ici<\/a><\/p>\n<\/div>\n<\/div>\n","protected":false},"excerpt":{"rendered":"<p>Cadre en ligne Bont ST<\/p>\n<p>Il s&#8217;agit d&#8217;un superbe cadre de skate \u00e0 3 roues. Ce cadre de patinage de vitesse en ligne convient \u00e0 des roues en ligne de 110 mm, mais il peut \u00e9galement convenir \u00e0 des roues de 100 mm ou m\u00eame de 90 mm pour cr\u00e9er un superbe patin \u00e0 3 roues. <\/p>\n<div id=\"tab-description\" class=\"woocommerce-Tabs-panel woocommerce-Tabs-panel--description panel entry-content wc-tab\" role=\"tabpanel\" aria-labelledby=\"tab-title-description\">\n<div class=\"title-small title-font\">\n<ul>\n<li>12\u2033 prend des bottes avec un<strong> montage de 140 \u00e0 165mm<\/strong>, plus un maximum de 3x110mm<\/li>\n<li><em><strong>S&#8217;ADAPTE \u00c0 TOUTES LES BOTTES COURTE PISTE AVEC UN ESPACEMENT DE 165MM.<\/strong><\/em><\/li>\n<\/ul>\n<\/div>\n<\/div>\n","protected":false},"featured_media":29221,"comment_status":"closed","ping_status":"closed","template":"","meta":{"site-sidebar-layout":"default","site-content-layout":"default","ast-site-content-layout":"default","site-content-style":"default","site-sidebar-style":"default","ast-global-header-display":"","ast-banner-title-visibility":"","ast-main-header-display":"","ast-hfb-above-header-display":"","ast-hfb-below-header-display":"","ast-hfb-mobile-header-display":"","site-post-title":"","ast-breadcrumbs-content":"","ast-featured-img":"","footer-sml-layout":"","ast-disable-related-posts":"","theme-transparent-header-meta":"default","adv-header-id-meta":"","stick-header-meta":"","header-above-stick-meta":"","header-main-stick-meta":"","header-below-stick-meta":"","astra-migrate-meta-layouts":"default","ast-page-background-enabled":"default","ast-page-background-meta":{"desktop":{"background-color":"","background-image":"","background-repeat":"repeat","background-position":"center center","background-size":"auto","background-attachment":"scroll","background-type":"","background-media":"","overlay-type":"","overlay-color":"","overlay-opacity":"","overlay-gradient":""},"tablet":{"background-color":"","background-image":"","background-repeat":"repeat","background-position":"center center","background-size":"auto","background-attachment":"scroll","background-type":"","background-media":"","overlay-type":"","overlay-color":"","overlay-opacity":"","overlay-gradient":""},"mobile":{"background-color":"","background-image":"","background-repeat":"repeat","background-position":"center center","background-size":"auto","background-attachment":"scroll","background-type":"","background-media":"","overlay-type":"","overlay-color":"","overlay-opacity":"","overlay-gradient":""}},"ast-content-background-meta":{"desktop":{"background-color":"var(--ast-global-color-5)","background-image":"","background-repeat":"repeat","background-position":"center center","background-size":"auto","background-attachment":"scroll","background-type":"","background-media":"","overlay-type":"","overlay-color":"","overlay-opacity":"","overlay-gradient":""},"tablet":{"background-color":"var(--ast-global-color-5)","background-image":"","background-repeat":"repeat","background-position":"center center","background-size":"auto","background-attachment":"scroll","background-type":"","background-media":"","overlay-type":"","overlay-color":"","overlay-opacity":"","overlay-gradient":""},"mobile":{"background-color":"var(--ast-global-color-5)","background-image":"","background-repeat":"repeat","background-position":"center center","background-size":"auto","background-attachment":"scroll","background-type":"","background-media":"","overlay-type":"","overlay-color":"","overlay-opacity":"","overlay-gradient":""}}},"product_brand":[],"product_cat":[1766,1728,1589],"product_tag":[],"class_list":{"0":"post-59041","1":"product","2":"type-product","3":"status-publish","4":"has-post-thumbnail","6":"product_cat-chassis","7":"product_cat-ensembles-de-patinage-a-roues-alignees","8":"product_cat-patinage-de-vitesse-a-roues-alignees","9":"desktop-align-center","10":"tablet-align-center","11":"mobile-align-center","12":"ast-product-gallery-layout-horizontal","13":"ast-product-single-variable","14":"ast-product-tabs-layout-horizontal","15":"ast-qv-on-image","17":"first","18":"instock","19":"sale","20":"taxable","21":"shipping-taxable","22":"purchasable","23":"product-type-variable"},"bundled_by":[],"bundle_stock_status":"instock","bundle_stock_quantity":null,"bundle_virtual":false,"bundle_layout":"","bundle_add_to_cart_form_location":"","bundle_editable_in_cart":false,"bundle_sold_individually_context":"","bundle_item_grouping":"","bundle_min_size":"","bundle_max_size":"","bundle_price":[],"bundled_items":[],"bundle_sell_ids":[],"yoast_head":"<!-- This site is optimized with the Yoast SEO plugin v27.5 - https:\/\/yoast.com\/product\/yoast-seo-wordpress\/ -->\n<title>Bont ST inline frame - .<\/title>\n<meta name=\"description\" content=\"Ce cadre Bont ST inline convient aux roues inline jusqu&#039;\u00e0 110 mm, mais il peut \u00e9galement convenir aux roues de 100 mm ou m\u00eame de 90 mm pour cr\u00e9er un patin \u00e0 3 roues qui convient aux chaussures ST.\" \/>\n<meta name=\"robots\" content=\"index, follow, max-snippet:-1, max-image-preview:large, max-video-preview:-1\" \/>\n<link rel=\"canonical\" href=\"https:\/\/xactskateshop.com\/fr\/produit\/ensemble-bont-a-frame-3-roues-compatible-avec-les-bottes-de-courte-piste\/\" \/>\n<meta property=\"og:locale\" content=\"fr_FR\" \/>\n<meta property=\"og:type\" content=\"article\" \/>\n<meta property=\"og:title\" content=\"Bont ST inline frame - .\" \/>\n<meta property=\"og:description\" content=\"Ce cadre Bont ST inline convient aux roues inline jusqu&#039;\u00e0 110 mm, mais il peut \u00e9galement convenir aux roues de 100 mm ou m\u00eame de 90 mm pour cr\u00e9er un patin \u00e0 3 roues qui convient aux chaussures ST.\" \/>\n<meta property=\"og:url\" content=\"https:\/\/xactskateshop.com\/fr\/produit\/ensemble-bont-a-frame-3-roues-compatible-avec-les-bottes-de-courte-piste\/\" \/>\n<meta property=\"og:site_name\" content=\"Xact Skate Shop\" \/>\n<meta property=\"article:publisher\" content=\"https:\/\/www.facebook.com\/JeanLouiskateshop\" \/>\n<meta property=\"og:image\" content=\"https:\/\/xactskateshop.com\/wp-content\/uploads\/2021\/06\/a-frame-elemental-110.jpg\" \/>\n\t<meta property=\"og:image:width\" content=\"1000\" \/>\n\t<meta property=\"og:image:height\" content=\"1000\" \/>\n\t<meta property=\"og:image:type\" content=\"image\/jpeg\" \/>\n<meta name=\"twitter:card\" content=\"summary_large_image\" \/>\n<meta name=\"twitter:label1\" content=\"Dur\u00e9e de lecture estim\u00e9e\" \/>\n\t<meta name=\"twitter:data1\" content=\"3 minutes\" \/>\n<script type=\"application\/ld+json\" class=\"yoast-schema-graph\">{\"@context\":\"https:\\\/\\\/schema.org\",\"@graph\":[{\"@type\":\"WebPage\",\"@id\":\"https:\\\/\\\/xactskateshop.com\\\/fr\\\/produit\\\/ensemble-bont-a-frame-3-roues-compatible-avec-les-bottes-de-courte-piste\\\/\",\"url\":\"https:\\\/\\\/xactskateshop.com\\\/fr\\\/produit\\\/ensemble-bont-a-frame-3-roues-compatible-avec-les-bottes-de-courte-piste\\\/\",\"name\":\"Bont ST inline frame - .\",\"isPartOf\":{\"@id\":\"http:\\\/\\\/xactskateshop.com\\\/fr\\\/#website\"},\"primaryImageOfPage\":{\"@id\":\"https:\\\/\\\/xactskateshop.com\\\/fr\\\/produit\\\/ensemble-bont-a-frame-3-roues-compatible-avec-les-bottes-de-courte-piste\\\/#primaryimage\"},\"image\":{\"@id\":\"https:\\\/\\\/xactskateshop.com\\\/fr\\\/produit\\\/ensemble-bont-a-frame-3-roues-compatible-avec-les-bottes-de-courte-piste\\\/#primaryimage\"},\"thumbnailUrl\":\"https:\\\/\\\/xactskateshop.com\\\/wp-content\\\/uploads\\\/2021\\\/06\\\/a-frame-elemental-110.jpg\",\"datePublished\":\"2021-06-12T16:22:20+00:00\",\"description\":\"Ce cadre Bont ST inline convient aux roues inline jusqu'\u00e0 110 mm, mais il peut \u00e9galement convenir aux roues de 100 mm ou m\u00eame de 90 mm pour cr\u00e9er un patin \u00e0 3 roues qui convient aux chaussures ST.\",\"breadcrumb\":{\"@id\":\"https:\\\/\\\/xactskateshop.com\\\/fr\\\/produit\\\/ensemble-bont-a-frame-3-roues-compatible-avec-les-bottes-de-courte-piste\\\/#breadcrumb\"},\"inLanguage\":\"fr-FR\",\"potentialAction\":[{\"@type\":\"ReadAction\",\"target\":[\"https:\\\/\\\/xactskateshop.com\\\/fr\\\/produit\\\/ensemble-bont-a-frame-3-roues-compatible-avec-les-bottes-de-courte-piste\\\/\"]}]},{\"@type\":\"ImageObject\",\"inLanguage\":\"fr-FR\",\"@id\":\"https:\\\/\\\/xactskateshop.com\\\/fr\\\/produit\\\/ensemble-bont-a-frame-3-roues-compatible-avec-les-bottes-de-courte-piste\\\/#primaryimage\",\"url\":\"https:\\\/\\\/xactskateshop.com\\\/wp-content\\\/uploads\\\/2021\\\/06\\\/a-frame-elemental-110.jpg\",\"contentUrl\":\"https:\\\/\\\/xactskateshop.com\\\/wp-content\\\/uploads\\\/2021\\\/06\\\/a-frame-elemental-110.jpg\",\"width\":1000,\"height\":1000,\"caption\":\"Cadre en ligne Bont ST\"},{\"@type\":\"BreadcrumbList\",\"@id\":\"https:\\\/\\\/xactskateshop.com\\\/fr\\\/produit\\\/ensemble-bont-a-frame-3-roues-compatible-avec-les-bottes-de-courte-piste\\\/#breadcrumb\",\"itemListElement\":[{\"@type\":\"ListItem\",\"position\":1,\"name\":\"Home\",\"item\":\"https:\\\/\\\/xactskateshop.com\\\/fr\\\/accueil\\\/\"},{\"@type\":\"ListItem\",\"position\":2,\"name\":\"Boutique\",\"item\":\"https:\\\/\\\/xactskateshop.com\\\/shop\\\/\"},{\"@type\":\"ListItem\",\"position\":3,\"name\":\"Ensemble BONT A FRAME 3 roues (COMPATIBLE avec les bottes de Courte Piste)\"}]},{\"@type\":\"WebSite\",\"@id\":\"http:\\\/\\\/xactskateshop.com\\\/fr\\\/#website\",\"url\":\"http:\\\/\\\/xactskateshop.com\\\/fr\\\/\",\"name\":\"Xact Skate Shop\",\"description\":\"Un site utilisant WordPress\",\"publisher\":{\"@id\":\"http:\\\/\\\/xactskateshop.com\\\/fr\\\/#organization\"},\"potentialAction\":[{\"@type\":\"SearchAction\",\"target\":{\"@type\":\"EntryPoint\",\"urlTemplate\":\"http:\\\/\\\/xactskateshop.com\\\/fr\\\/?s={search_term_string}\"},\"query-input\":{\"@type\":\"PropertyValueSpecification\",\"valueRequired\":true,\"valueName\":\"search_term_string\"}}],\"inLanguage\":\"fr-FR\"},{\"@type\":\"Organization\",\"@id\":\"http:\\\/\\\/xactskateshop.com\\\/fr\\\/#organization\",\"name\":\"XACT Skate Shop\",\"url\":\"http:\\\/\\\/xactskateshop.com\\\/fr\\\/\",\"logo\":{\"@type\":\"ImageObject\",\"inLanguage\":\"fr-FR\",\"@id\":\"http:\\\/\\\/xactskateshop.com\\\/fr\\\/#\\\/schema\\\/logo\\\/image\\\/\",\"url\":\"http:\\\/\\\/xactskateshop.com\\\/wp-content\\\/uploads\\\/2024\\\/04\\\/xactskateshop-dot-com-avec-contour-noir-sans-fond-675x.jpg\",\"contentUrl\":\"http:\\\/\\\/xactskateshop.com\\\/wp-content\\\/uploads\\\/2024\\\/04\\\/xactskateshop-dot-com-avec-contour-noir-sans-fond-675x.jpg\",\"width\":675,\"height\":247,\"caption\":\"XACT Skate Shop\"},\"image\":{\"@id\":\"http:\\\/\\\/xactskateshop.com\\\/fr\\\/#\\\/schema\\\/logo\\\/image\\\/\"},\"sameAs\":[\"https:\\\/\\\/www.facebook.com\\\/JeanLouiskateshop\"]}]}<\/script>\n<!-- \/ Yoast SEO plugin. -->","yoast_head_json":{"title":"Bont ST inline frame - .","description":"Ce cadre Bont ST inline convient aux roues inline jusqu'\u00e0 110 mm, mais il peut \u00e9galement convenir aux roues de 100 mm ou m\u00eame de 90 mm pour cr\u00e9er un patin \u00e0 3 roues qui convient aux chaussures ST.","robots":{"index":"index","follow":"follow","max-snippet":"max-snippet:-1","max-image-preview":"max-image-preview:large","max-video-preview":"max-video-preview:-1"},"canonical":"https:\/\/xactskateshop.com\/fr\/produit\/ensemble-bont-a-frame-3-roues-compatible-avec-les-bottes-de-courte-piste\/","og_locale":"fr_FR","og_type":"article","og_title":"Bont ST inline frame - .","og_description":"Ce cadre Bont ST inline convient aux roues inline jusqu'\u00e0 110 mm, mais il peut \u00e9galement convenir aux roues de 100 mm ou m\u00eame de 90 mm pour cr\u00e9er un patin \u00e0 3 roues qui convient aux chaussures ST.","og_url":"https:\/\/xactskateshop.com\/fr\/produit\/ensemble-bont-a-frame-3-roues-compatible-avec-les-bottes-de-courte-piste\/","og_site_name":"Xact Skate Shop","article_publisher":"https:\/\/www.facebook.com\/JeanLouiskateshop","og_image":[{"width":1000,"height":1000,"url":"https:\/\/xactskateshop.com\/wp-content\/uploads\/2021\/06\/a-frame-elemental-110.jpg","type":"image\/jpeg"}],"twitter_card":"summary_large_image","twitter_misc":{"Dur\u00e9e de lecture estim\u00e9e":"3 minutes"},"schema":{"@context":"https:\/\/schema.org","@graph":[{"@type":"WebPage","@id":"https:\/\/xactskateshop.com\/fr\/produit\/ensemble-bont-a-frame-3-roues-compatible-avec-les-bottes-de-courte-piste\/","url":"https:\/\/xactskateshop.com\/fr\/produit\/ensemble-bont-a-frame-3-roues-compatible-avec-les-bottes-de-courte-piste\/","name":"Bont ST inline frame - .","isPartOf":{"@id":"http:\/\/xactskateshop.com\/fr\/#website"},"primaryImageOfPage":{"@id":"https:\/\/xactskateshop.com\/fr\/produit\/ensemble-bont-a-frame-3-roues-compatible-avec-les-bottes-de-courte-piste\/#primaryimage"},"image":{"@id":"https:\/\/xactskateshop.com\/fr\/produit\/ensemble-bont-a-frame-3-roues-compatible-avec-les-bottes-de-courte-piste\/#primaryimage"},"thumbnailUrl":"https:\/\/xactskateshop.com\/wp-content\/uploads\/2021\/06\/a-frame-elemental-110.jpg","datePublished":"2021-06-12T16:22:20+00:00","description":"Ce cadre Bont ST inline convient aux roues inline jusqu'\u00e0 110 mm, mais il peut \u00e9galement convenir aux roues de 100 mm ou m\u00eame de 90 mm pour cr\u00e9er un patin \u00e0 3 roues qui convient aux chaussures ST.","breadcrumb":{"@id":"https:\/\/xactskateshop.com\/fr\/produit\/ensemble-bont-a-frame-3-roues-compatible-avec-les-bottes-de-courte-piste\/#breadcrumb"},"inLanguage":"fr-FR","potentialAction":[{"@type":"ReadAction","target":["https:\/\/xactskateshop.com\/fr\/produit\/ensemble-bont-a-frame-3-roues-compatible-avec-les-bottes-de-courte-piste\/"]}]},{"@type":"ImageObject","inLanguage":"fr-FR","@id":"https:\/\/xactskateshop.com\/fr\/produit\/ensemble-bont-a-frame-3-roues-compatible-avec-les-bottes-de-courte-piste\/#primaryimage","url":"https:\/\/xactskateshop.com\/wp-content\/uploads\/2021\/06\/a-frame-elemental-110.jpg","contentUrl":"https:\/\/xactskateshop.com\/wp-content\/uploads\/2021\/06\/a-frame-elemental-110.jpg","width":1000,"height":1000,"caption":"Cadre en ligne Bont ST"},{"@type":"BreadcrumbList","@id":"https:\/\/xactskateshop.com\/fr\/produit\/ensemble-bont-a-frame-3-roues-compatible-avec-les-bottes-de-courte-piste\/#breadcrumb","itemListElement":[{"@type":"ListItem","position":1,"name":"Home","item":"https:\/\/xactskateshop.com\/fr\/accueil\/"},{"@type":"ListItem","position":2,"name":"Boutique","item":"https:\/\/xactskateshop.com\/shop\/"},{"@type":"ListItem","position":3,"name":"Ensemble BONT A FRAME 3 roues (COMPATIBLE avec les bottes de Courte Piste)"}]},{"@type":"WebSite","@id":"http:\/\/xactskateshop.com\/fr\/#website","url":"http:\/\/xactskateshop.com\/fr\/","name":"Xact Skate Shop","description":"Un site utilisant WordPress","publisher":{"@id":"http:\/\/xactskateshop.com\/fr\/#organization"},"potentialAction":[{"@type":"SearchAction","target":{"@type":"EntryPoint","urlTemplate":"http:\/\/xactskateshop.com\/fr\/?s={search_term_string}"},"query-input":{"@type":"PropertyValueSpecification","valueRequired":true,"valueName":"search_term_string"}}],"inLanguage":"fr-FR"},{"@type":"Organization","@id":"http:\/\/xactskateshop.com\/fr\/#organization","name":"XACT Skate Shop","url":"http:\/\/xactskateshop.com\/fr\/","logo":{"@type":"ImageObject","inLanguage":"fr-FR","@id":"http:\/\/xactskateshop.com\/fr\/#\/schema\/logo\/image\/","url":"http:\/\/xactskateshop.com\/wp-content\/uploads\/2024\/04\/xactskateshop-dot-com-avec-contour-noir-sans-fond-675x.jpg","contentUrl":"http:\/\/xactskateshop.com\/wp-content\/uploads\/2024\/04\/xactskateshop-dot-com-avec-contour-noir-sans-fond-675x.jpg","width":675,"height":247,"caption":"XACT Skate Shop"},"image":{"@id":"http:\/\/xactskateshop.com\/fr\/#\/schema\/logo\/image\/"},"sameAs":["https:\/\/www.facebook.com\/JeanLouiskateshop"]}]}},"_links":{"self":[{"href":"https:\/\/xactskateshop.com\/fr\/wp-json\/wp\/v2\/product\/59041","targetHints":{"allow":["GET"]}}],"collection":[{"href":"https:\/\/xactskateshop.com\/fr\/wp-json\/wp\/v2\/product"}],"about":[{"href":"https:\/\/xactskateshop.com\/fr\/wp-json\/wp\/v2\/types\/product"}],"replies":[{"embeddable":true,"href":"https:\/\/xactskateshop.com\/fr\/wp-json\/wp\/v2\/comments?post=59041"}],"wp:featuredmedia":[{"embeddable":true,"href":"https:\/\/xactskateshop.com\/fr\/wp-json\/wp\/v2\/media\/29221"}],"wp:attachment":[{"href":"https:\/\/xactskateshop.com\/fr\/wp-json\/wp\/v2\/media?parent=59041"}],"wp:term":[{"taxonomy":"product_brand","embeddable":true,"href":"https:\/\/xactskateshop.com\/fr\/wp-json\/wp\/v2\/product_brand?post=59041"},{"taxonomy":"product_cat","embeddable":true,"href":"https:\/\/xactskateshop.com\/fr\/wp-json\/wp\/v2\/product_cat?post=59041"},{"taxonomy":"product_tag","embeddable":true,"href":"https:\/\/xactskateshop.com\/fr\/wp-json\/wp\/v2\/product_tag?post=59041"}],"curies":[{"name":"wp","href":"https:\/\/api.w.org\/{rel}","templated":true}]}}