{"id":59038,"date":"2021-04-29T15:18:38","date_gmt":"2021-04-29T19:18:38","guid":{"rendered":"http:\/\/xactskateshop.com\/product\/bont-highroller-80mm-84mm-90mm-100mm-110mm-inline-speed-skating-wheel\/"},"modified":"2021-04-29T15:18:38","modified_gmt":"2021-04-29T19:18:38","slug":"bont-highroller-80mm-84mm-90mm-100mm-110mm-inline-speed-skating-wheel","status":"publish","type":"product","link":"https:\/\/xactskateshop.com\/fr\/produit\/bont-highroller-80mm-84mm-90mm-100mm-110mm-inline-speed-skating-wheel\/","title":{"rendered":"BONT HIGHROLLER 80mm 84mm 90mm 100mm 110mm Inline Speed Skating Wheel"},"content":{"rendered":"<p><strong>Tout tourne autour de la flexibilit\u00e9 !<\/strong><\/p>\n<p>La roue de course pour patins \u00e0 roues align\u00e9es Highroller de Bont est la roue la plus durable sur le march\u00e9. Il s&#8217;agit d&#8217;une roue de patin \u00e0 roues align\u00e9es tr\u00e8s durable, ce qui est tr\u00e8s important pour les longues courses. A la fin d&#8217;un marathon de 42 km, ces roues ont toujours l&#8217;air neuves. Un rebond \u00e9lev\u00e9 est important pour le retour d&#8217;\u00e9nergie. Si vous participez \u00e0 une course et que vous ne savez pas quelle roue utiliser, c&#8217;est celle-ci qu&#8217;il faut choisir. Elle poss\u00e8de les meilleures qualit\u00e9s g\u00e9n\u00e9rales de toutes les roues de notre gamme. C&#8217;est un excellent rapport qualit\u00e9-prix.      <\/p>\n<p>D\u00e8s sa premi\u00e8re ann\u00e9e sur le circuit professionnel, la Highroller a remport\u00e9 plus de courses de la World Inline Cup que n&#8217;importe quelle autre roue. Ce que vous obtenez avec la Highroller, c&#8217;est une roue fabriqu\u00e9e avec un moyeu d&#8217;une seule pi\u00e8ce, avec des si\u00e8ges de roulements serr\u00e9s et un contr\u00f4le de qualit\u00e9 tr\u00e8s strict. Elle offre un excellent \u00e9quilibre entre adh\u00e9rence et vitesse et vous pouvez l&#8217;utiliser sur n&#8217;importe quelle surface ext\u00e9rieure. C&#8217;est la roue choisie par l&#8217;\u00e9quipe Bont International.   <\/p>\n<ul>\n<li><strong>Fabriqu\u00e9 aux : <\/strong>USA<\/li>\n<li><strong>Application : <\/strong>Surfaces routi\u00e8res ou b\u00e9tonn\u00e9es ext\u00e9rieures s\u00e8ches<\/li>\n<li><strong>Diam\u00e8tre :<\/strong> 80mm, 84mm, 90mm, 100mm, 110mm<\/li>\n<li><strong>Duret\u00e9 :<\/strong> 85A<\/li>\n<li><span lang=\"EN-US\" xml:lang=\"EN-US\"><strong>Taille du palier :<\/strong> 608<\/span><\/li>\n<\/ul>\n<p><span lang=\"EN-US\" xml:lang=\"EN-US\">Cette roue a \u00e9t\u00e9 d\u00e9pass\u00e9e en tant que meilleure roue absolue sur le march\u00e9 par les roues Red Magic et Avenger, mais cela ne signifie pas qu&#8217;elle n&#8217;est pas l&#8217;une des roues les plus rapides au monde. En ligne droite, elle est aussi rapide que n&#8217;importe quelle roue du march\u00e9. Les roues les plus r\u00e9centes ont une bande de flexion \u00e0 l&#8217;int\u00e9rieur de la roue qui leur permet d&#8217;avoir une meilleure adh\u00e9rence dans les virages, mais cela les rend aussi beaucoup plus ch\u00e8res.  <\/span><\/p>\n<p>Il arrive souvent qu&#8217;un patineur se rende sur une nouvelle piste ou surface sur laquelle il n&#8217;a jamais patin\u00e9 auparavant et qu&#8217;il ne sache pas quelle roue utiliser. La roue de roller Bont Highroller est con\u00e7ue pour fonctionner sur toutes les surfaces. Elle est extr\u00eamement fiable. Elle a fait ses preuves en comp\u00e9tition depuis plus de 10 ans. Le Highroller peut rivaliser avec n&#8217;importe quelle roue au monde en termes de vitesse en ligne droite. C&#8217;est en effet l&#8217;une des roues les plus rapides au monde. Achetez un jeu et essayez-le par vous-m\u00eame !      <\/p>\n<p><span lang=\"EN-US\" xml:lang=\"EN-US\"><strong><span lang=\"EN-US\">*Le prix s&#8217;entend par roue.  <\/span><\/strong><\/span><\/p>\n","protected":false},"excerpt":{"rendered":"<p><strong>Tout tourne autour de la flexibilit\u00e9 !<\/strong><\/p>\n<p>La roue Bont Highroller est la roue la plus durable du march\u00e9. Il s&#8217;agit d&#8217;une roue de patin \u00e0 roues align\u00e9es tr\u00e8s durable, ce qui est tr\u00e8s important pour les longues courses. \u00c0 la fin d&#8217;un marathon de 42 km, ces roues ont toujours l&#8217;air neuves. Un rebond \u00e9lev\u00e9 est important pour le retour d&#8217;\u00e9nergie. Si vous participez \u00e0 une course et que vous ne savez pas quelle roue utiliser, c&#8217;est celle-ci qu&#8217;il faut choisir. Elle poss\u00e8de les meilleures qualit\u00e9s g\u00e9n\u00e9rales de toutes les roues de notre gamme. C&#8217;est un excellent rapport qualit\u00e9-prix.      <\/p>\n","protected":false},"featured_media":28812,"comment_status":"closed","ping_status":"closed","template":"","meta":{"site-sidebar-layout":"default","site-content-layout":"default","ast-site-content-layout":"default","site-content-style":"default","site-sidebar-style":"default","ast-global-header-display":"","ast-banner-title-visibility":"","ast-main-header-display":"","ast-hfb-above-header-display":"","ast-hfb-below-header-display":"","ast-hfb-mobile-header-display":"","site-post-title":"","ast-breadcrumbs-content":"","ast-featured-img":"","footer-sml-layout":"","theme-transparent-header-meta":"default","adv-header-id-meta":"","stick-header-meta":"","header-above-stick-meta":"","header-main-stick-meta":"","header-below-stick-meta":"","astra-migrate-meta-layouts":"default","ast-page-background-enabled":"default","ast-page-background-meta":{"desktop":{"background-color":"","background-image":"","background-repeat":"repeat","background-position":"center center","background-size":"auto","background-attachment":"scroll","background-type":"","background-media":"","overlay-type":"","overlay-color":"","overlay-opacity":"","overlay-gradient":""},"tablet":{"background-color":"","background-image":"","background-repeat":"repeat","background-position":"center center","background-size":"auto","background-attachment":"scroll","background-type":"","background-media":"","overlay-type":"","overlay-color":"","overlay-opacity":"","overlay-gradient":""},"mobile":{"background-color":"","background-image":"","background-repeat":"repeat","background-position":"center center","background-size":"auto","background-attachment":"scroll","background-type":"","background-media":"","overlay-type":"","overlay-color":"","overlay-opacity":"","overlay-gradient":""}},"ast-content-background-meta":{"desktop":{"background-color":"var(--ast-global-color-5)","background-image":"","background-repeat":"repeat","background-position":"center center","background-size":"auto","background-attachment":"scroll","background-type":"","background-media":"","overlay-type":"","overlay-color":"","overlay-opacity":"","overlay-gradient":""},"tablet":{"background-color":"var(--ast-global-color-5)","background-image":"","background-repeat":"repeat","background-position":"center center","background-size":"auto","background-attachment":"scroll","background-type":"","background-media":"","overlay-type":"","overlay-color":"","overlay-opacity":"","overlay-gradient":""},"mobile":{"background-color":"var(--ast-global-color-5)","background-image":"","background-repeat":"repeat","background-position":"center center","background-size":"auto","background-attachment":"scroll","background-type":"","background-media":"","overlay-type":"","overlay-color":"","overlay-opacity":"","overlay-gradient":""}}},"product_brand":[],"product_cat":[1589,2020],"product_tag":[2022,2172,2023,2024],"class_list":{"0":"post-59038","1":"product","2":"type-product","3":"status-publish","4":"has-post-thumbnail","6":"product_cat-patinage-de-vitesse-a-roues-alignees","7":"product_cat-roues-fr","8":"product_tag-roue-inline","9":"product_tag-roues-de-highroller","10":"product_tag-roues-en-ligne-bont","11":"product_tag-roues-toutes-surfaces","12":"desktop-align-center","13":"tablet-align-center","14":"mobile-align-center","15":"ast-product-gallery-layout-horizontal","16":"ast-product-single-variable","17":"ast-product-tabs-layout-horizontal","18":"ast-qv-on-image","20":"first","21":"instock","22":"taxable","23":"shipping-taxable","24":"purchasable","25":"product-type-variable"},"bundled_by":[],"bundle_stock_status":"instock","bundle_stock_quantity":null,"bundle_virtual":false,"bundle_layout":"","bundle_add_to_cart_form_location":"","bundle_editable_in_cart":false,"bundle_sold_individually_context":"","bundle_item_grouping":"","bundle_min_size":"","bundle_max_size":"","bundle_price":[],"bundled_items":[],"bundle_sell_ids":[],"yoast_head":"<!-- This site is optimized with the Yoast SEO plugin v27.4 - https:\/\/yoast.com\/product\/yoast-seo-wordpress\/ -->\n<title>BONT Roue \u00e0 roulettes haute - %.<\/title>\n<meta name=\"description\" content=\"Roue BONT Highroller. La roue Highroller de Bont est la roue la plus durable sur le march\u00e9. Achetez la v\u00f4tre ici !\" \/>\n<meta name=\"robots\" content=\"index, follow, max-snippet:-1, max-image-preview:large, max-video-preview:-1\" \/>\n<link rel=\"canonical\" href=\"https:\/\/xactskateshop.com\/fr\/produit\/bont-highroller-80mm-84mm-90mm-100mm-110mm-inline-speed-skating-wheel\/\" \/>\n<meta property=\"og:locale\" content=\"fr_FR\" \/>\n<meta property=\"og:type\" content=\"article\" \/>\n<meta property=\"og:title\" content=\"BONT Roue \u00e0 roulettes haute - %.\" \/>\n<meta property=\"og:description\" content=\"Roue BONT Highroller. La roue Highroller de Bont est la roue la plus durable sur le march\u00e9. Achetez la v\u00f4tre ici !\" \/>\n<meta property=\"og:url\" content=\"https:\/\/xactskateshop.com\/fr\/produit\/bont-highroller-80mm-84mm-90mm-100mm-110mm-inline-speed-skating-wheel\/\" \/>\n<meta property=\"og:site_name\" content=\"Xact Skate Shop\" \/>\n<meta property=\"article:publisher\" content=\"https:\/\/www.facebook.com\/JeanLouiskateshop\" \/>\n<meta property=\"og:image\" content=\"https:\/\/xactskateshop.com\/wp-content\/uploads\/2021\/03\/Highroller-110mm-inline-skate-wheel.jpg\" \/>\n\t<meta property=\"og:image:width\" content=\"1000\" \/>\n\t<meta property=\"og:image:height\" content=\"1000\" \/>\n\t<meta property=\"og:image:type\" content=\"image\/jpeg\" \/>\n<meta name=\"twitter:card\" content=\"summary_large_image\" \/>\n<meta name=\"twitter:label1\" content=\"Dur\u00e9e de lecture estim\u00e9e\" \/>\n\t<meta name=\"twitter:data1\" content=\"2 minutes\" \/>\n<script type=\"application\/ld+json\" class=\"yoast-schema-graph\">{\"@context\":\"https:\\\/\\\/schema.org\",\"@graph\":[{\"@type\":\"WebPage\",\"@id\":\"https:\\\/\\\/xactskateshop.com\\\/fr\\\/produit\\\/bont-highroller-80mm-84mm-90mm-100mm-110mm-inline-speed-skating-wheel\\\/\",\"url\":\"https:\\\/\\\/xactskateshop.com\\\/fr\\\/produit\\\/bont-highroller-80mm-84mm-90mm-100mm-110mm-inline-speed-skating-wheel\\\/\",\"name\":\"BONT Roue \u00e0 roulettes haute - %.\",\"isPartOf\":{\"@id\":\"http:\\\/\\\/xactskateshop.com\\\/fr\\\/#website\"},\"primaryImageOfPage\":{\"@id\":\"https:\\\/\\\/xactskateshop.com\\\/fr\\\/produit\\\/bont-highroller-80mm-84mm-90mm-100mm-110mm-inline-speed-skating-wheel\\\/#primaryimage\"},\"image\":{\"@id\":\"https:\\\/\\\/xactskateshop.com\\\/fr\\\/produit\\\/bont-highroller-80mm-84mm-90mm-100mm-110mm-inline-speed-skating-wheel\\\/#primaryimage\"},\"thumbnailUrl\":\"https:\\\/\\\/xactskateshop.com\\\/wp-content\\\/uploads\\\/2021\\\/03\\\/Highroller-110mm-inline-skate-wheel.jpg\",\"datePublished\":\"2021-04-29T19:18:38+00:00\",\"description\":\"Roue BONT Highroller. La roue Highroller de Bont est la roue la plus durable sur le march\u00e9. Achetez la v\u00f4tre ici !\",\"breadcrumb\":{\"@id\":\"https:\\\/\\\/xactskateshop.com\\\/fr\\\/produit\\\/bont-highroller-80mm-84mm-90mm-100mm-110mm-inline-speed-skating-wheel\\\/#breadcrumb\"},\"inLanguage\":\"fr-FR\",\"potentialAction\":[{\"@type\":\"ReadAction\",\"target\":[\"https:\\\/\\\/xactskateshop.com\\\/fr\\\/produit\\\/bont-highroller-80mm-84mm-90mm-100mm-110mm-inline-speed-skating-wheel\\\/\"]}]},{\"@type\":\"ImageObject\",\"inLanguage\":\"fr-FR\",\"@id\":\"https:\\\/\\\/xactskateshop.com\\\/fr\\\/produit\\\/bont-highroller-80mm-84mm-90mm-100mm-110mm-inline-speed-skating-wheel\\\/#primaryimage\",\"url\":\"https:\\\/\\\/xactskateshop.com\\\/wp-content\\\/uploads\\\/2021\\\/03\\\/Highroller-110mm-inline-skate-wheel.jpg\",\"contentUrl\":\"https:\\\/\\\/xactskateshop.com\\\/wp-content\\\/uploads\\\/2021\\\/03\\\/Highroller-110mm-inline-skate-wheel.jpg\",\"width\":1000,\"height\":1000,\"caption\":\"BONT Roue de poussette\"},{\"@type\":\"BreadcrumbList\",\"@id\":\"https:\\\/\\\/xactskateshop.com\\\/fr\\\/produit\\\/bont-highroller-80mm-84mm-90mm-100mm-110mm-inline-speed-skating-wheel\\\/#breadcrumb\",\"itemListElement\":[{\"@type\":\"ListItem\",\"position\":1,\"name\":\"Home\",\"item\":\"https:\\\/\\\/xactskateshop.com\\\/fr\\\/accueil\\\/\"},{\"@type\":\"ListItem\",\"position\":2,\"name\":\"Boutique\",\"item\":\"https:\\\/\\\/xactskateshop.com\\\/shop\\\/\"},{\"@type\":\"ListItem\",\"position\":3,\"name\":\"BONT HIGHROLLER 80mm 84mm 90mm 100mm 110mm Inline Speed Skating Wheel\"}]},{\"@type\":\"WebSite\",\"@id\":\"http:\\\/\\\/xactskateshop.com\\\/fr\\\/#website\",\"url\":\"http:\\\/\\\/xactskateshop.com\\\/fr\\\/\",\"name\":\"Xact Skate Shop\",\"description\":\"Un site utilisant WordPress\",\"publisher\":{\"@id\":\"http:\\\/\\\/xactskateshop.com\\\/fr\\\/#organization\"},\"potentialAction\":[{\"@type\":\"SearchAction\",\"target\":{\"@type\":\"EntryPoint\",\"urlTemplate\":\"http:\\\/\\\/xactskateshop.com\\\/fr\\\/?s={search_term_string}\"},\"query-input\":{\"@type\":\"PropertyValueSpecification\",\"valueRequired\":true,\"valueName\":\"search_term_string\"}}],\"inLanguage\":\"fr-FR\"},{\"@type\":\"Organization\",\"@id\":\"http:\\\/\\\/xactskateshop.com\\\/fr\\\/#organization\",\"name\":\"XACT Skate Shop\",\"url\":\"http:\\\/\\\/xactskateshop.com\\\/fr\\\/\",\"logo\":{\"@type\":\"ImageObject\",\"inLanguage\":\"fr-FR\",\"@id\":\"http:\\\/\\\/xactskateshop.com\\\/fr\\\/#\\\/schema\\\/logo\\\/image\\\/\",\"url\":\"http:\\\/\\\/xactskateshop.com\\\/wp-content\\\/uploads\\\/2024\\\/04\\\/xactskateshop-dot-com-avec-contour-noir-sans-fond-675x.jpg\",\"contentUrl\":\"http:\\\/\\\/xactskateshop.com\\\/wp-content\\\/uploads\\\/2024\\\/04\\\/xactskateshop-dot-com-avec-contour-noir-sans-fond-675x.jpg\",\"width\":675,\"height\":247,\"caption\":\"XACT Skate Shop\"},\"image\":{\"@id\":\"http:\\\/\\\/xactskateshop.com\\\/fr\\\/#\\\/schema\\\/logo\\\/image\\\/\"},\"sameAs\":[\"https:\\\/\\\/www.facebook.com\\\/JeanLouiskateshop\"]}]}<\/script>\n<!-- \/ Yoast SEO plugin. -->","yoast_head_json":{"title":"BONT Roue \u00e0 roulettes haute - %.","description":"Roue BONT Highroller. La roue Highroller de Bont est la roue la plus durable sur le march\u00e9. Achetez la v\u00f4tre ici !","robots":{"index":"index","follow":"follow","max-snippet":"max-snippet:-1","max-image-preview":"max-image-preview:large","max-video-preview":"max-video-preview:-1"},"canonical":"https:\/\/xactskateshop.com\/fr\/produit\/bont-highroller-80mm-84mm-90mm-100mm-110mm-inline-speed-skating-wheel\/","og_locale":"fr_FR","og_type":"article","og_title":"BONT Roue \u00e0 roulettes haute - %.","og_description":"Roue BONT Highroller. La roue Highroller de Bont est la roue la plus durable sur le march\u00e9. Achetez la v\u00f4tre ici !","og_url":"https:\/\/xactskateshop.com\/fr\/produit\/bont-highroller-80mm-84mm-90mm-100mm-110mm-inline-speed-skating-wheel\/","og_site_name":"Xact Skate Shop","article_publisher":"https:\/\/www.facebook.com\/JeanLouiskateshop","og_image":[{"width":1000,"height":1000,"url":"https:\/\/xactskateshop.com\/wp-content\/uploads\/2021\/03\/Highroller-110mm-inline-skate-wheel.jpg","type":"image\/jpeg"}],"twitter_card":"summary_large_image","twitter_misc":{"Dur\u00e9e de lecture estim\u00e9e":"2 minutes"},"schema":{"@context":"https:\/\/schema.org","@graph":[{"@type":"WebPage","@id":"https:\/\/xactskateshop.com\/fr\/produit\/bont-highroller-80mm-84mm-90mm-100mm-110mm-inline-speed-skating-wheel\/","url":"https:\/\/xactskateshop.com\/fr\/produit\/bont-highroller-80mm-84mm-90mm-100mm-110mm-inline-speed-skating-wheel\/","name":"BONT Roue \u00e0 roulettes haute - %.","isPartOf":{"@id":"http:\/\/xactskateshop.com\/fr\/#website"},"primaryImageOfPage":{"@id":"https:\/\/xactskateshop.com\/fr\/produit\/bont-highroller-80mm-84mm-90mm-100mm-110mm-inline-speed-skating-wheel\/#primaryimage"},"image":{"@id":"https:\/\/xactskateshop.com\/fr\/produit\/bont-highroller-80mm-84mm-90mm-100mm-110mm-inline-speed-skating-wheel\/#primaryimage"},"thumbnailUrl":"https:\/\/xactskateshop.com\/wp-content\/uploads\/2021\/03\/Highroller-110mm-inline-skate-wheel.jpg","datePublished":"2021-04-29T19:18:38+00:00","description":"Roue BONT Highroller. La roue Highroller de Bont est la roue la plus durable sur le march\u00e9. Achetez la v\u00f4tre ici !","breadcrumb":{"@id":"https:\/\/xactskateshop.com\/fr\/produit\/bont-highroller-80mm-84mm-90mm-100mm-110mm-inline-speed-skating-wheel\/#breadcrumb"},"inLanguage":"fr-FR","potentialAction":[{"@type":"ReadAction","target":["https:\/\/xactskateshop.com\/fr\/produit\/bont-highroller-80mm-84mm-90mm-100mm-110mm-inline-speed-skating-wheel\/"]}]},{"@type":"ImageObject","inLanguage":"fr-FR","@id":"https:\/\/xactskateshop.com\/fr\/produit\/bont-highroller-80mm-84mm-90mm-100mm-110mm-inline-speed-skating-wheel\/#primaryimage","url":"https:\/\/xactskateshop.com\/wp-content\/uploads\/2021\/03\/Highroller-110mm-inline-skate-wheel.jpg","contentUrl":"https:\/\/xactskateshop.com\/wp-content\/uploads\/2021\/03\/Highroller-110mm-inline-skate-wheel.jpg","width":1000,"height":1000,"caption":"BONT Roue de poussette"},{"@type":"BreadcrumbList","@id":"https:\/\/xactskateshop.com\/fr\/produit\/bont-highroller-80mm-84mm-90mm-100mm-110mm-inline-speed-skating-wheel\/#breadcrumb","itemListElement":[{"@type":"ListItem","position":1,"name":"Home","item":"https:\/\/xactskateshop.com\/fr\/accueil\/"},{"@type":"ListItem","position":2,"name":"Boutique","item":"https:\/\/xactskateshop.com\/shop\/"},{"@type":"ListItem","position":3,"name":"BONT HIGHROLLER 80mm 84mm 90mm 100mm 110mm Inline Speed Skating Wheel"}]},{"@type":"WebSite","@id":"http:\/\/xactskateshop.com\/fr\/#website","url":"http:\/\/xactskateshop.com\/fr\/","name":"Xact Skate Shop","description":"Un site utilisant WordPress","publisher":{"@id":"http:\/\/xactskateshop.com\/fr\/#organization"},"potentialAction":[{"@type":"SearchAction","target":{"@type":"EntryPoint","urlTemplate":"http:\/\/xactskateshop.com\/fr\/?s={search_term_string}"},"query-input":{"@type":"PropertyValueSpecification","valueRequired":true,"valueName":"search_term_string"}}],"inLanguage":"fr-FR"},{"@type":"Organization","@id":"http:\/\/xactskateshop.com\/fr\/#organization","name":"XACT Skate Shop","url":"http:\/\/xactskateshop.com\/fr\/","logo":{"@type":"ImageObject","inLanguage":"fr-FR","@id":"http:\/\/xactskateshop.com\/fr\/#\/schema\/logo\/image\/","url":"http:\/\/xactskateshop.com\/wp-content\/uploads\/2024\/04\/xactskateshop-dot-com-avec-contour-noir-sans-fond-675x.jpg","contentUrl":"http:\/\/xactskateshop.com\/wp-content\/uploads\/2024\/04\/xactskateshop-dot-com-avec-contour-noir-sans-fond-675x.jpg","width":675,"height":247,"caption":"XACT Skate Shop"},"image":{"@id":"http:\/\/xactskateshop.com\/fr\/#\/schema\/logo\/image\/"},"sameAs":["https:\/\/www.facebook.com\/JeanLouiskateshop"]}]}},"_links":{"self":[{"href":"https:\/\/xactskateshop.com\/fr\/wp-json\/wp\/v2\/product\/59038","targetHints":{"allow":["GET"]}}],"collection":[{"href":"https:\/\/xactskateshop.com\/fr\/wp-json\/wp\/v2\/product"}],"about":[{"href":"https:\/\/xactskateshop.com\/fr\/wp-json\/wp\/v2\/types\/product"}],"replies":[{"embeddable":true,"href":"https:\/\/xactskateshop.com\/fr\/wp-json\/wp\/v2\/comments?post=59038"}],"wp:featuredmedia":[{"embeddable":true,"href":"https:\/\/xactskateshop.com\/fr\/wp-json\/wp\/v2\/media\/28812"}],"wp:attachment":[{"href":"https:\/\/xactskateshop.com\/fr\/wp-json\/wp\/v2\/media?parent=59038"}],"wp:term":[{"taxonomy":"product_brand","embeddable":true,"href":"https:\/\/xactskateshop.com\/fr\/wp-json\/wp\/v2\/product_brand?post=59038"},{"taxonomy":"product_cat","embeddable":true,"href":"https:\/\/xactskateshop.com\/fr\/wp-json\/wp\/v2\/product_cat?post=59038"},{"taxonomy":"product_tag","embeddable":true,"href":"https:\/\/xactskateshop.com\/fr\/wp-json\/wp\/v2\/product_tag?post=59038"}],"curies":[{"name":"wp","href":"https:\/\/api.w.org\/{rel}","templated":true}]}}