{"id":59037,"date":"2021-05-29T10:49:44","date_gmt":"2021-05-29T14:49:44","guid":{"rendered":"http:\/\/xactskateshop.com\/product\/bont-g15-80mm-84mm-90mm-roue-de-patin-a-roues-alignees\/"},"modified":"2021-05-29T10:49:44","modified_gmt":"2021-05-29T14:49:44","slug":"bont-g15-80mm-84mm-90mm-roue-de-patin-a-roues-alignees","status":"publish","type":"product","link":"https:\/\/xactskateshop.com\/fr\/produit\/bont-g15-80mm-84mm-90mm-roue-de-patin-a-roues-alignees\/","title":{"rendered":"BONT G15 80mm 84mm 90mm Roue de patin \u00e0 roues align\u00e9es"},"content":{"rendered":"<p>Roue BONT G15<\/p>\n<p>Les <strong>roues Bont G15 Inline Skate<\/strong> sont les m\u00eames que les roues Bont G14, mais avec un graphisme actualis\u00e9. Une roue polyvalente adapt\u00e9e \u00e0 toutes les surfaces, mais avec une duret\u00e9 de 84A, elle donne le meilleur d&#8217;elle-m\u00eame \u00e0 l&#8217;ext\u00e9rieur. Un moyeu \u00e0 verrouillage m\u00e9canique rigide est utilis\u00e9 pour am\u00e9liorer le rebond et le retour d&#8217;\u00e9nergie. De bonnes performances et une bonne durabilit\u00e9 \u00e0 un excellent rapport qualit\u00e9-prix pour les patineurs en ligne qui recherchent plus qu&#8217;une simple roue de remplacement.   <\/p>\n<ul>\n<li><strong>Duret\u00e9 :<\/strong> 84A<\/li>\n<li><strong>Application<\/strong>: Roue universelle convenant \u00e0 toutes les surfaces<\/li>\n<li><strong>Diam\u00e8tre :<\/strong> 80 mm, 84 mm<\/li>\n<li><strong>Taille du palier :<\/strong> 608<\/li>\n<\/ul>\n<p><strong><span lang=\"EN-US\">*Le prix s&#8217;entend par roue.  <\/span><\/strong><\/p>\n<p>Vous pouvez \u00e9galement les acheter <a href=\"https:\/\/bont.ca\/collections\/inline-skate-wheels\">ici<\/a><\/p>\n<p>Voir d&#8217;autres mod\u00e8les <a href=\"http:\/\/xactskateshop.com\/product-category\/inline-speed-skating\/inline-speed-skating-wheels\/\">ici<\/a><\/p>\n","protected":false},"excerpt":{"rendered":"<p>Roue BONT G15<\/p>\n<p>Les <strong>roues Bont G15 Inline Skate<\/strong> sont les m\u00eames que les roues Bont G14, mais avec un graphisme actualis\u00e9. Une roue polyvalente adapt\u00e9e \u00e0 toutes les surfaces, mais avec une duret\u00e9 de 84A, elle donne le meilleur d&#8217;elle-m\u00eame \u00e0 l&#8217;ext\u00e9rieur. Un moyeu \u00e0 verrouillage m\u00e9canique rigide est utilis\u00e9 pour am\u00e9liorer le rebond et le retour d&#8217;\u00e9nergie. De bonnes performances et une bonne durabilit\u00e9 \u00e0 un excellent rapport qualit\u00e9-prix pour les patineurs en ligne qui recherchent plus qu&#8217;une simple roue de remplacement.   <\/p>\n","protected":false},"featured_media":29219,"comment_status":"closed","ping_status":"closed","template":"","meta":{"site-sidebar-layout":"default","site-content-layout":"default","ast-site-content-layout":"default","site-content-style":"default","site-sidebar-style":"default","ast-global-header-display":"","ast-banner-title-visibility":"","ast-main-header-display":"","ast-hfb-above-header-display":"","ast-hfb-below-header-display":"","ast-hfb-mobile-header-display":"","site-post-title":"","ast-breadcrumbs-content":"","ast-featured-img":"","footer-sml-layout":"","theme-transparent-header-meta":"default","adv-header-id-meta":"","stick-header-meta":"","header-above-stick-meta":"","header-main-stick-meta":"","header-below-stick-meta":"","astra-migrate-meta-layouts":"default","ast-page-background-enabled":"default","ast-page-background-meta":{"desktop":{"background-color":"","background-image":"","background-repeat":"repeat","background-position":"center center","background-size":"auto","background-attachment":"scroll","background-type":"","background-media":"","overlay-type":"","overlay-color":"","overlay-opacity":"","overlay-gradient":""},"tablet":{"background-color":"","background-image":"","background-repeat":"repeat","background-position":"center center","background-size":"auto","background-attachment":"scroll","background-type":"","background-media":"","overlay-type":"","overlay-color":"","overlay-opacity":"","overlay-gradient":""},"mobile":{"background-color":"","background-image":"","background-repeat":"repeat","background-position":"center center","background-size":"auto","background-attachment":"scroll","background-type":"","background-media":"","overlay-type":"","overlay-color":"","overlay-opacity":"","overlay-gradient":""}},"ast-content-background-meta":{"desktop":{"background-color":"var(--ast-global-color-5)","background-image":"","background-repeat":"repeat","background-position":"center center","background-size":"auto","background-attachment":"scroll","background-type":"","background-media":"","overlay-type":"","overlay-color":"","overlay-opacity":"","overlay-gradient":""},"tablet":{"background-color":"var(--ast-global-color-5)","background-image":"","background-repeat":"repeat","background-position":"center center","background-size":"auto","background-attachment":"scroll","background-type":"","background-media":"","overlay-type":"","overlay-color":"","overlay-opacity":"","overlay-gradient":""},"mobile":{"background-color":"var(--ast-global-color-5)","background-image":"","background-repeat":"repeat","background-position":"center center","background-size":"auto","background-attachment":"scroll","background-type":"","background-media":"","overlay-type":"","overlay-color":"","overlay-opacity":"","overlay-gradient":""}}},"product_brand":[],"product_cat":[1589,2020],"product_tag":[2022,2023,2024],"class_list":{"0":"post-59037","1":"product","2":"type-product","3":"status-publish","4":"has-post-thumbnail","6":"product_cat-patinage-de-vitesse-a-roues-alignees","7":"product_cat-roues-fr","8":"product_tag-roue-inline","9":"product_tag-roues-en-ligne-bont","10":"product_tag-roues-toutes-surfaces","11":"desktop-align-center","12":"tablet-align-center","13":"mobile-align-center","14":"ast-product-gallery-layout-horizontal","15":"ast-product-single-variable","16":"ast-product-tabs-layout-horizontal","17":"ast-qv-on-image","19":"first","20":"instock","21":"taxable","22":"shipping-taxable","23":"purchasable","24":"product-type-variable"},"bundled_by":[],"bundle_stock_status":"instock","bundle_stock_quantity":null,"bundle_virtual":false,"bundle_layout":"","bundle_add_to_cart_form_location":"","bundle_editable_in_cart":false,"bundle_sold_individually_context":"","bundle_item_grouping":"","bundle_min_size":"","bundle_max_size":"","bundle_price":[],"bundled_items":[],"bundle_sell_ids":[],"yoast_head":"<!-- This site is optimized with the Yoast SEO plugin v27.4 - https:\/\/yoast.com\/product\/yoast-seo-wordpress\/ -->\n<title>BONT G15 wheel %sep%%Xact Skate Shop%.<\/title>\n<meta name=\"description\" content=\"Roue BONT G15. Les roues Bont G15 Inline Skate sont les m\u00eames que les roues Bont G14, mais avec un nouveau graphisme. Achetez les v\u00f4tres ici !\" \/>\n<meta name=\"robots\" content=\"index, follow, max-snippet:-1, max-image-preview:large, max-video-preview:-1\" \/>\n<link rel=\"canonical\" href=\"https:\/\/xactskateshop.com\/fr\/produit\/bont-g15-80mm-84mm-90mm-roue-de-patin-a-roues-alignees\/\" \/>\n<meta property=\"og:locale\" content=\"fr_FR\" \/>\n<meta property=\"og:type\" content=\"article\" \/>\n<meta property=\"og:title\" content=\"BONT G15 wheel %sep%%Xact Skate Shop%.\" \/>\n<meta property=\"og:description\" content=\"Roue BONT G15. Les roues Bont G15 Inline Skate sont les m\u00eames que les roues Bont G14, mais avec un nouveau graphisme. Achetez les v\u00f4tres ici !\" \/>\n<meta property=\"og:url\" content=\"https:\/\/xactskateshop.com\/fr\/produit\/bont-g15-80mm-84mm-90mm-roue-de-patin-a-roues-alignees\/\" \/>\n<meta property=\"og:site_name\" content=\"Xact Skate Shop\" \/>\n<meta property=\"article:publisher\" content=\"https:\/\/www.facebook.com\/JeanLouiskateshop\" \/>\n<meta property=\"og:image\" content=\"https:\/\/xactskateshop.com\/wp-content\/uploads\/2021\/05\/G15-90mm.jpg\" \/>\n\t<meta property=\"og:image:width\" content=\"1000\" \/>\n\t<meta property=\"og:image:height\" content=\"1000\" \/>\n\t<meta property=\"og:image:type\" content=\"image\/jpeg\" \/>\n<meta name=\"twitter:card\" content=\"summary_large_image\" \/>\n<meta name=\"twitter:label1\" content=\"Dur\u00e9e de lecture estim\u00e9e\" \/>\n\t<meta name=\"twitter:data1\" content=\"1 minute\" \/>\n<script type=\"application\/ld+json\" class=\"yoast-schema-graph\">{\"@context\":\"https:\\\/\\\/schema.org\",\"@graph\":[{\"@type\":\"WebPage\",\"@id\":\"https:\\\/\\\/xactskateshop.com\\\/fr\\\/produit\\\/bont-g15-80mm-84mm-90mm-roue-de-patin-a-roues-alignees\\\/\",\"url\":\"https:\\\/\\\/xactskateshop.com\\\/fr\\\/produit\\\/bont-g15-80mm-84mm-90mm-roue-de-patin-a-roues-alignees\\\/\",\"name\":\"BONT G15 wheel %sep%%Xact Skate Shop%.\",\"isPartOf\":{\"@id\":\"http:\\\/\\\/xactskateshop.com\\\/fr\\\/#website\"},\"primaryImageOfPage\":{\"@id\":\"https:\\\/\\\/xactskateshop.com\\\/fr\\\/produit\\\/bont-g15-80mm-84mm-90mm-roue-de-patin-a-roues-alignees\\\/#primaryimage\"},\"image\":{\"@id\":\"https:\\\/\\\/xactskateshop.com\\\/fr\\\/produit\\\/bont-g15-80mm-84mm-90mm-roue-de-patin-a-roues-alignees\\\/#primaryimage\"},\"thumbnailUrl\":\"https:\\\/\\\/xactskateshop.com\\\/wp-content\\\/uploads\\\/2021\\\/05\\\/G15-90mm.jpg\",\"datePublished\":\"2021-05-29T14:49:44+00:00\",\"description\":\"Roue BONT G15. Les roues Bont G15 Inline Skate sont les m\u00eames que les roues Bont G14, mais avec un nouveau graphisme. Achetez les v\u00f4tres ici !\",\"breadcrumb\":{\"@id\":\"https:\\\/\\\/xactskateshop.com\\\/fr\\\/produit\\\/bont-g15-80mm-84mm-90mm-roue-de-patin-a-roues-alignees\\\/#breadcrumb\"},\"inLanguage\":\"fr-FR\",\"potentialAction\":[{\"@type\":\"ReadAction\",\"target\":[\"https:\\\/\\\/xactskateshop.com\\\/fr\\\/produit\\\/bont-g15-80mm-84mm-90mm-roue-de-patin-a-roues-alignees\\\/\"]}]},{\"@type\":\"ImageObject\",\"inLanguage\":\"fr-FR\",\"@id\":\"https:\\\/\\\/xactskateshop.com\\\/fr\\\/produit\\\/bont-g15-80mm-84mm-90mm-roue-de-patin-a-roues-alignees\\\/#primaryimage\",\"url\":\"https:\\\/\\\/xactskateshop.com\\\/wp-content\\\/uploads\\\/2021\\\/05\\\/G15-90mm.jpg\",\"contentUrl\":\"https:\\\/\\\/xactskateshop.com\\\/wp-content\\\/uploads\\\/2021\\\/05\\\/G15-90mm.jpg\",\"width\":1000,\"height\":1000,\"caption\":\"Roue BONT G15\"},{\"@type\":\"BreadcrumbList\",\"@id\":\"https:\\\/\\\/xactskateshop.com\\\/fr\\\/produit\\\/bont-g15-80mm-84mm-90mm-roue-de-patin-a-roues-alignees\\\/#breadcrumb\",\"itemListElement\":[{\"@type\":\"ListItem\",\"position\":1,\"name\":\"Home\",\"item\":\"https:\\\/\\\/xactskateshop.com\\\/fr\\\/accueil\\\/\"},{\"@type\":\"ListItem\",\"position\":2,\"name\":\"Boutique\",\"item\":\"https:\\\/\\\/xactskateshop.com\\\/shop\\\/\"},{\"@type\":\"ListItem\",\"position\":3,\"name\":\"BONT G15 80mm 84mm 90mm Roue de patin \u00e0 roues align\u00e9es\"}]},{\"@type\":\"WebSite\",\"@id\":\"http:\\\/\\\/xactskateshop.com\\\/fr\\\/#website\",\"url\":\"http:\\\/\\\/xactskateshop.com\\\/fr\\\/\",\"name\":\"Xact Skate Shop\",\"description\":\"Un site utilisant WordPress\",\"publisher\":{\"@id\":\"http:\\\/\\\/xactskateshop.com\\\/fr\\\/#organization\"},\"potentialAction\":[{\"@type\":\"SearchAction\",\"target\":{\"@type\":\"EntryPoint\",\"urlTemplate\":\"http:\\\/\\\/xactskateshop.com\\\/fr\\\/?s={search_term_string}\"},\"query-input\":{\"@type\":\"PropertyValueSpecification\",\"valueRequired\":true,\"valueName\":\"search_term_string\"}}],\"inLanguage\":\"fr-FR\"},{\"@type\":\"Organization\",\"@id\":\"http:\\\/\\\/xactskateshop.com\\\/fr\\\/#organization\",\"name\":\"XACT Skate Shop\",\"url\":\"http:\\\/\\\/xactskateshop.com\\\/fr\\\/\",\"logo\":{\"@type\":\"ImageObject\",\"inLanguage\":\"fr-FR\",\"@id\":\"http:\\\/\\\/xactskateshop.com\\\/fr\\\/#\\\/schema\\\/logo\\\/image\\\/\",\"url\":\"http:\\\/\\\/xactskateshop.com\\\/wp-content\\\/uploads\\\/2024\\\/04\\\/xactskateshop-dot-com-avec-contour-noir-sans-fond-675x.jpg\",\"contentUrl\":\"http:\\\/\\\/xactskateshop.com\\\/wp-content\\\/uploads\\\/2024\\\/04\\\/xactskateshop-dot-com-avec-contour-noir-sans-fond-675x.jpg\",\"width\":675,\"height\":247,\"caption\":\"XACT Skate Shop\"},\"image\":{\"@id\":\"http:\\\/\\\/xactskateshop.com\\\/fr\\\/#\\\/schema\\\/logo\\\/image\\\/\"},\"sameAs\":[\"https:\\\/\\\/www.facebook.com\\\/JeanLouiskateshop\"]}]}<\/script>\n<!-- \/ Yoast SEO plugin. -->","yoast_head_json":{"title":"BONT G15 wheel %sep%%Xact Skate Shop%.","description":"Roue BONT G15. Les roues Bont G15 Inline Skate sont les m\u00eames que les roues Bont G14, mais avec un nouveau graphisme. Achetez les v\u00f4tres ici !","robots":{"index":"index","follow":"follow","max-snippet":"max-snippet:-1","max-image-preview":"max-image-preview:large","max-video-preview":"max-video-preview:-1"},"canonical":"https:\/\/xactskateshop.com\/fr\/produit\/bont-g15-80mm-84mm-90mm-roue-de-patin-a-roues-alignees\/","og_locale":"fr_FR","og_type":"article","og_title":"BONT G15 wheel %sep%%Xact Skate Shop%.","og_description":"Roue BONT G15. Les roues Bont G15 Inline Skate sont les m\u00eames que les roues Bont G14, mais avec un nouveau graphisme. Achetez les v\u00f4tres ici !","og_url":"https:\/\/xactskateshop.com\/fr\/produit\/bont-g15-80mm-84mm-90mm-roue-de-patin-a-roues-alignees\/","og_site_name":"Xact Skate Shop","article_publisher":"https:\/\/www.facebook.com\/JeanLouiskateshop","og_image":[{"width":1000,"height":1000,"url":"https:\/\/xactskateshop.com\/wp-content\/uploads\/2021\/05\/G15-90mm.jpg","type":"image\/jpeg"}],"twitter_card":"summary_large_image","twitter_misc":{"Dur\u00e9e de lecture estim\u00e9e":"1 minute"},"schema":{"@context":"https:\/\/schema.org","@graph":[{"@type":"WebPage","@id":"https:\/\/xactskateshop.com\/fr\/produit\/bont-g15-80mm-84mm-90mm-roue-de-patin-a-roues-alignees\/","url":"https:\/\/xactskateshop.com\/fr\/produit\/bont-g15-80mm-84mm-90mm-roue-de-patin-a-roues-alignees\/","name":"BONT G15 wheel %sep%%Xact Skate Shop%.","isPartOf":{"@id":"http:\/\/xactskateshop.com\/fr\/#website"},"primaryImageOfPage":{"@id":"https:\/\/xactskateshop.com\/fr\/produit\/bont-g15-80mm-84mm-90mm-roue-de-patin-a-roues-alignees\/#primaryimage"},"image":{"@id":"https:\/\/xactskateshop.com\/fr\/produit\/bont-g15-80mm-84mm-90mm-roue-de-patin-a-roues-alignees\/#primaryimage"},"thumbnailUrl":"https:\/\/xactskateshop.com\/wp-content\/uploads\/2021\/05\/G15-90mm.jpg","datePublished":"2021-05-29T14:49:44+00:00","description":"Roue BONT G15. Les roues Bont G15 Inline Skate sont les m\u00eames que les roues Bont G14, mais avec un nouveau graphisme. Achetez les v\u00f4tres ici !","breadcrumb":{"@id":"https:\/\/xactskateshop.com\/fr\/produit\/bont-g15-80mm-84mm-90mm-roue-de-patin-a-roues-alignees\/#breadcrumb"},"inLanguage":"fr-FR","potentialAction":[{"@type":"ReadAction","target":["https:\/\/xactskateshop.com\/fr\/produit\/bont-g15-80mm-84mm-90mm-roue-de-patin-a-roues-alignees\/"]}]},{"@type":"ImageObject","inLanguage":"fr-FR","@id":"https:\/\/xactskateshop.com\/fr\/produit\/bont-g15-80mm-84mm-90mm-roue-de-patin-a-roues-alignees\/#primaryimage","url":"https:\/\/xactskateshop.com\/wp-content\/uploads\/2021\/05\/G15-90mm.jpg","contentUrl":"https:\/\/xactskateshop.com\/wp-content\/uploads\/2021\/05\/G15-90mm.jpg","width":1000,"height":1000,"caption":"Roue BONT G15"},{"@type":"BreadcrumbList","@id":"https:\/\/xactskateshop.com\/fr\/produit\/bont-g15-80mm-84mm-90mm-roue-de-patin-a-roues-alignees\/#breadcrumb","itemListElement":[{"@type":"ListItem","position":1,"name":"Home","item":"https:\/\/xactskateshop.com\/fr\/accueil\/"},{"@type":"ListItem","position":2,"name":"Boutique","item":"https:\/\/xactskateshop.com\/shop\/"},{"@type":"ListItem","position":3,"name":"BONT G15 80mm 84mm 90mm Roue de patin \u00e0 roues align\u00e9es"}]},{"@type":"WebSite","@id":"http:\/\/xactskateshop.com\/fr\/#website","url":"http:\/\/xactskateshop.com\/fr\/","name":"Xact Skate Shop","description":"Un site utilisant WordPress","publisher":{"@id":"http:\/\/xactskateshop.com\/fr\/#organization"},"potentialAction":[{"@type":"SearchAction","target":{"@type":"EntryPoint","urlTemplate":"http:\/\/xactskateshop.com\/fr\/?s={search_term_string}"},"query-input":{"@type":"PropertyValueSpecification","valueRequired":true,"valueName":"search_term_string"}}],"inLanguage":"fr-FR"},{"@type":"Organization","@id":"http:\/\/xactskateshop.com\/fr\/#organization","name":"XACT Skate Shop","url":"http:\/\/xactskateshop.com\/fr\/","logo":{"@type":"ImageObject","inLanguage":"fr-FR","@id":"http:\/\/xactskateshop.com\/fr\/#\/schema\/logo\/image\/","url":"http:\/\/xactskateshop.com\/wp-content\/uploads\/2024\/04\/xactskateshop-dot-com-avec-contour-noir-sans-fond-675x.jpg","contentUrl":"http:\/\/xactskateshop.com\/wp-content\/uploads\/2024\/04\/xactskateshop-dot-com-avec-contour-noir-sans-fond-675x.jpg","width":675,"height":247,"caption":"XACT Skate Shop"},"image":{"@id":"http:\/\/xactskateshop.com\/fr\/#\/schema\/logo\/image\/"},"sameAs":["https:\/\/www.facebook.com\/JeanLouiskateshop"]}]}},"_links":{"self":[{"href":"https:\/\/xactskateshop.com\/fr\/wp-json\/wp\/v2\/product\/59037","targetHints":{"allow":["GET"]}}],"collection":[{"href":"https:\/\/xactskateshop.com\/fr\/wp-json\/wp\/v2\/product"}],"about":[{"href":"https:\/\/xactskateshop.com\/fr\/wp-json\/wp\/v2\/types\/product"}],"replies":[{"embeddable":true,"href":"https:\/\/xactskateshop.com\/fr\/wp-json\/wp\/v2\/comments?post=59037"}],"wp:featuredmedia":[{"embeddable":true,"href":"https:\/\/xactskateshop.com\/fr\/wp-json\/wp\/v2\/media\/29219"}],"wp:attachment":[{"href":"https:\/\/xactskateshop.com\/fr\/wp-json\/wp\/v2\/media?parent=59037"}],"wp:term":[{"taxonomy":"product_brand","embeddable":true,"href":"https:\/\/xactskateshop.com\/fr\/wp-json\/wp\/v2\/product_brand?post=59037"},{"taxonomy":"product_cat","embeddable":true,"href":"https:\/\/xactskateshop.com\/fr\/wp-json\/wp\/v2\/product_cat?post=59037"},{"taxonomy":"product_tag","embeddable":true,"href":"https:\/\/xactskateshop.com\/fr\/wp-json\/wp\/v2\/product_tag?post=59037"}],"curies":[{"name":"wp","href":"https:\/\/api.w.org\/{rel}","templated":true}]}}