{"id":59027,"date":"2021-04-29T15:03:42","date_gmt":"2021-04-29T19:03:42","guid":{"rendered":"http:\/\/xactskateshop.com\/product\/bont-red-magic-90mm-100mm-110mm-roue-de-skate-inline\/"},"modified":"2021-04-29T15:03:42","modified_gmt":"2021-04-29T19:03:42","slug":"bont-red-magic-90mm-100mm-110mm-roue-de-skate-inline","status":"publish","type":"product","link":"https:\/\/xactskateshop.com\/fr\/produit\/bont-red-magic-90mm-100mm-110mm-roue-de-skate-inline\/","title":{"rendered":"BONT RED MAGIC 90mm 100mm 110mm Roue de Skate Inline"},"content":{"rendered":"<p>BONT Roue magique rouge<\/p>\n<p><strong>Plus de vitesse et d&#8217;adh\u00e9rence que jamais !<\/strong><\/p>\n<div><\/div>\n<div>\n<p>La roue Bont Red Magic Inline Wheel est la roue de course de patinage de vitesse en ligne la plus populaire sur le march\u00e9 gr\u00e2ce \u00e0 la collaboration avec les roues MPC. Les roues MPC sont c\u00e9l\u00e8bres pour leur &#8220;Flex Band&#8221; brevet\u00e9 qui offre une adh\u00e9rence incroyable. <\/p>\n<p>L&#8217;objectif principal de Red Magic est de maintenir des niveaux \u00e9lev\u00e9s d&#8217;adh\u00e9rence et d&#8217;augmenter le roulis tout en fournissant la roue de course de patins \u00e0 roues align\u00e9es la plus rapide. Par exemple, l&#8217;utilisation de la fibre de verre dans la structure du moyeu l&#8217;a rendu 7% plus rigide que les versions pr\u00e9c\u00e9dentes. De plus, l&#8217;ur\u00e9thane est plus rapide et plus homog\u00e8ne. Gr\u00e2ce \u00e0 ces deux avanc\u00e9es, nous avons produit la roue de course en ligne la plus rapide que le monde ait jamais vue. Cette roue est produite dans un certain nombre de tailles, y compris les roues de 110 mm, 100 mm et 90 mm. Les trois duret\u00e9s sont Firm qui convient aux routes accident\u00e9es ou aux sprinters, X-Firm qui est la meilleure roue polyvalente et convient \u00e0 la plupart des surfaces et XX-Firm qui convient aux pistes tr\u00e8s lisses et aux patineurs de longue distance.     <\/p>\n<p>MPC et Bont utilisent les commentaires des athl\u00e8tes sponsoris\u00e9s dans le monde entier pour am\u00e9liorer et perfectionner en permanence la roue Red Magic. C&#8217;est parti ! <\/p>\n<p><em>BREVET\u00c9 MTECH\u2122PATENT NO.S6,036,278 &amp; 6,227,622B1<\/em><\/p>\n<ul>\n<li><strong>Fabriqu\u00e9 aux : <\/strong>USA<\/li>\n<li><strong>Application : <\/strong>Route ou piste<\/li>\n<li><strong>Diam\u00e8tre :<\/strong> 90mm, 100mm, 110mm<\/li>\n<li><span lang=\"EN-US\"><strong>Duret\u00e9 : <\/strong>Ferme, X-ferme, XX-ferme<\/span><\/li>\n<li><span lang=\"EN-US\" xml:lang=\"EN-US\"><strong>Taille du palier :<\/strong> 608<\/span><\/li>\n<\/ul>\n<p><span lang=\"EN-US\" xml:lang=\"EN-US\">La roue de roller Bont Red Magic est disponible en 90mm, 100mm ou 110mm de diam\u00e8tre. La conception unique du moyeu \u00e0 ventilateur refroidit l&#8217;ur\u00e9thane \u00e0 grande vitesse. C&#8217;est la roue \u00e0 moyeu plastique la plus rapide que l&#8217;on puisse acheter. La seule roue au monde plus rapide est la <a title=\"Bont Avenger Roue de patinage en ligne 110mm\" href=\"https:\/\/bont.com\/products\/avenger-110mm-inline-skate-wheel\">roue Bont Avenger<\/a>.   <\/span><\/p>\n<p><span lang=\"EN-US\" xml:lang=\"EN-US\"><strong><span lang=\"EN-US\">*Le prix s&#8217;entend par roue.  <\/span><\/strong><\/span><\/p>\n<p>&nbsp;<\/p>\n<\/div>\n","protected":false},"excerpt":{"rendered":"<p><strong>Plus de vitesse et d&#8217;adh\u00e9rence que jamais !<\/strong><\/p>\n<div><\/div>\n<div>\n<p>La roue Bont Red Magic Inline Wheel est la roue de course de patinage de vitesse en ligne la plus populaire sur le march\u00e9 gr\u00e2ce \u00e0 la collaboration avec les roues MPC. Les roues MPC sont c\u00e9l\u00e8bres pour leur &#8220;Flex Band&#8221; brevet\u00e9 qui offre une adh\u00e9rence incroyable. <\/p>\n<\/div>\n","protected":false},"featured_media":28821,"comment_status":"closed","ping_status":"closed","template":"","meta":{"site-sidebar-layout":"default","site-content-layout":"default","ast-site-content-layout":"default","site-content-style":"default","site-sidebar-style":"default","ast-global-header-display":"","ast-banner-title-visibility":"","ast-main-header-display":"","ast-hfb-above-header-display":"","ast-hfb-below-header-display":"","ast-hfb-mobile-header-display":"","site-post-title":"","ast-breadcrumbs-content":"","ast-featured-img":"","footer-sml-layout":"","theme-transparent-header-meta":"default","adv-header-id-meta":"","stick-header-meta":"","header-above-stick-meta":"","header-main-stick-meta":"","header-below-stick-meta":"","astra-migrate-meta-layouts":"default","ast-page-background-enabled":"default","ast-page-background-meta":{"desktop":{"background-color":"","background-image":"","background-repeat":"repeat","background-position":"center center","background-size":"auto","background-attachment":"scroll","background-type":"","background-media":"","overlay-type":"","overlay-color":"","overlay-opacity":"","overlay-gradient":""},"tablet":{"background-color":"","background-image":"","background-repeat":"repeat","background-position":"center center","background-size":"auto","background-attachment":"scroll","background-type":"","background-media":"","overlay-type":"","overlay-color":"","overlay-opacity":"","overlay-gradient":""},"mobile":{"background-color":"","background-image":"","background-repeat":"repeat","background-position":"center center","background-size":"auto","background-attachment":"scroll","background-type":"","background-media":"","overlay-type":"","overlay-color":"","overlay-opacity":"","overlay-gradient":""}},"ast-content-background-meta":{"desktop":{"background-color":"var(--ast-global-color-5)","background-image":"","background-repeat":"repeat","background-position":"center center","background-size":"auto","background-attachment":"scroll","background-type":"","background-media":"","overlay-type":"","overlay-color":"","overlay-opacity":"","overlay-gradient":""},"tablet":{"background-color":"var(--ast-global-color-5)","background-image":"","background-repeat":"repeat","background-position":"center center","background-size":"auto","background-attachment":"scroll","background-type":"","background-media":"","overlay-type":"","overlay-color":"","overlay-opacity":"","overlay-gradient":""},"mobile":{"background-color":"var(--ast-global-color-5)","background-image":"","background-repeat":"repeat","background-position":"center center","background-size":"auto","background-attachment":"scroll","background-type":"","background-media":"","overlay-type":"","overlay-color":"","overlay-opacity":"","overlay-gradient":""}}},"product_brand":[],"product_cat":[1589,2020],"product_tag":[2164,2022,2023,2171],"class_list":{"0":"post-59027","1":"product","2":"type-product","3":"status-publish","4":"has-post-thumbnail","6":"product_cat-patinage-de-vitesse-a-roues-alignees","7":"product_cat-roues-fr","8":"product_tag-mpc-fr","9":"product_tag-roue-inline","10":"product_tag-roues-en-ligne-bont","11":"product_tag-roues-rouges-magiques","12":"desktop-align-center","13":"tablet-align-center","14":"mobile-align-center","15":"ast-product-gallery-layout-horizontal","16":"ast-product-single-variable","17":"ast-product-tabs-layout-horizontal","18":"ast-qv-on-image","20":"first","21":"instock","22":"taxable","23":"shipping-taxable","24":"purchasable","25":"product-type-variable"},"bundled_by":[],"bundle_stock_status":"instock","bundle_stock_quantity":null,"bundle_virtual":false,"bundle_layout":"","bundle_add_to_cart_form_location":"","bundle_editable_in_cart":false,"bundle_sold_individually_context":"","bundle_item_grouping":"","bundle_min_size":"","bundle_max_size":"","bundle_price":[],"bundled_items":[],"bundle_sell_ids":[],"yoast_head":"<!-- This site is optimized with the Yoast SEO plugin v27.4 - https:\/\/yoast.com\/product\/yoast-seo-wordpress\/ -->\n<title>BONT RED MAGIC 90mm 100mm 110mm Roue de Skate Inline - Xact Skate Shop<\/title>\n<meta name=\"description\" content=\"La roue Bont Red Magic Inline Wheel est la roue de course de patinage de vitesse en ligne la plus populaire sur le march\u00e9 gr\u00e2ce \u00e0 la collaboration avec les roues MPC. Achetez le v\u00f4tre ici !\" \/>\n<meta name=\"robots\" content=\"index, follow, max-snippet:-1, max-image-preview:large, max-video-preview:-1\" \/>\n<link rel=\"canonical\" href=\"https:\/\/xactskateshop.com\/fr\/produit\/bont-red-magic-90mm-100mm-110mm-roue-de-skate-inline\/\" \/>\n<meta property=\"og:locale\" content=\"fr_FR\" \/>\n<meta property=\"og:type\" content=\"article\" \/>\n<meta property=\"og:title\" content=\"BONT RED MAGIC 90mm 100mm 110mm Roue de Skate Inline - Xact Skate Shop\" \/>\n<meta property=\"og:description\" content=\"La roue Bont Red Magic Inline Wheel est la roue de course de patinage de vitesse en ligne la plus populaire sur le march\u00e9 gr\u00e2ce \u00e0 la collaboration avec les roues MPC. Achetez le v\u00f4tre ici !\" \/>\n<meta property=\"og:url\" content=\"https:\/\/xactskateshop.com\/fr\/produit\/bont-red-magic-90mm-100mm-110mm-roue-de-skate-inline\/\" \/>\n<meta property=\"og:site_name\" content=\"Xact Skate Shop\" \/>\n<meta property=\"article:publisher\" content=\"https:\/\/www.facebook.com\/JeanLouiskateshop\" \/>\n<meta property=\"og:image\" content=\"https:\/\/xactskateshop.com\/wp-content\/uploads\/2021\/03\/RedMagic-110mm-XX-Firm.jpg\" \/>\n\t<meta property=\"og:image:width\" content=\"1000\" \/>\n\t<meta property=\"og:image:height\" content=\"1000\" \/>\n\t<meta property=\"og:image:type\" content=\"image\/jpeg\" \/>\n<meta name=\"twitter:card\" content=\"summary_large_image\" \/>\n<meta name=\"twitter:label1\" content=\"Dur\u00e9e de lecture estim\u00e9e\" \/>\n\t<meta name=\"twitter:data1\" content=\"2 minutes\" \/>\n<script type=\"application\/ld+json\" class=\"yoast-schema-graph\">{\"@context\":\"https:\\\/\\\/schema.org\",\"@graph\":[{\"@type\":\"WebPage\",\"@id\":\"https:\\\/\\\/xactskateshop.com\\\/fr\\\/produit\\\/bont-red-magic-90mm-100mm-110mm-roue-de-skate-inline\\\/\",\"url\":\"https:\\\/\\\/xactskateshop.com\\\/fr\\\/produit\\\/bont-red-magic-90mm-100mm-110mm-roue-de-skate-inline\\\/\",\"name\":\"BONT RED MAGIC 90mm 100mm 110mm Roue de Skate Inline - Xact Skate Shop\",\"isPartOf\":{\"@id\":\"http:\\\/\\\/xactskateshop.com\\\/fr\\\/#website\"},\"primaryImageOfPage\":{\"@id\":\"https:\\\/\\\/xactskateshop.com\\\/fr\\\/produit\\\/bont-red-magic-90mm-100mm-110mm-roue-de-skate-inline\\\/#primaryimage\"},\"image\":{\"@id\":\"https:\\\/\\\/xactskateshop.com\\\/fr\\\/produit\\\/bont-red-magic-90mm-100mm-110mm-roue-de-skate-inline\\\/#primaryimage\"},\"thumbnailUrl\":\"https:\\\/\\\/xactskateshop.com\\\/wp-content\\\/uploads\\\/2021\\\/03\\\/RedMagic-110mm-XX-Firm.jpg\",\"datePublished\":\"2021-04-29T19:03:42+00:00\",\"description\":\"La roue Bont Red Magic Inline Wheel est la roue de course de patinage de vitesse en ligne la plus populaire sur le march\u00e9 gr\u00e2ce \u00e0 la collaboration avec les roues MPC. Achetez le v\u00f4tre ici !\",\"breadcrumb\":{\"@id\":\"https:\\\/\\\/xactskateshop.com\\\/fr\\\/produit\\\/bont-red-magic-90mm-100mm-110mm-roue-de-skate-inline\\\/#breadcrumb\"},\"inLanguage\":\"fr-FR\",\"potentialAction\":[{\"@type\":\"ReadAction\",\"target\":[\"https:\\\/\\\/xactskateshop.com\\\/fr\\\/produit\\\/bont-red-magic-90mm-100mm-110mm-roue-de-skate-inline\\\/\"]}]},{\"@type\":\"ImageObject\",\"inLanguage\":\"fr-FR\",\"@id\":\"https:\\\/\\\/xactskateshop.com\\\/fr\\\/produit\\\/bont-red-magic-90mm-100mm-110mm-roue-de-skate-inline\\\/#primaryimage\",\"url\":\"https:\\\/\\\/xactskateshop.com\\\/wp-content\\\/uploads\\\/2021\\\/03\\\/RedMagic-110mm-XX-Firm.jpg\",\"contentUrl\":\"https:\\\/\\\/xactskateshop.com\\\/wp-content\\\/uploads\\\/2021\\\/03\\\/RedMagic-110mm-XX-Firm.jpg\",\"width\":1000,\"height\":1000,\"caption\":\"BONT Roue magique rouge\"},{\"@type\":\"BreadcrumbList\",\"@id\":\"https:\\\/\\\/xactskateshop.com\\\/fr\\\/produit\\\/bont-red-magic-90mm-100mm-110mm-roue-de-skate-inline\\\/#breadcrumb\",\"itemListElement\":[{\"@type\":\"ListItem\",\"position\":1,\"name\":\"Home\",\"item\":\"https:\\\/\\\/xactskateshop.com\\\/fr\\\/accueil\\\/\"},{\"@type\":\"ListItem\",\"position\":2,\"name\":\"Boutique\",\"item\":\"https:\\\/\\\/xactskateshop.com\\\/shop\\\/\"},{\"@type\":\"ListItem\",\"position\":3,\"name\":\"BONT RED MAGIC 90mm 100mm 110mm Roue de Skate Inline\"}]},{\"@type\":\"WebSite\",\"@id\":\"http:\\\/\\\/xactskateshop.com\\\/fr\\\/#website\",\"url\":\"http:\\\/\\\/xactskateshop.com\\\/fr\\\/\",\"name\":\"Xact Skate Shop\",\"description\":\"Un site utilisant WordPress\",\"publisher\":{\"@id\":\"http:\\\/\\\/xactskateshop.com\\\/fr\\\/#organization\"},\"potentialAction\":[{\"@type\":\"SearchAction\",\"target\":{\"@type\":\"EntryPoint\",\"urlTemplate\":\"http:\\\/\\\/xactskateshop.com\\\/fr\\\/?s={search_term_string}\"},\"query-input\":{\"@type\":\"PropertyValueSpecification\",\"valueRequired\":true,\"valueName\":\"search_term_string\"}}],\"inLanguage\":\"fr-FR\"},{\"@type\":\"Organization\",\"@id\":\"http:\\\/\\\/xactskateshop.com\\\/fr\\\/#organization\",\"name\":\"XACT Skate Shop\",\"url\":\"http:\\\/\\\/xactskateshop.com\\\/fr\\\/\",\"logo\":{\"@type\":\"ImageObject\",\"inLanguage\":\"fr-FR\",\"@id\":\"http:\\\/\\\/xactskateshop.com\\\/fr\\\/#\\\/schema\\\/logo\\\/image\\\/\",\"url\":\"http:\\\/\\\/xactskateshop.com\\\/wp-content\\\/uploads\\\/2024\\\/04\\\/xactskateshop-dot-com-avec-contour-noir-sans-fond-675x.jpg\",\"contentUrl\":\"http:\\\/\\\/xactskateshop.com\\\/wp-content\\\/uploads\\\/2024\\\/04\\\/xactskateshop-dot-com-avec-contour-noir-sans-fond-675x.jpg\",\"width\":675,\"height\":247,\"caption\":\"XACT Skate Shop\"},\"image\":{\"@id\":\"http:\\\/\\\/xactskateshop.com\\\/fr\\\/#\\\/schema\\\/logo\\\/image\\\/\"},\"sameAs\":[\"https:\\\/\\\/www.facebook.com\\\/JeanLouiskateshop\"]}]}<\/script>\n<!-- \/ Yoast SEO plugin. -->","yoast_head_json":{"title":"BONT RED MAGIC 90mm 100mm 110mm Roue de Skate Inline - Xact Skate Shop","description":"La roue Bont Red Magic Inline Wheel est la roue de course de patinage de vitesse en ligne la plus populaire sur le march\u00e9 gr\u00e2ce \u00e0 la collaboration avec les roues MPC. Achetez le v\u00f4tre ici !","robots":{"index":"index","follow":"follow","max-snippet":"max-snippet:-1","max-image-preview":"max-image-preview:large","max-video-preview":"max-video-preview:-1"},"canonical":"https:\/\/xactskateshop.com\/fr\/produit\/bont-red-magic-90mm-100mm-110mm-roue-de-skate-inline\/","og_locale":"fr_FR","og_type":"article","og_title":"BONT RED MAGIC 90mm 100mm 110mm Roue de Skate Inline - Xact Skate Shop","og_description":"La roue Bont Red Magic Inline Wheel est la roue de course de patinage de vitesse en ligne la plus populaire sur le march\u00e9 gr\u00e2ce \u00e0 la collaboration avec les roues MPC. Achetez le v\u00f4tre ici !","og_url":"https:\/\/xactskateshop.com\/fr\/produit\/bont-red-magic-90mm-100mm-110mm-roue-de-skate-inline\/","og_site_name":"Xact Skate Shop","article_publisher":"https:\/\/www.facebook.com\/JeanLouiskateshop","og_image":[{"width":1000,"height":1000,"url":"https:\/\/xactskateshop.com\/wp-content\/uploads\/2021\/03\/RedMagic-110mm-XX-Firm.jpg","type":"image\/jpeg"}],"twitter_card":"summary_large_image","twitter_misc":{"Dur\u00e9e de lecture estim\u00e9e":"2 minutes"},"schema":{"@context":"https:\/\/schema.org","@graph":[{"@type":"WebPage","@id":"https:\/\/xactskateshop.com\/fr\/produit\/bont-red-magic-90mm-100mm-110mm-roue-de-skate-inline\/","url":"https:\/\/xactskateshop.com\/fr\/produit\/bont-red-magic-90mm-100mm-110mm-roue-de-skate-inline\/","name":"BONT RED MAGIC 90mm 100mm 110mm Roue de Skate Inline - Xact Skate Shop","isPartOf":{"@id":"http:\/\/xactskateshop.com\/fr\/#website"},"primaryImageOfPage":{"@id":"https:\/\/xactskateshop.com\/fr\/produit\/bont-red-magic-90mm-100mm-110mm-roue-de-skate-inline\/#primaryimage"},"image":{"@id":"https:\/\/xactskateshop.com\/fr\/produit\/bont-red-magic-90mm-100mm-110mm-roue-de-skate-inline\/#primaryimage"},"thumbnailUrl":"https:\/\/xactskateshop.com\/wp-content\/uploads\/2021\/03\/RedMagic-110mm-XX-Firm.jpg","datePublished":"2021-04-29T19:03:42+00:00","description":"La roue Bont Red Magic Inline Wheel est la roue de course de patinage de vitesse en ligne la plus populaire sur le march\u00e9 gr\u00e2ce \u00e0 la collaboration avec les roues MPC. Achetez le v\u00f4tre ici !","breadcrumb":{"@id":"https:\/\/xactskateshop.com\/fr\/produit\/bont-red-magic-90mm-100mm-110mm-roue-de-skate-inline\/#breadcrumb"},"inLanguage":"fr-FR","potentialAction":[{"@type":"ReadAction","target":["https:\/\/xactskateshop.com\/fr\/produit\/bont-red-magic-90mm-100mm-110mm-roue-de-skate-inline\/"]}]},{"@type":"ImageObject","inLanguage":"fr-FR","@id":"https:\/\/xactskateshop.com\/fr\/produit\/bont-red-magic-90mm-100mm-110mm-roue-de-skate-inline\/#primaryimage","url":"https:\/\/xactskateshop.com\/wp-content\/uploads\/2021\/03\/RedMagic-110mm-XX-Firm.jpg","contentUrl":"https:\/\/xactskateshop.com\/wp-content\/uploads\/2021\/03\/RedMagic-110mm-XX-Firm.jpg","width":1000,"height":1000,"caption":"BONT Roue magique rouge"},{"@type":"BreadcrumbList","@id":"https:\/\/xactskateshop.com\/fr\/produit\/bont-red-magic-90mm-100mm-110mm-roue-de-skate-inline\/#breadcrumb","itemListElement":[{"@type":"ListItem","position":1,"name":"Home","item":"https:\/\/xactskateshop.com\/fr\/accueil\/"},{"@type":"ListItem","position":2,"name":"Boutique","item":"https:\/\/xactskateshop.com\/shop\/"},{"@type":"ListItem","position":3,"name":"BONT RED MAGIC 90mm 100mm 110mm Roue de Skate Inline"}]},{"@type":"WebSite","@id":"http:\/\/xactskateshop.com\/fr\/#website","url":"http:\/\/xactskateshop.com\/fr\/","name":"Xact Skate Shop","description":"Un site utilisant WordPress","publisher":{"@id":"http:\/\/xactskateshop.com\/fr\/#organization"},"potentialAction":[{"@type":"SearchAction","target":{"@type":"EntryPoint","urlTemplate":"http:\/\/xactskateshop.com\/fr\/?s={search_term_string}"},"query-input":{"@type":"PropertyValueSpecification","valueRequired":true,"valueName":"search_term_string"}}],"inLanguage":"fr-FR"},{"@type":"Organization","@id":"http:\/\/xactskateshop.com\/fr\/#organization","name":"XACT Skate Shop","url":"http:\/\/xactskateshop.com\/fr\/","logo":{"@type":"ImageObject","inLanguage":"fr-FR","@id":"http:\/\/xactskateshop.com\/fr\/#\/schema\/logo\/image\/","url":"http:\/\/xactskateshop.com\/wp-content\/uploads\/2024\/04\/xactskateshop-dot-com-avec-contour-noir-sans-fond-675x.jpg","contentUrl":"http:\/\/xactskateshop.com\/wp-content\/uploads\/2024\/04\/xactskateshop-dot-com-avec-contour-noir-sans-fond-675x.jpg","width":675,"height":247,"caption":"XACT Skate Shop"},"image":{"@id":"http:\/\/xactskateshop.com\/fr\/#\/schema\/logo\/image\/"},"sameAs":["https:\/\/www.facebook.com\/JeanLouiskateshop"]}]}},"_links":{"self":[{"href":"https:\/\/xactskateshop.com\/fr\/wp-json\/wp\/v2\/product\/59027","targetHints":{"allow":["GET"]}}],"collection":[{"href":"https:\/\/xactskateshop.com\/fr\/wp-json\/wp\/v2\/product"}],"about":[{"href":"https:\/\/xactskateshop.com\/fr\/wp-json\/wp\/v2\/types\/product"}],"replies":[{"embeddable":true,"href":"https:\/\/xactskateshop.com\/fr\/wp-json\/wp\/v2\/comments?post=59027"}],"wp:featuredmedia":[{"embeddable":true,"href":"https:\/\/xactskateshop.com\/fr\/wp-json\/wp\/v2\/media\/28821"}],"wp:attachment":[{"href":"https:\/\/xactskateshop.com\/fr\/wp-json\/wp\/v2\/media?parent=59027"}],"wp:term":[{"taxonomy":"product_brand","embeddable":true,"href":"https:\/\/xactskateshop.com\/fr\/wp-json\/wp\/v2\/product_brand?post=59027"},{"taxonomy":"product_cat","embeddable":true,"href":"https:\/\/xactskateshop.com\/fr\/wp-json\/wp\/v2\/product_cat?post=59027"},{"taxonomy":"product_tag","embeddable":true,"href":"https:\/\/xactskateshop.com\/fr\/wp-json\/wp\/v2\/product_tag?post=59027"}],"curies":[{"name":"wp","href":"https:\/\/api.w.org\/{rel}","templated":true}]}}