{"id":59021,"date":"2021-04-29T16:20:09","date_gmt":"2021-04-29T20:20:09","guid":{"rendered":"http:\/\/xactskateshop.com\/product\/cadomotus-magic-roue-de-patin-a-roues-alignees-110mm\/"},"modified":"2021-04-29T16:20:09","modified_gmt":"2021-04-29T20:20:09","slug":"cadomotus-magic-roue-de-patin-a-roues-alignees-110mm","status":"publish","type":"product","link":"https:\/\/xactskateshop.com\/fr\/produit\/cadomotus-magic-roue-de-patin-a-roues-alignees-110mm\/","title":{"rendered":"CADOMOTUS MAGIC Roue de patin \u00e0 roues align\u00e9es 110mm"},"content":{"rendered":"<div id=\"product-content\" class=\"product-content general-content content-col mobile-popup\" data-popup=\"product-content\">\n<div class=\"popup-inner\">\n<div class=\"title-small title-font\">\n<div class=\"content-left\">\n<div id=\"product-content\" class=\"product-content general-content content-col mobile-popup\" data-popup=\"product-content\">\n<div class=\"popup-inner\">\n<div>Roues Cadomotus Magic 110mm<\/div>\n<div class=\"title-small title-font\">Description<\/div>\n<p>Les roues Magic 110mm inline sont une alternative abordable aux roues MPC. Le moyeu TPU \u00e0 double bande et le profil de course garantissent une bonne performance pour tous les patineurs de comp\u00e9tition. Essayez-les et \u00e9conomisez de l&#8217;argent !  <\/p>\n<ul>\n<li>La roue Firm est une roue de sprint sur route ou sur piste. Roulez en FIRM lorsque les conditions de course sont difficiles ou glissantes. <\/li>\n<li>La Magic XFirm est la roue la plus polyvalente de la collection.<\/li>\n<li>La roue Magic XXFirm est plus dure, offre le moins de r\u00e9sistance et roule mieux que XF.<\/li>\n<\/ul>\n<h2>Quelle taille de roue dois-je choisir ?<\/h2>\n<p>En r\u00e9sum\u00e9, vous pouvez dire que les configurations de roues 3 x Magic 125 mm et 4 x Magic 110 mm conviennent aux patineurs puissants et aux comp\u00e9titeurs. Les configurations de 100 mm conviennent bien aux patineurs plus petits, y compris les juniors et les femmes, tandis que les configurations de roues de 3 x 90 mm conviennent mieux aux enfants. Ils peuvent ainsi s&#8217;habituer \u00e0 des roues plus grandes tout en conservant leur agilit\u00e9 et en profitant de patins l\u00e9gers, ce qui les aidera \u00e0 d\u00e9velopper leurs comp\u00e9tences et pourrait \u00e9ventuellement faire d&#8217;eux de futurs champions.  <\/p>\n<p>Quand pr\u00e9f\u00e9rez-vous plus de roulis avec des roues 3x 125 ?<\/p>\n<ul>\n<li>&#8211; dans les randonn\u00e9es en groupe<\/li>\n<li>&#8211; \u00e0 des vitesses moyennes \u00e9lev\u00e9es<\/li>\n<li>&#8211; sur des parcours de marathon rapides<\/li>\n<\/ul>\n<p>Quand pr\u00e9f\u00e9rez-vous une acc\u00e9l\u00e9ration plus rapide des roues 4x 100 ou 110 ?<\/p>\n<ul>\n<li>&#8211; monter une c\u00f4te<\/li>\n<li>&#8211; pendant les intervalles ou le sprint<\/li>\n<li>&#8211; sur la piste ou sur des circuits routiers plus courts<\/li>\n<\/ul>\n<h2>Acc\u00e9l\u00e9ration (et roulis) de roues de patins \u00e0 roues align\u00e9es de diff\u00e9rentes tailles<\/h2>\n<p>L&#8217;inertie de rotation, ou moment d&#8217;inertie, est l&#8217;\u00e9quivalent de la masse en rotation ; c&#8217;est la quantit\u00e9 que nous voulons mesurer pour d\u00e9terminer la quantit\u00e9 d&#8217;\u00e9nergie n\u00e9cessaire pour acc\u00e9l\u00e9rer une roue. Nous pouvons facilement mesurer la masse de la roue, mais il n&#8217;est pas certain que la roue la plus l\u00e9g\u00e8re ait le moment d&#8217;inertie le plus faible, et vice versa. <\/p>\n<p>Cette vid\u00e9o montre une exp\u00e9rience simple qui permet de visualiser l&#8217;effet d&#8217;un moment d&#8217;inertie diff\u00e9rent entre une roue en ligne de 110 mm et une roue en ligne de 125 mm.<\/p>\n<p><iframe title=\"Rotational inertia of an inline skate wheel\" width=\"500\" height=\"281\" src=\"https:\/\/www.youtube.com\/embed\/6LeAWnt9E7s?feature=oembed\" frameborder=\"0\" allow=\"accelerometer; autoplay; clipboard-write; encrypted-media; gyroscope; picture-in-picture; web-share\" referrerpolicy=\"strict-origin-when-cross-origin\" allowfullscreen><\/iframe><\/p>\n<\/div>\n<\/div>\n<\/div>\n<div class=\"content-right\">\n<div class=\"content-col specs mobile-popup\" data-popup=\"product-specs\">\n<div class=\"popup-inner\">\n<div class=\"title-small title-font\">Sp\u00e9cifications<\/div>\n<div class=\"spec-table\">\n<table>\n<tbody>\n<tr>\n<td class=\"spec-title\"><strong>Taille des roues (mm)<\/strong><\/td>\n<td>110<\/td>\n<\/tr>\n<tr>\n<td class=\"spec-title\"><strong>Bande en PU<\/strong><\/td>\n<td>Double durom\u00e8tre<\/td>\n<\/tr>\n<tr>\n<td class=\"spec-title\"><strong>Conception du moyeu<\/strong><\/td>\n<td>9 rayons radiaux<\/td>\n<\/tr>\n<tr>\n<td class=\"spec-title\"><strong>Taille du moyeu (mm)<\/strong><\/td>\n<td>72<\/td>\n<\/tr>\n<tr>\n<td class=\"spec-title\"><strong>Performances<\/strong><\/td>\n<td>Grandes courbes, forte adh\u00e9rence<\/td>\n<\/tr>\n<tr>\n<td class=\"spec-title\"><strong>Les roues sont id\u00e9ales pour<\/strong><\/td>\n<td>Piste sprint, Piste longue distance, Int\u00e9rieur (sol sportif g\u00e9n\u00e9ral)<\/td>\n<\/tr>\n<tr>\n<td class=\"spec-title\"><strong>Rebond des roues<\/strong><\/td>\n<td>r\u00e9ponse rapide<\/td>\n<\/tr>\n<tr>\n<td class=\"spec-title\"><strong>Roulez<\/strong><\/td>\n<td>constant et rapide<\/td>\n<\/tr>\n<tr>\n<td class=\"spec-title\"><strong>Duret\u00e9<\/strong><\/td>\n<td><\/td>\n<\/tr>\n<tr>\n<td class=\"spec-title\"><strong>Durabilit\u00e9<\/strong><\/td>\n<td>bon pour la piste<\/td>\n<\/tr>\n<tr>\n<td class=\"spec-title\"><strong>Le meilleur grip<\/strong><\/td>\n<td>sur la piste<\/td>\n<\/tr>\n<tr>\n<td class=\"spec-title\"><strong>Meilleure performance avec les entretoises<\/strong><\/td>\n<td>10.25<\/td>\n<\/tr>\n<tr>\n<td class=\"spec-title\"><strong>Conditions m\u00e9t\u00e9orologiques<\/strong><\/td>\n<td>S\u00e8ches<\/td>\n<\/tr>\n<tr>\n<td class=\"spec-title\"><strong>Poids de la roue (g)<\/strong><\/td>\n<td>184<\/td>\n<\/tr>\n<\/tbody>\n<\/table>\n<\/div>\n<\/div>\n<\/div>\n<\/div>\n<\/div>\n<\/div>\n<\/div>\n<div class=\"content-col specs mobile-popup\" data-popup=\"product-specs\">\n<div class=\"popup-inner\"><\/div>\n<\/div>\n","protected":false},"excerpt":{"rendered":"<p>Roues Cadomotus Magic 110mm<\/p>\n<p>Les roues Magic 110mm inline sont une alternative abordable aux roues MPC. Le moyeu TPU \u00e0 double bande et le profil de course garantissent une bonne performance pour tous les patineurs de comp\u00e9tition. Essayez-les et \u00e9conomisez de l&#8217;argent !  <\/p>\n","protected":false},"featured_media":29208,"comment_status":"closed","ping_status":"closed","template":"","meta":{"site-sidebar-layout":"default","site-content-layout":"default","ast-site-content-layout":"default","site-content-style":"default","site-sidebar-style":"default","ast-global-header-display":"","ast-banner-title-visibility":"","ast-main-header-display":"","ast-hfb-above-header-display":"","ast-hfb-below-header-display":"","ast-hfb-mobile-header-display":"","site-post-title":"","ast-breadcrumbs-content":"","ast-featured-img":"","footer-sml-layout":"","theme-transparent-header-meta":"default","adv-header-id-meta":"","stick-header-meta":"","header-above-stick-meta":"","header-main-stick-meta":"","header-below-stick-meta":"","astra-migrate-meta-layouts":"default","ast-page-background-enabled":"default","ast-page-background-meta":{"desktop":{"background-color":"","background-image":"","background-repeat":"repeat","background-position":"center center","background-size":"auto","background-attachment":"scroll","background-type":"","background-media":"","overlay-type":"","overlay-color":"","overlay-opacity":"","overlay-gradient":""},"tablet":{"background-color":"","background-image":"","background-repeat":"repeat","background-position":"center center","background-size":"auto","background-attachment":"scroll","background-type":"","background-media":"","overlay-type":"","overlay-color":"","overlay-opacity":"","overlay-gradient":""},"mobile":{"background-color":"","background-image":"","background-repeat":"repeat","background-position":"center center","background-size":"auto","background-attachment":"scroll","background-type":"","background-media":"","overlay-type":"","overlay-color":"","overlay-opacity":"","overlay-gradient":""}},"ast-content-background-meta":{"desktop":{"background-color":"var(--ast-global-color-5)","background-image":"","background-repeat":"repeat","background-position":"center center","background-size":"auto","background-attachment":"scroll","background-type":"","background-media":"","overlay-type":"","overlay-color":"","overlay-opacity":"","overlay-gradient":""},"tablet":{"background-color":"var(--ast-global-color-5)","background-image":"","background-repeat":"repeat","background-position":"center center","background-size":"auto","background-attachment":"scroll","background-type":"","background-media":"","overlay-type":"","overlay-color":"","overlay-opacity":"","overlay-gradient":""},"mobile":{"background-color":"var(--ast-global-color-5)","background-image":"","background-repeat":"repeat","background-position":"center center","background-size":"auto","background-attachment":"scroll","background-type":"","background-media":"","overlay-type":"","overlay-color":"","overlay-opacity":"","overlay-gradient":""}}},"product_brand":[],"product_cat":[1589,2020],"product_tag":[2164,2022,2059,2173,2024],"class_list":{"0":"post-59021","1":"product","2":"type-product","3":"status-publish","4":"has-post-thumbnail","6":"product_cat-patinage-de-vitesse-a-roues-alignees","7":"product_cat-roues-fr","8":"product_tag-mpc-fr","9":"product_tag-roue-inline","10":"product_tag-roues-de-cadomutus","11":"product_tag-roues-magiques-mpc","12":"product_tag-roues-toutes-surfaces","13":"desktop-align-center","14":"tablet-align-center","15":"mobile-align-center","16":"ast-product-gallery-layout-horizontal","17":"ast-product-single-variable","18":"ast-product-tabs-layout-horizontal","19":"ast-qv-on-image","21":"first","22":"instock","23":"taxable","24":"shipping-taxable","25":"purchasable","26":"product-type-variable"},"bundled_by":[],"bundle_stock_status":"instock","bundle_stock_quantity":null,"bundle_virtual":false,"bundle_layout":"","bundle_add_to_cart_form_location":"","bundle_editable_in_cart":false,"bundle_sold_individually_context":"","bundle_item_grouping":"","bundle_min_size":"","bundle_max_size":"","bundle_price":[],"bundled_items":[],"bundle_sell_ids":[],"yoast_head":"<!-- This site is optimized with the Yoast SEO plugin v27.4 - https:\/\/yoast.com\/product\/yoast-seo-wordpress\/ -->\n<title>Roues Magic 110mm %sep%%Xact Skate Shop.<\/title>\n<meta name=\"description\" content=\"Roues Magic 110mm. Elles sont une alternative abordable aux roues MPC. Moyeu TPU \u00e0 double bande avec profil de course pour de bonnes performances pour les patineurs de comp\u00e9tition.\" \/>\n<meta name=\"robots\" content=\"index, follow, max-snippet:-1, max-image-preview:large, max-video-preview:-1\" \/>\n<link rel=\"canonical\" href=\"https:\/\/xactskateshop.com\/fr\/produit\/cadomotus-magic-roue-de-patin-a-roues-alignees-110mm\/\" \/>\n<meta property=\"og:locale\" content=\"fr_FR\" \/>\n<meta property=\"og:type\" content=\"article\" \/>\n<meta property=\"og:title\" content=\"Roues Magic 110mm %sep%%Xact Skate Shop.\" \/>\n<meta property=\"og:description\" content=\"Roues Magic 110mm. Elles sont une alternative abordable aux roues MPC. Moyeu TPU \u00e0 double bande avec profil de course pour de bonnes performances pour les patineurs de comp\u00e9tition.\" \/>\n<meta property=\"og:url\" content=\"https:\/\/xactskateshop.com\/fr\/produit\/cadomotus-magic-roue-de-patin-a-roues-alignees-110mm\/\" \/>\n<meta property=\"og:site_name\" content=\"Xact Skate Shop\" \/>\n<meta property=\"article:publisher\" content=\"https:\/\/www.facebook.com\/JeanLouiskateshop\" \/>\n<meta property=\"og:image\" content=\"https:\/\/xactskateshop.com\/wp-content\/uploads\/2021\/04\/magic110xxf.jpg\" \/>\n\t<meta property=\"og:image:width\" content=\"705\" \/>\n\t<meta property=\"og:image:height\" content=\"705\" \/>\n\t<meta property=\"og:image:type\" content=\"image\/jpeg\" \/>\n<meta name=\"twitter:card\" content=\"summary_large_image\" \/>\n<meta name=\"twitter:label1\" content=\"Dur\u00e9e de lecture estim\u00e9e\" \/>\n\t<meta name=\"twitter:data1\" content=\"2 minutes\" \/>\n<script type=\"application\/ld+json\" class=\"yoast-schema-graph\">{\"@context\":\"https:\\\/\\\/schema.org\",\"@graph\":[{\"@type\":\"WebPage\",\"@id\":\"https:\\\/\\\/xactskateshop.com\\\/fr\\\/produit\\\/cadomotus-magic-roue-de-patin-a-roues-alignees-110mm\\\/\",\"url\":\"https:\\\/\\\/xactskateshop.com\\\/fr\\\/produit\\\/cadomotus-magic-roue-de-patin-a-roues-alignees-110mm\\\/\",\"name\":\"Roues Magic 110mm %sep%%Xact Skate Shop.\",\"isPartOf\":{\"@id\":\"http:\\\/\\\/xactskateshop.com\\\/fr\\\/#website\"},\"primaryImageOfPage\":{\"@id\":\"https:\\\/\\\/xactskateshop.com\\\/fr\\\/produit\\\/cadomotus-magic-roue-de-patin-a-roues-alignees-110mm\\\/#primaryimage\"},\"image\":{\"@id\":\"https:\\\/\\\/xactskateshop.com\\\/fr\\\/produit\\\/cadomotus-magic-roue-de-patin-a-roues-alignees-110mm\\\/#primaryimage\"},\"thumbnailUrl\":\"https:\\\/\\\/xactskateshop.com\\\/wp-content\\\/uploads\\\/2021\\\/04\\\/magic110xxf.jpg\",\"datePublished\":\"2021-04-29T20:20:09+00:00\",\"description\":\"Roues Magic 110mm. Elles sont une alternative abordable aux roues MPC. Moyeu TPU \u00e0 double bande avec profil de course pour de bonnes performances pour les patineurs de comp\u00e9tition.\",\"breadcrumb\":{\"@id\":\"https:\\\/\\\/xactskateshop.com\\\/fr\\\/produit\\\/cadomotus-magic-roue-de-patin-a-roues-alignees-110mm\\\/#breadcrumb\"},\"inLanguage\":\"fr-FR\",\"potentialAction\":[{\"@type\":\"ReadAction\",\"target\":[\"https:\\\/\\\/xactskateshop.com\\\/fr\\\/produit\\\/cadomotus-magic-roue-de-patin-a-roues-alignees-110mm\\\/\"]}]},{\"@type\":\"ImageObject\",\"inLanguage\":\"fr-FR\",\"@id\":\"https:\\\/\\\/xactskateshop.com\\\/fr\\\/produit\\\/cadomotus-magic-roue-de-patin-a-roues-alignees-110mm\\\/#primaryimage\",\"url\":\"https:\\\/\\\/xactskateshop.com\\\/wp-content\\\/uploads\\\/2021\\\/04\\\/magic110xxf.jpg\",\"contentUrl\":\"https:\\\/\\\/xactskateshop.com\\\/wp-content\\\/uploads\\\/2021\\\/04\\\/magic110xxf.jpg\",\"width\":705,\"height\":705,\"caption\":\"Roues Magic 110mm\"},{\"@type\":\"BreadcrumbList\",\"@id\":\"https:\\\/\\\/xactskateshop.com\\\/fr\\\/produit\\\/cadomotus-magic-roue-de-patin-a-roues-alignees-110mm\\\/#breadcrumb\",\"itemListElement\":[{\"@type\":\"ListItem\",\"position\":1,\"name\":\"Home\",\"item\":\"https:\\\/\\\/xactskateshop.com\\\/fr\\\/accueil\\\/\"},{\"@type\":\"ListItem\",\"position\":2,\"name\":\"Boutique\",\"item\":\"https:\\\/\\\/xactskateshop.com\\\/shop\\\/\"},{\"@type\":\"ListItem\",\"position\":3,\"name\":\"CADOMOTUS MAGIC Roue de patin \u00e0 roues align\u00e9es 110mm\"}]},{\"@type\":\"WebSite\",\"@id\":\"http:\\\/\\\/xactskateshop.com\\\/fr\\\/#website\",\"url\":\"http:\\\/\\\/xactskateshop.com\\\/fr\\\/\",\"name\":\"Xact Skate Shop\",\"description\":\"Un site utilisant WordPress\",\"publisher\":{\"@id\":\"http:\\\/\\\/xactskateshop.com\\\/fr\\\/#organization\"},\"potentialAction\":[{\"@type\":\"SearchAction\",\"target\":{\"@type\":\"EntryPoint\",\"urlTemplate\":\"http:\\\/\\\/xactskateshop.com\\\/fr\\\/?s={search_term_string}\"},\"query-input\":{\"@type\":\"PropertyValueSpecification\",\"valueRequired\":true,\"valueName\":\"search_term_string\"}}],\"inLanguage\":\"fr-FR\"},{\"@type\":\"Organization\",\"@id\":\"http:\\\/\\\/xactskateshop.com\\\/fr\\\/#organization\",\"name\":\"XACT Skate Shop\",\"url\":\"http:\\\/\\\/xactskateshop.com\\\/fr\\\/\",\"logo\":{\"@type\":\"ImageObject\",\"inLanguage\":\"fr-FR\",\"@id\":\"http:\\\/\\\/xactskateshop.com\\\/fr\\\/#\\\/schema\\\/logo\\\/image\\\/\",\"url\":\"http:\\\/\\\/xactskateshop.com\\\/wp-content\\\/uploads\\\/2024\\\/04\\\/xactskateshop-dot-com-avec-contour-noir-sans-fond-675x.jpg\",\"contentUrl\":\"http:\\\/\\\/xactskateshop.com\\\/wp-content\\\/uploads\\\/2024\\\/04\\\/xactskateshop-dot-com-avec-contour-noir-sans-fond-675x.jpg\",\"width\":675,\"height\":247,\"caption\":\"XACT Skate Shop\"},\"image\":{\"@id\":\"http:\\\/\\\/xactskateshop.com\\\/fr\\\/#\\\/schema\\\/logo\\\/image\\\/\"},\"sameAs\":[\"https:\\\/\\\/www.facebook.com\\\/JeanLouiskateshop\"]}]}<\/script>\n<!-- \/ Yoast SEO plugin. -->","yoast_head_json":{"title":"Roues Magic 110mm %sep%%Xact Skate Shop.","description":"Roues Magic 110mm. Elles sont une alternative abordable aux roues MPC. Moyeu TPU \u00e0 double bande avec profil de course pour de bonnes performances pour les patineurs de comp\u00e9tition.","robots":{"index":"index","follow":"follow","max-snippet":"max-snippet:-1","max-image-preview":"max-image-preview:large","max-video-preview":"max-video-preview:-1"},"canonical":"https:\/\/xactskateshop.com\/fr\/produit\/cadomotus-magic-roue-de-patin-a-roues-alignees-110mm\/","og_locale":"fr_FR","og_type":"article","og_title":"Roues Magic 110mm %sep%%Xact Skate Shop.","og_description":"Roues Magic 110mm. Elles sont une alternative abordable aux roues MPC. Moyeu TPU \u00e0 double bande avec profil de course pour de bonnes performances pour les patineurs de comp\u00e9tition.","og_url":"https:\/\/xactskateshop.com\/fr\/produit\/cadomotus-magic-roue-de-patin-a-roues-alignees-110mm\/","og_site_name":"Xact Skate Shop","article_publisher":"https:\/\/www.facebook.com\/JeanLouiskateshop","og_image":[{"width":705,"height":705,"url":"https:\/\/xactskateshop.com\/wp-content\/uploads\/2021\/04\/magic110xxf.jpg","type":"image\/jpeg"}],"twitter_card":"summary_large_image","twitter_misc":{"Dur\u00e9e de lecture estim\u00e9e":"2 minutes"},"schema":{"@context":"https:\/\/schema.org","@graph":[{"@type":"WebPage","@id":"https:\/\/xactskateshop.com\/fr\/produit\/cadomotus-magic-roue-de-patin-a-roues-alignees-110mm\/","url":"https:\/\/xactskateshop.com\/fr\/produit\/cadomotus-magic-roue-de-patin-a-roues-alignees-110mm\/","name":"Roues Magic 110mm %sep%%Xact Skate Shop.","isPartOf":{"@id":"http:\/\/xactskateshop.com\/fr\/#website"},"primaryImageOfPage":{"@id":"https:\/\/xactskateshop.com\/fr\/produit\/cadomotus-magic-roue-de-patin-a-roues-alignees-110mm\/#primaryimage"},"image":{"@id":"https:\/\/xactskateshop.com\/fr\/produit\/cadomotus-magic-roue-de-patin-a-roues-alignees-110mm\/#primaryimage"},"thumbnailUrl":"https:\/\/xactskateshop.com\/wp-content\/uploads\/2021\/04\/magic110xxf.jpg","datePublished":"2021-04-29T20:20:09+00:00","description":"Roues Magic 110mm. Elles sont une alternative abordable aux roues MPC. Moyeu TPU \u00e0 double bande avec profil de course pour de bonnes performances pour les patineurs de comp\u00e9tition.","breadcrumb":{"@id":"https:\/\/xactskateshop.com\/fr\/produit\/cadomotus-magic-roue-de-patin-a-roues-alignees-110mm\/#breadcrumb"},"inLanguage":"fr-FR","potentialAction":[{"@type":"ReadAction","target":["https:\/\/xactskateshop.com\/fr\/produit\/cadomotus-magic-roue-de-patin-a-roues-alignees-110mm\/"]}]},{"@type":"ImageObject","inLanguage":"fr-FR","@id":"https:\/\/xactskateshop.com\/fr\/produit\/cadomotus-magic-roue-de-patin-a-roues-alignees-110mm\/#primaryimage","url":"https:\/\/xactskateshop.com\/wp-content\/uploads\/2021\/04\/magic110xxf.jpg","contentUrl":"https:\/\/xactskateshop.com\/wp-content\/uploads\/2021\/04\/magic110xxf.jpg","width":705,"height":705,"caption":"Roues Magic 110mm"},{"@type":"BreadcrumbList","@id":"https:\/\/xactskateshop.com\/fr\/produit\/cadomotus-magic-roue-de-patin-a-roues-alignees-110mm\/#breadcrumb","itemListElement":[{"@type":"ListItem","position":1,"name":"Home","item":"https:\/\/xactskateshop.com\/fr\/accueil\/"},{"@type":"ListItem","position":2,"name":"Boutique","item":"https:\/\/xactskateshop.com\/shop\/"},{"@type":"ListItem","position":3,"name":"CADOMOTUS MAGIC Roue de patin \u00e0 roues align\u00e9es 110mm"}]},{"@type":"WebSite","@id":"http:\/\/xactskateshop.com\/fr\/#website","url":"http:\/\/xactskateshop.com\/fr\/","name":"Xact Skate Shop","description":"Un site utilisant WordPress","publisher":{"@id":"http:\/\/xactskateshop.com\/fr\/#organization"},"potentialAction":[{"@type":"SearchAction","target":{"@type":"EntryPoint","urlTemplate":"http:\/\/xactskateshop.com\/fr\/?s={search_term_string}"},"query-input":{"@type":"PropertyValueSpecification","valueRequired":true,"valueName":"search_term_string"}}],"inLanguage":"fr-FR"},{"@type":"Organization","@id":"http:\/\/xactskateshop.com\/fr\/#organization","name":"XACT Skate Shop","url":"http:\/\/xactskateshop.com\/fr\/","logo":{"@type":"ImageObject","inLanguage":"fr-FR","@id":"http:\/\/xactskateshop.com\/fr\/#\/schema\/logo\/image\/","url":"http:\/\/xactskateshop.com\/wp-content\/uploads\/2024\/04\/xactskateshop-dot-com-avec-contour-noir-sans-fond-675x.jpg","contentUrl":"http:\/\/xactskateshop.com\/wp-content\/uploads\/2024\/04\/xactskateshop-dot-com-avec-contour-noir-sans-fond-675x.jpg","width":675,"height":247,"caption":"XACT Skate Shop"},"image":{"@id":"http:\/\/xactskateshop.com\/fr\/#\/schema\/logo\/image\/"},"sameAs":["https:\/\/www.facebook.com\/JeanLouiskateshop"]}]}},"_links":{"self":[{"href":"https:\/\/xactskateshop.com\/fr\/wp-json\/wp\/v2\/product\/59021","targetHints":{"allow":["GET"]}}],"collection":[{"href":"https:\/\/xactskateshop.com\/fr\/wp-json\/wp\/v2\/product"}],"about":[{"href":"https:\/\/xactskateshop.com\/fr\/wp-json\/wp\/v2\/types\/product"}],"replies":[{"embeddable":true,"href":"https:\/\/xactskateshop.com\/fr\/wp-json\/wp\/v2\/comments?post=59021"}],"wp:featuredmedia":[{"embeddable":true,"href":"https:\/\/xactskateshop.com\/fr\/wp-json\/wp\/v2\/media\/29208"}],"wp:attachment":[{"href":"https:\/\/xactskateshop.com\/fr\/wp-json\/wp\/v2\/media?parent=59021"}],"wp:term":[{"taxonomy":"product_brand","embeddable":true,"href":"https:\/\/xactskateshop.com\/fr\/wp-json\/wp\/v2\/product_brand?post=59021"},{"taxonomy":"product_cat","embeddable":true,"href":"https:\/\/xactskateshop.com\/fr\/wp-json\/wp\/v2\/product_cat?post=59021"},{"taxonomy":"product_tag","embeddable":true,"href":"https:\/\/xactskateshop.com\/fr\/wp-json\/wp\/v2\/product_tag?post=59021"}],"curies":[{"name":"wp","href":"https:\/\/api.w.org\/{rel}","templated":true}]}}