{"id":59020,"date":"2021-04-29T14:29:11","date_gmt":"2021-04-29T18:29:11","guid":{"rendered":"http:\/\/xactskateshop.com\/product\/bont-mpc-storm-surge-wet-weather-inline-skate-wheel\/"},"modified":"2021-04-29T14:29:11","modified_gmt":"2021-04-29T18:29:11","slug":"bont-mpc-storm-surge-wet-weather-inline-skate-wheel","status":"publish","type":"product","link":"https:\/\/xactskateshop.com\/fr\/produit\/bont-mpc-storm-surge-wet-weather-inline-skate-wheel\/","title":{"rendered":"BONT MPC Storm Surge Wet Weather Inline Skate Wheel"},"content":{"rendered":"<p>Roue anti-temp\u00eate BONT<\/p>\n<p>La MPC Storm Surge est la meilleure roue de course pour le patinage de vitesse en ligne par temps de pluie sur le march\u00e9. La Storm Surge est une roue \u00e0 double durom\u00e8tre. <\/p>\n<div>\n<ul>\n<li><strong>Fabriqu\u00e9 aux : <\/strong>USA<\/li>\n<li><strong>Application : <\/strong>Temps humide<\/li>\n<li><strong>Diam\u00e8tre :<\/strong> 100mm, 110mm, 125mm<\/li>\n<li><span lang=\"EN-US\"><strong>Duret\u00e9 :<\/strong> 87A<\/span><\/li>\n<li><span lang=\"EN-US\"><strong>Taille du palier :<\/strong> 608<\/span><\/li>\n<\/ul>\n<p><span lang=\"EN-US\">Si vous voyez des nuages dans le ciel, il est pr\u00e9f\u00e9rable d&#8217;emporter un jeu de roues en ligne MPC Storm Surge. Lors des championnats du monde de roller, d\u00e8s que la piste devient mouill\u00e9e, la plupart des patineurs choisissent d&#8217;utiliser la roue de roller MPC Storm Surge en 100mm, 110mm ou 125mm pour le marathon. La formule sp\u00e9ciale de l&#8217;ur\u00e9thane permet \u00e0 cette roue d&#8217;adh\u00e9rer mieux que n&#8217;importe quelle autre sur le mouill\u00e9. La roue Storm Surge domine toutes les courses sur sol mouill\u00e9. Fabriqu\u00e9e aux \u00c9tats-Unis \u00e0 partir d&#8217;ur\u00e9thane de la plus haute qualit\u00e9.    <\/span><\/p>\n<p>Bont est un partenaire de longue date de MPC et la roue Bont Typhoon est exactement la m\u00eame formule que la roue en ligne Storm Surge. Dans le pass\u00e9, les roues pour temps de pluie \u00e9taient faites plus molles pour mieux adh\u00e9rer sur le mouill\u00e9, mais la Storm Surge est la premi\u00e8re roue de roller pour temps de pluie qui a une duret\u00e9 de 87a, ce qui est une roue tr\u00e8s dure, mais qui adh\u00e8re toujours comme de la colle sur le mouill\u00e9. Cette roue est une r\u00e9alisation \u00e9tonnante dans le domaine de la science de l&#8217;ur\u00e9thane.  <\/p>\n<p><strong><span lang=\"EN-US\">*Le prix s&#8217;entend par roue.  <\/span><\/strong><\/p>\n<\/div>\n<div>\n<p>Vous pouvez \u00e9galement les acheter <a href=\"https:\/\/bont.ca\/collections\/inline-skate-wheels\">ici<\/a><\/p>\n<p>Voir d&#8217;autres mod\u00e8les <a href=\"http:\/\/xactskateshop.com\/product-category\/inline-speed-skating\/inline-speed-skating-wheels\/\">ici<\/a><\/p>\n<\/div>\n","protected":false},"excerpt":{"rendered":"<p>Roue anti-temp\u00eate BONT<\/p>\n<p>La MPC Storm Surge est la meilleure roue de course pour le patinage de vitesse en ligne par temps de pluie sur le march\u00e9. La Storm Surge est une roue \u00e0 double diam\u00e8tre. <\/p>\n","protected":false},"featured_media":27626,"comment_status":"closed","ping_status":"closed","template":"","meta":{"site-sidebar-layout":"default","site-content-layout":"default","ast-site-content-layout":"default","site-content-style":"default","site-sidebar-style":"default","ast-global-header-display":"","ast-banner-title-visibility":"","ast-main-header-display":"","ast-hfb-above-header-display":"","ast-hfb-below-header-display":"","ast-hfb-mobile-header-display":"","site-post-title":"","ast-breadcrumbs-content":"","ast-featured-img":"","footer-sml-layout":"","theme-transparent-header-meta":"default","adv-header-id-meta":"","stick-header-meta":"","header-above-stick-meta":"","header-main-stick-meta":"","header-below-stick-meta":"","astra-migrate-meta-layouts":"default","ast-page-background-enabled":"default","ast-page-background-meta":{"desktop":{"background-color":"","background-image":"","background-repeat":"repeat","background-position":"center center","background-size":"auto","background-attachment":"scroll","background-type":"","background-media":"","overlay-type":"","overlay-color":"","overlay-opacity":"","overlay-gradient":""},"tablet":{"background-color":"","background-image":"","background-repeat":"repeat","background-position":"center center","background-size":"auto","background-attachment":"scroll","background-type":"","background-media":"","overlay-type":"","overlay-color":"","overlay-opacity":"","overlay-gradient":""},"mobile":{"background-color":"","background-image":"","background-repeat":"repeat","background-position":"center center","background-size":"auto","background-attachment":"scroll","background-type":"","background-media":"","overlay-type":"","overlay-color":"","overlay-opacity":"","overlay-gradient":""}},"ast-content-background-meta":{"desktop":{"background-color":"var(--ast-global-color-5)","background-image":"","background-repeat":"repeat","background-position":"center center","background-size":"auto","background-attachment":"scroll","background-type":"","background-media":"","overlay-type":"","overlay-color":"","overlay-opacity":"","overlay-gradient":""},"tablet":{"background-color":"var(--ast-global-color-5)","background-image":"","background-repeat":"repeat","background-position":"center center","background-size":"auto","background-attachment":"scroll","background-type":"","background-media":"","overlay-type":"","overlay-color":"","overlay-opacity":"","overlay-gradient":""},"mobile":{"background-color":"var(--ast-global-color-5)","background-image":"","background-repeat":"repeat","background-position":"center center","background-size":"auto","background-attachment":"scroll","background-type":"","background-media":"","overlay-type":"","overlay-color":"","overlay-opacity":"","overlay-gradient":""}}},"product_brand":[],"product_cat":[1589,2020],"product_tag":[2164,2165,2022,2023],"class_list":{"0":"post-59020","1":"product","2":"type-product","3":"status-publish","4":"has-post-thumbnail","6":"product_cat-patinage-de-vitesse-a-roues-alignees","7":"product_cat-roues-fr","8":"product_tag-mpc-fr","9":"product_tag-roue-de-pluie","10":"product_tag-roue-inline","11":"product_tag-roues-en-ligne-bont","12":"desktop-align-center","13":"tablet-align-center","14":"mobile-align-center","15":"ast-product-gallery-layout-horizontal","16":"ast-product-single-variable","17":"ast-product-tabs-layout-horizontal","18":"ast-qv-on-image","20":"first","21":"instock","22":"taxable","23":"shipping-taxable","24":"purchasable","25":"product-type-variable"},"bundled_by":[],"bundle_stock_status":"instock","bundle_stock_quantity":null,"bundle_virtual":false,"bundle_layout":"","bundle_add_to_cart_form_location":"","bundle_editable_in_cart":false,"bundle_sold_individually_context":"","bundle_item_grouping":"","bundle_min_size":"","bundle_max_size":"","bundle_price":[],"bundled_items":[],"bundle_sell_ids":[],"yoast_head":"<!-- This site is optimized with the Yoast SEO plugin v27.4 - https:\/\/yoast.com\/product\/yoast-seo-wordpress\/ -->\n<title>Roue des ondes de temp\u00eate de BONT - Xact Skate Shop.<\/title>\n<meta name=\"description\" content=\"La MPC Storm Surge est la meilleure roue de course pour le patinage de vitesse en ligne par temps de pluie sur le march\u00e9. La Storm Surge est une roue \u00e0 double durom\u00e8tre. Achetez le v\u00f4tre ici !\" \/>\n<meta name=\"robots\" content=\"index, follow, max-snippet:-1, max-image-preview:large, max-video-preview:-1\" \/>\n<link rel=\"canonical\" href=\"https:\/\/xactskateshop.com\/fr\/produit\/bont-mpc-storm-surge-wet-weather-inline-skate-wheel\/\" \/>\n<meta property=\"og:locale\" content=\"fr_FR\" \/>\n<meta property=\"og:type\" content=\"article\" \/>\n<meta property=\"og:title\" content=\"Roue des ondes de temp\u00eate de BONT - Xact Skate Shop.\" \/>\n<meta property=\"og:description\" content=\"La MPC Storm Surge est la meilleure roue de course pour le patinage de vitesse en ligne par temps de pluie sur le march\u00e9. La Storm Surge est une roue \u00e0 double durom\u00e8tre. Achetez le v\u00f4tre ici !\" \/>\n<meta property=\"og:url\" content=\"https:\/\/xactskateshop.com\/fr\/produit\/bont-mpc-storm-surge-wet-weather-inline-skate-wheel\/\" \/>\n<meta property=\"og:site_name\" content=\"Xact Skate Shop\" \/>\n<meta property=\"article:publisher\" content=\"https:\/\/www.facebook.com\/JeanLouiskateshop\" \/>\n<meta property=\"og:image\" content=\"https:\/\/xactskateshop.com\/wp-content\/uploads\/2020\/08\/MPC-Storm-Surge.jpg\" \/>\n\t<meta property=\"og:image:width\" content=\"1000\" \/>\n\t<meta property=\"og:image:height\" content=\"1000\" \/>\n\t<meta property=\"og:image:type\" content=\"image\/jpeg\" \/>\n<meta name=\"twitter:card\" content=\"summary_large_image\" \/>\n<meta name=\"twitter:label1\" content=\"Dur\u00e9e de lecture estim\u00e9e\" \/>\n\t<meta name=\"twitter:data1\" content=\"1 minute\" \/>\n<script type=\"application\/ld+json\" class=\"yoast-schema-graph\">{\"@context\":\"https:\\\/\\\/schema.org\",\"@graph\":[{\"@type\":\"WebPage\",\"@id\":\"https:\\\/\\\/xactskateshop.com\\\/fr\\\/produit\\\/bont-mpc-storm-surge-wet-weather-inline-skate-wheel\\\/\",\"url\":\"https:\\\/\\\/xactskateshop.com\\\/fr\\\/produit\\\/bont-mpc-storm-surge-wet-weather-inline-skate-wheel\\\/\",\"name\":\"Roue des ondes de temp\u00eate de BONT - Xact Skate Shop.\",\"isPartOf\":{\"@id\":\"http:\\\/\\\/xactskateshop.com\\\/fr\\\/#website\"},\"primaryImageOfPage\":{\"@id\":\"https:\\\/\\\/xactskateshop.com\\\/fr\\\/produit\\\/bont-mpc-storm-surge-wet-weather-inline-skate-wheel\\\/#primaryimage\"},\"image\":{\"@id\":\"https:\\\/\\\/xactskateshop.com\\\/fr\\\/produit\\\/bont-mpc-storm-surge-wet-weather-inline-skate-wheel\\\/#primaryimage\"},\"thumbnailUrl\":\"https:\\\/\\\/xactskateshop.com\\\/wp-content\\\/uploads\\\/2020\\\/08\\\/MPC-Storm-Surge.jpg\",\"datePublished\":\"2021-04-29T18:29:11+00:00\",\"description\":\"La MPC Storm Surge est la meilleure roue de course pour le patinage de vitesse en ligne par temps de pluie sur le march\u00e9. La Storm Surge est une roue \u00e0 double durom\u00e8tre. Achetez le v\u00f4tre ici !\",\"breadcrumb\":{\"@id\":\"https:\\\/\\\/xactskateshop.com\\\/fr\\\/produit\\\/bont-mpc-storm-surge-wet-weather-inline-skate-wheel\\\/#breadcrumb\"},\"inLanguage\":\"fr-FR\",\"potentialAction\":[{\"@type\":\"ReadAction\",\"target\":[\"https:\\\/\\\/xactskateshop.com\\\/fr\\\/produit\\\/bont-mpc-storm-surge-wet-weather-inline-skate-wheel\\\/\"]}]},{\"@type\":\"ImageObject\",\"inLanguage\":\"fr-FR\",\"@id\":\"https:\\\/\\\/xactskateshop.com\\\/fr\\\/produit\\\/bont-mpc-storm-surge-wet-weather-inline-skate-wheel\\\/#primaryimage\",\"url\":\"https:\\\/\\\/xactskateshop.com\\\/wp-content\\\/uploads\\\/2020\\\/08\\\/MPC-Storm-Surge.jpg\",\"contentUrl\":\"https:\\\/\\\/xactskateshop.com\\\/wp-content\\\/uploads\\\/2020\\\/08\\\/MPC-Storm-Surge.jpg\",\"width\":1000,\"height\":1000,\"caption\":\"Roue anti-temp\u00eate BONT\"},{\"@type\":\"BreadcrumbList\",\"@id\":\"https:\\\/\\\/xactskateshop.com\\\/fr\\\/produit\\\/bont-mpc-storm-surge-wet-weather-inline-skate-wheel\\\/#breadcrumb\",\"itemListElement\":[{\"@type\":\"ListItem\",\"position\":1,\"name\":\"Home\",\"item\":\"https:\\\/\\\/xactskateshop.com\\\/fr\\\/accueil\\\/\"},{\"@type\":\"ListItem\",\"position\":2,\"name\":\"Boutique\",\"item\":\"https:\\\/\\\/xactskateshop.com\\\/shop\\\/\"},{\"@type\":\"ListItem\",\"position\":3,\"name\":\"BONT MPC Storm Surge Wet Weather Inline Skate Wheel\"}]},{\"@type\":\"WebSite\",\"@id\":\"http:\\\/\\\/xactskateshop.com\\\/fr\\\/#website\",\"url\":\"http:\\\/\\\/xactskateshop.com\\\/fr\\\/\",\"name\":\"Xact Skate Shop\",\"description\":\"Un site utilisant WordPress\",\"publisher\":{\"@id\":\"http:\\\/\\\/xactskateshop.com\\\/fr\\\/#organization\"},\"potentialAction\":[{\"@type\":\"SearchAction\",\"target\":{\"@type\":\"EntryPoint\",\"urlTemplate\":\"http:\\\/\\\/xactskateshop.com\\\/fr\\\/?s={search_term_string}\"},\"query-input\":{\"@type\":\"PropertyValueSpecification\",\"valueRequired\":true,\"valueName\":\"search_term_string\"}}],\"inLanguage\":\"fr-FR\"},{\"@type\":\"Organization\",\"@id\":\"http:\\\/\\\/xactskateshop.com\\\/fr\\\/#organization\",\"name\":\"XACT Skate Shop\",\"url\":\"http:\\\/\\\/xactskateshop.com\\\/fr\\\/\",\"logo\":{\"@type\":\"ImageObject\",\"inLanguage\":\"fr-FR\",\"@id\":\"http:\\\/\\\/xactskateshop.com\\\/fr\\\/#\\\/schema\\\/logo\\\/image\\\/\",\"url\":\"http:\\\/\\\/xactskateshop.com\\\/wp-content\\\/uploads\\\/2024\\\/04\\\/xactskateshop-dot-com-avec-contour-noir-sans-fond-675x.jpg\",\"contentUrl\":\"http:\\\/\\\/xactskateshop.com\\\/wp-content\\\/uploads\\\/2024\\\/04\\\/xactskateshop-dot-com-avec-contour-noir-sans-fond-675x.jpg\",\"width\":675,\"height\":247,\"caption\":\"XACT Skate Shop\"},\"image\":{\"@id\":\"http:\\\/\\\/xactskateshop.com\\\/fr\\\/#\\\/schema\\\/logo\\\/image\\\/\"},\"sameAs\":[\"https:\\\/\\\/www.facebook.com\\\/JeanLouiskateshop\"]}]}<\/script>\n<!-- \/ Yoast SEO plugin. -->","yoast_head_json":{"title":"Roue des ondes de temp\u00eate de BONT - Xact Skate Shop.","description":"La MPC Storm Surge est la meilleure roue de course pour le patinage de vitesse en ligne par temps de pluie sur le march\u00e9. La Storm Surge est une roue \u00e0 double durom\u00e8tre. Achetez le v\u00f4tre ici !","robots":{"index":"index","follow":"follow","max-snippet":"max-snippet:-1","max-image-preview":"max-image-preview:large","max-video-preview":"max-video-preview:-1"},"canonical":"https:\/\/xactskateshop.com\/fr\/produit\/bont-mpc-storm-surge-wet-weather-inline-skate-wheel\/","og_locale":"fr_FR","og_type":"article","og_title":"Roue des ondes de temp\u00eate de BONT - Xact Skate Shop.","og_description":"La MPC Storm Surge est la meilleure roue de course pour le patinage de vitesse en ligne par temps de pluie sur le march\u00e9. La Storm Surge est une roue \u00e0 double durom\u00e8tre. Achetez le v\u00f4tre ici !","og_url":"https:\/\/xactskateshop.com\/fr\/produit\/bont-mpc-storm-surge-wet-weather-inline-skate-wheel\/","og_site_name":"Xact Skate Shop","article_publisher":"https:\/\/www.facebook.com\/JeanLouiskateshop","og_image":[{"width":1000,"height":1000,"url":"https:\/\/xactskateshop.com\/wp-content\/uploads\/2020\/08\/MPC-Storm-Surge.jpg","type":"image\/jpeg"}],"twitter_card":"summary_large_image","twitter_misc":{"Dur\u00e9e de lecture estim\u00e9e":"1 minute"},"schema":{"@context":"https:\/\/schema.org","@graph":[{"@type":"WebPage","@id":"https:\/\/xactskateshop.com\/fr\/produit\/bont-mpc-storm-surge-wet-weather-inline-skate-wheel\/","url":"https:\/\/xactskateshop.com\/fr\/produit\/bont-mpc-storm-surge-wet-weather-inline-skate-wheel\/","name":"Roue des ondes de temp\u00eate de BONT - Xact Skate Shop.","isPartOf":{"@id":"http:\/\/xactskateshop.com\/fr\/#website"},"primaryImageOfPage":{"@id":"https:\/\/xactskateshop.com\/fr\/produit\/bont-mpc-storm-surge-wet-weather-inline-skate-wheel\/#primaryimage"},"image":{"@id":"https:\/\/xactskateshop.com\/fr\/produit\/bont-mpc-storm-surge-wet-weather-inline-skate-wheel\/#primaryimage"},"thumbnailUrl":"https:\/\/xactskateshop.com\/wp-content\/uploads\/2020\/08\/MPC-Storm-Surge.jpg","datePublished":"2021-04-29T18:29:11+00:00","description":"La MPC Storm Surge est la meilleure roue de course pour le patinage de vitesse en ligne par temps de pluie sur le march\u00e9. La Storm Surge est une roue \u00e0 double durom\u00e8tre. Achetez le v\u00f4tre ici !","breadcrumb":{"@id":"https:\/\/xactskateshop.com\/fr\/produit\/bont-mpc-storm-surge-wet-weather-inline-skate-wheel\/#breadcrumb"},"inLanguage":"fr-FR","potentialAction":[{"@type":"ReadAction","target":["https:\/\/xactskateshop.com\/fr\/produit\/bont-mpc-storm-surge-wet-weather-inline-skate-wheel\/"]}]},{"@type":"ImageObject","inLanguage":"fr-FR","@id":"https:\/\/xactskateshop.com\/fr\/produit\/bont-mpc-storm-surge-wet-weather-inline-skate-wheel\/#primaryimage","url":"https:\/\/xactskateshop.com\/wp-content\/uploads\/2020\/08\/MPC-Storm-Surge.jpg","contentUrl":"https:\/\/xactskateshop.com\/wp-content\/uploads\/2020\/08\/MPC-Storm-Surge.jpg","width":1000,"height":1000,"caption":"Roue anti-temp\u00eate BONT"},{"@type":"BreadcrumbList","@id":"https:\/\/xactskateshop.com\/fr\/produit\/bont-mpc-storm-surge-wet-weather-inline-skate-wheel\/#breadcrumb","itemListElement":[{"@type":"ListItem","position":1,"name":"Home","item":"https:\/\/xactskateshop.com\/fr\/accueil\/"},{"@type":"ListItem","position":2,"name":"Boutique","item":"https:\/\/xactskateshop.com\/shop\/"},{"@type":"ListItem","position":3,"name":"BONT MPC Storm Surge Wet Weather Inline Skate Wheel"}]},{"@type":"WebSite","@id":"http:\/\/xactskateshop.com\/fr\/#website","url":"http:\/\/xactskateshop.com\/fr\/","name":"Xact Skate Shop","description":"Un site utilisant WordPress","publisher":{"@id":"http:\/\/xactskateshop.com\/fr\/#organization"},"potentialAction":[{"@type":"SearchAction","target":{"@type":"EntryPoint","urlTemplate":"http:\/\/xactskateshop.com\/fr\/?s={search_term_string}"},"query-input":{"@type":"PropertyValueSpecification","valueRequired":true,"valueName":"search_term_string"}}],"inLanguage":"fr-FR"},{"@type":"Organization","@id":"http:\/\/xactskateshop.com\/fr\/#organization","name":"XACT Skate Shop","url":"http:\/\/xactskateshop.com\/fr\/","logo":{"@type":"ImageObject","inLanguage":"fr-FR","@id":"http:\/\/xactskateshop.com\/fr\/#\/schema\/logo\/image\/","url":"http:\/\/xactskateshop.com\/wp-content\/uploads\/2024\/04\/xactskateshop-dot-com-avec-contour-noir-sans-fond-675x.jpg","contentUrl":"http:\/\/xactskateshop.com\/wp-content\/uploads\/2024\/04\/xactskateshop-dot-com-avec-contour-noir-sans-fond-675x.jpg","width":675,"height":247,"caption":"XACT Skate Shop"},"image":{"@id":"http:\/\/xactskateshop.com\/fr\/#\/schema\/logo\/image\/"},"sameAs":["https:\/\/www.facebook.com\/JeanLouiskateshop"]}]}},"_links":{"self":[{"href":"https:\/\/xactskateshop.com\/fr\/wp-json\/wp\/v2\/product\/59020","targetHints":{"allow":["GET"]}}],"collection":[{"href":"https:\/\/xactskateshop.com\/fr\/wp-json\/wp\/v2\/product"}],"about":[{"href":"https:\/\/xactskateshop.com\/fr\/wp-json\/wp\/v2\/types\/product"}],"replies":[{"embeddable":true,"href":"https:\/\/xactskateshop.com\/fr\/wp-json\/wp\/v2\/comments?post=59020"}],"wp:featuredmedia":[{"embeddable":true,"href":"https:\/\/xactskateshop.com\/fr\/wp-json\/wp\/v2\/media\/27626"}],"wp:attachment":[{"href":"https:\/\/xactskateshop.com\/fr\/wp-json\/wp\/v2\/media?parent=59020"}],"wp:term":[{"taxonomy":"product_brand","embeddable":true,"href":"https:\/\/xactskateshop.com\/fr\/wp-json\/wp\/v2\/product_brand?post=59020"},{"taxonomy":"product_cat","embeddable":true,"href":"https:\/\/xactskateshop.com\/fr\/wp-json\/wp\/v2\/product_cat?post=59020"},{"taxonomy":"product_tag","embeddable":true,"href":"https:\/\/xactskateshop.com\/fr\/wp-json\/wp\/v2\/product_tag?post=59020"}],"curies":[{"name":"wp","href":"https:\/\/api.w.org\/{rel}","templated":true}]}}