{"id":59016,"date":"2021-04-21T14:26:32","date_gmt":"2021-04-21T18:26:32","guid":{"rendered":"http:\/\/xactskateshop.com\/product\/chaussettes-blanches-bont\/"},"modified":"2021-04-21T14:26:32","modified_gmt":"2021-04-21T18:26:32","slug":"chaussettes-blanches-bont","status":"publish","type":"product","link":"https:\/\/xactskateshop.com\/fr\/produit\/chaussettes-blanches-bont\/","title":{"rendered":"Chaussettes blanches BONT"},"content":{"rendered":"<p style=\"font-weight: 400;\">Bont est heureux d&#8217;annoncer un NOUVEAU produit pour 2021, les chaussettes Bont triple stripes Skate Tube Socks.<\/p>\n<p style=\"font-weight: 400;\">Disponible en quatre couleurs et deux longueurs, la chaussette combine la gestion de l&#8217;humidit\u00e9, un pied rembourr\u00e9 et une couture d&#8217;orteil confortable, pour que vous puissiez patiner toute la journ\u00e9e !<\/p>\n<p style=\"font-weight: 400;\">L&#8217;absence de talon permet d&#8217;obtenir une chaussette tubulaire \u00e0 taille unique. Comme la chaussette tubulaire a la forme d&#8217;un tube plut\u00f4t que celle d&#8217;un pied humain, la hauteur de la chaussette sur votre jambe d\u00e9pendra de la taille de votre pied. <\/p>\n<p>Par exemple :<br \/>\nS\/M = 19&#8243; Tube Sock arrivera \u00e0 peu pr\u00e8s \u00e0 mi-mollet pour la plupart des adultes \/ \u00e0 hauteur du genou pour les adolescents et les adultes de petite taille<br \/>\nL\/XL = 22&#8243; Tube Socks arrivera \u00e0 peu pr\u00e8s \u00e0 hauteur du genou pour la plupart des adultes \/ \u00e0 mi-mollet pour les adultes de grande taille.<\/p>\n<p>Les chaussettes de skate tube de Bont sont fabriqu\u00e9es dans un mat\u00e9riau respirant compos\u00e9 de 90 % de coton de qualit\u00e9 sup\u00e9rieure et de 10 % de spandex, ce qui permet de garder vos pieds au sec. Elles sont faciles \u00e0 laver, en machine ou \u00e0 la main, mais ne doivent pas \u00eatre blanchies. <\/p>\n","protected":false},"excerpt":{"rendered":"<p>Disponible en quatre couleurs et deux longueurs, la chaussette combine la gestion de l&#8217;humidit\u00e9, un pied rembourr\u00e9 et une couture d&#8217;orteil confortable, pour que vous puissiez patiner toute la journ\u00e9e !<\/p>\n","protected":false},"featured_media":8433,"comment_status":"closed","ping_status":"closed","template":"","meta":{"site-sidebar-layout":"default","site-content-layout":"default","ast-site-content-layout":"default","site-content-style":"default","site-sidebar-style":"default","ast-global-header-display":"","ast-banner-title-visibility":"","ast-main-header-display":"","ast-hfb-above-header-display":"","ast-hfb-below-header-display":"","ast-hfb-mobile-header-display":"","site-post-title":"","ast-breadcrumbs-content":"","ast-featured-img":"","footer-sml-layout":"","theme-transparent-header-meta":"default","adv-header-id-meta":"","stick-header-meta":"","header-above-stick-meta":"","header-main-stick-meta":"","header-below-stick-meta":"","astra-migrate-meta-layouts":"default","ast-page-background-enabled":"default","ast-page-background-meta":{"desktop":{"background-color":"","background-image":"","background-repeat":"repeat","background-position":"center center","background-size":"auto","background-attachment":"scroll","background-type":"","background-media":"","overlay-type":"","overlay-color":"","overlay-opacity":"","overlay-gradient":""},"tablet":{"background-color":"","background-image":"","background-repeat":"repeat","background-position":"center center","background-size":"auto","background-attachment":"scroll","background-type":"","background-media":"","overlay-type":"","overlay-color":"","overlay-opacity":"","overlay-gradient":""},"mobile":{"background-color":"","background-image":"","background-repeat":"repeat","background-position":"center center","background-size":"auto","background-attachment":"scroll","background-type":"","background-media":"","overlay-type":"","overlay-color":"","overlay-opacity":"","overlay-gradient":""}},"ast-content-background-meta":{"desktop":{"background-color":"var(--ast-global-color-5)","background-image":"","background-repeat":"repeat","background-position":"center center","background-size":"auto","background-attachment":"scroll","background-type":"","background-media":"","overlay-type":"","overlay-color":"","overlay-opacity":"","overlay-gradient":""},"tablet":{"background-color":"var(--ast-global-color-5)","background-image":"","background-repeat":"repeat","background-position":"center center","background-size":"auto","background-attachment":"scroll","background-type":"","background-media":"","overlay-type":"","overlay-color":"","overlay-opacity":"","overlay-gradient":""},"mobile":{"background-color":"var(--ast-global-color-5)","background-image":"","background-repeat":"repeat","background-position":"center center","background-size":"auto","background-attachment":"scroll","background-type":"","background-media":"","overlay-type":"","overlay-color":"","overlay-opacity":"","overlay-gradient":""}}},"product_brand":[],"product_cat":[1652,1588,2114],"product_tag":[2175,2176,2174,2177],"class_list":{"0":"post-59016","1":"product","2":"type-product","3":"status-publish","4":"has-post-thumbnail","6":"product_cat-patins-a-roulettes","7":"product_cat-vetements","8":"product_cat-vetements-pour-patins-a-roulettes","9":"product_tag-chaussettes","10":"product_tag-chaussettes-blanches","11":"product_tag-chaussettes-de-patinage","12":"product_tag-chaussettes-de-patinage-a-roulettes","13":"desktop-align-center","14":"tablet-align-center","15":"mobile-align-center","16":"ast-product-gallery-layout-horizontal","17":"ast-product-single-variable","18":"ast-product-tabs-layout-horizontal","19":"ast-qv-on-image","21":"first","22":"instock","23":"taxable","24":"shipping-taxable","25":"purchasable","26":"product-type-variable"},"bundled_by":[],"bundle_stock_status":"instock","bundle_stock_quantity":null,"bundle_virtual":false,"bundle_layout":"","bundle_add_to_cart_form_location":"","bundle_editable_in_cart":false,"bundle_sold_individually_context":"","bundle_item_grouping":"","bundle_min_size":"","bundle_max_size":"","bundle_price":[],"bundled_items":[],"bundle_sell_ids":[],"yoast_head":"<!-- This site is optimized with the Yoast SEO plugin v27.4 - https:\/\/yoast.com\/product\/yoast-seo-wordpress\/ -->\n<title>Chaussettes blanches BONT - Xact Skate Shop<\/title>\n<meta name=\"description\" content=\"Disponible en quatre couleurs et deux longueurs, la chaussette combine la gestion de l&#039;humidit\u00e9, un pied rembourr\u00e9 et une couture d&#039;orteil confortable, pour que vous puissiez patiner toute la journ\u00e9e !\" \/>\n<meta name=\"robots\" content=\"index, follow, max-snippet:-1, max-image-preview:large, max-video-preview:-1\" \/>\n<link rel=\"canonical\" href=\"https:\/\/xactskateshop.com\/fr\/produit\/chaussettes-blanches-bont\/\" \/>\n<meta property=\"og:locale\" content=\"fr_FR\" \/>\n<meta property=\"og:type\" content=\"article\" \/>\n<meta property=\"og:title\" content=\"Chaussettes blanches BONT - Xact Skate Shop\" \/>\n<meta property=\"og:description\" content=\"Disponible en quatre couleurs et deux longueurs, la chaussette combine la gestion de l&#039;humidit\u00e9, un pied rembourr\u00e9 et une couture d&#039;orteil confortable, pour que vous puissiez patiner toute la journ\u00e9e !\" \/>\n<meta property=\"og:url\" content=\"https:\/\/xactskateshop.com\/fr\/produit\/chaussettes-blanches-bont\/\" \/>\n<meta property=\"og:site_name\" content=\"Xact Skate Shop\" \/>\n<meta property=\"article:publisher\" content=\"https:\/\/www.facebook.com\/JeanLouiskateshop\" \/>\n<meta property=\"og:image\" content=\"https:\/\/xactskateshop.com\/wp-content\/uploads\/2021\/04\/Quad-sock-4-colors-roller-derby-skate.jpg\" \/>\n\t<meta property=\"og:image:width\" content=\"1000\" \/>\n\t<meta property=\"og:image:height\" content=\"1000\" \/>\n\t<meta property=\"og:image:type\" content=\"image\/jpeg\" \/>\n<meta name=\"twitter:card\" content=\"summary_large_image\" \/>\n<meta name=\"twitter:label1\" content=\"Dur\u00e9e de lecture estim\u00e9e\" \/>\n\t<meta name=\"twitter:data1\" content=\"1 minute\" \/>\n<script type=\"application\/ld+json\" class=\"yoast-schema-graph\">{\"@context\":\"https:\\\/\\\/schema.org\",\"@graph\":[{\"@type\":\"WebPage\",\"@id\":\"https:\\\/\\\/xactskateshop.com\\\/fr\\\/produit\\\/chaussettes-blanches-bont\\\/\",\"url\":\"https:\\\/\\\/xactskateshop.com\\\/fr\\\/produit\\\/chaussettes-blanches-bont\\\/\",\"name\":\"Chaussettes blanches BONT - Xact Skate Shop\",\"isPartOf\":{\"@id\":\"http:\\\/\\\/xactskateshop.com\\\/fr\\\/#website\"},\"primaryImageOfPage\":{\"@id\":\"https:\\\/\\\/xactskateshop.com\\\/fr\\\/produit\\\/chaussettes-blanches-bont\\\/#primaryimage\"},\"image\":{\"@id\":\"https:\\\/\\\/xactskateshop.com\\\/fr\\\/produit\\\/chaussettes-blanches-bont\\\/#primaryimage\"},\"thumbnailUrl\":\"https:\\\/\\\/xactskateshop.com\\\/wp-content\\\/uploads\\\/2021\\\/04\\\/Quad-sock-4-colors-roller-derby-skate.jpg\",\"datePublished\":\"2021-04-21T18:26:32+00:00\",\"description\":\"Disponible en quatre couleurs et deux longueurs, la chaussette combine la gestion de l'humidit\u00e9, un pied rembourr\u00e9 et une couture d'orteil confortable, pour que vous puissiez patiner toute la journ\u00e9e !\",\"breadcrumb\":{\"@id\":\"https:\\\/\\\/xactskateshop.com\\\/fr\\\/produit\\\/chaussettes-blanches-bont\\\/#breadcrumb\"},\"inLanguage\":\"fr-FR\",\"potentialAction\":[{\"@type\":\"ReadAction\",\"target\":[\"https:\\\/\\\/xactskateshop.com\\\/fr\\\/produit\\\/chaussettes-blanches-bont\\\/\"]}]},{\"@type\":\"ImageObject\",\"inLanguage\":\"fr-FR\",\"@id\":\"https:\\\/\\\/xactskateshop.com\\\/fr\\\/produit\\\/chaussettes-blanches-bont\\\/#primaryimage\",\"url\":\"https:\\\/\\\/xactskateshop.com\\\/wp-content\\\/uploads\\\/2021\\\/04\\\/Quad-sock-4-colors-roller-derby-skate.jpg\",\"contentUrl\":\"https:\\\/\\\/xactskateshop.com\\\/wp-content\\\/uploads\\\/2021\\\/04\\\/Quad-sock-4-colors-roller-derby-skate.jpg\",\"width\":1000,\"height\":1000},{\"@type\":\"BreadcrumbList\",\"@id\":\"https:\\\/\\\/xactskateshop.com\\\/fr\\\/produit\\\/chaussettes-blanches-bont\\\/#breadcrumb\",\"itemListElement\":[{\"@type\":\"ListItem\",\"position\":1,\"name\":\"Home\",\"item\":\"https:\\\/\\\/xactskateshop.com\\\/fr\\\/accueil\\\/\"},{\"@type\":\"ListItem\",\"position\":2,\"name\":\"Boutique\",\"item\":\"https:\\\/\\\/xactskateshop.com\\\/shop\\\/\"},{\"@type\":\"ListItem\",\"position\":3,\"name\":\"Chaussettes blanches BONT\"}]},{\"@type\":\"WebSite\",\"@id\":\"http:\\\/\\\/xactskateshop.com\\\/fr\\\/#website\",\"url\":\"http:\\\/\\\/xactskateshop.com\\\/fr\\\/\",\"name\":\"Xact Skate Shop\",\"description\":\"Un site utilisant WordPress\",\"publisher\":{\"@id\":\"http:\\\/\\\/xactskateshop.com\\\/fr\\\/#organization\"},\"potentialAction\":[{\"@type\":\"SearchAction\",\"target\":{\"@type\":\"EntryPoint\",\"urlTemplate\":\"http:\\\/\\\/xactskateshop.com\\\/fr\\\/?s={search_term_string}\"},\"query-input\":{\"@type\":\"PropertyValueSpecification\",\"valueRequired\":true,\"valueName\":\"search_term_string\"}}],\"inLanguage\":\"fr-FR\"},{\"@type\":\"Organization\",\"@id\":\"http:\\\/\\\/xactskateshop.com\\\/fr\\\/#organization\",\"name\":\"XACT Skate Shop\",\"url\":\"http:\\\/\\\/xactskateshop.com\\\/fr\\\/\",\"logo\":{\"@type\":\"ImageObject\",\"inLanguage\":\"fr-FR\",\"@id\":\"http:\\\/\\\/xactskateshop.com\\\/fr\\\/#\\\/schema\\\/logo\\\/image\\\/\",\"url\":\"http:\\\/\\\/xactskateshop.com\\\/wp-content\\\/uploads\\\/2024\\\/04\\\/xactskateshop-dot-com-avec-contour-noir-sans-fond-675x.jpg\",\"contentUrl\":\"http:\\\/\\\/xactskateshop.com\\\/wp-content\\\/uploads\\\/2024\\\/04\\\/xactskateshop-dot-com-avec-contour-noir-sans-fond-675x.jpg\",\"width\":675,\"height\":247,\"caption\":\"XACT Skate Shop\"},\"image\":{\"@id\":\"http:\\\/\\\/xactskateshop.com\\\/fr\\\/#\\\/schema\\\/logo\\\/image\\\/\"},\"sameAs\":[\"https:\\\/\\\/www.facebook.com\\\/JeanLouiskateshop\"]}]}<\/script>\n<!-- \/ Yoast SEO plugin. -->","yoast_head_json":{"title":"Chaussettes blanches BONT - Xact Skate Shop","description":"Disponible en quatre couleurs et deux longueurs, la chaussette combine la gestion de l'humidit\u00e9, un pied rembourr\u00e9 et une couture d'orteil confortable, pour que vous puissiez patiner toute la journ\u00e9e !","robots":{"index":"index","follow":"follow","max-snippet":"max-snippet:-1","max-image-preview":"max-image-preview:large","max-video-preview":"max-video-preview:-1"},"canonical":"https:\/\/xactskateshop.com\/fr\/produit\/chaussettes-blanches-bont\/","og_locale":"fr_FR","og_type":"article","og_title":"Chaussettes blanches BONT - Xact Skate Shop","og_description":"Disponible en quatre couleurs et deux longueurs, la chaussette combine la gestion de l'humidit\u00e9, un pied rembourr\u00e9 et une couture d'orteil confortable, pour que vous puissiez patiner toute la journ\u00e9e !","og_url":"https:\/\/xactskateshop.com\/fr\/produit\/chaussettes-blanches-bont\/","og_site_name":"Xact Skate Shop","article_publisher":"https:\/\/www.facebook.com\/JeanLouiskateshop","og_image":[{"width":1000,"height":1000,"url":"https:\/\/xactskateshop.com\/wp-content\/uploads\/2021\/04\/Quad-sock-4-colors-roller-derby-skate.jpg","type":"image\/jpeg"}],"twitter_card":"summary_large_image","twitter_misc":{"Dur\u00e9e de lecture estim\u00e9e":"1 minute"},"schema":{"@context":"https:\/\/schema.org","@graph":[{"@type":"WebPage","@id":"https:\/\/xactskateshop.com\/fr\/produit\/chaussettes-blanches-bont\/","url":"https:\/\/xactskateshop.com\/fr\/produit\/chaussettes-blanches-bont\/","name":"Chaussettes blanches BONT - Xact Skate Shop","isPartOf":{"@id":"http:\/\/xactskateshop.com\/fr\/#website"},"primaryImageOfPage":{"@id":"https:\/\/xactskateshop.com\/fr\/produit\/chaussettes-blanches-bont\/#primaryimage"},"image":{"@id":"https:\/\/xactskateshop.com\/fr\/produit\/chaussettes-blanches-bont\/#primaryimage"},"thumbnailUrl":"https:\/\/xactskateshop.com\/wp-content\/uploads\/2021\/04\/Quad-sock-4-colors-roller-derby-skate.jpg","datePublished":"2021-04-21T18:26:32+00:00","description":"Disponible en quatre couleurs et deux longueurs, la chaussette combine la gestion de l'humidit\u00e9, un pied rembourr\u00e9 et une couture d'orteil confortable, pour que vous puissiez patiner toute la journ\u00e9e !","breadcrumb":{"@id":"https:\/\/xactskateshop.com\/fr\/produit\/chaussettes-blanches-bont\/#breadcrumb"},"inLanguage":"fr-FR","potentialAction":[{"@type":"ReadAction","target":["https:\/\/xactskateshop.com\/fr\/produit\/chaussettes-blanches-bont\/"]}]},{"@type":"ImageObject","inLanguage":"fr-FR","@id":"https:\/\/xactskateshop.com\/fr\/produit\/chaussettes-blanches-bont\/#primaryimage","url":"https:\/\/xactskateshop.com\/wp-content\/uploads\/2021\/04\/Quad-sock-4-colors-roller-derby-skate.jpg","contentUrl":"https:\/\/xactskateshop.com\/wp-content\/uploads\/2021\/04\/Quad-sock-4-colors-roller-derby-skate.jpg","width":1000,"height":1000},{"@type":"BreadcrumbList","@id":"https:\/\/xactskateshop.com\/fr\/produit\/chaussettes-blanches-bont\/#breadcrumb","itemListElement":[{"@type":"ListItem","position":1,"name":"Home","item":"https:\/\/xactskateshop.com\/fr\/accueil\/"},{"@type":"ListItem","position":2,"name":"Boutique","item":"https:\/\/xactskateshop.com\/shop\/"},{"@type":"ListItem","position":3,"name":"Chaussettes blanches BONT"}]},{"@type":"WebSite","@id":"http:\/\/xactskateshop.com\/fr\/#website","url":"http:\/\/xactskateshop.com\/fr\/","name":"Xact Skate Shop","description":"Un site utilisant WordPress","publisher":{"@id":"http:\/\/xactskateshop.com\/fr\/#organization"},"potentialAction":[{"@type":"SearchAction","target":{"@type":"EntryPoint","urlTemplate":"http:\/\/xactskateshop.com\/fr\/?s={search_term_string}"},"query-input":{"@type":"PropertyValueSpecification","valueRequired":true,"valueName":"search_term_string"}}],"inLanguage":"fr-FR"},{"@type":"Organization","@id":"http:\/\/xactskateshop.com\/fr\/#organization","name":"XACT Skate Shop","url":"http:\/\/xactskateshop.com\/fr\/","logo":{"@type":"ImageObject","inLanguage":"fr-FR","@id":"http:\/\/xactskateshop.com\/fr\/#\/schema\/logo\/image\/","url":"http:\/\/xactskateshop.com\/wp-content\/uploads\/2024\/04\/xactskateshop-dot-com-avec-contour-noir-sans-fond-675x.jpg","contentUrl":"http:\/\/xactskateshop.com\/wp-content\/uploads\/2024\/04\/xactskateshop-dot-com-avec-contour-noir-sans-fond-675x.jpg","width":675,"height":247,"caption":"XACT Skate Shop"},"image":{"@id":"http:\/\/xactskateshop.com\/fr\/#\/schema\/logo\/image\/"},"sameAs":["https:\/\/www.facebook.com\/JeanLouiskateshop"]}]}},"_links":{"self":[{"href":"https:\/\/xactskateshop.com\/fr\/wp-json\/wp\/v2\/product\/59016","targetHints":{"allow":["GET"]}}],"collection":[{"href":"https:\/\/xactskateshop.com\/fr\/wp-json\/wp\/v2\/product"}],"about":[{"href":"https:\/\/xactskateshop.com\/fr\/wp-json\/wp\/v2\/types\/product"}],"replies":[{"embeddable":true,"href":"https:\/\/xactskateshop.com\/fr\/wp-json\/wp\/v2\/comments?post=59016"}],"wp:featuredmedia":[{"embeddable":true,"href":"https:\/\/xactskateshop.com\/fr\/wp-json\/wp\/v2\/media\/8433"}],"wp:attachment":[{"href":"https:\/\/xactskateshop.com\/fr\/wp-json\/wp\/v2\/media?parent=59016"}],"wp:term":[{"taxonomy":"product_brand","embeddable":true,"href":"https:\/\/xactskateshop.com\/fr\/wp-json\/wp\/v2\/product_brand?post=59016"},{"taxonomy":"product_cat","embeddable":true,"href":"https:\/\/xactskateshop.com\/fr\/wp-json\/wp\/v2\/product_cat?post=59016"},{"taxonomy":"product_tag","embeddable":true,"href":"https:\/\/xactskateshop.com\/fr\/wp-json\/wp\/v2\/product_tag?post=59016"}],"curies":[{"name":"wp","href":"https:\/\/api.w.org\/{rel}","templated":true}]}}