{"id":58902,"date":"2021-04-28T18:30:53","date_gmt":"2021-04-28T22:30:53","guid":{"rendered":"http:\/\/xactskateshop.com\/product\/bont-avenger-110mm-hardcore-inline-skate-wheel\/"},"modified":"2021-04-28T18:30:53","modified_gmt":"2021-04-28T22:30:53","slug":"bont-avenger-110mm-hardcore-inline-skate-wheel","status":"publish","type":"product","link":"https:\/\/xactskateshop.com\/fr\/produit\/bont-avenger-110mm-hardcore-inline-skate-wheel\/","title":{"rendered":"BONT AVENGER 110mm Hardcore Inline Skate Wheel"},"content":{"rendered":"<p><strong>La roue de patin \u00e0 roues align\u00e9es Avenger Hardcore 110mm est un CHANGEMENT DE JEU.<\/strong><\/p>\n<p>L&#8217;Avenger Hardcore est la premi\u00e8re roue de course en ligne \u00e0 moyeu aluminium produite en s\u00e9rie. Nous avons choisi l&#8217;aluminium comme mat\u00e9riau de moyeu parce qu&#8217;il offre plus de rebond que les moyeux en plastique ou en nylon. La roue Avenger Hardcore 110mm est produite par MPC pour Bont et a enregistr\u00e9 le meilleur score de rebond de toutes les roues produites par MPC. Les roues MPC ont remport\u00e9 plus de titres mondiaux au cours des 10 derni\u00e8res ann\u00e9es que n&#8217;importe quel autre fabricant de roues.   <\/p>\n<p>Pour que le moyeu ne soit pas trop rigide, nous avons incurv\u00e9 les rayons. Le logiciel CAD-CAM a \u00e9t\u00e9 utilis\u00e9 pour perfectionner le poids et le rebond du moyeu. Un verrouillage m\u00e9canique est utilis\u00e9 pour s&#8217;assurer que l&#8217;ur\u00e9thane ne peut jamais \u00eatre d\u00e9log\u00e9 du moyeu. L&#8217;Avenger a une largeur de roue de 24 mm et un diam\u00e8tre ext\u00e9rieur de 110 mm. L&#8217;al\u00e9sage du roulement est usin\u00e9 avant et apr\u00e8s l&#8217;anodisation pour assurer un ajustement parfait.    <\/p>\n<p><span lang=\"EN-US\">L&#8217;ur\u00e9thane est coul\u00e9 par MPC et il utilise leur bande flexible brevet\u00e9e \u00e0 haut rebond.  <\/span><\/p>\n<p><i>MTECH\u2122PATENT NO.S6,036,278 &amp; 6,227,622B1<\/i><\/p>\n<ul>\n<li><strong>Fabriqu\u00e9 en :<\/strong> USA<\/li>\n<li><strong>Application :<\/strong> Route et piste<\/li>\n<li><strong>Diam\u00e8tre :<\/strong> 110 mm<\/li>\n<li><span lang=\"EN-US\"><strong>Duret\u00e9 :<\/strong> Ferme, X-ferme, XX-ferme<\/span><\/li>\n<li><span lang=\"EN-US\"><strong>Taille du palier :<\/strong> 608<\/span><\/li>\n<\/ul>\n<p><span lang=\"EN-US\"><strong>NOTE :<\/strong><strong> <\/strong>Les roues \u00e0 moyeu en aluminium sont plus pr\u00e9cises que les roues \u00e0 moyeu en plastique. Vous devrez donc utiliser des entretoises de 10,2 mm, comme nos entretoises autocentrantes en ligne Gold 608. <a href=\"http:\/\/xactskateshop.com\/product\/bont-self-centering-spacers-1\/\"><strong>Entretoises auto-centrantes en ligne Gold 608 <\/strong><\/a>entre les roulements. Si vous utilisez des entretoises ordinaires de 10,35 mm, cela fonctionnera toujours, mais vous risquez d&#8217;entendre un peu de bruit en patinant. Une presse \u00e0 roulements est une bonne id\u00e9e pour ins\u00e9rer et retirer les roulements des roues en aluminium.    <\/span><\/p>\n<p><span lang=\"EN-US\"><strong>*Le prix s&#8217;entend par roue.  <\/strong><\/span><\/p>\n<p>Vous pouvez \u00e9galement les acheter <a href=\"https:\/\/bont.ca\/collections\/inline-skate-wheels\">ici<\/a><\/p>\n<p>Voir d&#8217;autres mod\u00e8les <a href=\"http:\/\/xactskateshop.com\/product-category\/inline-speed-skating\/inline-speed-skating-wheels\/\">ici<\/a><\/p>\n","protected":false},"excerpt":{"rendered":"<p><strong>La roue de patin \u00e0 roues align\u00e9es Avenger Hardcore 110mm est un CHANGEMENT DE JEU.<\/strong><\/p>\n<p>L&#8217;Avenger Hardcore est la premi\u00e8re roue de course en ligne \u00e0 moyeu aluminium produite en s\u00e9rie. Nous avons choisi l&#8217;aluminium comme mat\u00e9riau de moyeu parce qu&#8217;il offre plus de rebond que les moyeux en plastique ou en nylon. La roue Avenger Hardcore 110mm est produite par MPC pour Bont et a enregistr\u00e9 le meilleur score de rebond de toutes les roues produites par MPC. Les roues MPC ont remport\u00e9 plus de titres mondiaux au cours des 10 derni\u00e8res ann\u00e9es que n&#8217;importe quel autre fabricant de roues.   <\/p>\n","protected":false},"featured_media":28794,"comment_status":"closed","ping_status":"closed","template":"","meta":{"site-sidebar-layout":"default","site-content-layout":"default","ast-site-content-layout":"default","site-content-style":"default","site-sidebar-style":"default","ast-global-header-display":"","ast-banner-title-visibility":"","ast-main-header-display":"","ast-hfb-above-header-display":"","ast-hfb-below-header-display":"","ast-hfb-mobile-header-display":"","site-post-title":"","ast-breadcrumbs-content":"","ast-featured-img":"","footer-sml-layout":"","theme-transparent-header-meta":"default","adv-header-id-meta":"","stick-header-meta":"","header-above-stick-meta":"","header-main-stick-meta":"","header-below-stick-meta":"","astra-migrate-meta-layouts":"default","ast-page-background-enabled":"default","ast-page-background-meta":{"desktop":{"background-color":"","background-image":"","background-repeat":"repeat","background-position":"center center","background-size":"auto","background-attachment":"scroll","background-type":"","background-media":"","overlay-type":"","overlay-color":"","overlay-opacity":"","overlay-gradient":""},"tablet":{"background-color":"","background-image":"","background-repeat":"repeat","background-position":"center center","background-size":"auto","background-attachment":"scroll","background-type":"","background-media":"","overlay-type":"","overlay-color":"","overlay-opacity":"","overlay-gradient":""},"mobile":{"background-color":"","background-image":"","background-repeat":"repeat","background-position":"center center","background-size":"auto","background-attachment":"scroll","background-type":"","background-media":"","overlay-type":"","overlay-color":"","overlay-opacity":"","overlay-gradient":""}},"ast-content-background-meta":{"desktop":{"background-color":"var(--ast-global-color-5)","background-image":"","background-repeat":"repeat","background-position":"center center","background-size":"auto","background-attachment":"scroll","background-type":"","background-media":"","overlay-type":"","overlay-color":"","overlay-opacity":"","overlay-gradient":""},"tablet":{"background-color":"var(--ast-global-color-5)","background-image":"","background-repeat":"repeat","background-position":"center center","background-size":"auto","background-attachment":"scroll","background-type":"","background-media":"","overlay-type":"","overlay-color":"","overlay-opacity":"","overlay-gradient":""},"mobile":{"background-color":"var(--ast-global-color-5)","background-image":"","background-repeat":"repeat","background-position":"center center","background-size":"auto","background-attachment":"scroll","background-type":"","background-media":"","overlay-type":"","overlay-color":"","overlay-opacity":"","overlay-gradient":""}}},"product_brand":[],"product_cat":[1589,2020],"product_tag":[2164,2022,2186,2185,2023],"class_list":{"0":"post-58902","1":"product","2":"type-product","3":"status-publish","4":"has-post-thumbnail","6":"product_cat-patinage-de-vitesse-a-roues-alignees","7":"product_cat-roues-fr","8":"product_tag-mpc-fr","9":"product_tag-roue-inline","10":"product_tag-roues-de-lavenger","11":"product_tag-roues-en-aluminium","12":"product_tag-roues-en-ligne-bont","13":"desktop-align-center","14":"tablet-align-center","15":"mobile-align-center","16":"ast-product-gallery-layout-horizontal","17":"ast-product-single-variable","18":"ast-product-tabs-layout-horizontal","19":"ast-qv-on-image","21":"first","22":"instock","23":"taxable","24":"shipping-taxable","25":"purchasable","26":"product-type-variable"},"bundled_by":[],"bundle_stock_status":"instock","bundle_stock_quantity":null,"bundle_virtual":false,"bundle_layout":"","bundle_add_to_cart_form_location":"","bundle_editable_in_cart":false,"bundle_sold_individually_context":"","bundle_item_grouping":"","bundle_min_size":"","bundle_max_size":"","bundle_price":[],"bundled_items":[],"bundle_sell_ids":[],"yoast_head":"<!-- This site is optimized with the Yoast SEO plugin v27.4 - https:\/\/yoast.com\/product\/yoast-seo-wordpress\/ -->\n<title>BONT avenger wheel %sep%%Xact Skate Shop%.<\/title>\n<meta name=\"description\" content=\"La roue BONT Avenger est la premi\u00e8re roue \u00e0 moyeu en aluminium produite en s\u00e9rie. L&#039;aluminium a \u00e9t\u00e9 choisi comme mat\u00e9riau pour le moyeu en raison du rebond plus important qu&#039;il offre.\" \/>\n<meta name=\"robots\" content=\"index, follow, max-snippet:-1, max-image-preview:large, max-video-preview:-1\" \/>\n<link rel=\"canonical\" href=\"https:\/\/xactskateshop.com\/fr\/produit\/bont-avenger-110mm-hardcore-inline-skate-wheel\/\" \/>\n<meta property=\"og:locale\" content=\"fr_FR\" \/>\n<meta property=\"og:type\" content=\"article\" \/>\n<meta property=\"og:title\" content=\"BONT avenger wheel %sep%%Xact Skate Shop%.\" \/>\n<meta property=\"og:description\" content=\"La roue BONT Avenger est la premi\u00e8re roue \u00e0 moyeu en aluminium produite en s\u00e9rie. L&#039;aluminium a \u00e9t\u00e9 choisi comme mat\u00e9riau pour le moyeu en raison du rebond plus important qu&#039;il offre.\" \/>\n<meta property=\"og:url\" content=\"https:\/\/xactskateshop.com\/fr\/produit\/bont-avenger-110mm-hardcore-inline-skate-wheel\/\" \/>\n<meta property=\"og:site_name\" content=\"Xact Skate Shop\" \/>\n<meta property=\"article:publisher\" content=\"https:\/\/www.facebook.com\/JeanLouiskateshop\" \/>\n<meta property=\"og:image\" content=\"https:\/\/xactskateshop.com\/wp-content\/uploads\/2021\/03\/Avenger-USA-110mm-F.jpg\" \/>\n\t<meta property=\"og:image:width\" content=\"1000\" \/>\n\t<meta property=\"og:image:height\" content=\"1000\" \/>\n\t<meta property=\"og:image:type\" content=\"image\/jpeg\" \/>\n<meta name=\"twitter:card\" content=\"summary_large_image\" \/>\n<meta name=\"twitter:label1\" content=\"Dur\u00e9e de lecture estim\u00e9e\" \/>\n\t<meta name=\"twitter:data1\" content=\"2 minutes\" \/>\n<script type=\"application\/ld+json\" class=\"yoast-schema-graph\">{\"@context\":\"https:\\\/\\\/schema.org\",\"@graph\":[{\"@type\":\"WebPage\",\"@id\":\"https:\\\/\\\/xactskateshop.com\\\/fr\\\/produit\\\/bont-avenger-110mm-hardcore-inline-skate-wheel\\\/\",\"url\":\"https:\\\/\\\/xactskateshop.com\\\/fr\\\/produit\\\/bont-avenger-110mm-hardcore-inline-skate-wheel\\\/\",\"name\":\"BONT avenger wheel %sep%%Xact Skate Shop%.\",\"isPartOf\":{\"@id\":\"http:\\\/\\\/xactskateshop.com\\\/fr\\\/#website\"},\"primaryImageOfPage\":{\"@id\":\"https:\\\/\\\/xactskateshop.com\\\/fr\\\/produit\\\/bont-avenger-110mm-hardcore-inline-skate-wheel\\\/#primaryimage\"},\"image\":{\"@id\":\"https:\\\/\\\/xactskateshop.com\\\/fr\\\/produit\\\/bont-avenger-110mm-hardcore-inline-skate-wheel\\\/#primaryimage\"},\"thumbnailUrl\":\"https:\\\/\\\/xactskateshop.com\\\/wp-content\\\/uploads\\\/2021\\\/03\\\/Avenger-USA-110mm-F.jpg\",\"datePublished\":\"2021-04-28T22:30:53+00:00\",\"description\":\"La roue BONT Avenger est la premi\u00e8re roue \u00e0 moyeu en aluminium produite en s\u00e9rie. L'aluminium a \u00e9t\u00e9 choisi comme mat\u00e9riau pour le moyeu en raison du rebond plus important qu'il offre.\",\"breadcrumb\":{\"@id\":\"https:\\\/\\\/xactskateshop.com\\\/fr\\\/produit\\\/bont-avenger-110mm-hardcore-inline-skate-wheel\\\/#breadcrumb\"},\"inLanguage\":\"fr-FR\",\"potentialAction\":[{\"@type\":\"ReadAction\",\"target\":[\"https:\\\/\\\/xactskateshop.com\\\/fr\\\/produit\\\/bont-avenger-110mm-hardcore-inline-skate-wheel\\\/\"]}]},{\"@type\":\"ImageObject\",\"inLanguage\":\"fr-FR\",\"@id\":\"https:\\\/\\\/xactskateshop.com\\\/fr\\\/produit\\\/bont-avenger-110mm-hardcore-inline-skate-wheel\\\/#primaryimage\",\"url\":\"https:\\\/\\\/xactskateshop.com\\\/wp-content\\\/uploads\\\/2021\\\/03\\\/Avenger-USA-110mm-F.jpg\",\"contentUrl\":\"https:\\\/\\\/xactskateshop.com\\\/wp-content\\\/uploads\\\/2021\\\/03\\\/Avenger-USA-110mm-F.jpg\",\"width\":1000,\"height\":1000,\"caption\":\"Roue BONT avenger\"},{\"@type\":\"BreadcrumbList\",\"@id\":\"https:\\\/\\\/xactskateshop.com\\\/fr\\\/produit\\\/bont-avenger-110mm-hardcore-inline-skate-wheel\\\/#breadcrumb\",\"itemListElement\":[{\"@type\":\"ListItem\",\"position\":1,\"name\":\"Home\",\"item\":\"https:\\\/\\\/xactskateshop.com\\\/fr\\\/accueil\\\/\"},{\"@type\":\"ListItem\",\"position\":2,\"name\":\"Boutique\",\"item\":\"https:\\\/\\\/xactskateshop.com\\\/shop\\\/\"},{\"@type\":\"ListItem\",\"position\":3,\"name\":\"BONT AVENGER 110mm Hardcore Inline Skate Wheel\"}]},{\"@type\":\"WebSite\",\"@id\":\"http:\\\/\\\/xactskateshop.com\\\/fr\\\/#website\",\"url\":\"http:\\\/\\\/xactskateshop.com\\\/fr\\\/\",\"name\":\"Xact Skate Shop\",\"description\":\"Un site utilisant WordPress\",\"publisher\":{\"@id\":\"http:\\\/\\\/xactskateshop.com\\\/fr\\\/#organization\"},\"potentialAction\":[{\"@type\":\"SearchAction\",\"target\":{\"@type\":\"EntryPoint\",\"urlTemplate\":\"http:\\\/\\\/xactskateshop.com\\\/fr\\\/?s={search_term_string}\"},\"query-input\":{\"@type\":\"PropertyValueSpecification\",\"valueRequired\":true,\"valueName\":\"search_term_string\"}}],\"inLanguage\":\"fr-FR\"},{\"@type\":\"Organization\",\"@id\":\"http:\\\/\\\/xactskateshop.com\\\/fr\\\/#organization\",\"name\":\"XACT Skate Shop\",\"url\":\"http:\\\/\\\/xactskateshop.com\\\/fr\\\/\",\"logo\":{\"@type\":\"ImageObject\",\"inLanguage\":\"fr-FR\",\"@id\":\"http:\\\/\\\/xactskateshop.com\\\/fr\\\/#\\\/schema\\\/logo\\\/image\\\/\",\"url\":\"http:\\\/\\\/xactskateshop.com\\\/wp-content\\\/uploads\\\/2024\\\/04\\\/xactskateshop-dot-com-avec-contour-noir-sans-fond-675x.jpg\",\"contentUrl\":\"http:\\\/\\\/xactskateshop.com\\\/wp-content\\\/uploads\\\/2024\\\/04\\\/xactskateshop-dot-com-avec-contour-noir-sans-fond-675x.jpg\",\"width\":675,\"height\":247,\"caption\":\"XACT Skate Shop\"},\"image\":{\"@id\":\"http:\\\/\\\/xactskateshop.com\\\/fr\\\/#\\\/schema\\\/logo\\\/image\\\/\"},\"sameAs\":[\"https:\\\/\\\/www.facebook.com\\\/JeanLouiskateshop\"]}]}<\/script>\n<!-- \/ Yoast SEO plugin. -->","yoast_head_json":{"title":"BONT avenger wheel %sep%%Xact Skate Shop%.","description":"La roue BONT Avenger est la premi\u00e8re roue \u00e0 moyeu en aluminium produite en s\u00e9rie. L'aluminium a \u00e9t\u00e9 choisi comme mat\u00e9riau pour le moyeu en raison du rebond plus important qu'il offre.","robots":{"index":"index","follow":"follow","max-snippet":"max-snippet:-1","max-image-preview":"max-image-preview:large","max-video-preview":"max-video-preview:-1"},"canonical":"https:\/\/xactskateshop.com\/fr\/produit\/bont-avenger-110mm-hardcore-inline-skate-wheel\/","og_locale":"fr_FR","og_type":"article","og_title":"BONT avenger wheel %sep%%Xact Skate Shop%.","og_description":"La roue BONT Avenger est la premi\u00e8re roue \u00e0 moyeu en aluminium produite en s\u00e9rie. L'aluminium a \u00e9t\u00e9 choisi comme mat\u00e9riau pour le moyeu en raison du rebond plus important qu'il offre.","og_url":"https:\/\/xactskateshop.com\/fr\/produit\/bont-avenger-110mm-hardcore-inline-skate-wheel\/","og_site_name":"Xact Skate Shop","article_publisher":"https:\/\/www.facebook.com\/JeanLouiskateshop","og_image":[{"width":1000,"height":1000,"url":"https:\/\/xactskateshop.com\/wp-content\/uploads\/2021\/03\/Avenger-USA-110mm-F.jpg","type":"image\/jpeg"}],"twitter_card":"summary_large_image","twitter_misc":{"Dur\u00e9e de lecture estim\u00e9e":"2 minutes"},"schema":{"@context":"https:\/\/schema.org","@graph":[{"@type":"WebPage","@id":"https:\/\/xactskateshop.com\/fr\/produit\/bont-avenger-110mm-hardcore-inline-skate-wheel\/","url":"https:\/\/xactskateshop.com\/fr\/produit\/bont-avenger-110mm-hardcore-inline-skate-wheel\/","name":"BONT avenger wheel %sep%%Xact Skate Shop%.","isPartOf":{"@id":"http:\/\/xactskateshop.com\/fr\/#website"},"primaryImageOfPage":{"@id":"https:\/\/xactskateshop.com\/fr\/produit\/bont-avenger-110mm-hardcore-inline-skate-wheel\/#primaryimage"},"image":{"@id":"https:\/\/xactskateshop.com\/fr\/produit\/bont-avenger-110mm-hardcore-inline-skate-wheel\/#primaryimage"},"thumbnailUrl":"https:\/\/xactskateshop.com\/wp-content\/uploads\/2021\/03\/Avenger-USA-110mm-F.jpg","datePublished":"2021-04-28T22:30:53+00:00","description":"La roue BONT Avenger est la premi\u00e8re roue \u00e0 moyeu en aluminium produite en s\u00e9rie. L'aluminium a \u00e9t\u00e9 choisi comme mat\u00e9riau pour le moyeu en raison du rebond plus important qu'il offre.","breadcrumb":{"@id":"https:\/\/xactskateshop.com\/fr\/produit\/bont-avenger-110mm-hardcore-inline-skate-wheel\/#breadcrumb"},"inLanguage":"fr-FR","potentialAction":[{"@type":"ReadAction","target":["https:\/\/xactskateshop.com\/fr\/produit\/bont-avenger-110mm-hardcore-inline-skate-wheel\/"]}]},{"@type":"ImageObject","inLanguage":"fr-FR","@id":"https:\/\/xactskateshop.com\/fr\/produit\/bont-avenger-110mm-hardcore-inline-skate-wheel\/#primaryimage","url":"https:\/\/xactskateshop.com\/wp-content\/uploads\/2021\/03\/Avenger-USA-110mm-F.jpg","contentUrl":"https:\/\/xactskateshop.com\/wp-content\/uploads\/2021\/03\/Avenger-USA-110mm-F.jpg","width":1000,"height":1000,"caption":"Roue BONT avenger"},{"@type":"BreadcrumbList","@id":"https:\/\/xactskateshop.com\/fr\/produit\/bont-avenger-110mm-hardcore-inline-skate-wheel\/#breadcrumb","itemListElement":[{"@type":"ListItem","position":1,"name":"Home","item":"https:\/\/xactskateshop.com\/fr\/accueil\/"},{"@type":"ListItem","position":2,"name":"Boutique","item":"https:\/\/xactskateshop.com\/shop\/"},{"@type":"ListItem","position":3,"name":"BONT AVENGER 110mm Hardcore Inline Skate Wheel"}]},{"@type":"WebSite","@id":"http:\/\/xactskateshop.com\/fr\/#website","url":"http:\/\/xactskateshop.com\/fr\/","name":"Xact Skate Shop","description":"Un site utilisant WordPress","publisher":{"@id":"http:\/\/xactskateshop.com\/fr\/#organization"},"potentialAction":[{"@type":"SearchAction","target":{"@type":"EntryPoint","urlTemplate":"http:\/\/xactskateshop.com\/fr\/?s={search_term_string}"},"query-input":{"@type":"PropertyValueSpecification","valueRequired":true,"valueName":"search_term_string"}}],"inLanguage":"fr-FR"},{"@type":"Organization","@id":"http:\/\/xactskateshop.com\/fr\/#organization","name":"XACT Skate Shop","url":"http:\/\/xactskateshop.com\/fr\/","logo":{"@type":"ImageObject","inLanguage":"fr-FR","@id":"http:\/\/xactskateshop.com\/fr\/#\/schema\/logo\/image\/","url":"http:\/\/xactskateshop.com\/wp-content\/uploads\/2024\/04\/xactskateshop-dot-com-avec-contour-noir-sans-fond-675x.jpg","contentUrl":"http:\/\/xactskateshop.com\/wp-content\/uploads\/2024\/04\/xactskateshop-dot-com-avec-contour-noir-sans-fond-675x.jpg","width":675,"height":247,"caption":"XACT Skate Shop"},"image":{"@id":"http:\/\/xactskateshop.com\/fr\/#\/schema\/logo\/image\/"},"sameAs":["https:\/\/www.facebook.com\/JeanLouiskateshop"]}]}},"_links":{"self":[{"href":"https:\/\/xactskateshop.com\/fr\/wp-json\/wp\/v2\/product\/58902","targetHints":{"allow":["GET"]}}],"collection":[{"href":"https:\/\/xactskateshop.com\/fr\/wp-json\/wp\/v2\/product"}],"about":[{"href":"https:\/\/xactskateshop.com\/fr\/wp-json\/wp\/v2\/types\/product"}],"replies":[{"embeddable":true,"href":"https:\/\/xactskateshop.com\/fr\/wp-json\/wp\/v2\/comments?post=58902"}],"wp:featuredmedia":[{"embeddable":true,"href":"https:\/\/xactskateshop.com\/fr\/wp-json\/wp\/v2\/media\/28794"}],"wp:attachment":[{"href":"https:\/\/xactskateshop.com\/fr\/wp-json\/wp\/v2\/media?parent=58902"}],"wp:term":[{"taxonomy":"product_brand","embeddable":true,"href":"https:\/\/xactskateshop.com\/fr\/wp-json\/wp\/v2\/product_brand?post=58902"},{"taxonomy":"product_cat","embeddable":true,"href":"https:\/\/xactskateshop.com\/fr\/wp-json\/wp\/v2\/product_cat?post=58902"},{"taxonomy":"product_tag","embeddable":true,"href":"https:\/\/xactskateshop.com\/fr\/wp-json\/wp\/v2\/product_tag?post=58902"}],"curies":[{"name":"wp","href":"https:\/\/api.w.org\/{rel}","templated":true}]}}