{"id":58874,"date":"2021-04-28T18:30:23","date_gmt":"2021-04-28T22:30:23","guid":{"rendered":"http:\/\/xactskateshop.com\/product\/bont-red-magic-125mm-hardcore-2-0-inline-skate-wheel\/"},"modified":"2021-04-28T18:30:23","modified_gmt":"2021-04-28T22:30:23","slug":"bont-red-magic-125mm-hardcore-2-0-inline-skate-wheel","status":"publish","type":"product","link":"https:\/\/xactskateshop.com\/fr\/produit\/bont-red-magic-125mm-hardcore-2-0-inline-skate-wheel\/","title":{"rendered":"BONT RED MAGIC 125mm Hardcore 2.0 Inline Skate Wheel"},"content":{"rendered":"<p>Roue en ligne Bont 125mm<\/p>\n<p><strong>La roue de patinage de vitesse en ligne la plus rapide au monde !<\/strong><\/p>\n<p>La Red Magic Hardcore est la premi\u00e8re roue de 125 mm pour le patinage de vitesse en ligne professionnel \u00e0 utiliser un moyeu en aluminium. Les roues de 125 mm sont beaucoup plus grandes que les roues de 110 mm et il y a donc beaucoup plus de flexion \u00e0 contr\u00f4ler. Nous pensons que la meilleure fa\u00e7on de contr\u00f4ler cette flexion est d&#8217;am\u00e9liorer le moyeu en passant du plastique \u00e0 l&#8217;aluminium. La roue de 125 mm Red Magic Hardcore a connu un succ\u00e8s imm\u00e9diat, remportant la premi\u00e8re course de la saison \u00e0 Berlin et la plupart des marathons des championnats du monde de roller depuis sa sortie. La roue a une largeur totale de 24 mm, contrairement \u00e0 certains concurrents qui ont opt\u00e9 pour des roues de 20 \u00e0 22 mm. La version 2.0 a maintenant un si\u00e8ge de roulement parfait.     <\/p>\n<p>Les roues de 125 mm sont les plus rapides et la Red Magic Hardcore est la roue de 125 mm la plus rapide au monde. Cette roue est une roue \u00e0 double duom\u00e8tre, ce qui signifie qu&#8217;elle poss\u00e8de deux couches d&#8217;ur\u00e9thane. La bande int\u00e9rieure est faite d&#8217;un mat\u00e9riau de type super-ballon \u00e0 rebond extr\u00eamement \u00e9lev\u00e9 et l&#8217;autre couche d&#8217;ur\u00e9thane est tr\u00e8s tr\u00e8s rapide. Ce qui distingue vraiment cette roue de la concurrence, c&#8217;est son incroyable adh\u00e9rence dans les virages. Il n&#8217;y a pas d&#8217;autre roue comme celle-ci. De plus, cette roue a des capacit\u00e9s \u00e9tonnantes par temps de pluie. \u00c0 moins qu&#8217;il ne s&#8217;agisse d&#8217;une v\u00e9ritable temp\u00eate, cette roue est tr\u00e8s performante dans des conditions de patinage humides. Si vous voulez la roue en ligne de 125 mm la plus rapide du march\u00e9, vous l&#8217;avez trouv\u00e9e.       <\/p>\n<p><span lang=\"EN-US\">L&#8217;ur\u00e9thane est coul\u00e9 par les roues MPC et utilise leur bande flexible brevet\u00e9e \u00e0 haut rebond.  <\/span><\/p>\n<p><i>MTECH\u2122PATENT NO.S6,036,278 &amp; 6,227,622B1 &#8211; Brevet sur les roues MPC<\/i><\/p>\n<ul>\n<li><strong>Fabriqu\u00e9 aux : <\/strong>USA<\/li>\n<li><strong>Application : <\/strong>Route<\/li>\n<li><strong>Diam\u00e8tre :<\/strong> 125 mm<\/li>\n<li><span lang=\"EN-US\"><strong>Duret\u00e9 :<\/strong> Ferme, X-Firm<\/span><\/li>\n<li><span lang=\"EN-US\"><strong>Taille du palier : <\/strong>608<\/span><\/li>\n<\/ul>\n<p><span lang=\"EN-US\"><strong>REMARQUE :<\/strong> Les roues \u00e0 moyeu en aluminium sont plus pr\u00e9cises que les roues \u00e0 moyeu en plastique. Vous devrez donc utiliser des entretoises de 10,05 mm comme nos entretoises autocentrantes Red 608 Inline entre les roulements. Si vous utilisez des entretoises normales de 10,35 mm, cela fonctionnera toujours mais vous risquez d&#8217;entendre un peu de bruit lorsque vous patinerez. Une presse \u00e0 roulements est une bonne id\u00e9e pour ins\u00e9rer et retirer les roulements des roues en aluminium.    <\/span><\/p>\n<p><strong><span lang=\"EN-US\">*Le prix s&#8217;entend par roue.  <\/span><\/strong><\/p>\n","protected":false},"excerpt":{"rendered":"<p><strong>La roue de patinage de vitesse en ligne la plus rapide au monde !<\/strong><\/p>\n<p>Roue en ligne Bont 125mm<\/p>\n<p>La Red Magic Hardcore est la premi\u00e8re roue professionnelle de 125 mm pour le patinage de vitesse en ligne \u00e0 utiliser un moyeu en aluminium. Les roues de 125 mm sont beaucoup plus grandes que les roues de 110 mm, il y a donc beaucoup plus de flexion \u00e0 contr\u00f4ler. Nous pensons que la meilleure fa\u00e7on de contr\u00f4ler cette flexion est d&#8217;am\u00e9liorer le moyeu en passant du plastique \u00e0 l&#8217;aluminium. La roue de 125 mm Red Magic Hardcore a connu un succ\u00e8s imm\u00e9diat, remportant la premi\u00e8re course de la saison \u00e0 Berlin et la plupart des marathons des championnats du monde de roller depuis sa sortie. La roue a une largeur totale de 24 mm, contrairement \u00e0 certains concurrents qui ont opt\u00e9 pour des roues de 20 \u00e0 22 mm. La version 2.0 a maintenant un si\u00e8ge de roulement parfait.     <\/p>\n","protected":false},"featured_media":28824,"comment_status":"closed","ping_status":"closed","template":"","meta":{"site-sidebar-layout":"default","site-content-layout":"default","ast-site-content-layout":"default","site-content-style":"default","site-sidebar-style":"default","ast-global-header-display":"","ast-banner-title-visibility":"","ast-main-header-display":"","ast-hfb-above-header-display":"","ast-hfb-below-header-display":"","ast-hfb-mobile-header-display":"","site-post-title":"","ast-breadcrumbs-content":"","ast-featured-img":"","footer-sml-layout":"","theme-transparent-header-meta":"default","adv-header-id-meta":"","stick-header-meta":"","header-above-stick-meta":"","header-main-stick-meta":"","header-below-stick-meta":"","astra-migrate-meta-layouts":"default","ast-page-background-enabled":"default","ast-page-background-meta":{"desktop":{"background-color":"","background-image":"","background-repeat":"repeat","background-position":"center center","background-size":"auto","background-attachment":"scroll","background-type":"","background-media":"","overlay-type":"","overlay-color":"","overlay-opacity":"","overlay-gradient":""},"tablet":{"background-color":"","background-image":"","background-repeat":"repeat","background-position":"center center","background-size":"auto","background-attachment":"scroll","background-type":"","background-media":"","overlay-type":"","overlay-color":"","overlay-opacity":"","overlay-gradient":""},"mobile":{"background-color":"","background-image":"","background-repeat":"repeat","background-position":"center center","background-size":"auto","background-attachment":"scroll","background-type":"","background-media":"","overlay-type":"","overlay-color":"","overlay-opacity":"","overlay-gradient":""}},"ast-content-background-meta":{"desktop":{"background-color":"var(--ast-global-color-5)","background-image":"","background-repeat":"repeat","background-position":"center center","background-size":"auto","background-attachment":"scroll","background-type":"","background-media":"","overlay-type":"","overlay-color":"","overlay-opacity":"","overlay-gradient":""},"tablet":{"background-color":"var(--ast-global-color-5)","background-image":"","background-repeat":"repeat","background-position":"center center","background-size":"auto","background-attachment":"scroll","background-type":"","background-media":"","overlay-type":"","overlay-color":"","overlay-opacity":"","overlay-gradient":""},"mobile":{"background-color":"var(--ast-global-color-5)","background-image":"","background-repeat":"repeat","background-position":"center center","background-size":"auto","background-attachment":"scroll","background-type":"","background-media":"","overlay-type":"","overlay-color":"","overlay-opacity":"","overlay-gradient":""}}},"product_brand":[],"product_cat":[1589,2020],"product_tag":[2164,2022,2185,2023,2171],"class_list":{"0":"post-58874","1":"product","2":"type-product","3":"status-publish","4":"has-post-thumbnail","6":"product_cat-patinage-de-vitesse-a-roues-alignees","7":"product_cat-roues-fr","8":"product_tag-mpc-fr","9":"product_tag-roue-inline","10":"product_tag-roues-en-aluminium","11":"product_tag-roues-en-ligne-bont","12":"product_tag-roues-rouges-magiques","13":"desktop-align-center","14":"tablet-align-center","15":"mobile-align-center","16":"ast-product-gallery-layout-horizontal","17":"ast-product-single-variable","18":"ast-product-tabs-layout-horizontal","19":"ast-qv-on-image","21":"first","22":"instock","23":"taxable","24":"shipping-taxable","25":"purchasable","26":"product-type-variable"},"bundled_by":[],"bundle_stock_status":"instock","bundle_stock_quantity":null,"bundle_virtual":false,"bundle_layout":"","bundle_add_to_cart_form_location":"","bundle_editable_in_cart":false,"bundle_sold_individually_context":"","bundle_item_grouping":"","bundle_min_size":"","bundle_max_size":"","bundle_price":[],"bundled_items":[],"bundle_sell_ids":[],"yoast_head":"<!-- This site is optimized with the Yoast SEO plugin v27.4 - https:\/\/yoast.com\/product\/yoast-seo-wordpress\/ -->\n<title>roue bont inline 125mm - Xact Skate Shop<\/title>\n<meta name=\"description\" content=\"Roue Bont inline 125mm. La Red Magic Hardcore est la premi\u00e8re roue de 125 mm pour le roller professionnel \u00e0 utiliser un moyeu en aluminium. Achetez la v\u00f4tre ici !\" \/>\n<meta name=\"robots\" content=\"index, follow, max-snippet:-1, max-image-preview:large, max-video-preview:-1\" \/>\n<link rel=\"canonical\" href=\"https:\/\/xactskateshop.com\/fr\/produit\/bont-red-magic-125mm-hardcore-2-0-inline-skate-wheel\/\" \/>\n<meta property=\"og:locale\" content=\"fr_FR\" \/>\n<meta property=\"og:type\" content=\"article\" \/>\n<meta property=\"og:title\" content=\"roue bont inline 125mm - Xact Skate Shop\" \/>\n<meta property=\"og:description\" content=\"Roue Bont inline 125mm. La Red Magic Hardcore est la premi\u00e8re roue de 125 mm pour le roller professionnel \u00e0 utiliser un moyeu en aluminium. Achetez la v\u00f4tre ici !\" \/>\n<meta property=\"og:url\" content=\"https:\/\/xactskateshop.com\/fr\/produit\/bont-red-magic-125mm-hardcore-2-0-inline-skate-wheel\/\" \/>\n<meta property=\"og:site_name\" content=\"Xact Skate Shop\" \/>\n<meta property=\"article:publisher\" content=\"https:\/\/www.facebook.com\/JeanLouiskateshop\" \/>\n<meta property=\"og:image\" content=\"https:\/\/xactskateshop.com\/wp-content\/uploads\/2021\/03\/RedMagic-HardCore-125mm-X-Firm.jpg\" \/>\n\t<meta property=\"og:image:width\" content=\"1000\" \/>\n\t<meta property=\"og:image:height\" content=\"1000\" \/>\n\t<meta property=\"og:image:type\" content=\"image\/jpeg\" \/>\n<meta name=\"twitter:card\" content=\"summary_large_image\" \/>\n<meta name=\"twitter:label1\" content=\"Dur\u00e9e de lecture estim\u00e9e\" \/>\n\t<meta name=\"twitter:data1\" content=\"2 minutes\" \/>\n<script type=\"application\/ld+json\" class=\"yoast-schema-graph\">{\"@context\":\"https:\\\/\\\/schema.org\",\"@graph\":[{\"@type\":\"WebPage\",\"@id\":\"https:\\\/\\\/xactskateshop.com\\\/fr\\\/produit\\\/bont-red-magic-125mm-hardcore-2-0-inline-skate-wheel\\\/\",\"url\":\"https:\\\/\\\/xactskateshop.com\\\/fr\\\/produit\\\/bont-red-magic-125mm-hardcore-2-0-inline-skate-wheel\\\/\",\"name\":\"roue bont inline 125mm - Xact Skate Shop\",\"isPartOf\":{\"@id\":\"http:\\\/\\\/xactskateshop.com\\\/fr\\\/#website\"},\"primaryImageOfPage\":{\"@id\":\"https:\\\/\\\/xactskateshop.com\\\/fr\\\/produit\\\/bont-red-magic-125mm-hardcore-2-0-inline-skate-wheel\\\/#primaryimage\"},\"image\":{\"@id\":\"https:\\\/\\\/xactskateshop.com\\\/fr\\\/produit\\\/bont-red-magic-125mm-hardcore-2-0-inline-skate-wheel\\\/#primaryimage\"},\"thumbnailUrl\":\"https:\\\/\\\/xactskateshop.com\\\/wp-content\\\/uploads\\\/2021\\\/03\\\/RedMagic-HardCore-125mm-X-Firm.jpg\",\"datePublished\":\"2021-04-28T22:30:23+00:00\",\"description\":\"Roue Bont inline 125mm. La Red Magic Hardcore est la premi\u00e8re roue de 125 mm pour le roller professionnel \u00e0 utiliser un moyeu en aluminium. Achetez la v\u00f4tre ici !\",\"breadcrumb\":{\"@id\":\"https:\\\/\\\/xactskateshop.com\\\/fr\\\/produit\\\/bont-red-magic-125mm-hardcore-2-0-inline-skate-wheel\\\/#breadcrumb\"},\"inLanguage\":\"fr-FR\",\"potentialAction\":[{\"@type\":\"ReadAction\",\"target\":[\"https:\\\/\\\/xactskateshop.com\\\/fr\\\/produit\\\/bont-red-magic-125mm-hardcore-2-0-inline-skate-wheel\\\/\"]}]},{\"@type\":\"ImageObject\",\"inLanguage\":\"fr-FR\",\"@id\":\"https:\\\/\\\/xactskateshop.com\\\/fr\\\/produit\\\/bont-red-magic-125mm-hardcore-2-0-inline-skate-wheel\\\/#primaryimage\",\"url\":\"https:\\\/\\\/xactskateshop.com\\\/wp-content\\\/uploads\\\/2021\\\/03\\\/RedMagic-HardCore-125mm-X-Firm.jpg\",\"contentUrl\":\"https:\\\/\\\/xactskateshop.com\\\/wp-content\\\/uploads\\\/2021\\\/03\\\/RedMagic-HardCore-125mm-X-Firm.jpg\",\"width\":1000,\"height\":1000,\"caption\":\"roue en ligne bont 125mm\"},{\"@type\":\"BreadcrumbList\",\"@id\":\"https:\\\/\\\/xactskateshop.com\\\/fr\\\/produit\\\/bont-red-magic-125mm-hardcore-2-0-inline-skate-wheel\\\/#breadcrumb\",\"itemListElement\":[{\"@type\":\"ListItem\",\"position\":1,\"name\":\"Home\",\"item\":\"https:\\\/\\\/xactskateshop.com\\\/fr\\\/accueil\\\/\"},{\"@type\":\"ListItem\",\"position\":2,\"name\":\"Boutique\",\"item\":\"https:\\\/\\\/xactskateshop.com\\\/shop\\\/\"},{\"@type\":\"ListItem\",\"position\":3,\"name\":\"BONT RED MAGIC 125mm Hardcore 2.0 Inline Skate Wheel\"}]},{\"@type\":\"WebSite\",\"@id\":\"http:\\\/\\\/xactskateshop.com\\\/fr\\\/#website\",\"url\":\"http:\\\/\\\/xactskateshop.com\\\/fr\\\/\",\"name\":\"Xact Skate Shop\",\"description\":\"Un site utilisant WordPress\",\"publisher\":{\"@id\":\"http:\\\/\\\/xactskateshop.com\\\/fr\\\/#organization\"},\"potentialAction\":[{\"@type\":\"SearchAction\",\"target\":{\"@type\":\"EntryPoint\",\"urlTemplate\":\"http:\\\/\\\/xactskateshop.com\\\/fr\\\/?s={search_term_string}\"},\"query-input\":{\"@type\":\"PropertyValueSpecification\",\"valueRequired\":true,\"valueName\":\"search_term_string\"}}],\"inLanguage\":\"fr-FR\"},{\"@type\":\"Organization\",\"@id\":\"http:\\\/\\\/xactskateshop.com\\\/fr\\\/#organization\",\"name\":\"XACT Skate Shop\",\"url\":\"http:\\\/\\\/xactskateshop.com\\\/fr\\\/\",\"logo\":{\"@type\":\"ImageObject\",\"inLanguage\":\"fr-FR\",\"@id\":\"http:\\\/\\\/xactskateshop.com\\\/fr\\\/#\\\/schema\\\/logo\\\/image\\\/\",\"url\":\"http:\\\/\\\/xactskateshop.com\\\/wp-content\\\/uploads\\\/2024\\\/04\\\/xactskateshop-dot-com-avec-contour-noir-sans-fond-675x.jpg\",\"contentUrl\":\"http:\\\/\\\/xactskateshop.com\\\/wp-content\\\/uploads\\\/2024\\\/04\\\/xactskateshop-dot-com-avec-contour-noir-sans-fond-675x.jpg\",\"width\":675,\"height\":247,\"caption\":\"XACT Skate Shop\"},\"image\":{\"@id\":\"http:\\\/\\\/xactskateshop.com\\\/fr\\\/#\\\/schema\\\/logo\\\/image\\\/\"},\"sameAs\":[\"https:\\\/\\\/www.facebook.com\\\/JeanLouiskateshop\"]}]}<\/script>\n<!-- \/ Yoast SEO plugin. -->","yoast_head_json":{"title":"roue bont inline 125mm - Xact Skate Shop","description":"Roue Bont inline 125mm. La Red Magic Hardcore est la premi\u00e8re roue de 125 mm pour le roller professionnel \u00e0 utiliser un moyeu en aluminium. Achetez la v\u00f4tre ici !","robots":{"index":"index","follow":"follow","max-snippet":"max-snippet:-1","max-image-preview":"max-image-preview:large","max-video-preview":"max-video-preview:-1"},"canonical":"https:\/\/xactskateshop.com\/fr\/produit\/bont-red-magic-125mm-hardcore-2-0-inline-skate-wheel\/","og_locale":"fr_FR","og_type":"article","og_title":"roue bont inline 125mm - Xact Skate Shop","og_description":"Roue Bont inline 125mm. La Red Magic Hardcore est la premi\u00e8re roue de 125 mm pour le roller professionnel \u00e0 utiliser un moyeu en aluminium. Achetez la v\u00f4tre ici !","og_url":"https:\/\/xactskateshop.com\/fr\/produit\/bont-red-magic-125mm-hardcore-2-0-inline-skate-wheel\/","og_site_name":"Xact Skate Shop","article_publisher":"https:\/\/www.facebook.com\/JeanLouiskateshop","og_image":[{"width":1000,"height":1000,"url":"https:\/\/xactskateshop.com\/wp-content\/uploads\/2021\/03\/RedMagic-HardCore-125mm-X-Firm.jpg","type":"image\/jpeg"}],"twitter_card":"summary_large_image","twitter_misc":{"Dur\u00e9e de lecture estim\u00e9e":"2 minutes"},"schema":{"@context":"https:\/\/schema.org","@graph":[{"@type":"WebPage","@id":"https:\/\/xactskateshop.com\/fr\/produit\/bont-red-magic-125mm-hardcore-2-0-inline-skate-wheel\/","url":"https:\/\/xactskateshop.com\/fr\/produit\/bont-red-magic-125mm-hardcore-2-0-inline-skate-wheel\/","name":"roue bont inline 125mm - Xact Skate Shop","isPartOf":{"@id":"http:\/\/xactskateshop.com\/fr\/#website"},"primaryImageOfPage":{"@id":"https:\/\/xactskateshop.com\/fr\/produit\/bont-red-magic-125mm-hardcore-2-0-inline-skate-wheel\/#primaryimage"},"image":{"@id":"https:\/\/xactskateshop.com\/fr\/produit\/bont-red-magic-125mm-hardcore-2-0-inline-skate-wheel\/#primaryimage"},"thumbnailUrl":"https:\/\/xactskateshop.com\/wp-content\/uploads\/2021\/03\/RedMagic-HardCore-125mm-X-Firm.jpg","datePublished":"2021-04-28T22:30:23+00:00","description":"Roue Bont inline 125mm. La Red Magic Hardcore est la premi\u00e8re roue de 125 mm pour le roller professionnel \u00e0 utiliser un moyeu en aluminium. Achetez la v\u00f4tre ici !","breadcrumb":{"@id":"https:\/\/xactskateshop.com\/fr\/produit\/bont-red-magic-125mm-hardcore-2-0-inline-skate-wheel\/#breadcrumb"},"inLanguage":"fr-FR","potentialAction":[{"@type":"ReadAction","target":["https:\/\/xactskateshop.com\/fr\/produit\/bont-red-magic-125mm-hardcore-2-0-inline-skate-wheel\/"]}]},{"@type":"ImageObject","inLanguage":"fr-FR","@id":"https:\/\/xactskateshop.com\/fr\/produit\/bont-red-magic-125mm-hardcore-2-0-inline-skate-wheel\/#primaryimage","url":"https:\/\/xactskateshop.com\/wp-content\/uploads\/2021\/03\/RedMagic-HardCore-125mm-X-Firm.jpg","contentUrl":"https:\/\/xactskateshop.com\/wp-content\/uploads\/2021\/03\/RedMagic-HardCore-125mm-X-Firm.jpg","width":1000,"height":1000,"caption":"roue en ligne bont 125mm"},{"@type":"BreadcrumbList","@id":"https:\/\/xactskateshop.com\/fr\/produit\/bont-red-magic-125mm-hardcore-2-0-inline-skate-wheel\/#breadcrumb","itemListElement":[{"@type":"ListItem","position":1,"name":"Home","item":"https:\/\/xactskateshop.com\/fr\/accueil\/"},{"@type":"ListItem","position":2,"name":"Boutique","item":"https:\/\/xactskateshop.com\/shop\/"},{"@type":"ListItem","position":3,"name":"BONT RED MAGIC 125mm Hardcore 2.0 Inline Skate Wheel"}]},{"@type":"WebSite","@id":"http:\/\/xactskateshop.com\/fr\/#website","url":"http:\/\/xactskateshop.com\/fr\/","name":"Xact Skate Shop","description":"Un site utilisant WordPress","publisher":{"@id":"http:\/\/xactskateshop.com\/fr\/#organization"},"potentialAction":[{"@type":"SearchAction","target":{"@type":"EntryPoint","urlTemplate":"http:\/\/xactskateshop.com\/fr\/?s={search_term_string}"},"query-input":{"@type":"PropertyValueSpecification","valueRequired":true,"valueName":"search_term_string"}}],"inLanguage":"fr-FR"},{"@type":"Organization","@id":"http:\/\/xactskateshop.com\/fr\/#organization","name":"XACT Skate Shop","url":"http:\/\/xactskateshop.com\/fr\/","logo":{"@type":"ImageObject","inLanguage":"fr-FR","@id":"http:\/\/xactskateshop.com\/fr\/#\/schema\/logo\/image\/","url":"http:\/\/xactskateshop.com\/wp-content\/uploads\/2024\/04\/xactskateshop-dot-com-avec-contour-noir-sans-fond-675x.jpg","contentUrl":"http:\/\/xactskateshop.com\/wp-content\/uploads\/2024\/04\/xactskateshop-dot-com-avec-contour-noir-sans-fond-675x.jpg","width":675,"height":247,"caption":"XACT Skate Shop"},"image":{"@id":"http:\/\/xactskateshop.com\/fr\/#\/schema\/logo\/image\/"},"sameAs":["https:\/\/www.facebook.com\/JeanLouiskateshop"]}]}},"_links":{"self":[{"href":"https:\/\/xactskateshop.com\/fr\/wp-json\/wp\/v2\/product\/58874","targetHints":{"allow":["GET"]}}],"collection":[{"href":"https:\/\/xactskateshop.com\/fr\/wp-json\/wp\/v2\/product"}],"about":[{"href":"https:\/\/xactskateshop.com\/fr\/wp-json\/wp\/v2\/types\/product"}],"replies":[{"embeddable":true,"href":"https:\/\/xactskateshop.com\/fr\/wp-json\/wp\/v2\/comments?post=58874"}],"wp:featuredmedia":[{"embeddable":true,"href":"https:\/\/xactskateshop.com\/fr\/wp-json\/wp\/v2\/media\/28824"}],"wp:attachment":[{"href":"https:\/\/xactskateshop.com\/fr\/wp-json\/wp\/v2\/media?parent=58874"}],"wp:term":[{"taxonomy":"product_brand","embeddable":true,"href":"https:\/\/xactskateshop.com\/fr\/wp-json\/wp\/v2\/product_brand?post=58874"},{"taxonomy":"product_cat","embeddable":true,"href":"https:\/\/xactskateshop.com\/fr\/wp-json\/wp\/v2\/product_cat?post=58874"},{"taxonomy":"product_tag","embeddable":true,"href":"https:\/\/xactskateshop.com\/fr\/wp-json\/wp\/v2\/product_tag?post=58874"}],"curies":[{"name":"wp","href":"https:\/\/api.w.org\/{rel}","templated":true}]}}