{"id":58651,"date":"2021-04-21T17:58:34","date_gmt":"2021-04-21T21:58:34","guid":{"rendered":"http:\/\/xactskateshop.com\/product\/lacets-de-patinage-cires-bont-6mm\/"},"modified":"2021-04-21T17:58:34","modified_gmt":"2021-04-21T21:58:34","slug":"lacets-de-patinage-cires-bont-6mm","status":"publish","type":"product","link":"https:\/\/xactskateshop.com\/fr\/produit\/lacets-de-patinage-cires-bont-6mm\/","title":{"rendered":"Lacets de patinage cir\u00e9s BONT 6mm"},"content":{"rendered":"<p>Les lacets cir\u00e9s Bont conviennent aux patins de roller derby, aux patins \u00e0 roulettes, aux patins \u00e0 glace et aux patins de hockey en ligne, aux patins de vitesse en ligne, aux patins \u00e0 glace, aux bottes et aux chaussures ordinaires.<\/p>\n<p>Les lacets de patinage sont plats et existent en 6 mm ou 8 mm de large avec diff\u00e9rentes longueurs pour s&#8217;adapter \u00e0 vos chaussures de patinage \u00e0 roulettes. Les lacets sont con\u00e7us pour ne pas s&#8217;\u00e9tirer et sont trait\u00e9s avec une cire haute performance pour que les lacets restent attach\u00e9s et serr\u00e9s ! Si le lacet s&#8217;\u00e9tire, vos patins se d\u00e9tendront et vous devrez vous arr\u00eater pour resserrer vos lacets pendant votre session de patinage ou votre comp\u00e9tition.  <\/p>\n<p>Les lacets Bont Skate Laces ont des pointes moul\u00e9es qui r\u00e9sistent \u00e0 l&#8217;effilochage au fil du temps. Les pointes des lacets sont tr\u00e8s durables et faciles \u00e0 utiliser. Disponibles en 16 couleurs diff\u00e9rentes, les lacets de patinage cir\u00e9s sont d&#8217;excellents lacets pour tous les types de chaussures de patinage et de tous les jours.  <\/p>\n<p>Un lacet plus large permet d&#8217;\u00e9viter le mordillement du lacet qui s&#8217;enfonce dans le pied. Les languettes des bottes sont souvent rembourr\u00e9es, mais ce n&#8217;est pas le cas de toutes les bottes. Vous pouvez donc v\u00e9rifier si la languette de vos bottes est rembourr\u00e9e avant de commander des lacets de 6 mm. Les lacets de 6 mm sont utilis\u00e9s sur les patins artistiques et les patins de loisir en plein air, y compris les patins pour femmes et pour filles. Les lacets de 8 mm sont g\u00e9n\u00e9ralement pr\u00e9f\u00e9r\u00e9s pour les patins de hockey sur glace, les patins de roller derby, les patins de vitesse en ligne et les patins pour hommes. Il n&#8217;y a pas de r\u00e8gle fixe, vous pouvez pr\u00e9f\u00e9rer des lacets de 6 mm \u00e0 des lacets de 8 mm ou vice versa.    <\/p>\n<p>Pour plus de photos de lacets de patinage, veuillez visiter notre <a title=\"lacets de patins pour le roller, le derby, le hockey et le patinage artistique\" href=\"https:\/\/bont.com\/blogs\/new-skate-products\/new-bont-waxed-skate-laces\">article de blog sur les<\/a> lacets de patinage. <a title=\"skatelaces.com le site officiel des lacets de patins \u00e0 roulettes bont\" href=\"https:\/\/skatelaces.com\/\">Skatelaces.com<\/a> est la page d&#8217;accueil officielle de Bont Skate Laces.<\/p>\n<p><strong>Longueur : <\/strong>150cm, 180cm, 200cm, 245cm, 275cm<\/p>\n<p><strong>Largeur : <\/strong>6 mm, 8 mm<\/p>\n<p><strong>Vendu par paire :<\/strong> 2 lacets<\/p>\n<p><strong>Taille :  <\/strong><\/p>\n<ul>\n<li><strong>ParkStars<\/strong> &#8211; Toutes les tailles utilisent 200cm<\/li>\n<li><strong>Toutes les autres bottes Bont <\/strong>&#8211; Tailles 9c-9(150cm), Tailles 9.5-13.5(180cm)<\/li>\n<\/ul>\n","protected":false},"excerpt":{"rendered":"<p>Les lacets cir\u00e9s Bont conviennent aux patins de roller derby, aux patins \u00e0 roulettes, aux patins \u00e0 glace et aux patins de hockey en ligne, aux patins de vitesse en ligne, aux patins \u00e0 glace, aux bottes et aux chaussures ordinaires.<\/p>\n","protected":false},"featured_media":29177,"comment_status":"closed","ping_status":"closed","template":"","meta":{"site-sidebar-layout":"default","site-content-layout":"default","ast-site-content-layout":"default","site-content-style":"default","site-sidebar-style":"default","ast-global-header-display":"","ast-banner-title-visibility":"","ast-main-header-display":"","ast-hfb-above-header-display":"","ast-hfb-below-header-display":"","ast-hfb-mobile-header-display":"","site-post-title":"","ast-breadcrumbs-content":"","ast-featured-img":"","footer-sml-layout":"","theme-transparent-header-meta":"default","adv-header-id-meta":"","stick-header-meta":"","header-above-stick-meta":"","header-main-stick-meta":"","header-below-stick-meta":"","astra-migrate-meta-layouts":"default","ast-page-background-enabled":"default","ast-page-background-meta":{"desktop":{"background-color":"","background-image":"","background-repeat":"repeat","background-position":"center center","background-size":"auto","background-attachment":"scroll","background-type":"","background-media":"","overlay-type":"","overlay-color":"","overlay-opacity":"","overlay-gradient":""},"tablet":{"background-color":"","background-image":"","background-repeat":"repeat","background-position":"center center","background-size":"auto","background-attachment":"scroll","background-type":"","background-media":"","overlay-type":"","overlay-color":"","overlay-opacity":"","overlay-gradient":""},"mobile":{"background-color":"","background-image":"","background-repeat":"repeat","background-position":"center center","background-size":"auto","background-attachment":"scroll","background-type":"","background-media":"","overlay-type":"","overlay-color":"","overlay-opacity":"","overlay-gradient":""}},"ast-content-background-meta":{"desktop":{"background-color":"var(--ast-global-color-5)","background-image":"","background-repeat":"repeat","background-position":"center center","background-size":"auto","background-attachment":"scroll","background-type":"","background-media":"","overlay-type":"","overlay-color":"","overlay-opacity":"","overlay-gradient":""},"tablet":{"background-color":"var(--ast-global-color-5)","background-image":"","background-repeat":"repeat","background-position":"center center","background-size":"auto","background-attachment":"scroll","background-type":"","background-media":"","overlay-type":"","overlay-color":"","overlay-opacity":"","overlay-gradient":""},"mobile":{"background-color":"var(--ast-global-color-5)","background-image":"","background-repeat":"repeat","background-position":"center center","background-size":"auto","background-attachment":"scroll","background-type":"","background-media":"","overlay-type":"","overlay-color":"","overlay-opacity":"","overlay-gradient":""}}},"product_brand":[],"product_cat":[1527,1529,1530,1589,1652,1513,1588],"product_tag":[],"class_list":{"0":"post-58651","1":"product","2":"type-product","3":"status-publish","4":"has-post-thumbnail","6":"product_cat-accessoires-courte-piste","7":"product_cat-accessoires-de-patinage-a-roues-alignees","8":"product_cat-accessoires-pour-patins-a-roulettes","9":"product_cat-patinage-de-vitesse-a-roues-alignees","10":"product_cat-patins-a-roulettes","11":"product_cat-sacs-et-accessoires","12":"product_cat-vetements","13":"desktop-align-center","14":"tablet-align-center","15":"mobile-align-center","16":"ast-product-gallery-layout-horizontal","17":"ast-product-single-variable","18":"ast-product-tabs-layout-horizontal","19":"ast-qv-on-image","21":"first","22":"instock","23":"taxable","24":"shipping-taxable","25":"purchasable","26":"product-type-variable"},"bundled_by":[],"bundle_stock_status":"instock","bundle_stock_quantity":null,"bundle_virtual":false,"bundle_layout":"","bundle_add_to_cart_form_location":"","bundle_editable_in_cart":false,"bundle_sold_individually_context":"","bundle_item_grouping":"","bundle_min_size":"","bundle_max_size":"","bundle_price":[],"bundled_items":[],"bundle_sell_ids":[],"yoast_head":"<!-- This site is optimized with the Yoast SEO plugin v27.4 - https:\/\/yoast.com\/product\/yoast-seo-wordpress\/ -->\n<title>Lacets de patinage cir\u00e9s BONT 6mm - Xact Skate Shop<\/title>\n<meta name=\"description\" content=\"Les lacets cir\u00e9s Bont conviennent aux patins de roller derby, aux patins \u00e0 roulettes, aux patins \u00e0 glace, aux patins de hockey en ligne, aux patins de vitesse en ligne, aux patins \u00e0 glace, aux bottes et aux chaussures ordinaires. Achetez-les ici !\" \/>\n<meta name=\"robots\" content=\"index, follow, max-snippet:-1, max-image-preview:large, max-video-preview:-1\" \/>\n<link rel=\"canonical\" href=\"https:\/\/xactskateshop.com\/fr\/produit\/lacets-de-patinage-cires-bont-6mm\/\" \/>\n<meta property=\"og:locale\" content=\"fr_FR\" \/>\n<meta property=\"og:type\" content=\"article\" \/>\n<meta property=\"og:title\" content=\"Lacets de patinage cir\u00e9s BONT 6mm - Xact Skate Shop\" \/>\n<meta property=\"og:description\" content=\"Les lacets cir\u00e9s Bont conviennent aux patins de roller derby, aux patins \u00e0 roulettes, aux patins \u00e0 glace, aux patins de hockey en ligne, aux patins de vitesse en ligne, aux patins \u00e0 glace, aux bottes et aux chaussures ordinaires. Achetez-les ici !\" \/>\n<meta property=\"og:url\" content=\"https:\/\/xactskateshop.com\/fr\/produit\/lacets-de-patinage-cires-bont-6mm\/\" \/>\n<meta property=\"og:site_name\" content=\"Xact Skate Shop\" \/>\n<meta property=\"article:publisher\" content=\"https:\/\/www.facebook.com\/JeanLouiskateshop\" \/>\n<meta property=\"og:image\" content=\"https:\/\/xactskateshop.com\/wp-content\/uploads\/2021\/04\/Quad-laces-bubblegum-pink-roller-derby-skate.jpg\" \/>\n\t<meta property=\"og:image:width\" content=\"1000\" \/>\n\t<meta property=\"og:image:height\" content=\"1000\" \/>\n\t<meta property=\"og:image:type\" content=\"image\/jpeg\" \/>\n<meta name=\"twitter:card\" content=\"summary_large_image\" \/>\n<meta name=\"twitter:label1\" content=\"Dur\u00e9e de lecture estim\u00e9e\" \/>\n\t<meta name=\"twitter:data1\" content=\"2 minutes\" \/>\n<script type=\"application\/ld+json\" class=\"yoast-schema-graph\">{\"@context\":\"https:\\\/\\\/schema.org\",\"@graph\":[{\"@type\":\"WebPage\",\"@id\":\"https:\\\/\\\/xactskateshop.com\\\/fr\\\/produit\\\/lacets-de-patinage-cires-bont-6mm\\\/\",\"url\":\"https:\\\/\\\/xactskateshop.com\\\/fr\\\/produit\\\/lacets-de-patinage-cires-bont-6mm\\\/\",\"name\":\"Lacets de patinage cir\u00e9s BONT 6mm - Xact Skate Shop\",\"isPartOf\":{\"@id\":\"http:\\\/\\\/xactskateshop.com\\\/fr\\\/#website\"},\"primaryImageOfPage\":{\"@id\":\"https:\\\/\\\/xactskateshop.com\\\/fr\\\/produit\\\/lacets-de-patinage-cires-bont-6mm\\\/#primaryimage\"},\"image\":{\"@id\":\"https:\\\/\\\/xactskateshop.com\\\/fr\\\/produit\\\/lacets-de-patinage-cires-bont-6mm\\\/#primaryimage\"},\"thumbnailUrl\":\"https:\\\/\\\/xactskateshop.com\\\/wp-content\\\/uploads\\\/2021\\\/04\\\/Quad-laces-bubblegum-pink-roller-derby-skate.jpg\",\"datePublished\":\"2021-04-21T21:58:34+00:00\",\"description\":\"Les lacets cir\u00e9s Bont conviennent aux patins de roller derby, aux patins \u00e0 roulettes, aux patins \u00e0 glace, aux patins de hockey en ligne, aux patins de vitesse en ligne, aux patins \u00e0 glace, aux bottes et aux chaussures ordinaires. Achetez-les ici !\",\"breadcrumb\":{\"@id\":\"https:\\\/\\\/xactskateshop.com\\\/fr\\\/produit\\\/lacets-de-patinage-cires-bont-6mm\\\/#breadcrumb\"},\"inLanguage\":\"fr-FR\",\"potentialAction\":[{\"@type\":\"ReadAction\",\"target\":[\"https:\\\/\\\/xactskateshop.com\\\/fr\\\/produit\\\/lacets-de-patinage-cires-bont-6mm\\\/\"]}]},{\"@type\":\"ImageObject\",\"inLanguage\":\"fr-FR\",\"@id\":\"https:\\\/\\\/xactskateshop.com\\\/fr\\\/produit\\\/lacets-de-patinage-cires-bont-6mm\\\/#primaryimage\",\"url\":\"https:\\\/\\\/xactskateshop.com\\\/wp-content\\\/uploads\\\/2021\\\/04\\\/Quad-laces-bubblegum-pink-roller-derby-skate.jpg\",\"contentUrl\":\"https:\\\/\\\/xactskateshop.com\\\/wp-content\\\/uploads\\\/2021\\\/04\\\/Quad-laces-bubblegum-pink-roller-derby-skate.jpg\",\"width\":1000,\"height\":1000},{\"@type\":\"BreadcrumbList\",\"@id\":\"https:\\\/\\\/xactskateshop.com\\\/fr\\\/produit\\\/lacets-de-patinage-cires-bont-6mm\\\/#breadcrumb\",\"itemListElement\":[{\"@type\":\"ListItem\",\"position\":1,\"name\":\"Home\",\"item\":\"https:\\\/\\\/xactskateshop.com\\\/fr\\\/accueil\\\/\"},{\"@type\":\"ListItem\",\"position\":2,\"name\":\"Boutique\",\"item\":\"https:\\\/\\\/xactskateshop.com\\\/shop\\\/\"},{\"@type\":\"ListItem\",\"position\":3,\"name\":\"Lacets de patinage cir\u00e9s BONT 6mm\"}]},{\"@type\":\"WebSite\",\"@id\":\"http:\\\/\\\/xactskateshop.com\\\/fr\\\/#website\",\"url\":\"http:\\\/\\\/xactskateshop.com\\\/fr\\\/\",\"name\":\"Xact Skate Shop\",\"description\":\"Un site utilisant WordPress\",\"publisher\":{\"@id\":\"http:\\\/\\\/xactskateshop.com\\\/fr\\\/#organization\"},\"potentialAction\":[{\"@type\":\"SearchAction\",\"target\":{\"@type\":\"EntryPoint\",\"urlTemplate\":\"http:\\\/\\\/xactskateshop.com\\\/fr\\\/?s={search_term_string}\"},\"query-input\":{\"@type\":\"PropertyValueSpecification\",\"valueRequired\":true,\"valueName\":\"search_term_string\"}}],\"inLanguage\":\"fr-FR\"},{\"@type\":\"Organization\",\"@id\":\"http:\\\/\\\/xactskateshop.com\\\/fr\\\/#organization\",\"name\":\"XACT Skate Shop\",\"url\":\"http:\\\/\\\/xactskateshop.com\\\/fr\\\/\",\"logo\":{\"@type\":\"ImageObject\",\"inLanguage\":\"fr-FR\",\"@id\":\"http:\\\/\\\/xactskateshop.com\\\/fr\\\/#\\\/schema\\\/logo\\\/image\\\/\",\"url\":\"http:\\\/\\\/xactskateshop.com\\\/wp-content\\\/uploads\\\/2024\\\/04\\\/xactskateshop-dot-com-avec-contour-noir-sans-fond-675x.jpg\",\"contentUrl\":\"http:\\\/\\\/xactskateshop.com\\\/wp-content\\\/uploads\\\/2024\\\/04\\\/xactskateshop-dot-com-avec-contour-noir-sans-fond-675x.jpg\",\"width\":675,\"height\":247,\"caption\":\"XACT Skate Shop\"},\"image\":{\"@id\":\"http:\\\/\\\/xactskateshop.com\\\/fr\\\/#\\\/schema\\\/logo\\\/image\\\/\"},\"sameAs\":[\"https:\\\/\\\/www.facebook.com\\\/JeanLouiskateshop\"]}]}<\/script>\n<!-- \/ Yoast SEO plugin. -->","yoast_head_json":{"title":"Lacets de patinage cir\u00e9s BONT 6mm - Xact Skate Shop","description":"Les lacets cir\u00e9s Bont conviennent aux patins de roller derby, aux patins \u00e0 roulettes, aux patins \u00e0 glace, aux patins de hockey en ligne, aux patins de vitesse en ligne, aux patins \u00e0 glace, aux bottes et aux chaussures ordinaires. Achetez-les ici !","robots":{"index":"index","follow":"follow","max-snippet":"max-snippet:-1","max-image-preview":"max-image-preview:large","max-video-preview":"max-video-preview:-1"},"canonical":"https:\/\/xactskateshop.com\/fr\/produit\/lacets-de-patinage-cires-bont-6mm\/","og_locale":"fr_FR","og_type":"article","og_title":"Lacets de patinage cir\u00e9s BONT 6mm - Xact Skate Shop","og_description":"Les lacets cir\u00e9s Bont conviennent aux patins de roller derby, aux patins \u00e0 roulettes, aux patins \u00e0 glace, aux patins de hockey en ligne, aux patins de vitesse en ligne, aux patins \u00e0 glace, aux bottes et aux chaussures ordinaires. Achetez-les ici !","og_url":"https:\/\/xactskateshop.com\/fr\/produit\/lacets-de-patinage-cires-bont-6mm\/","og_site_name":"Xact Skate Shop","article_publisher":"https:\/\/www.facebook.com\/JeanLouiskateshop","og_image":[{"width":1000,"height":1000,"url":"https:\/\/xactskateshop.com\/wp-content\/uploads\/2021\/04\/Quad-laces-bubblegum-pink-roller-derby-skate.jpg","type":"image\/jpeg"}],"twitter_card":"summary_large_image","twitter_misc":{"Dur\u00e9e de lecture estim\u00e9e":"2 minutes"},"schema":{"@context":"https:\/\/schema.org","@graph":[{"@type":"WebPage","@id":"https:\/\/xactskateshop.com\/fr\/produit\/lacets-de-patinage-cires-bont-6mm\/","url":"https:\/\/xactskateshop.com\/fr\/produit\/lacets-de-patinage-cires-bont-6mm\/","name":"Lacets de patinage cir\u00e9s BONT 6mm - Xact Skate Shop","isPartOf":{"@id":"http:\/\/xactskateshop.com\/fr\/#website"},"primaryImageOfPage":{"@id":"https:\/\/xactskateshop.com\/fr\/produit\/lacets-de-patinage-cires-bont-6mm\/#primaryimage"},"image":{"@id":"https:\/\/xactskateshop.com\/fr\/produit\/lacets-de-patinage-cires-bont-6mm\/#primaryimage"},"thumbnailUrl":"https:\/\/xactskateshop.com\/wp-content\/uploads\/2021\/04\/Quad-laces-bubblegum-pink-roller-derby-skate.jpg","datePublished":"2021-04-21T21:58:34+00:00","description":"Les lacets cir\u00e9s Bont conviennent aux patins de roller derby, aux patins \u00e0 roulettes, aux patins \u00e0 glace, aux patins de hockey en ligne, aux patins de vitesse en ligne, aux patins \u00e0 glace, aux bottes et aux chaussures ordinaires. Achetez-les ici !","breadcrumb":{"@id":"https:\/\/xactskateshop.com\/fr\/produit\/lacets-de-patinage-cires-bont-6mm\/#breadcrumb"},"inLanguage":"fr-FR","potentialAction":[{"@type":"ReadAction","target":["https:\/\/xactskateshop.com\/fr\/produit\/lacets-de-patinage-cires-bont-6mm\/"]}]},{"@type":"ImageObject","inLanguage":"fr-FR","@id":"https:\/\/xactskateshop.com\/fr\/produit\/lacets-de-patinage-cires-bont-6mm\/#primaryimage","url":"https:\/\/xactskateshop.com\/wp-content\/uploads\/2021\/04\/Quad-laces-bubblegum-pink-roller-derby-skate.jpg","contentUrl":"https:\/\/xactskateshop.com\/wp-content\/uploads\/2021\/04\/Quad-laces-bubblegum-pink-roller-derby-skate.jpg","width":1000,"height":1000},{"@type":"BreadcrumbList","@id":"https:\/\/xactskateshop.com\/fr\/produit\/lacets-de-patinage-cires-bont-6mm\/#breadcrumb","itemListElement":[{"@type":"ListItem","position":1,"name":"Home","item":"https:\/\/xactskateshop.com\/fr\/accueil\/"},{"@type":"ListItem","position":2,"name":"Boutique","item":"https:\/\/xactskateshop.com\/shop\/"},{"@type":"ListItem","position":3,"name":"Lacets de patinage cir\u00e9s BONT 6mm"}]},{"@type":"WebSite","@id":"http:\/\/xactskateshop.com\/fr\/#website","url":"http:\/\/xactskateshop.com\/fr\/","name":"Xact Skate Shop","description":"Un site utilisant WordPress","publisher":{"@id":"http:\/\/xactskateshop.com\/fr\/#organization"},"potentialAction":[{"@type":"SearchAction","target":{"@type":"EntryPoint","urlTemplate":"http:\/\/xactskateshop.com\/fr\/?s={search_term_string}"},"query-input":{"@type":"PropertyValueSpecification","valueRequired":true,"valueName":"search_term_string"}}],"inLanguage":"fr-FR"},{"@type":"Organization","@id":"http:\/\/xactskateshop.com\/fr\/#organization","name":"XACT Skate Shop","url":"http:\/\/xactskateshop.com\/fr\/","logo":{"@type":"ImageObject","inLanguage":"fr-FR","@id":"http:\/\/xactskateshop.com\/fr\/#\/schema\/logo\/image\/","url":"http:\/\/xactskateshop.com\/wp-content\/uploads\/2024\/04\/xactskateshop-dot-com-avec-contour-noir-sans-fond-675x.jpg","contentUrl":"http:\/\/xactskateshop.com\/wp-content\/uploads\/2024\/04\/xactskateshop-dot-com-avec-contour-noir-sans-fond-675x.jpg","width":675,"height":247,"caption":"XACT Skate Shop"},"image":{"@id":"http:\/\/xactskateshop.com\/fr\/#\/schema\/logo\/image\/"},"sameAs":["https:\/\/www.facebook.com\/JeanLouiskateshop"]}]}},"_links":{"self":[{"href":"https:\/\/xactskateshop.com\/fr\/wp-json\/wp\/v2\/product\/58651","targetHints":{"allow":["GET"]}}],"collection":[{"href":"https:\/\/xactskateshop.com\/fr\/wp-json\/wp\/v2\/product"}],"about":[{"href":"https:\/\/xactskateshop.com\/fr\/wp-json\/wp\/v2\/types\/product"}],"replies":[{"embeddable":true,"href":"https:\/\/xactskateshop.com\/fr\/wp-json\/wp\/v2\/comments?post=58651"}],"wp:featuredmedia":[{"embeddable":true,"href":"https:\/\/xactskateshop.com\/fr\/wp-json\/wp\/v2\/media\/29177"}],"wp:attachment":[{"href":"https:\/\/xactskateshop.com\/fr\/wp-json\/wp\/v2\/media?parent=58651"}],"wp:term":[{"taxonomy":"product_brand","embeddable":true,"href":"https:\/\/xactskateshop.com\/fr\/wp-json\/wp\/v2\/product_brand?post=58651"},{"taxonomy":"product_cat","embeddable":true,"href":"https:\/\/xactskateshop.com\/fr\/wp-json\/wp\/v2\/product_cat?post=58651"},{"taxonomy":"product_tag","embeddable":true,"href":"https:\/\/xactskateshop.com\/fr\/wp-json\/wp\/v2\/product_tag?post=58651"}],"curies":[{"name":"wp","href":"https:\/\/api.w.org\/{rel}","templated":true}]}}