{"id":58633,"date":"2021-04-16T15:48:01","date_gmt":"2021-04-16T19:48:01","guid":{"rendered":"http:\/\/xactskateshop.com\/product\/bont-parkstar-prodigy-glide-package\/"},"modified":"2025-11-13T18:55:18","modified_gmt":"2025-11-13T23:55:18","slug":"bont-parkstar-prodigy-glide-package","status":"publish","type":"product","link":"https:\/\/xactskateshop.com\/fr\/produit\/bont-parkstar-prodigy-glide-package\/","title":{"rendered":"BONT Parkstar Prodigy Glide package"},"content":{"rendered":"<p>L&#8217;ensemble ParkStar Roller Skate Park combine style, performance et confort, le tout \u00e0 un prix abordable.<\/p>\n<p>Le Bont ParkStar Roller Skate Park prend le meilleur de l&#8217;innovation Bont et le transforme en un patin \u00e0 roulettes con\u00e7u pour le Park Skating, le Bowl Skating, le Recreational Skating et le Street Skating.<\/p>\n<p>Avec des d\u00e9cennies d&#8217;exp\u00e9rience dans la fabrication, la botte Bont ParkStar maintient notre haut niveau de qualit\u00e9 du d\u00e9but \u00e0 la fin. Par exemple, saviez-vous que nos bottes sont fabriqu\u00e9es \u00e0 la main \u00e0 l&#8217;aide de formes perfectionn\u00e9es depuis 1975 ? De plus, nous ajoutons un mat\u00e9riau anti-\u00e9tirement \u00e0 nos chaussures de patinage, ce qui garantit que vos chaussures de patinage \u00e0 roulettes durent plus longtemps. Nous allons m\u00eame plus loin en concevant nos chaussures avec une forme anatomique de l&#8217;avant-pied et du talon pour vous offrir la meilleure stabilit\u00e9 et le plus grand confort. Adapt\u00e9es au patinage int\u00e9rieur ou ext\u00e9rieur, ces bottes en daim sont pr\u00eates pour votre prochaine aventure !    <\/p>\n<p>Cet ensemble est mont\u00e9 avec la plaque Prodigy et les roues Glide.<\/p>\n<p><strong>Caract\u00e9ristiques des bottes<\/strong><\/p>\n<ul>\n<li><strong>Base :<\/strong> Fibre de verre<\/li>\n<li><strong>Peau ext\u00e9rieure :<\/strong> Daim<\/li>\n<li><strong>Doublure :<\/strong> Daim-L<\/li>\n<li><strong>Hauteur du talon :<\/strong> 23mm form\u00e9 \u00e0 la main<\/li>\n<li><strong>Hauteur de la botte :<\/strong> cheville haute pour un soutien accru<\/li>\n<li><strong>\u00c9paisseur de la botte :<\/strong> 1,4 mm<\/li>\n<li><strong>Thermoformable :<\/strong> Base enti\u00e8rement thermoformable utilisant une r\u00e9sine \u00e9poxy thermodurcissable.<\/li>\n<li><strong>Rembourrage :<\/strong> Mousse \u00e0 m\u00e9moire de forme<\/li>\n<li><strong>Options de taille :<\/strong> 1 -13<\/li>\n<li><strong>Largeur : <\/strong>Impossible de faire un mod\u00e8le \u00e9troit ou large, mais la largeur est un peu plus large que notre largeur standard.<\/li>\n<\/ul>\n<p><strong>Blocs coulissants compatibles<\/strong><\/p>\n<ul>\n<li>Tout bloc adapt\u00e9 aux plaques avec un pivot de 20 degr\u00e9s fonctionnera avec l&#8217;une ou l&#8217;autre de ces plaques.<\/li>\n<\/ul>\n<p>La plaque de patin \u00e0 roulettes Bont Prodigy est l\u00e9g\u00e8re et abordable pour les d\u00e9butants et les patineurs de loisir. La base est un composite de nylon et de fibre de verre avec des bogies en aluminium \u00e0 20 degr\u00e9s d&#8217;action et des but\u00e9es de pied r\u00e9glables \u00e0 vis Allen. Cette plaque convient parfaitement au patinage int\u00e9rieur et ext\u00e9rieur, ainsi qu&#8217;au patinage en patinoire et au roller derby. Cette plaque de patin \u00e0 roulettes a \u00e9t\u00e9 test\u00e9e par l&#8217;\u00e9quipe de roller derby de Bont afin de s&#8217;assurer qu&#8217;elle peut r\u00e9sister aux combats de roller derby les plus durs. Cette plaque de patin \u00e0 roulettes a \u00e9t\u00e9 con\u00e7ue par Bont \u00e0 Sydney, en Australie. Cette plaque est \u00e9galement destin\u00e9e aux nouveaux patineurs de roller derby. Les roues sont bloqu\u00e9es par des \u00e9crous sur des axes de 8 mm.      <\/p>\n<ul>\n<li><strong>Caract\u00e9ristiquesAction :<\/strong> angle d&#8217;inclinaison du chariot de 20 degr\u00e9s<\/li>\n<li><strong>Mat\u00e9riau de base :<\/strong> Composite de nylon et de fibre de verre<\/li>\n<li><strong>Duret\u00e9 des coussins :<\/strong> 88A coussins en ur\u00e9thane standard<\/li>\n<li><strong>Le pivot : <\/strong>Acier<\/li>\n<li><strong>Contre-\u00e9crou du pivot : <\/strong>douille de 9\/16&#8243; pour le r\u00e9glage<\/li>\n<li><strong>Camions :<\/strong> Aluminium<\/li>\n<li><strong>Axes :<\/strong> 8mm<\/li>\n<li><strong>But\u00e9e de pied :<\/strong> Vis \u00e0 six pans r\u00e9glable, cl\u00e9 \u00e0 six pans de 4 mm pour le r\u00e9glage<\/li>\n<li><strong>Tailles :<\/strong> 4.5&#8243; 5.0&#8243; 5.5&#8243; 6.0&#8243; 6.5&#8243; 7.0&#8243; 7.5&#8243; 8.0&#8243;<\/li>\n<\/ul>\n<p>*Vous devrez commander le mat\u00e9riel de montage si vous commandez uniquement la plaque.<\/p>\n<p>*Compatible uniquement avec Discotrux<\/p>\n<div>La roue de patin \u00e0 roulettes d&#8217;ext\u00e9rieur Bont Glide est fabriqu\u00e9e en ur\u00e9thane \u00e0 tr\u00e8s haut rebond et, avec une duret\u00e9 de 78A durom\u00e8tre, c&#8217;est la roue parfaite pour le patinage d&#8217;ext\u00e9rieur.<\/div>\n<div><\/div>\n<div>Cette roue de patin \u00e0 roulettes a une grande adh\u00e9rence et est parfaite pour patiner sur l&#8217;asphalte, le b\u00e9ton ou les surfaces recouvertes d&#8217;ur\u00e9thane comme les courts de tennis. Le patin est doux comme de la soie et absorbe les chocs et les vibrations. <\/div>\n<div><\/div>\n<div>Cette roue de patin \u00e0 roulettes d&#8217;ext\u00e9rieur pr\u00e9sente un motif classique \u00e0 chevrons dans des couleurs pastel qui s&#8217;accorderont avec n&#8217;importe quelle chaussure de couleur pastel. Le design se marie particuli\u00e8rement bien avec la gamme de chaussures en daim de Bont, comme les <a title=\"Paquets de patins \u00e0 roulettes Bont\" href=\"https:\/\/bont.com\/collections\/roller-skates\">ensembles de patins \u00e0 roulettes Prostar et ParkStar<\/a>. <\/div>\n<div>\n<ul>\n<li>Couleurs : Multicouleur et blanc\/violet<\/li>\n<li>Duret\u00e9 : 78A<\/li>\n<li>Dimension : 56 mm x 32 mm<\/li>\n<li>Surfaces : Asphalte, trottoir, trottoir de bois<\/li>\n<\/ul>\n<\/div>\n<p>Le roulement de patin ABEC 7 de Bont a \u00e9t\u00e9 largement test\u00e9 sur des patineurs d&#8217;\u00e9lite de roller derby. Lorsque vous patinez sur les roulements de votre patin, en particulier sur les roues \u00e0 moyeu en plastique, les roulements peuvent se d\u00e9former, ce qui les ralentit. Heureusement, le roulement de patin \u00e0 roulettes Bont ABEC7 est fabriqu\u00e9 en acier \u00e0 haute r\u00e9sistance, ce qui minimise cet effet et maintient la forme du roulement aussi ronde que possible, ce qui r\u00e9duit la r\u00e9sistance au roulement \u00e0 grande vitesse.  <\/p>\n<p>Les doubles flasques emp\u00eachent la poussi\u00e8re et la salet\u00e9 de p\u00e9n\u00e9trer dans les roulements. Avec une r\u00e9sistance au roulement exceptionnellement faible et une lubrification pr\u00e9alable avec une huile de course l\u00e9g\u00e8re, vous \u00eates pr\u00eat pour la comp\u00e9tition d\u00e8s la sortie de la bo\u00eete ! <\/p>\n<ul>\n<li><strong>Type de roulement<\/strong>: 608 8mm<\/li>\n<li><strong>Dimension<\/strong>: \u00e2me de 8 mm, diam\u00e8tre ext\u00e9rieur de 22 mm, largeur de 7 mm<\/li>\n<li><strong>Protection :<\/strong> ZZ<\/li>\n<li><strong>Cage :<\/strong> SPCC 08F<\/li>\n<li><strong>Qualit\u00e9 :<\/strong> Acier \u00e0 roulements GCr15<\/li>\n<li><strong>Compl\u00e9ment de bille :<\/strong> 7 pi\u00e8ces<\/li>\n<li><strong>Mat\u00e9riau de la bille :<\/strong> Acier<\/li>\n<\/ul>\n<p>Paquet de 16 pi\u00e8ces.<\/p>\n<p>Vous cherchez \u00e0 acheter les meilleurs roulements pour patins \u00e0 roulettes du march\u00e9 ? Le roulement Bont ABEC 7 a des tol\u00e9rances plus serr\u00e9es que le roulement ABEC 5, ce qui en fait un roulement de patin \u00e0 roulettes l\u00e9g\u00e8rement plus rapide. La rapidit\u00e9 d&#8217;un roulement d\u00e9pend d&#8217;un certain nombre de facteurs, dont le mat\u00e9riau utilis\u00e9, la tol\u00e9rance entre la bille et la bague ext\u00e9rieure, la rondeur des billes et le lubrifiant utilis\u00e9. Comme ces roulements de patins \u00e0 roulettes ont \u00e9t\u00e9 con\u00e7us sp\u00e9cifiquement pour le patinage, nous avons pris tous ces facteurs en consid\u00e9ration lors de la conception de notre roulement de patins \u00e0 roulettes ABEC 7.   <\/p>\n<p>Est-il pr\u00e9f\u00e9rable d&#8217;avoir plus ou moins de billes dans un roulement de patin ? Nous n&#8217;avons trouv\u00e9 aucune diff\u00e9rence dans nos tests. Un plus grand nombre de billes r\u00e9partit la charge mais entra\u00eene \u00e9galement une plus grande r\u00e9sistance au roulement. Le fait d&#8217;avoir 7 ou 9 billes ne semble pas avoir d&#8217;impact sur la vitesse que vous pouvez atteindre en patinant sur les roulements.   <\/p>\n","protected":false},"excerpt":{"rendered":"<p><strong>****** veuillez nous contacter \u00e0 info@xactskateshop.com pour conna\u00eetre la disponibilit\u00e9 de la taille avant de passer commande.<\/strong><\/p>\n<p>L&#8217;ensemble ParkStar Roller Skate Park combine style, performance et confort, le tout \u00e0 un prix abordable.<\/p>\n<p>Le Bont ParkStar Roller Skate Park prend le meilleur de l&#8217;innovation Bont et le transforme en un patin \u00e0 roulettes con\u00e7u pour le Park Skating, le Bowl Skating, le Recreational Skating et le Street Skating.<\/p>\n<p>Avec des d\u00e9cennies d&#8217;exp\u00e9rience dans la fabrication, la botte Bont ParkStar maintient notre haut niveau de qualit\u00e9 du d\u00e9but \u00e0 la fin. Par exemple, saviez-vous que nos bottes sont fabriqu\u00e9es \u00e0 la main \u00e0 l&#8217;aide de formes perfectionn\u00e9es depuis 1975 ? De plus, nous ajoutons un mat\u00e9riau anti-\u00e9tirement \u00e0 nos chaussures de patinage, ce qui garantit que vos chaussures de patinage \u00e0 roulettes durent plus longtemps. Nous allons m\u00eame plus loin en concevant nos chaussures avec une forme anatomique de l&#8217;avant-pied et du talon pour vous offrir la meilleure stabilit\u00e9 et le plus grand confort. Adapt\u00e9es au patinage int\u00e9rieur ou ext\u00e9rieur, ces bottes en daim sont pr\u00eates pour votre prochaine aventure !    <\/p>\n<p>Cet ensemble est mont\u00e9 avec la plaque Prodigy et les roues Glide.<\/p>\n","protected":false},"featured_media":29052,"comment_status":"closed","ping_status":"closed","template":"","meta":{"site-sidebar-layout":"default","site-content-layout":"default","ast-site-content-layout":"default","site-content-style":"default","site-sidebar-style":"default","ast-global-header-display":"","ast-banner-title-visibility":"","ast-main-header-display":"","ast-hfb-above-header-display":"","ast-hfb-below-header-display":"","ast-hfb-mobile-header-display":"","site-post-title":"","ast-breadcrumbs-content":"","ast-featured-img":"","footer-sml-layout":"","theme-transparent-header-meta":"default","adv-header-id-meta":"","stick-header-meta":"","header-above-stick-meta":"","header-main-stick-meta":"","header-below-stick-meta":"","astra-migrate-meta-layouts":"default","ast-page-background-enabled":"default","ast-page-background-meta":{"desktop":{"background-color":"","background-image":"","background-repeat":"repeat","background-position":"center center","background-size":"auto","background-attachment":"scroll","background-type":"","background-media":"","overlay-type":"","overlay-color":"","overlay-opacity":"","overlay-gradient":""},"tablet":{"background-color":"","background-image":"","background-repeat":"repeat","background-position":"center center","background-size":"auto","background-attachment":"scroll","background-type":"","background-media":"","overlay-type":"","overlay-color":"","overlay-opacity":"","overlay-gradient":""},"mobile":{"background-color":"","background-image":"","background-repeat":"repeat","background-position":"center center","background-size":"auto","background-attachment":"scroll","background-type":"","background-media":"","overlay-type":"","overlay-color":"","overlay-opacity":"","overlay-gradient":""}},"ast-content-background-meta":{"desktop":{"background-color":"var(--ast-global-color-5)","background-image":"","background-repeat":"repeat","background-position":"center center","background-size":"auto","background-attachment":"scroll","background-type":"","background-media":"","overlay-type":"","overlay-color":"","overlay-opacity":"","overlay-gradient":""},"tablet":{"background-color":"var(--ast-global-color-5)","background-image":"","background-repeat":"repeat","background-position":"center center","background-size":"auto","background-attachment":"scroll","background-type":"","background-media":"","overlay-type":"","overlay-color":"","overlay-opacity":"","overlay-gradient":""},"mobile":{"background-color":"var(--ast-global-color-5)","background-image":"","background-repeat":"repeat","background-position":"center center","background-size":"auto","background-attachment":"scroll","background-type":"","background-media":"","overlay-type":"","overlay-color":"","overlay-opacity":"","overlay-gradient":""}}},"product_brand":[],"product_cat":[1726,1652],"product_tag":[],"class_list":{"0":"post-58633","1":"product","2":"type-product","3":"status-publish","4":"has-post-thumbnail","6":"product_cat-ensembles-patins-a-roulettes","7":"product_cat-patins-a-roulettes","8":"desktop-align-center","9":"tablet-align-center","10":"mobile-align-center","11":"ast-product-gallery-layout-horizontal","12":"ast-product-single-variable","13":"ast-product-tabs-layout-horizontal","14":"ast-qv-on-image","16":"first","17":"instock","18":"sale","19":"taxable","20":"shipping-taxable","21":"purchasable","22":"product-type-variable"},"bundled_by":[],"bundle_stock_status":"instock","bundle_stock_quantity":null,"bundle_virtual":false,"bundle_layout":"","bundle_add_to_cart_form_location":"","bundle_editable_in_cart":false,"bundle_sold_individually_context":"","bundle_item_grouping":"","bundle_min_size":"","bundle_max_size":"","bundle_price":[],"bundled_items":[],"bundle_sell_ids":[],"yoast_head":"<!-- This site is optimized with the Yoast SEO plugin v27.4 - https:\/\/yoast.com\/product\/yoast-seo-wordpress\/ -->\n<title>BONT Parkstar Prodigy Glide package - Xact Skate Shop<\/title>\n<meta name=\"robots\" content=\"index, follow, max-snippet:-1, max-image-preview:large, max-video-preview:-1\" \/>\n<link rel=\"canonical\" href=\"https:\/\/xactskateshop.com\/fr\/produit\/bont-parkstar-prodigy-glide-package\/\" \/>\n<meta property=\"og:locale\" content=\"fr_FR\" \/>\n<meta property=\"og:type\" content=\"article\" \/>\n<meta property=\"og:title\" content=\"BONT Parkstar Prodigy Glide package - Xact Skate Shop\" \/>\n<meta property=\"og:description\" content=\"****** veuillez nous contacter \u00e0 info@xactskateshop.com pour conna\u00eetre la disponibilit\u00e9 de la taille avant de passer commande. L&#039;ensemble ParkStar Roller Skate Park combine style, performance et confort, le tout \u00e0 un prix abordable. Le Bont ParkStar Roller Skate Park prend le meilleur de l&#039;innovation Bont et le transforme en un patin \u00e0 roulettes con\u00e7u pour le Park Skating, le Bowl Skating, le Recreational Skating et le Street Skating. Avec des d\u00e9cennies d&#039;exp\u00e9rience dans la fabrication, la botte Bont ParkStar maintient notre haut niveau de qualit\u00e9 du d\u00e9but \u00e0 la fin. Par exemple, saviez-vous que nos bottes sont fabriqu\u00e9es \u00e0 la main \u00e0 l&#039;aide de formes perfectionn\u00e9es depuis 1975 ? De plus, nous ajoutons un mat\u00e9riau anti-\u00e9tirement \u00e0 nos chaussures de patinage, ce qui garantit que vos chaussures de patinage \u00e0 roulettes durent plus longtemps. Nous allons m\u00eame plus loin en concevant nos chaussures avec une forme anatomique de l&#039;avant-pied et du talon pour vous offrir la meilleure stabilit\u00e9 et le plus grand confort. Adapt\u00e9es au patinage int\u00e9rieur ou ext\u00e9rieur, ces bottes en daim sont pr\u00eates pour votre prochaine aventure !   Cet ensemble est mont\u00e9 avec la plaque Prodigy et les roues Glide.\" \/>\n<meta property=\"og:url\" content=\"https:\/\/xactskateshop.com\/fr\/produit\/bont-parkstar-prodigy-glide-package\/\" \/>\n<meta property=\"og:site_name\" content=\"Xact Skate Shop\" \/>\n<meta property=\"article:publisher\" content=\"https:\/\/www.facebook.com\/JeanLouiskateshop\" \/>\n<meta property=\"article:modified_time\" content=\"2025-11-13T23:55:18+00:00\" \/>\n<meta property=\"og:image\" content=\"https:\/\/xactskateshop.com\/wp-content\/uploads\/2021\/04\/Prodigy-derby-glide-parkstar-black-roller-derby-skates.jpg\" \/>\n\t<meta property=\"og:image:width\" content=\"1000\" \/>\n\t<meta property=\"og:image:height\" content=\"1000\" \/>\n\t<meta property=\"og:image:type\" content=\"image\/jpeg\" \/>\n<meta name=\"twitter:card\" content=\"summary_large_image\" \/>\n<meta name=\"twitter:label1\" content=\"Dur\u00e9e de lecture estim\u00e9e\" \/>\n\t<meta name=\"twitter:data1\" content=\"5 minutes\" \/>\n<script type=\"application\/ld+json\" class=\"yoast-schema-graph\">{\"@context\":\"https:\\\/\\\/schema.org\",\"@graph\":[{\"@type\":\"WebPage\",\"@id\":\"https:\\\/\\\/xactskateshop.com\\\/fr\\\/produit\\\/bont-parkstar-prodigy-glide-package\\\/\",\"url\":\"https:\\\/\\\/xactskateshop.com\\\/fr\\\/produit\\\/bont-parkstar-prodigy-glide-package\\\/\",\"name\":\"BONT Parkstar Prodigy Glide package - Xact Skate Shop\",\"isPartOf\":{\"@id\":\"http:\\\/\\\/xactskateshop.com\\\/fr\\\/#website\"},\"primaryImageOfPage\":{\"@id\":\"https:\\\/\\\/xactskateshop.com\\\/fr\\\/produit\\\/bont-parkstar-prodigy-glide-package\\\/#primaryimage\"},\"image\":{\"@id\":\"https:\\\/\\\/xactskateshop.com\\\/fr\\\/produit\\\/bont-parkstar-prodigy-glide-package\\\/#primaryimage\"},\"thumbnailUrl\":\"https:\\\/\\\/xactskateshop.com\\\/wp-content\\\/uploads\\\/2021\\\/04\\\/Prodigy-derby-glide-parkstar-black-roller-derby-skates.jpg\",\"datePublished\":\"2021-04-16T19:48:01+00:00\",\"dateModified\":\"2025-11-13T23:55:18+00:00\",\"breadcrumb\":{\"@id\":\"https:\\\/\\\/xactskateshop.com\\\/fr\\\/produit\\\/bont-parkstar-prodigy-glide-package\\\/#breadcrumb\"},\"inLanguage\":\"fr-FR\",\"potentialAction\":[{\"@type\":\"ReadAction\",\"target\":[\"https:\\\/\\\/xactskateshop.com\\\/fr\\\/produit\\\/bont-parkstar-prodigy-glide-package\\\/\"]}]},{\"@type\":\"ImageObject\",\"inLanguage\":\"fr-FR\",\"@id\":\"https:\\\/\\\/xactskateshop.com\\\/fr\\\/produit\\\/bont-parkstar-prodigy-glide-package\\\/#primaryimage\",\"url\":\"https:\\\/\\\/xactskateshop.com\\\/wp-content\\\/uploads\\\/2021\\\/04\\\/Prodigy-derby-glide-parkstar-black-roller-derby-skates.jpg\",\"contentUrl\":\"https:\\\/\\\/xactskateshop.com\\\/wp-content\\\/uploads\\\/2021\\\/04\\\/Prodigy-derby-glide-parkstar-black-roller-derby-skates.jpg\",\"width\":1000,\"height\":1000},{\"@type\":\"BreadcrumbList\",\"@id\":\"https:\\\/\\\/xactskateshop.com\\\/fr\\\/produit\\\/bont-parkstar-prodigy-glide-package\\\/#breadcrumb\",\"itemListElement\":[{\"@type\":\"ListItem\",\"position\":1,\"name\":\"Home\",\"item\":\"https:\\\/\\\/xactskateshop.com\\\/fr\\\/accueil\\\/\"},{\"@type\":\"ListItem\",\"position\":2,\"name\":\"Boutique\",\"item\":\"https:\\\/\\\/xactskateshop.com\\\/shop\\\/\"},{\"@type\":\"ListItem\",\"position\":3,\"name\":\"BONT Parkstar Prodigy Glide package\"}]},{\"@type\":\"WebSite\",\"@id\":\"http:\\\/\\\/xactskateshop.com\\\/fr\\\/#website\",\"url\":\"http:\\\/\\\/xactskateshop.com\\\/fr\\\/\",\"name\":\"Xact Skate Shop\",\"description\":\"Un site utilisant WordPress\",\"publisher\":{\"@id\":\"http:\\\/\\\/xactskateshop.com\\\/fr\\\/#organization\"},\"potentialAction\":[{\"@type\":\"SearchAction\",\"target\":{\"@type\":\"EntryPoint\",\"urlTemplate\":\"http:\\\/\\\/xactskateshop.com\\\/fr\\\/?s={search_term_string}\"},\"query-input\":{\"@type\":\"PropertyValueSpecification\",\"valueRequired\":true,\"valueName\":\"search_term_string\"}}],\"inLanguage\":\"fr-FR\"},{\"@type\":\"Organization\",\"@id\":\"http:\\\/\\\/xactskateshop.com\\\/fr\\\/#organization\",\"name\":\"XACT Skate Shop\",\"url\":\"http:\\\/\\\/xactskateshop.com\\\/fr\\\/\",\"logo\":{\"@type\":\"ImageObject\",\"inLanguage\":\"fr-FR\",\"@id\":\"http:\\\/\\\/xactskateshop.com\\\/fr\\\/#\\\/schema\\\/logo\\\/image\\\/\",\"url\":\"http:\\\/\\\/xactskateshop.com\\\/wp-content\\\/uploads\\\/2024\\\/04\\\/xactskateshop-dot-com-avec-contour-noir-sans-fond-675x.jpg\",\"contentUrl\":\"http:\\\/\\\/xactskateshop.com\\\/wp-content\\\/uploads\\\/2024\\\/04\\\/xactskateshop-dot-com-avec-contour-noir-sans-fond-675x.jpg\",\"width\":675,\"height\":247,\"caption\":\"XACT Skate Shop\"},\"image\":{\"@id\":\"http:\\\/\\\/xactskateshop.com\\\/fr\\\/#\\\/schema\\\/logo\\\/image\\\/\"},\"sameAs\":[\"https:\\\/\\\/www.facebook.com\\\/JeanLouiskateshop\"]}]}<\/script>\n<!-- \/ Yoast SEO plugin. -->","yoast_head_json":{"title":"BONT Parkstar Prodigy Glide package - Xact Skate Shop","robots":{"index":"index","follow":"follow","max-snippet":"max-snippet:-1","max-image-preview":"max-image-preview:large","max-video-preview":"max-video-preview:-1"},"canonical":"https:\/\/xactskateshop.com\/fr\/produit\/bont-parkstar-prodigy-glide-package\/","og_locale":"fr_FR","og_type":"article","og_title":"BONT Parkstar Prodigy Glide package - Xact Skate Shop","og_description":"****** veuillez nous contacter \u00e0 info@xactskateshop.com pour conna\u00eetre la disponibilit\u00e9 de la taille avant de passer commande. L'ensemble ParkStar Roller Skate Park combine style, performance et confort, le tout \u00e0 un prix abordable. Le Bont ParkStar Roller Skate Park prend le meilleur de l'innovation Bont et le transforme en un patin \u00e0 roulettes con\u00e7u pour le Park Skating, le Bowl Skating, le Recreational Skating et le Street Skating. Avec des d\u00e9cennies d'exp\u00e9rience dans la fabrication, la botte Bont ParkStar maintient notre haut niveau de qualit\u00e9 du d\u00e9but \u00e0 la fin. Par exemple, saviez-vous que nos bottes sont fabriqu\u00e9es \u00e0 la main \u00e0 l'aide de formes perfectionn\u00e9es depuis 1975 ? De plus, nous ajoutons un mat\u00e9riau anti-\u00e9tirement \u00e0 nos chaussures de patinage, ce qui garantit que vos chaussures de patinage \u00e0 roulettes durent plus longtemps. Nous allons m\u00eame plus loin en concevant nos chaussures avec une forme anatomique de l'avant-pied et du talon pour vous offrir la meilleure stabilit\u00e9 et le plus grand confort. Adapt\u00e9es au patinage int\u00e9rieur ou ext\u00e9rieur, ces bottes en daim sont pr\u00eates pour votre prochaine aventure !   Cet ensemble est mont\u00e9 avec la plaque Prodigy et les roues Glide.","og_url":"https:\/\/xactskateshop.com\/fr\/produit\/bont-parkstar-prodigy-glide-package\/","og_site_name":"Xact Skate Shop","article_publisher":"https:\/\/www.facebook.com\/JeanLouiskateshop","article_modified_time":"2025-11-13T23:55:18+00:00","og_image":[{"width":1000,"height":1000,"url":"https:\/\/xactskateshop.com\/wp-content\/uploads\/2021\/04\/Prodigy-derby-glide-parkstar-black-roller-derby-skates.jpg","type":"image\/jpeg"}],"twitter_card":"summary_large_image","twitter_misc":{"Dur\u00e9e de lecture estim\u00e9e":"5 minutes"},"schema":{"@context":"https:\/\/schema.org","@graph":[{"@type":"WebPage","@id":"https:\/\/xactskateshop.com\/fr\/produit\/bont-parkstar-prodigy-glide-package\/","url":"https:\/\/xactskateshop.com\/fr\/produit\/bont-parkstar-prodigy-glide-package\/","name":"BONT Parkstar Prodigy Glide package - Xact Skate Shop","isPartOf":{"@id":"http:\/\/xactskateshop.com\/fr\/#website"},"primaryImageOfPage":{"@id":"https:\/\/xactskateshop.com\/fr\/produit\/bont-parkstar-prodigy-glide-package\/#primaryimage"},"image":{"@id":"https:\/\/xactskateshop.com\/fr\/produit\/bont-parkstar-prodigy-glide-package\/#primaryimage"},"thumbnailUrl":"https:\/\/xactskateshop.com\/wp-content\/uploads\/2021\/04\/Prodigy-derby-glide-parkstar-black-roller-derby-skates.jpg","datePublished":"2021-04-16T19:48:01+00:00","dateModified":"2025-11-13T23:55:18+00:00","breadcrumb":{"@id":"https:\/\/xactskateshop.com\/fr\/produit\/bont-parkstar-prodigy-glide-package\/#breadcrumb"},"inLanguage":"fr-FR","potentialAction":[{"@type":"ReadAction","target":["https:\/\/xactskateshop.com\/fr\/produit\/bont-parkstar-prodigy-glide-package\/"]}]},{"@type":"ImageObject","inLanguage":"fr-FR","@id":"https:\/\/xactskateshop.com\/fr\/produit\/bont-parkstar-prodigy-glide-package\/#primaryimage","url":"https:\/\/xactskateshop.com\/wp-content\/uploads\/2021\/04\/Prodigy-derby-glide-parkstar-black-roller-derby-skates.jpg","contentUrl":"https:\/\/xactskateshop.com\/wp-content\/uploads\/2021\/04\/Prodigy-derby-glide-parkstar-black-roller-derby-skates.jpg","width":1000,"height":1000},{"@type":"BreadcrumbList","@id":"https:\/\/xactskateshop.com\/fr\/produit\/bont-parkstar-prodigy-glide-package\/#breadcrumb","itemListElement":[{"@type":"ListItem","position":1,"name":"Home","item":"https:\/\/xactskateshop.com\/fr\/accueil\/"},{"@type":"ListItem","position":2,"name":"Boutique","item":"https:\/\/xactskateshop.com\/shop\/"},{"@type":"ListItem","position":3,"name":"BONT Parkstar Prodigy Glide package"}]},{"@type":"WebSite","@id":"http:\/\/xactskateshop.com\/fr\/#website","url":"http:\/\/xactskateshop.com\/fr\/","name":"Xact Skate Shop","description":"Un site utilisant WordPress","publisher":{"@id":"http:\/\/xactskateshop.com\/fr\/#organization"},"potentialAction":[{"@type":"SearchAction","target":{"@type":"EntryPoint","urlTemplate":"http:\/\/xactskateshop.com\/fr\/?s={search_term_string}"},"query-input":{"@type":"PropertyValueSpecification","valueRequired":true,"valueName":"search_term_string"}}],"inLanguage":"fr-FR"},{"@type":"Organization","@id":"http:\/\/xactskateshop.com\/fr\/#organization","name":"XACT Skate Shop","url":"http:\/\/xactskateshop.com\/fr\/","logo":{"@type":"ImageObject","inLanguage":"fr-FR","@id":"http:\/\/xactskateshop.com\/fr\/#\/schema\/logo\/image\/","url":"http:\/\/xactskateshop.com\/wp-content\/uploads\/2024\/04\/xactskateshop-dot-com-avec-contour-noir-sans-fond-675x.jpg","contentUrl":"http:\/\/xactskateshop.com\/wp-content\/uploads\/2024\/04\/xactskateshop-dot-com-avec-contour-noir-sans-fond-675x.jpg","width":675,"height":247,"caption":"XACT Skate Shop"},"image":{"@id":"http:\/\/xactskateshop.com\/fr\/#\/schema\/logo\/image\/"},"sameAs":["https:\/\/www.facebook.com\/JeanLouiskateshop"]}]}},"_links":{"self":[{"href":"https:\/\/xactskateshop.com\/fr\/wp-json\/wp\/v2\/product\/58633","targetHints":{"allow":["GET"]}}],"collection":[{"href":"https:\/\/xactskateshop.com\/fr\/wp-json\/wp\/v2\/product"}],"about":[{"href":"https:\/\/xactskateshop.com\/fr\/wp-json\/wp\/v2\/types\/product"}],"replies":[{"embeddable":true,"href":"https:\/\/xactskateshop.com\/fr\/wp-json\/wp\/v2\/comments?post=58633"}],"wp:featuredmedia":[{"embeddable":true,"href":"https:\/\/xactskateshop.com\/fr\/wp-json\/wp\/v2\/media\/29052"}],"wp:attachment":[{"href":"https:\/\/xactskateshop.com\/fr\/wp-json\/wp\/v2\/media?parent=58633"}],"wp:term":[{"taxonomy":"product_brand","embeddable":true,"href":"https:\/\/xactskateshop.com\/fr\/wp-json\/wp\/v2\/product_brand?post=58633"},{"taxonomy":"product_cat","embeddable":true,"href":"https:\/\/xactskateshop.com\/fr\/wp-json\/wp\/v2\/product_cat?post=58633"},{"taxonomy":"product_tag","embeddable":true,"href":"https:\/\/xactskateshop.com\/fr\/wp-json\/wp\/v2\/product_tag?post=58633"}],"curies":[{"name":"wp","href":"https:\/\/api.w.org\/{rel}","templated":true}]}}