{"id":58585,"date":"2021-03-26T17:50:49","date_gmt":"2021-03-26T21:50:49","guid":{"rendered":"http:\/\/xactskateshop.com\/product\/s1-jeu-de-tampons-de-demarrage\/"},"modified":"2021-03-26T17:50:49","modified_gmt":"2021-03-26T21:50:49","slug":"s1-jeu-de-tampons-de-demarrage","status":"publish","type":"product","link":"https:\/\/xactskateshop.com\/fr\/produit\/s1-jeu-de-tampons-de-demarrage\/","title":{"rendered":"S1 Jeu de tampons de d\u00e9marrage"},"content":{"rendered":"<p>Ensemble de coussinets pour enfants<\/p>\n<p>Le kit de d\u00e9marrage S-ONE comprend un ensemble de qualit\u00e9 compos\u00e9 de genouill\u00e8res, de coudi\u00e8res et de prot\u00e8ge-poignets. Les parents adorent ces ensembles de d\u00e9part car ils peuvent obtenir les trois ensembles de protections dans un seul paquet \u00e0 un prix avantageux. Ces protections sont id\u00e9ales pour le premier jeu de protections des petits car elles sont con\u00e7ues pour s&#8217;adapter aux petits corps et elles sont faciles \u00e0 enfiler. Remarque : ces protections sont con\u00e7ues pour un impact faible \u00e0 moyen dans les skate-parks. Elles ne sont pas con\u00e7ues pour le skate vert ou les gros bowls. Si vous avez l&#8217;intention de vous mettre souvent \u00e0 genoux, vous devriez peut-\u00eatre vous procurer des genouill\u00e8res de vert. Les Starter Pad sets conviennent g\u00e9n\u00e9ralement aux enfants \u00e2g\u00e9s de 3 \u00e0 7 ans.      <\/p>\n<p>Guide des tailles : Mesurez au milieu du poignet, du genou ou du coude.<\/p>\n<p>Les circonf\u00e9rences se situent dans ces fourchettes.<\/p>\n<p><em><strong>Genou<\/strong><\/em><\/p>\n<p>8&#8243; \u00e0 11&#8243;<\/p>\n<p><em><strong>Coude<\/strong><\/em><\/p>\n<p>7&#8243; \u00e0 10&#8243;<\/p>\n<p><em><strong>Poignet<\/strong><\/em><\/p>\n<p>4&#8243; \u00e0 7&#8243;<\/p>\n","protected":false},"excerpt":{"rendered":"<p>Ensemble de coussinets pour enfants<\/p>\n<p>Le kit de d\u00e9marrage S-ONE comprend un ensemble de qualit\u00e9 compos\u00e9 de genouill\u00e8res, de coudi\u00e8res et de prot\u00e8ge-poignets. Les parents adorent ces ensembles de d\u00e9part car ils peuvent obtenir les trois ensembles de protections dans un seul paquet \u00e0 un prix avantageux. Ces protections sont id\u00e9ales pour le premier jeu de protections des petits car elles sont con\u00e7ues pour s&#8217;adapter aux petits corps et elles sont faciles \u00e0 enfiler. Remarque : ces protections sont con\u00e7ues pour un impact faible \u00e0 moyen dans les skate-parks. Elles ne sont pas con\u00e7ues pour le skate vert ou les gros bowls. Si vous avez l&#8217;intention de vous mettre souvent \u00e0 genoux, vous devriez peut-\u00eatre vous procurer des genouill\u00e8res de vert. Les Starter Pad sets conviennent g\u00e9n\u00e9ralement aux enfants \u00e2g\u00e9s de 3 \u00e0 7 ans.      <\/p>\n","protected":false},"featured_media":7818,"comment_status":"closed","ping_status":"closed","template":"","meta":{"site-sidebar-layout":"default","site-content-layout":"default","ast-site-content-layout":"default","site-content-style":"default","site-sidebar-style":"default","ast-global-header-display":"","ast-banner-title-visibility":"","ast-main-header-display":"","ast-hfb-above-header-display":"","ast-hfb-below-header-display":"","ast-hfb-mobile-header-display":"","site-post-title":"","ast-breadcrumbs-content":"","ast-featured-img":"","footer-sml-layout":"","theme-transparent-header-meta":"default","adv-header-id-meta":"","stick-header-meta":"","header-above-stick-meta":"","header-main-stick-meta":"","header-below-stick-meta":"","astra-migrate-meta-layouts":"default","ast-page-background-enabled":"default","ast-page-background-meta":{"desktop":{"background-color":"","background-image":"","background-repeat":"repeat","background-position":"center center","background-size":"auto","background-attachment":"scroll","background-type":"","background-media":"","overlay-type":"","overlay-color":"","overlay-opacity":"","overlay-gradient":""},"tablet":{"background-color":"","background-image":"","background-repeat":"repeat","background-position":"center center","background-size":"auto","background-attachment":"scroll","background-type":"","background-media":"","overlay-type":"","overlay-color":"","overlay-opacity":"","overlay-gradient":""},"mobile":{"background-color":"","background-image":"","background-repeat":"repeat","background-position":"center center","background-size":"auto","background-attachment":"scroll","background-type":"","background-media":"","overlay-type":"","overlay-color":"","overlay-opacity":"","overlay-gradient":""}},"ast-content-background-meta":{"desktop":{"background-color":"var(--ast-global-color-5)","background-image":"","background-repeat":"repeat","background-position":"center center","background-size":"auto","background-attachment":"scroll","background-type":"","background-media":"","overlay-type":"","overlay-color":"","overlay-opacity":"","overlay-gradient":""},"tablet":{"background-color":"var(--ast-global-color-5)","background-image":"","background-repeat":"repeat","background-position":"center center","background-size":"auto","background-attachment":"scroll","background-type":"","background-media":"","overlay-type":"","overlay-color":"","overlay-opacity":"","overlay-gradient":""},"mobile":{"background-color":"var(--ast-global-color-5)","background-image":"","background-repeat":"repeat","background-position":"center center","background-size":"auto","background-attachment":"scroll","background-type":"","background-media":"","overlay-type":"","overlay-color":"","overlay-opacity":"","overlay-gradient":""}}},"product_brand":[],"product_cat":[1733,1652,1755],"product_tag":[],"class_list":{"0":"post-58585","1":"product","2":"type-product","3":"status-publish","4":"has-post-thumbnail","6":"product_cat-equipement-de-protection","7":"product_cat-patins-a-roulettes","8":"product_cat-protection-patins-a-roulettes","9":"desktop-align-center","10":"tablet-align-center","11":"mobile-align-center","12":"ast-product-gallery-layout-horizontal","13":"ast-product-tabs-layout-horizontal","14":"ast-qv-on-image","16":"first","17":"instock","18":"taxable","19":"shipping-taxable","20":"purchasable","21":"product-type-simple"},"bundled_by":[],"bundle_stock_status":"instock","bundle_stock_quantity":7,"bundle_virtual":false,"bundle_layout":"","bundle_add_to_cart_form_location":"","bundle_editable_in_cart":false,"bundle_sold_individually_context":"","bundle_item_grouping":"","bundle_min_size":"","bundle_max_size":"","bundle_price":[],"bundled_items":[],"bundle_sell_ids":[],"yoast_head":"<!-- This site is optimized with the Yoast SEO plugin v27.4 - https:\/\/yoast.com\/product\/yoast-seo-wordpress\/ -->\n<title>set de table pour enfants S1 Jeu de tampons de d\u00e9marrage%page%%-Xact Skate Shop.<\/title>\n<meta name=\"description\" content=\"Ensemble de protections pour enfants. Le S-ONE Starter Pad Set comprend un ensemble de qualit\u00e9 compos\u00e9 de genouill\u00e8res, de coudi\u00e8res et de prot\u00e8ge-poignets. L&#039;ensemble convient g\u00e9n\u00e9ralement aux enfants \u00e2g\u00e9s de 3 \u00e0 7 ans.\" \/>\n<meta name=\"robots\" content=\"index, follow, max-snippet:-1, max-image-preview:large, max-video-preview:-1\" \/>\n<link rel=\"canonical\" href=\"https:\/\/xactskateshop.com\/fr\/produit\/s1-jeu-de-tampons-de-demarrage\/\" \/>\n<meta property=\"og:locale\" content=\"fr_FR\" \/>\n<meta property=\"og:type\" content=\"article\" \/>\n<meta property=\"og:title\" content=\"set de table pour enfants S1 Jeu de tampons de d\u00e9marrage%page%%-Xact Skate Shop.\" \/>\n<meta property=\"og:description\" content=\"Ensemble de protections pour enfants. Le S-ONE Starter Pad Set comprend un ensemble de qualit\u00e9 compos\u00e9 de genouill\u00e8res, de coudi\u00e8res et de prot\u00e8ge-poignets. L&#039;ensemble convient g\u00e9n\u00e9ralement aux enfants \u00e2g\u00e9s de 3 \u00e0 7 ans.\" \/>\n<meta property=\"og:url\" content=\"https:\/\/xactskateshop.com\/fr\/produit\/s1-jeu-de-tampons-de-demarrage\/\" \/>\n<meta property=\"og:site_name\" content=\"Xact Skate Shop\" \/>\n<meta property=\"article:publisher\" content=\"https:\/\/www.facebook.com\/JeanLouiskateshop\" \/>\n<meta property=\"og:image\" content=\"https:\/\/xactskateshop.com\/wp-content\/uploads\/2021\/03\/PadStarterPackKit.jpg\" \/>\n\t<meta property=\"og:image:width\" content=\"1000\" \/>\n\t<meta property=\"og:image:height\" content=\"1000\" \/>\n\t<meta property=\"og:image:type\" content=\"image\/jpeg\" \/>\n<meta name=\"twitter:card\" content=\"summary_large_image\" \/>\n<meta name=\"twitter:label1\" content=\"Dur\u00e9e de lecture estim\u00e9e\" \/>\n\t<meta name=\"twitter:data1\" content=\"1 minute\" \/>\n<script type=\"application\/ld+json\" class=\"yoast-schema-graph\">{\"@context\":\"https:\\\/\\\/schema.org\",\"@graph\":[{\"@type\":\"WebPage\",\"@id\":\"https:\\\/\\\/xactskateshop.com\\\/fr\\\/produit\\\/s1-jeu-de-tampons-de-demarrage\\\/\",\"url\":\"https:\\\/\\\/xactskateshop.com\\\/fr\\\/produit\\\/s1-jeu-de-tampons-de-demarrage\\\/\",\"name\":\"set de table pour enfants S1 Jeu de tampons de d\u00e9marrage%page%%-Xact Skate Shop.\",\"isPartOf\":{\"@id\":\"http:\\\/\\\/xactskateshop.com\\\/fr\\\/#website\"},\"primaryImageOfPage\":{\"@id\":\"https:\\\/\\\/xactskateshop.com\\\/fr\\\/produit\\\/s1-jeu-de-tampons-de-demarrage\\\/#primaryimage\"},\"image\":{\"@id\":\"https:\\\/\\\/xactskateshop.com\\\/fr\\\/produit\\\/s1-jeu-de-tampons-de-demarrage\\\/#primaryimage\"},\"thumbnailUrl\":\"https:\\\/\\\/xactskateshop.com\\\/wp-content\\\/uploads\\\/2021\\\/03\\\/PadStarterPackKit.jpg\",\"datePublished\":\"2021-03-26T21:50:49+00:00\",\"description\":\"Ensemble de protections pour enfants. Le S-ONE Starter Pad Set comprend un ensemble de qualit\u00e9 compos\u00e9 de genouill\u00e8res, de coudi\u00e8res et de prot\u00e8ge-poignets. L'ensemble convient g\u00e9n\u00e9ralement aux enfants \u00e2g\u00e9s de 3 \u00e0 7 ans.\",\"breadcrumb\":{\"@id\":\"https:\\\/\\\/xactskateshop.com\\\/fr\\\/produit\\\/s1-jeu-de-tampons-de-demarrage\\\/#breadcrumb\"},\"inLanguage\":\"fr-FR\",\"potentialAction\":[{\"@type\":\"ReadAction\",\"target\":[\"https:\\\/\\\/xactskateshop.com\\\/fr\\\/produit\\\/s1-jeu-de-tampons-de-demarrage\\\/\"]}]},{\"@type\":\"ImageObject\",\"inLanguage\":\"fr-FR\",\"@id\":\"https:\\\/\\\/xactskateshop.com\\\/fr\\\/produit\\\/s1-jeu-de-tampons-de-demarrage\\\/#primaryimage\",\"url\":\"https:\\\/\\\/xactskateshop.com\\\/wp-content\\\/uploads\\\/2021\\\/03\\\/PadStarterPackKit.jpg\",\"contentUrl\":\"https:\\\/\\\/xactskateshop.com\\\/wp-content\\\/uploads\\\/2021\\\/03\\\/PadStarterPackKit.jpg\",\"width\":1000,\"height\":1000,\"caption\":\"kids pad set\"},{\"@type\":\"BreadcrumbList\",\"@id\":\"https:\\\/\\\/xactskateshop.com\\\/fr\\\/produit\\\/s1-jeu-de-tampons-de-demarrage\\\/#breadcrumb\",\"itemListElement\":[{\"@type\":\"ListItem\",\"position\":1,\"name\":\"Home\",\"item\":\"https:\\\/\\\/xactskateshop.com\\\/fr\\\/accueil\\\/\"},{\"@type\":\"ListItem\",\"position\":2,\"name\":\"Boutique\",\"item\":\"https:\\\/\\\/xactskateshop.com\\\/shop\\\/\"},{\"@type\":\"ListItem\",\"position\":3,\"name\":\"S1 Jeu de tampons de d\u00e9marrage\"}]},{\"@type\":\"WebSite\",\"@id\":\"http:\\\/\\\/xactskateshop.com\\\/fr\\\/#website\",\"url\":\"http:\\\/\\\/xactskateshop.com\\\/fr\\\/\",\"name\":\"Xact Skate Shop\",\"description\":\"Un site utilisant WordPress\",\"publisher\":{\"@id\":\"http:\\\/\\\/xactskateshop.com\\\/fr\\\/#organization\"},\"potentialAction\":[{\"@type\":\"SearchAction\",\"target\":{\"@type\":\"EntryPoint\",\"urlTemplate\":\"http:\\\/\\\/xactskateshop.com\\\/fr\\\/?s={search_term_string}\"},\"query-input\":{\"@type\":\"PropertyValueSpecification\",\"valueRequired\":true,\"valueName\":\"search_term_string\"}}],\"inLanguage\":\"fr-FR\"},{\"@type\":\"Organization\",\"@id\":\"http:\\\/\\\/xactskateshop.com\\\/fr\\\/#organization\",\"name\":\"XACT Skate Shop\",\"url\":\"http:\\\/\\\/xactskateshop.com\\\/fr\\\/\",\"logo\":{\"@type\":\"ImageObject\",\"inLanguage\":\"fr-FR\",\"@id\":\"http:\\\/\\\/xactskateshop.com\\\/fr\\\/#\\\/schema\\\/logo\\\/image\\\/\",\"url\":\"http:\\\/\\\/xactskateshop.com\\\/wp-content\\\/uploads\\\/2024\\\/04\\\/xactskateshop-dot-com-avec-contour-noir-sans-fond-675x.jpg\",\"contentUrl\":\"http:\\\/\\\/xactskateshop.com\\\/wp-content\\\/uploads\\\/2024\\\/04\\\/xactskateshop-dot-com-avec-contour-noir-sans-fond-675x.jpg\",\"width\":675,\"height\":247,\"caption\":\"XACT Skate Shop\"},\"image\":{\"@id\":\"http:\\\/\\\/xactskateshop.com\\\/fr\\\/#\\\/schema\\\/logo\\\/image\\\/\"},\"sameAs\":[\"https:\\\/\\\/www.facebook.com\\\/JeanLouiskateshop\"]}]}<\/script>\n<!-- \/ Yoast SEO plugin. -->","yoast_head_json":{"title":"set de table pour enfants S1 Jeu de tampons de d\u00e9marrage%page%%-Xact Skate Shop.","description":"Ensemble de protections pour enfants. Le S-ONE Starter Pad Set comprend un ensemble de qualit\u00e9 compos\u00e9 de genouill\u00e8res, de coudi\u00e8res et de prot\u00e8ge-poignets. L'ensemble convient g\u00e9n\u00e9ralement aux enfants \u00e2g\u00e9s de 3 \u00e0 7 ans.","robots":{"index":"index","follow":"follow","max-snippet":"max-snippet:-1","max-image-preview":"max-image-preview:large","max-video-preview":"max-video-preview:-1"},"canonical":"https:\/\/xactskateshop.com\/fr\/produit\/s1-jeu-de-tampons-de-demarrage\/","og_locale":"fr_FR","og_type":"article","og_title":"set de table pour enfants S1 Jeu de tampons de d\u00e9marrage%page%%-Xact Skate Shop.","og_description":"Ensemble de protections pour enfants. Le S-ONE Starter Pad Set comprend un ensemble de qualit\u00e9 compos\u00e9 de genouill\u00e8res, de coudi\u00e8res et de prot\u00e8ge-poignets. L'ensemble convient g\u00e9n\u00e9ralement aux enfants \u00e2g\u00e9s de 3 \u00e0 7 ans.","og_url":"https:\/\/xactskateshop.com\/fr\/produit\/s1-jeu-de-tampons-de-demarrage\/","og_site_name":"Xact Skate Shop","article_publisher":"https:\/\/www.facebook.com\/JeanLouiskateshop","og_image":[{"width":1000,"height":1000,"url":"https:\/\/xactskateshop.com\/wp-content\/uploads\/2021\/03\/PadStarterPackKit.jpg","type":"image\/jpeg"}],"twitter_card":"summary_large_image","twitter_misc":{"Dur\u00e9e de lecture estim\u00e9e":"1 minute"},"schema":{"@context":"https:\/\/schema.org","@graph":[{"@type":"WebPage","@id":"https:\/\/xactskateshop.com\/fr\/produit\/s1-jeu-de-tampons-de-demarrage\/","url":"https:\/\/xactskateshop.com\/fr\/produit\/s1-jeu-de-tampons-de-demarrage\/","name":"set de table pour enfants S1 Jeu de tampons de d\u00e9marrage%page%%-Xact Skate Shop.","isPartOf":{"@id":"http:\/\/xactskateshop.com\/fr\/#website"},"primaryImageOfPage":{"@id":"https:\/\/xactskateshop.com\/fr\/produit\/s1-jeu-de-tampons-de-demarrage\/#primaryimage"},"image":{"@id":"https:\/\/xactskateshop.com\/fr\/produit\/s1-jeu-de-tampons-de-demarrage\/#primaryimage"},"thumbnailUrl":"https:\/\/xactskateshop.com\/wp-content\/uploads\/2021\/03\/PadStarterPackKit.jpg","datePublished":"2021-03-26T21:50:49+00:00","description":"Ensemble de protections pour enfants. Le S-ONE Starter Pad Set comprend un ensemble de qualit\u00e9 compos\u00e9 de genouill\u00e8res, de coudi\u00e8res et de prot\u00e8ge-poignets. L'ensemble convient g\u00e9n\u00e9ralement aux enfants \u00e2g\u00e9s de 3 \u00e0 7 ans.","breadcrumb":{"@id":"https:\/\/xactskateshop.com\/fr\/produit\/s1-jeu-de-tampons-de-demarrage\/#breadcrumb"},"inLanguage":"fr-FR","potentialAction":[{"@type":"ReadAction","target":["https:\/\/xactskateshop.com\/fr\/produit\/s1-jeu-de-tampons-de-demarrage\/"]}]},{"@type":"ImageObject","inLanguage":"fr-FR","@id":"https:\/\/xactskateshop.com\/fr\/produit\/s1-jeu-de-tampons-de-demarrage\/#primaryimage","url":"https:\/\/xactskateshop.com\/wp-content\/uploads\/2021\/03\/PadStarterPackKit.jpg","contentUrl":"https:\/\/xactskateshop.com\/wp-content\/uploads\/2021\/03\/PadStarterPackKit.jpg","width":1000,"height":1000,"caption":"kids pad set"},{"@type":"BreadcrumbList","@id":"https:\/\/xactskateshop.com\/fr\/produit\/s1-jeu-de-tampons-de-demarrage\/#breadcrumb","itemListElement":[{"@type":"ListItem","position":1,"name":"Home","item":"https:\/\/xactskateshop.com\/fr\/accueil\/"},{"@type":"ListItem","position":2,"name":"Boutique","item":"https:\/\/xactskateshop.com\/shop\/"},{"@type":"ListItem","position":3,"name":"S1 Jeu de tampons de d\u00e9marrage"}]},{"@type":"WebSite","@id":"http:\/\/xactskateshop.com\/fr\/#website","url":"http:\/\/xactskateshop.com\/fr\/","name":"Xact Skate Shop","description":"Un site utilisant WordPress","publisher":{"@id":"http:\/\/xactskateshop.com\/fr\/#organization"},"potentialAction":[{"@type":"SearchAction","target":{"@type":"EntryPoint","urlTemplate":"http:\/\/xactskateshop.com\/fr\/?s={search_term_string}"},"query-input":{"@type":"PropertyValueSpecification","valueRequired":true,"valueName":"search_term_string"}}],"inLanguage":"fr-FR"},{"@type":"Organization","@id":"http:\/\/xactskateshop.com\/fr\/#organization","name":"XACT Skate Shop","url":"http:\/\/xactskateshop.com\/fr\/","logo":{"@type":"ImageObject","inLanguage":"fr-FR","@id":"http:\/\/xactskateshop.com\/fr\/#\/schema\/logo\/image\/","url":"http:\/\/xactskateshop.com\/wp-content\/uploads\/2024\/04\/xactskateshop-dot-com-avec-contour-noir-sans-fond-675x.jpg","contentUrl":"http:\/\/xactskateshop.com\/wp-content\/uploads\/2024\/04\/xactskateshop-dot-com-avec-contour-noir-sans-fond-675x.jpg","width":675,"height":247,"caption":"XACT Skate Shop"},"image":{"@id":"http:\/\/xactskateshop.com\/fr\/#\/schema\/logo\/image\/"},"sameAs":["https:\/\/www.facebook.com\/JeanLouiskateshop"]}]}},"_links":{"self":[{"href":"https:\/\/xactskateshop.com\/fr\/wp-json\/wp\/v2\/product\/58585","targetHints":{"allow":["GET"]}}],"collection":[{"href":"https:\/\/xactskateshop.com\/fr\/wp-json\/wp\/v2\/product"}],"about":[{"href":"https:\/\/xactskateshop.com\/fr\/wp-json\/wp\/v2\/types\/product"}],"replies":[{"embeddable":true,"href":"https:\/\/xactskateshop.com\/fr\/wp-json\/wp\/v2\/comments?post=58585"}],"wp:featuredmedia":[{"embeddable":true,"href":"https:\/\/xactskateshop.com\/fr\/wp-json\/wp\/v2\/media\/7818"}],"wp:attachment":[{"href":"https:\/\/xactskateshop.com\/fr\/wp-json\/wp\/v2\/media?parent=58585"}],"wp:term":[{"taxonomy":"product_brand","embeddable":true,"href":"https:\/\/xactskateshop.com\/fr\/wp-json\/wp\/v2\/product_brand?post=58585"},{"taxonomy":"product_cat","embeddable":true,"href":"https:\/\/xactskateshop.com\/fr\/wp-json\/wp\/v2\/product_cat?post=58585"},{"taxonomy":"product_tag","embeddable":true,"href":"https:\/\/xactskateshop.com\/fr\/wp-json\/wp\/v2\/product_tag?post=58585"}],"curies":[{"name":"wp","href":"https:\/\/api.w.org\/{rel}","templated":true}]}}