{"id":58551,"date":"2021-03-26T17:21:48","date_gmt":"2021-03-26T21:21:48","guid":{"rendered":"http:\/\/xactskateshop.com\/product\/s1-pro-protege-poignets\/"},"modified":"2021-03-26T17:21:48","modified_gmt":"2021-03-26T21:21:48","slug":"s1-pro-protege-poignets","status":"publish","type":"product","link":"https:\/\/xactskateshop.com\/fr\/produit\/s1-pro-protege-poignets\/","title":{"rendered":"S1 PRO Prot\u00e8ge-poignets"},"content":{"rendered":"<h2>Description<\/h2>\n<p>Prot\u00e8ge-lames pour le patinage. Les prot\u00e8ge-poignets S1 sont fabriqu\u00e9s \u00e0 partir d&#8217;un tissu ext\u00e9rieur en nylon balistique tr\u00e8s r\u00e9sistant et lourd et d&#8217;une attelle en plastique ABS de haute qualit\u00e9 qui disperse l&#8217;\u00e9nergie de l&#8217;impact et prot\u00e8ge la zone de la paume. Les prot\u00e8ge-poignets S1 n&#8217;ont pas d&#8217;attelle sup\u00e9rieure afin de permettre \u00e0 l&#8217;\u00e9nergie de l&#8217;impact de se disperser \u00e0 partir de la paume, de cr\u00e9er plus de flexibilit\u00e9 au niveau de l&#8217;articulation du poignet et d&#8217;\u00e9viter toute blessure inutile au sommet de l&#8217;os du poignet en cas d&#8217;impact. Les prot\u00e8ge-poignets S1 sont confortables, construits pour durer et sont livr\u00e9s en set avec un droit et un gauche inclus dans un sac de transport en maille de qualit\u00e9.   <\/p>\n<p>Pour d\u00e9terminer la taille dont vous avez besoin, mesurez la circonf\u00e9rence de votre poignet au niveau de l&#8217;articulation du poignet et comparez votre mesure au guide des tailles ci-dessous.<\/p>\n<p>&nbsp;<\/p>\n<p>GUIDE DE TAILLE<\/p>\n<p>Petit 5.0\u2033 &#8211; 6.4\u2033<\/p>\n<p>Moyen &#8211; 6.5\u2033 &#8211; 7.4\u2033 (en anglais)<\/p>\n<p>Grand &#8211; 7.5\u2033 &#8211; 8.5\u2033 (en anglais)<\/p>\n","protected":false},"excerpt":{"rendered":"<p>Prot\u00e8ge-lames pour le patinage<\/p>\n<p>Les prot\u00e8ge-poignets S1 sont fabriqu\u00e9s \u00e0 partir d&#8217;un tissu ext\u00e9rieur en nylon balistique tr\u00e8s r\u00e9sistant et lourd et d&#8217;une attelle en plastique ABS de haute qualit\u00e9 qui disperse l&#8217;\u00e9nergie de l&#8217;impact et prot\u00e8ge la zone de la paume. Les prot\u00e8ge-poignets S1 n&#8217;ont pas d&#8217;attelle sup\u00e9rieure afin de permettre \u00e0 l&#8217;\u00e9nergie de l&#8217;impact de se disperser \u00e0 partir de la paume, de cr\u00e9er plus de flexibilit\u00e9 au niveau de l&#8217;articulation du poignet et d&#8217;\u00e9viter toute blessure inutile au sommet de l&#8217;os du poignet en cas d&#8217;impact. Les prot\u00e8ge-poignets S1 sont confortables, construits pour durer et sont livr\u00e9s en set avec un droit et un gauche inclus dans un sac de transport en maille de qualit\u00e9.  <\/p>\n","protected":false},"featured_media":7809,"comment_status":"closed","ping_status":"closed","template":"","meta":{"site-sidebar-layout":"default","site-content-layout":"default","ast-site-content-layout":"default","site-content-style":"default","site-sidebar-style":"default","ast-global-header-display":"","ast-banner-title-visibility":"","ast-main-header-display":"","ast-hfb-above-header-display":"","ast-hfb-below-header-display":"","ast-hfb-mobile-header-display":"","site-post-title":"","ast-breadcrumbs-content":"","ast-featured-img":"","footer-sml-layout":"","theme-transparent-header-meta":"default","adv-header-id-meta":"","stick-header-meta":"","header-above-stick-meta":"","header-main-stick-meta":"","header-below-stick-meta":"","astra-migrate-meta-layouts":"default","ast-page-background-enabled":"default","ast-page-background-meta":{"desktop":{"background-color":"","background-image":"","background-repeat":"repeat","background-position":"center center","background-size":"auto","background-attachment":"scroll","background-type":"","background-media":"","overlay-type":"","overlay-color":"","overlay-opacity":"","overlay-gradient":""},"tablet":{"background-color":"","background-image":"","background-repeat":"repeat","background-position":"center center","background-size":"auto","background-attachment":"scroll","background-type":"","background-media":"","overlay-type":"","overlay-color":"","overlay-opacity":"","overlay-gradient":""},"mobile":{"background-color":"","background-image":"","background-repeat":"repeat","background-position":"center center","background-size":"auto","background-attachment":"scroll","background-type":"","background-media":"","overlay-type":"","overlay-color":"","overlay-opacity":"","overlay-gradient":""}},"ast-content-background-meta":{"desktop":{"background-color":"var(--ast-global-color-5)","background-image":"","background-repeat":"repeat","background-position":"center center","background-size":"auto","background-attachment":"scroll","background-type":"","background-media":"","overlay-type":"","overlay-color":"","overlay-opacity":"","overlay-gradient":""},"tablet":{"background-color":"var(--ast-global-color-5)","background-image":"","background-repeat":"repeat","background-position":"center center","background-size":"auto","background-attachment":"scroll","background-type":"","background-media":"","overlay-type":"","overlay-color":"","overlay-opacity":"","overlay-gradient":""},"mobile":{"background-color":"var(--ast-global-color-5)","background-image":"","background-repeat":"repeat","background-position":"center center","background-size":"auto","background-attachment":"scroll","background-type":"","background-media":"","overlay-type":"","overlay-color":"","overlay-opacity":"","overlay-gradient":""}}},"product_brand":[],"product_cat":[1733,1652,1755],"product_tag":[2158,2157,2156,2159],"class_list":{"0":"post-58551","1":"product","2":"type-product","3":"status-publish","4":"has-post-thumbnail","6":"product_cat-equipement-de-protection","7":"product_cat-patins-a-roulettes","8":"product_cat-protection-patins-a-roulettes","9":"product_tag-meilleurs-protege-poignets","10":"product_tag-protege-poignets","11":"product_tag-protege-poignets-pour-patins","12":"product_tag-protege-poignets-s1","13":"desktop-align-center","14":"tablet-align-center","15":"mobile-align-center","16":"ast-product-gallery-layout-horizontal","17":"ast-product-single-variable","18":"ast-product-tabs-layout-horizontal","19":"ast-qv-on-image","21":"first","22":"instock","23":"taxable","24":"shipping-taxable","25":"purchasable","26":"product-type-variable"},"bundled_by":[],"bundle_stock_status":"instock","bundle_stock_quantity":null,"bundle_virtual":false,"bundle_layout":"","bundle_add_to_cart_form_location":"","bundle_editable_in_cart":false,"bundle_sold_individually_context":"","bundle_item_grouping":"","bundle_min_size":"","bundle_max_size":"","bundle_price":[],"bundled_items":[],"bundle_sell_ids":[],"yoast_head":"<!-- This site is optimized with the Yoast SEO plugin v27.4 - https:\/\/yoast.com\/product\/yoast-seo-wordpress\/ -->\n<title>Prot\u00e8ge-lames%%%title% %%page% - %sitename%%.<\/title>\n<meta name=\"description\" content=\"Prot\u00e8ge-lames pour le patinage. Les prot\u00e8ge-poignets S1 sont confortables, construits pour durer et sont livr\u00e9s en set avec un droit et un gauche inclus dans un sac de transport en maille de qualit\u00e9.\" \/>\n<meta name=\"robots\" content=\"index, follow, max-snippet:-1, max-image-preview:large, max-video-preview:-1\" \/>\n<link rel=\"canonical\" href=\"https:\/\/xactskateshop.com\/fr\/produit\/s1-pro-protege-poignets\/\" \/>\n<meta property=\"og:locale\" content=\"fr_FR\" \/>\n<meta property=\"og:type\" content=\"article\" \/>\n<meta property=\"og:title\" content=\"Prot\u00e8ge-lames%%%title% %%page% - %sitename%%.\" \/>\n<meta property=\"og:description\" content=\"Prot\u00e8ge-lames pour le patinage. Les prot\u00e8ge-poignets S1 sont confortables, construits pour durer et sont livr\u00e9s en set avec un droit et un gauche inclus dans un sac de transport en maille de qualit\u00e9.\" \/>\n<meta property=\"og:url\" content=\"https:\/\/xactskateshop.com\/fr\/produit\/s1-pro-protege-poignets\/\" \/>\n<meta property=\"og:site_name\" content=\"Xact Skate Shop\" \/>\n<meta property=\"article:publisher\" content=\"https:\/\/www.facebook.com\/JeanLouiskateshop\" \/>\n<meta property=\"og:image\" content=\"https:\/\/xactskateshop.com\/wp-content\/uploads\/2021\/03\/S1_Wrist-Guards_Two-Shot.jpg\" \/>\n\t<meta property=\"og:image:width\" content=\"1000\" \/>\n\t<meta property=\"og:image:height\" content=\"1000\" \/>\n\t<meta property=\"og:image:type\" content=\"image\/jpeg\" \/>\n<meta name=\"twitter:card\" content=\"summary_large_image\" \/>\n<meta name=\"twitter:label1\" content=\"Dur\u00e9e de lecture estim\u00e9e\" \/>\n\t<meta name=\"twitter:data1\" content=\"1 minute\" \/>\n<script type=\"application\/ld+json\" class=\"yoast-schema-graph\">{\"@context\":\"https:\\\/\\\/schema.org\",\"@graph\":[{\"@type\":\"WebPage\",\"@id\":\"https:\\\/\\\/xactskateshop.com\\\/fr\\\/produit\\\/s1-pro-protege-poignets\\\/\",\"url\":\"https:\\\/\\\/xactskateshop.com\\\/fr\\\/produit\\\/s1-pro-protege-poignets\\\/\",\"name\":\"Prot\u00e8ge-lames%%%title% %%page% - %sitename%%.\",\"isPartOf\":{\"@id\":\"http:\\\/\\\/xactskateshop.com\\\/fr\\\/#website\"},\"primaryImageOfPage\":{\"@id\":\"https:\\\/\\\/xactskateshop.com\\\/fr\\\/produit\\\/s1-pro-protege-poignets\\\/#primaryimage\"},\"image\":{\"@id\":\"https:\\\/\\\/xactskateshop.com\\\/fr\\\/produit\\\/s1-pro-protege-poignets\\\/#primaryimage\"},\"thumbnailUrl\":\"https:\\\/\\\/xactskateshop.com\\\/wp-content\\\/uploads\\\/2021\\\/03\\\/S1_Wrist-Guards_Two-Shot.jpg\",\"datePublished\":\"2021-03-26T21:21:48+00:00\",\"description\":\"Prot\u00e8ge-lames pour le patinage. Les prot\u00e8ge-poignets S1 sont confortables, construits pour durer et sont livr\u00e9s en set avec un droit et un gauche inclus dans un sac de transport en maille de qualit\u00e9.\",\"breadcrumb\":{\"@id\":\"https:\\\/\\\/xactskateshop.com\\\/fr\\\/produit\\\/s1-pro-protege-poignets\\\/#breadcrumb\"},\"inLanguage\":\"fr-FR\",\"potentialAction\":[{\"@type\":\"ReadAction\",\"target\":[\"https:\\\/\\\/xactskateshop.com\\\/fr\\\/produit\\\/s1-pro-protege-poignets\\\/\"]}]},{\"@type\":\"ImageObject\",\"inLanguage\":\"fr-FR\",\"@id\":\"https:\\\/\\\/xactskateshop.com\\\/fr\\\/produit\\\/s1-pro-protege-poignets\\\/#primaryimage\",\"url\":\"https:\\\/\\\/xactskateshop.com\\\/wp-content\\\/uploads\\\/2021\\\/03\\\/S1_Wrist-Guards_Two-Shot.jpg\",\"contentUrl\":\"https:\\\/\\\/xactskateshop.com\\\/wp-content\\\/uploads\\\/2021\\\/03\\\/S1_Wrist-Guards_Two-Shot.jpg\",\"width\":1000,\"height\":1000,\"caption\":\"skate wrist guards\"},{\"@type\":\"BreadcrumbList\",\"@id\":\"https:\\\/\\\/xactskateshop.com\\\/fr\\\/produit\\\/s1-pro-protege-poignets\\\/#breadcrumb\",\"itemListElement\":[{\"@type\":\"ListItem\",\"position\":1,\"name\":\"Home\",\"item\":\"https:\\\/\\\/xactskateshop.com\\\/fr\\\/accueil\\\/\"},{\"@type\":\"ListItem\",\"position\":2,\"name\":\"Boutique\",\"item\":\"https:\\\/\\\/xactskateshop.com\\\/shop\\\/\"},{\"@type\":\"ListItem\",\"position\":3,\"name\":\"S1 PRO Prot\u00e8ge-poignets\"}]},{\"@type\":\"WebSite\",\"@id\":\"http:\\\/\\\/xactskateshop.com\\\/fr\\\/#website\",\"url\":\"http:\\\/\\\/xactskateshop.com\\\/fr\\\/\",\"name\":\"Xact Skate Shop\",\"description\":\"Un site utilisant WordPress\",\"publisher\":{\"@id\":\"http:\\\/\\\/xactskateshop.com\\\/fr\\\/#organization\"},\"potentialAction\":[{\"@type\":\"SearchAction\",\"target\":{\"@type\":\"EntryPoint\",\"urlTemplate\":\"http:\\\/\\\/xactskateshop.com\\\/fr\\\/?s={search_term_string}\"},\"query-input\":{\"@type\":\"PropertyValueSpecification\",\"valueRequired\":true,\"valueName\":\"search_term_string\"}}],\"inLanguage\":\"fr-FR\"},{\"@type\":\"Organization\",\"@id\":\"http:\\\/\\\/xactskateshop.com\\\/fr\\\/#organization\",\"name\":\"XACT Skate Shop\",\"url\":\"http:\\\/\\\/xactskateshop.com\\\/fr\\\/\",\"logo\":{\"@type\":\"ImageObject\",\"inLanguage\":\"fr-FR\",\"@id\":\"http:\\\/\\\/xactskateshop.com\\\/fr\\\/#\\\/schema\\\/logo\\\/image\\\/\",\"url\":\"http:\\\/\\\/xactskateshop.com\\\/wp-content\\\/uploads\\\/2024\\\/04\\\/xactskateshop-dot-com-avec-contour-noir-sans-fond-675x.jpg\",\"contentUrl\":\"http:\\\/\\\/xactskateshop.com\\\/wp-content\\\/uploads\\\/2024\\\/04\\\/xactskateshop-dot-com-avec-contour-noir-sans-fond-675x.jpg\",\"width\":675,\"height\":247,\"caption\":\"XACT Skate Shop\"},\"image\":{\"@id\":\"http:\\\/\\\/xactskateshop.com\\\/fr\\\/#\\\/schema\\\/logo\\\/image\\\/\"},\"sameAs\":[\"https:\\\/\\\/www.facebook.com\\\/JeanLouiskateshop\"]}]}<\/script>\n<!-- \/ Yoast SEO plugin. -->","yoast_head_json":{"title":"Prot\u00e8ge-lames%%%title% %%page% - %sitename%%.","description":"Prot\u00e8ge-lames pour le patinage. Les prot\u00e8ge-poignets S1 sont confortables, construits pour durer et sont livr\u00e9s en set avec un droit et un gauche inclus dans un sac de transport en maille de qualit\u00e9.","robots":{"index":"index","follow":"follow","max-snippet":"max-snippet:-1","max-image-preview":"max-image-preview:large","max-video-preview":"max-video-preview:-1"},"canonical":"https:\/\/xactskateshop.com\/fr\/produit\/s1-pro-protege-poignets\/","og_locale":"fr_FR","og_type":"article","og_title":"Prot\u00e8ge-lames%%%title% %%page% - %sitename%%.","og_description":"Prot\u00e8ge-lames pour le patinage. Les prot\u00e8ge-poignets S1 sont confortables, construits pour durer et sont livr\u00e9s en set avec un droit et un gauche inclus dans un sac de transport en maille de qualit\u00e9.","og_url":"https:\/\/xactskateshop.com\/fr\/produit\/s1-pro-protege-poignets\/","og_site_name":"Xact Skate Shop","article_publisher":"https:\/\/www.facebook.com\/JeanLouiskateshop","og_image":[{"width":1000,"height":1000,"url":"https:\/\/xactskateshop.com\/wp-content\/uploads\/2021\/03\/S1_Wrist-Guards_Two-Shot.jpg","type":"image\/jpeg"}],"twitter_card":"summary_large_image","twitter_misc":{"Dur\u00e9e de lecture estim\u00e9e":"1 minute"},"schema":{"@context":"https:\/\/schema.org","@graph":[{"@type":"WebPage","@id":"https:\/\/xactskateshop.com\/fr\/produit\/s1-pro-protege-poignets\/","url":"https:\/\/xactskateshop.com\/fr\/produit\/s1-pro-protege-poignets\/","name":"Prot\u00e8ge-lames%%%title% %%page% - %sitename%%.","isPartOf":{"@id":"http:\/\/xactskateshop.com\/fr\/#website"},"primaryImageOfPage":{"@id":"https:\/\/xactskateshop.com\/fr\/produit\/s1-pro-protege-poignets\/#primaryimage"},"image":{"@id":"https:\/\/xactskateshop.com\/fr\/produit\/s1-pro-protege-poignets\/#primaryimage"},"thumbnailUrl":"https:\/\/xactskateshop.com\/wp-content\/uploads\/2021\/03\/S1_Wrist-Guards_Two-Shot.jpg","datePublished":"2021-03-26T21:21:48+00:00","description":"Prot\u00e8ge-lames pour le patinage. Les prot\u00e8ge-poignets S1 sont confortables, construits pour durer et sont livr\u00e9s en set avec un droit et un gauche inclus dans un sac de transport en maille de qualit\u00e9.","breadcrumb":{"@id":"https:\/\/xactskateshop.com\/fr\/produit\/s1-pro-protege-poignets\/#breadcrumb"},"inLanguage":"fr-FR","potentialAction":[{"@type":"ReadAction","target":["https:\/\/xactskateshop.com\/fr\/produit\/s1-pro-protege-poignets\/"]}]},{"@type":"ImageObject","inLanguage":"fr-FR","@id":"https:\/\/xactskateshop.com\/fr\/produit\/s1-pro-protege-poignets\/#primaryimage","url":"https:\/\/xactskateshop.com\/wp-content\/uploads\/2021\/03\/S1_Wrist-Guards_Two-Shot.jpg","contentUrl":"https:\/\/xactskateshop.com\/wp-content\/uploads\/2021\/03\/S1_Wrist-Guards_Two-Shot.jpg","width":1000,"height":1000,"caption":"skate wrist guards"},{"@type":"BreadcrumbList","@id":"https:\/\/xactskateshop.com\/fr\/produit\/s1-pro-protege-poignets\/#breadcrumb","itemListElement":[{"@type":"ListItem","position":1,"name":"Home","item":"https:\/\/xactskateshop.com\/fr\/accueil\/"},{"@type":"ListItem","position":2,"name":"Boutique","item":"https:\/\/xactskateshop.com\/shop\/"},{"@type":"ListItem","position":3,"name":"S1 PRO Prot\u00e8ge-poignets"}]},{"@type":"WebSite","@id":"http:\/\/xactskateshop.com\/fr\/#website","url":"http:\/\/xactskateshop.com\/fr\/","name":"Xact Skate Shop","description":"Un site utilisant WordPress","publisher":{"@id":"http:\/\/xactskateshop.com\/fr\/#organization"},"potentialAction":[{"@type":"SearchAction","target":{"@type":"EntryPoint","urlTemplate":"http:\/\/xactskateshop.com\/fr\/?s={search_term_string}"},"query-input":{"@type":"PropertyValueSpecification","valueRequired":true,"valueName":"search_term_string"}}],"inLanguage":"fr-FR"},{"@type":"Organization","@id":"http:\/\/xactskateshop.com\/fr\/#organization","name":"XACT Skate Shop","url":"http:\/\/xactskateshop.com\/fr\/","logo":{"@type":"ImageObject","inLanguage":"fr-FR","@id":"http:\/\/xactskateshop.com\/fr\/#\/schema\/logo\/image\/","url":"http:\/\/xactskateshop.com\/wp-content\/uploads\/2024\/04\/xactskateshop-dot-com-avec-contour-noir-sans-fond-675x.jpg","contentUrl":"http:\/\/xactskateshop.com\/wp-content\/uploads\/2024\/04\/xactskateshop-dot-com-avec-contour-noir-sans-fond-675x.jpg","width":675,"height":247,"caption":"XACT Skate Shop"},"image":{"@id":"http:\/\/xactskateshop.com\/fr\/#\/schema\/logo\/image\/"},"sameAs":["https:\/\/www.facebook.com\/JeanLouiskateshop"]}]}},"_links":{"self":[{"href":"https:\/\/xactskateshop.com\/fr\/wp-json\/wp\/v2\/product\/58551","targetHints":{"allow":["GET"]}}],"collection":[{"href":"https:\/\/xactskateshop.com\/fr\/wp-json\/wp\/v2\/product"}],"about":[{"href":"https:\/\/xactskateshop.com\/fr\/wp-json\/wp\/v2\/types\/product"}],"replies":[{"embeddable":true,"href":"https:\/\/xactskateshop.com\/fr\/wp-json\/wp\/v2\/comments?post=58551"}],"wp:featuredmedia":[{"embeddable":true,"href":"https:\/\/xactskateshop.com\/fr\/wp-json\/wp\/v2\/media\/7809"}],"wp:attachment":[{"href":"https:\/\/xactskateshop.com\/fr\/wp-json\/wp\/v2\/media?parent=58551"}],"wp:term":[{"taxonomy":"product_brand","embeddable":true,"href":"https:\/\/xactskateshop.com\/fr\/wp-json\/wp\/v2\/product_brand?post=58551"},{"taxonomy":"product_cat","embeddable":true,"href":"https:\/\/xactskateshop.com\/fr\/wp-json\/wp\/v2\/product_cat?post=58551"},{"taxonomy":"product_tag","embeddable":true,"href":"https:\/\/xactskateshop.com\/fr\/wp-json\/wp\/v2\/product_tag?post=58551"}],"curies":[{"name":"wp","href":"https:\/\/api.w.org\/{rel}","templated":true}]}}