{"id":58503,"date":"2021-03-27T14:55:53","date_gmt":"2021-03-27T18:55:53","guid":{"rendered":"http:\/\/xactskateshop.com\/product\/bloc-de-broyage-discoblox-bandit\/"},"modified":"2021-03-27T14:55:53","modified_gmt":"2021-03-27T18:55:53","slug":"bloc-de-broyage-discoblox-bandit","status":"publish","type":"product","link":"https:\/\/xactskateshop.com\/fr\/produit\/bloc-de-broyage-discoblox-bandit\/","title":{"rendered":"Bloc de broyage DISCOBLOX Bandit"},"content":{"rendered":"<p><strong>Disco Grind Blox.<\/strong><\/p>\n<p>Les Blox seront noirs ou blancs en fonction des stocks disponibles.<\/p>\n<p>Surface lisse pour une bonne glisse et c\u00f4t\u00e9s biseaut\u00e9s pour toutes les figures.<\/p>\n<p>Facile \u00e0 installer avec une seule pi\u00e8ce fixe pour s&#8217;adapter directement sous les camions. Comprend des coussins rabaiss\u00e9s pour s&#8217;adapter \u00e0 l&#8217;espace disponible. .<\/p>\n<p>Ces Grind Blox seront blancs ou noirs en fonction des stocks et mesureront 40 mm de la coiffe \u00e0 l&#8217;\u00e9crou du pivot d&#8217;attelage. L&#8217;\u00e9peron de broyage est en acier inoxydable et les tubes en aluminium sont d\u00e9coratifs. <\/p>\n<p>La taille varie selon les marques et les mod\u00e8les de plaques, veuillez donc consulter le tableau des tailles pour choisir en cons\u00e9quence. Pr\u00e9cisez \u00e9galement votre plaque et sa taille dans les notes afin que nous puissions nous assurer de vous fournir la bonne taille du premier coup. <\/p>\n<p>Ces grindblocks vous permettent de pratiquer le roller en skatepark\/bowl\/rampe sans gros travail sur vos patins&#8230; ils s&#8217;installent facilement sur la plupart des plaques US du march\u00e9.<\/p>\n<p>Solides, ils assurent un excellent glissement !<\/p>\n<ul>\n<li>Vendu par paire<\/li>\n<li>Barres incluses pour plus de rigidit\u00e9 et de stabilit\u00e9<\/li>\n<li>Couleurs au choix si disponibles (noir ou blanc).<\/li>\n<\/ul>\n<p>Taille : Pour choisir votre taille, prenez la mesure entre les \u00e9pingles \u00e0 nourrice (voir photo jointe).<\/p>\n<p>0 = 55 mm<\/p>\n<p>1 = 65 mm<\/p>\n<p>2 = 75 mm<\/p>\n<p>3 = 85 mm<\/p>\n<p>4 = 95 mm<\/p>\n<p>5 = 105 mm<\/p>\n<p>6 = 115 mm<\/p>\n<p>7 = 125 mm<\/p>\n<p>&nbsp;<\/p>\n<p><img fetchpriority=\"high\" decoding=\"async\" class=\"alignnone size-medium wp-image-7153\" src=\"http:\/\/xactskateshop.com\/wp-content\/uploads\/2021\/03\/bar_sizing_1_-page-001-1-300x226.jpg\" alt=\"\" width=\"300\" height=\"226\" srcset=\"https:\/\/xactskateshop.com\/wp-content\/uploads\/2021\/03\/bar_sizing_1_-page-001-1-300x226.jpg 300w, https:\/\/xactskateshop.com\/wp-content\/uploads\/2021\/03\/bar_sizing_1_-page-001-1-1024x772.jpg 1024w, https:\/\/xactskateshop.com\/wp-content\/uploads\/2021\/03\/bar_sizing_1_-page-001-1-768x579.jpg 768w, https:\/\/xactskateshop.com\/wp-content\/uploads\/2021\/03\/bar_sizing_1_-page-001-1-1536x1158.jpg 1536w, https:\/\/xactskateshop.com\/wp-content\/uploads\/2021\/03\/bar_sizing_1_-page-001-1-2048x1544.jpg 2048w, https:\/\/xactskateshop.com\/wp-content\/uploads\/2021\/03\/bar_sizing_1_-page-001-1-1600x1206.jpg 1600w\" sizes=\"(max-width: 300px) 100vw, 300px\" \/><\/p>\n<p>Utilisez ce produit \u00e0 vos propres risques.<br \/>\nXact Skate Shop et Disco Tech ne peuvent \u00eatre tenus responsables de tout accident ou blessure survenant lors de l&#8217;utilisation de ce produit.<\/p>\n","protected":false},"excerpt":{"rendered":"<p><strong>Disco Grind Blox.<\/strong><\/p>\n<p>Surface lisse pour une grande glisse et c\u00f4t\u00e9s biseaut\u00e9s pour toutes les figures.<\/p>\n","protected":false},"featured_media":10077,"comment_status":"closed","ping_status":"closed","template":"","meta":{"site-sidebar-layout":"default","site-content-layout":"default","ast-site-content-layout":"default","site-content-style":"default","site-sidebar-style":"default","ast-global-header-display":"","ast-banner-title-visibility":"","ast-main-header-display":"","ast-hfb-above-header-display":"","ast-hfb-below-header-display":"","ast-hfb-mobile-header-display":"","site-post-title":"","ast-breadcrumbs-content":"","ast-featured-img":"","footer-sml-layout":"","theme-transparent-header-meta":"default","adv-header-id-meta":"","stick-header-meta":"","header-above-stick-meta":"","header-main-stick-meta":"","header-below-stick-meta":"","astra-migrate-meta-layouts":"default","ast-page-background-enabled":"default","ast-page-background-meta":{"desktop":{"background-color":"","background-image":"","background-repeat":"repeat","background-position":"center center","background-size":"auto","background-attachment":"scroll","background-type":"","background-media":"","overlay-type":"","overlay-color":"","overlay-opacity":"","overlay-gradient":""},"tablet":{"background-color":"","background-image":"","background-repeat":"repeat","background-position":"center center","background-size":"auto","background-attachment":"scroll","background-type":"","background-media":"","overlay-type":"","overlay-color":"","overlay-opacity":"","overlay-gradient":""},"mobile":{"background-color":"","background-image":"","background-repeat":"repeat","background-position":"center center","background-size":"auto","background-attachment":"scroll","background-type":"","background-media":"","overlay-type":"","overlay-color":"","overlay-opacity":"","overlay-gradient":""}},"ast-content-background-meta":{"desktop":{"background-color":"var(--ast-global-color-5)","background-image":"","background-repeat":"repeat","background-position":"center center","background-size":"auto","background-attachment":"scroll","background-type":"","background-media":"","overlay-type":"","overlay-color":"","overlay-opacity":"","overlay-gradient":""},"tablet":{"background-color":"var(--ast-global-color-5)","background-image":"","background-repeat":"repeat","background-position":"center center","background-size":"auto","background-attachment":"scroll","background-type":"","background-media":"","overlay-type":"","overlay-color":"","overlay-opacity":"","overlay-gradient":""},"mobile":{"background-color":"var(--ast-global-color-5)","background-image":"","background-repeat":"repeat","background-position":"center center","background-size":"auto","background-attachment":"scroll","background-type":"","background-media":"","overlay-type":"","overlay-color":"","overlay-opacity":"","overlay-gradient":""}}},"product_brand":[],"product_cat":[1530,1652,1838],"product_tag":[],"class_list":{"0":"post-58503","1":"product","2":"type-product","3":"status-publish","4":"has-post-thumbnail","6":"product_cat-accessoires-pour-patins-a-roulettes","7":"product_cat-patins-a-roulettes","8":"product_cat-platines","9":"desktop-align-center","10":"tablet-align-center","11":"mobile-align-center","12":"ast-product-gallery-layout-horizontal","13":"ast-product-single-variable","14":"ast-product-tabs-layout-horizontal","15":"ast-qv-on-image","17":"first","18":"instock","19":"taxable","20":"shipping-taxable","21":"purchasable","22":"product-type-variable"},"bundled_by":[],"bundle_stock_status":"instock","bundle_stock_quantity":null,"bundle_virtual":false,"bundle_layout":"","bundle_add_to_cart_form_location":"","bundle_editable_in_cart":false,"bundle_sold_individually_context":"","bundle_item_grouping":"","bundle_min_size":"","bundle_max_size":"","bundle_price":[],"bundled_items":[],"bundle_sell_ids":[],"yoast_head":"<!-- This site is optimized with the Yoast SEO plugin v27.4 - https:\/\/yoast.com\/product\/yoast-seo-wordpress\/ -->\n<title>Bloc de broyage DISCOBLOX Bandit - Xact Skate Shop<\/title>\n<meta name=\"robots\" content=\"index, follow, max-snippet:-1, max-image-preview:large, max-video-preview:-1\" \/>\n<link rel=\"canonical\" href=\"https:\/\/xactskateshop.com\/fr\/produit\/bloc-de-broyage-discoblox-bandit\/\" \/>\n<meta property=\"og:locale\" content=\"fr_FR\" \/>\n<meta property=\"og:type\" content=\"article\" \/>\n<meta property=\"og:title\" content=\"Bloc de broyage DISCOBLOX Bandit - Xact Skate Shop\" \/>\n<meta property=\"og:description\" content=\"Disco Grind Blox. Surface lisse pour une grande glisse et c\u00f4t\u00e9s biseaut\u00e9s pour toutes les figures.\" \/>\n<meta property=\"og:url\" content=\"https:\/\/xactskateshop.com\/fr\/produit\/bloc-de-broyage-discoblox-bandit\/\" \/>\n<meta property=\"og:site_name\" content=\"Xact Skate Shop\" \/>\n<meta property=\"article:publisher\" content=\"https:\/\/www.facebook.com\/JeanLouiskateshop\" \/>\n<meta property=\"og:image\" content=\"https:\/\/xactskateshop.com\/wp-content\/uploads\/2021\/07\/Discoblox-bandit-black.jpg\" \/>\n\t<meta property=\"og:image:width\" content=\"1000\" \/>\n\t<meta property=\"og:image:height\" content=\"1000\" \/>\n\t<meta property=\"og:image:type\" content=\"image\/jpeg\" \/>\n<meta name=\"twitter:card\" content=\"summary_large_image\" \/>\n<meta name=\"twitter:label1\" content=\"Dur\u00e9e de lecture estim\u00e9e\" \/>\n\t<meta name=\"twitter:data1\" content=\"1 minute\" \/>\n<script type=\"application\/ld+json\" class=\"yoast-schema-graph\">{\"@context\":\"https:\\\/\\\/schema.org\",\"@graph\":[{\"@type\":\"WebPage\",\"@id\":\"https:\\\/\\\/xactskateshop.com\\\/fr\\\/produit\\\/bloc-de-broyage-discoblox-bandit\\\/\",\"url\":\"https:\\\/\\\/xactskateshop.com\\\/fr\\\/produit\\\/bloc-de-broyage-discoblox-bandit\\\/\",\"name\":\"Bloc de broyage DISCOBLOX Bandit - Xact Skate Shop\",\"isPartOf\":{\"@id\":\"http:\\\/\\\/xactskateshop.com\\\/fr\\\/#website\"},\"primaryImageOfPage\":{\"@id\":\"https:\\\/\\\/xactskateshop.com\\\/fr\\\/produit\\\/bloc-de-broyage-discoblox-bandit\\\/#primaryimage\"},\"image\":{\"@id\":\"https:\\\/\\\/xactskateshop.com\\\/fr\\\/produit\\\/bloc-de-broyage-discoblox-bandit\\\/#primaryimage\"},\"thumbnailUrl\":\"https:\\\/\\\/xactskateshop.com\\\/wp-content\\\/uploads\\\/2021\\\/07\\\/Discoblox-bandit-black.jpg\",\"datePublished\":\"2021-03-27T18:55:53+00:00\",\"breadcrumb\":{\"@id\":\"https:\\\/\\\/xactskateshop.com\\\/fr\\\/produit\\\/bloc-de-broyage-discoblox-bandit\\\/#breadcrumb\"},\"inLanguage\":\"fr-FR\",\"potentialAction\":[{\"@type\":\"ReadAction\",\"target\":[\"https:\\\/\\\/xactskateshop.com\\\/fr\\\/produit\\\/bloc-de-broyage-discoblox-bandit\\\/\"]}]},{\"@type\":\"ImageObject\",\"inLanguage\":\"fr-FR\",\"@id\":\"https:\\\/\\\/xactskateshop.com\\\/fr\\\/produit\\\/bloc-de-broyage-discoblox-bandit\\\/#primaryimage\",\"url\":\"https:\\\/\\\/xactskateshop.com\\\/wp-content\\\/uploads\\\/2021\\\/07\\\/Discoblox-bandit-black.jpg\",\"contentUrl\":\"https:\\\/\\\/xactskateshop.com\\\/wp-content\\\/uploads\\\/2021\\\/07\\\/Discoblox-bandit-black.jpg\",\"width\":1000,\"height\":1000},{\"@type\":\"BreadcrumbList\",\"@id\":\"https:\\\/\\\/xactskateshop.com\\\/fr\\\/produit\\\/bloc-de-broyage-discoblox-bandit\\\/#breadcrumb\",\"itemListElement\":[{\"@type\":\"ListItem\",\"position\":1,\"name\":\"Home\",\"item\":\"https:\\\/\\\/xactskateshop.com\\\/fr\\\/accueil\\\/\"},{\"@type\":\"ListItem\",\"position\":2,\"name\":\"Boutique\",\"item\":\"https:\\\/\\\/xactskateshop.com\\\/shop\\\/\"},{\"@type\":\"ListItem\",\"position\":3,\"name\":\"Bloc de broyage DISCOBLOX Bandit\"}]},{\"@type\":\"WebSite\",\"@id\":\"http:\\\/\\\/xactskateshop.com\\\/fr\\\/#website\",\"url\":\"http:\\\/\\\/xactskateshop.com\\\/fr\\\/\",\"name\":\"Xact Skate Shop\",\"description\":\"Un site utilisant WordPress\",\"publisher\":{\"@id\":\"http:\\\/\\\/xactskateshop.com\\\/fr\\\/#organization\"},\"potentialAction\":[{\"@type\":\"SearchAction\",\"target\":{\"@type\":\"EntryPoint\",\"urlTemplate\":\"http:\\\/\\\/xactskateshop.com\\\/fr\\\/?s={search_term_string}\"},\"query-input\":{\"@type\":\"PropertyValueSpecification\",\"valueRequired\":true,\"valueName\":\"search_term_string\"}}],\"inLanguage\":\"fr-FR\"},{\"@type\":\"Organization\",\"@id\":\"http:\\\/\\\/xactskateshop.com\\\/fr\\\/#organization\",\"name\":\"XACT Skate Shop\",\"url\":\"http:\\\/\\\/xactskateshop.com\\\/fr\\\/\",\"logo\":{\"@type\":\"ImageObject\",\"inLanguage\":\"fr-FR\",\"@id\":\"http:\\\/\\\/xactskateshop.com\\\/fr\\\/#\\\/schema\\\/logo\\\/image\\\/\",\"url\":\"http:\\\/\\\/xactskateshop.com\\\/wp-content\\\/uploads\\\/2024\\\/04\\\/xactskateshop-dot-com-avec-contour-noir-sans-fond-675x.jpg\",\"contentUrl\":\"http:\\\/\\\/xactskateshop.com\\\/wp-content\\\/uploads\\\/2024\\\/04\\\/xactskateshop-dot-com-avec-contour-noir-sans-fond-675x.jpg\",\"width\":675,\"height\":247,\"caption\":\"XACT Skate Shop\"},\"image\":{\"@id\":\"http:\\\/\\\/xactskateshop.com\\\/fr\\\/#\\\/schema\\\/logo\\\/image\\\/\"},\"sameAs\":[\"https:\\\/\\\/www.facebook.com\\\/JeanLouiskateshop\"]}]}<\/script>\n<!-- \/ Yoast SEO plugin. -->","yoast_head_json":{"title":"Bloc de broyage DISCOBLOX Bandit - Xact Skate Shop","robots":{"index":"index","follow":"follow","max-snippet":"max-snippet:-1","max-image-preview":"max-image-preview:large","max-video-preview":"max-video-preview:-1"},"canonical":"https:\/\/xactskateshop.com\/fr\/produit\/bloc-de-broyage-discoblox-bandit\/","og_locale":"fr_FR","og_type":"article","og_title":"Bloc de broyage DISCOBLOX Bandit - Xact Skate Shop","og_description":"Disco Grind Blox. Surface lisse pour une grande glisse et c\u00f4t\u00e9s biseaut\u00e9s pour toutes les figures.","og_url":"https:\/\/xactskateshop.com\/fr\/produit\/bloc-de-broyage-discoblox-bandit\/","og_site_name":"Xact Skate Shop","article_publisher":"https:\/\/www.facebook.com\/JeanLouiskateshop","og_image":[{"width":1000,"height":1000,"url":"https:\/\/xactskateshop.com\/wp-content\/uploads\/2021\/07\/Discoblox-bandit-black.jpg","type":"image\/jpeg"}],"twitter_card":"summary_large_image","twitter_misc":{"Dur\u00e9e de lecture estim\u00e9e":"1 minute"},"schema":{"@context":"https:\/\/schema.org","@graph":[{"@type":"WebPage","@id":"https:\/\/xactskateshop.com\/fr\/produit\/bloc-de-broyage-discoblox-bandit\/","url":"https:\/\/xactskateshop.com\/fr\/produit\/bloc-de-broyage-discoblox-bandit\/","name":"Bloc de broyage DISCOBLOX Bandit - Xact Skate Shop","isPartOf":{"@id":"http:\/\/xactskateshop.com\/fr\/#website"},"primaryImageOfPage":{"@id":"https:\/\/xactskateshop.com\/fr\/produit\/bloc-de-broyage-discoblox-bandit\/#primaryimage"},"image":{"@id":"https:\/\/xactskateshop.com\/fr\/produit\/bloc-de-broyage-discoblox-bandit\/#primaryimage"},"thumbnailUrl":"https:\/\/xactskateshop.com\/wp-content\/uploads\/2021\/07\/Discoblox-bandit-black.jpg","datePublished":"2021-03-27T18:55:53+00:00","breadcrumb":{"@id":"https:\/\/xactskateshop.com\/fr\/produit\/bloc-de-broyage-discoblox-bandit\/#breadcrumb"},"inLanguage":"fr-FR","potentialAction":[{"@type":"ReadAction","target":["https:\/\/xactskateshop.com\/fr\/produit\/bloc-de-broyage-discoblox-bandit\/"]}]},{"@type":"ImageObject","inLanguage":"fr-FR","@id":"https:\/\/xactskateshop.com\/fr\/produit\/bloc-de-broyage-discoblox-bandit\/#primaryimage","url":"https:\/\/xactskateshop.com\/wp-content\/uploads\/2021\/07\/Discoblox-bandit-black.jpg","contentUrl":"https:\/\/xactskateshop.com\/wp-content\/uploads\/2021\/07\/Discoblox-bandit-black.jpg","width":1000,"height":1000},{"@type":"BreadcrumbList","@id":"https:\/\/xactskateshop.com\/fr\/produit\/bloc-de-broyage-discoblox-bandit\/#breadcrumb","itemListElement":[{"@type":"ListItem","position":1,"name":"Home","item":"https:\/\/xactskateshop.com\/fr\/accueil\/"},{"@type":"ListItem","position":2,"name":"Boutique","item":"https:\/\/xactskateshop.com\/shop\/"},{"@type":"ListItem","position":3,"name":"Bloc de broyage DISCOBLOX Bandit"}]},{"@type":"WebSite","@id":"http:\/\/xactskateshop.com\/fr\/#website","url":"http:\/\/xactskateshop.com\/fr\/","name":"Xact Skate Shop","description":"Un site utilisant WordPress","publisher":{"@id":"http:\/\/xactskateshop.com\/fr\/#organization"},"potentialAction":[{"@type":"SearchAction","target":{"@type":"EntryPoint","urlTemplate":"http:\/\/xactskateshop.com\/fr\/?s={search_term_string}"},"query-input":{"@type":"PropertyValueSpecification","valueRequired":true,"valueName":"search_term_string"}}],"inLanguage":"fr-FR"},{"@type":"Organization","@id":"http:\/\/xactskateshop.com\/fr\/#organization","name":"XACT Skate Shop","url":"http:\/\/xactskateshop.com\/fr\/","logo":{"@type":"ImageObject","inLanguage":"fr-FR","@id":"http:\/\/xactskateshop.com\/fr\/#\/schema\/logo\/image\/","url":"http:\/\/xactskateshop.com\/wp-content\/uploads\/2024\/04\/xactskateshop-dot-com-avec-contour-noir-sans-fond-675x.jpg","contentUrl":"http:\/\/xactskateshop.com\/wp-content\/uploads\/2024\/04\/xactskateshop-dot-com-avec-contour-noir-sans-fond-675x.jpg","width":675,"height":247,"caption":"XACT Skate Shop"},"image":{"@id":"http:\/\/xactskateshop.com\/fr\/#\/schema\/logo\/image\/"},"sameAs":["https:\/\/www.facebook.com\/JeanLouiskateshop"]}]}},"_links":{"self":[{"href":"https:\/\/xactskateshop.com\/fr\/wp-json\/wp\/v2\/product\/58503","targetHints":{"allow":["GET"]}}],"collection":[{"href":"https:\/\/xactskateshop.com\/fr\/wp-json\/wp\/v2\/product"}],"about":[{"href":"https:\/\/xactskateshop.com\/fr\/wp-json\/wp\/v2\/types\/product"}],"replies":[{"embeddable":true,"href":"https:\/\/xactskateshop.com\/fr\/wp-json\/wp\/v2\/comments?post=58503"}],"wp:featuredmedia":[{"embeddable":true,"href":"https:\/\/xactskateshop.com\/fr\/wp-json\/wp\/v2\/media\/10077"}],"wp:attachment":[{"href":"https:\/\/xactskateshop.com\/fr\/wp-json\/wp\/v2\/media?parent=58503"}],"wp:term":[{"taxonomy":"product_brand","embeddable":true,"href":"https:\/\/xactskateshop.com\/fr\/wp-json\/wp\/v2\/product_brand?post=58503"},{"taxonomy":"product_cat","embeddable":true,"href":"https:\/\/xactskateshop.com\/fr\/wp-json\/wp\/v2\/product_cat?post=58503"},{"taxonomy":"product_tag","embeddable":true,"href":"https:\/\/xactskateshop.com\/fr\/wp-json\/wp\/v2\/product_tag?post=58503"}],"curies":[{"name":"wp","href":"https:\/\/api.w.org\/{rel}","templated":true}]}}