{"id":58498,"date":"2021-03-26T17:08:59","date_gmt":"2021-03-26T21:08:59","guid":{"rendered":"http:\/\/xactskateshop.com\/product\/s1-pro-genouilleres\/"},"modified":"2021-03-26T17:08:59","modified_gmt":"2021-03-26T21:08:59","slug":"s1-pro-genouilleres","status":"publish","type":"product","link":"https:\/\/xactskateshop.com\/fr\/produit\/s1-pro-genouilleres\/","title":{"rendered":"S1 PRO Genouill\u00e8res"},"content":{"rendered":"<h2>Description<\/h2>\n<p>La genouill\u00e8re Gen 4 S1 Pro a \u00e9t\u00e9 con\u00e7ue avec le souci du confort, de la durabilit\u00e9, de la stabilit\u00e9 et de la fonctionnalit\u00e9. Nous avons apport\u00e9 beaucoup de soin \u00e0 la conception et au d\u00e9veloppement de ce produit et nous sommes tr\u00e8s heureux de concr\u00e9tiser notre vision. Apr\u00e8s quatre ann\u00e9es de d\u00e9veloppement et des milliers d&#8217;heures de tests d&#8217;usure, nous sommes fiers de vous pr\u00e9senter la Gen 4 S1 Pro Knee Pad. La Gen 4 Pro Knee Pad est exactement la m\u00eame dans sa conception et sa fonction que les 3 premi\u00e8res g\u00e9n\u00e9rations, mais nous avons \u00e9largi et affin\u00e9 la taille en ajoutant des tailles suppl\u00e9mentaires pour un ajustement plus personnalis\u00e9.   <\/p>\n<p><strong>CARACT\u00c9RISTIQUES DE LA GENOUILL\u00c8RE S1 PRO :<\/strong><\/p>\n<ul>\n<li>Conception rationalis\u00e9e du coussin<\/li>\n<li>Nylon balistique de qualit\u00e9 militaire pour la durabilit\u00e9<\/li>\n<li>Genouill\u00e8re \u00e0 absorption d&#8217;impact avec mousse \u00e0 m\u00e9moire de forme pour un confort adapt\u00e9, une absorption des chocs et une stabilit\u00e9 \u00e0 l&#8217;impact.<\/li>\n<li>Construction \u00e0 triple piq\u00fbre pour une plus grande solidit\u00e9<\/li>\n<li>Rabats dorsaux papillon articul\u00e9s pour un ajustement s\u00fbr afin d&#8217;\u00e9viter les glissements et d&#8217;accro\u00eetre la mobilit\u00e9.<\/li>\n<li>Genouill\u00e8re en PC rempla\u00e7able \u00e0 haute abrasion avec une surface ultra plate pour la stabilit\u00e9.<\/li>\n<li>Bretelles sup\u00e9rieures \u00e0 r\u00e9glage verrouill\u00e9 de la longueur parfaite<\/li>\n<li><img decoding=\"async\" class=\"alignnone size-medium wp-image-7765\" src=\"http:\/\/xactskateshop.com\/wp-content\/uploads\/2021\/03\/size-chart-300x105.jpg\" alt=\"\" width=\"300\" height=\"105\" srcset=\"https:\/\/xactskateshop.com\/wp-content\/uploads\/2021\/03\/size-chart-300x105.jpg 300w, https:\/\/xactskateshop.com\/wp-content\/uploads\/2021\/03\/size-chart.jpg 751w\" sizes=\"(max-width: 300px) 100vw, 300px\" \/><\/li>\n<\/ul>\n","protected":false},"excerpt":{"rendered":"<p>La genouill\u00e8re Gen 4 S1 Pro a \u00e9t\u00e9 con\u00e7ue avec le souci du confort, de la durabilit\u00e9, de la stabilit\u00e9 et de la fonctionnalit\u00e9. Nous avons apport\u00e9 beaucoup de soin \u00e0 la conception et au d\u00e9veloppement de ce produit et nous sommes tr\u00e8s heureux de concr\u00e9tiser notre vision. Apr\u00e8s quatre ann\u00e9es de d\u00e9veloppement et des milliers d&#8217;heures de tests d&#8217;usure, nous sommes fiers de vous pr\u00e9senter la Gen 4 S1 Pro Knee Pad. La Gen 4 Pro Knee Pad est exactement la m\u00eame dans sa conception et sa fonction que les 3 premi\u00e8res g\u00e9n\u00e9rations, mais nous avons \u00e9largi et affin\u00e9 la taille en ajoutant des tailles suppl\u00e9mentaires pour un ajustement plus personnalis\u00e9.   <\/p>\n","protected":false},"featured_media":7737,"comment_status":"closed","ping_status":"closed","template":"","meta":{"site-sidebar-layout":"default","site-content-layout":"default","ast-site-content-layout":"default","site-content-style":"default","site-sidebar-style":"default","ast-global-header-display":"","ast-banner-title-visibility":"","ast-main-header-display":"","ast-hfb-above-header-display":"","ast-hfb-below-header-display":"","ast-hfb-mobile-header-display":"","site-post-title":"","ast-breadcrumbs-content":"","ast-featured-img":"","footer-sml-layout":"","theme-transparent-header-meta":"default","adv-header-id-meta":"","stick-header-meta":"","header-above-stick-meta":"","header-main-stick-meta":"","header-below-stick-meta":"","astra-migrate-meta-layouts":"default","ast-page-background-enabled":"default","ast-page-background-meta":{"desktop":{"background-color":"","background-image":"","background-repeat":"repeat","background-position":"center center","background-size":"auto","background-attachment":"scroll","background-type":"","background-media":"","overlay-type":"","overlay-color":"","overlay-opacity":"","overlay-gradient":""},"tablet":{"background-color":"","background-image":"","background-repeat":"repeat","background-position":"center center","background-size":"auto","background-attachment":"scroll","background-type":"","background-media":"","overlay-type":"","overlay-color":"","overlay-opacity":"","overlay-gradient":""},"mobile":{"background-color":"","background-image":"","background-repeat":"repeat","background-position":"center center","background-size":"auto","background-attachment":"scroll","background-type":"","background-media":"","overlay-type":"","overlay-color":"","overlay-opacity":"","overlay-gradient":""}},"ast-content-background-meta":{"desktop":{"background-color":"var(--ast-global-color-5)","background-image":"","background-repeat":"repeat","background-position":"center center","background-size":"auto","background-attachment":"scroll","background-type":"","background-media":"","overlay-type":"","overlay-color":"","overlay-opacity":"","overlay-gradient":""},"tablet":{"background-color":"var(--ast-global-color-5)","background-image":"","background-repeat":"repeat","background-position":"center center","background-size":"auto","background-attachment":"scroll","background-type":"","background-media":"","overlay-type":"","overlay-color":"","overlay-opacity":"","overlay-gradient":""},"mobile":{"background-color":"var(--ast-global-color-5)","background-image":"","background-repeat":"repeat","background-position":"center center","background-size":"auto","background-attachment":"scroll","background-type":"","background-media":"","overlay-type":"","overlay-color":"","overlay-opacity":"","overlay-gradient":""}}},"product_brand":[],"product_cat":[1652,1755],"product_tag":[],"class_list":{"0":"post-58498","1":"product","2":"type-product","3":"status-publish","4":"has-post-thumbnail","6":"product_cat-patins-a-roulettes","7":"product_cat-protection-patins-a-roulettes","8":"desktop-align-center","9":"tablet-align-center","10":"mobile-align-center","11":"ast-product-gallery-layout-horizontal","12":"ast-product-single-variable","13":"ast-product-tabs-layout-horizontal","14":"ast-qv-on-image","16":"first","17":"instock","18":"taxable","19":"shipping-taxable","20":"purchasable","21":"product-type-variable"},"bundled_by":[],"bundle_stock_status":"instock","bundle_stock_quantity":null,"bundle_virtual":false,"bundle_layout":"","bundle_add_to_cart_form_location":"","bundle_editable_in_cart":false,"bundle_sold_individually_context":"","bundle_item_grouping":"","bundle_min_size":"","bundle_max_size":"","bundle_price":[],"bundled_items":[],"bundle_sell_ids":[],"yoast_head":"<!-- This site is optimized with the Yoast SEO plugin v27.4 - https:\/\/yoast.com\/product\/yoast-seo-wordpress\/ -->\n<title>S1 PRO Genouill\u00e8res - Xact Skate Shop<\/title>\n<meta name=\"description\" content=\"Le Gen 4 S1 Pro Knee Pad a \u00e9t\u00e9 con\u00e7u avec le souci du confort, de la durabilit\u00e9, de la stabilit\u00e9 et de la fonction. Achetez la v\u00f4tre ici !\" \/>\n<meta name=\"robots\" content=\"index, follow, max-snippet:-1, max-image-preview:large, max-video-preview:-1\" \/>\n<link rel=\"canonical\" href=\"https:\/\/xactskateshop.com\/fr\/produit\/s1-pro-genouilleres\/\" \/>\n<meta property=\"og:locale\" content=\"fr_FR\" \/>\n<meta property=\"og:type\" content=\"article\" \/>\n<meta property=\"og:title\" content=\"S1 PRO Genouill\u00e8res - Xact Skate Shop\" \/>\n<meta property=\"og:description\" content=\"Le Gen 4 S1 Pro Knee Pad a \u00e9t\u00e9 con\u00e7u avec le souci du confort, de la durabilit\u00e9, de la stabilit\u00e9 et de la fonction. Achetez la v\u00f4tre ici !\" \/>\n<meta property=\"og:url\" content=\"https:\/\/xactskateshop.com\/fr\/produit\/s1-pro-genouilleres\/\" \/>\n<meta property=\"og:site_name\" content=\"Xact Skate Shop\" \/>\n<meta property=\"article:publisher\" content=\"https:\/\/www.facebook.com\/JeanLouiskateshop\" \/>\n<meta property=\"og:image\" content=\"https:\/\/xactskateshop.com\/wp-content\/uploads\/2021\/03\/black-side.jpg\" \/>\n\t<meta property=\"og:image:width\" content=\"1000\" \/>\n\t<meta property=\"og:image:height\" content=\"1000\" \/>\n\t<meta property=\"og:image:type\" content=\"image\/jpeg\" \/>\n<meta name=\"twitter:card\" content=\"summary_large_image\" \/>\n<meta name=\"twitter:label1\" content=\"Dur\u00e9e de lecture estim\u00e9e\" \/>\n\t<meta name=\"twitter:data1\" content=\"1 minute\" \/>\n<script type=\"application\/ld+json\" class=\"yoast-schema-graph\">{\"@context\":\"https:\\\/\\\/schema.org\",\"@graph\":[{\"@type\":\"WebPage\",\"@id\":\"https:\\\/\\\/xactskateshop.com\\\/fr\\\/produit\\\/s1-pro-genouilleres\\\/\",\"url\":\"https:\\\/\\\/xactskateshop.com\\\/fr\\\/produit\\\/s1-pro-genouilleres\\\/\",\"name\":\"S1 PRO Genouill\u00e8res - Xact Skate Shop\",\"isPartOf\":{\"@id\":\"http:\\\/\\\/xactskateshop.com\\\/fr\\\/#website\"},\"primaryImageOfPage\":{\"@id\":\"https:\\\/\\\/xactskateshop.com\\\/fr\\\/produit\\\/s1-pro-genouilleres\\\/#primaryimage\"},\"image\":{\"@id\":\"https:\\\/\\\/xactskateshop.com\\\/fr\\\/produit\\\/s1-pro-genouilleres\\\/#primaryimage\"},\"thumbnailUrl\":\"https:\\\/\\\/xactskateshop.com\\\/wp-content\\\/uploads\\\/2021\\\/03\\\/black-side.jpg\",\"datePublished\":\"2021-03-26T21:08:59+00:00\",\"description\":\"Le Gen 4 S1 Pro Knee Pad a \u00e9t\u00e9 con\u00e7u avec le souci du confort, de la durabilit\u00e9, de la stabilit\u00e9 et de la fonction. Achetez la v\u00f4tre ici !\",\"breadcrumb\":{\"@id\":\"https:\\\/\\\/xactskateshop.com\\\/fr\\\/produit\\\/s1-pro-genouilleres\\\/#breadcrumb\"},\"inLanguage\":\"fr-FR\",\"potentialAction\":[{\"@type\":\"ReadAction\",\"target\":[\"https:\\\/\\\/xactskateshop.com\\\/fr\\\/produit\\\/s1-pro-genouilleres\\\/\"]}]},{\"@type\":\"ImageObject\",\"inLanguage\":\"fr-FR\",\"@id\":\"https:\\\/\\\/xactskateshop.com\\\/fr\\\/produit\\\/s1-pro-genouilleres\\\/#primaryimage\",\"url\":\"https:\\\/\\\/xactskateshop.com\\\/wp-content\\\/uploads\\\/2021\\\/03\\\/black-side.jpg\",\"contentUrl\":\"https:\\\/\\\/xactskateshop.com\\\/wp-content\\\/uploads\\\/2021\\\/03\\\/black-side.jpg\",\"width\":1000,\"height\":1000},{\"@type\":\"BreadcrumbList\",\"@id\":\"https:\\\/\\\/xactskateshop.com\\\/fr\\\/produit\\\/s1-pro-genouilleres\\\/#breadcrumb\",\"itemListElement\":[{\"@type\":\"ListItem\",\"position\":1,\"name\":\"Home\",\"item\":\"https:\\\/\\\/xactskateshop.com\\\/fr\\\/accueil\\\/\"},{\"@type\":\"ListItem\",\"position\":2,\"name\":\"Boutique\",\"item\":\"https:\\\/\\\/xactskateshop.com\\\/shop\\\/\"},{\"@type\":\"ListItem\",\"position\":3,\"name\":\"S1 PRO Genouill\u00e8res\"}]},{\"@type\":\"WebSite\",\"@id\":\"http:\\\/\\\/xactskateshop.com\\\/fr\\\/#website\",\"url\":\"http:\\\/\\\/xactskateshop.com\\\/fr\\\/\",\"name\":\"Xact Skate Shop\",\"description\":\"Un site utilisant WordPress\",\"publisher\":{\"@id\":\"http:\\\/\\\/xactskateshop.com\\\/fr\\\/#organization\"},\"potentialAction\":[{\"@type\":\"SearchAction\",\"target\":{\"@type\":\"EntryPoint\",\"urlTemplate\":\"http:\\\/\\\/xactskateshop.com\\\/fr\\\/?s={search_term_string}\"},\"query-input\":{\"@type\":\"PropertyValueSpecification\",\"valueRequired\":true,\"valueName\":\"search_term_string\"}}],\"inLanguage\":\"fr-FR\"},{\"@type\":\"Organization\",\"@id\":\"http:\\\/\\\/xactskateshop.com\\\/fr\\\/#organization\",\"name\":\"XACT Skate Shop\",\"url\":\"http:\\\/\\\/xactskateshop.com\\\/fr\\\/\",\"logo\":{\"@type\":\"ImageObject\",\"inLanguage\":\"fr-FR\",\"@id\":\"http:\\\/\\\/xactskateshop.com\\\/fr\\\/#\\\/schema\\\/logo\\\/image\\\/\",\"url\":\"http:\\\/\\\/xactskateshop.com\\\/wp-content\\\/uploads\\\/2024\\\/04\\\/xactskateshop-dot-com-avec-contour-noir-sans-fond-675x.jpg\",\"contentUrl\":\"http:\\\/\\\/xactskateshop.com\\\/wp-content\\\/uploads\\\/2024\\\/04\\\/xactskateshop-dot-com-avec-contour-noir-sans-fond-675x.jpg\",\"width\":675,\"height\":247,\"caption\":\"XACT Skate Shop\"},\"image\":{\"@id\":\"http:\\\/\\\/xactskateshop.com\\\/fr\\\/#\\\/schema\\\/logo\\\/image\\\/\"},\"sameAs\":[\"https:\\\/\\\/www.facebook.com\\\/JeanLouiskateshop\"]}]}<\/script>\n<!-- \/ Yoast SEO plugin. -->","yoast_head_json":{"title":"S1 PRO Genouill\u00e8res - Xact Skate Shop","description":"Le Gen 4 S1 Pro Knee Pad a \u00e9t\u00e9 con\u00e7u avec le souci du confort, de la durabilit\u00e9, de la stabilit\u00e9 et de la fonction. Achetez la v\u00f4tre ici !","robots":{"index":"index","follow":"follow","max-snippet":"max-snippet:-1","max-image-preview":"max-image-preview:large","max-video-preview":"max-video-preview:-1"},"canonical":"https:\/\/xactskateshop.com\/fr\/produit\/s1-pro-genouilleres\/","og_locale":"fr_FR","og_type":"article","og_title":"S1 PRO Genouill\u00e8res - Xact Skate Shop","og_description":"Le Gen 4 S1 Pro Knee Pad a \u00e9t\u00e9 con\u00e7u avec le souci du confort, de la durabilit\u00e9, de la stabilit\u00e9 et de la fonction. Achetez la v\u00f4tre ici !","og_url":"https:\/\/xactskateshop.com\/fr\/produit\/s1-pro-genouilleres\/","og_site_name":"Xact Skate Shop","article_publisher":"https:\/\/www.facebook.com\/JeanLouiskateshop","og_image":[{"width":1000,"height":1000,"url":"https:\/\/xactskateshop.com\/wp-content\/uploads\/2021\/03\/black-side.jpg","type":"image\/jpeg"}],"twitter_card":"summary_large_image","twitter_misc":{"Dur\u00e9e de lecture estim\u00e9e":"1 minute"},"schema":{"@context":"https:\/\/schema.org","@graph":[{"@type":"WebPage","@id":"https:\/\/xactskateshop.com\/fr\/produit\/s1-pro-genouilleres\/","url":"https:\/\/xactskateshop.com\/fr\/produit\/s1-pro-genouilleres\/","name":"S1 PRO Genouill\u00e8res - Xact Skate Shop","isPartOf":{"@id":"http:\/\/xactskateshop.com\/fr\/#website"},"primaryImageOfPage":{"@id":"https:\/\/xactskateshop.com\/fr\/produit\/s1-pro-genouilleres\/#primaryimage"},"image":{"@id":"https:\/\/xactskateshop.com\/fr\/produit\/s1-pro-genouilleres\/#primaryimage"},"thumbnailUrl":"https:\/\/xactskateshop.com\/wp-content\/uploads\/2021\/03\/black-side.jpg","datePublished":"2021-03-26T21:08:59+00:00","description":"Le Gen 4 S1 Pro Knee Pad a \u00e9t\u00e9 con\u00e7u avec le souci du confort, de la durabilit\u00e9, de la stabilit\u00e9 et de la fonction. Achetez la v\u00f4tre ici !","breadcrumb":{"@id":"https:\/\/xactskateshop.com\/fr\/produit\/s1-pro-genouilleres\/#breadcrumb"},"inLanguage":"fr-FR","potentialAction":[{"@type":"ReadAction","target":["https:\/\/xactskateshop.com\/fr\/produit\/s1-pro-genouilleres\/"]}]},{"@type":"ImageObject","inLanguage":"fr-FR","@id":"https:\/\/xactskateshop.com\/fr\/produit\/s1-pro-genouilleres\/#primaryimage","url":"https:\/\/xactskateshop.com\/wp-content\/uploads\/2021\/03\/black-side.jpg","contentUrl":"https:\/\/xactskateshop.com\/wp-content\/uploads\/2021\/03\/black-side.jpg","width":1000,"height":1000},{"@type":"BreadcrumbList","@id":"https:\/\/xactskateshop.com\/fr\/produit\/s1-pro-genouilleres\/#breadcrumb","itemListElement":[{"@type":"ListItem","position":1,"name":"Home","item":"https:\/\/xactskateshop.com\/fr\/accueil\/"},{"@type":"ListItem","position":2,"name":"Boutique","item":"https:\/\/xactskateshop.com\/shop\/"},{"@type":"ListItem","position":3,"name":"S1 PRO Genouill\u00e8res"}]},{"@type":"WebSite","@id":"http:\/\/xactskateshop.com\/fr\/#website","url":"http:\/\/xactskateshop.com\/fr\/","name":"Xact Skate Shop","description":"Un site utilisant WordPress","publisher":{"@id":"http:\/\/xactskateshop.com\/fr\/#organization"},"potentialAction":[{"@type":"SearchAction","target":{"@type":"EntryPoint","urlTemplate":"http:\/\/xactskateshop.com\/fr\/?s={search_term_string}"},"query-input":{"@type":"PropertyValueSpecification","valueRequired":true,"valueName":"search_term_string"}}],"inLanguage":"fr-FR"},{"@type":"Organization","@id":"http:\/\/xactskateshop.com\/fr\/#organization","name":"XACT Skate Shop","url":"http:\/\/xactskateshop.com\/fr\/","logo":{"@type":"ImageObject","inLanguage":"fr-FR","@id":"http:\/\/xactskateshop.com\/fr\/#\/schema\/logo\/image\/","url":"http:\/\/xactskateshop.com\/wp-content\/uploads\/2024\/04\/xactskateshop-dot-com-avec-contour-noir-sans-fond-675x.jpg","contentUrl":"http:\/\/xactskateshop.com\/wp-content\/uploads\/2024\/04\/xactskateshop-dot-com-avec-contour-noir-sans-fond-675x.jpg","width":675,"height":247,"caption":"XACT Skate Shop"},"image":{"@id":"http:\/\/xactskateshop.com\/fr\/#\/schema\/logo\/image\/"},"sameAs":["https:\/\/www.facebook.com\/JeanLouiskateshop"]}]}},"_links":{"self":[{"href":"https:\/\/xactskateshop.com\/fr\/wp-json\/wp\/v2\/product\/58498","targetHints":{"allow":["GET"]}}],"collection":[{"href":"https:\/\/xactskateshop.com\/fr\/wp-json\/wp\/v2\/product"}],"about":[{"href":"https:\/\/xactskateshop.com\/fr\/wp-json\/wp\/v2\/types\/product"}],"replies":[{"embeddable":true,"href":"https:\/\/xactskateshop.com\/fr\/wp-json\/wp\/v2\/comments?post=58498"}],"wp:featuredmedia":[{"embeddable":true,"href":"https:\/\/xactskateshop.com\/fr\/wp-json\/wp\/v2\/media\/7737"}],"wp:attachment":[{"href":"https:\/\/xactskateshop.com\/fr\/wp-json\/wp\/v2\/media?parent=58498"}],"wp:term":[{"taxonomy":"product_brand","embeddable":true,"href":"https:\/\/xactskateshop.com\/fr\/wp-json\/wp\/v2\/product_brand?post=58498"},{"taxonomy":"product_cat","embeddable":true,"href":"https:\/\/xactskateshop.com\/fr\/wp-json\/wp\/v2\/product_cat?post=58498"},{"taxonomy":"product_tag","embeddable":true,"href":"https:\/\/xactskateshop.com\/fr\/wp-json\/wp\/v2\/product_tag?post=58498"}],"curies":[{"name":"wp","href":"https:\/\/api.w.org\/{rel}","templated":true}]}}