{"id":58474,"date":"2021-03-26T15:29:39","date_gmt":"2021-03-26T19:29:39","guid":{"rendered":"http:\/\/xactskateshop.com\/product\/bont-semi-race-2pf-elemental\/"},"modified":"2021-03-26T15:29:39","modified_gmt":"2021-03-26T19:29:39","slug":"bont-semi-race-2pf-elemental","status":"publish","type":"product","link":"https:\/\/xactskateshop.com\/fr\/produit\/bont-semi-race-2pf-elemental\/","title":{"rendered":"BONT SEMI-RACE 2PF ELEMENTAL"},"content":{"rendered":"<p><em><strong>Patins \u00e0 4 roues Semi-Race Inline 110mm.<\/strong><\/em><\/p>\n<p>Le Bont Semi-Race est destin\u00e9 aux patineurs en ligne qui veulent le confort d&#8217;un trainer avec la performance d&#8217;un patin de vitesse. Le patin utilise la c\u00e9l\u00e8bre construction monobloc de Bont et est construit autour d&#8217;une forme qui a \u00e9t\u00e9 modifi\u00e9e et am\u00e9lior\u00e9e pendant plus de 40 ans par M. Inze Bont. La chaussure est livr\u00e9e avec une languette thermoformable et incorpore notre technologie super mold qui la rend extr\u00eamement thermoformable. La languette est moul\u00e9e par injection en EVA thermoformable, tout comme l&#8217;assise plantaire. La chaussure est beaucoup plus rigide que d&#8217;autres patins sur le march\u00e9 de l&#8217;entra\u00eenement et la rigidit\u00e9 vient de l&#8217;int\u00e9rieur, il n&#8217;y a donc pas besoin d&#8217;une armature externe pour donner de la rigidit\u00e9 \u00e0 la chaussure. Ce patin peut \u00eatre am\u00e9lior\u00e9 pour utiliser les roues Bont 110mm Red magic, les roues inline les plus performantes au championnat du monde inline de ces 10 derni\u00e8res ann\u00e9es. Il peut \u00e9galement \u00eatre \u00e9quip\u00e9 de roues MPC storm surge, les meilleures roues 110mm pour temps humide. Pour un patinage encore plus rapide, am\u00e9liorez vos patins semi race 110mm avec les roulements Bont Black series ou les roulements Bont ceramic skate.       <\/p>\n<p class=\"detail-desc-decorate-title\"><strong>Caract\u00e9ristiques<\/strong><\/p>\n<ul class=\"features\">\n<li><strong>Base :<\/strong> Composite de carbone<\/li>\n<li><strong>Rev\u00eatement ext\u00e9rieur :<\/strong> Microfibre<\/li>\n<li><strong>Doublure : <\/strong>Microfibre<\/li>\n<li><strong>Pas :<\/strong> 12mm<\/li>\n<li><strong>Ouvertures d&#8217;a\u00e9ration :<\/strong> Dessus des orteils et languette<\/li>\n<li><strong>Semelle int\u00e9rieure :<\/strong> EVA thermo-moulable<\/li>\n<li><strong>Thermoformable :<\/strong> Base enti\u00e8rement thermoformable utilisant une r\u00e9sine \u00e9poxy thermodurcissable.<\/li>\n<li><strong>Rembourrage :<\/strong> Mousse \u00e0 m\u00e9moire de forme<\/li>\n<li><strong>Protection :<\/strong> pare-chocs avant en caoutchouc (bleu\/noir), protection des orteils en TPU (blanc\/noir ou noir)<\/li>\n<li><strong>V\u00e9g\u00e9talien :<\/strong> Oui<\/li>\n<li><strong>Le paquet comprend :<\/strong> Bottes, cadres, roues, roulements, entretoises, roulements, boulons de montage et lacets.<\/li>\n<\/ul>\n","protected":false},"excerpt":{"rendered":"<p class=\"detail-desc-decorate-title\">Le Bont Semi-Race est destin\u00e9 aux patineurs en ligne qui veulent le confort d&#8217;un trainer avec la performance d&#8217;un patin de vitesse. Le patin utilise la c\u00e9l\u00e8bre construction monobloc de Bont et est construit autour d&#8217;une forme qui a \u00e9t\u00e9 modifi\u00e9e et am\u00e9lior\u00e9e pendant plus de 40 ans par M. Inze Bont. La chaussure est livr\u00e9e avec une languette thermoformable et incorpore notre technologie super mold qui la rend extr\u00eamement thermoformable. La languette est moul\u00e9e par injection en EVA thermoformable, tout comme l&#8217;assise plantaire. La chaussure est beaucoup plus rigide que d&#8217;autres patins sur le march\u00e9 de l&#8217;entra\u00eenement et la rigidit\u00e9 vient de l&#8217;int\u00e9rieur, il n&#8217;y a donc pas besoin d&#8217;une armature externe pour donner de la rigidit\u00e9 \u00e0 la chaussure. Ce patin peut \u00eatre am\u00e9lior\u00e9 pour utiliser les roues Bont 110mm Red magic, les roues inline les plus performantes au championnat du monde inline de ces 10 derni\u00e8res ann\u00e9es. Il peut \u00e9galement \u00eatre \u00e9quip\u00e9 de roues MPC storm surge, les meilleures roues 110mm pour temps humide. Pour un patinage encore plus rapide, am\u00e9liorez vos patins semi race 110mm avec les roulements Bont Black series ou les roulements Bont ceramic skate.       <\/p>\n<p>&nbsp;<\/p>\n","protected":false},"featured_media":7700,"comment_status":"closed","ping_status":"closed","template":"","meta":{"site-sidebar-layout":"default","site-content-layout":"default","ast-site-content-layout":"default","site-content-style":"default","site-sidebar-style":"default","ast-global-header-display":"","ast-banner-title-visibility":"","ast-main-header-display":"","ast-hfb-above-header-display":"","ast-hfb-below-header-display":"","ast-hfb-mobile-header-display":"","site-post-title":"","ast-breadcrumbs-content":"","ast-featured-img":"","footer-sml-layout":"","theme-transparent-header-meta":"default","adv-header-id-meta":"","stick-header-meta":"","header-above-stick-meta":"","header-main-stick-meta":"","header-below-stick-meta":"","astra-migrate-meta-layouts":"default","ast-page-background-enabled":"default","ast-page-background-meta":{"desktop":{"background-color":"","background-image":"","background-repeat":"repeat","background-position":"center center","background-size":"auto","background-attachment":"scroll","background-type":"","background-media":"","overlay-type":"","overlay-color":"","overlay-opacity":"","overlay-gradient":""},"tablet":{"background-color":"","background-image":"","background-repeat":"repeat","background-position":"center center","background-size":"auto","background-attachment":"scroll","background-type":"","background-media":"","overlay-type":"","overlay-color":"","overlay-opacity":"","overlay-gradient":""},"mobile":{"background-color":"","background-image":"","background-repeat":"repeat","background-position":"center center","background-size":"auto","background-attachment":"scroll","background-type":"","background-media":"","overlay-type":"","overlay-color":"","overlay-opacity":"","overlay-gradient":""}},"ast-content-background-meta":{"desktop":{"background-color":"var(--ast-global-color-5)","background-image":"","background-repeat":"repeat","background-position":"center center","background-size":"auto","background-attachment":"scroll","background-type":"","background-media":"","overlay-type":"","overlay-color":"","overlay-opacity":"","overlay-gradient":""},"tablet":{"background-color":"var(--ast-global-color-5)","background-image":"","background-repeat":"repeat","background-position":"center center","background-size":"auto","background-attachment":"scroll","background-type":"","background-media":"","overlay-type":"","overlay-color":"","overlay-opacity":"","overlay-gradient":""},"mobile":{"background-color":"var(--ast-global-color-5)","background-image":"","background-repeat":"repeat","background-position":"center center","background-size":"auto","background-attachment":"scroll","background-type":"","background-media":"","overlay-type":"","overlay-color":"","overlay-opacity":"","overlay-gradient":""}}},"product_brand":[],"product_cat":[1728,1589],"product_tag":[2162,1396,2163],"class_list":{"0":"post-58474","1":"product","2":"type-product","3":"status-publish","4":"has-post-thumbnail","6":"product_cat-ensembles-de-patinage-a-roues-alignees","7":"product_cat-patinage-de-vitesse-a-roues-alignees","8":"product_tag-bont-en-ligne","9":"product_tag-bont-skates-fr","10":"product_tag-demi-course","11":"desktop-align-center","12":"tablet-align-center","13":"mobile-align-center","14":"ast-product-gallery-layout-horizontal","15":"ast-product-single-variable","16":"ast-product-tabs-layout-horizontal","17":"ast-qv-on-image","19":"first","20":"instock","21":"taxable","22":"shipping-taxable","23":"purchasable","24":"product-type-variable"},"bundled_by":[],"bundle_stock_status":"instock","bundle_stock_quantity":null,"bundle_virtual":false,"bundle_layout":"","bundle_add_to_cart_form_location":"","bundle_editable_in_cart":false,"bundle_sold_individually_context":"","bundle_item_grouping":"","bundle_min_size":"","bundle_max_size":"","bundle_price":[],"bundled_items":[],"bundle_sell_ids":[],"yoast_head":"<!-- This site is optimized with the Yoast SEO plugin v27.4 - https:\/\/yoast.com\/product\/yoast-seo-wordpress\/ -->\n<title>Patins \u00e0 roues align\u00e9es Semi Race - %.<\/title>\n<meta name=\"description\" content=\"Le Bont Semi-Race est destin\u00e9 aux patineurs en ligne qui veulent le confort d&#039;un trainer avec la performance d&#039;un patin de vitesse. Trouvez le v\u00f4tre ici !\" \/>\n<meta name=\"robots\" content=\"index, follow, max-snippet:-1, max-image-preview:large, max-video-preview:-1\" \/>\n<link rel=\"canonical\" href=\"https:\/\/xactskateshop.com\/fr\/produit\/bont-semi-race-2pf-elemental\/\" \/>\n<meta property=\"og:locale\" content=\"fr_FR\" \/>\n<meta property=\"og:type\" content=\"article\" \/>\n<meta property=\"og:title\" content=\"Patins \u00e0 roues align\u00e9es Semi Race - %.\" \/>\n<meta property=\"og:description\" content=\"Le Bont Semi-Race est destin\u00e9 aux patineurs en ligne qui veulent le confort d&#039;un trainer avec la performance d&#039;un patin de vitesse. Trouvez le v\u00f4tre ici !\" \/>\n<meta property=\"og:url\" content=\"https:\/\/xactskateshop.com\/fr\/produit\/bont-semi-race-2pf-elemental\/\" \/>\n<meta property=\"og:site_name\" content=\"Xact Skate Shop\" \/>\n<meta property=\"article:publisher\" content=\"https:\/\/www.facebook.com\/JeanLouiskateshop\" \/>\n<meta property=\"og:image\" content=\"https:\/\/xactskateshop.com\/wp-content\/uploads\/2021\/03\/SR-BLUE-ELEMENTAL-110-2.jpg\" \/>\n\t<meta property=\"og:image:width\" content=\"1000\" \/>\n\t<meta property=\"og:image:height\" content=\"1000\" \/>\n\t<meta property=\"og:image:type\" content=\"image\/jpeg\" \/>\n<meta name=\"twitter:card\" content=\"summary_large_image\" \/>\n<meta name=\"twitter:label1\" content=\"Dur\u00e9e de lecture estim\u00e9e\" \/>\n\t<meta name=\"twitter:data1\" content=\"1 minute\" \/>\n<script type=\"application\/ld+json\" class=\"yoast-schema-graph\">{\"@context\":\"https:\\\/\\\/schema.org\",\"@graph\":[{\"@type\":\"WebPage\",\"@id\":\"https:\\\/\\\/xactskateshop.com\\\/fr\\\/produit\\\/bont-semi-race-2pf-elemental\\\/\",\"url\":\"https:\\\/\\\/xactskateshop.com\\\/fr\\\/produit\\\/bont-semi-race-2pf-elemental\\\/\",\"name\":\"Patins \u00e0 roues align\u00e9es Semi Race - %.\",\"isPartOf\":{\"@id\":\"http:\\\/\\\/xactskateshop.com\\\/fr\\\/#website\"},\"primaryImageOfPage\":{\"@id\":\"https:\\\/\\\/xactskateshop.com\\\/fr\\\/produit\\\/bont-semi-race-2pf-elemental\\\/#primaryimage\"},\"image\":{\"@id\":\"https:\\\/\\\/xactskateshop.com\\\/fr\\\/produit\\\/bont-semi-race-2pf-elemental\\\/#primaryimage\"},\"thumbnailUrl\":\"https:\\\/\\\/xactskateshop.com\\\/wp-content\\\/uploads\\\/2021\\\/03\\\/SR-BLUE-ELEMENTAL-110-2.jpg\",\"datePublished\":\"2021-03-26T19:29:39+00:00\",\"description\":\"Le Bont Semi-Race est destin\u00e9 aux patineurs en ligne qui veulent le confort d'un trainer avec la performance d'un patin de vitesse. Trouvez le v\u00f4tre ici !\",\"breadcrumb\":{\"@id\":\"https:\\\/\\\/xactskateshop.com\\\/fr\\\/produit\\\/bont-semi-race-2pf-elemental\\\/#breadcrumb\"},\"inLanguage\":\"fr-FR\",\"potentialAction\":[{\"@type\":\"ReadAction\",\"target\":[\"https:\\\/\\\/xactskateshop.com\\\/fr\\\/produit\\\/bont-semi-race-2pf-elemental\\\/\"]}]},{\"@type\":\"ImageObject\",\"inLanguage\":\"fr-FR\",\"@id\":\"https:\\\/\\\/xactskateshop.com\\\/fr\\\/produit\\\/bont-semi-race-2pf-elemental\\\/#primaryimage\",\"url\":\"https:\\\/\\\/xactskateshop.com\\\/wp-content\\\/uploads\\\/2021\\\/03\\\/SR-BLUE-ELEMENTAL-110-2.jpg\",\"contentUrl\":\"https:\\\/\\\/xactskateshop.com\\\/wp-content\\\/uploads\\\/2021\\\/03\\\/SR-BLUE-ELEMENTAL-110-2.jpg\",\"width\":1000,\"height\":1000,\"caption\":\"Semi Race inline skates\"},{\"@type\":\"BreadcrumbList\",\"@id\":\"https:\\\/\\\/xactskateshop.com\\\/fr\\\/produit\\\/bont-semi-race-2pf-elemental\\\/#breadcrumb\",\"itemListElement\":[{\"@type\":\"ListItem\",\"position\":1,\"name\":\"Home\",\"item\":\"https:\\\/\\\/xactskateshop.com\\\/fr\\\/accueil\\\/\"},{\"@type\":\"ListItem\",\"position\":2,\"name\":\"Boutique\",\"item\":\"https:\\\/\\\/xactskateshop.com\\\/shop\\\/\"},{\"@type\":\"ListItem\",\"position\":3,\"name\":\"BONT SEMI-RACE 2PF ELEMENTAL\"}]},{\"@type\":\"WebSite\",\"@id\":\"http:\\\/\\\/xactskateshop.com\\\/fr\\\/#website\",\"url\":\"http:\\\/\\\/xactskateshop.com\\\/fr\\\/\",\"name\":\"Xact Skate Shop\",\"description\":\"Un site utilisant WordPress\",\"publisher\":{\"@id\":\"http:\\\/\\\/xactskateshop.com\\\/fr\\\/#organization\"},\"potentialAction\":[{\"@type\":\"SearchAction\",\"target\":{\"@type\":\"EntryPoint\",\"urlTemplate\":\"http:\\\/\\\/xactskateshop.com\\\/fr\\\/?s={search_term_string}\"},\"query-input\":{\"@type\":\"PropertyValueSpecification\",\"valueRequired\":true,\"valueName\":\"search_term_string\"}}],\"inLanguage\":\"fr-FR\"},{\"@type\":\"Organization\",\"@id\":\"http:\\\/\\\/xactskateshop.com\\\/fr\\\/#organization\",\"name\":\"XACT Skate Shop\",\"url\":\"http:\\\/\\\/xactskateshop.com\\\/fr\\\/\",\"logo\":{\"@type\":\"ImageObject\",\"inLanguage\":\"fr-FR\",\"@id\":\"http:\\\/\\\/xactskateshop.com\\\/fr\\\/#\\\/schema\\\/logo\\\/image\\\/\",\"url\":\"http:\\\/\\\/xactskateshop.com\\\/wp-content\\\/uploads\\\/2024\\\/04\\\/xactskateshop-dot-com-avec-contour-noir-sans-fond-675x.jpg\",\"contentUrl\":\"http:\\\/\\\/xactskateshop.com\\\/wp-content\\\/uploads\\\/2024\\\/04\\\/xactskateshop-dot-com-avec-contour-noir-sans-fond-675x.jpg\",\"width\":675,\"height\":247,\"caption\":\"XACT Skate Shop\"},\"image\":{\"@id\":\"http:\\\/\\\/xactskateshop.com\\\/fr\\\/#\\\/schema\\\/logo\\\/image\\\/\"},\"sameAs\":[\"https:\\\/\\\/www.facebook.com\\\/JeanLouiskateshop\"]}]}<\/script>\n<!-- \/ Yoast SEO plugin. -->","yoast_head_json":{"title":"Patins \u00e0 roues align\u00e9es Semi Race - %.","description":"Le Bont Semi-Race est destin\u00e9 aux patineurs en ligne qui veulent le confort d'un trainer avec la performance d'un patin de vitesse. Trouvez le v\u00f4tre ici !","robots":{"index":"index","follow":"follow","max-snippet":"max-snippet:-1","max-image-preview":"max-image-preview:large","max-video-preview":"max-video-preview:-1"},"canonical":"https:\/\/xactskateshop.com\/fr\/produit\/bont-semi-race-2pf-elemental\/","og_locale":"fr_FR","og_type":"article","og_title":"Patins \u00e0 roues align\u00e9es Semi Race - %.","og_description":"Le Bont Semi-Race est destin\u00e9 aux patineurs en ligne qui veulent le confort d'un trainer avec la performance d'un patin de vitesse. Trouvez le v\u00f4tre ici !","og_url":"https:\/\/xactskateshop.com\/fr\/produit\/bont-semi-race-2pf-elemental\/","og_site_name":"Xact Skate Shop","article_publisher":"https:\/\/www.facebook.com\/JeanLouiskateshop","og_image":[{"width":1000,"height":1000,"url":"https:\/\/xactskateshop.com\/wp-content\/uploads\/2021\/03\/SR-BLUE-ELEMENTAL-110-2.jpg","type":"image\/jpeg"}],"twitter_card":"summary_large_image","twitter_misc":{"Dur\u00e9e de lecture estim\u00e9e":"1 minute"},"schema":{"@context":"https:\/\/schema.org","@graph":[{"@type":"WebPage","@id":"https:\/\/xactskateshop.com\/fr\/produit\/bont-semi-race-2pf-elemental\/","url":"https:\/\/xactskateshop.com\/fr\/produit\/bont-semi-race-2pf-elemental\/","name":"Patins \u00e0 roues align\u00e9es Semi Race - %.","isPartOf":{"@id":"http:\/\/xactskateshop.com\/fr\/#website"},"primaryImageOfPage":{"@id":"https:\/\/xactskateshop.com\/fr\/produit\/bont-semi-race-2pf-elemental\/#primaryimage"},"image":{"@id":"https:\/\/xactskateshop.com\/fr\/produit\/bont-semi-race-2pf-elemental\/#primaryimage"},"thumbnailUrl":"https:\/\/xactskateshop.com\/wp-content\/uploads\/2021\/03\/SR-BLUE-ELEMENTAL-110-2.jpg","datePublished":"2021-03-26T19:29:39+00:00","description":"Le Bont Semi-Race est destin\u00e9 aux patineurs en ligne qui veulent le confort d'un trainer avec la performance d'un patin de vitesse. Trouvez le v\u00f4tre ici !","breadcrumb":{"@id":"https:\/\/xactskateshop.com\/fr\/produit\/bont-semi-race-2pf-elemental\/#breadcrumb"},"inLanguage":"fr-FR","potentialAction":[{"@type":"ReadAction","target":["https:\/\/xactskateshop.com\/fr\/produit\/bont-semi-race-2pf-elemental\/"]}]},{"@type":"ImageObject","inLanguage":"fr-FR","@id":"https:\/\/xactskateshop.com\/fr\/produit\/bont-semi-race-2pf-elemental\/#primaryimage","url":"https:\/\/xactskateshop.com\/wp-content\/uploads\/2021\/03\/SR-BLUE-ELEMENTAL-110-2.jpg","contentUrl":"https:\/\/xactskateshop.com\/wp-content\/uploads\/2021\/03\/SR-BLUE-ELEMENTAL-110-2.jpg","width":1000,"height":1000,"caption":"Semi Race inline skates"},{"@type":"BreadcrumbList","@id":"https:\/\/xactskateshop.com\/fr\/produit\/bont-semi-race-2pf-elemental\/#breadcrumb","itemListElement":[{"@type":"ListItem","position":1,"name":"Home","item":"https:\/\/xactskateshop.com\/fr\/accueil\/"},{"@type":"ListItem","position":2,"name":"Boutique","item":"https:\/\/xactskateshop.com\/shop\/"},{"@type":"ListItem","position":3,"name":"BONT SEMI-RACE 2PF ELEMENTAL"}]},{"@type":"WebSite","@id":"http:\/\/xactskateshop.com\/fr\/#website","url":"http:\/\/xactskateshop.com\/fr\/","name":"Xact Skate Shop","description":"Un site utilisant WordPress","publisher":{"@id":"http:\/\/xactskateshop.com\/fr\/#organization"},"potentialAction":[{"@type":"SearchAction","target":{"@type":"EntryPoint","urlTemplate":"http:\/\/xactskateshop.com\/fr\/?s={search_term_string}"},"query-input":{"@type":"PropertyValueSpecification","valueRequired":true,"valueName":"search_term_string"}}],"inLanguage":"fr-FR"},{"@type":"Organization","@id":"http:\/\/xactskateshop.com\/fr\/#organization","name":"XACT Skate Shop","url":"http:\/\/xactskateshop.com\/fr\/","logo":{"@type":"ImageObject","inLanguage":"fr-FR","@id":"http:\/\/xactskateshop.com\/fr\/#\/schema\/logo\/image\/","url":"http:\/\/xactskateshop.com\/wp-content\/uploads\/2024\/04\/xactskateshop-dot-com-avec-contour-noir-sans-fond-675x.jpg","contentUrl":"http:\/\/xactskateshop.com\/wp-content\/uploads\/2024\/04\/xactskateshop-dot-com-avec-contour-noir-sans-fond-675x.jpg","width":675,"height":247,"caption":"XACT Skate Shop"},"image":{"@id":"http:\/\/xactskateshop.com\/fr\/#\/schema\/logo\/image\/"},"sameAs":["https:\/\/www.facebook.com\/JeanLouiskateshop"]}]}},"_links":{"self":[{"href":"https:\/\/xactskateshop.com\/fr\/wp-json\/wp\/v2\/product\/58474","targetHints":{"allow":["GET"]}}],"collection":[{"href":"https:\/\/xactskateshop.com\/fr\/wp-json\/wp\/v2\/product"}],"about":[{"href":"https:\/\/xactskateshop.com\/fr\/wp-json\/wp\/v2\/types\/product"}],"replies":[{"embeddable":true,"href":"https:\/\/xactskateshop.com\/fr\/wp-json\/wp\/v2\/comments?post=58474"}],"wp:featuredmedia":[{"embeddable":true,"href":"https:\/\/xactskateshop.com\/fr\/wp-json\/wp\/v2\/media\/7700"}],"wp:attachment":[{"href":"https:\/\/xactskateshop.com\/fr\/wp-json\/wp\/v2\/media?parent=58474"}],"wp:term":[{"taxonomy":"product_brand","embeddable":true,"href":"https:\/\/xactskateshop.com\/fr\/wp-json\/wp\/v2\/product_brand?post=58474"},{"taxonomy":"product_cat","embeddable":true,"href":"https:\/\/xactskateshop.com\/fr\/wp-json\/wp\/v2\/product_cat?post=58474"},{"taxonomy":"product_tag","embeddable":true,"href":"https:\/\/xactskateshop.com\/fr\/wp-json\/wp\/v2\/product_tag?post=58474"}],"curies":[{"name":"wp","href":"https:\/\/api.w.org\/{rel}","templated":true}]}}