{"id":58402,"date":"2021-03-26T15:26:19","date_gmt":"2021-03-26T19:26:19","guid":{"rendered":"http:\/\/xactskateshop.com\/product\/bont-alpha-2pf-6061-highroller\/"},"modified":"2021-03-26T15:26:19","modified_gmt":"2021-03-26T19:26:19","slug":"bont-alpha-2pf-6061-highroller","status":"publish","type":"product","link":"https:\/\/xactskateshop.com\/fr\/produit\/bont-alpha-2pf-6061-highroller\/","title":{"rendered":"BONT ALPHA &#8211; 2PF 6061 HIGHROLLER"},"content":{"rendered":"<p>paquet de vitesse en ligne<\/p>\n<p class=\"detail-desc-decorate-title\">Alpha 2PT<\/p>\n<p class=\"detail-desc-decorate-content\" data-spm-anchor-id=\"2114.12057483.0.i1.38ff502fYy02JM\">L&#8217;Alpha est une chaussure en carbone composite qui est enti\u00e8rement thermoformable et qui int\u00e8gre notre technologie Super Mold, ce qui en fait le patin r\u00e9cr\u00e9atif le plus thermoformable du march\u00e9. La semelle et la languette sont \u00e9galement moulables. <\/p>\n<p>Le cadre Bont 2PF 6061 pour le patinage de vitesse en ligne vous permet d&#8217;acc\u00e9der \u00e0 la derni\u00e8re technologie de Bont \u00e0 un prix abordable. Le cadre 6061 applique les m\u00eames principes que le cadre 7050 avec la m\u00eame esth\u00e9tique. Ce cadre utilise de l&#8217;aluminium 6061 de qualit\u00e9 a\u00e9ronautique et les simulations de test de stress par ordinateur les plus avanc\u00e9es au monde pour les cadres de patinage en ligne. La qualit\u00e9 des cadres Bont est in\u00e9gal\u00e9e. Bont n&#8217;a pas eu une seule fissure de cadre en plus de 20 ans.    <\/p>\n<ul>\n<li><strong>Montage :<\/strong> 2 points 165mm<\/li>\n<li><strong>Longueur et poids :<\/strong> 10.25&#8243;:186g<\/li>\n<li><strong>Hauteur du plateau (de l&#8217;axe central au sommet du cadre) :<\/strong> 10.25&#8243; : Avant 43,5 Arri\u00e8re 54,5 \/<\/li>\n<li><strong>Mat\u00e9riau :<\/strong> 6061<\/li>\n<li><strong>Fabriqu\u00e9 \u00e0 :<\/strong> Ta\u00efwan<\/li>\n<li>10.25&#8243; 844 (150mm-165mm) a des supports verticaux.<\/li>\n<\/ul>\n<p>1 paire de cadres avec axes, entretoises et cl\u00e9 Allen.<\/p>\n<p>Les essieux fournis avec ce cadre sont de la s\u00e9rie 7000. Cela garantit qu&#8217;ils ne s&#8217;effritent pas. Ce cadre est parfait pour les enfants et les patineurs adultes. Il convient \u00e9galement aux gar\u00e7ons et aux filles, aux hommes et aux femmes. Si vous cherchez \u00e0 acheter des cadres de course en ligne \u00e0 vendre, veuillez consid\u00e9rer le cadre de course en ligne Bont 6061.    <\/p>\n<p><strong>Tout tourne autour de la flexibilit\u00e9 !<\/strong><\/p>\n<p>La roue Bont Highroller est la roue la plus durable du march\u00e9. Il s&#8217;agit d&#8217;une roue de patin \u00e0 roues align\u00e9es tr\u00e8s durable, ce qui est tr\u00e8s important pour les longues courses. \u00c0 la fin d&#8217;un marathon de 42 km, ces roues ont toujours l&#8217;air neuves. Un rebond \u00e9lev\u00e9 est important pour le retour d&#8217;\u00e9nergie. Si vous participez \u00e0 une course et que vous ne savez pas quelle roue utiliser, c&#8217;est celle-ci qu&#8217;il faut choisir. Elle poss\u00e8de les meilleures qualit\u00e9s g\u00e9n\u00e9rales de toutes les roues de notre gamme. C&#8217;est un excellent rapport qualit\u00e9-prix.      <\/p>\n<p>D\u00e8s sa premi\u00e8re ann\u00e9e sur le circuit professionnel, la Highroller a remport\u00e9 plus de courses de la World Inline Cup que n&#8217;importe quelle autre roue. Ce que vous obtenez avec la Highroller, c&#8217;est une roue fabriqu\u00e9e avec un moyeu d&#8217;une seule pi\u00e8ce, avec des si\u00e8ges de roulements serr\u00e9s et un contr\u00f4le de qualit\u00e9 tr\u00e8s strict. Elle offre un excellent \u00e9quilibre entre adh\u00e9rence et vitesse et vous pouvez l&#8217;utiliser sur n&#8217;importe quelle surface ext\u00e9rieure. C&#8217;est la roue choisie par l&#8217;\u00e9quipe Bont International.   <\/p>\n<ul>\n<li><strong>Fabriqu\u00e9 aux : <\/strong>USA<\/li>\n<li><strong>Application : <\/strong>Surfaces routi\u00e8res ou b\u00e9tonn\u00e9es ext\u00e9rieures s\u00e8ches<\/li>\n<li><strong>Diam\u00e8tre :<\/strong> 84 mm<\/li>\n<li><strong>Duret\u00e9 :<\/strong> 85A<\/li>\n<li><span lang=\"EN-US\" xml:lang=\"EN-US\"><strong>Taille du palier :<\/strong> 608<\/span><\/li>\n<\/ul>\n<p><span lang=\"EN-US\" xml:lang=\"EN-US\">Cette roue a \u00e9t\u00e9 d\u00e9pass\u00e9e en tant que meilleure roue absolue sur le march\u00e9 par les roues Red Magic et Avenger, mais cela ne signifie pas qu&#8217;elle n&#8217;est pas l&#8217;une des roues les plus rapides au monde. En ligne droite, elle est aussi rapide que n&#8217;importe quelle roue du march\u00e9. Les roues les plus r\u00e9centes ont une bande de flexion \u00e0 l&#8217;int\u00e9rieur de la roue qui leur permet d&#8217;avoir une meilleure adh\u00e9rence dans les virages, mais cela les rend aussi beaucoup plus ch\u00e8res.  <\/span><\/p>\n<p>Il arrive souvent qu&#8217;un patineur se rende sur une nouvelle piste ou surface sur laquelle il n&#8217;a jamais patin\u00e9 auparavant et qu&#8217;il ne sache pas quelle roue utiliser. La roue de roller Bont Highroller est con\u00e7ue pour fonctionner sur toutes les surfaces. Elle est extr\u00eamement fiable. Elle a fait ses preuves en comp\u00e9tition depuis plus de 10 ans. Le Highroller peut rivaliser avec n&#8217;importe quelle roue au monde en termes de vitesse en ligne droite. C&#8217;est en effet l&#8217;une des roues les plus rapides au monde. Achetez un jeu et essayez-le par vous-m\u00eame !      <\/p>\n<p>*********<\/p>\n<p><strong><em>TAILLE DE BOTTE 34-35-36 :<\/em><\/strong><\/p>\n<p><strong><em>MONTAGE : 165mm<\/em><\/strong><\/p>\n<p><strong><em>CADRE : 2PF 10.25&#8243;<\/em><\/strong><\/p>\n<p><strong><em>ROUES : 4X 84mm High Roller<\/em><\/strong><\/p>\n","protected":false},"excerpt":{"rendered":"<p class=\"detail-desc-decorate-title\">Alpha 2PT<\/p>\n<p class=\"detail-desc-decorate-content\" data-spm-anchor-id=\"2114.12057483.0.i1.38ff502fYy02JM\">L&#8217;Alpha est une chaussure en carbone composite qui est enti\u00e8rement thermoformable et qui int\u00e8gre notre technologie Super Mold, ce qui en fait le patin r\u00e9cr\u00e9atif le plus thermoformable du march\u00e9. La semelle et la languette sont \u00e9galement moulables. <\/p>\n<p>&nbsp;<\/p>\n<p>&nbsp;<\/p>\n","protected":false},"featured_media":7681,"comment_status":"closed","ping_status":"closed","template":"","meta":{"site-sidebar-layout":"default","site-content-layout":"default","ast-site-content-layout":"default","site-content-style":"default","site-sidebar-style":"default","ast-global-header-display":"","ast-banner-title-visibility":"","ast-main-header-display":"","ast-hfb-above-header-display":"","ast-hfb-below-header-display":"","ast-hfb-mobile-header-display":"","site-post-title":"","ast-breadcrumbs-content":"","ast-featured-img":"","footer-sml-layout":"","theme-transparent-header-meta":"default","adv-header-id-meta":"","stick-header-meta":"","header-above-stick-meta":"","header-main-stick-meta":"","header-below-stick-meta":"","astra-migrate-meta-layouts":"default","ast-page-background-enabled":"default","ast-page-background-meta":{"desktop":{"background-color":"","background-image":"","background-repeat":"repeat","background-position":"center center","background-size":"auto","background-attachment":"scroll","background-type":"","background-media":"","overlay-type":"","overlay-color":"","overlay-opacity":"","overlay-gradient":""},"tablet":{"background-color":"","background-image":"","background-repeat":"repeat","background-position":"center center","background-size":"auto","background-attachment":"scroll","background-type":"","background-media":"","overlay-type":"","overlay-color":"","overlay-opacity":"","overlay-gradient":""},"mobile":{"background-color":"","background-image":"","background-repeat":"repeat","background-position":"center center","background-size":"auto","background-attachment":"scroll","background-type":"","background-media":"","overlay-type":"","overlay-color":"","overlay-opacity":"","overlay-gradient":""}},"ast-content-background-meta":{"desktop":{"background-color":"var(--ast-global-color-5)","background-image":"","background-repeat":"repeat","background-position":"center center","background-size":"auto","background-attachment":"scroll","background-type":"","background-media":"","overlay-type":"","overlay-color":"","overlay-opacity":"","overlay-gradient":""},"tablet":{"background-color":"var(--ast-global-color-5)","background-image":"","background-repeat":"repeat","background-position":"center center","background-size":"auto","background-attachment":"scroll","background-type":"","background-media":"","overlay-type":"","overlay-color":"","overlay-opacity":"","overlay-gradient":""},"mobile":{"background-color":"var(--ast-global-color-5)","background-image":"","background-repeat":"repeat","background-position":"center center","background-size":"auto","background-attachment":"scroll","background-type":"","background-media":"","overlay-type":"","overlay-color":"","overlay-opacity":"","overlay-gradient":""}}},"product_brand":[],"product_cat":[1728,1589],"product_tag":[],"class_list":{"0":"post-58402","1":"product","2":"type-product","3":"status-publish","4":"has-post-thumbnail","6":"product_cat-ensembles-de-patinage-a-roues-alignees","7":"product_cat-patinage-de-vitesse-a-roues-alignees","8":"desktop-align-center","9":"tablet-align-center","10":"mobile-align-center","11":"ast-product-gallery-layout-horizontal","12":"ast-product-single-variable","13":"ast-product-tabs-layout-horizontal","14":"ast-qv-on-image","16":"first","17":"instock","18":"sale","19":"taxable","20":"shipping-taxable","21":"purchasable","22":"product-type-variable"},"bundled_by":[],"bundle_stock_status":"instock","bundle_stock_quantity":null,"bundle_virtual":false,"bundle_layout":"","bundle_add_to_cart_form_location":"","bundle_editable_in_cart":false,"bundle_sold_individually_context":"","bundle_item_grouping":"","bundle_min_size":"","bundle_max_size":"","bundle_price":[],"bundled_items":[],"bundle_sell_ids":[],"yoast_head":"<!-- This site is optimized with the Yoast SEO plugin v27.4 - https:\/\/yoast.com\/product\/yoast-seo-wordpress\/ -->\n<title>paquet de vitesse en ligne BONT ALPHA - 2PF 6061 HIGHROLLER%page%%<\/title>\n<meta name=\"description\" content=\"ensemble de vitesse en ligne. L&#039;Alpha est une chaussure en carbone composite qui est enti\u00e8rement thermoformable. C&#039;est le patin le plus performant pour les enfants. Achetez le v\u00f4tre ici !\" \/>\n<meta name=\"robots\" content=\"index, follow, max-snippet:-1, max-image-preview:large, max-video-preview:-1\" \/>\n<link rel=\"canonical\" href=\"https:\/\/xactskateshop.com\/fr\/produit\/bont-alpha-2pf-6061-highroller\/\" \/>\n<meta property=\"og:locale\" content=\"fr_FR\" \/>\n<meta property=\"og:type\" content=\"article\" \/>\n<meta property=\"og:title\" content=\"paquet de vitesse en ligne BONT ALPHA - 2PF 6061 HIGHROLLER%page%%\" \/>\n<meta property=\"og:description\" content=\"ensemble de vitesse en ligne. L&#039;Alpha est une chaussure en carbone composite qui est enti\u00e8rement thermoformable. C&#039;est le patin le plus performant pour les enfants. Achetez le v\u00f4tre ici !\" \/>\n<meta property=\"og:url\" content=\"https:\/\/xactskateshop.com\/fr\/produit\/bont-alpha-2pf-6061-highroller\/\" \/>\n<meta property=\"og:site_name\" content=\"Xact Skate Shop\" \/>\n<meta property=\"article:publisher\" content=\"https:\/\/www.facebook.com\/JeanLouiskateshop\" \/>\n<meta property=\"og:image\" content=\"https:\/\/xactskateshop.com\/wp-content\/uploads\/2021\/03\/alpha-pink.jpg\" \/>\n\t<meta property=\"og:image:width\" content=\"1000\" \/>\n\t<meta property=\"og:image:height\" content=\"1000\" \/>\n\t<meta property=\"og:image:type\" content=\"image\/jpeg\" \/>\n<meta name=\"twitter:card\" content=\"summary_large_image\" \/>\n<meta name=\"twitter:label1\" content=\"Dur\u00e9e de lecture estim\u00e9e\" \/>\n\t<meta name=\"twitter:data1\" content=\"3 minutes\" \/>\n<script type=\"application\/ld+json\" class=\"yoast-schema-graph\">{\"@context\":\"https:\\\/\\\/schema.org\",\"@graph\":[{\"@type\":\"WebPage\",\"@id\":\"https:\\\/\\\/xactskateshop.com\\\/fr\\\/produit\\\/bont-alpha-2pf-6061-highroller\\\/\",\"url\":\"https:\\\/\\\/xactskateshop.com\\\/fr\\\/produit\\\/bont-alpha-2pf-6061-highroller\\\/\",\"name\":\"paquet de vitesse en ligne BONT ALPHA - 2PF 6061 HIGHROLLER%page%%\",\"isPartOf\":{\"@id\":\"http:\\\/\\\/xactskateshop.com\\\/fr\\\/#website\"},\"primaryImageOfPage\":{\"@id\":\"https:\\\/\\\/xactskateshop.com\\\/fr\\\/produit\\\/bont-alpha-2pf-6061-highroller\\\/#primaryimage\"},\"image\":{\"@id\":\"https:\\\/\\\/xactskateshop.com\\\/fr\\\/produit\\\/bont-alpha-2pf-6061-highroller\\\/#primaryimage\"},\"thumbnailUrl\":\"https:\\\/\\\/xactskateshop.com\\\/wp-content\\\/uploads\\\/2021\\\/03\\\/alpha-pink.jpg\",\"datePublished\":\"2021-03-26T19:26:19+00:00\",\"description\":\"ensemble de vitesse en ligne. L'Alpha est une chaussure en carbone composite qui est enti\u00e8rement thermoformable. C'est le patin le plus performant pour les enfants. Achetez le v\u00f4tre ici !\",\"breadcrumb\":{\"@id\":\"https:\\\/\\\/xactskateshop.com\\\/fr\\\/produit\\\/bont-alpha-2pf-6061-highroller\\\/#breadcrumb\"},\"inLanguage\":\"fr-FR\",\"potentialAction\":[{\"@type\":\"ReadAction\",\"target\":[\"https:\\\/\\\/xactskateshop.com\\\/fr\\\/produit\\\/bont-alpha-2pf-6061-highroller\\\/\"]}]},{\"@type\":\"ImageObject\",\"inLanguage\":\"fr-FR\",\"@id\":\"https:\\\/\\\/xactskateshop.com\\\/fr\\\/produit\\\/bont-alpha-2pf-6061-highroller\\\/#primaryimage\",\"url\":\"https:\\\/\\\/xactskateshop.com\\\/wp-content\\\/uploads\\\/2021\\\/03\\\/alpha-pink.jpg\",\"contentUrl\":\"https:\\\/\\\/xactskateshop.com\\\/wp-content\\\/uploads\\\/2021\\\/03\\\/alpha-pink.jpg\",\"width\":1000,\"height\":1000,\"caption\":\"inline speed package\"},{\"@type\":\"BreadcrumbList\",\"@id\":\"https:\\\/\\\/xactskateshop.com\\\/fr\\\/produit\\\/bont-alpha-2pf-6061-highroller\\\/#breadcrumb\",\"itemListElement\":[{\"@type\":\"ListItem\",\"position\":1,\"name\":\"Home\",\"item\":\"https:\\\/\\\/xactskateshop.com\\\/fr\\\/accueil\\\/\"},{\"@type\":\"ListItem\",\"position\":2,\"name\":\"Boutique\",\"item\":\"https:\\\/\\\/xactskateshop.com\\\/shop\\\/\"},{\"@type\":\"ListItem\",\"position\":3,\"name\":\"BONT ALPHA &#8211; 2PF 6061 HIGHROLLER\"}]},{\"@type\":\"WebSite\",\"@id\":\"http:\\\/\\\/xactskateshop.com\\\/fr\\\/#website\",\"url\":\"http:\\\/\\\/xactskateshop.com\\\/fr\\\/\",\"name\":\"Xact Skate Shop\",\"description\":\"Un site utilisant WordPress\",\"publisher\":{\"@id\":\"http:\\\/\\\/xactskateshop.com\\\/fr\\\/#organization\"},\"potentialAction\":[{\"@type\":\"SearchAction\",\"target\":{\"@type\":\"EntryPoint\",\"urlTemplate\":\"http:\\\/\\\/xactskateshop.com\\\/fr\\\/?s={search_term_string}\"},\"query-input\":{\"@type\":\"PropertyValueSpecification\",\"valueRequired\":true,\"valueName\":\"search_term_string\"}}],\"inLanguage\":\"fr-FR\"},{\"@type\":\"Organization\",\"@id\":\"http:\\\/\\\/xactskateshop.com\\\/fr\\\/#organization\",\"name\":\"XACT Skate Shop\",\"url\":\"http:\\\/\\\/xactskateshop.com\\\/fr\\\/\",\"logo\":{\"@type\":\"ImageObject\",\"inLanguage\":\"fr-FR\",\"@id\":\"http:\\\/\\\/xactskateshop.com\\\/fr\\\/#\\\/schema\\\/logo\\\/image\\\/\",\"url\":\"http:\\\/\\\/xactskateshop.com\\\/wp-content\\\/uploads\\\/2024\\\/04\\\/xactskateshop-dot-com-avec-contour-noir-sans-fond-675x.jpg\",\"contentUrl\":\"http:\\\/\\\/xactskateshop.com\\\/wp-content\\\/uploads\\\/2024\\\/04\\\/xactskateshop-dot-com-avec-contour-noir-sans-fond-675x.jpg\",\"width\":675,\"height\":247,\"caption\":\"XACT Skate Shop\"},\"image\":{\"@id\":\"http:\\\/\\\/xactskateshop.com\\\/fr\\\/#\\\/schema\\\/logo\\\/image\\\/\"},\"sameAs\":[\"https:\\\/\\\/www.facebook.com\\\/JeanLouiskateshop\"]}]}<\/script>\n<!-- \/ Yoast SEO plugin. -->","yoast_head_json":{"title":"paquet de vitesse en ligne BONT ALPHA - 2PF 6061 HIGHROLLER%page%%","description":"ensemble de vitesse en ligne. L'Alpha est une chaussure en carbone composite qui est enti\u00e8rement thermoformable. C'est le patin le plus performant pour les enfants. Achetez le v\u00f4tre ici !","robots":{"index":"index","follow":"follow","max-snippet":"max-snippet:-1","max-image-preview":"max-image-preview:large","max-video-preview":"max-video-preview:-1"},"canonical":"https:\/\/xactskateshop.com\/fr\/produit\/bont-alpha-2pf-6061-highroller\/","og_locale":"fr_FR","og_type":"article","og_title":"paquet de vitesse en ligne BONT ALPHA - 2PF 6061 HIGHROLLER%page%%","og_description":"ensemble de vitesse en ligne. L'Alpha est une chaussure en carbone composite qui est enti\u00e8rement thermoformable. C'est le patin le plus performant pour les enfants. Achetez le v\u00f4tre ici !","og_url":"https:\/\/xactskateshop.com\/fr\/produit\/bont-alpha-2pf-6061-highroller\/","og_site_name":"Xact Skate Shop","article_publisher":"https:\/\/www.facebook.com\/JeanLouiskateshop","og_image":[{"width":1000,"height":1000,"url":"https:\/\/xactskateshop.com\/wp-content\/uploads\/2021\/03\/alpha-pink.jpg","type":"image\/jpeg"}],"twitter_card":"summary_large_image","twitter_misc":{"Dur\u00e9e de lecture estim\u00e9e":"3 minutes"},"schema":{"@context":"https:\/\/schema.org","@graph":[{"@type":"WebPage","@id":"https:\/\/xactskateshop.com\/fr\/produit\/bont-alpha-2pf-6061-highroller\/","url":"https:\/\/xactskateshop.com\/fr\/produit\/bont-alpha-2pf-6061-highroller\/","name":"paquet de vitesse en ligne BONT ALPHA - 2PF 6061 HIGHROLLER%page%%","isPartOf":{"@id":"http:\/\/xactskateshop.com\/fr\/#website"},"primaryImageOfPage":{"@id":"https:\/\/xactskateshop.com\/fr\/produit\/bont-alpha-2pf-6061-highroller\/#primaryimage"},"image":{"@id":"https:\/\/xactskateshop.com\/fr\/produit\/bont-alpha-2pf-6061-highroller\/#primaryimage"},"thumbnailUrl":"https:\/\/xactskateshop.com\/wp-content\/uploads\/2021\/03\/alpha-pink.jpg","datePublished":"2021-03-26T19:26:19+00:00","description":"ensemble de vitesse en ligne. L'Alpha est une chaussure en carbone composite qui est enti\u00e8rement thermoformable. C'est le patin le plus performant pour les enfants. Achetez le v\u00f4tre ici !","breadcrumb":{"@id":"https:\/\/xactskateshop.com\/fr\/produit\/bont-alpha-2pf-6061-highroller\/#breadcrumb"},"inLanguage":"fr-FR","potentialAction":[{"@type":"ReadAction","target":["https:\/\/xactskateshop.com\/fr\/produit\/bont-alpha-2pf-6061-highroller\/"]}]},{"@type":"ImageObject","inLanguage":"fr-FR","@id":"https:\/\/xactskateshop.com\/fr\/produit\/bont-alpha-2pf-6061-highroller\/#primaryimage","url":"https:\/\/xactskateshop.com\/wp-content\/uploads\/2021\/03\/alpha-pink.jpg","contentUrl":"https:\/\/xactskateshop.com\/wp-content\/uploads\/2021\/03\/alpha-pink.jpg","width":1000,"height":1000,"caption":"inline speed package"},{"@type":"BreadcrumbList","@id":"https:\/\/xactskateshop.com\/fr\/produit\/bont-alpha-2pf-6061-highroller\/#breadcrumb","itemListElement":[{"@type":"ListItem","position":1,"name":"Home","item":"https:\/\/xactskateshop.com\/fr\/accueil\/"},{"@type":"ListItem","position":2,"name":"Boutique","item":"https:\/\/xactskateshop.com\/shop\/"},{"@type":"ListItem","position":3,"name":"BONT ALPHA &#8211; 2PF 6061 HIGHROLLER"}]},{"@type":"WebSite","@id":"http:\/\/xactskateshop.com\/fr\/#website","url":"http:\/\/xactskateshop.com\/fr\/","name":"Xact Skate Shop","description":"Un site utilisant WordPress","publisher":{"@id":"http:\/\/xactskateshop.com\/fr\/#organization"},"potentialAction":[{"@type":"SearchAction","target":{"@type":"EntryPoint","urlTemplate":"http:\/\/xactskateshop.com\/fr\/?s={search_term_string}"},"query-input":{"@type":"PropertyValueSpecification","valueRequired":true,"valueName":"search_term_string"}}],"inLanguage":"fr-FR"},{"@type":"Organization","@id":"http:\/\/xactskateshop.com\/fr\/#organization","name":"XACT Skate Shop","url":"http:\/\/xactskateshop.com\/fr\/","logo":{"@type":"ImageObject","inLanguage":"fr-FR","@id":"http:\/\/xactskateshop.com\/fr\/#\/schema\/logo\/image\/","url":"http:\/\/xactskateshop.com\/wp-content\/uploads\/2024\/04\/xactskateshop-dot-com-avec-contour-noir-sans-fond-675x.jpg","contentUrl":"http:\/\/xactskateshop.com\/wp-content\/uploads\/2024\/04\/xactskateshop-dot-com-avec-contour-noir-sans-fond-675x.jpg","width":675,"height":247,"caption":"XACT Skate Shop"},"image":{"@id":"http:\/\/xactskateshop.com\/fr\/#\/schema\/logo\/image\/"},"sameAs":["https:\/\/www.facebook.com\/JeanLouiskateshop"]}]}},"_links":{"self":[{"href":"https:\/\/xactskateshop.com\/fr\/wp-json\/wp\/v2\/product\/58402","targetHints":{"allow":["GET"]}}],"collection":[{"href":"https:\/\/xactskateshop.com\/fr\/wp-json\/wp\/v2\/product"}],"about":[{"href":"https:\/\/xactskateshop.com\/fr\/wp-json\/wp\/v2\/types\/product"}],"replies":[{"embeddable":true,"href":"https:\/\/xactskateshop.com\/fr\/wp-json\/wp\/v2\/comments?post=58402"}],"wp:featuredmedia":[{"embeddable":true,"href":"https:\/\/xactskateshop.com\/fr\/wp-json\/wp\/v2\/media\/7681"}],"wp:attachment":[{"href":"https:\/\/xactskateshop.com\/fr\/wp-json\/wp\/v2\/media?parent=58402"}],"wp:term":[{"taxonomy":"product_brand","embeddable":true,"href":"https:\/\/xactskateshop.com\/fr\/wp-json\/wp\/v2\/product_brand?post=58402"},{"taxonomy":"product_cat","embeddable":true,"href":"https:\/\/xactskateshop.com\/fr\/wp-json\/wp\/v2\/product_cat?post=58402"},{"taxonomy":"product_tag","embeddable":true,"href":"https:\/\/xactskateshop.com\/fr\/wp-json\/wp\/v2\/product_tag?post=58402"}],"curies":[{"name":"wp","href":"https:\/\/api.w.org\/{rel}","templated":true}]}}