{"id":58361,"date":"2021-03-22T15:55:03","date_gmt":"2021-03-22T19:55:03","guid":{"rendered":"http:\/\/xactskateshop.com\/product\/bont-jet-195mm-inline-skate-boots-3\/"},"modified":"2021-03-22T15:55:03","modified_gmt":"2021-03-22T19:55:03","slug":"bont-jet-195mm-inline-skate-boots-3","status":"publish","type":"product","link":"https:\/\/xactskateshop.com\/fr\/produit\/bont-jet-195mm-inline-skate-boots-3\/","title":{"rendered":"BONT JET 195mm Inline Skate Boots"},"content":{"rendered":"<div>Bont Jet blue inline<\/div>\n<div>Le Bont Jet est le patin de vitesse en ligne le plus populaire au monde et pour une bonne raison : il offre un excellent rapport qualit\u00e9-prix. Parfaite pour tous les niveaux de patinage de vitesse, cette chaussure de course offre un bon maintien et un grand confort. Elle est fabriqu\u00e9e \u00e0 la main selon la technique unique de fabrication en une seule pi\u00e8ce de Bont. <\/div>\n<div>\n<div><\/div>\n<div>Le Jet skate est construit autour d&#8217;une forme qui a \u00e9t\u00e9 modifi\u00e9e et am\u00e9lior\u00e9e pendant plus de 40 ans par M. Inze Bont. La fibre de carbone et la fibre de verre sont pos\u00e9es \u00e0 la main autour de la mousse \u00e0 m\u00e9moire de forme, ce qui garantit une base tr\u00e8s l\u00e9g\u00e8re et solide. Notre r\u00e9sine \u00e9poxy est la plus thermo-moulable de l&#8217;industrie et la chaussure est dot\u00e9e de rubans anti-\u00e9tirement qui garantissent que la chaussure ne s&#8217;\u00e9tire pas avec le temps. Faites passer votre patinage de vitesse au niveau sup\u00e9rieur avec le patin de course en ligne Bont Jet.   <\/div>\n<\/div>\n<p><strong>Caract\u00e9ristiques<\/strong><\/p>\n<ul class=\"features\">\n<li><strong>Base :<\/strong> Composite de carbone<\/li>\n<li><strong>Rev\u00eatement ext\u00e9rieur :<\/strong> Microfibre<\/li>\n<li><strong>Doublure : <\/strong>Microfibre<\/li>\n<li><strong>Pas :<\/strong> 12mm<\/li>\n<li><strong>Ouvertures d&#8217;a\u00e9ration :<\/strong> Dessus des orteils et languette<\/li>\n<li><strong>Semelle int\u00e9rieure :<\/strong> EVA thermo-moulable<\/li>\n<li><strong>Thermoformable :<\/strong> Base enti\u00e8rement thermoformable utilisant une r\u00e9sine \u00e9poxy thermodurcissable.<\/li>\n<li><strong>Rembourrage :<\/strong> Mousse \u00e0 m\u00e9moire de forme<\/li>\n<li><strong>Protection : <\/strong>Pare-chocs avant en caoutchouc*<\/li>\n<li><strong>V\u00e9g\u00e9talien :<\/strong> Oui<\/li>\n<\/ul>\n<p>* Les bottes noires et blanches\/argent\u00e9es sont livr\u00e9es avec une protection TPU pour les orteils.<\/p>\n<p>La Jet s&#8217;est vendue \u00e0 plus de 1,4 million de paires depuis sa cr\u00e9ation. Les entra\u00eeneurs et les parents du monde entier lui font confiance. Ce patin de vitesse est parfait pour les enfants ou les adultes. C&#8217;est un excellent patin pour les hommes, les femmes, les gar\u00e7ons et les filles. Le Bont Jet est le patin de vitesse le plus facile \u00e0 mouler \u00e0 chaud.    <\/p>\n<div><strong>Si la taille command\u00e9e n&#8217;est pas en stock au Canada, cela peut prendre jusqu&#8217;\u00e0 6 semaines.<\/strong><\/div>\n<div>Vous pouvez \u00e9galement l&#8217;acheter <a href=\"https:\/\/bont.ca\/collections\/inline-speed-skating-boots\/products\/jet-inline-skate-boot\">ici<\/a><\/div>\n<div>Voir d&#8217;autres mod\u00e8les <a href=\"http:\/\/xactskateshop.com\/product-category\/inline-speed-skating\/inline-speed-skating-boots\/\">ici<\/a><\/div>\n","protected":false},"excerpt":{"rendered":"<p>Bont Jet blue inline<\/p>\n<p>Le Bont Jet est le patin de vitesse en ligne le plus populaire au monde et pour une bonne raison : il offre un excellent rapport qualit\u00e9-prix. Parfaite pour tous les niveaux de patinage de vitesse, cette chaussure de course offre un bon maintien et un grand confort. Elle est fabriqu\u00e9e \u00e0 la main selon la technique unique de fabrication en une seule pi\u00e8ce de Bont. <\/p>\n<p><strong>Si la taille command\u00e9e n&#8217;est pas en stock au Canada, cela peut prendre jusqu&#8217;\u00e0 6 semaines.<\/strong><\/p>\n","protected":false},"featured_media":28924,"comment_status":"closed","ping_status":"closed","template":"","meta":{"site-sidebar-layout":"default","site-content-layout":"default","ast-site-content-layout":"default","site-content-style":"default","site-sidebar-style":"default","ast-global-header-display":"","ast-banner-title-visibility":"","ast-main-header-display":"","ast-hfb-above-header-display":"","ast-hfb-below-header-display":"","ast-hfb-mobile-header-display":"","site-post-title":"","ast-breadcrumbs-content":"","ast-featured-img":"","footer-sml-layout":"","theme-transparent-header-meta":"default","adv-header-id-meta":"","stick-header-meta":"","header-above-stick-meta":"","header-main-stick-meta":"","header-below-stick-meta":"","astra-migrate-meta-layouts":"default","ast-page-background-enabled":"default","ast-page-background-meta":{"desktop":{"background-color":"","background-image":"","background-repeat":"repeat","background-position":"center center","background-size":"auto","background-attachment":"scroll","background-type":"","background-media":"","overlay-type":"","overlay-color":"","overlay-opacity":"","overlay-gradient":""},"tablet":{"background-color":"","background-image":"","background-repeat":"repeat","background-position":"center center","background-size":"auto","background-attachment":"scroll","background-type":"","background-media":"","overlay-type":"","overlay-color":"","overlay-opacity":"","overlay-gradient":""},"mobile":{"background-color":"","background-image":"","background-repeat":"repeat","background-position":"center center","background-size":"auto","background-attachment":"scroll","background-type":"","background-media":"","overlay-type":"","overlay-color":"","overlay-opacity":"","overlay-gradient":""}},"ast-content-background-meta":{"desktop":{"background-color":"var(--ast-global-color-5)","background-image":"","background-repeat":"repeat","background-position":"center center","background-size":"auto","background-attachment":"scroll","background-type":"","background-media":"","overlay-type":"","overlay-color":"","overlay-opacity":"","overlay-gradient":""},"tablet":{"background-color":"var(--ast-global-color-5)","background-image":"","background-repeat":"repeat","background-position":"center center","background-size":"auto","background-attachment":"scroll","background-type":"","background-media":"","overlay-type":"","overlay-color":"","overlay-opacity":"","overlay-gradient":""},"mobile":{"background-color":"var(--ast-global-color-5)","background-image":"","background-repeat":"repeat","background-position":"center center","background-size":"auto","background-attachment":"scroll","background-type":"","background-media":"","overlay-type":"","overlay-color":"","overlay-opacity":"","overlay-gradient":""}}},"product_brand":[],"product_cat":[2140,1589],"product_tag":[],"class_list":{"0":"post-58361","1":"product","2":"type-product","3":"status-publish","4":"has-post-thumbnail","6":"product_cat-bottines-de-patinage-de-vitesse-a-roues-alignees","7":"product_cat-patinage-de-vitesse-a-roues-alignees","8":"desktop-align-center","9":"tablet-align-center","10":"mobile-align-center","11":"ast-product-gallery-layout-horizontal","12":"ast-product-single-variable","13":"ast-product-tabs-layout-horizontal","14":"ast-qv-on-image","16":"first","17":"instock","18":"taxable","19":"shipping-taxable","20":"purchasable","21":"product-type-variable"},"bundled_by":[],"bundle_stock_status":"instock","bundle_stock_quantity":null,"bundle_virtual":false,"bundle_layout":"","bundle_add_to_cart_form_location":"","bundle_editable_in_cart":false,"bundle_sold_individually_context":"","bundle_item_grouping":"","bundle_min_size":"","bundle_max_size":"","bundle_price":[],"bundled_items":[],"bundle_sell_ids":[],"yoast_head":"<!-- This site is optimized with the Yoast SEO plugin v27.4 - https:\/\/yoast.com\/product\/yoast-seo-wordpress\/ -->\n<title>Bont Jet blue inline %sepsiteame%%%.<\/title>\n<meta name=\"description\" content=\"Bont Jet blue inline. Le Bont Jet est le patin de vitesse en ligne le plus populaire au monde et pour une bonne raison : il offre un excellent rapport qualit\u00e9-prix. Achetez le v\u00f4tre ici !\" \/>\n<meta name=\"robots\" content=\"index, follow, max-snippet:-1, max-image-preview:large, max-video-preview:-1\" \/>\n<link rel=\"canonical\" href=\"https:\/\/xactskateshop.com\/fr\/produit\/bont-jet-195mm-inline-skate-boots-3\/\" \/>\n<meta property=\"og:locale\" content=\"fr_FR\" \/>\n<meta property=\"og:type\" content=\"article\" \/>\n<meta property=\"og:title\" content=\"Bont Jet blue inline %sepsiteame%%%.\" \/>\n<meta property=\"og:description\" content=\"Bont Jet blue inline. Le Bont Jet est le patin de vitesse en ligne le plus populaire au monde et pour une bonne raison : il offre un excellent rapport qualit\u00e9-prix. Achetez le v\u00f4tre ici !\" \/>\n<meta property=\"og:url\" content=\"https:\/\/xactskateshop.com\/fr\/produit\/bont-jet-195mm-inline-skate-boots-3\/\" \/>\n<meta property=\"og:site_name\" content=\"Xact Skate Shop\" \/>\n<meta property=\"article:publisher\" content=\"https:\/\/www.facebook.com\/JeanLouiskateshop\" \/>\n<meta property=\"og:image\" content=\"https:\/\/xactskateshop.com\/wp-content\/uploads\/2021\/03\/Jet-Blue_Side-1.jpg\" \/>\n\t<meta property=\"og:image:width\" content=\"1000\" \/>\n\t<meta property=\"og:image:height\" content=\"1000\" \/>\n\t<meta property=\"og:image:type\" content=\"image\/jpeg\" \/>\n<meta name=\"twitter:card\" content=\"summary_large_image\" \/>\n<meta name=\"twitter:label1\" content=\"Dur\u00e9e de lecture estim\u00e9e\" \/>\n\t<meta name=\"twitter:data1\" content=\"2 minutes\" \/>\n<script type=\"application\/ld+json\" class=\"yoast-schema-graph\">{\"@context\":\"https:\\\/\\\/schema.org\",\"@graph\":[{\"@type\":\"WebPage\",\"@id\":\"https:\\\/\\\/xactskateshop.com\\\/fr\\\/produit\\\/bont-jet-195mm-inline-skate-boots-3\\\/\",\"url\":\"https:\\\/\\\/xactskateshop.com\\\/fr\\\/produit\\\/bont-jet-195mm-inline-skate-boots-3\\\/\",\"name\":\"Bont Jet blue inline %sepsiteame%%%.\",\"isPartOf\":{\"@id\":\"http:\\\/\\\/xactskateshop.com\\\/fr\\\/#website\"},\"primaryImageOfPage\":{\"@id\":\"https:\\\/\\\/xactskateshop.com\\\/fr\\\/produit\\\/bont-jet-195mm-inline-skate-boots-3\\\/#primaryimage\"},\"image\":{\"@id\":\"https:\\\/\\\/xactskateshop.com\\\/fr\\\/produit\\\/bont-jet-195mm-inline-skate-boots-3\\\/#primaryimage\"},\"thumbnailUrl\":\"https:\\\/\\\/xactskateshop.com\\\/wp-content\\\/uploads\\\/2021\\\/03\\\/Jet-Blue_Side-1.jpg\",\"datePublished\":\"2021-03-22T19:55:03+00:00\",\"description\":\"Bont Jet blue inline. Le Bont Jet est le patin de vitesse en ligne le plus populaire au monde et pour une bonne raison : il offre un excellent rapport qualit\u00e9-prix. Achetez le v\u00f4tre ici !\",\"breadcrumb\":{\"@id\":\"https:\\\/\\\/xactskateshop.com\\\/fr\\\/produit\\\/bont-jet-195mm-inline-skate-boots-3\\\/#breadcrumb\"},\"inLanguage\":\"fr-FR\",\"potentialAction\":[{\"@type\":\"ReadAction\",\"target\":[\"https:\\\/\\\/xactskateshop.com\\\/fr\\\/produit\\\/bont-jet-195mm-inline-skate-boots-3\\\/\"]}]},{\"@type\":\"ImageObject\",\"inLanguage\":\"fr-FR\",\"@id\":\"https:\\\/\\\/xactskateshop.com\\\/fr\\\/produit\\\/bont-jet-195mm-inline-skate-boots-3\\\/#primaryimage\",\"url\":\"https:\\\/\\\/xactskateshop.com\\\/wp-content\\\/uploads\\\/2021\\\/03\\\/Jet-Blue_Side-1.jpg\",\"contentUrl\":\"https:\\\/\\\/xactskateshop.com\\\/wp-content\\\/uploads\\\/2021\\\/03\\\/Jet-Blue_Side-1.jpg\",\"width\":1000,\"height\":1000,\"caption\":\"Bont Jet blue inline\"},{\"@type\":\"BreadcrumbList\",\"@id\":\"https:\\\/\\\/xactskateshop.com\\\/fr\\\/produit\\\/bont-jet-195mm-inline-skate-boots-3\\\/#breadcrumb\",\"itemListElement\":[{\"@type\":\"ListItem\",\"position\":1,\"name\":\"Home\",\"item\":\"https:\\\/\\\/xactskateshop.com\\\/fr\\\/accueil\\\/\"},{\"@type\":\"ListItem\",\"position\":2,\"name\":\"Boutique\",\"item\":\"https:\\\/\\\/xactskateshop.com\\\/shop\\\/\"},{\"@type\":\"ListItem\",\"position\":3,\"name\":\"BONT JET 195mm Inline Skate Boots\"}]},{\"@type\":\"WebSite\",\"@id\":\"http:\\\/\\\/xactskateshop.com\\\/fr\\\/#website\",\"url\":\"http:\\\/\\\/xactskateshop.com\\\/fr\\\/\",\"name\":\"Xact Skate Shop\",\"description\":\"Un site utilisant WordPress\",\"publisher\":{\"@id\":\"http:\\\/\\\/xactskateshop.com\\\/fr\\\/#organization\"},\"potentialAction\":[{\"@type\":\"SearchAction\",\"target\":{\"@type\":\"EntryPoint\",\"urlTemplate\":\"http:\\\/\\\/xactskateshop.com\\\/fr\\\/?s={search_term_string}\"},\"query-input\":{\"@type\":\"PropertyValueSpecification\",\"valueRequired\":true,\"valueName\":\"search_term_string\"}}],\"inLanguage\":\"fr-FR\"},{\"@type\":\"Organization\",\"@id\":\"http:\\\/\\\/xactskateshop.com\\\/fr\\\/#organization\",\"name\":\"XACT Skate Shop\",\"url\":\"http:\\\/\\\/xactskateshop.com\\\/fr\\\/\",\"logo\":{\"@type\":\"ImageObject\",\"inLanguage\":\"fr-FR\",\"@id\":\"http:\\\/\\\/xactskateshop.com\\\/fr\\\/#\\\/schema\\\/logo\\\/image\\\/\",\"url\":\"http:\\\/\\\/xactskateshop.com\\\/wp-content\\\/uploads\\\/2024\\\/04\\\/xactskateshop-dot-com-avec-contour-noir-sans-fond-675x.jpg\",\"contentUrl\":\"http:\\\/\\\/xactskateshop.com\\\/wp-content\\\/uploads\\\/2024\\\/04\\\/xactskateshop-dot-com-avec-contour-noir-sans-fond-675x.jpg\",\"width\":675,\"height\":247,\"caption\":\"XACT Skate Shop\"},\"image\":{\"@id\":\"http:\\\/\\\/xactskateshop.com\\\/fr\\\/#\\\/schema\\\/logo\\\/image\\\/\"},\"sameAs\":[\"https:\\\/\\\/www.facebook.com\\\/JeanLouiskateshop\"]}]}<\/script>\n<!-- \/ Yoast SEO plugin. -->","yoast_head_json":{"title":"Bont Jet blue inline %sepsiteame%%%.","description":"Bont Jet blue inline. Le Bont Jet est le patin de vitesse en ligne le plus populaire au monde et pour une bonne raison : il offre un excellent rapport qualit\u00e9-prix. Achetez le v\u00f4tre ici !","robots":{"index":"index","follow":"follow","max-snippet":"max-snippet:-1","max-image-preview":"max-image-preview:large","max-video-preview":"max-video-preview:-1"},"canonical":"https:\/\/xactskateshop.com\/fr\/produit\/bont-jet-195mm-inline-skate-boots-3\/","og_locale":"fr_FR","og_type":"article","og_title":"Bont Jet blue inline %sepsiteame%%%.","og_description":"Bont Jet blue inline. Le Bont Jet est le patin de vitesse en ligne le plus populaire au monde et pour une bonne raison : il offre un excellent rapport qualit\u00e9-prix. Achetez le v\u00f4tre ici !","og_url":"https:\/\/xactskateshop.com\/fr\/produit\/bont-jet-195mm-inline-skate-boots-3\/","og_site_name":"Xact Skate Shop","article_publisher":"https:\/\/www.facebook.com\/JeanLouiskateshop","og_image":[{"width":1000,"height":1000,"url":"https:\/\/xactskateshop.com\/wp-content\/uploads\/2021\/03\/Jet-Blue_Side-1.jpg","type":"image\/jpeg"}],"twitter_card":"summary_large_image","twitter_misc":{"Dur\u00e9e de lecture estim\u00e9e":"2 minutes"},"schema":{"@context":"https:\/\/schema.org","@graph":[{"@type":"WebPage","@id":"https:\/\/xactskateshop.com\/fr\/produit\/bont-jet-195mm-inline-skate-boots-3\/","url":"https:\/\/xactskateshop.com\/fr\/produit\/bont-jet-195mm-inline-skate-boots-3\/","name":"Bont Jet blue inline %sepsiteame%%%.","isPartOf":{"@id":"http:\/\/xactskateshop.com\/fr\/#website"},"primaryImageOfPage":{"@id":"https:\/\/xactskateshop.com\/fr\/produit\/bont-jet-195mm-inline-skate-boots-3\/#primaryimage"},"image":{"@id":"https:\/\/xactskateshop.com\/fr\/produit\/bont-jet-195mm-inline-skate-boots-3\/#primaryimage"},"thumbnailUrl":"https:\/\/xactskateshop.com\/wp-content\/uploads\/2021\/03\/Jet-Blue_Side-1.jpg","datePublished":"2021-03-22T19:55:03+00:00","description":"Bont Jet blue inline. Le Bont Jet est le patin de vitesse en ligne le plus populaire au monde et pour une bonne raison : il offre un excellent rapport qualit\u00e9-prix. Achetez le v\u00f4tre ici !","breadcrumb":{"@id":"https:\/\/xactskateshop.com\/fr\/produit\/bont-jet-195mm-inline-skate-boots-3\/#breadcrumb"},"inLanguage":"fr-FR","potentialAction":[{"@type":"ReadAction","target":["https:\/\/xactskateshop.com\/fr\/produit\/bont-jet-195mm-inline-skate-boots-3\/"]}]},{"@type":"ImageObject","inLanguage":"fr-FR","@id":"https:\/\/xactskateshop.com\/fr\/produit\/bont-jet-195mm-inline-skate-boots-3\/#primaryimage","url":"https:\/\/xactskateshop.com\/wp-content\/uploads\/2021\/03\/Jet-Blue_Side-1.jpg","contentUrl":"https:\/\/xactskateshop.com\/wp-content\/uploads\/2021\/03\/Jet-Blue_Side-1.jpg","width":1000,"height":1000,"caption":"Bont Jet blue inline"},{"@type":"BreadcrumbList","@id":"https:\/\/xactskateshop.com\/fr\/produit\/bont-jet-195mm-inline-skate-boots-3\/#breadcrumb","itemListElement":[{"@type":"ListItem","position":1,"name":"Home","item":"https:\/\/xactskateshop.com\/fr\/accueil\/"},{"@type":"ListItem","position":2,"name":"Boutique","item":"https:\/\/xactskateshop.com\/shop\/"},{"@type":"ListItem","position":3,"name":"BONT JET 195mm Inline Skate Boots"}]},{"@type":"WebSite","@id":"http:\/\/xactskateshop.com\/fr\/#website","url":"http:\/\/xactskateshop.com\/fr\/","name":"Xact Skate Shop","description":"Un site utilisant WordPress","publisher":{"@id":"http:\/\/xactskateshop.com\/fr\/#organization"},"potentialAction":[{"@type":"SearchAction","target":{"@type":"EntryPoint","urlTemplate":"http:\/\/xactskateshop.com\/fr\/?s={search_term_string}"},"query-input":{"@type":"PropertyValueSpecification","valueRequired":true,"valueName":"search_term_string"}}],"inLanguage":"fr-FR"},{"@type":"Organization","@id":"http:\/\/xactskateshop.com\/fr\/#organization","name":"XACT Skate Shop","url":"http:\/\/xactskateshop.com\/fr\/","logo":{"@type":"ImageObject","inLanguage":"fr-FR","@id":"http:\/\/xactskateshop.com\/fr\/#\/schema\/logo\/image\/","url":"http:\/\/xactskateshop.com\/wp-content\/uploads\/2024\/04\/xactskateshop-dot-com-avec-contour-noir-sans-fond-675x.jpg","contentUrl":"http:\/\/xactskateshop.com\/wp-content\/uploads\/2024\/04\/xactskateshop-dot-com-avec-contour-noir-sans-fond-675x.jpg","width":675,"height":247,"caption":"XACT Skate Shop"},"image":{"@id":"http:\/\/xactskateshop.com\/fr\/#\/schema\/logo\/image\/"},"sameAs":["https:\/\/www.facebook.com\/JeanLouiskateshop"]}]}},"_links":{"self":[{"href":"https:\/\/xactskateshop.com\/fr\/wp-json\/wp\/v2\/product\/58361","targetHints":{"allow":["GET"]}}],"collection":[{"href":"https:\/\/xactskateshop.com\/fr\/wp-json\/wp\/v2\/product"}],"about":[{"href":"https:\/\/xactskateshop.com\/fr\/wp-json\/wp\/v2\/types\/product"}],"replies":[{"embeddable":true,"href":"https:\/\/xactskateshop.com\/fr\/wp-json\/wp\/v2\/comments?post=58361"}],"wp:featuredmedia":[{"embeddable":true,"href":"https:\/\/xactskateshop.com\/fr\/wp-json\/wp\/v2\/media\/28924"}],"wp:attachment":[{"href":"https:\/\/xactskateshop.com\/fr\/wp-json\/wp\/v2\/media?parent=58361"}],"wp:term":[{"taxonomy":"product_brand","embeddable":true,"href":"https:\/\/xactskateshop.com\/fr\/wp-json\/wp\/v2\/product_brand?post=58361"},{"taxonomy":"product_cat","embeddable":true,"href":"https:\/\/xactskateshop.com\/fr\/wp-json\/wp\/v2\/product_cat?post=58361"},{"taxonomy":"product_tag","embeddable":true,"href":"https:\/\/xactskateshop.com\/fr\/wp-json\/wp\/v2\/product_tag?post=58361"}],"curies":[{"name":"wp","href":"https:\/\/api.w.org\/{rel}","templated":true}]}}