{"id":58346,"date":"2021-03-26T12:49:15","date_gmt":"2021-03-26T16:49:15","guid":{"rendered":"http:\/\/xactskateshop.com\/product\/bont-luna-195mm-inline-skate-boots-2\/"},"modified":"2026-04-22T17:31:04","modified_gmt":"2026-04-22T21:31:04","slug":"bont-luna-195mm-inline-skate-boots-2","status":"publish","type":"product","link":"https:\/\/xactskateshop.com\/fr\/produit\/bont-luna-195mm-inline-skate-boots-2\/","title":{"rendered":"Bottines BONT LUNA 195mm"},"content":{"rendered":"<div>\n<p>Rapide, \u00e9l\u00e9gant et con\u00e7u pour gagner ! Le patin de vitesse \u00e0 roues align\u00e9es Luna combine la meilleure construction de patin de vitesse avec un look minimaliste. <\/p>\n<p>Le patin de vitesse \u00e0 roues align\u00e9es Luna est le seul patin de vitesse \u00e0 roues align\u00e9es d&#8217;entr\u00e9e et de milieu de gamme fabriqu\u00e9 en une seule pi\u00e8ce. Pour clarifier, la fabrication en une seule pi\u00e8ce est une technique que l&#8217;on retrouve sur les bottes personnalis\u00e9es, dont le prix d\u00e9passe g\u00e9n\u00e9ralement 1000 $. La qualit\u00e9 de fabrication de la Luna est in\u00e9gal\u00e9e. La chaussure passe par 16 \u00e9tapes de contr\u00f4le qualit\u00e9 avant d&#8217;\u00eatre pr\u00eate \u00e0 \u00eatre vendue.   <\/p>\n<p>La chaussure de patinage \u00e0 roues align\u00e9es Luna commence sa vie en \u00e9tant construite autour d&#8217;une forme (pied en plastique). Nos formes ont \u00e9t\u00e9 modifi\u00e9es et am\u00e9lior\u00e9es pendant plus de 45 ans par le c\u00e9l\u00e8bre designer de patins M. Inze Bont. Nous avons donc un bon point de d\u00e9part. Nous enroulons \u00e0 la main la fibre de carbone et la fibre de verre autour de la mousse \u00e0 m\u00e9moire de forme pour obtenir une base tr\u00e8s l\u00e9g\u00e8re mais durable. De plus, la r\u00e9sine \u00e9poxy que nous utilisons est la r\u00e9sine la plus thermoformable de l&#8217;industrie ! La botte est \u00e9galement munie de bandes anti-\u00e9tirement qui garantissent que la botte ne s&#8217;\u00e9tire pas avec le temps.     <\/p>\n<p>Le patin de vitesse \u00e0 roues align\u00e9es Luna diff\u00e8re du <a title=\"Patin de vitesse \u00e0 roues align\u00e9es Bont Jet\" href=\"https:\/\/bont.com\/collections\/inline-speed-skates\/products\/jet-inline-speed-skate\" target=\"_blank\" rel=\"noopener noreferrer\">patin de vitesse \u00e0 roues align\u00e9es Bont Jet<\/a> en ce que cette chaussure n&#8217;a pas de thermoplastique \u00e0 l&#8217;int\u00e9rieur de la chaussure. Le thermoplastique est tr\u00e8s utile pour mouler votre chaussure dans le four afin de l&#8217;adapter \u00e0 votre pied. Cependant, si vous n&#8217;avez pas besoin de cette caract\u00e9ristique, le patin de vitesse en ligne Luna est un meilleur choix de patin que le Jet.  <\/p>\n<p>Faites passer votre patinage de vitesse au niveau sup\u00e9rieur avec le patin de course Bont Luna.<\/p>\n<p><strong>Caract\u00e9ristiques :<\/strong><\/p>\n<ul>\n<li><strong>Base :<\/strong> Composite de carbone<\/li>\n<li><strong>Rev\u00eatement ext\u00e9rieur :<\/strong> Microfibre<\/li>\n<li><strong>Doublure :<\/strong> Daim L<\/li>\n<li><strong>Pas :<\/strong> 12mm<\/li>\n<li><strong>Fentes d&#8217;a\u00e9ration :<\/strong> Languette<\/li>\n<li><strong>Semelle int\u00e9rieure :<\/strong> EVA thermo-moulable<\/li>\n<li><strong>Thermoformable :<\/strong> Base enti\u00e8rement thermoformable utilisant une r\u00e9sine \u00e9poxy thermodurcissable.<\/li>\n<li><strong>Rembourrage :<\/strong> Mousse \u00e0 m\u00e9moire de forme<\/li>\n<li><strong>Taille : <\/strong>Enfants 11\/29 &#8211; adultes 12.5\/49<\/li>\n<li><strong>Remarque :<\/strong> les enfants de 11\/29 \u00e0 2,5\/34,5 ne sont pas \u00e9quip\u00e9s d&#8217;une sangle frontale.<\/li>\n<\/ul>\n<\/div>\n<div><strong>Si la taille command\u00e9e n&#8217;est pas en stock au Canada, cela peut prendre jusqu&#8217;\u00e0 6 semaines.<\/strong><\/div>\n","protected":false},"excerpt":{"rendered":"<p>Rapide, \u00e9l\u00e9gant et con\u00e7u pour gagner ! Le patin de vitesse \u00e0 roues align\u00e9es Luna combine la meilleure construction de patin de vitesse avec un look minimaliste. <\/p>\n<p><strong>Si la taille command\u00e9e n&#8217;est pas en stock au Canada, cela peut prendre jusqu&#8217;\u00e0 6 semaines.<\/strong><\/p>\n","protected":false},"featured_media":7472,"comment_status":"closed","ping_status":"closed","template":"","meta":{"site-sidebar-layout":"default","site-content-layout":"default","ast-site-content-layout":"default","site-content-style":"default","site-sidebar-style":"default","ast-global-header-display":"","ast-banner-title-visibility":"","ast-main-header-display":"","ast-hfb-above-header-display":"","ast-hfb-below-header-display":"","ast-hfb-mobile-header-display":"","site-post-title":"","ast-breadcrumbs-content":"","ast-featured-img":"","footer-sml-layout":"","ast-disable-related-posts":"","theme-transparent-header-meta":"default","adv-header-id-meta":"","stick-header-meta":"","header-above-stick-meta":"","header-main-stick-meta":"","header-below-stick-meta":"","astra-migrate-meta-layouts":"default","ast-page-background-enabled":"default","ast-page-background-meta":{"desktop":{"background-color":"","background-image":"","background-repeat":"repeat","background-position":"center center","background-size":"auto","background-attachment":"scroll","background-type":"","background-media":"","overlay-type":"","overlay-color":"","overlay-opacity":"","overlay-gradient":""},"tablet":{"background-color":"","background-image":"","background-repeat":"repeat","background-position":"center center","background-size":"auto","background-attachment":"scroll","background-type":"","background-media":"","overlay-type":"","overlay-color":"","overlay-opacity":"","overlay-gradient":""},"mobile":{"background-color":"","background-image":"","background-repeat":"repeat","background-position":"center center","background-size":"auto","background-attachment":"scroll","background-type":"","background-media":"","overlay-type":"","overlay-color":"","overlay-opacity":"","overlay-gradient":""}},"ast-content-background-meta":{"desktop":{"background-color":"var(--ast-global-color-5)","background-image":"","background-repeat":"repeat","background-position":"center center","background-size":"auto","background-attachment":"scroll","background-type":"","background-media":"","overlay-type":"","overlay-color":"","overlay-opacity":"","overlay-gradient":""},"tablet":{"background-color":"var(--ast-global-color-5)","background-image":"","background-repeat":"repeat","background-position":"center center","background-size":"auto","background-attachment":"scroll","background-type":"","background-media":"","overlay-type":"","overlay-color":"","overlay-opacity":"","overlay-gradient":""},"mobile":{"background-color":"var(--ast-global-color-5)","background-image":"","background-repeat":"repeat","background-position":"center center","background-size":"auto","background-attachment":"scroll","background-type":"","background-media":"","overlay-type":"","overlay-color":"","overlay-opacity":"","overlay-gradient":""}}},"product_brand":[],"product_cat":[2140,1589],"product_tag":[],"class_list":{"0":"post-58346","1":"product","2":"type-product","3":"status-publish","4":"has-post-thumbnail","6":"product_cat-bottines-de-patinage-de-vitesse-a-roues-alignees","7":"product_cat-patinage-de-vitesse-a-roues-alignees","8":"desktop-align-center","9":"tablet-align-center","10":"mobile-align-center","11":"ast-product-gallery-layout-horizontal","12":"ast-product-single-variable","13":"ast-product-tabs-layout-horizontal","14":"ast-qv-on-image","16":"first","17":"instock","18":"taxable","19":"shipping-taxable","20":"purchasable","21":"product-type-variable"},"bundled_by":[],"bundle_stock_status":"instock","bundle_stock_quantity":null,"bundle_virtual":false,"bundle_layout":"","bundle_add_to_cart_form_location":"","bundle_editable_in_cart":false,"bundle_sold_individually_context":"","bundle_item_grouping":"","bundle_min_size":"","bundle_max_size":"","bundle_price":[],"bundled_items":[],"bundle_sell_ids":[],"yoast_head":"<!-- This site is optimized with the Yoast SEO plugin v27.5 - https:\/\/yoast.com\/product\/yoast-seo-wordpress\/ -->\n<title>Bottines BONT LUNA 195mm - Xact Skate Shop<\/title>\n<meta name=\"description\" content=\"Rapide, \u00e9l\u00e9gant et con\u00e7u pour gagner ! Le patin de vitesse \u00e0 roues align\u00e9es Luna combine la meilleure construction de patin de vitesse avec un look minimaliste. Achetez le v\u00f4tre ici !\" \/>\n<meta name=\"robots\" content=\"index, follow, max-snippet:-1, max-image-preview:large, max-video-preview:-1\" \/>\n<link rel=\"canonical\" href=\"https:\/\/xactskateshop.com\/fr\/produit\/bont-luna-195mm-inline-skate-boots-2\/\" \/>\n<meta property=\"og:locale\" content=\"fr_FR\" \/>\n<meta property=\"og:type\" content=\"article\" \/>\n<meta property=\"og:title\" content=\"Bottines BONT LUNA 195mm - Xact Skate Shop\" \/>\n<meta property=\"og:description\" content=\"Rapide, \u00e9l\u00e9gant et con\u00e7u pour gagner ! Le patin de vitesse \u00e0 roues align\u00e9es Luna combine la meilleure construction de patin de vitesse avec un look minimaliste. Achetez le v\u00f4tre ici !\" \/>\n<meta property=\"og:url\" content=\"https:\/\/xactskateshop.com\/fr\/produit\/bont-luna-195mm-inline-skate-boots-2\/\" \/>\n<meta property=\"og:site_name\" content=\"Xact Skate Shop\" \/>\n<meta property=\"article:publisher\" content=\"https:\/\/www.facebook.com\/JeanLouiskateshop\" \/>\n<meta property=\"article:modified_time\" content=\"2026-04-22T21:31:04+00:00\" \/>\n<meta property=\"og:image\" content=\"https:\/\/xactskateshop.com\/wp-content\/uploads\/2021\/03\/Luna-Pink.jpg\" \/>\n\t<meta property=\"og:image:width\" content=\"1000\" \/>\n\t<meta property=\"og:image:height\" content=\"1000\" \/>\n\t<meta property=\"og:image:type\" content=\"image\/jpeg\" \/>\n<meta name=\"twitter:card\" content=\"summary_large_image\" \/>\n<meta name=\"twitter:label1\" content=\"Dur\u00e9e de lecture estim\u00e9e\" \/>\n\t<meta name=\"twitter:data1\" content=\"2 minutes\" \/>\n<script type=\"application\/ld+json\" class=\"yoast-schema-graph\">{\"@context\":\"https:\\\/\\\/schema.org\",\"@graph\":[{\"@type\":\"WebPage\",\"@id\":\"https:\\\/\\\/xactskateshop.com\\\/fr\\\/produit\\\/bont-luna-195mm-inline-skate-boots-2\\\/\",\"url\":\"https:\\\/\\\/xactskateshop.com\\\/fr\\\/produit\\\/bont-luna-195mm-inline-skate-boots-2\\\/\",\"name\":\"Bottines BONT LUNA 195mm - Xact Skate Shop\",\"isPartOf\":{\"@id\":\"http:\\\/\\\/xactskateshop.com\\\/fr\\\/#website\"},\"primaryImageOfPage\":{\"@id\":\"https:\\\/\\\/xactskateshop.com\\\/fr\\\/produit\\\/bont-luna-195mm-inline-skate-boots-2\\\/#primaryimage\"},\"image\":{\"@id\":\"https:\\\/\\\/xactskateshop.com\\\/fr\\\/produit\\\/bont-luna-195mm-inline-skate-boots-2\\\/#primaryimage\"},\"thumbnailUrl\":\"https:\\\/\\\/xactskateshop.com\\\/wp-content\\\/uploads\\\/2021\\\/03\\\/Luna-Pink.jpg\",\"datePublished\":\"2021-03-26T16:49:15+00:00\",\"dateModified\":\"2026-04-22T21:31:04+00:00\",\"description\":\"Rapide, \u00e9l\u00e9gant et con\u00e7u pour gagner ! Le patin de vitesse \u00e0 roues align\u00e9es Luna combine la meilleure construction de patin de vitesse avec un look minimaliste. Achetez le v\u00f4tre ici !\",\"breadcrumb\":{\"@id\":\"https:\\\/\\\/xactskateshop.com\\\/fr\\\/produit\\\/bont-luna-195mm-inline-skate-boots-2\\\/#breadcrumb\"},\"inLanguage\":\"fr-FR\",\"potentialAction\":[{\"@type\":\"ReadAction\",\"target\":[\"https:\\\/\\\/xactskateshop.com\\\/fr\\\/produit\\\/bont-luna-195mm-inline-skate-boots-2\\\/\"]}]},{\"@type\":\"ImageObject\",\"inLanguage\":\"fr-FR\",\"@id\":\"https:\\\/\\\/xactskateshop.com\\\/fr\\\/produit\\\/bont-luna-195mm-inline-skate-boots-2\\\/#primaryimage\",\"url\":\"https:\\\/\\\/xactskateshop.com\\\/wp-content\\\/uploads\\\/2021\\\/03\\\/Luna-Pink.jpg\",\"contentUrl\":\"https:\\\/\\\/xactskateshop.com\\\/wp-content\\\/uploads\\\/2021\\\/03\\\/Luna-Pink.jpg\",\"width\":1000,\"height\":1000},{\"@type\":\"BreadcrumbList\",\"@id\":\"https:\\\/\\\/xactskateshop.com\\\/fr\\\/produit\\\/bont-luna-195mm-inline-skate-boots-2\\\/#breadcrumb\",\"itemListElement\":[{\"@type\":\"ListItem\",\"position\":1,\"name\":\"Home\",\"item\":\"https:\\\/\\\/xactskateshop.com\\\/fr\\\/accueil\\\/\"},{\"@type\":\"ListItem\",\"position\":2,\"name\":\"Boutique\",\"item\":\"https:\\\/\\\/xactskateshop.com\\\/shop\\\/\"},{\"@type\":\"ListItem\",\"position\":3,\"name\":\"Bottines BONT LUNA 195mm\"}]},{\"@type\":\"WebSite\",\"@id\":\"http:\\\/\\\/xactskateshop.com\\\/fr\\\/#website\",\"url\":\"http:\\\/\\\/xactskateshop.com\\\/fr\\\/\",\"name\":\"Xact Skate Shop\",\"description\":\"Un site utilisant WordPress\",\"publisher\":{\"@id\":\"http:\\\/\\\/xactskateshop.com\\\/fr\\\/#organization\"},\"potentialAction\":[{\"@type\":\"SearchAction\",\"target\":{\"@type\":\"EntryPoint\",\"urlTemplate\":\"http:\\\/\\\/xactskateshop.com\\\/fr\\\/?s={search_term_string}\"},\"query-input\":{\"@type\":\"PropertyValueSpecification\",\"valueRequired\":true,\"valueName\":\"search_term_string\"}}],\"inLanguage\":\"fr-FR\"},{\"@type\":\"Organization\",\"@id\":\"http:\\\/\\\/xactskateshop.com\\\/fr\\\/#organization\",\"name\":\"XACT Skate Shop\",\"url\":\"http:\\\/\\\/xactskateshop.com\\\/fr\\\/\",\"logo\":{\"@type\":\"ImageObject\",\"inLanguage\":\"fr-FR\",\"@id\":\"http:\\\/\\\/xactskateshop.com\\\/fr\\\/#\\\/schema\\\/logo\\\/image\\\/\",\"url\":\"http:\\\/\\\/xactskateshop.com\\\/wp-content\\\/uploads\\\/2024\\\/04\\\/xactskateshop-dot-com-avec-contour-noir-sans-fond-675x.jpg\",\"contentUrl\":\"http:\\\/\\\/xactskateshop.com\\\/wp-content\\\/uploads\\\/2024\\\/04\\\/xactskateshop-dot-com-avec-contour-noir-sans-fond-675x.jpg\",\"width\":675,\"height\":247,\"caption\":\"XACT Skate Shop\"},\"image\":{\"@id\":\"http:\\\/\\\/xactskateshop.com\\\/fr\\\/#\\\/schema\\\/logo\\\/image\\\/\"},\"sameAs\":[\"https:\\\/\\\/www.facebook.com\\\/JeanLouiskateshop\"]}]}<\/script>\n<!-- \/ Yoast SEO plugin. -->","yoast_head_json":{"title":"Bottines BONT LUNA 195mm - Xact Skate Shop","description":"Rapide, \u00e9l\u00e9gant et con\u00e7u pour gagner ! Le patin de vitesse \u00e0 roues align\u00e9es Luna combine la meilleure construction de patin de vitesse avec un look minimaliste. Achetez le v\u00f4tre ici !","robots":{"index":"index","follow":"follow","max-snippet":"max-snippet:-1","max-image-preview":"max-image-preview:large","max-video-preview":"max-video-preview:-1"},"canonical":"https:\/\/xactskateshop.com\/fr\/produit\/bont-luna-195mm-inline-skate-boots-2\/","og_locale":"fr_FR","og_type":"article","og_title":"Bottines BONT LUNA 195mm - Xact Skate Shop","og_description":"Rapide, \u00e9l\u00e9gant et con\u00e7u pour gagner ! Le patin de vitesse \u00e0 roues align\u00e9es Luna combine la meilleure construction de patin de vitesse avec un look minimaliste. Achetez le v\u00f4tre ici !","og_url":"https:\/\/xactskateshop.com\/fr\/produit\/bont-luna-195mm-inline-skate-boots-2\/","og_site_name":"Xact Skate Shop","article_publisher":"https:\/\/www.facebook.com\/JeanLouiskateshop","article_modified_time":"2026-04-22T21:31:04+00:00","og_image":[{"width":1000,"height":1000,"url":"https:\/\/xactskateshop.com\/wp-content\/uploads\/2021\/03\/Luna-Pink.jpg","type":"image\/jpeg"}],"twitter_card":"summary_large_image","twitter_misc":{"Dur\u00e9e de lecture estim\u00e9e":"2 minutes"},"schema":{"@context":"https:\/\/schema.org","@graph":[{"@type":"WebPage","@id":"https:\/\/xactskateshop.com\/fr\/produit\/bont-luna-195mm-inline-skate-boots-2\/","url":"https:\/\/xactskateshop.com\/fr\/produit\/bont-luna-195mm-inline-skate-boots-2\/","name":"Bottines BONT LUNA 195mm - Xact Skate Shop","isPartOf":{"@id":"http:\/\/xactskateshop.com\/fr\/#website"},"primaryImageOfPage":{"@id":"https:\/\/xactskateshop.com\/fr\/produit\/bont-luna-195mm-inline-skate-boots-2\/#primaryimage"},"image":{"@id":"https:\/\/xactskateshop.com\/fr\/produit\/bont-luna-195mm-inline-skate-boots-2\/#primaryimage"},"thumbnailUrl":"https:\/\/xactskateshop.com\/wp-content\/uploads\/2021\/03\/Luna-Pink.jpg","datePublished":"2021-03-26T16:49:15+00:00","dateModified":"2026-04-22T21:31:04+00:00","description":"Rapide, \u00e9l\u00e9gant et con\u00e7u pour gagner ! Le patin de vitesse \u00e0 roues align\u00e9es Luna combine la meilleure construction de patin de vitesse avec un look minimaliste. Achetez le v\u00f4tre ici !","breadcrumb":{"@id":"https:\/\/xactskateshop.com\/fr\/produit\/bont-luna-195mm-inline-skate-boots-2\/#breadcrumb"},"inLanguage":"fr-FR","potentialAction":[{"@type":"ReadAction","target":["https:\/\/xactskateshop.com\/fr\/produit\/bont-luna-195mm-inline-skate-boots-2\/"]}]},{"@type":"ImageObject","inLanguage":"fr-FR","@id":"https:\/\/xactskateshop.com\/fr\/produit\/bont-luna-195mm-inline-skate-boots-2\/#primaryimage","url":"https:\/\/xactskateshop.com\/wp-content\/uploads\/2021\/03\/Luna-Pink.jpg","contentUrl":"https:\/\/xactskateshop.com\/wp-content\/uploads\/2021\/03\/Luna-Pink.jpg","width":1000,"height":1000},{"@type":"BreadcrumbList","@id":"https:\/\/xactskateshop.com\/fr\/produit\/bont-luna-195mm-inline-skate-boots-2\/#breadcrumb","itemListElement":[{"@type":"ListItem","position":1,"name":"Home","item":"https:\/\/xactskateshop.com\/fr\/accueil\/"},{"@type":"ListItem","position":2,"name":"Boutique","item":"https:\/\/xactskateshop.com\/shop\/"},{"@type":"ListItem","position":3,"name":"Bottines BONT LUNA 195mm"}]},{"@type":"WebSite","@id":"http:\/\/xactskateshop.com\/fr\/#website","url":"http:\/\/xactskateshop.com\/fr\/","name":"Xact Skate Shop","description":"Un site utilisant WordPress","publisher":{"@id":"http:\/\/xactskateshop.com\/fr\/#organization"},"potentialAction":[{"@type":"SearchAction","target":{"@type":"EntryPoint","urlTemplate":"http:\/\/xactskateshop.com\/fr\/?s={search_term_string}"},"query-input":{"@type":"PropertyValueSpecification","valueRequired":true,"valueName":"search_term_string"}}],"inLanguage":"fr-FR"},{"@type":"Organization","@id":"http:\/\/xactskateshop.com\/fr\/#organization","name":"XACT Skate Shop","url":"http:\/\/xactskateshop.com\/fr\/","logo":{"@type":"ImageObject","inLanguage":"fr-FR","@id":"http:\/\/xactskateshop.com\/fr\/#\/schema\/logo\/image\/","url":"http:\/\/xactskateshop.com\/wp-content\/uploads\/2024\/04\/xactskateshop-dot-com-avec-contour-noir-sans-fond-675x.jpg","contentUrl":"http:\/\/xactskateshop.com\/wp-content\/uploads\/2024\/04\/xactskateshop-dot-com-avec-contour-noir-sans-fond-675x.jpg","width":675,"height":247,"caption":"XACT Skate Shop"},"image":{"@id":"http:\/\/xactskateshop.com\/fr\/#\/schema\/logo\/image\/"},"sameAs":["https:\/\/www.facebook.com\/JeanLouiskateshop"]}]}},"_links":{"self":[{"href":"https:\/\/xactskateshop.com\/fr\/wp-json\/wp\/v2\/product\/58346","targetHints":{"allow":["GET"]}}],"collection":[{"href":"https:\/\/xactskateshop.com\/fr\/wp-json\/wp\/v2\/product"}],"about":[{"href":"https:\/\/xactskateshop.com\/fr\/wp-json\/wp\/v2\/types\/product"}],"replies":[{"embeddable":true,"href":"https:\/\/xactskateshop.com\/fr\/wp-json\/wp\/v2\/comments?post=58346"}],"wp:featuredmedia":[{"embeddable":true,"href":"https:\/\/xactskateshop.com\/fr\/wp-json\/wp\/v2\/media\/7472"}],"wp:attachment":[{"href":"https:\/\/xactskateshop.com\/fr\/wp-json\/wp\/v2\/media?parent=58346"}],"wp:term":[{"taxonomy":"product_brand","embeddable":true,"href":"https:\/\/xactskateshop.com\/fr\/wp-json\/wp\/v2\/product_brand?post=58346"},{"taxonomy":"product_cat","embeddable":true,"href":"https:\/\/xactskateshop.com\/fr\/wp-json\/wp\/v2\/product_cat?post=58346"},{"taxonomy":"product_tag","embeddable":true,"href":"https:\/\/xactskateshop.com\/fr\/wp-json\/wp\/v2\/product_tag?post=58346"}],"curies":[{"name":"wp","href":"https:\/\/api.w.org\/{rel}","templated":true}]}}