{"id":58159,"date":"2021-03-13T13:53:33","date_gmt":"2021-03-13T18:53:33","guid":{"rendered":"http:\/\/xactskateshop.com\/product\/bont-luna-2pf-6061-elemental-2\/"},"modified":"2021-03-13T13:53:33","modified_gmt":"2021-03-13T18:53:33","slug":"bont-luna-2pf-6061-elemental-2","status":"publish","type":"product","link":"https:\/\/xactskateshop.com\/fr\/produit\/bont-luna-2pf-6061-elemental-2\/","title":{"rendered":"BONT LUNA &#8211; 2PF 6061 ELEMENTAL"},"content":{"rendered":"<p>Rapide, \u00e9l\u00e9gant et con\u00e7u pour gagner !<\/p>\n<p>Le Bont Luna est le seul patin de vitesse d&#8217;entr\u00e9e de gamme sur le march\u00e9 \u00e0 \u00eatre fabriqu\u00e9 en une seule pi\u00e8ce, une technique de fabrication que l&#8217;on retrouve sur les bottes personnalis\u00e9es co\u00fbtant plus de 1000 $. La Luna se distingue par son look \u00e9l\u00e9gant et rapide, avec une bo\u00eete \u00e0 orteils basse et un rembourrage fin qui donnent \u00e0 cette chaussure une allure rapide et une sensation de r\u00e9activit\u00e9. <\/p>\n<p>La botte Luna est construite autour d&#8217;une forme qui a \u00e9t\u00e9 modifi\u00e9e et am\u00e9lior\u00e9e pendant plus de 40 ans par M. Inze Bont. La fibre de carbone et la fibre de verre sont pos\u00e9es \u00e0 la main autour de la mousse \u00e0 m\u00e9moire de forme, ce qui permet d&#8217;obtenir une base tr\u00e8s l\u00e9g\u00e8re et solide. La r\u00e9sine \u00e9poxy est la plus thermoformable de l&#8217;industrie. La botte est munie de bandes anti-\u00e9tirement qui garantissent que la botte ne s&#8217;\u00e9tire pas avec le temps. Faites passer votre patinage de vitesse au niveau sup\u00e9rieur avec le patin de course en ligne Bont Luna.    <\/p>\n<ul>\n<li><strong>Caract\u00e9ristiques:Base :<\/strong> Composite de carbone<\/li>\n<li><strong>Rev\u00eatement ext\u00e9rieur :<\/strong> Microfibre<\/li>\n<li><strong>Doublure :<\/strong> Daim L<\/li>\n<li><strong>Pas :<\/strong> 12mm<\/li>\n<li><strong>Fentes d&#8217;a\u00e9ration :<\/strong> Languette<\/li>\n<li><strong>Semelle int\u00e9rieure :<\/strong> EVA thermo-moulable<\/li>\n<li><strong>Thermoformable :<\/strong> Base enti\u00e8rement thermoformable utilisant une r\u00e9sine \u00e9poxy thermodurcissable.<\/li>\n<li><strong>Rembourrage :<\/strong> Mousse \u00e0 m\u00e9moire de forme<\/li>\n<li><strong>Taille : <\/strong>Enfants 11\/29 &#8211; adultes 10.5\/45<\/li>\n<li><strong>Note :<\/strong> Les enfants de 11\/29 \u00e0 2.5\/34.5 n&#8217;ont pas de sangle frontale.<\/li>\n<\/ul>\n<p>*********<\/p>\n<p><strong><em>TAILLE DE BOTTE 29-35 :<\/em><\/strong><\/p>\n<p><strong><em>MONTAGE : 165mm<\/em><\/strong><\/p>\n<p><strong><em>CADRE : 2PF 11.25&#8243;<\/em><\/strong><\/p>\n<p><strong><em>ROUES : 4X 90mm Elemental  <\/em><\/strong><\/p>\n<p><strong><em>TAILLE DE BOTTE 35.5-45 :<\/em><\/strong><\/p>\n<p><strong><em>MONTAGE : 195mm<\/em><\/strong><\/p>\n<p><strong><em>CADRE : 2PF 11.25,12,12.6,13.2<\/em><\/strong><\/p>\n<p><strong><em>ROUES : 4X90mm, 4x100mm, 4x110mm Elemental<\/em><\/strong><\/p>\n","protected":false},"excerpt":{"rendered":"<p>Rapide, \u00e9l\u00e9gant et con\u00e7u pour gagner !<\/p>\n<p>Le Bont Luna est le seul patin de vitesse d&#8217;entr\u00e9e de gamme sur le march\u00e9 \u00e0 \u00eatre fabriqu\u00e9 en une seule pi\u00e8ce, une technique de fabrication que l&#8217;on retrouve sur les bottes personnalis\u00e9es co\u00fbtant plus de 1000 $. La Luna se distingue par son look \u00e9l\u00e9gant et rapide, avec une bo\u00eete \u00e0 orteils basse et un rembourrage fin qui donnent \u00e0 cette chaussure une allure rapide et une sensation de r\u00e9activit\u00e9. <\/p>\n<p><em><strong>Les tailles en rupture de stock peuvent prendre jusqu&#8217;\u00e0 6 semaines pour \u00eatre re\u00e7ues.<\/strong><\/em><\/p>\n<p>&nbsp;<\/p>\n","protected":false},"featured_media":28840,"comment_status":"closed","ping_status":"closed","template":"","meta":{"site-sidebar-layout":"default","site-content-layout":"default","ast-site-content-layout":"default","site-content-style":"default","site-sidebar-style":"default","ast-global-header-display":"","ast-banner-title-visibility":"","ast-main-header-display":"","ast-hfb-above-header-display":"","ast-hfb-below-header-display":"","ast-hfb-mobile-header-display":"","site-post-title":"","ast-breadcrumbs-content":"","ast-featured-img":"","footer-sml-layout":"","theme-transparent-header-meta":"default","adv-header-id-meta":"","stick-header-meta":"","header-above-stick-meta":"","header-main-stick-meta":"","header-below-stick-meta":"","astra-migrate-meta-layouts":"default","ast-page-background-enabled":"default","ast-page-background-meta":{"desktop":{"background-color":"","background-image":"","background-repeat":"repeat","background-position":"center center","background-size":"auto","background-attachment":"scroll","background-type":"","background-media":"","overlay-type":"","overlay-color":"","overlay-opacity":"","overlay-gradient":""},"tablet":{"background-color":"","background-image":"","background-repeat":"repeat","background-position":"center center","background-size":"auto","background-attachment":"scroll","background-type":"","background-media":"","overlay-type":"","overlay-color":"","overlay-opacity":"","overlay-gradient":""},"mobile":{"background-color":"","background-image":"","background-repeat":"repeat","background-position":"center center","background-size":"auto","background-attachment":"scroll","background-type":"","background-media":"","overlay-type":"","overlay-color":"","overlay-opacity":"","overlay-gradient":""}},"ast-content-background-meta":{"desktop":{"background-color":"var(--ast-global-color-5)","background-image":"","background-repeat":"repeat","background-position":"center center","background-size":"auto","background-attachment":"scroll","background-type":"","background-media":"","overlay-type":"","overlay-color":"","overlay-opacity":"","overlay-gradient":""},"tablet":{"background-color":"var(--ast-global-color-5)","background-image":"","background-repeat":"repeat","background-position":"center center","background-size":"auto","background-attachment":"scroll","background-type":"","background-media":"","overlay-type":"","overlay-color":"","overlay-opacity":"","overlay-gradient":""},"mobile":{"background-color":"var(--ast-global-color-5)","background-image":"","background-repeat":"repeat","background-position":"center center","background-size":"auto","background-attachment":"scroll","background-type":"","background-media":"","overlay-type":"","overlay-color":"","overlay-opacity":"","overlay-gradient":""}}},"product_brand":[],"product_cat":[1728,1589],"product_tag":[],"class_list":{"0":"post-58159","1":"product","2":"type-product","3":"status-publish","4":"has-post-thumbnail","6":"product_cat-ensembles-de-patinage-a-roues-alignees","7":"product_cat-patinage-de-vitesse-a-roues-alignees","8":"desktop-align-center","9":"tablet-align-center","10":"mobile-align-center","11":"ast-product-gallery-layout-horizontal","12":"ast-product-single-variable","13":"ast-product-tabs-layout-horizontal","14":"ast-qv-on-image","16":"first","17":"instock","18":"taxable","19":"shipping-taxable","20":"purchasable","21":"product-type-variable"},"bundled_by":[],"bundle_stock_status":"instock","bundle_stock_quantity":null,"bundle_virtual":false,"bundle_layout":"","bundle_add_to_cart_form_location":"","bundle_editable_in_cart":false,"bundle_sold_individually_context":"","bundle_item_grouping":"","bundle_min_size":"","bundle_max_size":"","bundle_price":[],"bundled_items":[],"bundle_sell_ids":[],"yoast_head":"<!-- This site is optimized with the Yoast SEO plugin v27.4 - https:\/\/yoast.com\/product\/yoast-seo-wordpress\/ -->\n<title>BONT LUNA - 2PF 6061 ELEMENTAL - Xact Skate Shop<\/title>\n<meta name=\"robots\" content=\"index, follow, max-snippet:-1, max-image-preview:large, max-video-preview:-1\" \/>\n<link rel=\"canonical\" href=\"https:\/\/xactskateshop.com\/fr\/produit\/bont-luna-2pf-6061-elemental-2\/\" \/>\n<meta property=\"og:locale\" content=\"fr_FR\" \/>\n<meta property=\"og:type\" content=\"article\" \/>\n<meta property=\"og:title\" content=\"BONT LUNA - 2PF 6061 ELEMENTAL - Xact Skate Shop\" \/>\n<meta property=\"og:description\" content=\"Rapide, \u00e9l\u00e9gant et con\u00e7u pour gagner ! Le Bont Luna est le seul patin de vitesse d&#039;entr\u00e9e de gamme sur le march\u00e9 \u00e0 \u00eatre fabriqu\u00e9 en une seule pi\u00e8ce, une technique de fabrication que l&#039;on retrouve sur les bottes personnalis\u00e9es co\u00fbtant plus de 1000 $. La Luna se distingue par son look \u00e9l\u00e9gant et rapide, avec une bo\u00eete \u00e0 orteils basse et un rembourrage fin qui donnent \u00e0 cette chaussure une allure rapide et une sensation de r\u00e9activit\u00e9.  Les tailles en rupture de stock peuvent prendre jusqu&#039;\u00e0 6 semaines pour \u00eatre re\u00e7ues. &nbsp;\" \/>\n<meta property=\"og:url\" content=\"https:\/\/xactskateshop.com\/fr\/produit\/bont-luna-2pf-6061-elemental-2\/\" \/>\n<meta property=\"og:site_name\" content=\"Xact Skate Shop\" \/>\n<meta property=\"article:publisher\" content=\"https:\/\/www.facebook.com\/JeanLouiskateshop\" \/>\n<meta property=\"og:image\" content=\"https:\/\/xactskateshop.com\/wp-content\/uploads\/2021\/03\/luna-elemental-blue.jpg\" \/>\n\t<meta property=\"og:image:width\" content=\"1000\" \/>\n\t<meta property=\"og:image:height\" content=\"1000\" \/>\n\t<meta property=\"og:image:type\" content=\"image\/jpeg\" \/>\n<meta name=\"twitter:card\" content=\"summary_large_image\" \/>\n<meta name=\"twitter:label1\" content=\"Dur\u00e9e de lecture estim\u00e9e\" \/>\n\t<meta name=\"twitter:data1\" content=\"1 minute\" \/>\n<script type=\"application\/ld+json\" class=\"yoast-schema-graph\">{\"@context\":\"https:\\\/\\\/schema.org\",\"@graph\":[{\"@type\":\"WebPage\",\"@id\":\"https:\\\/\\\/xactskateshop.com\\\/fr\\\/produit\\\/bont-luna-2pf-6061-elemental-2\\\/\",\"url\":\"https:\\\/\\\/xactskateshop.com\\\/fr\\\/produit\\\/bont-luna-2pf-6061-elemental-2\\\/\",\"name\":\"BONT LUNA - 2PF 6061 ELEMENTAL - Xact Skate Shop\",\"isPartOf\":{\"@id\":\"http:\\\/\\\/xactskateshop.com\\\/fr\\\/#website\"},\"primaryImageOfPage\":{\"@id\":\"https:\\\/\\\/xactskateshop.com\\\/fr\\\/produit\\\/bont-luna-2pf-6061-elemental-2\\\/#primaryimage\"},\"image\":{\"@id\":\"https:\\\/\\\/xactskateshop.com\\\/fr\\\/produit\\\/bont-luna-2pf-6061-elemental-2\\\/#primaryimage\"},\"thumbnailUrl\":\"https:\\\/\\\/xactskateshop.com\\\/wp-content\\\/uploads\\\/2021\\\/03\\\/luna-elemental-blue.jpg\",\"datePublished\":\"2021-03-13T18:53:33+00:00\",\"breadcrumb\":{\"@id\":\"https:\\\/\\\/xactskateshop.com\\\/fr\\\/produit\\\/bont-luna-2pf-6061-elemental-2\\\/#breadcrumb\"},\"inLanguage\":\"fr-FR\",\"potentialAction\":[{\"@type\":\"ReadAction\",\"target\":[\"https:\\\/\\\/xactskateshop.com\\\/fr\\\/produit\\\/bont-luna-2pf-6061-elemental-2\\\/\"]}]},{\"@type\":\"ImageObject\",\"inLanguage\":\"fr-FR\",\"@id\":\"https:\\\/\\\/xactskateshop.com\\\/fr\\\/produit\\\/bont-luna-2pf-6061-elemental-2\\\/#primaryimage\",\"url\":\"https:\\\/\\\/xactskateshop.com\\\/wp-content\\\/uploads\\\/2021\\\/03\\\/luna-elemental-blue.jpg\",\"contentUrl\":\"https:\\\/\\\/xactskateshop.com\\\/wp-content\\\/uploads\\\/2021\\\/03\\\/luna-elemental-blue.jpg\",\"width\":1000,\"height\":1000},{\"@type\":\"BreadcrumbList\",\"@id\":\"https:\\\/\\\/xactskateshop.com\\\/fr\\\/produit\\\/bont-luna-2pf-6061-elemental-2\\\/#breadcrumb\",\"itemListElement\":[{\"@type\":\"ListItem\",\"position\":1,\"name\":\"Home\",\"item\":\"https:\\\/\\\/xactskateshop.com\\\/fr\\\/accueil\\\/\"},{\"@type\":\"ListItem\",\"position\":2,\"name\":\"Boutique\",\"item\":\"https:\\\/\\\/xactskateshop.com\\\/shop\\\/\"},{\"@type\":\"ListItem\",\"position\":3,\"name\":\"BONT LUNA &#8211; 2PF 6061 ELEMENTAL\"}]},{\"@type\":\"WebSite\",\"@id\":\"http:\\\/\\\/xactskateshop.com\\\/fr\\\/#website\",\"url\":\"http:\\\/\\\/xactskateshop.com\\\/fr\\\/\",\"name\":\"Xact Skate Shop\",\"description\":\"Un site utilisant WordPress\",\"publisher\":{\"@id\":\"http:\\\/\\\/xactskateshop.com\\\/fr\\\/#organization\"},\"potentialAction\":[{\"@type\":\"SearchAction\",\"target\":{\"@type\":\"EntryPoint\",\"urlTemplate\":\"http:\\\/\\\/xactskateshop.com\\\/fr\\\/?s={search_term_string}\"},\"query-input\":{\"@type\":\"PropertyValueSpecification\",\"valueRequired\":true,\"valueName\":\"search_term_string\"}}],\"inLanguage\":\"fr-FR\"},{\"@type\":\"Organization\",\"@id\":\"http:\\\/\\\/xactskateshop.com\\\/fr\\\/#organization\",\"name\":\"XACT Skate Shop\",\"url\":\"http:\\\/\\\/xactskateshop.com\\\/fr\\\/\",\"logo\":{\"@type\":\"ImageObject\",\"inLanguage\":\"fr-FR\",\"@id\":\"http:\\\/\\\/xactskateshop.com\\\/fr\\\/#\\\/schema\\\/logo\\\/image\\\/\",\"url\":\"http:\\\/\\\/xactskateshop.com\\\/wp-content\\\/uploads\\\/2024\\\/04\\\/xactskateshop-dot-com-avec-contour-noir-sans-fond-675x.jpg\",\"contentUrl\":\"http:\\\/\\\/xactskateshop.com\\\/wp-content\\\/uploads\\\/2024\\\/04\\\/xactskateshop-dot-com-avec-contour-noir-sans-fond-675x.jpg\",\"width\":675,\"height\":247,\"caption\":\"XACT Skate Shop\"},\"image\":{\"@id\":\"http:\\\/\\\/xactskateshop.com\\\/fr\\\/#\\\/schema\\\/logo\\\/image\\\/\"},\"sameAs\":[\"https:\\\/\\\/www.facebook.com\\\/JeanLouiskateshop\"]}]}<\/script>\n<!-- \/ Yoast SEO plugin. -->","yoast_head_json":{"title":"BONT LUNA - 2PF 6061 ELEMENTAL - Xact Skate Shop","robots":{"index":"index","follow":"follow","max-snippet":"max-snippet:-1","max-image-preview":"max-image-preview:large","max-video-preview":"max-video-preview:-1"},"canonical":"https:\/\/xactskateshop.com\/fr\/produit\/bont-luna-2pf-6061-elemental-2\/","og_locale":"fr_FR","og_type":"article","og_title":"BONT LUNA - 2PF 6061 ELEMENTAL - Xact Skate Shop","og_description":"Rapide, \u00e9l\u00e9gant et con\u00e7u pour gagner ! Le Bont Luna est le seul patin de vitesse d'entr\u00e9e de gamme sur le march\u00e9 \u00e0 \u00eatre fabriqu\u00e9 en une seule pi\u00e8ce, une technique de fabrication que l'on retrouve sur les bottes personnalis\u00e9es co\u00fbtant plus de 1000 $. La Luna se distingue par son look \u00e9l\u00e9gant et rapide, avec une bo\u00eete \u00e0 orteils basse et un rembourrage fin qui donnent \u00e0 cette chaussure une allure rapide et une sensation de r\u00e9activit\u00e9.  Les tailles en rupture de stock peuvent prendre jusqu'\u00e0 6 semaines pour \u00eatre re\u00e7ues. &nbsp;","og_url":"https:\/\/xactskateshop.com\/fr\/produit\/bont-luna-2pf-6061-elemental-2\/","og_site_name":"Xact Skate Shop","article_publisher":"https:\/\/www.facebook.com\/JeanLouiskateshop","og_image":[{"width":1000,"height":1000,"url":"https:\/\/xactskateshop.com\/wp-content\/uploads\/2021\/03\/luna-elemental-blue.jpg","type":"image\/jpeg"}],"twitter_card":"summary_large_image","twitter_misc":{"Dur\u00e9e de lecture estim\u00e9e":"1 minute"},"schema":{"@context":"https:\/\/schema.org","@graph":[{"@type":"WebPage","@id":"https:\/\/xactskateshop.com\/fr\/produit\/bont-luna-2pf-6061-elemental-2\/","url":"https:\/\/xactskateshop.com\/fr\/produit\/bont-luna-2pf-6061-elemental-2\/","name":"BONT LUNA - 2PF 6061 ELEMENTAL - Xact Skate Shop","isPartOf":{"@id":"http:\/\/xactskateshop.com\/fr\/#website"},"primaryImageOfPage":{"@id":"https:\/\/xactskateshop.com\/fr\/produit\/bont-luna-2pf-6061-elemental-2\/#primaryimage"},"image":{"@id":"https:\/\/xactskateshop.com\/fr\/produit\/bont-luna-2pf-6061-elemental-2\/#primaryimage"},"thumbnailUrl":"https:\/\/xactskateshop.com\/wp-content\/uploads\/2021\/03\/luna-elemental-blue.jpg","datePublished":"2021-03-13T18:53:33+00:00","breadcrumb":{"@id":"https:\/\/xactskateshop.com\/fr\/produit\/bont-luna-2pf-6061-elemental-2\/#breadcrumb"},"inLanguage":"fr-FR","potentialAction":[{"@type":"ReadAction","target":["https:\/\/xactskateshop.com\/fr\/produit\/bont-luna-2pf-6061-elemental-2\/"]}]},{"@type":"ImageObject","inLanguage":"fr-FR","@id":"https:\/\/xactskateshop.com\/fr\/produit\/bont-luna-2pf-6061-elemental-2\/#primaryimage","url":"https:\/\/xactskateshop.com\/wp-content\/uploads\/2021\/03\/luna-elemental-blue.jpg","contentUrl":"https:\/\/xactskateshop.com\/wp-content\/uploads\/2021\/03\/luna-elemental-blue.jpg","width":1000,"height":1000},{"@type":"BreadcrumbList","@id":"https:\/\/xactskateshop.com\/fr\/produit\/bont-luna-2pf-6061-elemental-2\/#breadcrumb","itemListElement":[{"@type":"ListItem","position":1,"name":"Home","item":"https:\/\/xactskateshop.com\/fr\/accueil\/"},{"@type":"ListItem","position":2,"name":"Boutique","item":"https:\/\/xactskateshop.com\/shop\/"},{"@type":"ListItem","position":3,"name":"BONT LUNA &#8211; 2PF 6061 ELEMENTAL"}]},{"@type":"WebSite","@id":"http:\/\/xactskateshop.com\/fr\/#website","url":"http:\/\/xactskateshop.com\/fr\/","name":"Xact Skate Shop","description":"Un site utilisant WordPress","publisher":{"@id":"http:\/\/xactskateshop.com\/fr\/#organization"},"potentialAction":[{"@type":"SearchAction","target":{"@type":"EntryPoint","urlTemplate":"http:\/\/xactskateshop.com\/fr\/?s={search_term_string}"},"query-input":{"@type":"PropertyValueSpecification","valueRequired":true,"valueName":"search_term_string"}}],"inLanguage":"fr-FR"},{"@type":"Organization","@id":"http:\/\/xactskateshop.com\/fr\/#organization","name":"XACT Skate Shop","url":"http:\/\/xactskateshop.com\/fr\/","logo":{"@type":"ImageObject","inLanguage":"fr-FR","@id":"http:\/\/xactskateshop.com\/fr\/#\/schema\/logo\/image\/","url":"http:\/\/xactskateshop.com\/wp-content\/uploads\/2024\/04\/xactskateshop-dot-com-avec-contour-noir-sans-fond-675x.jpg","contentUrl":"http:\/\/xactskateshop.com\/wp-content\/uploads\/2024\/04\/xactskateshop-dot-com-avec-contour-noir-sans-fond-675x.jpg","width":675,"height":247,"caption":"XACT Skate Shop"},"image":{"@id":"http:\/\/xactskateshop.com\/fr\/#\/schema\/logo\/image\/"},"sameAs":["https:\/\/www.facebook.com\/JeanLouiskateshop"]}]}},"_links":{"self":[{"href":"https:\/\/xactskateshop.com\/fr\/wp-json\/wp\/v2\/product\/58159","targetHints":{"allow":["GET"]}}],"collection":[{"href":"https:\/\/xactskateshop.com\/fr\/wp-json\/wp\/v2\/product"}],"about":[{"href":"https:\/\/xactskateshop.com\/fr\/wp-json\/wp\/v2\/types\/product"}],"replies":[{"embeddable":true,"href":"https:\/\/xactskateshop.com\/fr\/wp-json\/wp\/v2\/comments?post=58159"}],"wp:featuredmedia":[{"embeddable":true,"href":"https:\/\/xactskateshop.com\/fr\/wp-json\/wp\/v2\/media\/28840"}],"wp:attachment":[{"href":"https:\/\/xactskateshop.com\/fr\/wp-json\/wp\/v2\/media?parent=58159"}],"wp:term":[{"taxonomy":"product_brand","embeddable":true,"href":"https:\/\/xactskateshop.com\/fr\/wp-json\/wp\/v2\/product_brand?post=58159"},{"taxonomy":"product_cat","embeddable":true,"href":"https:\/\/xactskateshop.com\/fr\/wp-json\/wp\/v2\/product_cat?post=58159"},{"taxonomy":"product_tag","embeddable":true,"href":"https:\/\/xactskateshop.com\/fr\/wp-json\/wp\/v2\/product_tag?post=58159"}],"curies":[{"name":"wp","href":"https:\/\/api.w.org\/{rel}","templated":true}]}}