{"id":58128,"date":"2021-03-12T17:56:42","date_gmt":"2021-03-12T22:56:42","guid":{"rendered":"http:\/\/xactskateshop.com\/product\/bont-casque-pour-patineur-a-roues-alignees-et-cycliste\/"},"modified":"2021-03-12T17:56:42","modified_gmt":"2021-03-12T22:56:42","slug":"bont-casque-pour-patineur-a-roues-alignees-et-cycliste","status":"publish","type":"product","link":"https:\/\/xactskateshop.com\/fr\/produit\/bont-casque-pour-patineur-a-roues-alignees-et-cycliste\/","title":{"rendered":"BONT Casque pour patineur \u00e0 roues align\u00e9es et cycliste"},"content":{"rendered":"<h2>BONT Casque pour patineur \u00e0 roues align\u00e9es et cycliste<\/h2>\n<p>Le casque BONT Inline Skating\/Bike est l&#8217;\u00e9quilibre parfait entre le style et la performance. Il convient avant tout au patineur de vitesse en ligne actif qui se soucie de la protection. Par co\u00efncidence, il est \u00e9galement id\u00e9al pour ceux qui veulent \u00eatre \u00e9l\u00e9gants en m\u00eame temps.  <\/p>\n<p>Disponible en 4 couleurs bicolores \u00e9l\u00e9gantes, avec une mentonni\u00e8re r\u00e9glable et un cadran de verrouillage pour un ajustement de pr\u00e9cision personnalis\u00e9, ce casque de patinage en ligne allie \u00e0 coup s\u00fbr le style et la performance. De plus, ce casque utilise des inserts rembourr\u00e9s amovibles qui sont lavables apr\u00e8s les longues journ\u00e9es de patinage en ligne. Il est l\u00e9ger, bien ventil\u00e9 et utilise la technologie In-Mold pour le confort.  <\/p>\n<h4><\/h4>\n<h4><strong>Caract\u00e9ristiques<\/strong><\/h4>\n<ul>\n<li>Technologie dans le moule<\/li>\n<li>Verrouillage r\u00e9glable du cadran<\/li>\n<\/ul>\n<h4>Taille<\/h4>\n<ul>\n<li>XS\/S = 52-56cm<\/li>\n<li>S\/M = 54-58cm<\/li>\n<li>M\/L = 58-62cm<\/li>\n<\/ul>\n<p>La derni\u00e8re chose \u00e0 laquelle vous voulez penser lorsque vous faites du patinage de vitesse en ligne est un accident. Prot\u00e9gez donc votre t\u00eate avec ce casque de patinage de vitesse en ligne Bont. Disponible pour les enfants, les gar\u00e7ons, les filles, les jeunes, les hommes et les femmes. Ce casque de patinage en ligne convient parfaitement aux enfants. Surtout dans les couleurs rose et bleu.   <\/p>\n<h4><\/h4>\n<h4>Les avantages de ce casque :<\/h4>\n<ol>\n<li>C&#8217;est l&#8217;endroit le plus l\u00e9ger et le plus a\u00e9r\u00e9.<\/li>\n<li>Conception tridimensionnelle du conduit : Cette conception est tr\u00e8s a\u00e9rodynamique, le coefficient de tra\u00een\u00e9e est faible, ce qui permet \u00e0 l&#8217;utilisateur de se sentir plus \u00e0 l&#8217;aise lorsqu&#8217;il roule.<\/li>\n<li>Bordure amovible : Bloquez le soleil et la pluie lorsque vous roulez.<\/li>\n<li>Technologie In-mold : sans couture, lorsque le casque est impact\u00e9, l&#8217;ensemble du casque est soumis \u00e0 une force uniforme.<\/li>\n<li>Coque en PC de haute qualit\u00e9.<\/li>\n<li>Le mat\u00e9riau EPS noir est import\u00e9 d&#8217;Am\u00e9rique.<\/li>\n<li>Mentonni\u00e8re r\u00e9glable avec boucle \u00e0 d\u00e9clenchement rapide ; r\u00e9glage par blocage arri\u00e8re ; coussinets frais et confortables.<\/li>\n<li>Certification : CE-CPSC-ASTM-AS\/NZS-TUV-EN1078 certifi\u00e9 pour la protection contre les chocs.<\/li>\n<\/ol>\n<p>Nouveau casque AU-B702 Casque de v\u00e9lo de haute qualit\u00e9 avec approbation CE, CPSC.<\/p>\n<h4><\/h4>\n<h4>Caract\u00e9ristiques du produit<\/h4>\n<ol>\n<li>L&#8217;\u00e9paisseur de la coque en PC augmente consid\u00e9rablement la protection.<\/li>\n<li>Mat\u00e9riau EPS gris de haute densit\u00e9, l\u00e9ger, r\u00e9sistant aux chocs, offrant une protection fiable.<\/li>\n<li>Avec boucle de r\u00e9glage headlock, sangle PA, coussinets lavables.<\/li>\n<li>La doublure est \u00e9quip\u00e9e de la technologie de pressage \u00e0 chaud.<\/li>\n<\/ol>\n","protected":false},"excerpt":{"rendered":"<hr>\n<p style=\"text-align: center;\">La derni\u00e8re chose \u00e0 laquelle vous voulez penser lorsque vous faites du patinage de vitesse en ligne est un accident. Prot\u00e9gez donc votre t\u00eate avec ce casque de patinage de vitesse en ligne Bont. Disponible pour les enfants, les gar\u00e7ons, les filles, les jeunes, les hommes et les femmes. Ce casque de patinage en ligne convient parfaitement aux enfants. Surtout dans les couleurs rose et bleu.   <\/p>\n<hr>\n<p style=\"text-align: center;\">\n","protected":false},"featured_media":39114,"comment_status":"closed","ping_status":"closed","template":"","meta":{"site-sidebar-layout":"default","site-content-layout":"default","ast-site-content-layout":"default","site-content-style":"default","site-sidebar-style":"default","ast-global-header-display":"","ast-banner-title-visibility":"","ast-main-header-display":"","ast-hfb-above-header-display":"","ast-hfb-below-header-display":"","ast-hfb-mobile-header-display":"","site-post-title":"","ast-breadcrumbs-content":"","ast-featured-img":"","footer-sml-layout":"","theme-transparent-header-meta":"default","adv-header-id-meta":"","stick-header-meta":"","header-above-stick-meta":"","header-main-stick-meta":"","header-below-stick-meta":"","astra-migrate-meta-layouts":"default","ast-page-background-enabled":"default","ast-page-background-meta":{"desktop":{"background-color":"","background-image":"","background-repeat":"repeat","background-position":"center center","background-size":"auto","background-attachment":"scroll","background-type":"","background-media":"","overlay-type":"","overlay-color":"","overlay-opacity":"","overlay-gradient":""},"tablet":{"background-color":"","background-image":"","background-repeat":"repeat","background-position":"center center","background-size":"auto","background-attachment":"scroll","background-type":"","background-media":"","overlay-type":"","overlay-color":"","overlay-opacity":"","overlay-gradient":""},"mobile":{"background-color":"","background-image":"","background-repeat":"repeat","background-position":"center center","background-size":"auto","background-attachment":"scroll","background-type":"","background-media":"","overlay-type":"","overlay-color":"","overlay-opacity":"","overlay-gradient":""}},"ast-content-background-meta":{"desktop":{"background-color":"var(--ast-global-color-5)","background-image":"","background-repeat":"repeat","background-position":"center center","background-size":"auto","background-attachment":"scroll","background-type":"","background-media":"","overlay-type":"","overlay-color":"","overlay-opacity":"","overlay-gradient":""},"tablet":{"background-color":"var(--ast-global-color-5)","background-image":"","background-repeat":"repeat","background-position":"center center","background-size":"auto","background-attachment":"scroll","background-type":"","background-media":"","overlay-type":"","overlay-color":"","overlay-opacity":"","overlay-gradient":""},"mobile":{"background-color":"var(--ast-global-color-5)","background-image":"","background-repeat":"repeat","background-position":"center center","background-size":"auto","background-attachment":"scroll","background-type":"","background-media":"","overlay-type":"","overlay-color":"","overlay-opacity":"","overlay-gradient":""}}},"product_brand":[],"product_cat":[1529,1733,1589],"product_tag":[],"class_list":{"0":"post-58128","1":"product","2":"type-product","3":"status-publish","4":"has-post-thumbnail","6":"product_cat-accessoires-de-patinage-a-roues-alignees","7":"product_cat-equipement-de-protection","8":"product_cat-patinage-de-vitesse-a-roues-alignees","9":"desktop-align-center","10":"tablet-align-center","11":"mobile-align-center","12":"ast-product-gallery-layout-horizontal","13":"ast-product-single-variable","14":"ast-product-tabs-layout-horizontal","15":"ast-qv-on-image","17":"first","18":"instock","19":"taxable","20":"shipping-taxable","21":"purchasable","22":"product-type-variable"},"bundled_by":[],"bundle_stock_status":"instock","bundle_stock_quantity":null,"bundle_virtual":false,"bundle_layout":"","bundle_add_to_cart_form_location":"","bundle_editable_in_cart":false,"bundle_sold_individually_context":"","bundle_item_grouping":"","bundle_min_size":"","bundle_max_size":"","bundle_price":[],"bundled_items":[],"bundle_sell_ids":[],"yoast_head":"<!-- This site is optimized with the Yoast SEO plugin v27.4 - https:\/\/yoast.com\/product\/yoast-seo-wordpress\/ -->\n<title>BONT Casque pour patineur \u00e0 roues align\u00e9es et cycliste - Xact Skate Shop<\/title>\n<meta name=\"description\" content=\"Casque BONT pour patineurs \u00e0 roues align\u00e9es et cyclistes. Nouveau casque super l\u00e9ger AU-B702 casque de v\u00e9lo de haute qualit\u00e9 avec approbation CE, CPSC. Achetez le v\u00f4tre ici !\" \/>\n<meta name=\"robots\" content=\"index, follow, max-snippet:-1, max-image-preview:large, max-video-preview:-1\" \/>\n<link rel=\"canonical\" href=\"https:\/\/xactskateshop.com\/fr\/produit\/bont-casque-pour-patineur-a-roues-alignees-et-cycliste\/\" \/>\n<meta property=\"og:locale\" content=\"fr_FR\" \/>\n<meta property=\"og:type\" content=\"article\" \/>\n<meta property=\"og:title\" content=\"BONT Casque pour patineur \u00e0 roues align\u00e9es et cycliste - Xact Skate Shop\" \/>\n<meta property=\"og:description\" content=\"Casque BONT pour patineurs \u00e0 roues align\u00e9es et cyclistes. Nouveau casque super l\u00e9ger AU-B702 casque de v\u00e9lo de haute qualit\u00e9 avec approbation CE, CPSC. Achetez le v\u00f4tre ici !\" \/>\n<meta property=\"og:url\" content=\"https:\/\/xactskateshop.com\/fr\/produit\/bont-casque-pour-patineur-a-roues-alignees-et-cycliste\/\" \/>\n<meta property=\"og:site_name\" content=\"Xact Skate Shop\" \/>\n<meta property=\"article:publisher\" content=\"https:\/\/www.facebook.com\/JeanLouiskateshop\" \/>\n<meta property=\"og:image\" content=\"https:\/\/xactskateshop.com\/wp-content\/uploads\/2021\/03\/black-white-3.jpg\" \/>\n\t<meta property=\"og:image:width\" content=\"1000\" \/>\n\t<meta property=\"og:image:height\" content=\"1000\" \/>\n\t<meta property=\"og:image:type\" content=\"image\/jpeg\" \/>\n<meta name=\"twitter:card\" content=\"summary_large_image\" \/>\n<meta name=\"twitter:label1\" content=\"Dur\u00e9e de lecture estim\u00e9e\" \/>\n\t<meta name=\"twitter:data1\" content=\"2 minutes\" \/>\n<script type=\"application\/ld+json\" class=\"yoast-schema-graph\">{\"@context\":\"https:\\\/\\\/schema.org\",\"@graph\":[{\"@type\":\"WebPage\",\"@id\":\"https:\\\/\\\/xactskateshop.com\\\/fr\\\/produit\\\/bont-casque-pour-patineur-a-roues-alignees-et-cycliste\\\/\",\"url\":\"https:\\\/\\\/xactskateshop.com\\\/fr\\\/produit\\\/bont-casque-pour-patineur-a-roues-alignees-et-cycliste\\\/\",\"name\":\"BONT Casque pour patineur \u00e0 roues align\u00e9es et cycliste - Xact Skate Shop\",\"isPartOf\":{\"@id\":\"http:\\\/\\\/xactskateshop.com\\\/fr\\\/#website\"},\"primaryImageOfPage\":{\"@id\":\"https:\\\/\\\/xactskateshop.com\\\/fr\\\/produit\\\/bont-casque-pour-patineur-a-roues-alignees-et-cycliste\\\/#primaryimage\"},\"image\":{\"@id\":\"https:\\\/\\\/xactskateshop.com\\\/fr\\\/produit\\\/bont-casque-pour-patineur-a-roues-alignees-et-cycliste\\\/#primaryimage\"},\"thumbnailUrl\":\"https:\\\/\\\/xactskateshop.com\\\/wp-content\\\/uploads\\\/2021\\\/03\\\/black-white-3.jpg\",\"datePublished\":\"2021-03-12T22:56:42+00:00\",\"description\":\"Casque BONT pour patineurs \u00e0 roues align\u00e9es et cyclistes. Nouveau casque super l\u00e9ger AU-B702 casque de v\u00e9lo de haute qualit\u00e9 avec approbation CE, CPSC. Achetez le v\u00f4tre ici !\",\"breadcrumb\":{\"@id\":\"https:\\\/\\\/xactskateshop.com\\\/fr\\\/produit\\\/bont-casque-pour-patineur-a-roues-alignees-et-cycliste\\\/#breadcrumb\"},\"inLanguage\":\"fr-FR\",\"potentialAction\":[{\"@type\":\"ReadAction\",\"target\":[\"https:\\\/\\\/xactskateshop.com\\\/fr\\\/produit\\\/bont-casque-pour-patineur-a-roues-alignees-et-cycliste\\\/\"]}]},{\"@type\":\"ImageObject\",\"inLanguage\":\"fr-FR\",\"@id\":\"https:\\\/\\\/xactskateshop.com\\\/fr\\\/produit\\\/bont-casque-pour-patineur-a-roues-alignees-et-cycliste\\\/#primaryimage\",\"url\":\"https:\\\/\\\/xactskateshop.com\\\/wp-content\\\/uploads\\\/2021\\\/03\\\/black-white-3.jpg\",\"contentUrl\":\"https:\\\/\\\/xactskateshop.com\\\/wp-content\\\/uploads\\\/2021\\\/03\\\/black-white-3.jpg\",\"width\":1000,\"height\":1000,\"caption\":\"Casque de skating-bike Bont\"},{\"@type\":\"BreadcrumbList\",\"@id\":\"https:\\\/\\\/xactskateshop.com\\\/fr\\\/produit\\\/bont-casque-pour-patineur-a-roues-alignees-et-cycliste\\\/#breadcrumb\",\"itemListElement\":[{\"@type\":\"ListItem\",\"position\":1,\"name\":\"Home\",\"item\":\"https:\\\/\\\/xactskateshop.com\\\/fr\\\/accueil\\\/\"},{\"@type\":\"ListItem\",\"position\":2,\"name\":\"Boutique\",\"item\":\"https:\\\/\\\/xactskateshop.com\\\/shop\\\/\"},{\"@type\":\"ListItem\",\"position\":3,\"name\":\"BONT Casque pour patineur \u00e0 roues align\u00e9es et cycliste\"}]},{\"@type\":\"WebSite\",\"@id\":\"http:\\\/\\\/xactskateshop.com\\\/fr\\\/#website\",\"url\":\"http:\\\/\\\/xactskateshop.com\\\/fr\\\/\",\"name\":\"Xact Skate Shop\",\"description\":\"Un site utilisant WordPress\",\"publisher\":{\"@id\":\"http:\\\/\\\/xactskateshop.com\\\/fr\\\/#organization\"},\"potentialAction\":[{\"@type\":\"SearchAction\",\"target\":{\"@type\":\"EntryPoint\",\"urlTemplate\":\"http:\\\/\\\/xactskateshop.com\\\/fr\\\/?s={search_term_string}\"},\"query-input\":{\"@type\":\"PropertyValueSpecification\",\"valueRequired\":true,\"valueName\":\"search_term_string\"}}],\"inLanguage\":\"fr-FR\"},{\"@type\":\"Organization\",\"@id\":\"http:\\\/\\\/xactskateshop.com\\\/fr\\\/#organization\",\"name\":\"XACT Skate Shop\",\"url\":\"http:\\\/\\\/xactskateshop.com\\\/fr\\\/\",\"logo\":{\"@type\":\"ImageObject\",\"inLanguage\":\"fr-FR\",\"@id\":\"http:\\\/\\\/xactskateshop.com\\\/fr\\\/#\\\/schema\\\/logo\\\/image\\\/\",\"url\":\"http:\\\/\\\/xactskateshop.com\\\/wp-content\\\/uploads\\\/2024\\\/04\\\/xactskateshop-dot-com-avec-contour-noir-sans-fond-675x.jpg\",\"contentUrl\":\"http:\\\/\\\/xactskateshop.com\\\/wp-content\\\/uploads\\\/2024\\\/04\\\/xactskateshop-dot-com-avec-contour-noir-sans-fond-675x.jpg\",\"width\":675,\"height\":247,\"caption\":\"XACT Skate Shop\"},\"image\":{\"@id\":\"http:\\\/\\\/xactskateshop.com\\\/fr\\\/#\\\/schema\\\/logo\\\/image\\\/\"},\"sameAs\":[\"https:\\\/\\\/www.facebook.com\\\/JeanLouiskateshop\"]}]}<\/script>\n<!-- \/ Yoast SEO plugin. -->","yoast_head_json":{"title":"BONT Casque pour patineur \u00e0 roues align\u00e9es et cycliste - Xact Skate Shop","description":"Casque BONT pour patineurs \u00e0 roues align\u00e9es et cyclistes. Nouveau casque super l\u00e9ger AU-B702 casque de v\u00e9lo de haute qualit\u00e9 avec approbation CE, CPSC. Achetez le v\u00f4tre ici !","robots":{"index":"index","follow":"follow","max-snippet":"max-snippet:-1","max-image-preview":"max-image-preview:large","max-video-preview":"max-video-preview:-1"},"canonical":"https:\/\/xactskateshop.com\/fr\/produit\/bont-casque-pour-patineur-a-roues-alignees-et-cycliste\/","og_locale":"fr_FR","og_type":"article","og_title":"BONT Casque pour patineur \u00e0 roues align\u00e9es et cycliste - Xact Skate Shop","og_description":"Casque BONT pour patineurs \u00e0 roues align\u00e9es et cyclistes. Nouveau casque super l\u00e9ger AU-B702 casque de v\u00e9lo de haute qualit\u00e9 avec approbation CE, CPSC. Achetez le v\u00f4tre ici !","og_url":"https:\/\/xactskateshop.com\/fr\/produit\/bont-casque-pour-patineur-a-roues-alignees-et-cycliste\/","og_site_name":"Xact Skate Shop","article_publisher":"https:\/\/www.facebook.com\/JeanLouiskateshop","og_image":[{"width":1000,"height":1000,"url":"https:\/\/xactskateshop.com\/wp-content\/uploads\/2021\/03\/black-white-3.jpg","type":"image\/jpeg"}],"twitter_card":"summary_large_image","twitter_misc":{"Dur\u00e9e de lecture estim\u00e9e":"2 minutes"},"schema":{"@context":"https:\/\/schema.org","@graph":[{"@type":"WebPage","@id":"https:\/\/xactskateshop.com\/fr\/produit\/bont-casque-pour-patineur-a-roues-alignees-et-cycliste\/","url":"https:\/\/xactskateshop.com\/fr\/produit\/bont-casque-pour-patineur-a-roues-alignees-et-cycliste\/","name":"BONT Casque pour patineur \u00e0 roues align\u00e9es et cycliste - Xact Skate Shop","isPartOf":{"@id":"http:\/\/xactskateshop.com\/fr\/#website"},"primaryImageOfPage":{"@id":"https:\/\/xactskateshop.com\/fr\/produit\/bont-casque-pour-patineur-a-roues-alignees-et-cycliste\/#primaryimage"},"image":{"@id":"https:\/\/xactskateshop.com\/fr\/produit\/bont-casque-pour-patineur-a-roues-alignees-et-cycliste\/#primaryimage"},"thumbnailUrl":"https:\/\/xactskateshop.com\/wp-content\/uploads\/2021\/03\/black-white-3.jpg","datePublished":"2021-03-12T22:56:42+00:00","description":"Casque BONT pour patineurs \u00e0 roues align\u00e9es et cyclistes. Nouveau casque super l\u00e9ger AU-B702 casque de v\u00e9lo de haute qualit\u00e9 avec approbation CE, CPSC. Achetez le v\u00f4tre ici !","breadcrumb":{"@id":"https:\/\/xactskateshop.com\/fr\/produit\/bont-casque-pour-patineur-a-roues-alignees-et-cycliste\/#breadcrumb"},"inLanguage":"fr-FR","potentialAction":[{"@type":"ReadAction","target":["https:\/\/xactskateshop.com\/fr\/produit\/bont-casque-pour-patineur-a-roues-alignees-et-cycliste\/"]}]},{"@type":"ImageObject","inLanguage":"fr-FR","@id":"https:\/\/xactskateshop.com\/fr\/produit\/bont-casque-pour-patineur-a-roues-alignees-et-cycliste\/#primaryimage","url":"https:\/\/xactskateshop.com\/wp-content\/uploads\/2021\/03\/black-white-3.jpg","contentUrl":"https:\/\/xactskateshop.com\/wp-content\/uploads\/2021\/03\/black-white-3.jpg","width":1000,"height":1000,"caption":"Casque de skating-bike Bont"},{"@type":"BreadcrumbList","@id":"https:\/\/xactskateshop.com\/fr\/produit\/bont-casque-pour-patineur-a-roues-alignees-et-cycliste\/#breadcrumb","itemListElement":[{"@type":"ListItem","position":1,"name":"Home","item":"https:\/\/xactskateshop.com\/fr\/accueil\/"},{"@type":"ListItem","position":2,"name":"Boutique","item":"https:\/\/xactskateshop.com\/shop\/"},{"@type":"ListItem","position":3,"name":"BONT Casque pour patineur \u00e0 roues align\u00e9es et cycliste"}]},{"@type":"WebSite","@id":"http:\/\/xactskateshop.com\/fr\/#website","url":"http:\/\/xactskateshop.com\/fr\/","name":"Xact Skate Shop","description":"Un site utilisant WordPress","publisher":{"@id":"http:\/\/xactskateshop.com\/fr\/#organization"},"potentialAction":[{"@type":"SearchAction","target":{"@type":"EntryPoint","urlTemplate":"http:\/\/xactskateshop.com\/fr\/?s={search_term_string}"},"query-input":{"@type":"PropertyValueSpecification","valueRequired":true,"valueName":"search_term_string"}}],"inLanguage":"fr-FR"},{"@type":"Organization","@id":"http:\/\/xactskateshop.com\/fr\/#organization","name":"XACT Skate Shop","url":"http:\/\/xactskateshop.com\/fr\/","logo":{"@type":"ImageObject","inLanguage":"fr-FR","@id":"http:\/\/xactskateshop.com\/fr\/#\/schema\/logo\/image\/","url":"http:\/\/xactskateshop.com\/wp-content\/uploads\/2024\/04\/xactskateshop-dot-com-avec-contour-noir-sans-fond-675x.jpg","contentUrl":"http:\/\/xactskateshop.com\/wp-content\/uploads\/2024\/04\/xactskateshop-dot-com-avec-contour-noir-sans-fond-675x.jpg","width":675,"height":247,"caption":"XACT Skate Shop"},"image":{"@id":"http:\/\/xactskateshop.com\/fr\/#\/schema\/logo\/image\/"},"sameAs":["https:\/\/www.facebook.com\/JeanLouiskateshop"]}]}},"_links":{"self":[{"href":"https:\/\/xactskateshop.com\/fr\/wp-json\/wp\/v2\/product\/58128","targetHints":{"allow":["GET"]}}],"collection":[{"href":"https:\/\/xactskateshop.com\/fr\/wp-json\/wp\/v2\/product"}],"about":[{"href":"https:\/\/xactskateshop.com\/fr\/wp-json\/wp\/v2\/types\/product"}],"replies":[{"embeddable":true,"href":"https:\/\/xactskateshop.com\/fr\/wp-json\/wp\/v2\/comments?post=58128"}],"wp:featuredmedia":[{"embeddable":true,"href":"https:\/\/xactskateshop.com\/fr\/wp-json\/wp\/v2\/media\/39114"}],"wp:attachment":[{"href":"https:\/\/xactskateshop.com\/fr\/wp-json\/wp\/v2\/media?parent=58128"}],"wp:term":[{"taxonomy":"product_brand","embeddable":true,"href":"https:\/\/xactskateshop.com\/fr\/wp-json\/wp\/v2\/product_brand?post=58128"},{"taxonomy":"product_cat","embeddable":true,"href":"https:\/\/xactskateshop.com\/fr\/wp-json\/wp\/v2\/product_cat?post=58128"},{"taxonomy":"product_tag","embeddable":true,"href":"https:\/\/xactskateshop.com\/fr\/wp-json\/wp\/v2\/product_tag?post=58128"}],"curies":[{"name":"wp","href":"https:\/\/api.w.org\/{rel}","templated":true}]}}