{"id":58127,"date":"2021-03-15T11:17:04","date_gmt":"2021-03-15T15:17:04","guid":{"rendered":"http:\/\/xactskateshop.com\/product\/bont-doigts-en-carbone\/"},"modified":"2021-03-15T11:17:04","modified_gmt":"2021-03-15T15:17:04","slug":"bont-doigts-en-carbone","status":"publish","type":"product","link":"https:\/\/xactskateshop.com\/fr\/produit\/bont-doigts-en-carbone\/","title":{"rendered":"BONT Doigts en carbone"},"content":{"rendered":"<div id=\"wsite-com-product-short-description\">\n<div class=\"paragraph\">\n<p>Les pointes de doigts en carbone de Bont doivent \u00eatre utilis\u00e9es uniquement pour le patinage de vitesse sur piste courte. (Jeu de 5 pi\u00e8ces) <\/p>\n<p><strong>Instructions de collage  <\/strong><\/p>\n<ol>\n<li>V\u00e9rifiez le num\u00e9ro sur les pointes et associez-les au doigt correspondant sur votre gant.<\/li>\n<li>Appliquez de la colle sur le bord de l&#8217;embout. Appliquez sur des gants propres et secs. Pressez fermement sur le gant avec la main dans le gant.  <\/li>\n<li>Attendez 30 minutes avant de l&#8217;utiliser.<\/li>\n<\/ol>\n<p><strong>DANGER !<\/strong>  Tenir \u00e0 l&#8217;\u00e9cart des yeux. Peut provoquer une r\u00e9action allergique si la colle entre en contact avec la peau. Lisez les mises en garde figurant sur le panneau arri\u00e8re.  <\/p>\n<h5 data-start=\"0\" data-end=\"191\">Avantages de la fibre de carbone<\/h5>\n<p data-start=\"0\" data-end=\"191\">Les fibres de carbone pr\u00e9sentent plusieurs avantages qui les rendent id\u00e9ales pour une vari\u00e9t\u00e9 d&#8217;applications, en particulier dans les secteurs de l&#8217;a\u00e9rospatiale, de l&#8217;automobile, du sport et de la construction. Voici quelques-uns de ces avantages : <\/p>\n<ol data-start=\"193\" data-end=\"1089\">\n<li data-start=\"193\" data-end=\"288\"><strong data-start=\"196\" data-end=\"229\">Rapport r\u00e9sistance\/poids \u00e9lev\u00e9<\/strong> &#8211; Plus r\u00e9sistant que l&#8217;acier tout en \u00e9tant nettement plus l\u00e9ger.<\/li>\n<li data-start=\"289\" data-end=\"387\"><strong data-start=\"292\" data-end=\"307\">L\u00e9ger<\/strong> &#8211; R\u00e9duit le poids total, ce qui am\u00e9liore le rendement \u00e9nerg\u00e9tique des v\u00e9hicules et des avions.<\/li>\n<li data-start=\"388\" data-end=\"457\"><strong data-start=\"391\" data-end=\"415\">R\u00e9sistance \u00e0 la corrosion<\/strong> &#8211; Ne rouille pas et ne se corrode pas comme les m\u00e9taux.<\/li>\n<li data-start=\"458\" data-end=\"560\"><strong data-start=\"461\" data-end=\"479\">Grande rigidit\u00e9<\/strong> &#8211; Offre une excellente rigidit\u00e9, ce qui permet de l&#8217;utiliser pour des applications structurelles.<\/li>\n<li data-start=\"561\" data-end=\"667\"><strong data-start=\"564\" data-end=\"596\">Excellente r\u00e9sistance \u00e0 la fatigue<\/strong> &#8211; R\u00e9siste \u00e0 des cycles de stress r\u00e9p\u00e9t\u00e9s sans d\u00e9gradation significative.<\/li>\n<li data-start=\"668\" data-end=\"752\"><strong data-start=\"671\" data-end=\"696\">Faible dilatation thermique<\/strong> &#8211; Maintien de la forme et de la taille sous l&#8217;effet des changements de temp\u00e9rature.<\/li>\n<li data-start=\"753\" data-end=\"842\"><strong data-start=\"756\" data-end=\"784\">Bonne r\u00e9sistance chimique<\/strong> &#8211; R\u00e9siste aux dommages caus\u00e9s par les produits chimiques et les environnements difficiles.<\/li>\n<li data-start=\"843\" data-end=\"940\"><strong data-start=\"846\" data-end=\"873\">Conductivit\u00e9 \u00e9lectrique<\/strong> &#8211; Peut \u00eatre utilis\u00e9 dans des applications \u00e9lectroniques n\u00e9cessitant une conductivit\u00e9.<\/li>\n<li data-start=\"941\" data-end=\"1020\"><strong data-start=\"944\" data-end=\"966\">Flexibilit\u00e9 de conception<\/strong> &#8211; Peut \u00eatre moul\u00e9 dans des formes et des structures complexes.<\/li>\n<li data-start=\"1021\" data-end=\"1089\"><strong data-start=\"1025\" data-end=\"1042\">Longue dur\u00e9e de vie<\/strong> &#8211; Mat\u00e9riau durable avec une longue dur\u00e9e de vie.<\/li>\n<\/ol>\n<p>Vous voulez voir diff\u00e9rents mod\u00e8les d&#8217;embouts ?  <a href=\"http:\/\/xactskateshop.com\/product-category\/speed-skating\/skating-protection-gear\/gloves-tips\/\">Cliquez ici<\/a><\/p>\n<p>Ils peuvent \u00e9galement \u00eatre achet\u00e9s <a href=\"https:\/\/bont.ca\/collections\/short-track-equipment\/products\/short-track-carbon-finger-tips\">ici<\/a><\/p>\n<\/div>\n<\/div>\n","protected":false},"excerpt":{"rendered":"<hr>\n<p style=\"text-align: center;\">Les pointes de doigts en carbone de Bont doivent \u00eatre utilis\u00e9es uniquement pour le patinage de vitesse sur piste courte. (Jeu de 5 pi\u00e8ces) <\/p>\n<hr>\n<p>&nbsp;<\/p>\n","protected":false},"featured_media":51497,"comment_status":"closed","ping_status":"closed","template":"","meta":{"site-sidebar-layout":"default","site-content-layout":"default","ast-site-content-layout":"default","site-content-style":"default","site-sidebar-style":"default","ast-global-header-display":"","ast-banner-title-visibility":"","ast-main-header-display":"","ast-hfb-above-header-display":"","ast-hfb-below-header-display":"","ast-hfb-mobile-header-display":"","site-post-title":"","ast-breadcrumbs-content":"","ast-featured-img":"","footer-sml-layout":"","theme-transparent-header-meta":"default","adv-header-id-meta":"","stick-header-meta":"","header-above-stick-meta":"","header-main-stick-meta":"","header-below-stick-meta":"","astra-migrate-meta-layouts":"default","ast-page-background-enabled":"default","ast-page-background-meta":{"desktop":{"background-color":"","background-image":"","background-repeat":"repeat","background-position":"center center","background-size":"auto","background-attachment":"scroll","background-type":"","background-media":"","overlay-type":"","overlay-color":"","overlay-opacity":"","overlay-gradient":""},"tablet":{"background-color":"","background-image":"","background-repeat":"repeat","background-position":"center center","background-size":"auto","background-attachment":"scroll","background-type":"","background-media":"","overlay-type":"","overlay-color":"","overlay-opacity":"","overlay-gradient":""},"mobile":{"background-color":"","background-image":"","background-repeat":"repeat","background-position":"center center","background-size":"auto","background-attachment":"scroll","background-type":"","background-media":"","overlay-type":"","overlay-color":"","overlay-opacity":"","overlay-gradient":""}},"ast-content-background-meta":{"desktop":{"background-color":"var(--ast-global-color-5)","background-image":"","background-repeat":"repeat","background-position":"center center","background-size":"auto","background-attachment":"scroll","background-type":"","background-media":"","overlay-type":"","overlay-color":"","overlay-opacity":"","overlay-gradient":""},"tablet":{"background-color":"var(--ast-global-color-5)","background-image":"","background-repeat":"repeat","background-position":"center center","background-size":"auto","background-attachment":"scroll","background-type":"","background-media":"","overlay-type":"","overlay-color":"","overlay-opacity":"","overlay-gradient":""},"mobile":{"background-color":"var(--ast-global-color-5)","background-image":"","background-repeat":"repeat","background-position":"center center","background-size":"auto","background-attachment":"scroll","background-type":"","background-media":"","overlay-type":"","overlay-color":"","overlay-opacity":"","overlay-gradient":""}}},"product_brand":[],"product_cat":[1612,1613,1353],"product_tag":[],"class_list":{"0":"post-58127","1":"product","2":"type-product","3":"status-publish","4":"has-post-thumbnail","6":"product_cat-equipement-de-protection-patinage-de-vitesse-courte-piste","7":"product_cat-gants-et-tips","8":"product_cat-patinage-de-vitesse","9":"desktop-align-center","10":"tablet-align-center","11":"mobile-align-center","12":"ast-product-gallery-layout-horizontal","13":"ast-product-tabs-layout-horizontal","14":"ast-qv-on-image","16":"first","17":"instock","18":"taxable","19":"shipping-taxable","20":"purchasable","21":"product-type-simple"},"bundled_by":[],"bundle_stock_status":"instock","bundle_stock_quantity":7,"bundle_virtual":false,"bundle_layout":"","bundle_add_to_cart_form_location":"","bundle_editable_in_cart":false,"bundle_sold_individually_context":"","bundle_item_grouping":"","bundle_min_size":"","bundle_max_size":"","bundle_price":[],"bundled_items":[],"bundle_sell_ids":[],"yoast_head":"<!-- This site is optimized with the Yoast SEO plugin v27.4 - https:\/\/yoast.com\/product\/yoast-seo-wordpress\/ -->\n<title>BONT Doigts en carbone - Xact Skate Shop<\/title>\n<meta name=\"description\" content=\"les pointes en carbone de bont. Les pointes en carbone de Bont doivent \u00eatre utilis\u00e9es uniquement pour le patinage de vitesse sur piste courte. (Jeu de 5 pi\u00e8ces). Achetez-les ici !\" \/>\n<meta name=\"robots\" content=\"index, follow, max-snippet:-1, max-image-preview:large, max-video-preview:-1\" \/>\n<link rel=\"canonical\" href=\"https:\/\/xactskateshop.com\/fr\/produit\/bont-doigts-en-carbone\/\" \/>\n<meta property=\"og:locale\" content=\"fr_FR\" \/>\n<meta property=\"og:type\" content=\"article\" \/>\n<meta property=\"og:title\" content=\"BONT Doigts en carbone - Xact Skate Shop\" \/>\n<meta property=\"og:description\" content=\"les pointes en carbone de bont. Les pointes en carbone de Bont doivent \u00eatre utilis\u00e9es uniquement pour le patinage de vitesse sur piste courte. (Jeu de 5 pi\u00e8ces). Achetez-les ici !\" \/>\n<meta property=\"og:url\" content=\"https:\/\/xactskateshop.com\/fr\/produit\/bont-doigts-en-carbone\/\" \/>\n<meta property=\"og:site_name\" content=\"Xact Skate Shop\" \/>\n<meta property=\"article:publisher\" content=\"https:\/\/www.facebook.com\/JeanLouiskateshop\" \/>\n<meta property=\"og:image\" content=\"https:\/\/xactskateshop.com\/wp-content\/uploads\/2021\/03\/Carbon-finger-tips-glue.jpg\" \/>\n\t<meta property=\"og:image:width\" content=\"1000\" \/>\n\t<meta property=\"og:image:height\" content=\"1000\" \/>\n\t<meta property=\"og:image:type\" content=\"image\/jpeg\" \/>\n<meta name=\"twitter:card\" content=\"summary_large_image\" \/>\n<meta name=\"twitter:label1\" content=\"Dur\u00e9e de lecture estim\u00e9e\" \/>\n\t<meta name=\"twitter:data1\" content=\"2 minutes\" \/>\n<script type=\"application\/ld+json\" class=\"yoast-schema-graph\">{\"@context\":\"https:\\\/\\\/schema.org\",\"@graph\":[{\"@type\":\"WebPage\",\"@id\":\"https:\\\/\\\/xactskateshop.com\\\/fr\\\/produit\\\/bont-doigts-en-carbone\\\/\",\"url\":\"https:\\\/\\\/xactskateshop.com\\\/fr\\\/produit\\\/bont-doigts-en-carbone\\\/\",\"name\":\"BONT Doigts en carbone - Xact Skate Shop\",\"isPartOf\":{\"@id\":\"http:\\\/\\\/xactskateshop.com\\\/fr\\\/#website\"},\"primaryImageOfPage\":{\"@id\":\"https:\\\/\\\/xactskateshop.com\\\/fr\\\/produit\\\/bont-doigts-en-carbone\\\/#primaryimage\"},\"image\":{\"@id\":\"https:\\\/\\\/xactskateshop.com\\\/fr\\\/produit\\\/bont-doigts-en-carbone\\\/#primaryimage\"},\"thumbnailUrl\":\"https:\\\/\\\/xactskateshop.com\\\/wp-content\\\/uploads\\\/2021\\\/03\\\/Carbon-finger-tips-glue.jpg\",\"datePublished\":\"2021-03-15T15:17:04+00:00\",\"description\":\"les pointes en carbone de bont. Les pointes en carbone de Bont doivent \u00eatre utilis\u00e9es uniquement pour le patinage de vitesse sur piste courte. (Jeu de 5 pi\u00e8ces). Achetez-les ici !\",\"breadcrumb\":{\"@id\":\"https:\\\/\\\/xactskateshop.com\\\/fr\\\/produit\\\/bont-doigts-en-carbone\\\/#breadcrumb\"},\"inLanguage\":\"fr-FR\",\"potentialAction\":[{\"@type\":\"ReadAction\",\"target\":[\"https:\\\/\\\/xactskateshop.com\\\/fr\\\/produit\\\/bont-doigts-en-carbone\\\/\"]}]},{\"@type\":\"ImageObject\",\"inLanguage\":\"fr-FR\",\"@id\":\"https:\\\/\\\/xactskateshop.com\\\/fr\\\/produit\\\/bont-doigts-en-carbone\\\/#primaryimage\",\"url\":\"https:\\\/\\\/xactskateshop.com\\\/wp-content\\\/uploads\\\/2021\\\/03\\\/Carbon-finger-tips-glue.jpg\",\"contentUrl\":\"https:\\\/\\\/xactskateshop.com\\\/wp-content\\\/uploads\\\/2021\\\/03\\\/Carbon-finger-tips-glue.jpg\",\"width\":1000,\"height\":1000,\"caption\":\"bont carbon tips\"},{\"@type\":\"BreadcrumbList\",\"@id\":\"https:\\\/\\\/xactskateshop.com\\\/fr\\\/produit\\\/bont-doigts-en-carbone\\\/#breadcrumb\",\"itemListElement\":[{\"@type\":\"ListItem\",\"position\":1,\"name\":\"Home\",\"item\":\"https:\\\/\\\/xactskateshop.com\\\/fr\\\/accueil\\\/\"},{\"@type\":\"ListItem\",\"position\":2,\"name\":\"Boutique\",\"item\":\"https:\\\/\\\/xactskateshop.com\\\/shop\\\/\"},{\"@type\":\"ListItem\",\"position\":3,\"name\":\"BONT Doigts en carbone\"}]},{\"@type\":\"WebSite\",\"@id\":\"http:\\\/\\\/xactskateshop.com\\\/fr\\\/#website\",\"url\":\"http:\\\/\\\/xactskateshop.com\\\/fr\\\/\",\"name\":\"Xact Skate Shop\",\"description\":\"Un site utilisant WordPress\",\"publisher\":{\"@id\":\"http:\\\/\\\/xactskateshop.com\\\/fr\\\/#organization\"},\"potentialAction\":[{\"@type\":\"SearchAction\",\"target\":{\"@type\":\"EntryPoint\",\"urlTemplate\":\"http:\\\/\\\/xactskateshop.com\\\/fr\\\/?s={search_term_string}\"},\"query-input\":{\"@type\":\"PropertyValueSpecification\",\"valueRequired\":true,\"valueName\":\"search_term_string\"}}],\"inLanguage\":\"fr-FR\"},{\"@type\":\"Organization\",\"@id\":\"http:\\\/\\\/xactskateshop.com\\\/fr\\\/#organization\",\"name\":\"XACT Skate Shop\",\"url\":\"http:\\\/\\\/xactskateshop.com\\\/fr\\\/\",\"logo\":{\"@type\":\"ImageObject\",\"inLanguage\":\"fr-FR\",\"@id\":\"http:\\\/\\\/xactskateshop.com\\\/fr\\\/#\\\/schema\\\/logo\\\/image\\\/\",\"url\":\"http:\\\/\\\/xactskateshop.com\\\/wp-content\\\/uploads\\\/2024\\\/04\\\/xactskateshop-dot-com-avec-contour-noir-sans-fond-675x.jpg\",\"contentUrl\":\"http:\\\/\\\/xactskateshop.com\\\/wp-content\\\/uploads\\\/2024\\\/04\\\/xactskateshop-dot-com-avec-contour-noir-sans-fond-675x.jpg\",\"width\":675,\"height\":247,\"caption\":\"XACT Skate Shop\"},\"image\":{\"@id\":\"http:\\\/\\\/xactskateshop.com\\\/fr\\\/#\\\/schema\\\/logo\\\/image\\\/\"},\"sameAs\":[\"https:\\\/\\\/www.facebook.com\\\/JeanLouiskateshop\"]}]}<\/script>\n<!-- \/ Yoast SEO plugin. -->","yoast_head_json":{"title":"BONT Doigts en carbone - Xact Skate Shop","description":"les pointes en carbone de bont. Les pointes en carbone de Bont doivent \u00eatre utilis\u00e9es uniquement pour le patinage de vitesse sur piste courte. (Jeu de 5 pi\u00e8ces). Achetez-les ici !","robots":{"index":"index","follow":"follow","max-snippet":"max-snippet:-1","max-image-preview":"max-image-preview:large","max-video-preview":"max-video-preview:-1"},"canonical":"https:\/\/xactskateshop.com\/fr\/produit\/bont-doigts-en-carbone\/","og_locale":"fr_FR","og_type":"article","og_title":"BONT Doigts en carbone - Xact Skate Shop","og_description":"les pointes en carbone de bont. Les pointes en carbone de Bont doivent \u00eatre utilis\u00e9es uniquement pour le patinage de vitesse sur piste courte. (Jeu de 5 pi\u00e8ces). Achetez-les ici !","og_url":"https:\/\/xactskateshop.com\/fr\/produit\/bont-doigts-en-carbone\/","og_site_name":"Xact Skate Shop","article_publisher":"https:\/\/www.facebook.com\/JeanLouiskateshop","og_image":[{"width":1000,"height":1000,"url":"https:\/\/xactskateshop.com\/wp-content\/uploads\/2021\/03\/Carbon-finger-tips-glue.jpg","type":"image\/jpeg"}],"twitter_card":"summary_large_image","twitter_misc":{"Dur\u00e9e de lecture estim\u00e9e":"2 minutes"},"schema":{"@context":"https:\/\/schema.org","@graph":[{"@type":"WebPage","@id":"https:\/\/xactskateshop.com\/fr\/produit\/bont-doigts-en-carbone\/","url":"https:\/\/xactskateshop.com\/fr\/produit\/bont-doigts-en-carbone\/","name":"BONT Doigts en carbone - Xact Skate Shop","isPartOf":{"@id":"http:\/\/xactskateshop.com\/fr\/#website"},"primaryImageOfPage":{"@id":"https:\/\/xactskateshop.com\/fr\/produit\/bont-doigts-en-carbone\/#primaryimage"},"image":{"@id":"https:\/\/xactskateshop.com\/fr\/produit\/bont-doigts-en-carbone\/#primaryimage"},"thumbnailUrl":"https:\/\/xactskateshop.com\/wp-content\/uploads\/2021\/03\/Carbon-finger-tips-glue.jpg","datePublished":"2021-03-15T15:17:04+00:00","description":"les pointes en carbone de bont. Les pointes en carbone de Bont doivent \u00eatre utilis\u00e9es uniquement pour le patinage de vitesse sur piste courte. (Jeu de 5 pi\u00e8ces). Achetez-les ici !","breadcrumb":{"@id":"https:\/\/xactskateshop.com\/fr\/produit\/bont-doigts-en-carbone\/#breadcrumb"},"inLanguage":"fr-FR","potentialAction":[{"@type":"ReadAction","target":["https:\/\/xactskateshop.com\/fr\/produit\/bont-doigts-en-carbone\/"]}]},{"@type":"ImageObject","inLanguage":"fr-FR","@id":"https:\/\/xactskateshop.com\/fr\/produit\/bont-doigts-en-carbone\/#primaryimage","url":"https:\/\/xactskateshop.com\/wp-content\/uploads\/2021\/03\/Carbon-finger-tips-glue.jpg","contentUrl":"https:\/\/xactskateshop.com\/wp-content\/uploads\/2021\/03\/Carbon-finger-tips-glue.jpg","width":1000,"height":1000,"caption":"bont carbon tips"},{"@type":"BreadcrumbList","@id":"https:\/\/xactskateshop.com\/fr\/produit\/bont-doigts-en-carbone\/#breadcrumb","itemListElement":[{"@type":"ListItem","position":1,"name":"Home","item":"https:\/\/xactskateshop.com\/fr\/accueil\/"},{"@type":"ListItem","position":2,"name":"Boutique","item":"https:\/\/xactskateshop.com\/shop\/"},{"@type":"ListItem","position":3,"name":"BONT Doigts en carbone"}]},{"@type":"WebSite","@id":"http:\/\/xactskateshop.com\/fr\/#website","url":"http:\/\/xactskateshop.com\/fr\/","name":"Xact Skate Shop","description":"Un site utilisant WordPress","publisher":{"@id":"http:\/\/xactskateshop.com\/fr\/#organization"},"potentialAction":[{"@type":"SearchAction","target":{"@type":"EntryPoint","urlTemplate":"http:\/\/xactskateshop.com\/fr\/?s={search_term_string}"},"query-input":{"@type":"PropertyValueSpecification","valueRequired":true,"valueName":"search_term_string"}}],"inLanguage":"fr-FR"},{"@type":"Organization","@id":"http:\/\/xactskateshop.com\/fr\/#organization","name":"XACT Skate Shop","url":"http:\/\/xactskateshop.com\/fr\/","logo":{"@type":"ImageObject","inLanguage":"fr-FR","@id":"http:\/\/xactskateshop.com\/fr\/#\/schema\/logo\/image\/","url":"http:\/\/xactskateshop.com\/wp-content\/uploads\/2024\/04\/xactskateshop-dot-com-avec-contour-noir-sans-fond-675x.jpg","contentUrl":"http:\/\/xactskateshop.com\/wp-content\/uploads\/2024\/04\/xactskateshop-dot-com-avec-contour-noir-sans-fond-675x.jpg","width":675,"height":247,"caption":"XACT Skate Shop"},"image":{"@id":"http:\/\/xactskateshop.com\/fr\/#\/schema\/logo\/image\/"},"sameAs":["https:\/\/www.facebook.com\/JeanLouiskateshop"]}]}},"_links":{"self":[{"href":"https:\/\/xactskateshop.com\/fr\/wp-json\/wp\/v2\/product\/58127","targetHints":{"allow":["GET"]}}],"collection":[{"href":"https:\/\/xactskateshop.com\/fr\/wp-json\/wp\/v2\/product"}],"about":[{"href":"https:\/\/xactskateshop.com\/fr\/wp-json\/wp\/v2\/types\/product"}],"replies":[{"embeddable":true,"href":"https:\/\/xactskateshop.com\/fr\/wp-json\/wp\/v2\/comments?post=58127"}],"wp:featuredmedia":[{"embeddable":true,"href":"https:\/\/xactskateshop.com\/fr\/wp-json\/wp\/v2\/media\/51497"}],"wp:attachment":[{"href":"https:\/\/xactskateshop.com\/fr\/wp-json\/wp\/v2\/media?parent=58127"}],"wp:term":[{"taxonomy":"product_brand","embeddable":true,"href":"https:\/\/xactskateshop.com\/fr\/wp-json\/wp\/v2\/product_brand?post=58127"},{"taxonomy":"product_cat","embeddable":true,"href":"https:\/\/xactskateshop.com\/fr\/wp-json\/wp\/v2\/product_cat?post=58127"},{"taxonomy":"product_tag","embeddable":true,"href":"https:\/\/xactskateshop.com\/fr\/wp-json\/wp\/v2\/product_tag?post=58127"}],"curies":[{"name":"wp","href":"https:\/\/api.w.org\/{rel}","templated":true}]}}