{"id":58095,"date":"2021-03-12T13:41:42","date_gmt":"2021-03-12T18:41:42","guid":{"rendered":"http:\/\/xactskateshop.com\/product\/bont-jet-2pf-6061-elemental\/"},"modified":"2021-03-12T13:41:42","modified_gmt":"2021-03-12T18:41:42","slug":"bont-jet-2pf-6061-elemental","status":"publish","type":"product","link":"https:\/\/xactskateshop.com\/fr\/produit\/bont-jet-2pf-6061-elemental\/","title":{"rendered":"BONT JET &#8211; 2PF 6061 ELEMENTAL"},"content":{"rendered":"<p>Jet inline skate<\/p>\n<p>Le Jet est le patin de vitesse le plus populaire au monde et pour de bonnes raisons. Il offre un excellent rapport qualit\u00e9-prix, il est confortable et fait \u00e0 la main en utilisant la technique unique de fabrication en une seule pi\u00e8ce de Bont. La chaussure est \u00e9quip\u00e9e de bandes anti-\u00e9tirement qui garantissent que la chaussure ne s&#8217;\u00e9tire pas avec le temps. Le carbone et la fibre de verre sont pos\u00e9s \u00e0 la main autour de la mousse \u00e0 m\u00e9moire de forme, ce qui garantit une construction tr\u00e8s l\u00e9g\u00e8re et solide.   <\/p>\n<p><strong>Caract\u00e9ristiques<\/strong><\/p>\n<ul>\n<li>Base en composite de carbone<\/li>\n<li>Base enti\u00e8rement thermoformable utilisant une r\u00e9sine \u00e9poxy thermodurcissable<\/li>\n<li>Rev\u00eatement ext\u00e9rieur en microfibre<\/li>\n<li>Doublure en microfibre<\/li>\n<li>Boucle r\u00e9glable en microfibre<\/li>\n<li>Fabriqu\u00e9 \u00e0 la main en une seule pi\u00e8ce<\/li>\n<li>SMT (Super Mold Technology)<\/li>\n<li>Semelle int\u00e9rieure thermo-moulable en EVA<\/li>\n<li>Languette thermoformable<\/li>\n<li>Protection des orteils en TPU<\/li>\n<li>Rembourrage en mousse \u00e0 m\u00e9moire de forme<\/li>\n<li>Lacets<\/li>\n<li>bouches d&#8217;a\u00e9ration<\/li>\n<li>Couverture en dentelle<\/li>\n<li>Manchette roul\u00e9e en n\u00e9opr\u00e8ne avec coussin tendineux<\/li>\n<\/ul>\n<p><strong>Cadre<\/strong><\/p>\n<p>Le 2PF 6061 vous permet d&#8217;acc\u00e9der \u00e0 la derni\u00e8re technologie de Bont \u00e0 un prix abordable. Le cadre 6061 applique les m\u00eames principes que le cadre 7050 avec la m\u00eame esth\u00e9tique. Le design brevet\u00e9 \u00e0 2 points est associ\u00e9 aux meilleurs mat\u00e9riaux et aux simulations de test de stress par ordinateur les plus avanc\u00e9es au monde.  <\/p>\n<p>1 paire de cadres<\/p>\n<p>* Ce cadre ne convient pas aux bottes 3 points standard. Il ne convient qu&#8217;aux bottes \u00e0 2 points de 195 mm. <\/p>\n<p><strong>Roues<\/strong><\/p>\n<p>Roue polyvalente convenant \u00e0 toutes les surfaces.<\/p>\n<p>Taille du palier : 608<\/p>\n<p>Duret\u00e9 : 85A<\/p>\n<p><strong>Paliers<\/strong><\/p>\n<p>Les roulements ABEC 7 de Bont ont \u00e9t\u00e9 con\u00e7us pour les coureurs d&#8217;\u00e9lite. Ils sont dot\u00e9s d&#8217;un double bouclier pour emp\u00eacher la poussi\u00e8re et la salet\u00e9 d&#8217;entrer et le bouclier peut \u00eatre facilement enlev\u00e9 pour le nettoyage. Nous vendons les roulements lubrifi\u00e9s avec une huile de course l\u00e9g\u00e8re. Cela signifie que vous n&#8217;avez pas \u00e0 nettoyer toute l&#8217;huile \u00e9paisse que vous trouvez dans d&#8217;autres roulements. Le roulement a une r\u00e9sistance au roulement exceptionnellement faible pour une vitesse maximale !    <\/p>\n<p>Chaque jeu comprend 16 roulements.<\/p>\n<p><strong><em>TAILLE DE BOTTE 35.5-51 :<\/em><\/strong><\/p>\n<p><strong><em>MONTAGE : 195mm<\/em><\/strong><\/p>\n<p><strong><em>CADRE : 2PF 11.25,12,12.6,13.2<\/em><\/strong><\/p>\n<p><strong><em>ROUES : 4X90mm, 4x100mm, 4x110mm Elemental<\/em><\/strong><\/p>\n","protected":false},"excerpt":{"rendered":"<p>Le Bont Jet est le patin de vitesse en ligne le plus populaire au monde et pour cause, il offre un excellent rapport qualit\u00e9-prix. Parfaite pour tous les niveaux de patinage de vitesse, cette chaussure de course offre un bon soutien, est confortable et est fabriqu\u00e9e \u00e0 la main selon la technique unique de fabrication en une seule pi\u00e8ce de Bont. <\/p>\n<p><em><strong>Les tailles en rupture de stock peuvent prendre jusqu&#8217;\u00e0 6 semaines pour \u00eatre re\u00e7ues.<\/strong><\/em><\/p>\n<p>&nbsp;<\/p>\n","protected":false},"featured_media":6630,"comment_status":"closed","ping_status":"closed","template":"","meta":{"site-sidebar-layout":"default","site-content-layout":"default","ast-site-content-layout":"default","site-content-style":"default","site-sidebar-style":"default","ast-global-header-display":"","ast-banner-title-visibility":"","ast-main-header-display":"","ast-hfb-above-header-display":"","ast-hfb-below-header-display":"","ast-hfb-mobile-header-display":"","site-post-title":"","ast-breadcrumbs-content":"","ast-featured-img":"","footer-sml-layout":"","theme-transparent-header-meta":"default","adv-header-id-meta":"","stick-header-meta":"","header-above-stick-meta":"","header-main-stick-meta":"","header-below-stick-meta":"","astra-migrate-meta-layouts":"default","ast-page-background-enabled":"default","ast-page-background-meta":{"desktop":{"background-color":"","background-image":"","background-repeat":"repeat","background-position":"center center","background-size":"auto","background-attachment":"scroll","background-type":"","background-media":"","overlay-type":"","overlay-color":"","overlay-opacity":"","overlay-gradient":""},"tablet":{"background-color":"","background-image":"","background-repeat":"repeat","background-position":"center center","background-size":"auto","background-attachment":"scroll","background-type":"","background-media":"","overlay-type":"","overlay-color":"","overlay-opacity":"","overlay-gradient":""},"mobile":{"background-color":"","background-image":"","background-repeat":"repeat","background-position":"center center","background-size":"auto","background-attachment":"scroll","background-type":"","background-media":"","overlay-type":"","overlay-color":"","overlay-opacity":"","overlay-gradient":""}},"ast-content-background-meta":{"desktop":{"background-color":"var(--ast-global-color-5)","background-image":"","background-repeat":"repeat","background-position":"center center","background-size":"auto","background-attachment":"scroll","background-type":"","background-media":"","overlay-type":"","overlay-color":"","overlay-opacity":"","overlay-gradient":""},"tablet":{"background-color":"var(--ast-global-color-5)","background-image":"","background-repeat":"repeat","background-position":"center center","background-size":"auto","background-attachment":"scroll","background-type":"","background-media":"","overlay-type":"","overlay-color":"","overlay-opacity":"","overlay-gradient":""},"mobile":{"background-color":"var(--ast-global-color-5)","background-image":"","background-repeat":"repeat","background-position":"center center","background-size":"auto","background-attachment":"scroll","background-type":"","background-media":"","overlay-type":"","overlay-color":"","overlay-opacity":"","overlay-gradient":""}}},"product_brand":[],"product_cat":[1728,1589],"product_tag":[1384,2132,1396,2133,1867],"class_list":{"0":"post-58095","1":"product","2":"type-product","3":"status-publish","4":"has-post-thumbnail","6":"product_cat-ensembles-de-patinage-a-roues-alignees","7":"product_cat-patinage-de-vitesse-a-roues-alignees","8":"product_tag-bont-fr","9":"product_tag-bont-jet-fr","10":"product_tag-bont-skates-fr","11":"product_tag-course-en-ligne","12":"product_tag-patins-en-ligne","13":"desktop-align-center","14":"tablet-align-center","15":"mobile-align-center","16":"ast-product-gallery-layout-horizontal","17":"ast-product-single-variable","18":"ast-product-tabs-layout-horizontal","19":"ast-qv-on-image","21":"first","22":"instock","23":"taxable","24":"shipping-taxable","25":"purchasable","26":"product-type-variable"},"bundled_by":[],"bundle_stock_status":"instock","bundle_stock_quantity":null,"bundle_virtual":false,"bundle_layout":"","bundle_add_to_cart_form_location":"","bundle_editable_in_cart":false,"bundle_sold_individually_context":"","bundle_item_grouping":"","bundle_min_size":"","bundle_max_size":"","bundle_price":[],"bundled_items":[],"bundle_sell_ids":[],"yoast_head":"<!-- This site is optimized with the Yoast SEO plugin v27.4 - https:\/\/yoast.com\/product\/yoast-seo-wordpress\/ -->\n<title>jet inline skate - %.<\/title>\n<meta name=\"description\" content=\"Patin \u00e0 roues align\u00e9es Jet. Le Bont Jet est le patin de vitesse en ligne le plus populaire au monde et pour cause, il offre un excellent rapport qualit\u00e9-prix.\" \/>\n<meta name=\"robots\" content=\"index, follow, max-snippet:-1, max-image-preview:large, max-video-preview:-1\" \/>\n<link rel=\"canonical\" href=\"https:\/\/xactskateshop.com\/fr\/produit\/bont-jet-2pf-6061-elemental\/\" \/>\n<meta property=\"og:locale\" content=\"fr_FR\" \/>\n<meta property=\"og:type\" content=\"article\" \/>\n<meta property=\"og:title\" content=\"jet inline skate - %.\" \/>\n<meta property=\"og:description\" content=\"Patin \u00e0 roues align\u00e9es Jet. Le Bont Jet est le patin de vitesse en ligne le plus populaire au monde et pour cause, il offre un excellent rapport qualit\u00e9-prix.\" \/>\n<meta property=\"og:url\" content=\"https:\/\/xactskateshop.com\/fr\/produit\/bont-jet-2pf-6061-elemental\/\" \/>\n<meta property=\"og:site_name\" content=\"Xact Skate Shop\" \/>\n<meta property=\"article:publisher\" content=\"https:\/\/www.facebook.com\/JeanLouiskateshop\" \/>\n<meta property=\"og:image\" content=\"https:\/\/xactskateshop.com\/wp-content\/uploads\/2021\/03\/jet-silver-elemental.jpg\" \/>\n\t<meta property=\"og:image:width\" content=\"1000\" \/>\n\t<meta property=\"og:image:height\" content=\"1000\" \/>\n\t<meta property=\"og:image:type\" content=\"image\/jpeg\" \/>\n<meta name=\"twitter:card\" content=\"summary_large_image\" \/>\n<meta name=\"twitter:label1\" content=\"Dur\u00e9e de lecture estim\u00e9e\" \/>\n\t<meta name=\"twitter:data1\" content=\"2 minutes\" \/>\n<script type=\"application\/ld+json\" class=\"yoast-schema-graph\">{\"@context\":\"https:\\\/\\\/schema.org\",\"@graph\":[{\"@type\":\"WebPage\",\"@id\":\"https:\\\/\\\/xactskateshop.com\\\/fr\\\/produit\\\/bont-jet-2pf-6061-elemental\\\/\",\"url\":\"https:\\\/\\\/xactskateshop.com\\\/fr\\\/produit\\\/bont-jet-2pf-6061-elemental\\\/\",\"name\":\"jet inline skate - %.\",\"isPartOf\":{\"@id\":\"http:\\\/\\\/xactskateshop.com\\\/fr\\\/#website\"},\"primaryImageOfPage\":{\"@id\":\"https:\\\/\\\/xactskateshop.com\\\/fr\\\/produit\\\/bont-jet-2pf-6061-elemental\\\/#primaryimage\"},\"image\":{\"@id\":\"https:\\\/\\\/xactskateshop.com\\\/fr\\\/produit\\\/bont-jet-2pf-6061-elemental\\\/#primaryimage\"},\"thumbnailUrl\":\"https:\\\/\\\/xactskateshop.com\\\/wp-content\\\/uploads\\\/2021\\\/03\\\/jet-silver-elemental.jpg\",\"datePublished\":\"2021-03-12T18:41:42+00:00\",\"description\":\"Patin \u00e0 roues align\u00e9es Jet. Le Bont Jet est le patin de vitesse en ligne le plus populaire au monde et pour cause, il offre un excellent rapport qualit\u00e9-prix.\",\"breadcrumb\":{\"@id\":\"https:\\\/\\\/xactskateshop.com\\\/fr\\\/produit\\\/bont-jet-2pf-6061-elemental\\\/#breadcrumb\"},\"inLanguage\":\"fr-FR\",\"potentialAction\":[{\"@type\":\"ReadAction\",\"target\":[\"https:\\\/\\\/xactskateshop.com\\\/fr\\\/produit\\\/bont-jet-2pf-6061-elemental\\\/\"]}]},{\"@type\":\"ImageObject\",\"inLanguage\":\"fr-FR\",\"@id\":\"https:\\\/\\\/xactskateshop.com\\\/fr\\\/produit\\\/bont-jet-2pf-6061-elemental\\\/#primaryimage\",\"url\":\"https:\\\/\\\/xactskateshop.com\\\/wp-content\\\/uploads\\\/2021\\\/03\\\/jet-silver-elemental.jpg\",\"contentUrl\":\"https:\\\/\\\/xactskateshop.com\\\/wp-content\\\/uploads\\\/2021\\\/03\\\/jet-silver-elemental.jpg\",\"width\":1000,\"height\":1000,\"caption\":\"jet inline skate\"},{\"@type\":\"BreadcrumbList\",\"@id\":\"https:\\\/\\\/xactskateshop.com\\\/fr\\\/produit\\\/bont-jet-2pf-6061-elemental\\\/#breadcrumb\",\"itemListElement\":[{\"@type\":\"ListItem\",\"position\":1,\"name\":\"Home\",\"item\":\"https:\\\/\\\/xactskateshop.com\\\/fr\\\/accueil\\\/\"},{\"@type\":\"ListItem\",\"position\":2,\"name\":\"Boutique\",\"item\":\"https:\\\/\\\/xactskateshop.com\\\/shop\\\/\"},{\"@type\":\"ListItem\",\"position\":3,\"name\":\"BONT JET &#8211; 2PF 6061 ELEMENTAL\"}]},{\"@type\":\"WebSite\",\"@id\":\"http:\\\/\\\/xactskateshop.com\\\/fr\\\/#website\",\"url\":\"http:\\\/\\\/xactskateshop.com\\\/fr\\\/\",\"name\":\"Xact Skate Shop\",\"description\":\"Un site utilisant WordPress\",\"publisher\":{\"@id\":\"http:\\\/\\\/xactskateshop.com\\\/fr\\\/#organization\"},\"potentialAction\":[{\"@type\":\"SearchAction\",\"target\":{\"@type\":\"EntryPoint\",\"urlTemplate\":\"http:\\\/\\\/xactskateshop.com\\\/fr\\\/?s={search_term_string}\"},\"query-input\":{\"@type\":\"PropertyValueSpecification\",\"valueRequired\":true,\"valueName\":\"search_term_string\"}}],\"inLanguage\":\"fr-FR\"},{\"@type\":\"Organization\",\"@id\":\"http:\\\/\\\/xactskateshop.com\\\/fr\\\/#organization\",\"name\":\"XACT Skate Shop\",\"url\":\"http:\\\/\\\/xactskateshop.com\\\/fr\\\/\",\"logo\":{\"@type\":\"ImageObject\",\"inLanguage\":\"fr-FR\",\"@id\":\"http:\\\/\\\/xactskateshop.com\\\/fr\\\/#\\\/schema\\\/logo\\\/image\\\/\",\"url\":\"http:\\\/\\\/xactskateshop.com\\\/wp-content\\\/uploads\\\/2024\\\/04\\\/xactskateshop-dot-com-avec-contour-noir-sans-fond-675x.jpg\",\"contentUrl\":\"http:\\\/\\\/xactskateshop.com\\\/wp-content\\\/uploads\\\/2024\\\/04\\\/xactskateshop-dot-com-avec-contour-noir-sans-fond-675x.jpg\",\"width\":675,\"height\":247,\"caption\":\"XACT Skate Shop\"},\"image\":{\"@id\":\"http:\\\/\\\/xactskateshop.com\\\/fr\\\/#\\\/schema\\\/logo\\\/image\\\/\"},\"sameAs\":[\"https:\\\/\\\/www.facebook.com\\\/JeanLouiskateshop\"]}]}<\/script>\n<!-- \/ Yoast SEO plugin. -->","yoast_head_json":{"title":"jet inline skate - %.","description":"Patin \u00e0 roues align\u00e9es Jet. Le Bont Jet est le patin de vitesse en ligne le plus populaire au monde et pour cause, il offre un excellent rapport qualit\u00e9-prix.","robots":{"index":"index","follow":"follow","max-snippet":"max-snippet:-1","max-image-preview":"max-image-preview:large","max-video-preview":"max-video-preview:-1"},"canonical":"https:\/\/xactskateshop.com\/fr\/produit\/bont-jet-2pf-6061-elemental\/","og_locale":"fr_FR","og_type":"article","og_title":"jet inline skate - %.","og_description":"Patin \u00e0 roues align\u00e9es Jet. Le Bont Jet est le patin de vitesse en ligne le plus populaire au monde et pour cause, il offre un excellent rapport qualit\u00e9-prix.","og_url":"https:\/\/xactskateshop.com\/fr\/produit\/bont-jet-2pf-6061-elemental\/","og_site_name":"Xact Skate Shop","article_publisher":"https:\/\/www.facebook.com\/JeanLouiskateshop","og_image":[{"width":1000,"height":1000,"url":"https:\/\/xactskateshop.com\/wp-content\/uploads\/2021\/03\/jet-silver-elemental.jpg","type":"image\/jpeg"}],"twitter_card":"summary_large_image","twitter_misc":{"Dur\u00e9e de lecture estim\u00e9e":"2 minutes"},"schema":{"@context":"https:\/\/schema.org","@graph":[{"@type":"WebPage","@id":"https:\/\/xactskateshop.com\/fr\/produit\/bont-jet-2pf-6061-elemental\/","url":"https:\/\/xactskateshop.com\/fr\/produit\/bont-jet-2pf-6061-elemental\/","name":"jet inline skate - %.","isPartOf":{"@id":"http:\/\/xactskateshop.com\/fr\/#website"},"primaryImageOfPage":{"@id":"https:\/\/xactskateshop.com\/fr\/produit\/bont-jet-2pf-6061-elemental\/#primaryimage"},"image":{"@id":"https:\/\/xactskateshop.com\/fr\/produit\/bont-jet-2pf-6061-elemental\/#primaryimage"},"thumbnailUrl":"https:\/\/xactskateshop.com\/wp-content\/uploads\/2021\/03\/jet-silver-elemental.jpg","datePublished":"2021-03-12T18:41:42+00:00","description":"Patin \u00e0 roues align\u00e9es Jet. Le Bont Jet est le patin de vitesse en ligne le plus populaire au monde et pour cause, il offre un excellent rapport qualit\u00e9-prix.","breadcrumb":{"@id":"https:\/\/xactskateshop.com\/fr\/produit\/bont-jet-2pf-6061-elemental\/#breadcrumb"},"inLanguage":"fr-FR","potentialAction":[{"@type":"ReadAction","target":["https:\/\/xactskateshop.com\/fr\/produit\/bont-jet-2pf-6061-elemental\/"]}]},{"@type":"ImageObject","inLanguage":"fr-FR","@id":"https:\/\/xactskateshop.com\/fr\/produit\/bont-jet-2pf-6061-elemental\/#primaryimage","url":"https:\/\/xactskateshop.com\/wp-content\/uploads\/2021\/03\/jet-silver-elemental.jpg","contentUrl":"https:\/\/xactskateshop.com\/wp-content\/uploads\/2021\/03\/jet-silver-elemental.jpg","width":1000,"height":1000,"caption":"jet inline skate"},{"@type":"BreadcrumbList","@id":"https:\/\/xactskateshop.com\/fr\/produit\/bont-jet-2pf-6061-elemental\/#breadcrumb","itemListElement":[{"@type":"ListItem","position":1,"name":"Home","item":"https:\/\/xactskateshop.com\/fr\/accueil\/"},{"@type":"ListItem","position":2,"name":"Boutique","item":"https:\/\/xactskateshop.com\/shop\/"},{"@type":"ListItem","position":3,"name":"BONT JET &#8211; 2PF 6061 ELEMENTAL"}]},{"@type":"WebSite","@id":"http:\/\/xactskateshop.com\/fr\/#website","url":"http:\/\/xactskateshop.com\/fr\/","name":"Xact Skate Shop","description":"Un site utilisant WordPress","publisher":{"@id":"http:\/\/xactskateshop.com\/fr\/#organization"},"potentialAction":[{"@type":"SearchAction","target":{"@type":"EntryPoint","urlTemplate":"http:\/\/xactskateshop.com\/fr\/?s={search_term_string}"},"query-input":{"@type":"PropertyValueSpecification","valueRequired":true,"valueName":"search_term_string"}}],"inLanguage":"fr-FR"},{"@type":"Organization","@id":"http:\/\/xactskateshop.com\/fr\/#organization","name":"XACT Skate Shop","url":"http:\/\/xactskateshop.com\/fr\/","logo":{"@type":"ImageObject","inLanguage":"fr-FR","@id":"http:\/\/xactskateshop.com\/fr\/#\/schema\/logo\/image\/","url":"http:\/\/xactskateshop.com\/wp-content\/uploads\/2024\/04\/xactskateshop-dot-com-avec-contour-noir-sans-fond-675x.jpg","contentUrl":"http:\/\/xactskateshop.com\/wp-content\/uploads\/2024\/04\/xactskateshop-dot-com-avec-contour-noir-sans-fond-675x.jpg","width":675,"height":247,"caption":"XACT Skate Shop"},"image":{"@id":"http:\/\/xactskateshop.com\/fr\/#\/schema\/logo\/image\/"},"sameAs":["https:\/\/www.facebook.com\/JeanLouiskateshop"]}]}},"_links":{"self":[{"href":"https:\/\/xactskateshop.com\/fr\/wp-json\/wp\/v2\/product\/58095","targetHints":{"allow":["GET"]}}],"collection":[{"href":"https:\/\/xactskateshop.com\/fr\/wp-json\/wp\/v2\/product"}],"about":[{"href":"https:\/\/xactskateshop.com\/fr\/wp-json\/wp\/v2\/types\/product"}],"replies":[{"embeddable":true,"href":"https:\/\/xactskateshop.com\/fr\/wp-json\/wp\/v2\/comments?post=58095"}],"wp:featuredmedia":[{"embeddable":true,"href":"https:\/\/xactskateshop.com\/fr\/wp-json\/wp\/v2\/media\/6630"}],"wp:attachment":[{"href":"https:\/\/xactskateshop.com\/fr\/wp-json\/wp\/v2\/media?parent=58095"}],"wp:term":[{"taxonomy":"product_brand","embeddable":true,"href":"https:\/\/xactskateshop.com\/fr\/wp-json\/wp\/v2\/product_brand?post=58095"},{"taxonomy":"product_cat","embeddable":true,"href":"https:\/\/xactskateshop.com\/fr\/wp-json\/wp\/v2\/product_cat?post=58095"},{"taxonomy":"product_tag","embeddable":true,"href":"https:\/\/xactskateshop.com\/fr\/wp-json\/wp\/v2\/product_tag?post=58095"}],"curies":[{"name":"wp","href":"https:\/\/api.w.org\/{rel}","templated":true}]}}