{"id":57911,"date":"2022-06-15T17:23:12","date_gmt":"2022-06-15T21:23:12","guid":{"rendered":"http:\/\/xactskateshop.com\/product\/bont-prostar-suede-roller-derby-skate-boots\/"},"modified":"2025-11-13T14:05:07","modified_gmt":"2025-11-13T19:05:07","slug":"bont-prostar-suede-roller-derby-skate-boots","status":"publish","type":"product","link":"https:\/\/xactskateshop.com\/fr\/produit\/bont-prostar-suede-roller-derby-skate-boots\/","title":{"rendered":"Bottines BONT Prostar Suede Roller Derby"},"content":{"rendered":"<p>Patins de roller derby<\/p>\n<p><strong>**** Veuillez nous contacter \u00e0 l&#8217;adresse info@bont.ca pour conna\u00eetre les tailles disponibles****<\/strong><\/p>\n<p>La Bont Prostar Roller Derby Skate Boot est une chaussure con\u00e7ue pour \u00eatre l\u00e9g\u00e8re, r\u00e9active et thermo-moulable. Une chaussure con\u00e7ue pour vous.<\/p>\n<p>Le thermoplastique dans le talon vous permet de mouler votre chaussure avec un s\u00e8che-cheveux pour obtenir un ajustement personnalis\u00e9 en moins de 10 minutes. C&#8217;est particuli\u00e8rement int\u00e9ressant pour les patineurs qui ont des chevilles \u00e9troites ou larges.<\/p>\n<p>La botte est fabriqu\u00e9e en daim et comporte une protection d&#8217;orteil en caoutchouc rempla\u00e7able, une sangle sup\u00e9rieure r\u00e9glable en velcro et une boucle arri\u00e8re au niveau du talon pour passer vos lacets. Nos patins de Roller derby les plus populaires.<\/p>\n<p><strong>Caract\u00e9ristiques<\/strong><\/p>\n<ul>\n<li><strong>Caract\u00e9ristiques<\/strong>\n<ul>\n<li><strong>Base :<\/strong> Fibre de verre<\/li>\n<li><strong>Peau ext\u00e9rieure :<\/strong> Daim<\/li>\n<li><strong>Doublure :<\/strong> Microfibre<\/li>\n<li><strong>Hauteur des bottes :<\/strong> Haute<\/li>\n<li><strong>Hauteur du talon :<\/strong> 6 mm<\/li>\n<li><strong>Semelle int\u00e9rieure :<\/strong> EVA avec tissu<\/li>\n<li><strong>Thermoformable :<\/strong> La base enti\u00e8rement thermoformable \u00e0 base de r\u00e9sine \u00e9poxy thermodurcissable vous permet de mouler votre botte \u00e0 l&#8217;aide d&#8217;un s\u00e8che-cheveux pour obtenir un ajustement personnalis\u00e9 en moins de 10 minutes. <strong>Ne pas mettre au four pour chauffer le moule.<\/strong><\/li>\n<li><strong>Rembourrage :<\/strong> Mousse \u00e0 m\u00e9moire de forme<\/li>\n<li><strong>Options de taille :<\/strong> 3 &#8211; 9<\/li>\n<li><strong>Options d&#8217;ajustement :<\/strong> Standard, il n&#8217;y a pas d&#8217;options d&#8217;ajustement semi-personnalis\u00e9.<\/li>\n<li><strong>V\u00e9g\u00e9talien :<\/strong> Non<\/li>\n<\/ul>\n<\/li>\n<\/ul>\n","protected":false},"excerpt":{"rendered":"<p>Patins de roller derby<\/p>\n<p>La Bont Prostar Roller Derby Skate Boot est une chaussure con\u00e7ue pour \u00eatre l\u00e9g\u00e8re, r\u00e9active et thermo-moulable. Une chaussure con\u00e7ue pour vous.<\/p>\n","protected":false},"featured_media":29817,"comment_status":"closed","ping_status":"closed","template":"","meta":{"site-sidebar-layout":"default","site-content-layout":"default","ast-site-content-layout":"default","site-content-style":"default","site-sidebar-style":"default","ast-global-header-display":"","ast-banner-title-visibility":"","ast-main-header-display":"","ast-hfb-above-header-display":"","ast-hfb-below-header-display":"","ast-hfb-mobile-header-display":"","site-post-title":"","ast-breadcrumbs-content":"","ast-featured-img":"","footer-sml-layout":"","theme-transparent-header-meta":"default","adv-header-id-meta":"","stick-header-meta":"","header-above-stick-meta":"","header-main-stick-meta":"","header-below-stick-meta":"","astra-migrate-meta-layouts":"set","ast-page-background-enabled":"default","ast-page-background-meta":{"desktop":{"background-color":"","background-image":"","background-repeat":"repeat","background-position":"center center","background-size":"auto","background-attachment":"scroll","background-type":"","background-media":"","overlay-type":"","overlay-color":"","overlay-opacity":"","overlay-gradient":""},"tablet":{"background-color":"","background-image":"","background-repeat":"repeat","background-position":"center center","background-size":"auto","background-attachment":"scroll","background-type":"","background-media":"","overlay-type":"","overlay-color":"","overlay-opacity":"","overlay-gradient":""},"mobile":{"background-color":"","background-image":"","background-repeat":"repeat","background-position":"center center","background-size":"auto","background-attachment":"scroll","background-type":"","background-media":"","overlay-type":"","overlay-color":"","overlay-opacity":"","overlay-gradient":""}},"ast-content-background-meta":{"desktop":{"background-color":"var(--ast-global-color-5)","background-image":"","background-repeat":"repeat","background-position":"center center","background-size":"auto","background-attachment":"scroll","background-type":"","background-media":"","overlay-type":"","overlay-color":"","overlay-opacity":"","overlay-gradient":""},"tablet":{"background-color":"var(--ast-global-color-5)","background-image":"","background-repeat":"repeat","background-position":"center center","background-size":"auto","background-attachment":"scroll","background-type":"","background-media":"","overlay-type":"","overlay-color":"","overlay-opacity":"","overlay-gradient":""},"mobile":{"background-color":"var(--ast-global-color-5)","background-image":"","background-repeat":"repeat","background-position":"center center","background-size":"auto","background-attachment":"scroll","background-type":"","background-media":"","overlay-type":"","overlay-color":"","overlay-opacity":"","overlay-gradient":""}}},"product_brand":[],"product_cat":[2193,1652],"product_tag":[1875,2197],"class_list":{"0":"post-57911","1":"product","2":"type-product","3":"status-publish","4":"has-post-thumbnail","6":"product_cat-bottines","7":"product_cat-patins-a-roulettes","8":"product_tag-patins-a-roulettes-fr","9":"product_tag-style-de-parc","10":"desktop-align-center","11":"tablet-align-center","12":"mobile-align-center","13":"ast-product-gallery-layout-horizontal","14":"ast-product-single-variable","15":"ast-product-tabs-layout-horizontal","16":"ast-qv-on-image","18":"first","19":"instock","20":"sale","21":"taxable","22":"shipping-taxable","23":"purchasable","24":"product-type-variable"},"bundled_by":[],"bundle_stock_status":"instock","bundle_stock_quantity":null,"bundle_virtual":false,"bundle_layout":"","bundle_add_to_cart_form_location":"","bundle_editable_in_cart":false,"bundle_sold_individually_context":"","bundle_item_grouping":"","bundle_min_size":"","bundle_max_size":"","bundle_price":[],"bundled_items":[],"bundle_sell_ids":[],"yoast_head":"<!-- This site is optimized with the Yoast SEO plugin v27.4 - https:\/\/yoast.com\/product\/yoast-seo-wordpress\/ -->\n<title>Patins de roller derby Bottines BONT Prostar Suede Roller Derby %page%%<\/title>\n<meta name=\"description\" content=\"Patins de roller derby La chaussure de roller derby Bont Prostar est une chaussure con\u00e7ue pour \u00eatre l\u00e9g\u00e8re, r\u00e9active et thermo-moulable.\" \/>\n<meta name=\"robots\" content=\"index, follow, max-snippet:-1, max-image-preview:large, max-video-preview:-1\" \/>\n<link rel=\"canonical\" href=\"https:\/\/xactskateshop.com\/fr\/produit\/bont-prostar-suede-roller-derby-skate-boots\/\" \/>\n<meta property=\"og:locale\" content=\"fr_FR\" \/>\n<meta property=\"og:type\" content=\"article\" \/>\n<meta property=\"og:title\" content=\"Patins de roller derby Bottines BONT Prostar Suede Roller Derby %page%%\" \/>\n<meta property=\"og:description\" content=\"Patins de roller derby La chaussure de roller derby Bont Prostar est une chaussure con\u00e7ue pour \u00eatre l\u00e9g\u00e8re, r\u00e9active et thermo-moulable.\" \/>\n<meta property=\"og:url\" content=\"https:\/\/xactskateshop.com\/fr\/produit\/bont-prostar-suede-roller-derby-skate-boots\/\" \/>\n<meta property=\"og:site_name\" content=\"Xact Skate Shop\" \/>\n<meta property=\"article:publisher\" content=\"https:\/\/www.facebook.com\/JeanLouiskateshop\" \/>\n<meta property=\"article:modified_time\" content=\"2025-11-13T19:05:07+00:00\" \/>\n<meta property=\"og:image\" content=\"https:\/\/xactskateshop.com\/wp-content\/uploads\/2022\/06\/Prostar-midnight-roller-derby-skates.jpg\" \/>\n\t<meta property=\"og:image:width\" content=\"1000\" \/>\n\t<meta property=\"og:image:height\" content=\"1000\" \/>\n\t<meta property=\"og:image:type\" content=\"image\/jpeg\" \/>\n<meta name=\"twitter:card\" content=\"summary_large_image\" \/>\n<meta name=\"twitter:label1\" content=\"Dur\u00e9e de lecture estim\u00e9e\" \/>\n\t<meta name=\"twitter:data1\" content=\"2 minutes\" \/>\n<script type=\"application\/ld+json\" class=\"yoast-schema-graph\">{\"@context\":\"https:\\\/\\\/schema.org\",\"@graph\":[{\"@type\":\"WebPage\",\"@id\":\"https:\\\/\\\/xactskateshop.com\\\/fr\\\/produit\\\/bont-prostar-suede-roller-derby-skate-boots\\\/\",\"url\":\"https:\\\/\\\/xactskateshop.com\\\/fr\\\/produit\\\/bont-prostar-suede-roller-derby-skate-boots\\\/\",\"name\":\"Patins de roller derby Bottines BONT Prostar Suede Roller Derby %page%%\",\"isPartOf\":{\"@id\":\"http:\\\/\\\/xactskateshop.com\\\/fr\\\/#website\"},\"primaryImageOfPage\":{\"@id\":\"https:\\\/\\\/xactskateshop.com\\\/fr\\\/produit\\\/bont-prostar-suede-roller-derby-skate-boots\\\/#primaryimage\"},\"image\":{\"@id\":\"https:\\\/\\\/xactskateshop.com\\\/fr\\\/produit\\\/bont-prostar-suede-roller-derby-skate-boots\\\/#primaryimage\"},\"thumbnailUrl\":\"https:\\\/\\\/xactskateshop.com\\\/wp-content\\\/uploads\\\/2022\\\/06\\\/Prostar-midnight-roller-derby-skates.jpg\",\"datePublished\":\"2022-06-15T21:23:12+00:00\",\"dateModified\":\"2025-11-13T19:05:07+00:00\",\"description\":\"Patins de roller derby La chaussure de roller derby Bont Prostar est une chaussure con\u00e7ue pour \u00eatre l\u00e9g\u00e8re, r\u00e9active et thermo-moulable.\",\"breadcrumb\":{\"@id\":\"https:\\\/\\\/xactskateshop.com\\\/fr\\\/produit\\\/bont-prostar-suede-roller-derby-skate-boots\\\/#breadcrumb\"},\"inLanguage\":\"fr-FR\",\"potentialAction\":[{\"@type\":\"ReadAction\",\"target\":[\"https:\\\/\\\/xactskateshop.com\\\/fr\\\/produit\\\/bont-prostar-suede-roller-derby-skate-boots\\\/\"]}]},{\"@type\":\"ImageObject\",\"inLanguage\":\"fr-FR\",\"@id\":\"https:\\\/\\\/xactskateshop.com\\\/fr\\\/produit\\\/bont-prostar-suede-roller-derby-skate-boots\\\/#primaryimage\",\"url\":\"https:\\\/\\\/xactskateshop.com\\\/wp-content\\\/uploads\\\/2022\\\/06\\\/Prostar-midnight-roller-derby-skates.jpg\",\"contentUrl\":\"https:\\\/\\\/xactskateshop.com\\\/wp-content\\\/uploads\\\/2022\\\/06\\\/Prostar-midnight-roller-derby-skates.jpg\",\"width\":1000,\"height\":1000},{\"@type\":\"BreadcrumbList\",\"@id\":\"https:\\\/\\\/xactskateshop.com\\\/fr\\\/produit\\\/bont-prostar-suede-roller-derby-skate-boots\\\/#breadcrumb\",\"itemListElement\":[{\"@type\":\"ListItem\",\"position\":1,\"name\":\"Home\",\"item\":\"https:\\\/\\\/xactskateshop.com\\\/fr\\\/accueil\\\/\"},{\"@type\":\"ListItem\",\"position\":2,\"name\":\"Boutique\",\"item\":\"https:\\\/\\\/xactskateshop.com\\\/shop\\\/\"},{\"@type\":\"ListItem\",\"position\":3,\"name\":\"Bottines BONT Prostar Suede Roller Derby\"}]},{\"@type\":\"WebSite\",\"@id\":\"http:\\\/\\\/xactskateshop.com\\\/fr\\\/#website\",\"url\":\"http:\\\/\\\/xactskateshop.com\\\/fr\\\/\",\"name\":\"Xact Skate Shop\",\"description\":\"Un site utilisant WordPress\",\"publisher\":{\"@id\":\"http:\\\/\\\/xactskateshop.com\\\/fr\\\/#organization\"},\"potentialAction\":[{\"@type\":\"SearchAction\",\"target\":{\"@type\":\"EntryPoint\",\"urlTemplate\":\"http:\\\/\\\/xactskateshop.com\\\/fr\\\/?s={search_term_string}\"},\"query-input\":{\"@type\":\"PropertyValueSpecification\",\"valueRequired\":true,\"valueName\":\"search_term_string\"}}],\"inLanguage\":\"fr-FR\"},{\"@type\":\"Organization\",\"@id\":\"http:\\\/\\\/xactskateshop.com\\\/fr\\\/#organization\",\"name\":\"XACT Skate Shop\",\"url\":\"http:\\\/\\\/xactskateshop.com\\\/fr\\\/\",\"logo\":{\"@type\":\"ImageObject\",\"inLanguage\":\"fr-FR\",\"@id\":\"http:\\\/\\\/xactskateshop.com\\\/fr\\\/#\\\/schema\\\/logo\\\/image\\\/\",\"url\":\"http:\\\/\\\/xactskateshop.com\\\/wp-content\\\/uploads\\\/2024\\\/04\\\/xactskateshop-dot-com-avec-contour-noir-sans-fond-675x.jpg\",\"contentUrl\":\"http:\\\/\\\/xactskateshop.com\\\/wp-content\\\/uploads\\\/2024\\\/04\\\/xactskateshop-dot-com-avec-contour-noir-sans-fond-675x.jpg\",\"width\":675,\"height\":247,\"caption\":\"XACT Skate Shop\"},\"image\":{\"@id\":\"http:\\\/\\\/xactskateshop.com\\\/fr\\\/#\\\/schema\\\/logo\\\/image\\\/\"},\"sameAs\":[\"https:\\\/\\\/www.facebook.com\\\/JeanLouiskateshop\"]}]}<\/script>\n<!-- \/ Yoast SEO plugin. -->","yoast_head_json":{"title":"Patins de roller derby Bottines BONT Prostar Suede Roller Derby %page%%","description":"Patins de roller derby La chaussure de roller derby Bont Prostar est une chaussure con\u00e7ue pour \u00eatre l\u00e9g\u00e8re, r\u00e9active et thermo-moulable.","robots":{"index":"index","follow":"follow","max-snippet":"max-snippet:-1","max-image-preview":"max-image-preview:large","max-video-preview":"max-video-preview:-1"},"canonical":"https:\/\/xactskateshop.com\/fr\/produit\/bont-prostar-suede-roller-derby-skate-boots\/","og_locale":"fr_FR","og_type":"article","og_title":"Patins de roller derby Bottines BONT Prostar Suede Roller Derby %page%%","og_description":"Patins de roller derby La chaussure de roller derby Bont Prostar est une chaussure con\u00e7ue pour \u00eatre l\u00e9g\u00e8re, r\u00e9active et thermo-moulable.","og_url":"https:\/\/xactskateshop.com\/fr\/produit\/bont-prostar-suede-roller-derby-skate-boots\/","og_site_name":"Xact Skate Shop","article_publisher":"https:\/\/www.facebook.com\/JeanLouiskateshop","article_modified_time":"2025-11-13T19:05:07+00:00","og_image":[{"width":1000,"height":1000,"url":"https:\/\/xactskateshop.com\/wp-content\/uploads\/2022\/06\/Prostar-midnight-roller-derby-skates.jpg","type":"image\/jpeg"}],"twitter_card":"summary_large_image","twitter_misc":{"Dur\u00e9e de lecture estim\u00e9e":"2 minutes"},"schema":{"@context":"https:\/\/schema.org","@graph":[{"@type":"WebPage","@id":"https:\/\/xactskateshop.com\/fr\/produit\/bont-prostar-suede-roller-derby-skate-boots\/","url":"https:\/\/xactskateshop.com\/fr\/produit\/bont-prostar-suede-roller-derby-skate-boots\/","name":"Patins de roller derby Bottines BONT Prostar Suede Roller Derby %page%%","isPartOf":{"@id":"http:\/\/xactskateshop.com\/fr\/#website"},"primaryImageOfPage":{"@id":"https:\/\/xactskateshop.com\/fr\/produit\/bont-prostar-suede-roller-derby-skate-boots\/#primaryimage"},"image":{"@id":"https:\/\/xactskateshop.com\/fr\/produit\/bont-prostar-suede-roller-derby-skate-boots\/#primaryimage"},"thumbnailUrl":"https:\/\/xactskateshop.com\/wp-content\/uploads\/2022\/06\/Prostar-midnight-roller-derby-skates.jpg","datePublished":"2022-06-15T21:23:12+00:00","dateModified":"2025-11-13T19:05:07+00:00","description":"Patins de roller derby La chaussure de roller derby Bont Prostar est une chaussure con\u00e7ue pour \u00eatre l\u00e9g\u00e8re, r\u00e9active et thermo-moulable.","breadcrumb":{"@id":"https:\/\/xactskateshop.com\/fr\/produit\/bont-prostar-suede-roller-derby-skate-boots\/#breadcrumb"},"inLanguage":"fr-FR","potentialAction":[{"@type":"ReadAction","target":["https:\/\/xactskateshop.com\/fr\/produit\/bont-prostar-suede-roller-derby-skate-boots\/"]}]},{"@type":"ImageObject","inLanguage":"fr-FR","@id":"https:\/\/xactskateshop.com\/fr\/produit\/bont-prostar-suede-roller-derby-skate-boots\/#primaryimage","url":"https:\/\/xactskateshop.com\/wp-content\/uploads\/2022\/06\/Prostar-midnight-roller-derby-skates.jpg","contentUrl":"https:\/\/xactskateshop.com\/wp-content\/uploads\/2022\/06\/Prostar-midnight-roller-derby-skates.jpg","width":1000,"height":1000},{"@type":"BreadcrumbList","@id":"https:\/\/xactskateshop.com\/fr\/produit\/bont-prostar-suede-roller-derby-skate-boots\/#breadcrumb","itemListElement":[{"@type":"ListItem","position":1,"name":"Home","item":"https:\/\/xactskateshop.com\/fr\/accueil\/"},{"@type":"ListItem","position":2,"name":"Boutique","item":"https:\/\/xactskateshop.com\/shop\/"},{"@type":"ListItem","position":3,"name":"Bottines BONT Prostar Suede Roller Derby"}]},{"@type":"WebSite","@id":"http:\/\/xactskateshop.com\/fr\/#website","url":"http:\/\/xactskateshop.com\/fr\/","name":"Xact Skate Shop","description":"Un site utilisant WordPress","publisher":{"@id":"http:\/\/xactskateshop.com\/fr\/#organization"},"potentialAction":[{"@type":"SearchAction","target":{"@type":"EntryPoint","urlTemplate":"http:\/\/xactskateshop.com\/fr\/?s={search_term_string}"},"query-input":{"@type":"PropertyValueSpecification","valueRequired":true,"valueName":"search_term_string"}}],"inLanguage":"fr-FR"},{"@type":"Organization","@id":"http:\/\/xactskateshop.com\/fr\/#organization","name":"XACT Skate Shop","url":"http:\/\/xactskateshop.com\/fr\/","logo":{"@type":"ImageObject","inLanguage":"fr-FR","@id":"http:\/\/xactskateshop.com\/fr\/#\/schema\/logo\/image\/","url":"http:\/\/xactskateshop.com\/wp-content\/uploads\/2024\/04\/xactskateshop-dot-com-avec-contour-noir-sans-fond-675x.jpg","contentUrl":"http:\/\/xactskateshop.com\/wp-content\/uploads\/2024\/04\/xactskateshop-dot-com-avec-contour-noir-sans-fond-675x.jpg","width":675,"height":247,"caption":"XACT Skate Shop"},"image":{"@id":"http:\/\/xactskateshop.com\/fr\/#\/schema\/logo\/image\/"},"sameAs":["https:\/\/www.facebook.com\/JeanLouiskateshop"]}]}},"_links":{"self":[{"href":"https:\/\/xactskateshop.com\/fr\/wp-json\/wp\/v2\/product\/57911","targetHints":{"allow":["GET"]}}],"collection":[{"href":"https:\/\/xactskateshop.com\/fr\/wp-json\/wp\/v2\/product"}],"about":[{"href":"https:\/\/xactskateshop.com\/fr\/wp-json\/wp\/v2\/types\/product"}],"replies":[{"embeddable":true,"href":"https:\/\/xactskateshop.com\/fr\/wp-json\/wp\/v2\/comments?post=57911"}],"wp:featuredmedia":[{"embeddable":true,"href":"https:\/\/xactskateshop.com\/fr\/wp-json\/wp\/v2\/media\/29817"}],"wp:attachment":[{"href":"https:\/\/xactskateshop.com\/fr\/wp-json\/wp\/v2\/media?parent=57911"}],"wp:term":[{"taxonomy":"product_brand","embeddable":true,"href":"https:\/\/xactskateshop.com\/fr\/wp-json\/wp\/v2\/product_brand?post=57911"},{"taxonomy":"product_cat","embeddable":true,"href":"https:\/\/xactskateshop.com\/fr\/wp-json\/wp\/v2\/product_cat?post=57911"},{"taxonomy":"product_tag","embeddable":true,"href":"https:\/\/xactskateshop.com\/fr\/wp-json\/wp\/v2\/product_tag?post=57911"}],"curies":[{"name":"wp","href":"https:\/\/api.w.org\/{rel}","templated":true}]}}