{"id":57844,"date":"2022-07-27T15:49:32","date_gmt":"2022-07-27T19:49:32","guid":{"rendered":"http:\/\/xactskateshop.com\/product\/combinaison-apogee-rosemere-adulte-avec-anti-laceration\/"},"modified":"2022-07-27T15:49:32","modified_gmt":"2022-07-27T19:49:32","slug":"combinaison-apogee-rosemere-adulte-avec-anti-laceration","status":"publish","type":"product","link":"https:\/\/xactskateshop.com\/fr\/produit\/combinaison-apogee-rosemere-adulte-avec-anti-laceration\/","title":{"rendered":"Combinaison APOGEE Rosem\u00e8re ADULTE avec anti-lac\u00e9ration"},"content":{"rendered":"<h5>******* VENDUE AUX MEMBRES DU CLUB DE ROSEMERE<\/h5>\n<h5><strong>  SEULEMENT<\/strong><\/h5>\n<h5><strong>********** VENDU UNIQUEMENT AU ROSEMERE SPEED SKATING CLUB<\/strong><\/h5>\n<h4 class=\"panel-title\">D\u00c9TAILS<\/h4>\n<div id=\"proCollapseOne\" class=\"panel-collapse collapse in\">\n<div class=\"panel-body\">\n<div class=\"rte\">\n<ul>\n<li>Combinaison courte piste, fabriqu\u00e9e en lycra haute compression et nylon de couleur unie.<\/li>\n<li>Fermeture \u00e9clair avant auto-lock YKK, protection compl\u00e8te anti-coupure de Dynamix int\u00e9gr\u00e9e et protection aux genoux int\u00e9gr\u00e9e.<\/li>\n<li>Combinaison enti\u00e8rement sublim\u00e9e aux couleurs du club Rosem\u00e8re.<br \/>\n<h5>SP\u00c9CIFICATIONS<\/h5>\n<ul>\n<li><strong>Unisexe<\/strong> TP \u00e0 4TG<\/li>\n<\/ul>\n<ul>*Frais additionnels pour 4TG et plus<\/ul>\n<\/li>\n<\/ul>\n<div class=\"ks-modal-tab-wrapper\"> <span style=\"font-size: 16px;\">Charte Grandeur sugg\u00e9r\u00e9e <\/span><span style=\"font-size: 16px;\">Coupe homme &#8211; Club &amp; \u00c9lite fit (Standard fit)<\/span><\/div>\n<div class=\"ks-chart-tab-container \">\n<div class=\"ks-chart-individual\">\n<div class=\"ks-html-content\">\n<div class=\"ks-chart-tab-container \">\n<div class=\"ks-chart-individual\">\n<div class=\"ks-table-content-wrapper ks-toggle-style-0\">\n<div class=\"ks-unit-toggle-wrapper\">\n<div class=\"ks-unit-toggle\">\n<div class=\"ks-unit-toggle-label kiwi-active\" data-value=\"1\">cm<\/div>\n<\/div>\n<\/div>\n<div class=\"ks-table-wrapper\">\n<table class=\"ks-table\">\n<tbody>\n<tr class=\"ks-table-row\">\n<td class=\"ks-table-cell ks-table-header-cell\">TAILLE<\/td>\n<td class=\"ks-table-cell ks-table-header-cell\">POITRINE<\/td>\n<td class=\"ks-table-cell ks-table-header-cell\">TAILLE<\/td>\n<td class=\"ks-table-cell ks-table-header-cell\">HANCHES<\/td>\n<td class=\"ks-table-cell ks-table-header-cell\">GRANDEUR<\/td>\n<\/tr>\n<tr class=\"ks-table-row\">\n<td class=\"ks-table-cell ks-table-header-cell\">TP<\/td>\n<td class=\"ks-table-cell\" data-unit-values=\"{\"0\":\"35\",\"1\":\"89\"}\" data-unit-type=\"single\">89<\/td>\n<td class=\"ks-table-cell\" data-unit-values=\"{\"0\":\"29\",\"1\":\"74\"}\" data-unit-type=\"single\">74<\/td>\n<td class=\"ks-table-cell\" data-unit-values=\"{\"0\":\"34\",\"1\":\"86\"}\" data-unit-type=\"single\">86<\/td>\n<td class=\"ks-table-cell\" data-unit-values=\"{\"0\":\"64\",\"1\":\"163\"}\" data-unit-type=\"single\">163<\/td>\n<\/tr>\n<tr class=\"ks-table-row\">\n<td class=\"ks-table-cell ks-table-header-cell\">P<\/td>\n<td class=\"ks-table-cell\" data-unit-values=\"{\"0\":\"38\",\"1\":\"97\"}\" data-unit-type=\"single\">97<\/td>\n<td class=\"ks-table-cell\" data-unit-values=\"{\"0\":\"31\",\"1\":\"79\"}\" data-unit-type=\"single\">79<\/td>\n<td class=\"ks-table-cell\" data-unit-values=\"{\"0\":\"37\",\"1\":\"94\"}\" data-unit-type=\"single\">94<\/td>\n<td class=\"ks-table-cell\" data-unit-values=\"{\"0\":\"66\",\"1\":\"168\"}\" data-unit-type=\"single\">168<\/td>\n<\/tr>\n<tr class=\"ks-table-row\">\n<td class=\"ks-table-cell ks-table-header-cell\">M<\/td>\n<td class=\"ks-table-cell\" data-unit-values=\"{\"0\":\"40\",\"1\":\"102\"}\" data-unit-type=\"single\">102<\/td>\n<td class=\"ks-table-cell\" data-unit-values=\"{\"0\":\"33\",\"1\":\"84\"}\" data-unit-type=\"single\">84<\/td>\n<td class=\"ks-table-cell\" data-unit-values=\"{\"0\":\"39\",\"1\":\"99\"}\" data-unit-type=\"single\">99<\/td>\n<td class=\"ks-table-cell\" data-unit-values=\"{\"0\":\"68\",\"1\":\"173\"}\" data-unit-type=\"single\">173<\/td>\n<\/tr>\n<tr class=\"ks-table-row\">\n<td class=\"ks-table-cell ks-table-header-cell\">G<\/td>\n<td class=\"ks-table-cell\" data-unit-values=\"{\"0\":\"42\",\"1\":\"107\"}\" data-unit-type=\"single\">107<\/td>\n<td class=\"ks-table-cell\" data-unit-values=\"{\"0\":\"35\",\"1\":\"89\"}\" data-unit-type=\"single\">89<\/td>\n<td class=\"ks-table-cell\" data-unit-values=\"{\"0\":\"41\",\"1\":\"104\"}\" data-unit-type=\"single\">104<\/td>\n<td class=\"ks-table-cell\" data-unit-values=\"{\"0\":\"70\",\"1\":\"178\"}\" data-unit-type=\"single\">178<\/td>\n<\/tr>\n<tr class=\"ks-table-row\">\n<td class=\"ks-table-cell ks-table-header-cell\">TG<\/td>\n<td class=\"ks-table-cell\" data-unit-values=\"{\"0\":\"44\",\"1\":\"112\"}\" data-unit-type=\"single\">112<\/td>\n<td class=\"ks-table-cell\" data-unit-values=\"{\"0\":\"37\",\"1\":\"94\"}\" data-unit-type=\"single\">94<\/td>\n<td class=\"ks-table-cell\" data-unit-values=\"{\"0\":\"43\",\"1\":\"109\"}\" data-unit-type=\"single\">109<\/td>\n<td class=\"ks-table-cell\" data-unit-values=\"{\"0\":\"72\",\"1\":\"183\"}\" data-unit-type=\"single\">183<\/td>\n<\/tr>\n<tr class=\"ks-table-row\">\n<td class=\"ks-table-cell ks-table-header-cell\">2TG<\/td>\n<td class=\"ks-table-cell\" data-unit-values=\"{\"0\":\"46\",\"1\":\"117\"}\" data-unit-type=\"single\">117<\/td>\n<td class=\"ks-table-cell\" data-unit-values=\"{\"0\":\"39\",\"1\":\"99\"}\" data-unit-type=\"single\">99<\/td>\n<td class=\"ks-table-cell\" data-unit-values=\"{\"0\":\"45\",\"1\":\"114\"}\" data-unit-type=\"single\">114<\/td>\n<td class=\"ks-table-cell\" data-unit-values=\"{\"0\":\"72\",\"1\":\"183\"}\" data-unit-type=\"single\">183<\/td>\n<\/tr>\n<tr class=\"ks-table-row\">\n<td class=\"ks-table-cell ks-table-header-cell\">3TG<\/td>\n<td class=\"ks-table-cell\" data-unit-values=\"{\"0\":\"48\",\"1\":\"122\"}\" data-unit-type=\"single\">122<\/td>\n<td class=\"ks-table-cell\" data-unit-values=\"{\"0\":\"41\",\"1\":\"104\"}\" data-unit-type=\"single\">104<\/td>\n<td class=\"ks-table-cell\" data-unit-values=\"{\"0\":\"47\",\"1\":\"119\"}\" data-unit-type=\"single\">119<\/td>\n<td class=\"ks-table-cell\" data-unit-values=\"{\"0\":\"72\",\"1\":\"183\"}\" data-unit-type=\"single\">183<\/td>\n<\/tr>\n<tr class=\"ks-table-row\">\n<td class=\"ks-table-cell ks-table-header-cell\">4TG<\/td>\n<td class=\"ks-table-cell\" data-unit-values=\"{\"0\":\"50\",\"1\":\"127\"}\" data-unit-type=\"single\">127<\/td>\n<td class=\"ks-table-cell\" data-unit-values=\"{\"0\":\"43\",\"1\":\"109\"}\" data-unit-type=\"single\">109<\/td>\n<td class=\"ks-table-cell\" data-unit-values=\"{\"0\":\"49\",\"1\":\"124\"}\" data-unit-type=\"single\">124<\/td>\n<td class=\"ks-table-cell\" data-unit-values=\"{\"0\":\"72\",\"1\":\"183\"}\" data-unit-type=\"single\">183<\/td>\n<\/tr>\n<\/tbody>\n<\/table>\n<\/div>\n<\/div>\n<div class=\"ks-image\"><img decoding=\"async\" class=\" lazyloaded\" src=\"https:\/\/cdn.shopify.com\/s\/files\/1\/1970\/7887\/files\/coupe-homme-club-elite-standard-fit_480x480.jpg?v=1619658984\" data-src=\"https:\/\/cdn.shopify.com\/s\/files\/1\/1970\/7887\/files\/coupe-homme-club-elite-standard-fit_480x480.jpg?v=1619658984\"><\/div>\n<div class=\"ks-divider \"><\/div>\n<div class=\"ks-table-content-wrapper ks-toggle-style-0\"><\/div>\n<div class=\"ks-image\"><\/div>\n<div class=\"ks-html-content\">\n<ol>\n<li><strong>Poitrine<\/strong>: Mesurez autour de la partie la plus large, placez le ruban pr\u00e8s des bras et assurez-vous que le ruban est bien \u00e0 plat dans le dos.<\/li>\n<li><strong>Taille<\/strong>: Mesurez autour du nombril, placez le ruban pr\u00e8s de la ceinture et assurez-vous de ne pas trop rentrer le ventre.<\/li>\n<li><strong>Hanches<\/strong>: Mesurez autour du bassin, serrez vos pieds ensemble et mesurez le point le plus fort de vos fesses.<\/li>\n<li><strong>Grandeur<\/strong>: Il s&#8217;agit ici de votre taille, tout simplement. Attention, ne trichez pas&#8230; <\/li>\n<\/ol>\n<\/div>\n<div class=\"ks-html-content\">\n<p>Ce tableau des grandeurs doit \u00eatre utilis\u00e9 \u00e0 titre indicatif seulement afin de vous aider \u00e0 trouver la bonne grandeur. Chaque individu a des mensurations et des pr\u00e9f\u00e9rences uniques. Ce tableau ne peut donc garantir un ajustement parfait.  <\/p>\n<p>V\u00eatement qui procure une sensation pr\u00e8s du corps sans le comprimer. Pour une sensation moins comprim\u00e9e sur le corps, prenez une taille plus grande. <\/p>\n<\/div>\n<\/div>\n<\/div>\n<\/div>\n<\/div>\n<\/div>\n<\/div>\n<\/div>\n<\/div>\n","protected":false},"excerpt":{"rendered":"<h5>******* VENDUE AUX MEMBRES DU CLUB DE ROSEMERE<\/h5>\n<h5><strong>  SEULEMENT<\/strong><\/h5>\n<h5><strong>********** VENDU UNIQUEMENT AU ROSEMERE SPEED SKATING CLUB<\/strong><\/h5>\n","protected":false},"featured_media":20177,"comment_status":"closed","ping_status":"closed","template":"","meta":{"site-sidebar-layout":"default","site-content-layout":"default","ast-site-content-layout":"default","site-content-style":"default","site-sidebar-style":"default","ast-global-header-display":"","ast-banner-title-visibility":"","ast-main-header-display":"","ast-hfb-above-header-display":"","ast-hfb-below-header-display":"","ast-hfb-mobile-header-display":"","site-post-title":"","ast-breadcrumbs-content":"","ast-featured-img":"","footer-sml-layout":"","theme-transparent-header-meta":"default","adv-header-id-meta":"","stick-header-meta":"","header-above-stick-meta":"","header-main-stick-meta":"","header-below-stick-meta":"","astra-migrate-meta-layouts":"default","ast-page-background-enabled":"default","ast-page-background-meta":{"desktop":{"background-color":"","background-image":"","background-repeat":"repeat","background-position":"center center","background-size":"auto","background-attachment":"scroll","background-type":"","background-media":"","overlay-type":"","overlay-color":"","overlay-opacity":"","overlay-gradient":""},"tablet":{"background-color":"","background-image":"","background-repeat":"repeat","background-position":"center center","background-size":"auto","background-attachment":"scroll","background-type":"","background-media":"","overlay-type":"","overlay-color":"","overlay-opacity":"","overlay-gradient":""},"mobile":{"background-color":"","background-image":"","background-repeat":"repeat","background-position":"center center","background-size":"auto","background-attachment":"scroll","background-type":"","background-media":"","overlay-type":"","overlay-color":"","overlay-opacity":"","overlay-gradient":""}},"ast-content-background-meta":{"desktop":{"background-color":"var(--ast-global-color-5)","background-image":"","background-repeat":"repeat","background-position":"center center","background-size":"auto","background-attachment":"scroll","background-type":"","background-media":"","overlay-type":"","overlay-color":"","overlay-opacity":"","overlay-gradient":""},"tablet":{"background-color":"var(--ast-global-color-5)","background-image":"","background-repeat":"repeat","background-position":"center center","background-size":"auto","background-attachment":"scroll","background-type":"","background-media":"","overlay-type":"","overlay-color":"","overlay-opacity":"","overlay-gradient":""},"mobile":{"background-color":"var(--ast-global-color-5)","background-image":"","background-repeat":"repeat","background-position":"center center","background-size":"auto","background-attachment":"scroll","background-type":"","background-media":"","overlay-type":"","overlay-color":"","overlay-opacity":"","overlay-gradient":""}}},"product_brand":[],"product_cat":[2264,1354,1612],"product_tag":[1385,2192,1356,1394,1395,2276,2277,2278],"class_list":{"0":"post-57844","1":"product","2":"type-product","3":"status-publish","4":"has-post-thumbnail","6":"product_cat-combinaisons-de-patinage-de-vitesse","7":"product_cat-courte-piste","8":"product_cat-equipement-de-protection-patinage-de-vitesse-courte-piste","9":"product_tag-boutique-xactskate","10":"product_tag-combinaison-fr","11":"product_tag-courte-piste-fr","12":"product_tag-courte-piste-fr-2","13":"product_tag-patin-de-vitesse-fr","14":"product_tag-rosemere-fr","15":"product_tag-suite-fr","16":"product_tag-vitesse-dechantillonnage","17":"desktop-align-center","18":"tablet-align-center","19":"mobile-align-center","20":"ast-product-gallery-layout-horizontal","21":"ast-product-single-variable","22":"ast-product-tabs-layout-horizontal","23":"ast-qv-on-image","25":"first","26":"instock","27":"taxable","28":"shipping-taxable","29":"purchasable","30":"product-type-variable"},"bundled_by":[],"bundle_stock_status":"instock","bundle_stock_quantity":null,"bundle_virtual":false,"bundle_layout":"","bundle_add_to_cart_form_location":"","bundle_editable_in_cart":false,"bundle_sold_individually_context":"","bundle_item_grouping":"","bundle_min_size":"","bundle_max_size":"","bundle_price":[],"bundled_items":[],"bundle_sell_ids":[],"yoast_head":"<!-- This site is optimized with the Yoast SEO plugin v27.4 - https:\/\/yoast.com\/product\/yoast-seo-wordpress\/ -->\n<title>Combinaison APOGEE Rosem\u00e8re ADULTE avec anti-lac\u00e9ration - Xact Skate Shop<\/title>\n<meta name=\"description\" content=\"Combinaison courte piste fabriqu\u00e9e en lycra haute compression et nylon de couleur unie avec anti-lac\u00e9ration int\u00e9gr\u00e9. Aux couleurs du club Rosem\u00e8re.\" \/>\n<meta name=\"robots\" content=\"index, follow, max-snippet:-1, max-image-preview:large, max-video-preview:-1\" \/>\n<link rel=\"canonical\" href=\"https:\/\/xactskateshop.com\/fr\/produit\/combinaison-apogee-rosemere-adulte-avec-anti-laceration\/\" \/>\n<meta property=\"og:locale\" content=\"fr_FR\" \/>\n<meta property=\"og:type\" content=\"article\" \/>\n<meta property=\"og:title\" content=\"Combinaison APOGEE Rosem\u00e8re ADULTE avec anti-lac\u00e9ration - Xact Skate Shop\" \/>\n<meta property=\"og:description\" content=\"Combinaison courte piste fabriqu\u00e9e en lycra haute compression et nylon de couleur unie avec anti-lac\u00e9ration int\u00e9gr\u00e9. Aux couleurs du club Rosem\u00e8re.\" \/>\n<meta property=\"og:url\" content=\"https:\/\/xactskateshop.com\/fr\/produit\/combinaison-apogee-rosemere-adulte-avec-anti-laceration\/\" \/>\n<meta property=\"og:site_name\" content=\"Xact Skate Shop\" \/>\n<meta property=\"article:publisher\" content=\"https:\/\/www.facebook.com\/JeanLouiskateshop\" \/>\n<meta property=\"og:image\" content=\"https:\/\/xactskateshop.com\/wp-content\/uploads\/2022\/07\/rosemere-1.jpg\" \/>\n\t<meta property=\"og:image:width\" content=\"1000\" \/>\n\t<meta property=\"og:image:height\" content=\"1000\" \/>\n\t<meta property=\"og:image:type\" content=\"image\/jpeg\" \/>\n<meta name=\"twitter:card\" content=\"summary_large_image\" \/>\n<meta name=\"twitter:label1\" content=\"Dur\u00e9e de lecture estim\u00e9e\" \/>\n\t<meta name=\"twitter:data1\" content=\"1 minute\" \/>\n<script type=\"application\/ld+json\" class=\"yoast-schema-graph\">{\"@context\":\"https:\\\/\\\/schema.org\",\"@graph\":[{\"@type\":\"WebPage\",\"@id\":\"https:\\\/\\\/xactskateshop.com\\\/fr\\\/produit\\\/combinaison-apogee-rosemere-adulte-avec-anti-laceration\\\/\",\"url\":\"https:\\\/\\\/xactskateshop.com\\\/fr\\\/produit\\\/combinaison-apogee-rosemere-adulte-avec-anti-laceration\\\/\",\"name\":\"Combinaison APOGEE Rosem\u00e8re ADULTE avec anti-lac\u00e9ration - Xact Skate Shop\",\"isPartOf\":{\"@id\":\"http:\\\/\\\/xactskateshop.com\\\/fr\\\/#website\"},\"primaryImageOfPage\":{\"@id\":\"https:\\\/\\\/xactskateshop.com\\\/fr\\\/produit\\\/combinaison-apogee-rosemere-adulte-avec-anti-laceration\\\/#primaryimage\"},\"image\":{\"@id\":\"https:\\\/\\\/xactskateshop.com\\\/fr\\\/produit\\\/combinaison-apogee-rosemere-adulte-avec-anti-laceration\\\/#primaryimage\"},\"thumbnailUrl\":\"https:\\\/\\\/xactskateshop.com\\\/wp-content\\\/uploads\\\/2022\\\/07\\\/rosemere-1.jpg\",\"datePublished\":\"2022-07-27T19:49:32+00:00\",\"description\":\"Combinaison courte piste fabriqu\u00e9e en lycra haute compression et nylon de couleur unie avec anti-lac\u00e9ration int\u00e9gr\u00e9. Aux couleurs du club Rosem\u00e8re.\",\"breadcrumb\":{\"@id\":\"https:\\\/\\\/xactskateshop.com\\\/fr\\\/produit\\\/combinaison-apogee-rosemere-adulte-avec-anti-laceration\\\/#breadcrumb\"},\"inLanguage\":\"fr-FR\",\"potentialAction\":[{\"@type\":\"ReadAction\",\"target\":[\"https:\\\/\\\/xactskateshop.com\\\/fr\\\/produit\\\/combinaison-apogee-rosemere-adulte-avec-anti-laceration\\\/\"]}]},{\"@type\":\"ImageObject\",\"inLanguage\":\"fr-FR\",\"@id\":\"https:\\\/\\\/xactskateshop.com\\\/fr\\\/produit\\\/combinaison-apogee-rosemere-adulte-avec-anti-laceration\\\/#primaryimage\",\"url\":\"https:\\\/\\\/xactskateshop.com\\\/wp-content\\\/uploads\\\/2022\\\/07\\\/rosemere-1.jpg\",\"contentUrl\":\"https:\\\/\\\/xactskateshop.com\\\/wp-content\\\/uploads\\\/2022\\\/07\\\/rosemere-1.jpg\",\"width\":1000,\"height\":1000},{\"@type\":\"BreadcrumbList\",\"@id\":\"https:\\\/\\\/xactskateshop.com\\\/fr\\\/produit\\\/combinaison-apogee-rosemere-adulte-avec-anti-laceration\\\/#breadcrumb\",\"itemListElement\":[{\"@type\":\"ListItem\",\"position\":1,\"name\":\"Home\",\"item\":\"https:\\\/\\\/xactskateshop.com\\\/fr\\\/accueil\\\/\"},{\"@type\":\"ListItem\",\"position\":2,\"name\":\"Boutique\",\"item\":\"https:\\\/\\\/xactskateshop.com\\\/shop\\\/\"},{\"@type\":\"ListItem\",\"position\":3,\"name\":\"Combinaison APOGEE Rosem\u00e8re ADULTE avec anti-lac\u00e9ration\"}]},{\"@type\":\"WebSite\",\"@id\":\"http:\\\/\\\/xactskateshop.com\\\/fr\\\/#website\",\"url\":\"http:\\\/\\\/xactskateshop.com\\\/fr\\\/\",\"name\":\"Xact Skate Shop\",\"description\":\"Un site utilisant WordPress\",\"publisher\":{\"@id\":\"http:\\\/\\\/xactskateshop.com\\\/fr\\\/#organization\"},\"potentialAction\":[{\"@type\":\"SearchAction\",\"target\":{\"@type\":\"EntryPoint\",\"urlTemplate\":\"http:\\\/\\\/xactskateshop.com\\\/fr\\\/?s={search_term_string}\"},\"query-input\":{\"@type\":\"PropertyValueSpecification\",\"valueRequired\":true,\"valueName\":\"search_term_string\"}}],\"inLanguage\":\"fr-FR\"},{\"@type\":\"Organization\",\"@id\":\"http:\\\/\\\/xactskateshop.com\\\/fr\\\/#organization\",\"name\":\"XACT Skate Shop\",\"url\":\"http:\\\/\\\/xactskateshop.com\\\/fr\\\/\",\"logo\":{\"@type\":\"ImageObject\",\"inLanguage\":\"fr-FR\",\"@id\":\"http:\\\/\\\/xactskateshop.com\\\/fr\\\/#\\\/schema\\\/logo\\\/image\\\/\",\"url\":\"http:\\\/\\\/xactskateshop.com\\\/wp-content\\\/uploads\\\/2024\\\/04\\\/xactskateshop-dot-com-avec-contour-noir-sans-fond-675x.jpg\",\"contentUrl\":\"http:\\\/\\\/xactskateshop.com\\\/wp-content\\\/uploads\\\/2024\\\/04\\\/xactskateshop-dot-com-avec-contour-noir-sans-fond-675x.jpg\",\"width\":675,\"height\":247,\"caption\":\"XACT Skate Shop\"},\"image\":{\"@id\":\"http:\\\/\\\/xactskateshop.com\\\/fr\\\/#\\\/schema\\\/logo\\\/image\\\/\"},\"sameAs\":[\"https:\\\/\\\/www.facebook.com\\\/JeanLouiskateshop\"]}]}<\/script>\n<!-- \/ Yoast SEO plugin. -->","yoast_head_json":{"title":"Combinaison APOGEE Rosem\u00e8re ADULTE avec anti-lac\u00e9ration - Xact Skate Shop","description":"Combinaison courte piste fabriqu\u00e9e en lycra haute compression et nylon de couleur unie avec anti-lac\u00e9ration int\u00e9gr\u00e9. Aux couleurs du club Rosem\u00e8re.","robots":{"index":"index","follow":"follow","max-snippet":"max-snippet:-1","max-image-preview":"max-image-preview:large","max-video-preview":"max-video-preview:-1"},"canonical":"https:\/\/xactskateshop.com\/fr\/produit\/combinaison-apogee-rosemere-adulte-avec-anti-laceration\/","og_locale":"fr_FR","og_type":"article","og_title":"Combinaison APOGEE Rosem\u00e8re ADULTE avec anti-lac\u00e9ration - Xact Skate Shop","og_description":"Combinaison courte piste fabriqu\u00e9e en lycra haute compression et nylon de couleur unie avec anti-lac\u00e9ration int\u00e9gr\u00e9. Aux couleurs du club Rosem\u00e8re.","og_url":"https:\/\/xactskateshop.com\/fr\/produit\/combinaison-apogee-rosemere-adulte-avec-anti-laceration\/","og_site_name":"Xact Skate Shop","article_publisher":"https:\/\/www.facebook.com\/JeanLouiskateshop","og_image":[{"width":1000,"height":1000,"url":"https:\/\/xactskateshop.com\/wp-content\/uploads\/2022\/07\/rosemere-1.jpg","type":"image\/jpeg"}],"twitter_card":"summary_large_image","twitter_misc":{"Dur\u00e9e de lecture estim\u00e9e":"1 minute"},"schema":{"@context":"https:\/\/schema.org","@graph":[{"@type":"WebPage","@id":"https:\/\/xactskateshop.com\/fr\/produit\/combinaison-apogee-rosemere-adulte-avec-anti-laceration\/","url":"https:\/\/xactskateshop.com\/fr\/produit\/combinaison-apogee-rosemere-adulte-avec-anti-laceration\/","name":"Combinaison APOGEE Rosem\u00e8re ADULTE avec anti-lac\u00e9ration - Xact Skate Shop","isPartOf":{"@id":"http:\/\/xactskateshop.com\/fr\/#website"},"primaryImageOfPage":{"@id":"https:\/\/xactskateshop.com\/fr\/produit\/combinaison-apogee-rosemere-adulte-avec-anti-laceration\/#primaryimage"},"image":{"@id":"https:\/\/xactskateshop.com\/fr\/produit\/combinaison-apogee-rosemere-adulte-avec-anti-laceration\/#primaryimage"},"thumbnailUrl":"https:\/\/xactskateshop.com\/wp-content\/uploads\/2022\/07\/rosemere-1.jpg","datePublished":"2022-07-27T19:49:32+00:00","description":"Combinaison courte piste fabriqu\u00e9e en lycra haute compression et nylon de couleur unie avec anti-lac\u00e9ration int\u00e9gr\u00e9. Aux couleurs du club Rosem\u00e8re.","breadcrumb":{"@id":"https:\/\/xactskateshop.com\/fr\/produit\/combinaison-apogee-rosemere-adulte-avec-anti-laceration\/#breadcrumb"},"inLanguage":"fr-FR","potentialAction":[{"@type":"ReadAction","target":["https:\/\/xactskateshop.com\/fr\/produit\/combinaison-apogee-rosemere-adulte-avec-anti-laceration\/"]}]},{"@type":"ImageObject","inLanguage":"fr-FR","@id":"https:\/\/xactskateshop.com\/fr\/produit\/combinaison-apogee-rosemere-adulte-avec-anti-laceration\/#primaryimage","url":"https:\/\/xactskateshop.com\/wp-content\/uploads\/2022\/07\/rosemere-1.jpg","contentUrl":"https:\/\/xactskateshop.com\/wp-content\/uploads\/2022\/07\/rosemere-1.jpg","width":1000,"height":1000},{"@type":"BreadcrumbList","@id":"https:\/\/xactskateshop.com\/fr\/produit\/combinaison-apogee-rosemere-adulte-avec-anti-laceration\/#breadcrumb","itemListElement":[{"@type":"ListItem","position":1,"name":"Home","item":"https:\/\/xactskateshop.com\/fr\/accueil\/"},{"@type":"ListItem","position":2,"name":"Boutique","item":"https:\/\/xactskateshop.com\/shop\/"},{"@type":"ListItem","position":3,"name":"Combinaison APOGEE Rosem\u00e8re ADULTE avec anti-lac\u00e9ration"}]},{"@type":"WebSite","@id":"http:\/\/xactskateshop.com\/fr\/#website","url":"http:\/\/xactskateshop.com\/fr\/","name":"Xact Skate Shop","description":"Un site utilisant WordPress","publisher":{"@id":"http:\/\/xactskateshop.com\/fr\/#organization"},"potentialAction":[{"@type":"SearchAction","target":{"@type":"EntryPoint","urlTemplate":"http:\/\/xactskateshop.com\/fr\/?s={search_term_string}"},"query-input":{"@type":"PropertyValueSpecification","valueRequired":true,"valueName":"search_term_string"}}],"inLanguage":"fr-FR"},{"@type":"Organization","@id":"http:\/\/xactskateshop.com\/fr\/#organization","name":"XACT Skate Shop","url":"http:\/\/xactskateshop.com\/fr\/","logo":{"@type":"ImageObject","inLanguage":"fr-FR","@id":"http:\/\/xactskateshop.com\/fr\/#\/schema\/logo\/image\/","url":"http:\/\/xactskateshop.com\/wp-content\/uploads\/2024\/04\/xactskateshop-dot-com-avec-contour-noir-sans-fond-675x.jpg","contentUrl":"http:\/\/xactskateshop.com\/wp-content\/uploads\/2024\/04\/xactskateshop-dot-com-avec-contour-noir-sans-fond-675x.jpg","width":675,"height":247,"caption":"XACT Skate Shop"},"image":{"@id":"http:\/\/xactskateshop.com\/fr\/#\/schema\/logo\/image\/"},"sameAs":["https:\/\/www.facebook.com\/JeanLouiskateshop"]}]}},"_links":{"self":[{"href":"https:\/\/xactskateshop.com\/fr\/wp-json\/wp\/v2\/product\/57844","targetHints":{"allow":["GET"]}}],"collection":[{"href":"https:\/\/xactskateshop.com\/fr\/wp-json\/wp\/v2\/product"}],"about":[{"href":"https:\/\/xactskateshop.com\/fr\/wp-json\/wp\/v2\/types\/product"}],"replies":[{"embeddable":true,"href":"https:\/\/xactskateshop.com\/fr\/wp-json\/wp\/v2\/comments?post=57844"}],"wp:featuredmedia":[{"embeddable":true,"href":"https:\/\/xactskateshop.com\/fr\/wp-json\/wp\/v2\/media\/20177"}],"wp:attachment":[{"href":"https:\/\/xactskateshop.com\/fr\/wp-json\/wp\/v2\/media?parent=57844"}],"wp:term":[{"taxonomy":"product_brand","embeddable":true,"href":"https:\/\/xactskateshop.com\/fr\/wp-json\/wp\/v2\/product_brand?post=57844"},{"taxonomy":"product_cat","embeddable":true,"href":"https:\/\/xactskateshop.com\/fr\/wp-json\/wp\/v2\/product_cat?post=57844"},{"taxonomy":"product_tag","embeddable":true,"href":"https:\/\/xactskateshop.com\/fr\/wp-json\/wp\/v2\/product_tag?post=57844"}],"curies":[{"name":"wp","href":"https:\/\/api.w.org\/{rel}","templated":true}]}}