{"id":57835,"date":"2022-06-13T12:25:33","date_gmt":"2022-06-13T16:25:33","guid":{"rendered":"http:\/\/xactskateshop.com\/product\/bont-skate-rip-jaws\/"},"modified":"2026-04-08T15:17:33","modified_gmt":"2026-04-08T19:17:33","slug":"outil-de-suppression-des-points-de-pression-bont-rip-jaws","status":"publish","type":"product","link":"https:\/\/xactskateshop.com\/fr\/produit\/outil-de-suppression-des-points-de-pression-bont-rip-jaws\/","title":{"rendered":"Outil de suppression des points de pression BONT Rip Jaws"},"content":{"rendered":"<div>\n<div>Outil de suppression des points de pression<\/div>\n<div><\/div>\n<div>Le Bont <span class=\"il\">Rip<\/span> <span class=\"il\">Jaws<\/span> est un outil d&#8217;\u00e9limination des points de pression. Bont a invent\u00e9 cet outil en 1976 et l&#8217;a fourni \u00e0 quelques magasins et distributeurs au fil des ans, mais c&#8217;est la premi\u00e8re fois que nous mettons cet outil \u00e0 la disposition du public.<\/div>\n<div><\/div>\n<div>Cet outil est parfait pour \u00e9liminer les points de pression du talon des patins en ligne en carbone, des patins de vitesse sur glace et des patins \u00e0 roulettes. Il convient \u00e9galement aux patins artistiques et aux patins de hockey sur glace.<\/div>\n<\/div>\n<div><\/div>\n<div>L&#8217;outil d&#8217;\u00e9limination des points de presssion Bont <span class=\"il\">Rip<\/span> <span class=\"il\">Jaws<\/span> \u00e9limine les points de pression de vos bottines. Un point de pression est une zone d&#8217;inconfort dans votre bottine. Les bottines en fibre de carbone et en fibre de verre n&#8217;ont qu&#8217;une tr\u00e8s fine couche de rembourrage entre votre pied et la fibre de carbone dure. Parfois, des ampoules peuvent appara\u00eetre et le <span class=\"il\">Rip<\/span> <span class=\"il\">Jaws<\/span> a \u00e9t\u00e9 con\u00e7u pour repousser la zone d&#8217;inconfort afin de rendre la chaussure confortable pour patiner.<\/div>\n<div><\/div>\n<div>Instructions :<\/div>\n<div>1) Retirez les lacets de vos patins<\/div>\n<div>2) Chauffez la zone d&#8217;inconfort \u00e0 l&#8217;aide d&#8217;un s\u00e8che-cheveux pendant environ 5 minutes ou au four. Reportez-vous aux instructions de moulage \u00e0 chaud du fabricant de vos chaussures. <a title=\"Moulage \u00e0 chaud\" href=\"https:\/\/bont.ca\/pages\/heat-molding\">Cliquez ici pour le moulage \u00e0 chaud de Bont.<\/a><\/div>\n<div>3) Ouvrez les <span class=\"il\">m\u00e2choires d&#8217;<\/span> <span class=\"il\">abattage<\/span> et utilisez le bouton situ\u00e9 \u00e0 l&#8217;extr\u00e9mit\u00e9 de la poign\u00e9e pour l&#8217;ouvrir largement.<\/div>\n<div>4) Placez le <span class=\"il\">Rip<\/span> <span class=\"il\">Jaws<\/span> sur la zone probl\u00e9matique et utilisez le m\u00eame bouton pour serrer la vis.<\/div>\n<div>5) Tirez les poign\u00e9es ensemble pour qu&#8217;elles se verrouillent en place.<\/div>\n<div>6) Attendez quelques minutes pour que le d\u00e9marrage refroidisse, puis d\u00e9verrouillez le <span class=\"il\">Rip<\/span> <span class=\"il\">Jaws<\/span>.<\/div>\n<div>Vous pouvez recommencer ce processus si n\u00e9cessaire.<\/div>\n<div>N&#8217;oubliez pas que si vous avez une ampoule ou un point douloureux sur le pied, il est pr\u00e9f\u00e9rable de le laisser gu\u00e9rir avant de tester la chaussure, car votre pied sera toujours douloureux s&#8217;il n&#8217;a pas gu\u00e9ri.<\/div>\n","protected":false},"excerpt":{"rendered":"<hr \/>\n<p style=\"text-align: center;\">Le Bont <span class=\"il\">Rip<\/span> <span class=\"il\">Jaws<\/span> est un outil de supression des points de pression.<\/p>\n<hr \/>\n<p>&nbsp;<\/p>\n","protected":false},"featured_media":29756,"comment_status":"closed","ping_status":"closed","template":"","meta":{"site-sidebar-layout":"default","site-content-layout":"default","ast-site-content-layout":"default","site-content-style":"default","site-sidebar-style":"default","ast-global-header-display":"","ast-banner-title-visibility":"","ast-main-header-display":"","ast-hfb-above-header-display":"","ast-hfb-below-header-display":"","ast-hfb-mobile-header-display":"","site-post-title":"","ast-breadcrumbs-content":"","ast-featured-img":"","footer-sml-layout":"","ast-disable-related-posts":"","theme-transparent-header-meta":"default","adv-header-id-meta":"","stick-header-meta":"","header-above-stick-meta":"","header-main-stick-meta":"","header-below-stick-meta":"","astra-migrate-meta-layouts":"set","ast-page-background-enabled":"default","ast-page-background-meta":{"desktop":{"background-color":"","background-image":"","background-repeat":"repeat","background-position":"center center","background-size":"auto","background-attachment":"scroll","background-type":"","background-media":"","overlay-type":"","overlay-color":"","overlay-opacity":"","overlay-gradient":""},"tablet":{"background-color":"","background-image":"","background-repeat":"repeat","background-position":"center center","background-size":"auto","background-attachment":"scroll","background-type":"","background-media":"","overlay-type":"","overlay-color":"","overlay-opacity":"","overlay-gradient":""},"mobile":{"background-color":"","background-image":"","background-repeat":"repeat","background-position":"center center","background-size":"auto","background-attachment":"scroll","background-type":"","background-media":"","overlay-type":"","overlay-color":"","overlay-opacity":"","overlay-gradient":""}},"ast-content-background-meta":{"desktop":{"background-color":"var(--ast-global-color-5)","background-image":"","background-repeat":"repeat","background-position":"center center","background-size":"auto","background-attachment":"scroll","background-type":"","background-media":"","overlay-type":"","overlay-color":"","overlay-opacity":"","overlay-gradient":""},"tablet":{"background-color":"var(--ast-global-color-5)","background-image":"","background-repeat":"repeat","background-position":"center center","background-size":"auto","background-attachment":"scroll","background-type":"","background-media":"","overlay-type":"","overlay-color":"","overlay-opacity":"","overlay-gradient":""},"mobile":{"background-color":"var(--ast-global-color-5)","background-image":"","background-repeat":"repeat","background-position":"center center","background-size":"auto","background-attachment":"scroll","background-type":"","background-media":"","overlay-type":"","overlay-color":"","overlay-opacity":"","overlay-gradient":""}}},"product_brand":[],"product_cat":[1527,1433,2193,2140,1528,1589,1652,1513,1953],"product_tag":[2241,2240],"class_list":{"0":"post-57835","1":"product","2":"type-product","3":"status-publish","4":"has-post-thumbnail","6":"product_cat-accessoires-courte-piste","7":"product_cat-accessoires-et-entrainement","8":"product_cat-bottines","9":"product_cat-bottines-de-patinage-de-vitesse-a-roues-alignees","10":"product_cat-ezeefit-fr","11":"product_cat-patinage-de-vitesse-a-roues-alignees","12":"product_cat-patins-a-roulettes","13":"product_cat-sacs-et-accessoires","14":"product_cat-services-d-atelier","15":"product_tag-bonttool-fr","16":"product_tag-suppression-des-points-dacces","17":"desktop-align-center","18":"tablet-align-center","19":"mobile-align-center","20":"ast-product-gallery-layout-horizontal","21":"ast-product-tabs-layout-horizontal","22":"ast-qv-on-image","24":"first","25":"instock","26":"sale","27":"taxable","28":"shipping-taxable","29":"purchasable","30":"product-type-simple"},"bundled_by":[],"bundle_stock_status":"instock","bundle_stock_quantity":26,"bundle_virtual":false,"bundle_layout":"","bundle_add_to_cart_form_location":"","bundle_editable_in_cart":false,"bundle_sold_individually_context":"","bundle_item_grouping":"","bundle_min_size":"","bundle_max_size":"","bundle_price":[],"bundled_items":[],"bundle_sell_ids":[],"yoast_head":"<!-- This site is optimized with the Yoast SEO plugin v27.5 - https:\/\/yoast.com\/product\/yoast-seo-wordpress\/ -->\n<title>Outil de suppression des points de pression BONT Rip Jaws - Xact Skate Shop.<\/title>\n<meta name=\"description\" content=\"Outil de suppression des points de pression BONT. Cet outil est parfait pour \u00e9liminer les points de pression de tous types de patins.\" \/>\n<meta name=\"robots\" content=\"index, follow, max-snippet:-1, max-image-preview:large, max-video-preview:-1\" \/>\n<link rel=\"canonical\" href=\"https:\/\/xactskateshop.com\/fr\/produit\/outil-de-suppression-des-points-de-pression-bont-rip-jaws\/\" \/>\n<meta property=\"og:locale\" content=\"fr_FR\" \/>\n<meta property=\"og:type\" content=\"article\" \/>\n<meta property=\"og:title\" content=\"Outil de suppression des points de pression BONT Rip Jaws - Xact Skate Shop.\" \/>\n<meta property=\"og:description\" content=\"Outil de suppression des points de pression BONT. Cet outil est parfait pour \u00e9liminer les points de pression de tous types de patins.\" \/>\n<meta property=\"og:url\" content=\"https:\/\/xactskateshop.com\/fr\/produit\/outil-de-suppression-des-points-de-pression-bont-rip-jaws\/\" \/>\n<meta property=\"og:site_name\" content=\"Xact Skate Shop\" \/>\n<meta property=\"article:publisher\" content=\"https:\/\/www.facebook.com\/JeanLouiskateshop\" \/>\n<meta property=\"article:modified_time\" content=\"2026-04-08T19:17:33+00:00\" \/>\n<meta property=\"og:image\" content=\"https:\/\/xactskateshop.com\/wp-content\/uploads\/2022\/06\/Rip-Jaws.jpg\" \/>\n\t<meta property=\"og:image:width\" content=\"1000\" \/>\n\t<meta property=\"og:image:height\" content=\"1000\" \/>\n\t<meta property=\"og:image:type\" content=\"image\/jpeg\" \/>\n<meta name=\"twitter:card\" content=\"summary_large_image\" \/>\n<meta name=\"twitter:label1\" content=\"Dur\u00e9e de lecture estim\u00e9e\" \/>\n\t<meta name=\"twitter:data1\" content=\"2 minutes\" \/>\n<script type=\"application\/ld+json\" class=\"yoast-schema-graph\">{\"@context\":\"https:\\\/\\\/schema.org\",\"@graph\":[{\"@type\":\"WebPage\",\"@id\":\"https:\\\/\\\/xactskateshop.com\\\/fr\\\/produit\\\/outil-de-suppression-des-points-de-pression-bont-rip-jaws\\\/\",\"url\":\"https:\\\/\\\/xactskateshop.com\\\/fr\\\/produit\\\/outil-de-suppression-des-points-de-pression-bont-rip-jaws\\\/\",\"name\":\"Outil de suppression des points de pression BONT Rip Jaws - Xact Skate Shop.\",\"isPartOf\":{\"@id\":\"http:\\\/\\\/xactskateshop.com\\\/fr\\\/#website\"},\"primaryImageOfPage\":{\"@id\":\"https:\\\/\\\/xactskateshop.com\\\/fr\\\/produit\\\/outil-de-suppression-des-points-de-pression-bont-rip-jaws\\\/#primaryimage\"},\"image\":{\"@id\":\"https:\\\/\\\/xactskateshop.com\\\/fr\\\/produit\\\/outil-de-suppression-des-points-de-pression-bont-rip-jaws\\\/#primaryimage\"},\"thumbnailUrl\":\"https:\\\/\\\/xactskateshop.com\\\/wp-content\\\/uploads\\\/2022\\\/06\\\/Rip-Jaws.jpg\",\"datePublished\":\"2022-06-13T16:25:33+00:00\",\"dateModified\":\"2026-04-08T19:17:33+00:00\",\"description\":\"Outil de suppression des points de pression BONT. Cet outil est parfait pour \u00e9liminer les points de pression de tous types de patins.\",\"breadcrumb\":{\"@id\":\"https:\\\/\\\/xactskateshop.com\\\/fr\\\/produit\\\/outil-de-suppression-des-points-de-pression-bont-rip-jaws\\\/#breadcrumb\"},\"inLanguage\":\"fr-FR\",\"potentialAction\":[{\"@type\":\"ReadAction\",\"target\":[\"https:\\\/\\\/xactskateshop.com\\\/fr\\\/produit\\\/outil-de-suppression-des-points-de-pression-bont-rip-jaws\\\/\"]}]},{\"@type\":\"ImageObject\",\"inLanguage\":\"fr-FR\",\"@id\":\"https:\\\/\\\/xactskateshop.com\\\/fr\\\/produit\\\/outil-de-suppression-des-points-de-pression-bont-rip-jaws\\\/#primaryimage\",\"url\":\"https:\\\/\\\/xactskateshop.com\\\/wp-content\\\/uploads\\\/2022\\\/06\\\/Rip-Jaws.jpg\",\"contentUrl\":\"https:\\\/\\\/xactskateshop.com\\\/wp-content\\\/uploads\\\/2022\\\/06\\\/Rip-Jaws.jpg\",\"width\":1000,\"height\":1000,\"caption\":\"outil de suppression des points de pression\"},{\"@type\":\"BreadcrumbList\",\"@id\":\"https:\\\/\\\/xactskateshop.com\\\/fr\\\/produit\\\/outil-de-suppression-des-points-de-pression-bont-rip-jaws\\\/#breadcrumb\",\"itemListElement\":[{\"@type\":\"ListItem\",\"position\":1,\"name\":\"Home\",\"item\":\"https:\\\/\\\/xactskateshop.com\\\/fr\\\/accueil\\\/\"},{\"@type\":\"ListItem\",\"position\":2,\"name\":\"Boutique\",\"item\":\"https:\\\/\\\/xactskateshop.com\\\/shop\\\/\"},{\"@type\":\"ListItem\",\"position\":3,\"name\":\"Outil de suppression des points de pression BONT Rip Jaws\"}]},{\"@type\":\"WebSite\",\"@id\":\"http:\\\/\\\/xactskateshop.com\\\/fr\\\/#website\",\"url\":\"http:\\\/\\\/xactskateshop.com\\\/fr\\\/\",\"name\":\"Xact Skate Shop\",\"description\":\"Un site utilisant WordPress\",\"publisher\":{\"@id\":\"http:\\\/\\\/xactskateshop.com\\\/fr\\\/#organization\"},\"potentialAction\":[{\"@type\":\"SearchAction\",\"target\":{\"@type\":\"EntryPoint\",\"urlTemplate\":\"http:\\\/\\\/xactskateshop.com\\\/fr\\\/?s={search_term_string}\"},\"query-input\":{\"@type\":\"PropertyValueSpecification\",\"valueRequired\":true,\"valueName\":\"search_term_string\"}}],\"inLanguage\":\"fr-FR\"},{\"@type\":\"Organization\",\"@id\":\"http:\\\/\\\/xactskateshop.com\\\/fr\\\/#organization\",\"name\":\"XACT Skate Shop\",\"url\":\"http:\\\/\\\/xactskateshop.com\\\/fr\\\/\",\"logo\":{\"@type\":\"ImageObject\",\"inLanguage\":\"fr-FR\",\"@id\":\"http:\\\/\\\/xactskateshop.com\\\/fr\\\/#\\\/schema\\\/logo\\\/image\\\/\",\"url\":\"http:\\\/\\\/xactskateshop.com\\\/wp-content\\\/uploads\\\/2024\\\/04\\\/xactskateshop-dot-com-avec-contour-noir-sans-fond-675x.jpg\",\"contentUrl\":\"http:\\\/\\\/xactskateshop.com\\\/wp-content\\\/uploads\\\/2024\\\/04\\\/xactskateshop-dot-com-avec-contour-noir-sans-fond-675x.jpg\",\"width\":675,\"height\":247,\"caption\":\"XACT Skate Shop\"},\"image\":{\"@id\":\"http:\\\/\\\/xactskateshop.com\\\/fr\\\/#\\\/schema\\\/logo\\\/image\\\/\"},\"sameAs\":[\"https:\\\/\\\/www.facebook.com\\\/JeanLouiskateshop\"]}]}<\/script>\n<!-- \/ Yoast SEO plugin. -->","yoast_head_json":{"title":"Outil de suppression des points de pression BONT Rip Jaws - Xact Skate Shop.","description":"Outil de suppression des points de pression BONT. Cet outil est parfait pour \u00e9liminer les points de pression de tous types de patins.","robots":{"index":"index","follow":"follow","max-snippet":"max-snippet:-1","max-image-preview":"max-image-preview:large","max-video-preview":"max-video-preview:-1"},"canonical":"https:\/\/xactskateshop.com\/fr\/produit\/outil-de-suppression-des-points-de-pression-bont-rip-jaws\/","og_locale":"fr_FR","og_type":"article","og_title":"Outil de suppression des points de pression BONT Rip Jaws - Xact Skate Shop.","og_description":"Outil de suppression des points de pression BONT. Cet outil est parfait pour \u00e9liminer les points de pression de tous types de patins.","og_url":"https:\/\/xactskateshop.com\/fr\/produit\/outil-de-suppression-des-points-de-pression-bont-rip-jaws\/","og_site_name":"Xact Skate Shop","article_publisher":"https:\/\/www.facebook.com\/JeanLouiskateshop","article_modified_time":"2026-04-08T19:17:33+00:00","og_image":[{"width":1000,"height":1000,"url":"https:\/\/xactskateshop.com\/wp-content\/uploads\/2022\/06\/Rip-Jaws.jpg","type":"image\/jpeg"}],"twitter_card":"summary_large_image","twitter_misc":{"Dur\u00e9e de lecture estim\u00e9e":"2 minutes"},"schema":{"@context":"https:\/\/schema.org","@graph":[{"@type":"WebPage","@id":"https:\/\/xactskateshop.com\/fr\/produit\/outil-de-suppression-des-points-de-pression-bont-rip-jaws\/","url":"https:\/\/xactskateshop.com\/fr\/produit\/outil-de-suppression-des-points-de-pression-bont-rip-jaws\/","name":"Outil de suppression des points de pression BONT Rip Jaws - Xact Skate Shop.","isPartOf":{"@id":"http:\/\/xactskateshop.com\/fr\/#website"},"primaryImageOfPage":{"@id":"https:\/\/xactskateshop.com\/fr\/produit\/outil-de-suppression-des-points-de-pression-bont-rip-jaws\/#primaryimage"},"image":{"@id":"https:\/\/xactskateshop.com\/fr\/produit\/outil-de-suppression-des-points-de-pression-bont-rip-jaws\/#primaryimage"},"thumbnailUrl":"https:\/\/xactskateshop.com\/wp-content\/uploads\/2022\/06\/Rip-Jaws.jpg","datePublished":"2022-06-13T16:25:33+00:00","dateModified":"2026-04-08T19:17:33+00:00","description":"Outil de suppression des points de pression BONT. Cet outil est parfait pour \u00e9liminer les points de pression de tous types de patins.","breadcrumb":{"@id":"https:\/\/xactskateshop.com\/fr\/produit\/outil-de-suppression-des-points-de-pression-bont-rip-jaws\/#breadcrumb"},"inLanguage":"fr-FR","potentialAction":[{"@type":"ReadAction","target":["https:\/\/xactskateshop.com\/fr\/produit\/outil-de-suppression-des-points-de-pression-bont-rip-jaws\/"]}]},{"@type":"ImageObject","inLanguage":"fr-FR","@id":"https:\/\/xactskateshop.com\/fr\/produit\/outil-de-suppression-des-points-de-pression-bont-rip-jaws\/#primaryimage","url":"https:\/\/xactskateshop.com\/wp-content\/uploads\/2022\/06\/Rip-Jaws.jpg","contentUrl":"https:\/\/xactskateshop.com\/wp-content\/uploads\/2022\/06\/Rip-Jaws.jpg","width":1000,"height":1000,"caption":"outil de suppression des points de pression"},{"@type":"BreadcrumbList","@id":"https:\/\/xactskateshop.com\/fr\/produit\/outil-de-suppression-des-points-de-pression-bont-rip-jaws\/#breadcrumb","itemListElement":[{"@type":"ListItem","position":1,"name":"Home","item":"https:\/\/xactskateshop.com\/fr\/accueil\/"},{"@type":"ListItem","position":2,"name":"Boutique","item":"https:\/\/xactskateshop.com\/shop\/"},{"@type":"ListItem","position":3,"name":"Outil de suppression des points de pression BONT Rip Jaws"}]},{"@type":"WebSite","@id":"http:\/\/xactskateshop.com\/fr\/#website","url":"http:\/\/xactskateshop.com\/fr\/","name":"Xact Skate Shop","description":"Un site utilisant WordPress","publisher":{"@id":"http:\/\/xactskateshop.com\/fr\/#organization"},"potentialAction":[{"@type":"SearchAction","target":{"@type":"EntryPoint","urlTemplate":"http:\/\/xactskateshop.com\/fr\/?s={search_term_string}"},"query-input":{"@type":"PropertyValueSpecification","valueRequired":true,"valueName":"search_term_string"}}],"inLanguage":"fr-FR"},{"@type":"Organization","@id":"http:\/\/xactskateshop.com\/fr\/#organization","name":"XACT Skate Shop","url":"http:\/\/xactskateshop.com\/fr\/","logo":{"@type":"ImageObject","inLanguage":"fr-FR","@id":"http:\/\/xactskateshop.com\/fr\/#\/schema\/logo\/image\/","url":"http:\/\/xactskateshop.com\/wp-content\/uploads\/2024\/04\/xactskateshop-dot-com-avec-contour-noir-sans-fond-675x.jpg","contentUrl":"http:\/\/xactskateshop.com\/wp-content\/uploads\/2024\/04\/xactskateshop-dot-com-avec-contour-noir-sans-fond-675x.jpg","width":675,"height":247,"caption":"XACT Skate Shop"},"image":{"@id":"http:\/\/xactskateshop.com\/fr\/#\/schema\/logo\/image\/"},"sameAs":["https:\/\/www.facebook.com\/JeanLouiskateshop"]}]}},"_links":{"self":[{"href":"https:\/\/xactskateshop.com\/fr\/wp-json\/wp\/v2\/product\/57835","targetHints":{"allow":["GET"]}}],"collection":[{"href":"https:\/\/xactskateshop.com\/fr\/wp-json\/wp\/v2\/product"}],"about":[{"href":"https:\/\/xactskateshop.com\/fr\/wp-json\/wp\/v2\/types\/product"}],"replies":[{"embeddable":true,"href":"https:\/\/xactskateshop.com\/fr\/wp-json\/wp\/v2\/comments?post=57835"}],"wp:featuredmedia":[{"embeddable":true,"href":"https:\/\/xactskateshop.com\/fr\/wp-json\/wp\/v2\/media\/29756"}],"wp:attachment":[{"href":"https:\/\/xactskateshop.com\/fr\/wp-json\/wp\/v2\/media?parent=57835"}],"wp:term":[{"taxonomy":"product_brand","embeddable":true,"href":"https:\/\/xactskateshop.com\/fr\/wp-json\/wp\/v2\/product_brand?post=57835"},{"taxonomy":"product_cat","embeddable":true,"href":"https:\/\/xactskateshop.com\/fr\/wp-json\/wp\/v2\/product_cat?post=57835"},{"taxonomy":"product_tag","embeddable":true,"href":"https:\/\/xactskateshop.com\/fr\/wp-json\/wp\/v2\/product_tag?post=57835"}],"curies":[{"name":"wp","href":"https:\/\/api.w.org\/{rel}","templated":true}]}}