{"id":57792,"date":"2022-06-11T15:02:34","date_gmt":"2022-06-11T19:02:34","guid":{"rendered":"http:\/\/xactskateshop.com\/product\/lames-skate-tec-527-lt\/"},"modified":"2022-06-11T15:02:34","modified_gmt":"2022-06-11T19:02:34","slug":"lames-skate-tec-527-lt","status":"publish","type":"product","link":"https:\/\/xactskateshop.com\/fr\/produit\/lames-skate-tec-527-lt\/","title":{"rendered":"Lames SKATE-TEC 527 LT"},"content":{"rendered":"<p>Skate-Tec LT 527<\/p>\n<p>Patinage de vitesse longue piste meilleures lames<\/p>\n<p>Nos lames Skate-Tec LT 527 sont sur le march\u00e9 depuis un certain temps et ont remport\u00e9 des succ\u00e8s en Coupe du monde et en marathon. En raison de ses caract\u00e9ristiques plus flexibles, elle convient g\u00e9n\u00e9ralement aux patineurs plus l\u00e9gers ou aux applications de patinage o\u00f9 les forces de pointe sont moindres. La 527 vous donnera confiance dans vos coups de patin en vous guidant doucement dans la pouss\u00e9e, ce qui vous permettra d&#8217;adopter une technique un peu plus passive. Les gains de direction et de contr\u00f4le de cette lame s&#8217;accompagnent d&#8217;une sensation de spritz et de l\u00e9g\u00e8ret\u00e9 sur les pieds.   <\/p>\n<h2 class=\"has-text-centered\">Tube d&#8217;acier form\u00e9 de pr\u00e9cision<\/h2>\n<p>Nos tubes sont le r\u00e9sultat de pr\u00e8s de deux d\u00e9cennies d&#8217;exp\u00e9rimentation et de perfectionnement. Nous sommes la seule entreprise de patinage \u00e0 proposer des profils de tubes qui ne sont pas simplement courb\u00e9s, mais qui comportent des caract\u00e9ristiques telles que des points plats et des ar\u00eates pour am\u00e9liorer leurs performances. Les caract\u00e9ristiques de nos tubes sont strat\u00e9giquement incluses pour influencer la fa\u00e7on dont le tube se plie sous la pression d&#8217;une course et pour am\u00e9liorer les performances. Nous avons valid\u00e9 la conception de nos tubes \u00e0 l&#8217;aide d&#8217;une mod\u00e9lisation math\u00e9matique afin d&#8217;obtenir des performances sur glace tr\u00e8s pr\u00e9cises pour chacun de nos tubes.   <\/p>\n<p><span style=\"font-size: 1.7em; font-weight: bold;\">Syst\u00e8me de montage des ressorts<\/span><\/p>\n<p><span style=\"font-size: 16px;\">Toutes nos lames longtrack sont dot\u00e9es d&#8217;un syst\u00e8me de montage \u00e0 ressort unique. Tous les rouages sont dissimul\u00e9s \u00e0 l&#8217;int\u00e9rieur du patin, ce qui lui donne une allure \u00e9l\u00e9gante tout en \u00e9tant facilement rempla\u00e7able. Ce syst\u00e8me pr\u00e9sente l&#8217;avantage suppl\u00e9mentaire de permettre au patineur de se pencher plus pr\u00e8s de la glace sans craindre de la racler, ce qui est tr\u00e8s utile lorsque le patinage de vitesse devient de plus en plus rapide.  <\/span><\/p>\n<div class=\"columns\">\n<div class=\"column formedtips\">\n<h2 class=\"has-text-centered\">Pointes form\u00e9es sym\u00e9triques<\/h2>\n<p>Tous les embouts M-Style sont form\u00e9s pour obtenir une extr\u00e9mit\u00e9 parfaitement lisse. Gr\u00e2ce \u00e0 notre technique de production exclusive d\u00e9velopp\u00e9e en interne, nous pouvons garantir que toutes les pointes sont form\u00e9es de la m\u00eame mani\u00e8re. Cette technique est essentielle pour la qualit\u00e9 des lames car elle permet de s&#8217;assurer que le tube reste droit apr\u00e8s la formation de l&#8217;embout, sans tensions ind\u00e9sirables. Elle ajoute \u00e9galement de la rigidit\u00e9 aux pointes des tubes, ce qui am\u00e9liore le contr\u00f4le. Tous les tubes sont fabriqu\u00e9s selon ce proc\u00e9d\u00e9, \u00e0 l&#8217;exception du 527 qui adopte une m\u00e9thode plus souple.    <\/p>\n<p>Rigidit\u00e9 : Souple<br \/>\nTournant : Haute<br \/>\nSensation : Moyenne<br \/>\nPression : Haute<br \/>\nLame : Bi-M\u00e9tal<br \/>\nType de chevalet : Aluminium\/Carbone<br \/>\nTaille du pont : 34\/35 36\/37 38\/39 40\/41 42\/43 44\/45<br \/>\nTaille de la lame : 15,00&#8243; 15,50&#8243; 16,00&#8243; 16,50&#8243; 17,00&#8243; 17,50&#8243; 18,00&#8243;<\/p>\n<p>N&#8217;OUBLIEZ PAS DE LES FAIRE ROCKERER : <a href=\"http:\/\/xactskateshop.com\/product\/long-track-blade-rockering\/\">rocker<\/a><\/p>\n<p>Pour en savoir plus sur Skate-Tec <a href=\"https:\/\/skate-tec.com\/about.html\">, cliquez ici<\/a><\/p>\n<\/div>\n<\/div>\n","protected":false},"excerpt":{"rendered":"<div>\n<hr>\n<\/div>\n<div style=\"text-align: center;\">Skate-Tec LT 527<\/div>\n<div class=\"title-small title-font\" style=\"text-align: center;\">Nos lames 527 sont sur le march\u00e9 depuis un certain temps et ont remport\u00e9 des succ\u00e8s en Coupe du monde et lors de marathons.<\/div>\n<div>\n<hr>\n<\/div>\n","protected":false},"featured_media":29952,"comment_status":"open","ping_status":"closed","template":"","meta":{"site-sidebar-layout":"default","site-content-layout":"default","ast-site-content-layout":"default","site-content-style":"default","site-sidebar-style":"default","ast-global-header-display":"","ast-banner-title-visibility":"","ast-main-header-display":"","ast-hfb-above-header-display":"","ast-hfb-below-header-display":"","ast-hfb-mobile-header-display":"","site-post-title":"","ast-breadcrumbs-content":"","ast-featured-img":"","footer-sml-layout":"","theme-transparent-header-meta":"default","adv-header-id-meta":"","stick-header-meta":"","header-above-stick-meta":"","header-main-stick-meta":"","header-below-stick-meta":"","astra-migrate-meta-layouts":"default","ast-page-background-enabled":"default","ast-page-background-meta":{"desktop":{"background-color":"","background-image":"","background-repeat":"repeat","background-position":"center center","background-size":"auto","background-attachment":"scroll","background-type":"","background-media":"","overlay-type":"","overlay-color":"","overlay-opacity":"","overlay-gradient":""},"tablet":{"background-color":"","background-image":"","background-repeat":"repeat","background-position":"center center","background-size":"auto","background-attachment":"scroll","background-type":"","background-media":"","overlay-type":"","overlay-color":"","overlay-opacity":"","overlay-gradient":""},"mobile":{"background-color":"","background-image":"","background-repeat":"repeat","background-position":"center center","background-size":"auto","background-attachment":"scroll","background-type":"","background-media":"","overlay-type":"","overlay-color":"","overlay-opacity":"","overlay-gradient":""}},"ast-content-background-meta":{"desktop":{"background-color":"var(--ast-global-color-5)","background-image":"","background-repeat":"repeat","background-position":"center center","background-size":"auto","background-attachment":"scroll","background-type":"","background-media":"","overlay-type":"","overlay-color":"","overlay-opacity":"","overlay-gradient":""},"tablet":{"background-color":"var(--ast-global-color-5)","background-image":"","background-repeat":"repeat","background-position":"center center","background-size":"auto","background-attachment":"scroll","background-type":"","background-media":"","overlay-type":"","overlay-color":"","overlay-opacity":"","overlay-gradient":""},"mobile":{"background-color":"var(--ast-global-color-5)","background-image":"","background-repeat":"repeat","background-position":"center center","background-size":"auto","background-attachment":"scroll","background-type":"","background-media":"","overlay-type":"","overlay-color":"","overlay-opacity":"","overlay-gradient":""}}},"product_brand":[],"product_cat":[1626,1435,1431,1353],"product_tag":[1356],"class_list":{"0":"post-57792","1":"product","2":"type-product","3":"status-publish","4":"has-post-thumbnail","6":"product_cat-lames-longue-piste","7":"product_cat-liquidation","8":"product_cat-longue-piste","9":"product_cat-patinage-de-vitesse","10":"product_tag-courte-piste-fr","11":"desktop-align-center","12":"tablet-align-center","13":"mobile-align-center","14":"ast-product-gallery-layout-horizontal","15":"ast-product-single-variable","16":"ast-product-tabs-layout-horizontal","17":"ast-qv-on-image","19":"first","20":"instock","21":"sale","22":"taxable","23":"shipping-taxable","24":"purchasable","25":"product-type-variable"},"bundled_by":[],"bundle_stock_status":"instock","bundle_stock_quantity":null,"bundle_virtual":false,"bundle_layout":"","bundle_add_to_cart_form_location":"","bundle_editable_in_cart":false,"bundle_sold_individually_context":"","bundle_item_grouping":"","bundle_min_size":"","bundle_max_size":"","bundle_price":[],"bundled_items":[],"bundle_sell_ids":[],"yoast_head":"<!-- This site is optimized with the Yoast SEO plugin v27.4 - https:\/\/yoast.com\/product\/yoast-seo-wordpress\/ -->\n<title>Skate-Tec LT 527 Xact Skate Shop%page%%<\/title>\n<meta name=\"description\" content=\"Skate-Tec LT 527. Nos lames 527 sont sur le march\u00e9 depuis un certain temps et ont remport\u00e9 des succ\u00e8s en Coupe du monde et lors de marathons.\" \/>\n<meta name=\"robots\" content=\"index, follow, max-snippet:-1, max-image-preview:large, max-video-preview:-1\" \/>\n<link rel=\"canonical\" href=\"https:\/\/xactskateshop.com\/fr\/produit\/lames-skate-tec-527-lt\/\" \/>\n<meta property=\"og:locale\" content=\"fr_FR\" \/>\n<meta property=\"og:type\" content=\"article\" \/>\n<meta property=\"og:title\" content=\"Skate-Tec LT 527 Xact Skate Shop%page%%\" \/>\n<meta property=\"og:description\" content=\"Skate-Tec LT 527. Nos lames 527 sont sur le march\u00e9 depuis un certain temps et ont remport\u00e9 des succ\u00e8s en Coupe du monde et lors de marathons.\" \/>\n<meta property=\"og:url\" content=\"https:\/\/xactskateshop.com\/fr\/produit\/lames-skate-tec-527-lt\/\" \/>\n<meta property=\"og:site_name\" content=\"Xact Skate Shop\" \/>\n<meta property=\"article:publisher\" content=\"https:\/\/www.facebook.com\/JeanLouiskateshop\" \/>\n<meta property=\"og:image\" content=\"https:\/\/xactskateshop.com\/wp-content\/uploads\/2022\/06\/527-2-tones.jpg\" \/>\n\t<meta property=\"og:image:width\" content=\"1000\" \/>\n\t<meta property=\"og:image:height\" content=\"1000\" \/>\n\t<meta property=\"og:image:type\" content=\"image\/jpeg\" \/>\n<meta name=\"twitter:card\" content=\"summary_large_image\" \/>\n<meta name=\"twitter:label1\" content=\"Dur\u00e9e de lecture estim\u00e9e\" \/>\n\t<meta name=\"twitter:data1\" content=\"2 minutes\" \/>\n<script type=\"application\/ld+json\" class=\"yoast-schema-graph\">{\"@context\":\"https:\\\/\\\/schema.org\",\"@graph\":[{\"@type\":\"WebPage\",\"@id\":\"https:\\\/\\\/xactskateshop.com\\\/fr\\\/produit\\\/lames-skate-tec-527-lt\\\/\",\"url\":\"https:\\\/\\\/xactskateshop.com\\\/fr\\\/produit\\\/lames-skate-tec-527-lt\\\/\",\"name\":\"Skate-Tec LT 527 Xact Skate Shop%page%%\",\"isPartOf\":{\"@id\":\"http:\\\/\\\/xactskateshop.com\\\/fr\\\/#website\"},\"primaryImageOfPage\":{\"@id\":\"https:\\\/\\\/xactskateshop.com\\\/fr\\\/produit\\\/lames-skate-tec-527-lt\\\/#primaryimage\"},\"image\":{\"@id\":\"https:\\\/\\\/xactskateshop.com\\\/fr\\\/produit\\\/lames-skate-tec-527-lt\\\/#primaryimage\"},\"thumbnailUrl\":\"https:\\\/\\\/xactskateshop.com\\\/wp-content\\\/uploads\\\/2022\\\/06\\\/527-2-tones.jpg\",\"datePublished\":\"2022-06-11T19:02:34+00:00\",\"description\":\"Skate-Tec LT 527. Nos lames 527 sont sur le march\u00e9 depuis un certain temps et ont remport\u00e9 des succ\u00e8s en Coupe du monde et lors de marathons.\",\"breadcrumb\":{\"@id\":\"https:\\\/\\\/xactskateshop.com\\\/fr\\\/produit\\\/lames-skate-tec-527-lt\\\/#breadcrumb\"},\"inLanguage\":\"fr-FR\",\"potentialAction\":[{\"@type\":\"ReadAction\",\"target\":[\"https:\\\/\\\/xactskateshop.com\\\/fr\\\/produit\\\/lames-skate-tec-527-lt\\\/\"]}]},{\"@type\":\"ImageObject\",\"inLanguage\":\"fr-FR\",\"@id\":\"https:\\\/\\\/xactskateshop.com\\\/fr\\\/produit\\\/lames-skate-tec-527-lt\\\/#primaryimage\",\"url\":\"https:\\\/\\\/xactskateshop.com\\\/wp-content\\\/uploads\\\/2022\\\/06\\\/527-2-tones.jpg\",\"contentUrl\":\"https:\\\/\\\/xactskateshop.com\\\/wp-content\\\/uploads\\\/2022\\\/06\\\/527-2-tones.jpg\",\"width\":1000,\"height\":1000,\"caption\":\"Skate-Tec LT 527\"},{\"@type\":\"BreadcrumbList\",\"@id\":\"https:\\\/\\\/xactskateshop.com\\\/fr\\\/produit\\\/lames-skate-tec-527-lt\\\/#breadcrumb\",\"itemListElement\":[{\"@type\":\"ListItem\",\"position\":1,\"name\":\"Home\",\"item\":\"https:\\\/\\\/xactskateshop.com\\\/fr\\\/accueil\\\/\"},{\"@type\":\"ListItem\",\"position\":2,\"name\":\"Boutique\",\"item\":\"https:\\\/\\\/xactskateshop.com\\\/shop\\\/\"},{\"@type\":\"ListItem\",\"position\":3,\"name\":\"Lames SKATE-TEC 527 LT\"}]},{\"@type\":\"WebSite\",\"@id\":\"http:\\\/\\\/xactskateshop.com\\\/fr\\\/#website\",\"url\":\"http:\\\/\\\/xactskateshop.com\\\/fr\\\/\",\"name\":\"Xact Skate Shop\",\"description\":\"Un site utilisant WordPress\",\"publisher\":{\"@id\":\"http:\\\/\\\/xactskateshop.com\\\/fr\\\/#organization\"},\"potentialAction\":[{\"@type\":\"SearchAction\",\"target\":{\"@type\":\"EntryPoint\",\"urlTemplate\":\"http:\\\/\\\/xactskateshop.com\\\/fr\\\/?s={search_term_string}\"},\"query-input\":{\"@type\":\"PropertyValueSpecification\",\"valueRequired\":true,\"valueName\":\"search_term_string\"}}],\"inLanguage\":\"fr-FR\"},{\"@type\":\"Organization\",\"@id\":\"http:\\\/\\\/xactskateshop.com\\\/fr\\\/#organization\",\"name\":\"XACT Skate Shop\",\"url\":\"http:\\\/\\\/xactskateshop.com\\\/fr\\\/\",\"logo\":{\"@type\":\"ImageObject\",\"inLanguage\":\"fr-FR\",\"@id\":\"http:\\\/\\\/xactskateshop.com\\\/fr\\\/#\\\/schema\\\/logo\\\/image\\\/\",\"url\":\"http:\\\/\\\/xactskateshop.com\\\/wp-content\\\/uploads\\\/2024\\\/04\\\/xactskateshop-dot-com-avec-contour-noir-sans-fond-675x.jpg\",\"contentUrl\":\"http:\\\/\\\/xactskateshop.com\\\/wp-content\\\/uploads\\\/2024\\\/04\\\/xactskateshop-dot-com-avec-contour-noir-sans-fond-675x.jpg\",\"width\":675,\"height\":247,\"caption\":\"XACT Skate Shop\"},\"image\":{\"@id\":\"http:\\\/\\\/xactskateshop.com\\\/fr\\\/#\\\/schema\\\/logo\\\/image\\\/\"},\"sameAs\":[\"https:\\\/\\\/www.facebook.com\\\/JeanLouiskateshop\"]}]}<\/script>\n<!-- \/ Yoast SEO plugin. -->","yoast_head_json":{"title":"Skate-Tec LT 527 Xact Skate Shop%page%%","description":"Skate-Tec LT 527. Nos lames 527 sont sur le march\u00e9 depuis un certain temps et ont remport\u00e9 des succ\u00e8s en Coupe du monde et lors de marathons.","robots":{"index":"index","follow":"follow","max-snippet":"max-snippet:-1","max-image-preview":"max-image-preview:large","max-video-preview":"max-video-preview:-1"},"canonical":"https:\/\/xactskateshop.com\/fr\/produit\/lames-skate-tec-527-lt\/","og_locale":"fr_FR","og_type":"article","og_title":"Skate-Tec LT 527 Xact Skate Shop%page%%","og_description":"Skate-Tec LT 527. Nos lames 527 sont sur le march\u00e9 depuis un certain temps et ont remport\u00e9 des succ\u00e8s en Coupe du monde et lors de marathons.","og_url":"https:\/\/xactskateshop.com\/fr\/produit\/lames-skate-tec-527-lt\/","og_site_name":"Xact Skate Shop","article_publisher":"https:\/\/www.facebook.com\/JeanLouiskateshop","og_image":[{"width":1000,"height":1000,"url":"https:\/\/xactskateshop.com\/wp-content\/uploads\/2022\/06\/527-2-tones.jpg","type":"image\/jpeg"}],"twitter_card":"summary_large_image","twitter_misc":{"Dur\u00e9e de lecture estim\u00e9e":"2 minutes"},"schema":{"@context":"https:\/\/schema.org","@graph":[{"@type":"WebPage","@id":"https:\/\/xactskateshop.com\/fr\/produit\/lames-skate-tec-527-lt\/","url":"https:\/\/xactskateshop.com\/fr\/produit\/lames-skate-tec-527-lt\/","name":"Skate-Tec LT 527 Xact Skate Shop%page%%","isPartOf":{"@id":"http:\/\/xactskateshop.com\/fr\/#website"},"primaryImageOfPage":{"@id":"https:\/\/xactskateshop.com\/fr\/produit\/lames-skate-tec-527-lt\/#primaryimage"},"image":{"@id":"https:\/\/xactskateshop.com\/fr\/produit\/lames-skate-tec-527-lt\/#primaryimage"},"thumbnailUrl":"https:\/\/xactskateshop.com\/wp-content\/uploads\/2022\/06\/527-2-tones.jpg","datePublished":"2022-06-11T19:02:34+00:00","description":"Skate-Tec LT 527. Nos lames 527 sont sur le march\u00e9 depuis un certain temps et ont remport\u00e9 des succ\u00e8s en Coupe du monde et lors de marathons.","breadcrumb":{"@id":"https:\/\/xactskateshop.com\/fr\/produit\/lames-skate-tec-527-lt\/#breadcrumb"},"inLanguage":"fr-FR","potentialAction":[{"@type":"ReadAction","target":["https:\/\/xactskateshop.com\/fr\/produit\/lames-skate-tec-527-lt\/"]}]},{"@type":"ImageObject","inLanguage":"fr-FR","@id":"https:\/\/xactskateshop.com\/fr\/produit\/lames-skate-tec-527-lt\/#primaryimage","url":"https:\/\/xactskateshop.com\/wp-content\/uploads\/2022\/06\/527-2-tones.jpg","contentUrl":"https:\/\/xactskateshop.com\/wp-content\/uploads\/2022\/06\/527-2-tones.jpg","width":1000,"height":1000,"caption":"Skate-Tec LT 527"},{"@type":"BreadcrumbList","@id":"https:\/\/xactskateshop.com\/fr\/produit\/lames-skate-tec-527-lt\/#breadcrumb","itemListElement":[{"@type":"ListItem","position":1,"name":"Home","item":"https:\/\/xactskateshop.com\/fr\/accueil\/"},{"@type":"ListItem","position":2,"name":"Boutique","item":"https:\/\/xactskateshop.com\/shop\/"},{"@type":"ListItem","position":3,"name":"Lames SKATE-TEC 527 LT"}]},{"@type":"WebSite","@id":"http:\/\/xactskateshop.com\/fr\/#website","url":"http:\/\/xactskateshop.com\/fr\/","name":"Xact Skate Shop","description":"Un site utilisant WordPress","publisher":{"@id":"http:\/\/xactskateshop.com\/fr\/#organization"},"potentialAction":[{"@type":"SearchAction","target":{"@type":"EntryPoint","urlTemplate":"http:\/\/xactskateshop.com\/fr\/?s={search_term_string}"},"query-input":{"@type":"PropertyValueSpecification","valueRequired":true,"valueName":"search_term_string"}}],"inLanguage":"fr-FR"},{"@type":"Organization","@id":"http:\/\/xactskateshop.com\/fr\/#organization","name":"XACT Skate Shop","url":"http:\/\/xactskateshop.com\/fr\/","logo":{"@type":"ImageObject","inLanguage":"fr-FR","@id":"http:\/\/xactskateshop.com\/fr\/#\/schema\/logo\/image\/","url":"http:\/\/xactskateshop.com\/wp-content\/uploads\/2024\/04\/xactskateshop-dot-com-avec-contour-noir-sans-fond-675x.jpg","contentUrl":"http:\/\/xactskateshop.com\/wp-content\/uploads\/2024\/04\/xactskateshop-dot-com-avec-contour-noir-sans-fond-675x.jpg","width":675,"height":247,"caption":"XACT Skate Shop"},"image":{"@id":"http:\/\/xactskateshop.com\/fr\/#\/schema\/logo\/image\/"},"sameAs":["https:\/\/www.facebook.com\/JeanLouiskateshop"]}]}},"_links":{"self":[{"href":"https:\/\/xactskateshop.com\/fr\/wp-json\/wp\/v2\/product\/57792","targetHints":{"allow":["GET"]}}],"collection":[{"href":"https:\/\/xactskateshop.com\/fr\/wp-json\/wp\/v2\/product"}],"about":[{"href":"https:\/\/xactskateshop.com\/fr\/wp-json\/wp\/v2\/types\/product"}],"replies":[{"embeddable":true,"href":"https:\/\/xactskateshop.com\/fr\/wp-json\/wp\/v2\/comments?post=57792"}],"wp:featuredmedia":[{"embeddable":true,"href":"https:\/\/xactskateshop.com\/fr\/wp-json\/wp\/v2\/media\/29952"}],"wp:attachment":[{"href":"https:\/\/xactskateshop.com\/fr\/wp-json\/wp\/v2\/media?parent=57792"}],"wp:term":[{"taxonomy":"product_brand","embeddable":true,"href":"https:\/\/xactskateshop.com\/fr\/wp-json\/wp\/v2\/product_brand?post=57792"},{"taxonomy":"product_cat","embeddable":true,"href":"https:\/\/xactskateshop.com\/fr\/wp-json\/wp\/v2\/product_cat?post=57792"},{"taxonomy":"product_tag","embeddable":true,"href":"https:\/\/xactskateshop.com\/fr\/wp-json\/wp\/v2\/product_tag?post=57792"}],"curies":[{"name":"wp","href":"https:\/\/api.w.org\/{rel}","templated":true}]}}