{"id":57518,"date":"2022-04-21T19:08:30","date_gmt":"2022-04-21T23:08:30","guid":{"rendered":"http:\/\/xactskateshop.com\/product\/skate-tec-n98-evo-krypton-12c27-package\/"},"modified":"2025-10-03T17:55:55","modified_gmt":"2025-10-03T21:55:55","slug":"skate-tec-n98-evo-krypton-12c27-package","status":"publish","type":"product","link":"https:\/\/xactskateshop.com\/fr\/produit\/skate-tec-n98-evo-krypton-12c27-package\/","title":{"rendered":"SKATE-TEC N98\/EVO Krypton 12c27 package"},"content":{"rendered":"<p>Paquet SKATE-TEC N98<\/p>\n<p><strong>*** PR\u00c9CISEZ LA LONGUEUR DE LA LAME DANS LA CASE COMMENTAIRE<\/strong><\/p>\n<p>BOTTES SKATE-TEC N98 ST<\/p>\n<ul>\n<li>Coque en fibre de carbone \/ rh\u00e9noplastique thermoformable<\/li>\n<li>Coque l\u00e9g\u00e8re offrant une excellente rigidit\u00e9 et un bon soutien<\/li>\n<li>La mousse thermo dans le compartiment de la cheville et la languette offre une personnalisation suppl\u00e9mentaire.<\/li>\n<li>Sangles velcro sup\u00e9rieures et inf\u00e9rieures renforc\u00e9es pour un meilleur soutien<\/li>\n<li>Lacets cir\u00e9s<\/li>\n<li>Protection du lacet par velcro<\/li>\n<li>Airmesh int\u00e9rieur<\/li>\n<li>Double sangle<\/li>\n<\/ul>\n<p>notre pack SKATE-TEC N98 est \u00e9quip\u00e9 de lames Krypton<\/p>\n<p>Con\u00e7ue comme une lame agile, r\u00e9active et durable<\/p>\n<p>Un produit de grande valeur offrant une excellente qualit\u00e9 \u00e0 un prix plus abordable<\/p>\n<p>Technologie du tube Krypton mise en \u0153uvre dans le mod\u00e8le 12C27<\/p>\n<p>Le 12C27 est un acier durable, qui conserve un tranchant et une qualit\u00e9 d&#8217;ar\u00eate excellents.<\/p>\n<p>Le 12C27 est fabriqu\u00e9 selon les m\u00eames sp\u00e9cifications et tol\u00e9rances que nos patins PM et bi-m\u00e9tal.<\/p>\n<p>Con\u00e7u au Canada et fabriqu\u00e9 en Hollande<\/p>\n<p>Aluminium et acier 12C27 de premi\u00e8re qualit\u00e9 d&#8217;origine n\u00e9erlandaise<\/p>\n<p>Pr\u00e9-coude<\/p>\n<p>Le syst\u00e8me de coupelles innovant d&#8217;Evo offre une interface de montage solide avec une mise en place et un r\u00e9glage simples et efficaces.<\/p>\n<p>Des coupelles plus hautes de 5 mm sont \u00e9galement disponibles sur demande sp\u00e9ciale.<\/p>\n<p>Qu&#8217;est-ce que l&#8217;acier 12c27 ?<\/p>\n<p>Le Sandvik 12c27 est un acier inoxydable su\u00e9dois martensitique au chrome de bas de gamme, courroie et optimis\u00e9 pour les couteaux, que vous trouverez donc g\u00e9n\u00e9ralement dans les couteaux de cuisine, les couteaux de chasse, les couteaux de p\u00eache et \u00e9galement pour les perceuses \u00e0 glace et les <strong>lames de patins \u00e0 glace<\/strong>.<\/p>\n<p>Vous achetez pour un club ? Trouvez notre offre Club <a href=\"http:\/\/xactskateshop.com\/product\/skate-tec-n98-futuro-package-club-order-5-pairs\/\">ici !<\/a><\/p>\n<p>Pour en savoir plus sur Skate-Tec <a href=\"https:\/\/skate-tec.com\/about.html\">, cliquez ici !<\/a><\/p>\n<p><strong><em>LA LONGUEUR DE LA LAME PEUT \u00caTRE MODIFI\u00c9E, VEUILLEZ SP\u00c9CIFIER LA MODIFICATION DANS LA CASE COMMENTAIRE LORS DE VOTRE COMMANDE.<\/em><\/strong><\/p>\n<p><img fetchpriority=\"high\" decoding=\"async\" class=\"alignnone size-medium wp-image-20599\" src=\"http:\/\/xactskateshop.com\/wp-content\/uploads\/2022\/04\/TctT11lWwLRJOACT-1-257x300.png\" alt=\"\" width=\"257\" height=\"300\" srcset=\"https:\/\/xactskateshop.com\/wp-content\/uploads\/2022\/04\/TctT11lWwLRJOACT-1-257x300.png 257w, https:\/\/xactskateshop.com\/wp-content\/uploads\/2022\/04\/TctT11lWwLRJOACT-1.png 508w\" sizes=\"(max-width: 257px) 100vw, 257px\" \/><\/p>\n","protected":false},"excerpt":{"rendered":"<p>Paquet SKATE-TEC N98<\/p>\n<p>BOOTS SKATE-TEC N98 ST avec lames Krypton<\/p>\n<p>&nbsp;<\/p>\n","protected":false},"featured_media":29639,"comment_status":"open","ping_status":"closed","template":"","meta":{"site-sidebar-layout":"default","site-content-layout":"default","ast-site-content-layout":"default","site-content-style":"default","site-sidebar-style":"default","ast-global-header-display":"","ast-banner-title-visibility":"","ast-main-header-display":"","ast-hfb-above-header-display":"","ast-hfb-below-header-display":"","ast-hfb-mobile-header-display":"","site-post-title":"","ast-breadcrumbs-content":"","ast-featured-img":"","footer-sml-layout":"","theme-transparent-header-meta":"default","adv-header-id-meta":"","stick-header-meta":"","header-above-stick-meta":"","header-main-stick-meta":"","header-below-stick-meta":"","astra-migrate-meta-layouts":"set","ast-page-background-enabled":"default","ast-page-background-meta":{"desktop":{"background-color":"","background-image":"","background-repeat":"repeat","background-position":"center center","background-size":"auto","background-attachment":"scroll","background-type":"","background-media":"","overlay-type":"","overlay-color":"","overlay-opacity":"","overlay-gradient":""},"tablet":{"background-color":"","background-image":"","background-repeat":"repeat","background-position":"center center","background-size":"auto","background-attachment":"scroll","background-type":"","background-media":"","overlay-type":"","overlay-color":"","overlay-opacity":"","overlay-gradient":""},"mobile":{"background-color":"","background-image":"","background-repeat":"repeat","background-position":"center center","background-size":"auto","background-attachment":"scroll","background-type":"","background-media":"","overlay-type":"","overlay-color":"","overlay-opacity":"","overlay-gradient":""}},"ast-content-background-meta":{"desktop":{"background-color":"var(--ast-global-color-5)","background-image":"","background-repeat":"repeat","background-position":"center center","background-size":"auto","background-attachment":"scroll","background-type":"","background-media":"","overlay-type":"","overlay-color":"","overlay-opacity":"","overlay-gradient":""},"tablet":{"background-color":"var(--ast-global-color-5)","background-image":"","background-repeat":"repeat","background-position":"center center","background-size":"auto","background-attachment":"scroll","background-type":"","background-media":"","overlay-type":"","overlay-color":"","overlay-opacity":"","overlay-gradient":""},"mobile":{"background-color":"var(--ast-global-color-5)","background-image":"","background-repeat":"repeat","background-position":"center center","background-size":"auto","background-attachment":"scroll","background-type":"","background-media":"","overlay-type":"","overlay-color":"","overlay-opacity":"","overlay-gradient":""}}},"product_brand":[],"product_cat":[1354,1355,1353],"product_tag":[2047,1356,1997,2009],"class_list":{"0":"post-57518","1":"product","2":"type-product","3":"status-publish","4":"has-post-thumbnail","6":"product_cat-courte-piste","7":"product_cat-ensembles-bottines-et-lames-courte-piste","8":"product_cat-patinage-de-vitesse","9":"product_tag-bottes-skate-tec","10":"product_tag-courte-piste-fr","11":"product_tag-lames-evo","12":"product_tag-paquet-de-st","13":"desktop-align-center","14":"tablet-align-center","15":"mobile-align-center","16":"ast-product-gallery-layout-horizontal","17":"ast-product-single-variable","18":"ast-product-tabs-layout-horizontal","19":"ast-qv-on-image","21":"first","22":"instock","23":"sale","24":"taxable","25":"shipping-taxable","26":"purchasable","27":"product-type-variable"},"bundled_by":[],"bundle_stock_status":"instock","bundle_stock_quantity":null,"bundle_virtual":false,"bundle_layout":"","bundle_add_to_cart_form_location":"","bundle_editable_in_cart":false,"bundle_sold_individually_context":"","bundle_item_grouping":"","bundle_min_size":"","bundle_max_size":"","bundle_price":[],"bundled_items":[],"bundle_sell_ids":[],"yoast_head":"<!-- This site is optimized with the Yoast SEO plugin v27.4 - https:\/\/yoast.com\/product\/yoast-seo-wordpress\/ -->\n<title>Skate-Tec N98 package - %.<\/title>\n<meta name=\"description\" content=\"Paquet SKATE-TEC N98 BOOTS ST avec lames Krypton. Ensemble interm\u00e9diaire (interr\u00e9gional). Excellent ajustement, meilleur rapport qualit\u00e9-prix pour les lames. Achetez les v\u00f4tres ici !\" \/>\n<meta name=\"robots\" content=\"index, follow, max-snippet:-1, max-image-preview:large, max-video-preview:-1\" \/>\n<link rel=\"canonical\" href=\"https:\/\/xactskateshop.com\/fr\/produit\/skate-tec-n98-evo-krypton-12c27-package\/\" \/>\n<meta property=\"og:locale\" content=\"fr_FR\" \/>\n<meta property=\"og:type\" content=\"article\" \/>\n<meta property=\"og:title\" content=\"Skate-Tec N98 package - %.\" \/>\n<meta property=\"og:description\" content=\"Paquet SKATE-TEC N98 BOOTS ST avec lames Krypton. Ensemble interm\u00e9diaire (interr\u00e9gional). Excellent ajustement, meilleur rapport qualit\u00e9-prix pour les lames. Achetez les v\u00f4tres ici !\" \/>\n<meta property=\"og:url\" content=\"https:\/\/xactskateshop.com\/fr\/produit\/skate-tec-n98-evo-krypton-12c27-package\/\" \/>\n<meta property=\"og:site_name\" content=\"Xact Skate Shop\" \/>\n<meta property=\"article:publisher\" content=\"https:\/\/www.facebook.com\/JeanLouiskateshop\" \/>\n<meta property=\"article:modified_time\" content=\"2025-10-03T21:55:55+00:00\" \/>\n<meta property=\"og:image\" content=\"https:\/\/xactskateshop.com\/wp-content\/uploads\/2022\/04\/n98-krypton.jpg\" \/>\n\t<meta property=\"og:image:width\" content=\"1000\" \/>\n\t<meta property=\"og:image:height\" content=\"1000\" \/>\n\t<meta property=\"og:image:type\" content=\"image\/jpeg\" \/>\n<meta name=\"twitter:card\" content=\"summary_large_image\" \/>\n<meta name=\"twitter:label1\" content=\"Dur\u00e9e de lecture estim\u00e9e\" \/>\n\t<meta name=\"twitter:data1\" content=\"2 minutes\" \/>\n<script type=\"application\/ld+json\" class=\"yoast-schema-graph\">{\"@context\":\"https:\\\/\\\/schema.org\",\"@graph\":[{\"@type\":\"WebPage\",\"@id\":\"https:\\\/\\\/xactskateshop.com\\\/fr\\\/produit\\\/skate-tec-n98-evo-krypton-12c27-package\\\/\",\"url\":\"https:\\\/\\\/xactskateshop.com\\\/fr\\\/produit\\\/skate-tec-n98-evo-krypton-12c27-package\\\/\",\"name\":\"Skate-Tec N98 package - %.\",\"isPartOf\":{\"@id\":\"http:\\\/\\\/xactskateshop.com\\\/fr\\\/#website\"},\"primaryImageOfPage\":{\"@id\":\"https:\\\/\\\/xactskateshop.com\\\/fr\\\/produit\\\/skate-tec-n98-evo-krypton-12c27-package\\\/#primaryimage\"},\"image\":{\"@id\":\"https:\\\/\\\/xactskateshop.com\\\/fr\\\/produit\\\/skate-tec-n98-evo-krypton-12c27-package\\\/#primaryimage\"},\"thumbnailUrl\":\"https:\\\/\\\/xactskateshop.com\\\/wp-content\\\/uploads\\\/2022\\\/04\\\/n98-krypton.jpg\",\"datePublished\":\"2022-04-21T23:08:30+00:00\",\"dateModified\":\"2025-10-03T21:55:55+00:00\",\"description\":\"Paquet SKATE-TEC N98 BOOTS ST avec lames Krypton. Ensemble interm\u00e9diaire (interr\u00e9gional). Excellent ajustement, meilleur rapport qualit\u00e9-prix pour les lames. Achetez les v\u00f4tres ici !\",\"breadcrumb\":{\"@id\":\"https:\\\/\\\/xactskateshop.com\\\/fr\\\/produit\\\/skate-tec-n98-evo-krypton-12c27-package\\\/#breadcrumb\"},\"inLanguage\":\"fr-FR\",\"potentialAction\":[{\"@type\":\"ReadAction\",\"target\":[\"https:\\\/\\\/xactskateshop.com\\\/fr\\\/produit\\\/skate-tec-n98-evo-krypton-12c27-package\\\/\"]}]},{\"@type\":\"ImageObject\",\"inLanguage\":\"fr-FR\",\"@id\":\"https:\\\/\\\/xactskateshop.com\\\/fr\\\/produit\\\/skate-tec-n98-evo-krypton-12c27-package\\\/#primaryimage\",\"url\":\"https:\\\/\\\/xactskateshop.com\\\/wp-content\\\/uploads\\\/2022\\\/04\\\/n98-krypton.jpg\",\"contentUrl\":\"https:\\\/\\\/xactskateshop.com\\\/wp-content\\\/uploads\\\/2022\\\/04\\\/n98-krypton.jpg\",\"width\":1000,\"height\":1000,\"caption\":\"Paquet Skate-Tec N98\"},{\"@type\":\"BreadcrumbList\",\"@id\":\"https:\\\/\\\/xactskateshop.com\\\/fr\\\/produit\\\/skate-tec-n98-evo-krypton-12c27-package\\\/#breadcrumb\",\"itemListElement\":[{\"@type\":\"ListItem\",\"position\":1,\"name\":\"Home\",\"item\":\"https:\\\/\\\/xactskateshop.com\\\/fr\\\/accueil\\\/\"},{\"@type\":\"ListItem\",\"position\":2,\"name\":\"Boutique\",\"item\":\"https:\\\/\\\/xactskateshop.com\\\/shop\\\/\"},{\"@type\":\"ListItem\",\"position\":3,\"name\":\"SKATE-TEC N98\\\/EVO Krypton 12c27 package\"}]},{\"@type\":\"WebSite\",\"@id\":\"http:\\\/\\\/xactskateshop.com\\\/fr\\\/#website\",\"url\":\"http:\\\/\\\/xactskateshop.com\\\/fr\\\/\",\"name\":\"Xact Skate Shop\",\"description\":\"Un site utilisant WordPress\",\"publisher\":{\"@id\":\"http:\\\/\\\/xactskateshop.com\\\/fr\\\/#organization\"},\"potentialAction\":[{\"@type\":\"SearchAction\",\"target\":{\"@type\":\"EntryPoint\",\"urlTemplate\":\"http:\\\/\\\/xactskateshop.com\\\/fr\\\/?s={search_term_string}\"},\"query-input\":{\"@type\":\"PropertyValueSpecification\",\"valueRequired\":true,\"valueName\":\"search_term_string\"}}],\"inLanguage\":\"fr-FR\"},{\"@type\":\"Organization\",\"@id\":\"http:\\\/\\\/xactskateshop.com\\\/fr\\\/#organization\",\"name\":\"XACT Skate Shop\",\"url\":\"http:\\\/\\\/xactskateshop.com\\\/fr\\\/\",\"logo\":{\"@type\":\"ImageObject\",\"inLanguage\":\"fr-FR\",\"@id\":\"http:\\\/\\\/xactskateshop.com\\\/fr\\\/#\\\/schema\\\/logo\\\/image\\\/\",\"url\":\"http:\\\/\\\/xactskateshop.com\\\/wp-content\\\/uploads\\\/2024\\\/04\\\/xactskateshop-dot-com-avec-contour-noir-sans-fond-675x.jpg\",\"contentUrl\":\"http:\\\/\\\/xactskateshop.com\\\/wp-content\\\/uploads\\\/2024\\\/04\\\/xactskateshop-dot-com-avec-contour-noir-sans-fond-675x.jpg\",\"width\":675,\"height\":247,\"caption\":\"XACT Skate Shop\"},\"image\":{\"@id\":\"http:\\\/\\\/xactskateshop.com\\\/fr\\\/#\\\/schema\\\/logo\\\/image\\\/\"},\"sameAs\":[\"https:\\\/\\\/www.facebook.com\\\/JeanLouiskateshop\"]}]}<\/script>\n<!-- \/ Yoast SEO plugin. -->","yoast_head_json":{"title":"Skate-Tec N98 package - %.","description":"Paquet SKATE-TEC N98 BOOTS ST avec lames Krypton. Ensemble interm\u00e9diaire (interr\u00e9gional). Excellent ajustement, meilleur rapport qualit\u00e9-prix pour les lames. Achetez les v\u00f4tres ici !","robots":{"index":"index","follow":"follow","max-snippet":"max-snippet:-1","max-image-preview":"max-image-preview:large","max-video-preview":"max-video-preview:-1"},"canonical":"https:\/\/xactskateshop.com\/fr\/produit\/skate-tec-n98-evo-krypton-12c27-package\/","og_locale":"fr_FR","og_type":"article","og_title":"Skate-Tec N98 package - %.","og_description":"Paquet SKATE-TEC N98 BOOTS ST avec lames Krypton. Ensemble interm\u00e9diaire (interr\u00e9gional). Excellent ajustement, meilleur rapport qualit\u00e9-prix pour les lames. Achetez les v\u00f4tres ici !","og_url":"https:\/\/xactskateshop.com\/fr\/produit\/skate-tec-n98-evo-krypton-12c27-package\/","og_site_name":"Xact Skate Shop","article_publisher":"https:\/\/www.facebook.com\/JeanLouiskateshop","article_modified_time":"2025-10-03T21:55:55+00:00","og_image":[{"width":1000,"height":1000,"url":"https:\/\/xactskateshop.com\/wp-content\/uploads\/2022\/04\/n98-krypton.jpg","type":"image\/jpeg"}],"twitter_card":"summary_large_image","twitter_misc":{"Dur\u00e9e de lecture estim\u00e9e":"2 minutes"},"schema":{"@context":"https:\/\/schema.org","@graph":[{"@type":"WebPage","@id":"https:\/\/xactskateshop.com\/fr\/produit\/skate-tec-n98-evo-krypton-12c27-package\/","url":"https:\/\/xactskateshop.com\/fr\/produit\/skate-tec-n98-evo-krypton-12c27-package\/","name":"Skate-Tec N98 package - %.","isPartOf":{"@id":"http:\/\/xactskateshop.com\/fr\/#website"},"primaryImageOfPage":{"@id":"https:\/\/xactskateshop.com\/fr\/produit\/skate-tec-n98-evo-krypton-12c27-package\/#primaryimage"},"image":{"@id":"https:\/\/xactskateshop.com\/fr\/produit\/skate-tec-n98-evo-krypton-12c27-package\/#primaryimage"},"thumbnailUrl":"https:\/\/xactskateshop.com\/wp-content\/uploads\/2022\/04\/n98-krypton.jpg","datePublished":"2022-04-21T23:08:30+00:00","dateModified":"2025-10-03T21:55:55+00:00","description":"Paquet SKATE-TEC N98 BOOTS ST avec lames Krypton. Ensemble interm\u00e9diaire (interr\u00e9gional). Excellent ajustement, meilleur rapport qualit\u00e9-prix pour les lames. Achetez les v\u00f4tres ici !","breadcrumb":{"@id":"https:\/\/xactskateshop.com\/fr\/produit\/skate-tec-n98-evo-krypton-12c27-package\/#breadcrumb"},"inLanguage":"fr-FR","potentialAction":[{"@type":"ReadAction","target":["https:\/\/xactskateshop.com\/fr\/produit\/skate-tec-n98-evo-krypton-12c27-package\/"]}]},{"@type":"ImageObject","inLanguage":"fr-FR","@id":"https:\/\/xactskateshop.com\/fr\/produit\/skate-tec-n98-evo-krypton-12c27-package\/#primaryimage","url":"https:\/\/xactskateshop.com\/wp-content\/uploads\/2022\/04\/n98-krypton.jpg","contentUrl":"https:\/\/xactskateshop.com\/wp-content\/uploads\/2022\/04\/n98-krypton.jpg","width":1000,"height":1000,"caption":"Paquet Skate-Tec N98"},{"@type":"BreadcrumbList","@id":"https:\/\/xactskateshop.com\/fr\/produit\/skate-tec-n98-evo-krypton-12c27-package\/#breadcrumb","itemListElement":[{"@type":"ListItem","position":1,"name":"Home","item":"https:\/\/xactskateshop.com\/fr\/accueil\/"},{"@type":"ListItem","position":2,"name":"Boutique","item":"https:\/\/xactskateshop.com\/shop\/"},{"@type":"ListItem","position":3,"name":"SKATE-TEC N98\/EVO Krypton 12c27 package"}]},{"@type":"WebSite","@id":"http:\/\/xactskateshop.com\/fr\/#website","url":"http:\/\/xactskateshop.com\/fr\/","name":"Xact Skate Shop","description":"Un site utilisant WordPress","publisher":{"@id":"http:\/\/xactskateshop.com\/fr\/#organization"},"potentialAction":[{"@type":"SearchAction","target":{"@type":"EntryPoint","urlTemplate":"http:\/\/xactskateshop.com\/fr\/?s={search_term_string}"},"query-input":{"@type":"PropertyValueSpecification","valueRequired":true,"valueName":"search_term_string"}}],"inLanguage":"fr-FR"},{"@type":"Organization","@id":"http:\/\/xactskateshop.com\/fr\/#organization","name":"XACT Skate Shop","url":"http:\/\/xactskateshop.com\/fr\/","logo":{"@type":"ImageObject","inLanguage":"fr-FR","@id":"http:\/\/xactskateshop.com\/fr\/#\/schema\/logo\/image\/","url":"http:\/\/xactskateshop.com\/wp-content\/uploads\/2024\/04\/xactskateshop-dot-com-avec-contour-noir-sans-fond-675x.jpg","contentUrl":"http:\/\/xactskateshop.com\/wp-content\/uploads\/2024\/04\/xactskateshop-dot-com-avec-contour-noir-sans-fond-675x.jpg","width":675,"height":247,"caption":"XACT Skate Shop"},"image":{"@id":"http:\/\/xactskateshop.com\/fr\/#\/schema\/logo\/image\/"},"sameAs":["https:\/\/www.facebook.com\/JeanLouiskateshop"]}]}},"_links":{"self":[{"href":"https:\/\/xactskateshop.com\/fr\/wp-json\/wp\/v2\/product\/57518","targetHints":{"allow":["GET"]}}],"collection":[{"href":"https:\/\/xactskateshop.com\/fr\/wp-json\/wp\/v2\/product"}],"about":[{"href":"https:\/\/xactskateshop.com\/fr\/wp-json\/wp\/v2\/types\/product"}],"replies":[{"embeddable":true,"href":"https:\/\/xactskateshop.com\/fr\/wp-json\/wp\/v2\/comments?post=57518"}],"wp:featuredmedia":[{"embeddable":true,"href":"https:\/\/xactskateshop.com\/fr\/wp-json\/wp\/v2\/media\/29639"}],"wp:attachment":[{"href":"https:\/\/xactskateshop.com\/fr\/wp-json\/wp\/v2\/media?parent=57518"}],"wp:term":[{"taxonomy":"product_brand","embeddable":true,"href":"https:\/\/xactskateshop.com\/fr\/wp-json\/wp\/v2\/product_brand?post=57518"},{"taxonomy":"product_cat","embeddable":true,"href":"https:\/\/xactskateshop.com\/fr\/wp-json\/wp\/v2\/product_cat?post=57518"},{"taxonomy":"product_tag","embeddable":true,"href":"https:\/\/xactskateshop.com\/fr\/wp-json\/wp\/v2\/product_tag?post=57518"}],"curies":[{"name":"wp","href":"https:\/\/api.w.org\/{rel}","templated":true}]}}