{"id":57448,"date":"2022-04-21T18:11:28","date_gmt":"2022-04-21T22:11:28","guid":{"rendered":"http:\/\/xactskateshop.com\/product\/genouilleres-de-patinage-bont-adultes\/"},"modified":"2022-04-21T18:11:28","modified_gmt":"2022-04-21T22:11:28","slug":"genouilleres-de-patinage-bont-adultes","status":"publish","type":"product","link":"https:\/\/xactskateshop.com\/fr\/produit\/genouilleres-de-patinage-bont-adultes\/","title":{"rendered":"Genouill\u00e8res de patinage BONT Adultes"},"content":{"rendered":"<p>La genouill\u00e8re pour adultes Bont est con\u00e7ue pour offrir un maximum de confort et de soutien. Cette genouill\u00e8re robuste convient \u00e0 tous les types de patinage et de sports d&#8217;action en plein air : roller, roller derby, park skating, inline, skateboard, BMX et scooter. <\/p>\n<p>Ces genouill\u00e8res sont con\u00e7ues avec des bouchons \u00e0 haute densit\u00e9 et une couche de mousse \u00e0 m\u00e9moire EVA r\u00e9sistante pour absorber les chocs violents et vous aider \u00e0 glisser plut\u00f4t qu&#8217;\u00e0 vous arr\u00eater brusquement. Les capuchons sont munis de rivets \u00e0 t\u00eate frais\u00e9e et ne causeront pas de dommages en cas de chute. <\/p>\n<p>Le renfoncement ergonomique du genou \u00e9pouse votre genou et maintient vos protections en place afin qu&#8217;elles ne glissent pas vers le bas. La conception \u00e0 glissi\u00e8re et les deux sangles \u00e9lastiques permettent un ajustement s\u00fbr et confortable. Le support en n\u00e9opr\u00e8ne comporte \u00e9galement une ventilation derri\u00e8re le genou et des ouvertures \u00e9lastiques, ce qui facilite l&#8217;enfilage et le retrait de la genouill\u00e8re.  <\/p>\n<p>Vous recherchez d&#8217;autres \u00e9quipements de protection ? Consultez nos coudi\u00e8res pour adultes, nos prot\u00e8ge-poignets et nos genouill\u00e8res professionnelles. <\/p>\n<ul>\n<li>Taille : Petit, Moyen, Grand<\/li>\n<li>Couleur : Noir<\/li>\n<\/ul>\n<p>D\u00e9velopp\u00e9 par des patineurs professionnels<br \/>\nL&#8217;\u00e9quipe Bont est compos\u00e9e de certains des meilleurs patineurs de roller derby et de park au monde. Chacun de nos patineurs a des ann\u00e9es de patinage \u00e0 son actif et, au cours de cette p\u00e9riode, ils ont tous utilis\u00e9 un certain nombre de protections de genoux diff\u00e9rentes. Nous avons demand\u00e9 \u00e0 tous nos patineurs du monde entier de nous indiquer ce qu&#8217;ils aimaient et ce qu&#8217;ils n&#8217;aimaient pas dans les protections et les prot\u00e8ge-genoux qu&#8217;ils ont utilis\u00e9s au fil des ans et nous leur avons demand\u00e9 de nous faire part de leurs id\u00e9es sur la fa\u00e7on dont nous pourrions fabriquer une protection des genoux encore meilleure. Nous avons pris en compte tous les commentaires et d\u00e9velopp\u00e9 ce que nous pensons \u00eatre la meilleure genouill\u00e8re du march\u00e9. Ce projet a \u00e9t\u00e9 dirig\u00e9 par Christine (Shorty) Murray, qui a \u00e9t\u00e9 l&#8217;une des meilleures joueuses de roller derby au monde et qui est aujourd&#8217;hui l&#8217;une des meilleures patineuses de park au monde. Elle sait donc parfaitement ce qu&#8217;il faut faire pour fabriquer une excellente genouill\u00e8re.    <\/p>\n<p>Sports pour Coudi\u00e8res<br \/>\nRoller Derby<br \/>\nRoller Skate<br \/>\nIce Skate<br \/>\nPark Skate<br \/>\nScooter<br \/>\nSkateboard<\/p>\n<p><img decoding=\"async\" src=\"https:\/\/cdn.shopify.com\/s\/files\/1\/0048\/6242\/files\/Sizing_INCH_Red.png?v=1640058125\" alt=\"Tableau des tailles des coussins de protection Bont, dimensions et informations\"><\/p>\n","protected":false},"excerpt":{"rendered":"<p>La genouill\u00e8re pour adultes Bont est con\u00e7ue pour offrir un maximum de confort et de soutien. Cette genouill\u00e8re robuste convient \u00e0 tous les types de patinage et de sports d&#8217;action en plein air : roller, roller derby, park skating, inline, skateboard, BMX et scooter. <\/p>\n","protected":false},"featured_media":29632,"comment_status":"closed","ping_status":"closed","template":"","meta":{"site-sidebar-layout":"default","site-content-layout":"default","ast-site-content-layout":"default","site-content-style":"default","site-sidebar-style":"default","ast-global-header-display":"","ast-banner-title-visibility":"","ast-main-header-display":"","ast-hfb-above-header-display":"","ast-hfb-below-header-display":"","ast-hfb-mobile-header-display":"","site-post-title":"","ast-breadcrumbs-content":"","ast-featured-img":"","footer-sml-layout":"","theme-transparent-header-meta":"default","adv-header-id-meta":"","stick-header-meta":"","header-above-stick-meta":"","header-main-stick-meta":"","header-below-stick-meta":"","astra-migrate-meta-layouts":"default","ast-page-background-enabled":"default","ast-page-background-meta":{"desktop":{"background-color":"","background-image":"","background-repeat":"repeat","background-position":"center center","background-size":"auto","background-attachment":"scroll","background-type":"","background-media":"","overlay-type":"","overlay-color":"","overlay-opacity":"","overlay-gradient":""},"tablet":{"background-color":"","background-image":"","background-repeat":"repeat","background-position":"center center","background-size":"auto","background-attachment":"scroll","background-type":"","background-media":"","overlay-type":"","overlay-color":"","overlay-opacity":"","overlay-gradient":""},"mobile":{"background-color":"","background-image":"","background-repeat":"repeat","background-position":"center center","background-size":"auto","background-attachment":"scroll","background-type":"","background-media":"","overlay-type":"","overlay-color":"","overlay-opacity":"","overlay-gradient":""}},"ast-content-background-meta":{"desktop":{"background-color":"var(--ast-global-color-5)","background-image":"","background-repeat":"repeat","background-position":"center center","background-size":"auto","background-attachment":"scroll","background-type":"","background-media":"","overlay-type":"","overlay-color":"","overlay-opacity":"","overlay-gradient":""},"tablet":{"background-color":"var(--ast-global-color-5)","background-image":"","background-repeat":"repeat","background-position":"center center","background-size":"auto","background-attachment":"scroll","background-type":"","background-media":"","overlay-type":"","overlay-color":"","overlay-opacity":"","overlay-gradient":""},"mobile":{"background-color":"var(--ast-global-color-5)","background-image":"","background-repeat":"repeat","background-position":"center center","background-size":"auto","background-attachment":"scroll","background-type":"","background-media":"","overlay-type":"","overlay-color":"","overlay-opacity":"","overlay-gradient":""}}},"product_brand":[],"product_cat":[1733,1652,1755],"product_tag":[],"class_list":{"0":"post-57448","1":"product","2":"type-product","3":"status-publish","4":"has-post-thumbnail","6":"product_cat-equipement-de-protection","7":"product_cat-patins-a-roulettes","8":"product_cat-protection-patins-a-roulettes","9":"desktop-align-center","10":"tablet-align-center","11":"mobile-align-center","12":"ast-product-gallery-layout-horizontal","13":"ast-product-single-variable","14":"ast-product-tabs-layout-horizontal","15":"ast-qv-on-image","17":"first","18":"instock","19":"taxable","20":"shipping-taxable","21":"purchasable","22":"product-type-variable"},"bundled_by":[],"bundle_stock_status":"instock","bundle_stock_quantity":null,"bundle_virtual":false,"bundle_layout":"","bundle_add_to_cart_form_location":"","bundle_editable_in_cart":false,"bundle_sold_individually_context":"","bundle_item_grouping":"","bundle_min_size":"","bundle_max_size":"","bundle_price":[],"bundled_items":[],"bundle_sell_ids":[],"yoast_head":"<!-- This site is optimized with the Yoast SEO plugin v27.4 - https:\/\/yoast.com\/product\/yoast-seo-wordpress\/ -->\n<title>Genouill\u00e8res de patinage BONT Adultes - Xact Skate Shop<\/title>\n<meta name=\"description\" content=\"Cette genouill\u00e8re r\u00e9sistante convient \u00e0 tous les types de patinage et de sports d&#039;action en plein air. Achetez la v\u00f4tre ici !\" \/>\n<meta name=\"robots\" content=\"index, follow, max-snippet:-1, max-image-preview:large, max-video-preview:-1\" \/>\n<link rel=\"canonical\" href=\"https:\/\/xactskateshop.com\/fr\/produit\/genouilleres-de-patinage-bont-adultes\/\" \/>\n<meta property=\"og:locale\" content=\"fr_FR\" \/>\n<meta property=\"og:type\" content=\"article\" \/>\n<meta property=\"og:title\" content=\"Genouill\u00e8res de patinage BONT Adultes - Xact Skate Shop\" \/>\n<meta property=\"og:description\" content=\"Cette genouill\u00e8re r\u00e9sistante convient \u00e0 tous les types de patinage et de sports d&#039;action en plein air. Achetez la v\u00f4tre ici !\" \/>\n<meta property=\"og:url\" content=\"https:\/\/xactskateshop.com\/fr\/produit\/genouilleres-de-patinage-bont-adultes\/\" \/>\n<meta property=\"og:site_name\" content=\"Xact Skate Shop\" \/>\n<meta property=\"article:publisher\" content=\"https:\/\/www.facebook.com\/JeanLouiskateshop\" \/>\n<meta property=\"og:image\" content=\"https:\/\/xactskateshop.com\/wp-content\/uploads\/2022\/04\/Adult-knees-Pad_4.jpg\" \/>\n\t<meta property=\"og:image:width\" content=\"1000\" \/>\n\t<meta property=\"og:image:height\" content=\"1000\" \/>\n\t<meta property=\"og:image:type\" content=\"image\/jpeg\" \/>\n<meta name=\"twitter:card\" content=\"summary_large_image\" \/>\n<meta name=\"twitter:label1\" content=\"Dur\u00e9e de lecture estim\u00e9e\" \/>\n\t<meta name=\"twitter:data1\" content=\"2 minutes\" \/>\n<script type=\"application\/ld+json\" class=\"yoast-schema-graph\">{\"@context\":\"https:\\\/\\\/schema.org\",\"@graph\":[{\"@type\":\"WebPage\",\"@id\":\"https:\\\/\\\/xactskateshop.com\\\/fr\\\/produit\\\/genouilleres-de-patinage-bont-adultes\\\/\",\"url\":\"https:\\\/\\\/xactskateshop.com\\\/fr\\\/produit\\\/genouilleres-de-patinage-bont-adultes\\\/\",\"name\":\"Genouill\u00e8res de patinage BONT Adultes - Xact Skate Shop\",\"isPartOf\":{\"@id\":\"http:\\\/\\\/xactskateshop.com\\\/fr\\\/#website\"},\"primaryImageOfPage\":{\"@id\":\"https:\\\/\\\/xactskateshop.com\\\/fr\\\/produit\\\/genouilleres-de-patinage-bont-adultes\\\/#primaryimage\"},\"image\":{\"@id\":\"https:\\\/\\\/xactskateshop.com\\\/fr\\\/produit\\\/genouilleres-de-patinage-bont-adultes\\\/#primaryimage\"},\"thumbnailUrl\":\"https:\\\/\\\/xactskateshop.com\\\/wp-content\\\/uploads\\\/2022\\\/04\\\/Adult-knees-Pad_4.jpg\",\"datePublished\":\"2022-04-21T22:11:28+00:00\",\"description\":\"Cette genouill\u00e8re r\u00e9sistante convient \u00e0 tous les types de patinage et de sports d'action en plein air. Achetez la v\u00f4tre ici !\",\"breadcrumb\":{\"@id\":\"https:\\\/\\\/xactskateshop.com\\\/fr\\\/produit\\\/genouilleres-de-patinage-bont-adultes\\\/#breadcrumb\"},\"inLanguage\":\"fr-FR\",\"potentialAction\":[{\"@type\":\"ReadAction\",\"target\":[\"https:\\\/\\\/xactskateshop.com\\\/fr\\\/produit\\\/genouilleres-de-patinage-bont-adultes\\\/\"]}]},{\"@type\":\"ImageObject\",\"inLanguage\":\"fr-FR\",\"@id\":\"https:\\\/\\\/xactskateshop.com\\\/fr\\\/produit\\\/genouilleres-de-patinage-bont-adultes\\\/#primaryimage\",\"url\":\"https:\\\/\\\/xactskateshop.com\\\/wp-content\\\/uploads\\\/2022\\\/04\\\/Adult-knees-Pad_4.jpg\",\"contentUrl\":\"https:\\\/\\\/xactskateshop.com\\\/wp-content\\\/uploads\\\/2022\\\/04\\\/Adult-knees-Pad_4.jpg\",\"width\":1000,\"height\":1000},{\"@type\":\"BreadcrumbList\",\"@id\":\"https:\\\/\\\/xactskateshop.com\\\/fr\\\/produit\\\/genouilleres-de-patinage-bont-adultes\\\/#breadcrumb\",\"itemListElement\":[{\"@type\":\"ListItem\",\"position\":1,\"name\":\"Home\",\"item\":\"https:\\\/\\\/xactskateshop.com\\\/fr\\\/accueil\\\/\"},{\"@type\":\"ListItem\",\"position\":2,\"name\":\"Boutique\",\"item\":\"https:\\\/\\\/xactskateshop.com\\\/shop\\\/\"},{\"@type\":\"ListItem\",\"position\":3,\"name\":\"Genouill\u00e8res de patinage BONT Adultes\"}]},{\"@type\":\"WebSite\",\"@id\":\"http:\\\/\\\/xactskateshop.com\\\/fr\\\/#website\",\"url\":\"http:\\\/\\\/xactskateshop.com\\\/fr\\\/\",\"name\":\"Xact Skate Shop\",\"description\":\"Un site utilisant WordPress\",\"publisher\":{\"@id\":\"http:\\\/\\\/xactskateshop.com\\\/fr\\\/#organization\"},\"potentialAction\":[{\"@type\":\"SearchAction\",\"target\":{\"@type\":\"EntryPoint\",\"urlTemplate\":\"http:\\\/\\\/xactskateshop.com\\\/fr\\\/?s={search_term_string}\"},\"query-input\":{\"@type\":\"PropertyValueSpecification\",\"valueRequired\":true,\"valueName\":\"search_term_string\"}}],\"inLanguage\":\"fr-FR\"},{\"@type\":\"Organization\",\"@id\":\"http:\\\/\\\/xactskateshop.com\\\/fr\\\/#organization\",\"name\":\"XACT Skate Shop\",\"url\":\"http:\\\/\\\/xactskateshop.com\\\/fr\\\/\",\"logo\":{\"@type\":\"ImageObject\",\"inLanguage\":\"fr-FR\",\"@id\":\"http:\\\/\\\/xactskateshop.com\\\/fr\\\/#\\\/schema\\\/logo\\\/image\\\/\",\"url\":\"http:\\\/\\\/xactskateshop.com\\\/wp-content\\\/uploads\\\/2024\\\/04\\\/xactskateshop-dot-com-avec-contour-noir-sans-fond-675x.jpg\",\"contentUrl\":\"http:\\\/\\\/xactskateshop.com\\\/wp-content\\\/uploads\\\/2024\\\/04\\\/xactskateshop-dot-com-avec-contour-noir-sans-fond-675x.jpg\",\"width\":675,\"height\":247,\"caption\":\"XACT Skate Shop\"},\"image\":{\"@id\":\"http:\\\/\\\/xactskateshop.com\\\/fr\\\/#\\\/schema\\\/logo\\\/image\\\/\"},\"sameAs\":[\"https:\\\/\\\/www.facebook.com\\\/JeanLouiskateshop\"]}]}<\/script>\n<!-- \/ Yoast SEO plugin. -->","yoast_head_json":{"title":"Genouill\u00e8res de patinage BONT Adultes - Xact Skate Shop","description":"Cette genouill\u00e8re r\u00e9sistante convient \u00e0 tous les types de patinage et de sports d'action en plein air. Achetez la v\u00f4tre ici !","robots":{"index":"index","follow":"follow","max-snippet":"max-snippet:-1","max-image-preview":"max-image-preview:large","max-video-preview":"max-video-preview:-1"},"canonical":"https:\/\/xactskateshop.com\/fr\/produit\/genouilleres-de-patinage-bont-adultes\/","og_locale":"fr_FR","og_type":"article","og_title":"Genouill\u00e8res de patinage BONT Adultes - Xact Skate Shop","og_description":"Cette genouill\u00e8re r\u00e9sistante convient \u00e0 tous les types de patinage et de sports d'action en plein air. Achetez la v\u00f4tre ici !","og_url":"https:\/\/xactskateshop.com\/fr\/produit\/genouilleres-de-patinage-bont-adultes\/","og_site_name":"Xact Skate Shop","article_publisher":"https:\/\/www.facebook.com\/JeanLouiskateshop","og_image":[{"width":1000,"height":1000,"url":"https:\/\/xactskateshop.com\/wp-content\/uploads\/2022\/04\/Adult-knees-Pad_4.jpg","type":"image\/jpeg"}],"twitter_card":"summary_large_image","twitter_misc":{"Dur\u00e9e de lecture estim\u00e9e":"2 minutes"},"schema":{"@context":"https:\/\/schema.org","@graph":[{"@type":"WebPage","@id":"https:\/\/xactskateshop.com\/fr\/produit\/genouilleres-de-patinage-bont-adultes\/","url":"https:\/\/xactskateshop.com\/fr\/produit\/genouilleres-de-patinage-bont-adultes\/","name":"Genouill\u00e8res de patinage BONT Adultes - Xact Skate Shop","isPartOf":{"@id":"http:\/\/xactskateshop.com\/fr\/#website"},"primaryImageOfPage":{"@id":"https:\/\/xactskateshop.com\/fr\/produit\/genouilleres-de-patinage-bont-adultes\/#primaryimage"},"image":{"@id":"https:\/\/xactskateshop.com\/fr\/produit\/genouilleres-de-patinage-bont-adultes\/#primaryimage"},"thumbnailUrl":"https:\/\/xactskateshop.com\/wp-content\/uploads\/2022\/04\/Adult-knees-Pad_4.jpg","datePublished":"2022-04-21T22:11:28+00:00","description":"Cette genouill\u00e8re r\u00e9sistante convient \u00e0 tous les types de patinage et de sports d'action en plein air. Achetez la v\u00f4tre ici !","breadcrumb":{"@id":"https:\/\/xactskateshop.com\/fr\/produit\/genouilleres-de-patinage-bont-adultes\/#breadcrumb"},"inLanguage":"fr-FR","potentialAction":[{"@type":"ReadAction","target":["https:\/\/xactskateshop.com\/fr\/produit\/genouilleres-de-patinage-bont-adultes\/"]}]},{"@type":"ImageObject","inLanguage":"fr-FR","@id":"https:\/\/xactskateshop.com\/fr\/produit\/genouilleres-de-patinage-bont-adultes\/#primaryimage","url":"https:\/\/xactskateshop.com\/wp-content\/uploads\/2022\/04\/Adult-knees-Pad_4.jpg","contentUrl":"https:\/\/xactskateshop.com\/wp-content\/uploads\/2022\/04\/Adult-knees-Pad_4.jpg","width":1000,"height":1000},{"@type":"BreadcrumbList","@id":"https:\/\/xactskateshop.com\/fr\/produit\/genouilleres-de-patinage-bont-adultes\/#breadcrumb","itemListElement":[{"@type":"ListItem","position":1,"name":"Home","item":"https:\/\/xactskateshop.com\/fr\/accueil\/"},{"@type":"ListItem","position":2,"name":"Boutique","item":"https:\/\/xactskateshop.com\/shop\/"},{"@type":"ListItem","position":3,"name":"Genouill\u00e8res de patinage BONT Adultes"}]},{"@type":"WebSite","@id":"http:\/\/xactskateshop.com\/fr\/#website","url":"http:\/\/xactskateshop.com\/fr\/","name":"Xact Skate Shop","description":"Un site utilisant WordPress","publisher":{"@id":"http:\/\/xactskateshop.com\/fr\/#organization"},"potentialAction":[{"@type":"SearchAction","target":{"@type":"EntryPoint","urlTemplate":"http:\/\/xactskateshop.com\/fr\/?s={search_term_string}"},"query-input":{"@type":"PropertyValueSpecification","valueRequired":true,"valueName":"search_term_string"}}],"inLanguage":"fr-FR"},{"@type":"Organization","@id":"http:\/\/xactskateshop.com\/fr\/#organization","name":"XACT Skate Shop","url":"http:\/\/xactskateshop.com\/fr\/","logo":{"@type":"ImageObject","inLanguage":"fr-FR","@id":"http:\/\/xactskateshop.com\/fr\/#\/schema\/logo\/image\/","url":"http:\/\/xactskateshop.com\/wp-content\/uploads\/2024\/04\/xactskateshop-dot-com-avec-contour-noir-sans-fond-675x.jpg","contentUrl":"http:\/\/xactskateshop.com\/wp-content\/uploads\/2024\/04\/xactskateshop-dot-com-avec-contour-noir-sans-fond-675x.jpg","width":675,"height":247,"caption":"XACT Skate Shop"},"image":{"@id":"http:\/\/xactskateshop.com\/fr\/#\/schema\/logo\/image\/"},"sameAs":["https:\/\/www.facebook.com\/JeanLouiskateshop"]}]}},"_links":{"self":[{"href":"https:\/\/xactskateshop.com\/fr\/wp-json\/wp\/v2\/product\/57448","targetHints":{"allow":["GET"]}}],"collection":[{"href":"https:\/\/xactskateshop.com\/fr\/wp-json\/wp\/v2\/product"}],"about":[{"href":"https:\/\/xactskateshop.com\/fr\/wp-json\/wp\/v2\/types\/product"}],"replies":[{"embeddable":true,"href":"https:\/\/xactskateshop.com\/fr\/wp-json\/wp\/v2\/comments?post=57448"}],"wp:featuredmedia":[{"embeddable":true,"href":"https:\/\/xactskateshop.com\/fr\/wp-json\/wp\/v2\/media\/29632"}],"wp:attachment":[{"href":"https:\/\/xactskateshop.com\/fr\/wp-json\/wp\/v2\/media?parent=57448"}],"wp:term":[{"taxonomy":"product_brand","embeddable":true,"href":"https:\/\/xactskateshop.com\/fr\/wp-json\/wp\/v2\/product_brand?post=57448"},{"taxonomy":"product_cat","embeddable":true,"href":"https:\/\/xactskateshop.com\/fr\/wp-json\/wp\/v2\/product_cat?post=57448"},{"taxonomy":"product_tag","embeddable":true,"href":"https:\/\/xactskateshop.com\/fr\/wp-json\/wp\/v2\/product_tag?post=57448"}],"curies":[{"name":"wp","href":"https:\/\/api.w.org\/{rel}","templated":true}]}}